{"id":6662,"date":"2021-11-29T20:22:32","date_gmt":"2021-11-29T19:22:32","guid":{"rendered":"https:\/\/bestymarketshop.com\/?post_type=product&#038;p=6662"},"modified":"2021-11-29T20:22:48","modified_gmt":"2021-11-29T19:22:48","slug":"drone-2-0-elite-edition-jungle","status":"publish","type":"product","link":"https:\/\/novakmarket.com\/es\/producto\/drone-2-0-elite-edition-jungle\/","title":{"rendered":"DRONE 2.0 Elite Edition JUNGLE"},"content":{"rendered":"<p>&nbsp;<\/p>\n<p><img loading=\"lazy\" decoding=\"async\" class=\"alignnone size-medium wp-image-8747\" src=\"https:\/\/e-marketshopping.com\/wp-content\/uploads\/2020\/07\/D5-300x300.jpg\" alt=\"\" width=\"300\" height=\"300\" \/><\/p>\n<p>&nbsp;<\/p>\n<p>&nbsp;<\/p>\n<ul>\n<li>Autonomie : 18 min<\/li>\n<li>Port\u00e9e du drone : 50 m<\/li>\n<li>Cam\u00e9ra int\u00e9gr\u00e9e : Oui<\/li>\n<li>R\u00e9solution de la cam\u00e9ra : Cam\u00e9ra HD 720p 30fps<\/li>\n<li>Wi-Fi : Oui<\/li>\n<\/ul>\n<div class=\"jsFpBulletPointMore\">\n<ul>\n<li>Accessoires inclus : 1 Car\u00e8ne ext\u00e9rieure, 1 Car\u00e8ne int\u00e9rieure, 1 Chargeur de batterie, 1 Batteries 1500 mAh<\/li>\n<\/ul>\n<\/div>","protected":false},"excerpt":{"rendered":"<table class=\"fpDescTb fpDescTbPub\">\n<tbody>\n<tr>\n<td>Nom du produit<\/td>\n<td>PARROT AR.DRONE 2.0 Elite Edition JUNGLE connect\u00e9<\/td>\n<\/tr>\n<tr>\n<td>Cat\u00e9gorie<\/td>\n<td>DRONE<\/td>\n<\/tr>\n<tr>\n<th colspan=\"2\">Informations g\u00e9n\u00e9rales<\/th>\n<\/tr>\n<tr>\n<td>Type de produit<\/td>\n<td>Drone<br \/>\nLoisir<\/td>\n<\/tr>\n<tr>\n<td>Mod\u00e8le<\/td>\n<td>Parrot AR.Drone 2.0 Elite Edition JUNGLE<\/td>\n<\/tr>\n<tr>\n<td>Utilisation<\/td>\n<td>Ext\u00e9rieur<\/td>\n<\/tr>\n<tr>\n<td>Couleur(s)<\/td>\n<td>Vert<\/td>\n<\/tr>\n<tr>\n<td>Genre<\/td>\n<td>Mixte<\/td>\n<\/tr>\n<tr>\n<td>Age (A partir de)<\/td>\n<td>12 ans<\/td>\n<\/tr>\n<tr>\n<td>Pays d&#8217;origine<\/td>\n<td>Chine<\/td>\n<\/tr>\n<tr>\n<th colspan=\"2\">Dimensions<\/th>\n<\/tr>\n<tr>\n<td>Hauteur<\/td>\n<td>11 cm<\/td>\n<\/tr>\n<tr>\n<td>Longueur<\/td>\n<td>52 cm<\/td>\n<\/tr>\n<tr>\n<td>Largeur<\/td>\n<td>52 cm<\/td>\n<\/tr>\n<tr>\n<td>Poids<\/td>\n<td>380 g<\/td>\n<\/tr>\n<tr>\n<th colspan=\"2\">Caract\u00e9ristiques techniques<\/th>\n<\/tr>\n<tr>\n<td>Description du produit<\/td>\n<td>Parrot AR.Drone 2.0 Elite Edition JUNGLE &#8211; Filmez en HD, partagez et impressionnez tous vos amis !<br \/>\nAvec son centre d\u2019inertie prot\u00e9g\u00e9 des vibrations du moteur, ses car\u00e8nes en polypropyl\u00e8ne expans\u00e9 (EP<br \/>\nP),<br \/>\nle nano-rev\u00eatement hydrophobe des capteurs \u00e0 ultrasons ou bien ses tubes en fibre de carbone, c\u2019est<br \/>\ntoute<br \/>\nla structure du Parrot AR.Drone 2.0 Elite Edition qui a \u00e9t\u00e9 con\u00e7ue pour r\u00e9sister aux figures les plu<br \/>\ns acrobatiques.<br \/>\nEnti\u00e8rement r\u00e9parable, toutes les pi\u00e8ces sont disponibles pour le remettre \u00e0 neuf. \u00c0 vos d\u00e9fis, pr\u00eat<br \/>\n, partez\u2026<br \/>\nLors de chaque vol, vous verrez sur votre smartphone ou tablette une vid\u00e9o HD en streaming qui vous<br \/>\ndonnera<br \/>\nl\u2019impression d\u2019\u00eatre \u00e0 la place du pilote. Avec AR. Drone 2.0 Power Edition, vous pouvez faire des ph<br \/>\notos et<br \/>\nenregistrer des vid\u00e9os et partager vos exploits directement sur Youtube et les r\u00e9seaux sociaux gr\u00e2ce<br \/>\n\u00e0 l\u2019application<br \/>\ngratuite d\u00e9di\u00e9e. Le pilotage automatique du Parrot AR.Drone 2.0 Elite Edition facilite son d\u00e9collage<br \/>\net son atterrissage.<br \/>\nM\u00eame si vous \u00eates d\u00e9butant, vous le dirigez comme un professionnel. Dot\u00e9 d&#8217;un mode exclusif et breve<br \/>\nt\u00e9 de contr\u00f4le<br \/>\nabsolu s&#8217;adaptant \u00e0 votre expertise, Parrot AR.DRONE 2.0 Elite Edition vous inspire les looping les<br \/>\nplus audacieux.<br \/>\nGr\u00e2ce \u00e0 un simple bouton, vous voil\u00e0 \u00e0 faire des flips.<\/td>\n<\/tr>\n<tr>\n<td>Autonomie<\/td>\n<td>18 min<\/td>\n<\/tr>\n<tr>\n<td>Alimentation<\/td>\n<td>Batterie rechargeable LiPo 1500 mAh<\/td>\n<\/tr>\n<tr>\n<td>Temps de charge<\/td>\n<td>1h30<\/td>\n<\/tr>\n<tr>\n<td>Altitude maximale<\/td>\n<td>50 m<\/td>\n<\/tr>\n<tr>\n<td>Port\u00e9e du drone<\/td>\n<td>50 m<\/td>\n<\/tr>\n<tr>\n<td>Syst\u00e8me de pilotage<\/td>\n<td>Smartphone<\/td>\n<\/tr>\n<tr>\n<td>Vitesse max<\/td>\n<td>18 km\/h<\/td>\n<\/tr>\n<tr>\n<td>Wi-Fi<\/td>\n<td>Oui<\/td>\n<\/tr>\n<tr>\n<td>Port\u00e9e du Wifi<\/td>\n<td>Wi-Fi 802.11 b\/g\/n<\/td>\n<\/tr>\n<tr>\n<td>Bluetooth<\/td>\n<td>Non<\/td>\n<\/tr>\n<tr>\n<td>Indicateur led<\/td>\n<td>Non<\/td>\n<\/tr>\n<tr>\n<td>Contr\u00f4le par GPS<\/td>\n<td>En option<\/td>\n<\/tr>\n<tr>\n<td>Produit \u00e0 monter soi-m\u00eame<\/td>\n<td>Non<\/td>\n<\/tr>\n<tr>\n<td>Moteur<\/td>\n<td>4 moteurs sans balais de type \u00ab inrunner \u00bb 14,5 Watt<\/td>\n<\/tr>\n<tr>\n<td>Contr\u00f4le par commande vocale<\/td>\n<td>Non<\/td>\n<\/tr>\n<tr>\n<td>Vid\u00e9o en temps r\u00e9el<\/td>\n<td>Oui<\/td>\n<\/tr>\n<tr>\n<th colspan=\"2\">Photo\/Vid\u00e9o<\/th>\n<\/tr>\n<tr>\n<td>Cam\u00e9ra int\u00e9gr\u00e9e<\/td>\n<td>Oui<\/td>\n<\/tr>\n<tr>\n<td>R\u00e9solution de la cam\u00e9ra<\/td>\n<td>Cam\u00e9ra HD 720p 30fps<\/td>\n<\/tr>\n<tr>\n<td>Mode photo<\/td>\n<td>Oui<\/td>\n<\/tr>\n<tr>\n<td>R\u00e9solution photo<\/td>\n<td>JPEG<\/td>\n<\/tr>\n<tr>\n<td>Compatibilit\u00e9 carte m\u00e9moire<\/td>\n<td>Port USB Hi Speed<\/td>\n<\/tr>\n<\/tbody>\n<\/table>","protected":false},"featured_media":6692,"comment_status":"open","ping_status":"closed","template":"","meta":{"_acf_changed":false},"product_brand":[],"product_cat":[300],"product_tag":[],"class_list":{"0":"post-6662","1":"product","2":"type-product","3":"status-publish","4":"has-post-thumbnail","6":"product_cat-drones","8":"first","9":"instock","10":"shipping-taxable","11":"purchasable","12":"product-type-simple"},"acf":[],"yoast_head":"<!-- This site is optimized with the Yoast SEO plugin v27.2 - https:\/\/yoast.com\/product\/yoast-seo-wordpress\/ -->\n<title>DRONE 2.0 Elite Edition JUNGLE - Novak Market<\/title>\n<meta name=\"robots\" content=\"index, follow, max-snippet:-1, max-image-preview:large, max-video-preview:-1\" \/>\n<link rel=\"canonical\" href=\"https:\/\/novakmarket.com\/es\/producto\/drone-2-0-elite-edition-jungle\/\" \/>\n<meta property=\"og:locale\" content=\"es_ES\" \/>\n<meta property=\"og:type\" content=\"article\" \/>\n<meta property=\"og:title\" content=\"DRONE 2.0 Elite Edition JUNGLE - Novak Market\" \/>\n<meta property=\"og:description\" content=\"Nom du produit PARROT AR.DRONE 2.0 Elite Edition JUNGLE connect\u00e9  Cat\u00e9gorie DRONE  Informations g\u00e9n\u00e9rales  Type de produit Drone Loisir  Mod\u00e8le Parrot AR.Drone 2.0 Elite Edition JUNGLE  Utilisation Ext\u00e9rieur  Couleur(s) Vert  Genre Mixte  Age (A partir de) 12 ans  Pays d&#039;origine Chine  Dimensions  Hauteur 11 cm  Longueur 52 cm  Largeur 52 cm  Poids 380 g  Caract\u00e9ristiques techniques  Description du produit Parrot AR.Drone 2.0 Elite Edition JUNGLE - Filmez en HD, partagez et impressionnez tous vos amis ! Avec son centre d\u2019inertie prot\u00e9g\u00e9 des vibrations du moteur, ses car\u00e8nes en polypropyl\u00e8ne expans\u00e9 (EP P), le nano-rev\u00eatement hydrophobe des capteurs \u00e0 ultrasons ou bien ses tubes en fibre de carbone, c\u2019est toute la structure du Parrot AR.Drone 2.0 Elite Edition qui a \u00e9t\u00e9 con\u00e7ue pour r\u00e9sister aux figures les plu s acrobatiques. Enti\u00e8rement r\u00e9parable, toutes les pi\u00e8ces sont disponibles pour le remettre \u00e0 neuf. \u00c0 vos d\u00e9fis, pr\u00eat , partez\u2026 Lors de chaque vol, vous verrez sur votre smartphone ou tablette une vid\u00e9o HD en streaming qui vous donnera l\u2019impression d\u2019\u00eatre \u00e0 la place du pilote. Avec AR. Drone 2.0 Power Edition, vous pouvez faire des ph otos et enregistrer des vid\u00e9os et partager vos exploits directement sur Youtube et les r\u00e9seaux sociaux gr\u00e2ce \u00e0 l\u2019application gratuite d\u00e9di\u00e9e. Le pilotage automatique du Parrot AR.Drone 2.0 Elite Edition facilite son d\u00e9collage et son atterrissage. M\u00eame si vous \u00eates d\u00e9butant, vous le dirigez comme un professionnel. Dot\u00e9 d&#039;un mode exclusif et breve t\u00e9 de contr\u00f4le absolu s&#039;adaptant \u00e0 votre expertise, Parrot AR.DRONE 2.0 Elite Edition vous inspire les looping les plus audacieux. Gr\u00e2ce \u00e0 un simple bouton, vous voil\u00e0 \u00e0 faire des flips.  Autonomie 18 min  Alimentation Batterie rechargeable LiPo 1500 mAh  Temps de charge 1h30  Altitude maximale 50 m  Port\u00e9e du drone 50 m  Syst\u00e8me de pilotage Smartphone  Vitesse max 18 km\/h  Wi-Fi Oui  Port\u00e9e du Wifi Wi-Fi 802.11 b\/g\/n  Bluetooth Non  Indicateur led Non  Contr\u00f4le par GPS En option  Produit \u00e0 monter soi-m\u00eame Non  Moteur 4 moteurs sans balais de type \u00ab inrunner \u00bb 14,5 Watt  Contr\u00f4le par commande vocale Non  Vid\u00e9o en temps r\u00e9el Oui  Photo\/Vid\u00e9o  Cam\u00e9ra int\u00e9gr\u00e9e Oui  R\u00e9solution de la cam\u00e9ra Cam\u00e9ra HD 720p 30fps  Mode photo Oui  R\u00e9solution photo JPEG  Compatibilit\u00e9 carte m\u00e9moire Port USB Hi Speed\" \/>\n<meta property=\"og:url\" content=\"https:\/\/novakmarket.com\/es\/producto\/drone-2-0-elite-edition-jungle\/\" \/>\n<meta property=\"og:site_name\" content=\"Novak Market\" \/>\n<meta property=\"article:modified_time\" content=\"2021-11-29T19:22:48+00:00\" \/>\n<meta property=\"og:image\" content=\"https:\/\/novakmarket.com\/wp-content\/uploads\/2021\/11\/D5-1.jpg\" \/>\n\t<meta property=\"og:image:width\" content=\"700\" \/>\n\t<meta property=\"og:image:height\" content=\"700\" \/>\n\t<meta property=\"og:image:type\" content=\"image\/jpeg\" \/>\n<meta name=\"twitter:card\" content=\"summary_large_image\" \/>\n<script type=\"application\/ld+json\" class=\"yoast-schema-graph\">{\"@context\":\"https:\/\/schema.org\",\"@graph\":[{\"@type\":\"WebPage\",\"@id\":\"https:\/\/novakmarket.com\/produit\/drone-2-0-elite-edition-jungle\/\",\"url\":\"https:\/\/novakmarket.com\/produit\/drone-2-0-elite-edition-jungle\/\",\"name\":\"DRONE 2.0 Elite Edition JUNGLE - Novak Market\",\"isPartOf\":{\"@id\":\"https:\/\/novakmarket.com\/#website\"},\"primaryImageOfPage\":{\"@id\":\"https:\/\/novakmarket.com\/produit\/drone-2-0-elite-edition-jungle\/#primaryimage\"},\"image\":{\"@id\":\"https:\/\/novakmarket.com\/produit\/drone-2-0-elite-edition-jungle\/#primaryimage\"},\"thumbnailUrl\":\"https:\/\/novakmarket.com\/wp-content\/uploads\/2021\/11\/D5-1.jpg\",\"datePublished\":\"2021-11-29T19:22:32+00:00\",\"dateModified\":\"2021-11-29T19:22:48+00:00\",\"breadcrumb\":{\"@id\":\"https:\/\/novakmarket.com\/produit\/drone-2-0-elite-edition-jungle\/#breadcrumb\"},\"inLanguage\":\"es\",\"potentialAction\":[{\"@type\":\"ReadAction\",\"target\":[\"https:\/\/novakmarket.com\/produit\/drone-2-0-elite-edition-jungle\/\"]}]},{\"@type\":\"ImageObject\",\"inLanguage\":\"es\",\"@id\":\"https:\/\/novakmarket.com\/produit\/drone-2-0-elite-edition-jungle\/#primaryimage\",\"url\":\"https:\/\/novakmarket.com\/wp-content\/uploads\/2021\/11\/D5-1.jpg\",\"contentUrl\":\"https:\/\/novakmarket.com\/wp-content\/uploads\/2021\/11\/D5-1.jpg\",\"width\":700,\"height\":700},{\"@type\":\"BreadcrumbList\",\"@id\":\"https:\/\/novakmarket.com\/produit\/drone-2-0-elite-edition-jungle\/#breadcrumb\",\"itemListElement\":[{\"@type\":\"ListItem\",\"position\":1,\"name\":\"Accueil\",\"item\":\"https:\/\/novakmarket.com\/\"},{\"@type\":\"ListItem\",\"position\":2,\"name\":\"Boutique\",\"item\":\"https:\/\/novakmarket.com\/shop\/\"},{\"@type\":\"ListItem\",\"position\":3,\"name\":\"DRONE 2.0 Elite Edition JUNGLE\"}]},{\"@type\":\"WebSite\",\"@id\":\"https:\/\/novakmarket.com\/#website\",\"url\":\"https:\/\/novakmarket.com\/\",\"name\":\"Novak Market\",\"description\":\"Vente de produits \u00e9lectroniques.\",\"publisher\":{\"@id\":\"https:\/\/novakmarket.com\/#organization\"},\"potentialAction\":[{\"@type\":\"SearchAction\",\"target\":{\"@type\":\"EntryPoint\",\"urlTemplate\":\"https:\/\/novakmarket.com\/?s={search_term_string}\"},\"query-input\":{\"@type\":\"PropertyValueSpecification\",\"valueRequired\":true,\"valueName\":\"search_term_string\"}}],\"inLanguage\":\"es\"},{\"@type\":\"Organization\",\"@id\":\"https:\/\/novakmarket.com\/#organization\",\"name\":\"Novak Market\",\"url\":\"https:\/\/novakmarket.com\/\",\"logo\":{\"@type\":\"ImageObject\",\"inLanguage\":\"es\",\"@id\":\"https:\/\/novakmarket.com\/#\/schema\/logo\/image\/\",\"url\":\"https:\/\/novakmarket.com\/wp-content\/uploads\/2026\/02\/cropped-footer-pc-removebg-preview.png\",\"contentUrl\":\"https:\/\/novakmarket.com\/wp-content\/uploads\/2026\/02\/cropped-footer-pc-removebg-preview.png\",\"width\":202,\"height\":73,\"caption\":\"Novak Market\"},\"image\":{\"@id\":\"https:\/\/novakmarket.com\/#\/schema\/logo\/image\/\"}}]}<\/script>\n<!-- \/ Yoast SEO plugin. -->","yoast_head_json":{"title":"DRONE 2.0 Elite Edition JUNGLE - Novak Market","robots":{"index":"index","follow":"follow","max-snippet":"max-snippet:-1","max-image-preview":"max-image-preview:large","max-video-preview":"max-video-preview:-1"},"canonical":"https:\/\/novakmarket.com\/es\/producto\/drone-2-0-elite-edition-jungle\/","og_locale":"es_ES","og_type":"article","og_title":"DRONE 2.0 Elite Edition JUNGLE - Novak Market","og_description":"Nom du produit PARROT AR.DRONE 2.0 Elite Edition JUNGLE connect\u00e9  Cat\u00e9gorie DRONE  Informations g\u00e9n\u00e9rales  Type de produit Drone Loisir  Mod\u00e8le Parrot AR.Drone 2.0 Elite Edition JUNGLE  Utilisation Ext\u00e9rieur  Couleur(s) Vert  Genre Mixte  Age (A partir de) 12 ans  Pays d'origine Chine  Dimensions  Hauteur 11 cm  Longueur 52 cm  Largeur 52 cm  Poids 380 g  Caract\u00e9ristiques techniques  Description du produit Parrot AR.Drone 2.0 Elite Edition JUNGLE - Filmez en HD, partagez et impressionnez tous vos amis ! Avec son centre d\u2019inertie prot\u00e9g\u00e9 des vibrations du moteur, ses car\u00e8nes en polypropyl\u00e8ne expans\u00e9 (EP P), le nano-rev\u00eatement hydrophobe des capteurs \u00e0 ultrasons ou bien ses tubes en fibre de carbone, c\u2019est toute la structure du Parrot AR.Drone 2.0 Elite Edition qui a \u00e9t\u00e9 con\u00e7ue pour r\u00e9sister aux figures les plu s acrobatiques. Enti\u00e8rement r\u00e9parable, toutes les pi\u00e8ces sont disponibles pour le remettre \u00e0 neuf. \u00c0 vos d\u00e9fis, pr\u00eat , partez\u2026 Lors de chaque vol, vous verrez sur votre smartphone ou tablette une vid\u00e9o HD en streaming qui vous donnera l\u2019impression d\u2019\u00eatre \u00e0 la place du pilote. Avec AR. Drone 2.0 Power Edition, vous pouvez faire des ph otos et enregistrer des vid\u00e9os et partager vos exploits directement sur Youtube et les r\u00e9seaux sociaux gr\u00e2ce \u00e0 l\u2019application gratuite d\u00e9di\u00e9e. Le pilotage automatique du Parrot AR.Drone 2.0 Elite Edition facilite son d\u00e9collage et son atterrissage. M\u00eame si vous \u00eates d\u00e9butant, vous le dirigez comme un professionnel. Dot\u00e9 d'un mode exclusif et breve t\u00e9 de contr\u00f4le absolu s'adaptant \u00e0 votre expertise, Parrot AR.DRONE 2.0 Elite Edition vous inspire les looping les plus audacieux. Gr\u00e2ce \u00e0 un simple bouton, vous voil\u00e0 \u00e0 faire des flips.  Autonomie 18 min  Alimentation Batterie rechargeable LiPo 1500 mAh  Temps de charge 1h30  Altitude maximale 50 m  Port\u00e9e du drone 50 m  Syst\u00e8me de pilotage Smartphone  Vitesse max 18 km\/h  Wi-Fi Oui  Port\u00e9e du Wifi Wi-Fi 802.11 b\/g\/n  Bluetooth Non  Indicateur led Non  Contr\u00f4le par GPS En option  Produit \u00e0 monter soi-m\u00eame Non  Moteur 4 moteurs sans balais de type \u00ab inrunner \u00bb 14,5 Watt  Contr\u00f4le par commande vocale Non  Vid\u00e9o en temps r\u00e9el Oui  Photo\/Vid\u00e9o  Cam\u00e9ra int\u00e9gr\u00e9e Oui  R\u00e9solution de la cam\u00e9ra Cam\u00e9ra HD 720p 30fps  Mode photo Oui  R\u00e9solution photo JPEG  Compatibilit\u00e9 carte m\u00e9moire Port USB Hi Speed","og_url":"https:\/\/novakmarket.com\/es\/producto\/drone-2-0-elite-edition-jungle\/","og_site_name":"Novak Market","article_modified_time":"2021-11-29T19:22:48+00:00","og_image":[{"width":700,"height":700,"url":"https:\/\/novakmarket.com\/wp-content\/uploads\/2021\/11\/D5-1.jpg","type":"image\/jpeg"}],"twitter_card":"summary_large_image","schema":{"@context":"https:\/\/schema.org","@graph":[{"@type":"WebPage","@id":"https:\/\/novakmarket.com\/produit\/drone-2-0-elite-edition-jungle\/","url":"https:\/\/novakmarket.com\/produit\/drone-2-0-elite-edition-jungle\/","name":"DRONE 2.0 Elite Edition JUNGLE - Novak Market","isPartOf":{"@id":"https:\/\/novakmarket.com\/#website"},"primaryImageOfPage":{"@id":"https:\/\/novakmarket.com\/produit\/drone-2-0-elite-edition-jungle\/#primaryimage"},"image":{"@id":"https:\/\/novakmarket.com\/produit\/drone-2-0-elite-edition-jungle\/#primaryimage"},"thumbnailUrl":"https:\/\/novakmarket.com\/wp-content\/uploads\/2021\/11\/D5-1.jpg","datePublished":"2021-11-29T19:22:32+00:00","dateModified":"2021-11-29T19:22:48+00:00","breadcrumb":{"@id":"https:\/\/novakmarket.com\/produit\/drone-2-0-elite-edition-jungle\/#breadcrumb"},"inLanguage":"es","potentialAction":[{"@type":"ReadAction","target":["https:\/\/novakmarket.com\/produit\/drone-2-0-elite-edition-jungle\/"]}]},{"@type":"ImageObject","inLanguage":"es","@id":"https:\/\/novakmarket.com\/produit\/drone-2-0-elite-edition-jungle\/#primaryimage","url":"https:\/\/novakmarket.com\/wp-content\/uploads\/2021\/11\/D5-1.jpg","contentUrl":"https:\/\/novakmarket.com\/wp-content\/uploads\/2021\/11\/D5-1.jpg","width":700,"height":700},{"@type":"BreadcrumbList","@id":"https:\/\/novakmarket.com\/produit\/drone-2-0-elite-edition-jungle\/#breadcrumb","itemListElement":[{"@type":"ListItem","position":1,"name":"Accueil","item":"https:\/\/novakmarket.com\/"},{"@type":"ListItem","position":2,"name":"Boutique","item":"https:\/\/novakmarket.com\/shop\/"},{"@type":"ListItem","position":3,"name":"DRONE 2.0 Elite Edition JUNGLE"}]},{"@type":"WebSite","@id":"https:\/\/novakmarket.com\/#website","url":"https:\/\/novakmarket.com\/","name":"Novak Market","description":"Vente de produits \u00e9lectroniques.","publisher":{"@id":"https:\/\/novakmarket.com\/#organization"},"potentialAction":[{"@type":"SearchAction","target":{"@type":"EntryPoint","urlTemplate":"https:\/\/novakmarket.com\/?s={search_term_string}"},"query-input":{"@type":"PropertyValueSpecification","valueRequired":true,"valueName":"search_term_string"}}],"inLanguage":"es"},{"@type":"Organization","@id":"https:\/\/novakmarket.com\/#organization","name":"Novak Market","url":"https:\/\/novakmarket.com\/","logo":{"@type":"ImageObject","inLanguage":"es","@id":"https:\/\/novakmarket.com\/#\/schema\/logo\/image\/","url":"https:\/\/novakmarket.com\/wp-content\/uploads\/2026\/02\/cropped-footer-pc-removebg-preview.png","contentUrl":"https:\/\/novakmarket.com\/wp-content\/uploads\/2026\/02\/cropped-footer-pc-removebg-preview.png","width":202,"height":73,"caption":"Novak Market"},"image":{"@id":"https:\/\/novakmarket.com\/#\/schema\/logo\/image\/"}}]}},"_links":{"self":[{"href":"https:\/\/novakmarket.com\/es\/wp-json\/wp\/v2\/product\/6662","targetHints":{"allow":["GET"]}}],"collection":[{"href":"https:\/\/novakmarket.com\/es\/wp-json\/wp\/v2\/product"}],"about":[{"href":"https:\/\/novakmarket.com\/es\/wp-json\/wp\/v2\/types\/product"}],"replies":[{"embeddable":true,"href":"https:\/\/novakmarket.com\/es\/wp-json\/wp\/v2\/comments?post=6662"}],"wp:featuredmedia":[{"embeddable":true,"href":"https:\/\/novakmarket.com\/es\/wp-json\/wp\/v2\/media\/6692"}],"wp:attachment":[{"href":"https:\/\/novakmarket.com\/es\/wp-json\/wp\/v2\/media?parent=6662"}],"wp:term":[{"taxonomy":"product_brand","embeddable":true,"href":"https:\/\/novakmarket.com\/es\/wp-json\/wp\/v2\/product_brand?post=6662"},{"taxonomy":"product_cat","embeddable":true,"href":"https:\/\/novakmarket.com\/es\/wp-json\/wp\/v2\/product_cat?post=6662"},{"taxonomy":"product_tag","embeddable":true,"href":"https:\/\/novakmarket.com\/es\/wp-json\/wp\/v2\/product_tag?post=6662"}],"curies":[{"name":"wp","href":"https:\/\/api.w.org\/{rel}","templated":true}]}}