{"id":6727,"date":"2021-11-29T20:22:57","date_gmt":"2021-11-29T19:22:57","guid":{"rendered":"https:\/\/bestymarketshop.com\/?post_type=product&#038;p=6727"},"modified":"2021-11-29T20:23:21","modified_gmt":"2021-11-29T19:23:21","slug":"lg-49sm8200","status":"publish","type":"product","link":"https:\/\/novakmarket.com\/es\/producto\/lg-49sm8200\/","title":{"rendered":"LG 49SM8200"},"content":{"rendered":"<p>&nbsp;<\/p>\n<p><img loading=\"lazy\" decoding=\"async\" class=\"alignnone size-medium wp-image-8857\" src=\"https:\/\/e-marketshopping.com\/wp-content\/uploads\/2020\/07\/L16-300x300.jpg\" alt=\"\" width=\"300\" height=\"300\" \/><\/p>\n<p>&nbsp;<\/p>\n<p>&nbsp;<\/p>\n<ul>\n<li>R\u00e9tro\u00e9clairage par LED &#8211; assombrissement local<\/li>\n<li>Format d&#8217;affichage : Super UHD 4K (2160p)<\/li>\n<li>R\u00e9solution : 3840 x 2160<\/li>\n<li>Technologie HDR : Hybrid Log-Gamma (HLG), HDR Effect, HDR 10 Pro, 4K Active HDR<\/li>\n<li>Tuner TV num\u00e9rique : DVB-C, DVB-S2, DVB-T2<\/li>\n<\/ul>\n<div class=\"jsFpBulletPointMore\">\n<ul>\n<li>Am\u00e9liorations d&#8217;image : 4K Upscaling, R\u00e9duction de bruit, True Color Accuracy, Billion Rich Colours, Nano Cell Color, Nano Color, Nano Accuracy, Advanced Color Enhancer, HDR Dynamic Tone Mapping<\/li>\n<li>Interface vid\u00e9o : Composant, composite, HDMI<\/li>\n<\/ul>\n<\/div>","protected":false},"excerpt":{"rendered":"<table class=\"fpDescTb fpDescTbPub\">\n<tbody>\n<tr>\n<td>Nom du produit<\/td>\n<td>LG 49SM8200<\/td>\n<\/tr>\n<tr>\n<td>Cat\u00e9gorie<\/td>\n<td>T\u00e9l\u00e9viseur LED<\/td>\n<\/tr>\n<tr>\n<th colspan=\"2\">G\u00e9n\u00e9ral<\/th>\n<\/tr>\n<tr>\n<td>Type de Produit<\/td>\n<td>TV LCD avec r\u00e9tro\u00e9clairage par LED &#8211; Smart TV<\/td>\n<\/tr>\n<tr>\n<td>Interface vid\u00e9o<\/td>\n<td>Composant, composite, HDMI<\/td>\n<\/tr>\n<tr>\n<td>Consommation \u00e9lectrique en mode marche<\/td>\n<td>89 Watt<\/td>\n<\/tr>\n<tr>\n<td>Dimensions<\/td>\n<td>Sans support<\/td>\n<\/tr>\n<tr>\n<td>Largeur<\/td>\n<td>109.6 cm<\/td>\n<\/tr>\n<tr>\n<td>Hauteur<\/td>\n<td>64 cm<\/td>\n<\/tr>\n<tr>\n<td>Profondeur<\/td>\n<td>6.36 cm<\/td>\n<\/tr>\n<tr>\n<td>Poids<\/td>\n<td>14 kg<\/td>\n<\/tr>\n<tr>\n<td>Consommation d&#8217;\u00e9nergie annuelle<\/td>\n<td>123 kWh<\/td>\n<\/tr>\n<tr>\n<td>Plate-forme<\/td>\n<td>webOS, LG ThinQ AI<\/td>\n<\/tr>\n<tr>\n<td>Classe de diagonale<\/td>\n<td>123 cm (49&#8243;)<\/td>\n<\/tr>\n<tr>\n<td>PVR prolong\u00e9<\/td>\n<td>Oui<\/td>\n<\/tr>\n<tr>\n<td>Modes<\/td>\n<td>Mode ISF, mode h\u00f4tel, Mode latence faible automatique (ALLM)<\/td>\n<\/tr>\n<tr>\n<td>Capteurs<\/td>\n<td>Capteur vert Illuminance<\/td>\n<\/tr>\n<tr>\n<td>Conception<\/td>\n<td>Nano Bezel Design<\/td>\n<\/tr>\n<tr>\n<td>Am\u00e9liorations d&#8217;image<\/td>\n<td>4K Upscaling, R\u00e9duction de bruit, True Color Accuracy, Billion Rich Colours, Nano Cell Color, Nano Color, Nano Accuracy, Advanced Color Enhancer, HDR Dynamic Tone Mapping<\/td>\n<\/tr>\n<tr>\n<td>Compatible HDR<\/td>\n<td>Oui<\/td>\n<\/tr>\n<tr>\n<td>Technologie HDR<\/td>\n<td>Hybrid Log-Gamma (HLG), HDR Effect, HDR 10 Pro, 4K Active HDR<\/td>\n<\/tr>\n<tr>\n<td>Classe \u00e9nerg\u00e9tique<\/td>\n<td>Classe A<\/td>\n<\/tr>\n<tr>\n<td>Pr\u00e9sence de syntonisateur TV<\/td>\n<td>Oui<\/td>\n<\/tr>\n<tr>\n<td>Nombre de ports HDMI<\/td>\n<td>4 ports<\/td>\n<\/tr>\n<tr>\n<td>Type de produit<\/td>\n<td>TV LCD avec r\u00e9tro\u00e9clairage par LED &#8211; Smart TV<\/td>\n<\/tr>\n<tr>\n<th colspan=\"2\">Affichage<\/th>\n<\/tr>\n<tr>\n<td>Technologie de r\u00e9tro\u00e9clairage LCD<\/td>\n<td>R\u00e9tro\u00e9clairage par LED &#8211; assombrissement local<\/td>\n<\/tr>\n<tr>\n<td>R\u00e9solution<\/td>\n<td>3840 x 2160<\/td>\n<\/tr>\n<tr>\n<td>Format d&#8217;affichage<\/td>\n<td>Super UHD 4K (2160p)<\/td>\n<\/tr>\n<tr>\n<td>Langue du menu d&#8217;affichage<\/td>\n<td>Multilingual<\/td>\n<\/tr>\n<tr>\n<td>Technologie d&#8217;affichage LCD<\/td>\n<td>IPS<\/td>\n<\/tr>\n<tr>\n<td>Fonctions suppl\u00e9mentaires<\/td>\n<td>Audio Description (AD), lecture et enregistrement simultan\u00e9s, processeur Quad-Core, Ultra Luminance, support 10 bits, fonction de r\u00e9alit\u00e9 virtuelle (360 VR), STT (Speech To Text), 2K High Frame Rate (HFR), Instant Game Response<\/td>\n<\/tr>\n<tr>\n<td>Format de l&#8217;image<\/td>\n<td>16:9<\/td>\n<\/tr>\n<tr>\n<td>Taux d&#8217;image et technologie d&#8217;am\u00e9lioration<\/td>\n<td>2300 Hz Picture Mastering Index<\/td>\n<\/tr>\n<tr>\n<th colspan=\"2\">Connexions<\/th>\n<\/tr>\n<tr>\n<td>Type de connecteur<\/td>\n<td>USB &#8211; arri\u00e8re<br \/>\nUSB &#8211; c\u00f4t\u00e9<br \/>\nEntr\u00e9e vid\u00e9o composite \/ vid\u00e9o composante \/ audio &#8211; arri\u00e8re<br \/>\n2 x HDMI &#8211; arri\u00e8re<br \/>\n2 x HDMI &#8211; c\u00f4t\u00e9<br \/>\nSortie audio num\u00e9rique (optique) &#8211; arri\u00e8re<br \/>\nR\u00e9seau &#8211; arri\u00e8re<\/td>\n<\/tr>\n<tr>\n<th colspan=\"2\">Tuner de t\u00e9l\u00e9vision<\/th>\n<\/tr>\n<tr>\n<td>Acc\u00e8s conditionnel<\/td>\n<td>Logement Common Interface Plus (CI+)<\/td>\n<\/tr>\n<tr>\n<th colspan=\"2\">Tuner TV num\u00e9rique<\/th>\n<\/tr>\n<tr>\n<td>Tuner TV num\u00e9rique<\/td>\n<td>DVB-C, DVB-S2, DVB-T2<\/td>\n<\/tr>\n<tr>\n<td>Tuner TVHD<\/td>\n<td>Oui<\/td>\n<\/tr>\n<\/tbody>\n<\/table>","protected":false},"featured_media":6784,"comment_status":"open","ping_status":"closed","template":"","meta":{"_acf_changed":false},"product_brand":[],"product_cat":[299,292],"product_tag":[],"class_list":{"0":"post-6727","1":"product","2":"type-product","3":"status-publish","4":"has-post-thumbnail","6":"product_cat-lg-tv","7":"product_cat-tvs","9":"first","10":"instock","11":"shipping-taxable","12":"purchasable","13":"product-type-simple"},"acf":[],"yoast_head":"<!-- This site is optimized with the Yoast SEO plugin v27.2 - https:\/\/yoast.com\/product\/yoast-seo-wordpress\/ -->\n<title>LG 49SM8200 - Novak Market<\/title>\n<meta name=\"robots\" content=\"index, follow, max-snippet:-1, max-image-preview:large, max-video-preview:-1\" \/>\n<link rel=\"canonical\" href=\"https:\/\/novakmarket.com\/es\/producto\/lg-49sm8200\/\" \/>\n<meta property=\"og:locale\" content=\"es_ES\" \/>\n<meta property=\"og:type\" content=\"article\" \/>\n<meta property=\"og:title\" content=\"LG 49SM8200 - Novak Market\" \/>\n<meta property=\"og:description\" content=\"Nom du produit LG 49SM8200  Cat\u00e9gorie T\u00e9l\u00e9viseur LED  G\u00e9n\u00e9ral  Type de Produit TV LCD avec r\u00e9tro\u00e9clairage par LED - Smart TV  Interface vid\u00e9o Composant, composite, HDMI  Consommation \u00e9lectrique en mode marche 89 Watt  Dimensions Sans support  Largeur 109.6 cm  Hauteur 64 cm  Profondeur 6.36 cm  Poids 14 kg  Consommation d&#039;\u00e9nergie annuelle 123 kWh  Plate-forme webOS, LG ThinQ AI  Classe de diagonale 123 cm (49&quot;)  PVR prolong\u00e9 Oui  Modes Mode ISF, mode h\u00f4tel, Mode latence faible automatique (ALLM)  Capteurs Capteur vert Illuminance  Conception Nano Bezel Design  Am\u00e9liorations d&#039;image 4K Upscaling, R\u00e9duction de bruit, True Color Accuracy, Billion Rich Colours, Nano Cell Color, Nano Color, Nano Accuracy, Advanced Color Enhancer, HDR Dynamic Tone Mapping  Compatible HDR Oui  Technologie HDR Hybrid Log-Gamma (HLG), HDR Effect, HDR 10 Pro, 4K Active HDR  Classe \u00e9nerg\u00e9tique Classe A  Pr\u00e9sence de syntonisateur TV Oui  Nombre de ports HDMI 4 ports  Type de produit TV LCD avec r\u00e9tro\u00e9clairage par LED - Smart TV  Affichage  Technologie de r\u00e9tro\u00e9clairage LCD R\u00e9tro\u00e9clairage par LED - assombrissement local  R\u00e9solution 3840 x 2160  Format d&#039;affichage Super UHD 4K (2160p)  Langue du menu d&#039;affichage Multilingual  Technologie d&#039;affichage LCD IPS  Fonctions suppl\u00e9mentaires Audio Description (AD), lecture et enregistrement simultan\u00e9s, processeur Quad-Core, Ultra Luminance, support 10 bits, fonction de r\u00e9alit\u00e9 virtuelle (360 VR), STT (Speech To Text), 2K High Frame Rate (HFR), Instant Game Response  Format de l&#039;image 16:9  Taux d&#039;image et technologie d&#039;am\u00e9lioration 2300 Hz Picture Mastering Index  Connexions  Type de connecteur USB - arri\u00e8re USB - c\u00f4t\u00e9 Entr\u00e9e vid\u00e9o composite \/ vid\u00e9o composante \/ audio - arri\u00e8re 2 x HDMI - arri\u00e8re 2 x HDMI - c\u00f4t\u00e9 Sortie audio num\u00e9rique (optique) - arri\u00e8re R\u00e9seau - arri\u00e8re  Tuner de t\u00e9l\u00e9vision  Acc\u00e8s conditionnel Logement Common Interface Plus (CI+)  Tuner TV num\u00e9rique  Tuner TV num\u00e9rique DVB-C, DVB-S2, DVB-T2  Tuner TVHD Oui\" \/>\n<meta property=\"og:url\" content=\"https:\/\/novakmarket.com\/es\/producto\/lg-49sm8200\/\" \/>\n<meta property=\"og:site_name\" content=\"Novak Market\" \/>\n<meta property=\"article:modified_time\" content=\"2021-11-29T19:23:21+00:00\" \/>\n<meta property=\"og:image\" content=\"https:\/\/novakmarket.com\/wp-content\/uploads\/2021\/11\/L16.jpg\" \/>\n\t<meta property=\"og:image:width\" content=\"700\" \/>\n\t<meta property=\"og:image:height\" content=\"700\" \/>\n\t<meta property=\"og:image:type\" content=\"image\/jpeg\" \/>\n<meta name=\"twitter:card\" content=\"summary_large_image\" \/>\n<script type=\"application\/ld+json\" class=\"yoast-schema-graph\">{\"@context\":\"https:\/\/schema.org\",\"@graph\":[{\"@type\":\"WebPage\",\"@id\":\"https:\/\/novakmarket.com\/produit\/lg-49sm8200\/\",\"url\":\"https:\/\/novakmarket.com\/produit\/lg-49sm8200\/\",\"name\":\"LG 49SM8200 - Novak Market\",\"isPartOf\":{\"@id\":\"https:\/\/novakmarket.com\/#website\"},\"primaryImageOfPage\":{\"@id\":\"https:\/\/novakmarket.com\/produit\/lg-49sm8200\/#primaryimage\"},\"image\":{\"@id\":\"https:\/\/novakmarket.com\/produit\/lg-49sm8200\/#primaryimage\"},\"thumbnailUrl\":\"https:\/\/novakmarket.com\/wp-content\/uploads\/2021\/11\/L16.jpg\",\"datePublished\":\"2021-11-29T19:22:57+00:00\",\"dateModified\":\"2021-11-29T19:23:21+00:00\",\"breadcrumb\":{\"@id\":\"https:\/\/novakmarket.com\/produit\/lg-49sm8200\/#breadcrumb\"},\"inLanguage\":\"es\",\"potentialAction\":[{\"@type\":\"ReadAction\",\"target\":[\"https:\/\/novakmarket.com\/produit\/lg-49sm8200\/\"]}]},{\"@type\":\"ImageObject\",\"inLanguage\":\"es\",\"@id\":\"https:\/\/novakmarket.com\/produit\/lg-49sm8200\/#primaryimage\",\"url\":\"https:\/\/novakmarket.com\/wp-content\/uploads\/2021\/11\/L16.jpg\",\"contentUrl\":\"https:\/\/novakmarket.com\/wp-content\/uploads\/2021\/11\/L16.jpg\",\"width\":700,\"height\":700},{\"@type\":\"BreadcrumbList\",\"@id\":\"https:\/\/novakmarket.com\/produit\/lg-49sm8200\/#breadcrumb\",\"itemListElement\":[{\"@type\":\"ListItem\",\"position\":1,\"name\":\"Accueil\",\"item\":\"https:\/\/novakmarket.com\/\"},{\"@type\":\"ListItem\",\"position\":2,\"name\":\"Boutique\",\"item\":\"https:\/\/novakmarket.com\/shop\/\"},{\"@type\":\"ListItem\",\"position\":3,\"name\":\"LG 49SM8200\"}]},{\"@type\":\"WebSite\",\"@id\":\"https:\/\/novakmarket.com\/#website\",\"url\":\"https:\/\/novakmarket.com\/\",\"name\":\"Novak Market\",\"description\":\"Vente de produits \u00e9lectroniques.\",\"publisher\":{\"@id\":\"https:\/\/novakmarket.com\/#organization\"},\"potentialAction\":[{\"@type\":\"SearchAction\",\"target\":{\"@type\":\"EntryPoint\",\"urlTemplate\":\"https:\/\/novakmarket.com\/?s={search_term_string}\"},\"query-input\":{\"@type\":\"PropertyValueSpecification\",\"valueRequired\":true,\"valueName\":\"search_term_string\"}}],\"inLanguage\":\"es\"},{\"@type\":\"Organization\",\"@id\":\"https:\/\/novakmarket.com\/#organization\",\"name\":\"Novak Market\",\"url\":\"https:\/\/novakmarket.com\/\",\"logo\":{\"@type\":\"ImageObject\",\"inLanguage\":\"es\",\"@id\":\"https:\/\/novakmarket.com\/#\/schema\/logo\/image\/\",\"url\":\"https:\/\/novakmarket.com\/wp-content\/uploads\/2026\/02\/cropped-footer-pc-removebg-preview.png\",\"contentUrl\":\"https:\/\/novakmarket.com\/wp-content\/uploads\/2026\/02\/cropped-footer-pc-removebg-preview.png\",\"width\":202,\"height\":73,\"caption\":\"Novak Market\"},\"image\":{\"@id\":\"https:\/\/novakmarket.com\/#\/schema\/logo\/image\/\"}}]}<\/script>\n<!-- \/ Yoast SEO plugin. -->","yoast_head_json":{"title":"LG 49SM8200 - Novak Market","robots":{"index":"index","follow":"follow","max-snippet":"max-snippet:-1","max-image-preview":"max-image-preview:large","max-video-preview":"max-video-preview:-1"},"canonical":"https:\/\/novakmarket.com\/es\/producto\/lg-49sm8200\/","og_locale":"es_ES","og_type":"article","og_title":"LG 49SM8200 - Novak Market","og_description":"Nom du produit LG 49SM8200  Cat\u00e9gorie T\u00e9l\u00e9viseur LED  G\u00e9n\u00e9ral  Type de Produit TV LCD avec r\u00e9tro\u00e9clairage par LED - Smart TV  Interface vid\u00e9o Composant, composite, HDMI  Consommation \u00e9lectrique en mode marche 89 Watt  Dimensions Sans support  Largeur 109.6 cm  Hauteur 64 cm  Profondeur 6.36 cm  Poids 14 kg  Consommation d'\u00e9nergie annuelle 123 kWh  Plate-forme webOS, LG ThinQ AI  Classe de diagonale 123 cm (49\")  PVR prolong\u00e9 Oui  Modes Mode ISF, mode h\u00f4tel, Mode latence faible automatique (ALLM)  Capteurs Capteur vert Illuminance  Conception Nano Bezel Design  Am\u00e9liorations d'image 4K Upscaling, R\u00e9duction de bruit, True Color Accuracy, Billion Rich Colours, Nano Cell Color, Nano Color, Nano Accuracy, Advanced Color Enhancer, HDR Dynamic Tone Mapping  Compatible HDR Oui  Technologie HDR Hybrid Log-Gamma (HLG), HDR Effect, HDR 10 Pro, 4K Active HDR  Classe \u00e9nerg\u00e9tique Classe A  Pr\u00e9sence de syntonisateur TV Oui  Nombre de ports HDMI 4 ports  Type de produit TV LCD avec r\u00e9tro\u00e9clairage par LED - Smart TV  Affichage  Technologie de r\u00e9tro\u00e9clairage LCD R\u00e9tro\u00e9clairage par LED - assombrissement local  R\u00e9solution 3840 x 2160  Format d'affichage Super UHD 4K (2160p)  Langue du menu d'affichage Multilingual  Technologie d'affichage LCD IPS  Fonctions suppl\u00e9mentaires Audio Description (AD), lecture et enregistrement simultan\u00e9s, processeur Quad-Core, Ultra Luminance, support 10 bits, fonction de r\u00e9alit\u00e9 virtuelle (360 VR), STT (Speech To Text), 2K High Frame Rate (HFR), Instant Game Response  Format de l'image 16:9  Taux d'image et technologie d'am\u00e9lioration 2300 Hz Picture Mastering Index  Connexions  Type de connecteur USB - arri\u00e8re USB - c\u00f4t\u00e9 Entr\u00e9e vid\u00e9o composite \/ vid\u00e9o composante \/ audio - arri\u00e8re 2 x HDMI - arri\u00e8re 2 x HDMI - c\u00f4t\u00e9 Sortie audio num\u00e9rique (optique) - arri\u00e8re R\u00e9seau - arri\u00e8re  Tuner de t\u00e9l\u00e9vision  Acc\u00e8s conditionnel Logement Common Interface Plus (CI+)  Tuner TV num\u00e9rique  Tuner TV num\u00e9rique DVB-C, DVB-S2, DVB-T2  Tuner TVHD Oui","og_url":"https:\/\/novakmarket.com\/es\/producto\/lg-49sm8200\/","og_site_name":"Novak Market","article_modified_time":"2021-11-29T19:23:21+00:00","og_image":[{"width":700,"height":700,"url":"https:\/\/novakmarket.com\/wp-content\/uploads\/2021\/11\/L16.jpg","type":"image\/jpeg"}],"twitter_card":"summary_large_image","schema":{"@context":"https:\/\/schema.org","@graph":[{"@type":"WebPage","@id":"https:\/\/novakmarket.com\/produit\/lg-49sm8200\/","url":"https:\/\/novakmarket.com\/produit\/lg-49sm8200\/","name":"LG 49SM8200 - Novak Market","isPartOf":{"@id":"https:\/\/novakmarket.com\/#website"},"primaryImageOfPage":{"@id":"https:\/\/novakmarket.com\/produit\/lg-49sm8200\/#primaryimage"},"image":{"@id":"https:\/\/novakmarket.com\/produit\/lg-49sm8200\/#primaryimage"},"thumbnailUrl":"https:\/\/novakmarket.com\/wp-content\/uploads\/2021\/11\/L16.jpg","datePublished":"2021-11-29T19:22:57+00:00","dateModified":"2021-11-29T19:23:21+00:00","breadcrumb":{"@id":"https:\/\/novakmarket.com\/produit\/lg-49sm8200\/#breadcrumb"},"inLanguage":"es","potentialAction":[{"@type":"ReadAction","target":["https:\/\/novakmarket.com\/produit\/lg-49sm8200\/"]}]},{"@type":"ImageObject","inLanguage":"es","@id":"https:\/\/novakmarket.com\/produit\/lg-49sm8200\/#primaryimage","url":"https:\/\/novakmarket.com\/wp-content\/uploads\/2021\/11\/L16.jpg","contentUrl":"https:\/\/novakmarket.com\/wp-content\/uploads\/2021\/11\/L16.jpg","width":700,"height":700},{"@type":"BreadcrumbList","@id":"https:\/\/novakmarket.com\/produit\/lg-49sm8200\/#breadcrumb","itemListElement":[{"@type":"ListItem","position":1,"name":"Accueil","item":"https:\/\/novakmarket.com\/"},{"@type":"ListItem","position":2,"name":"Boutique","item":"https:\/\/novakmarket.com\/shop\/"},{"@type":"ListItem","position":3,"name":"LG 49SM8200"}]},{"@type":"WebSite","@id":"https:\/\/novakmarket.com\/#website","url":"https:\/\/novakmarket.com\/","name":"Novak Market","description":"Vente de produits \u00e9lectroniques.","publisher":{"@id":"https:\/\/novakmarket.com\/#organization"},"potentialAction":[{"@type":"SearchAction","target":{"@type":"EntryPoint","urlTemplate":"https:\/\/novakmarket.com\/?s={search_term_string}"},"query-input":{"@type":"PropertyValueSpecification","valueRequired":true,"valueName":"search_term_string"}}],"inLanguage":"es"},{"@type":"Organization","@id":"https:\/\/novakmarket.com\/#organization","name":"Novak Market","url":"https:\/\/novakmarket.com\/","logo":{"@type":"ImageObject","inLanguage":"es","@id":"https:\/\/novakmarket.com\/#\/schema\/logo\/image\/","url":"https:\/\/novakmarket.com\/wp-content\/uploads\/2026\/02\/cropped-footer-pc-removebg-preview.png","contentUrl":"https:\/\/novakmarket.com\/wp-content\/uploads\/2026\/02\/cropped-footer-pc-removebg-preview.png","width":202,"height":73,"caption":"Novak Market"},"image":{"@id":"https:\/\/novakmarket.com\/#\/schema\/logo\/image\/"}}]}},"_links":{"self":[{"href":"https:\/\/novakmarket.com\/es\/wp-json\/wp\/v2\/product\/6727","targetHints":{"allow":["GET"]}}],"collection":[{"href":"https:\/\/novakmarket.com\/es\/wp-json\/wp\/v2\/product"}],"about":[{"href":"https:\/\/novakmarket.com\/es\/wp-json\/wp\/v2\/types\/product"}],"replies":[{"embeddable":true,"href":"https:\/\/novakmarket.com\/es\/wp-json\/wp\/v2\/comments?post=6727"}],"wp:featuredmedia":[{"embeddable":true,"href":"https:\/\/novakmarket.com\/es\/wp-json\/wp\/v2\/media\/6784"}],"wp:attachment":[{"href":"https:\/\/novakmarket.com\/es\/wp-json\/wp\/v2\/media?parent=6727"}],"wp:term":[{"taxonomy":"product_brand","embeddable":true,"href":"https:\/\/novakmarket.com\/es\/wp-json\/wp\/v2\/product_brand?post=6727"},{"taxonomy":"product_cat","embeddable":true,"href":"https:\/\/novakmarket.com\/es\/wp-json\/wp\/v2\/product_cat?post=6727"},{"taxonomy":"product_tag","embeddable":true,"href":"https:\/\/novakmarket.com\/es\/wp-json\/wp\/v2\/product_tag?post=6727"}],"curies":[{"name":"wp","href":"https:\/\/api.w.org\/{rel}","templated":true}]}}