{"id":7457,"date":"2021-11-29T20:28:16","date_gmt":"2021-11-29T19:28:16","guid":{"rendered":"https:\/\/bestymarketshop.com\/?post_type=product&#038;p=7457"},"modified":"2021-12-02T12:37:01","modified_gmt":"2021-12-02T11:37:01","slug":"velo-dappartement-compact-bike-2","status":"publish","type":"product","link":"https:\/\/novakmarket.com\/es\/producto\/velo-dappartement-compact-bike-2\/","title":{"rendered":"V\u00e9lo d&#8217;Appartement Compact Bike 2"},"content":{"rendered":"<figure class=\"df-card__image\"><img decoding=\"async\" src=\"https:\/\/media.fitnessboutique.fr\/product_images\/FIT02023\/FIT02023_principale_m.jpg\" alt=\"V\u00e9lo d'Appartement Compact Bike 2 FITNESS DOCTOR\" \/><\/figure>\n<div class=\"df-card__content\">\n<div class=\"df-card__title\">V\u00e9lo d&#8217;Appartement Compact Bike 2 FITNESS DOCTOR<\/div>\n<div class=\"df-card__description\">Le Compact Bike 2 poss\u00e8de un freinage magn\u00e9tique motoris\u00e9 silencieux, une inertie de 10 kg, 24 niveaux de r\u00e9sistance, une nouvelle console multifonction avec 24 programmes dentra\u00eenements, une prise de pulsations cardiaque par capteurs tactiles, porte tablette, une selle r\u00e9glable en hauteur et profondeur.<\/div>\n<div class=\"df-card__pricing\"><\/div>\n<\/div>","protected":false},"excerpt":{"rendered":"<p>V\u00e9lo d&#8217;Appartement Compact Bike 2 FITNESS DOCTOR Le Compact Bike 2 poss\u00e8de un freinage magn\u00e9tique motoris\u00e9 silencieux, une inertie de 10 kg, 24 niveaux de r\u00e9sistance, une nouvelle console multifonction<\/p>","protected":false},"featured_media":7486,"comment_status":"open","ping_status":"closed","template":"","meta":{"_acf_changed":false},"product_brand":[],"product_cat":[313],"product_tag":[],"class_list":{"0":"post-7457","1":"product","2":"type-product","3":"status-publish","4":"has-post-thumbnail","6":"product_cat-velo-dappartement","8":"first","9":"instock","10":"shipping-taxable","11":"purchasable","12":"product-type-simple"},"acf":[],"yoast_head":"<!-- This site is optimized with the Yoast SEO plugin v27.2 - https:\/\/yoast.com\/product\/yoast-seo-wordpress\/ -->\n<title>V\u00e9lo d&#039;Appartement Compact Bike 2 - Novak Market<\/title>\n<meta name=\"robots\" content=\"index, follow, max-snippet:-1, max-image-preview:large, max-video-preview:-1\" \/>\n<link rel=\"canonical\" href=\"https:\/\/novakmarket.com\/es\/producto\/velo-dappartement-compact-bike-2\/\" \/>\n<meta property=\"og:locale\" content=\"es_ES\" \/>\n<meta property=\"og:type\" content=\"article\" \/>\n<meta property=\"og:title\" content=\"V\u00e9lo d&#039;Appartement Compact Bike 2 - Novak Market\" \/>\n<meta property=\"og:description\" content=\"V\u00e9lo d&#8217;Appartement Compact Bike 2 FITNESS DOCTOR Le Compact Bike 2 poss\u00e8de un freinage magn\u00e9tique motoris\u00e9 silencieux, une inertie de 10 kg, 24 niveaux de r\u00e9sistance, une nouvelle console multifonction\" \/>\n<meta property=\"og:url\" content=\"https:\/\/novakmarket.com\/es\/producto\/velo-dappartement-compact-bike-2\/\" \/>\n<meta property=\"og:site_name\" content=\"Novak Market\" \/>\n<meta property=\"article:modified_time\" content=\"2021-12-02T11:37:01+00:00\" \/>\n<meta property=\"og:image\" content=\"https:\/\/novakmarket.com\/wp-content\/uploads\/2021\/11\/3-28.jpg\" \/>\n\t<meta property=\"og:image:width\" content=\"500\" \/>\n\t<meta property=\"og:image:height\" content=\"500\" \/>\n\t<meta property=\"og:image:type\" content=\"image\/jpeg\" \/>\n<meta name=\"twitter:card\" content=\"summary_large_image\" \/>\n<script type=\"application\/ld+json\" class=\"yoast-schema-graph\">{\"@context\":\"https:\/\/schema.org\",\"@graph\":[{\"@type\":\"WebPage\",\"@id\":\"https:\/\/novakmarket.com\/produit\/velo-dappartement-compact-bike-2\/\",\"url\":\"https:\/\/novakmarket.com\/produit\/velo-dappartement-compact-bike-2\/\",\"name\":\"V\u00e9lo d'Appartement Compact Bike 2 - Novak Market\",\"isPartOf\":{\"@id\":\"https:\/\/novakmarket.com\/#website\"},\"primaryImageOfPage\":{\"@id\":\"https:\/\/novakmarket.com\/produit\/velo-dappartement-compact-bike-2\/#primaryimage\"},\"image\":{\"@id\":\"https:\/\/novakmarket.com\/produit\/velo-dappartement-compact-bike-2\/#primaryimage\"},\"thumbnailUrl\":\"https:\/\/novakmarket.com\/wp-content\/uploads\/2021\/11\/3-28.jpg\",\"datePublished\":\"2021-11-29T19:28:16+00:00\",\"dateModified\":\"2021-12-02T11:37:01+00:00\",\"breadcrumb\":{\"@id\":\"https:\/\/novakmarket.com\/produit\/velo-dappartement-compact-bike-2\/#breadcrumb\"},\"inLanguage\":\"es\",\"potentialAction\":[{\"@type\":\"ReadAction\",\"target\":[\"https:\/\/novakmarket.com\/produit\/velo-dappartement-compact-bike-2\/\"]}]},{\"@type\":\"ImageObject\",\"inLanguage\":\"es\",\"@id\":\"https:\/\/novakmarket.com\/produit\/velo-dappartement-compact-bike-2\/#primaryimage\",\"url\":\"https:\/\/novakmarket.com\/wp-content\/uploads\/2021\/11\/3-28.jpg\",\"contentUrl\":\"https:\/\/novakmarket.com\/wp-content\/uploads\/2021\/11\/3-28.jpg\",\"width\":500,\"height\":500},{\"@type\":\"BreadcrumbList\",\"@id\":\"https:\/\/novakmarket.com\/produit\/velo-dappartement-compact-bike-2\/#breadcrumb\",\"itemListElement\":[{\"@type\":\"ListItem\",\"position\":1,\"name\":\"Accueil\",\"item\":\"https:\/\/novakmarket.com\/\"},{\"@type\":\"ListItem\",\"position\":2,\"name\":\"Boutique\",\"item\":\"https:\/\/novakmarket.com\/shop\/\"},{\"@type\":\"ListItem\",\"position\":3,\"name\":\"V\u00e9lo d&#8217;Appartement Compact Bike 2\"}]},{\"@type\":\"WebSite\",\"@id\":\"https:\/\/novakmarket.com\/#website\",\"url\":\"https:\/\/novakmarket.com\/\",\"name\":\"Novak Market\",\"description\":\"Vente de produits \u00e9lectroniques.\",\"publisher\":{\"@id\":\"https:\/\/novakmarket.com\/#organization\"},\"potentialAction\":[{\"@type\":\"SearchAction\",\"target\":{\"@type\":\"EntryPoint\",\"urlTemplate\":\"https:\/\/novakmarket.com\/?s={search_term_string}\"},\"query-input\":{\"@type\":\"PropertyValueSpecification\",\"valueRequired\":true,\"valueName\":\"search_term_string\"}}],\"inLanguage\":\"es\"},{\"@type\":\"Organization\",\"@id\":\"https:\/\/novakmarket.com\/#organization\",\"name\":\"Novak Market\",\"url\":\"https:\/\/novakmarket.com\/\",\"logo\":{\"@type\":\"ImageObject\",\"inLanguage\":\"es\",\"@id\":\"https:\/\/novakmarket.com\/#\/schema\/logo\/image\/\",\"url\":\"https:\/\/novakmarket.com\/wp-content\/uploads\/2026\/02\/cropped-footer-pc-removebg-preview.png\",\"contentUrl\":\"https:\/\/novakmarket.com\/wp-content\/uploads\/2026\/02\/cropped-footer-pc-removebg-preview.png\",\"width\":202,\"height\":73,\"caption\":\"Novak Market\"},\"image\":{\"@id\":\"https:\/\/novakmarket.com\/#\/schema\/logo\/image\/\"}}]}<\/script>\n<!-- \/ Yoast SEO plugin. -->","yoast_head_json":{"title":"V\u00e9lo d'Appartement Compact Bike 2 - Novak Market","robots":{"index":"index","follow":"follow","max-snippet":"max-snippet:-1","max-image-preview":"max-image-preview:large","max-video-preview":"max-video-preview:-1"},"canonical":"https:\/\/novakmarket.com\/es\/producto\/velo-dappartement-compact-bike-2\/","og_locale":"es_ES","og_type":"article","og_title":"V\u00e9lo d'Appartement Compact Bike 2 - Novak Market","og_description":"V\u00e9lo d&#8217;Appartement Compact Bike 2 FITNESS DOCTOR Le Compact Bike 2 poss\u00e8de un freinage magn\u00e9tique motoris\u00e9 silencieux, une inertie de 10 kg, 24 niveaux de r\u00e9sistance, une nouvelle console multifonction","og_url":"https:\/\/novakmarket.com\/es\/producto\/velo-dappartement-compact-bike-2\/","og_site_name":"Novak Market","article_modified_time":"2021-12-02T11:37:01+00:00","og_image":[{"width":500,"height":500,"url":"https:\/\/novakmarket.com\/wp-content\/uploads\/2021\/11\/3-28.jpg","type":"image\/jpeg"}],"twitter_card":"summary_large_image","schema":{"@context":"https:\/\/schema.org","@graph":[{"@type":"WebPage","@id":"https:\/\/novakmarket.com\/produit\/velo-dappartement-compact-bike-2\/","url":"https:\/\/novakmarket.com\/produit\/velo-dappartement-compact-bike-2\/","name":"V\u00e9lo d'Appartement Compact Bike 2 - Novak Market","isPartOf":{"@id":"https:\/\/novakmarket.com\/#website"},"primaryImageOfPage":{"@id":"https:\/\/novakmarket.com\/produit\/velo-dappartement-compact-bike-2\/#primaryimage"},"image":{"@id":"https:\/\/novakmarket.com\/produit\/velo-dappartement-compact-bike-2\/#primaryimage"},"thumbnailUrl":"https:\/\/novakmarket.com\/wp-content\/uploads\/2021\/11\/3-28.jpg","datePublished":"2021-11-29T19:28:16+00:00","dateModified":"2021-12-02T11:37:01+00:00","breadcrumb":{"@id":"https:\/\/novakmarket.com\/produit\/velo-dappartement-compact-bike-2\/#breadcrumb"},"inLanguage":"es","potentialAction":[{"@type":"ReadAction","target":["https:\/\/novakmarket.com\/produit\/velo-dappartement-compact-bike-2\/"]}]},{"@type":"ImageObject","inLanguage":"es","@id":"https:\/\/novakmarket.com\/produit\/velo-dappartement-compact-bike-2\/#primaryimage","url":"https:\/\/novakmarket.com\/wp-content\/uploads\/2021\/11\/3-28.jpg","contentUrl":"https:\/\/novakmarket.com\/wp-content\/uploads\/2021\/11\/3-28.jpg","width":500,"height":500},{"@type":"BreadcrumbList","@id":"https:\/\/novakmarket.com\/produit\/velo-dappartement-compact-bike-2\/#breadcrumb","itemListElement":[{"@type":"ListItem","position":1,"name":"Accueil","item":"https:\/\/novakmarket.com\/"},{"@type":"ListItem","position":2,"name":"Boutique","item":"https:\/\/novakmarket.com\/shop\/"},{"@type":"ListItem","position":3,"name":"V\u00e9lo d&#8217;Appartement Compact Bike 2"}]},{"@type":"WebSite","@id":"https:\/\/novakmarket.com\/#website","url":"https:\/\/novakmarket.com\/","name":"Novak Market","description":"Vente de produits \u00e9lectroniques.","publisher":{"@id":"https:\/\/novakmarket.com\/#organization"},"potentialAction":[{"@type":"SearchAction","target":{"@type":"EntryPoint","urlTemplate":"https:\/\/novakmarket.com\/?s={search_term_string}"},"query-input":{"@type":"PropertyValueSpecification","valueRequired":true,"valueName":"search_term_string"}}],"inLanguage":"es"},{"@type":"Organization","@id":"https:\/\/novakmarket.com\/#organization","name":"Novak Market","url":"https:\/\/novakmarket.com\/","logo":{"@type":"ImageObject","inLanguage":"es","@id":"https:\/\/novakmarket.com\/#\/schema\/logo\/image\/","url":"https:\/\/novakmarket.com\/wp-content\/uploads\/2026\/02\/cropped-footer-pc-removebg-preview.png","contentUrl":"https:\/\/novakmarket.com\/wp-content\/uploads\/2026\/02\/cropped-footer-pc-removebg-preview.png","width":202,"height":73,"caption":"Novak Market"},"image":{"@id":"https:\/\/novakmarket.com\/#\/schema\/logo\/image\/"}}]}},"_links":{"self":[{"href":"https:\/\/novakmarket.com\/es\/wp-json\/wp\/v2\/product\/7457","targetHints":{"allow":["GET"]}}],"collection":[{"href":"https:\/\/novakmarket.com\/es\/wp-json\/wp\/v2\/product"}],"about":[{"href":"https:\/\/novakmarket.com\/es\/wp-json\/wp\/v2\/types\/product"}],"replies":[{"embeddable":true,"href":"https:\/\/novakmarket.com\/es\/wp-json\/wp\/v2\/comments?post=7457"}],"wp:featuredmedia":[{"embeddable":true,"href":"https:\/\/novakmarket.com\/es\/wp-json\/wp\/v2\/media\/7486"}],"wp:attachment":[{"href":"https:\/\/novakmarket.com\/es\/wp-json\/wp\/v2\/media?parent=7457"}],"wp:term":[{"taxonomy":"product_brand","embeddable":true,"href":"https:\/\/novakmarket.com\/es\/wp-json\/wp\/v2\/product_brand?post=7457"},{"taxonomy":"product_cat","embeddable":true,"href":"https:\/\/novakmarket.com\/es\/wp-json\/wp\/v2\/product_cat?post=7457"},{"taxonomy":"product_tag","embeddable":true,"href":"https:\/\/novakmarket.com\/es\/wp-json\/wp\/v2\/product_tag?post=7457"}],"curies":[{"name":"wp","href":"https:\/\/api.w.org\/{rel}","templated":true}]}}