{"id":7977,"date":"2021-11-29T20:31:08","date_gmt":"2021-11-29T19:31:08","guid":{"rendered":"https:\/\/bestymarketshop.com\/?post_type=product&#038;p=7977"},"modified":"2021-11-29T20:31:23","modified_gmt":"2021-11-29T19:31:23","slug":"pompe-a-eau-thermique-moteur-3","status":"publish","type":"product","link":"https:\/\/novakmarket.com\/es\/producto\/pompe-a-eau-thermique-moteur-3\/","title":{"rendered":"Pompe \u00e0 eau thermique moteur"},"content":{"rendered":"<p><img loading=\"lazy\" decoding=\"async\" class=\"alignnone size-medium wp-image-15884\" src=\"https:\/\/megamarketshop.com\/wp-content\/uploads\/2021\/05\/10-26-300x300.jpg\" alt=\"\" width=\"300\" height=\"300\" \/><\/p>\n<p>&nbsp;<\/p>\n<p>La pompe \u00e0 moteur PP80 est utilis\u00e9e avec succ\u00e8s dans les travaux d&#8217;irrigation par aspersion ou inondation, gouttes \u00e0 gouttes. Le couplage du tuyau est facilement r\u00e9alis\u00e9 gr\u00e2ce au kit de montage rapide. Le moteur de la pompe est prot\u00e9g\u00e9 s&#8217;il est exempt d&#8217;huile ou l&#8217;huile n&#8217;est pas au niveau du moteur avec le t\u00e9moin d&#8217;huile mont\u00e9 dans le compartiment moteur qui interrompt l&#8217;\u00e9tincelle de la bougie d&#8217;allumage. La puissance du moteur de 6,5cv est parfaitement adapt\u00e9e au r\u00e9servoir de la pompe. La consommation de carburant est minimale et l&#8217;efficacit\u00e9 de la charge est maximale : le moteur ne tourne pas pendant toute la dur\u00e9e de fonctionnement de la motopompe. Une bonne protection du moteur signifie une utilisation maximale au fil du temps et des co\u00fbts de maintenance r\u00e9duits. Le bo\u00eetier du r\u00e9servoir sous pression est en aluminium, r\u00e9sistant \u00e0 l&#8217;impact avec diff\u00e9rentes particules de sable ou des pierres d&#8217;eau absorb\u00e9es. La turbine est en fonte nodulaire r\u00e9sistant \u00e0 l&#8217;usure en contact avec des corps abrasifs dans l&#8217;eau.<\/p>","protected":false},"excerpt":{"rendered":"<p>&nbsp; La pompe \u00e0 moteur PP80 est utilis\u00e9e avec succ\u00e8s dans les travaux d&#8217;irrigation par aspersion ou inondation, gouttes \u00e0 gouttes. Le couplage du tuyau est facilement r\u00e9alis\u00e9 gr\u00e2ce au<\/p>","protected":false},"featured_media":8007,"comment_status":"open","ping_status":"closed","template":"","meta":{"_acf_changed":false},"product_brand":[],"product_cat":[320],"product_tag":[],"class_list":{"0":"post-7977","1":"product","2":"type-product","3":"status-publish","4":"has-post-thumbnail","6":"product_cat-motopompe","8":"first","9":"instock","10":"shipping-taxable","11":"purchasable","12":"product-type-simple"},"acf":[],"yoast_head":"<!-- This site is optimized with the Yoast SEO plugin v27.2 - https:\/\/yoast.com\/product\/yoast-seo-wordpress\/ -->\n<title>Pompe \u00e0 eau thermique moteur - Novak Market<\/title>\n<meta name=\"robots\" content=\"index, follow, max-snippet:-1, max-image-preview:large, max-video-preview:-1\" \/>\n<link rel=\"canonical\" href=\"https:\/\/novakmarket.com\/es\/producto\/pompe-a-eau-thermique-moteur-3\/\" \/>\n<meta property=\"og:locale\" content=\"es_ES\" \/>\n<meta property=\"og:type\" content=\"article\" \/>\n<meta property=\"og:title\" content=\"Pompe \u00e0 eau thermique moteur - Novak Market\" \/>\n<meta property=\"og:description\" content=\"&nbsp; La pompe \u00e0 moteur PP80 est utilis\u00e9e avec succ\u00e8s dans les travaux d&#8217;irrigation par aspersion ou inondation, gouttes \u00e0 gouttes. Le couplage du tuyau est facilement r\u00e9alis\u00e9 gr\u00e2ce au\" \/>\n<meta property=\"og:url\" content=\"https:\/\/novakmarket.com\/es\/producto\/pompe-a-eau-thermique-moteur-3\/\" \/>\n<meta property=\"og:site_name\" content=\"Novak Market\" \/>\n<meta property=\"article:modified_time\" content=\"2021-11-29T19:31:23+00:00\" \/>\n<meta property=\"og:image\" content=\"https:\/\/novakmarket.com\/wp-content\/uploads\/2021\/11\/10-26.jpg\" \/>\n\t<meta property=\"og:image:width\" content=\"550\" \/>\n\t<meta property=\"og:image:height\" content=\"550\" \/>\n\t<meta property=\"og:image:type\" content=\"image\/jpeg\" \/>\n<meta name=\"twitter:card\" content=\"summary_large_image\" \/>\n<meta name=\"twitter:label1\" content=\"Tiempo de lectura\" \/>\n\t<meta name=\"twitter:data1\" content=\"1 minuto\" \/>\n<script type=\"application\/ld+json\" class=\"yoast-schema-graph\">{\"@context\":\"https:\/\/schema.org\",\"@graph\":[{\"@type\":\"WebPage\",\"@id\":\"https:\/\/novakmarket.com\/produit\/pompe-a-eau-thermique-moteur-3\/\",\"url\":\"https:\/\/novakmarket.com\/produit\/pompe-a-eau-thermique-moteur-3\/\",\"name\":\"Pompe \u00e0 eau thermique moteur - Novak Market\",\"isPartOf\":{\"@id\":\"https:\/\/novakmarket.com\/#website\"},\"primaryImageOfPage\":{\"@id\":\"https:\/\/novakmarket.com\/produit\/pompe-a-eau-thermique-moteur-3\/#primaryimage\"},\"image\":{\"@id\":\"https:\/\/novakmarket.com\/produit\/pompe-a-eau-thermique-moteur-3\/#primaryimage\"},\"thumbnailUrl\":\"https:\/\/novakmarket.com\/wp-content\/uploads\/2021\/11\/10-26.jpg\",\"datePublished\":\"2021-11-29T19:31:08+00:00\",\"dateModified\":\"2021-11-29T19:31:23+00:00\",\"breadcrumb\":{\"@id\":\"https:\/\/novakmarket.com\/produit\/pompe-a-eau-thermique-moteur-3\/#breadcrumb\"},\"inLanguage\":\"es\",\"potentialAction\":[{\"@type\":\"ReadAction\",\"target\":[\"https:\/\/novakmarket.com\/produit\/pompe-a-eau-thermique-moteur-3\/\"]}]},{\"@type\":\"ImageObject\",\"inLanguage\":\"es\",\"@id\":\"https:\/\/novakmarket.com\/produit\/pompe-a-eau-thermique-moteur-3\/#primaryimage\",\"url\":\"https:\/\/novakmarket.com\/wp-content\/uploads\/2021\/11\/10-26.jpg\",\"contentUrl\":\"https:\/\/novakmarket.com\/wp-content\/uploads\/2021\/11\/10-26.jpg\",\"width\":550,\"height\":550},{\"@type\":\"BreadcrumbList\",\"@id\":\"https:\/\/novakmarket.com\/produit\/pompe-a-eau-thermique-moteur-3\/#breadcrumb\",\"itemListElement\":[{\"@type\":\"ListItem\",\"position\":1,\"name\":\"Accueil\",\"item\":\"https:\/\/novakmarket.com\/\"},{\"@type\":\"ListItem\",\"position\":2,\"name\":\"Boutique\",\"item\":\"https:\/\/novakmarket.com\/shop\/\"},{\"@type\":\"ListItem\",\"position\":3,\"name\":\"Pompe \u00e0 eau thermique moteur\"}]},{\"@type\":\"WebSite\",\"@id\":\"https:\/\/novakmarket.com\/#website\",\"url\":\"https:\/\/novakmarket.com\/\",\"name\":\"Novak Market\",\"description\":\"Vente de produits \u00e9lectroniques.\",\"publisher\":{\"@id\":\"https:\/\/novakmarket.com\/#organization\"},\"potentialAction\":[{\"@type\":\"SearchAction\",\"target\":{\"@type\":\"EntryPoint\",\"urlTemplate\":\"https:\/\/novakmarket.com\/?s={search_term_string}\"},\"query-input\":{\"@type\":\"PropertyValueSpecification\",\"valueRequired\":true,\"valueName\":\"search_term_string\"}}],\"inLanguage\":\"es\"},{\"@type\":\"Organization\",\"@id\":\"https:\/\/novakmarket.com\/#organization\",\"name\":\"Novak Market\",\"url\":\"https:\/\/novakmarket.com\/\",\"logo\":{\"@type\":\"ImageObject\",\"inLanguage\":\"es\",\"@id\":\"https:\/\/novakmarket.com\/#\/schema\/logo\/image\/\",\"url\":\"https:\/\/novakmarket.com\/wp-content\/uploads\/2026\/02\/cropped-footer-pc-removebg-preview.png\",\"contentUrl\":\"https:\/\/novakmarket.com\/wp-content\/uploads\/2026\/02\/cropped-footer-pc-removebg-preview.png\",\"width\":202,\"height\":73,\"caption\":\"Novak Market\"},\"image\":{\"@id\":\"https:\/\/novakmarket.com\/#\/schema\/logo\/image\/\"}}]}<\/script>\n<!-- \/ Yoast SEO plugin. -->","yoast_head_json":{"title":"Pompe \u00e0 eau thermique moteur - Novak Market","robots":{"index":"index","follow":"follow","max-snippet":"max-snippet:-1","max-image-preview":"max-image-preview:large","max-video-preview":"max-video-preview:-1"},"canonical":"https:\/\/novakmarket.com\/es\/producto\/pompe-a-eau-thermique-moteur-3\/","og_locale":"es_ES","og_type":"article","og_title":"Pompe \u00e0 eau thermique moteur - Novak Market","og_description":"&nbsp; La pompe \u00e0 moteur PP80 est utilis\u00e9e avec succ\u00e8s dans les travaux d&#8217;irrigation par aspersion ou inondation, gouttes \u00e0 gouttes. Le couplage du tuyau est facilement r\u00e9alis\u00e9 gr\u00e2ce au","og_url":"https:\/\/novakmarket.com\/es\/producto\/pompe-a-eau-thermique-moteur-3\/","og_site_name":"Novak Market","article_modified_time":"2021-11-29T19:31:23+00:00","og_image":[{"width":550,"height":550,"url":"https:\/\/novakmarket.com\/wp-content\/uploads\/2021\/11\/10-26.jpg","type":"image\/jpeg"}],"twitter_card":"summary_large_image","twitter_misc":{"Tiempo de lectura":"1 minuto"},"schema":{"@context":"https:\/\/schema.org","@graph":[{"@type":"WebPage","@id":"https:\/\/novakmarket.com\/produit\/pompe-a-eau-thermique-moteur-3\/","url":"https:\/\/novakmarket.com\/produit\/pompe-a-eau-thermique-moteur-3\/","name":"Pompe \u00e0 eau thermique moteur - Novak Market","isPartOf":{"@id":"https:\/\/novakmarket.com\/#website"},"primaryImageOfPage":{"@id":"https:\/\/novakmarket.com\/produit\/pompe-a-eau-thermique-moteur-3\/#primaryimage"},"image":{"@id":"https:\/\/novakmarket.com\/produit\/pompe-a-eau-thermique-moteur-3\/#primaryimage"},"thumbnailUrl":"https:\/\/novakmarket.com\/wp-content\/uploads\/2021\/11\/10-26.jpg","datePublished":"2021-11-29T19:31:08+00:00","dateModified":"2021-11-29T19:31:23+00:00","breadcrumb":{"@id":"https:\/\/novakmarket.com\/produit\/pompe-a-eau-thermique-moteur-3\/#breadcrumb"},"inLanguage":"es","potentialAction":[{"@type":"ReadAction","target":["https:\/\/novakmarket.com\/produit\/pompe-a-eau-thermique-moteur-3\/"]}]},{"@type":"ImageObject","inLanguage":"es","@id":"https:\/\/novakmarket.com\/produit\/pompe-a-eau-thermique-moteur-3\/#primaryimage","url":"https:\/\/novakmarket.com\/wp-content\/uploads\/2021\/11\/10-26.jpg","contentUrl":"https:\/\/novakmarket.com\/wp-content\/uploads\/2021\/11\/10-26.jpg","width":550,"height":550},{"@type":"BreadcrumbList","@id":"https:\/\/novakmarket.com\/produit\/pompe-a-eau-thermique-moteur-3\/#breadcrumb","itemListElement":[{"@type":"ListItem","position":1,"name":"Accueil","item":"https:\/\/novakmarket.com\/"},{"@type":"ListItem","position":2,"name":"Boutique","item":"https:\/\/novakmarket.com\/shop\/"},{"@type":"ListItem","position":3,"name":"Pompe \u00e0 eau thermique moteur"}]},{"@type":"WebSite","@id":"https:\/\/novakmarket.com\/#website","url":"https:\/\/novakmarket.com\/","name":"Novak Market","description":"Vente de produits \u00e9lectroniques.","publisher":{"@id":"https:\/\/novakmarket.com\/#organization"},"potentialAction":[{"@type":"SearchAction","target":{"@type":"EntryPoint","urlTemplate":"https:\/\/novakmarket.com\/?s={search_term_string}"},"query-input":{"@type":"PropertyValueSpecification","valueRequired":true,"valueName":"search_term_string"}}],"inLanguage":"es"},{"@type":"Organization","@id":"https:\/\/novakmarket.com\/#organization","name":"Novak Market","url":"https:\/\/novakmarket.com\/","logo":{"@type":"ImageObject","inLanguage":"es","@id":"https:\/\/novakmarket.com\/#\/schema\/logo\/image\/","url":"https:\/\/novakmarket.com\/wp-content\/uploads\/2026\/02\/cropped-footer-pc-removebg-preview.png","contentUrl":"https:\/\/novakmarket.com\/wp-content\/uploads\/2026\/02\/cropped-footer-pc-removebg-preview.png","width":202,"height":73,"caption":"Novak Market"},"image":{"@id":"https:\/\/novakmarket.com\/#\/schema\/logo\/image\/"}}]}},"_links":{"self":[{"href":"https:\/\/novakmarket.com\/es\/wp-json\/wp\/v2\/product\/7977","targetHints":{"allow":["GET"]}}],"collection":[{"href":"https:\/\/novakmarket.com\/es\/wp-json\/wp\/v2\/product"}],"about":[{"href":"https:\/\/novakmarket.com\/es\/wp-json\/wp\/v2\/types\/product"}],"replies":[{"embeddable":true,"href":"https:\/\/novakmarket.com\/es\/wp-json\/wp\/v2\/comments?post=7977"}],"wp:featuredmedia":[{"embeddable":true,"href":"https:\/\/novakmarket.com\/es\/wp-json\/wp\/v2\/media\/8007"}],"wp:attachment":[{"href":"https:\/\/novakmarket.com\/es\/wp-json\/wp\/v2\/media?parent=7977"}],"wp:term":[{"taxonomy":"product_brand","embeddable":true,"href":"https:\/\/novakmarket.com\/es\/wp-json\/wp\/v2\/product_brand?post=7977"},{"taxonomy":"product_cat","embeddable":true,"href":"https:\/\/novakmarket.com\/es\/wp-json\/wp\/v2\/product_cat?post=7977"},{"taxonomy":"product_tag","embeddable":true,"href":"https:\/\/novakmarket.com\/es\/wp-json\/wp\/v2\/product_tag?post=7977"}],"curies":[{"name":"wp","href":"https:\/\/api.w.org\/{rel}","templated":true}]}}