{"id":5542,"date":"2021-11-29T19:29:39","date_gmt":"2021-11-29T18:29:39","guid":{"rendered":"https:\/\/bestymarketshop.com\/?post_type=product&#038;p=5542"},"modified":"2021-11-29T19:29:51","modified_gmt":"2021-11-29T18:29:51","slug":"robot-cuiseur-cuisine-i-companion","status":"publish","type":"product","link":"https:\/\/novakmarket.com\/nl\/product\/robot-cuiseur-cuisine-i-companion\/","title":{"rendered":"Robot Cuiseur Cuisine I Companion"},"content":{"rendered":"<p><img loading=\"lazy\" decoding=\"async\" class=\"alignnone size-medium wp-image-6960\" src=\"https:\/\/electrospotshop.com\/wp-content\/uploads\/2020\/06\/XW1-300x300.jpg\" alt=\"\" width=\"300\" height=\"300\" \/><\/p>","protected":false},"excerpt":{"rendered":"<div id=\"presContent\" class=\"fpBlk testSep extCode\">\nRobot Cuiseur &#8211; Cuisine I-Companion Touch XL &#8211; Am\u00e9liorez vos repas : Ce robot cuiseur vous aide en pas \u00e0 pas avec des images, conseils ou tutos vid\u00e9o directement int\u00e9gr\u00e9s dans l&#8217;\u00e9cran tactile &#8211; Gr\u00e2ce \u00e0 sa connectivit\u00e9 Wifi, profitez gratuitement d&#8217;une infinit\u00e9 de recettes mises \u00e0 jour automatiquement, tous les mois &#8211; En seulement quelques clics, ce robot cuiseur connect\u00e9 pr\u00e9pare une immense vari\u00e9t\u00e9 de recettes pour r\u00e9galer toute la famille ! &#8211; Le robot cuiseur connect\u00e9 qui fait tout : il cuit, mijote, cuit \u00e0 la vapeur, rissole, m\u00e9lange, p\u00e9trit, fouette&#8230; sans besoin de surveillance ! &#8211; 4 fonctions : Soupe, Mijot\u00e9, Vapeur, P\u00e2tisserie &#8211; 14 programmes automatiques avec le mode Manuel pour ajuster \u00e0 votre convenance dur\u00e9e, temp\u00e9rature et vitesse &#8211; Le bol XL en inox d&#8217;une capacit\u00e9 utile de 3 L (capacit\u00e9 totale 4,5 L) vous permet de r\u00e9aliser de d\u00e9licieux plats jusqu&#8217;\u00e0 10 personnes pour r\u00e9galer famille et amis &#8211; L&#8217;accessoire fond plat XL agrandit la surface de cuisson : id\u00e9al pour les grosses pi\u00e8ces de viande ou de poisson &#8211; 13 vitesses + Pulse + Turbo &#8211; Pr\u00e9parez une grande vari\u00e9t\u00e9 de recettes gr\u00e2ce \u00e0 une mont\u00e9e en temp\u00e9rature de 30\u00b0C pour des cuissons douces \u00e0 150\u00b0C pour parfaitement saisir vos viandes ou rissoler vos oignons &#8211; Minuterie de 5 secondes \u00e0 2 heures- Le panneau de commande \u00e0 la fois moderne et \u00e9l\u00e9gant garantit une utilisation simplifi\u00e9e &#8211; La nouvelle fonction &#8221;dans mon frigo&#8221; propose des id\u00e9es de recettes bas\u00e9es sur les ingr\u00e9dients que vous avez chez vous &#8211; 7 accessoires d\u00e9di\u00e9s vous garantissent une polyvalence et une praticit\u00e9 totales : couteau hachoir, couteau p\u00e9trin \/ concasseur, batteur, m\u00e9langeur, panier vapeur int\u00e9rieur, accessoire fond plat XL et d\u00e9coupe-l\u00e9gumes &#8211; Bo\u00eete de rangement &#8211; Livre de 300 recettes inclus &#8211; Coloris blanc et silver &#8211; Puissance 1550 W &#8211; Fabriqu\u00e9 en France.\n<\/div>\n<div id=\"desc\" class=\"anchor\"><\/div>\n<div id=\"descContent\" class=\"fpBlk testSep\" data-cs-override-id=\"Descriptif\">\n<p class=\"fpMb\">Robot Cuiseur &#8211; Cuisine I-Companion Touch XL &#8211; Am\u00e9liorez vos repas : Ce robot cuiseur vous aide en pas \u00e0 pas avec des images, conseils ou tutos vid\u00e9o directement int\u00e9gr\u00e9s dans l&#8217;\u00e9cran tactile &#8211; Gr\u00e2ce \u00e0 sa connectivit\u00e9 Wifi, profitez gratuitement d&#8217;une infinit\u00e9 de recettes mises \u00e0 jour automatiquement, tous les mois &#8211; En seulement quelques clics, ce robot cuiseur connect\u00e9 pr\u00e9pare une immense vari\u00e9t\u00e9 de recettes<\/p>\n<\/div>","protected":false},"featured_media":5584,"comment_status":"open","ping_status":"closed","template":"","meta":{"_acf_changed":false},"product_brand":[],"product_cat":[282],"product_tag":[],"class_list":{"0":"post-5542","1":"product","2":"type-product","3":"status-publish","4":"has-post-thumbnail","6":"product_cat-appareils-electromenagers","8":"first","9":"instock","10":"shipping-taxable","11":"purchasable","12":"product-type-simple"},"acf":[],"yoast_head":"<!-- This site is optimized with the Yoast SEO plugin v27.2 - https:\/\/yoast.com\/product\/yoast-seo-wordpress\/ -->\n<title>Robot Cuiseur Cuisine I Companion - Novak Market<\/title>\n<meta name=\"robots\" content=\"index, follow, max-snippet:-1, max-image-preview:large, max-video-preview:-1\" \/>\n<link rel=\"canonical\" href=\"https:\/\/novakmarket.com\/nl\/product\/robot-cuiseur-cuisine-i-companion\/\" \/>\n<meta property=\"og:locale\" content=\"nl_NL\" \/>\n<meta property=\"og:type\" content=\"article\" \/>\n<meta property=\"og:title\" content=\"Robot Cuiseur Cuisine I Companion - Novak Market\" \/>\n<meta property=\"og:description\" content=\"Robot Cuiseur - Cuisine I-Companion Touch XL - Am\u00e9liorez vos repas : Ce robot cuiseur vous aide en pas \u00e0 pas avec des images, conseils ou tutos vid\u00e9o directement int\u00e9gr\u00e9s dans l&#039;\u00e9cran tactile - Gr\u00e2ce \u00e0 sa connectivit\u00e9 Wifi, profitez gratuitement d&#039;une infinit\u00e9 de recettes mises \u00e0 jour automatiquement, tous les mois - En seulement quelques clics, ce robot cuiseur connect\u00e9 pr\u00e9pare une immense vari\u00e9t\u00e9 de recettes pour r\u00e9galer toute la famille ! - Le robot cuiseur connect\u00e9 qui fait tout : il cuit, mijote, cuit \u00e0 la vapeur, rissole, m\u00e9lange, p\u00e9trit, fouette... sans besoin de surveillance ! - 4 fonctions : Soupe, Mijot\u00e9, Vapeur, P\u00e2tisserie - 14 programmes automatiques avec le mode Manuel pour ajuster \u00e0 votre convenance dur\u00e9e, temp\u00e9rature et vitesse - Le bol XL en inox d&#039;une capacit\u00e9 utile de 3 L (capacit\u00e9 totale 4,5 L) vous permet de r\u00e9aliser de d\u00e9licieux plats jusqu&#039;\u00e0 10 personnes pour r\u00e9galer famille et amis - L&#039;accessoire fond plat XL agrandit la surface de cuisson : id\u00e9al pour les grosses pi\u00e8ces de viande ou de poisson - 13 vitesses + Pulse + Turbo - Pr\u00e9parez une grande vari\u00e9t\u00e9 de recettes gr\u00e2ce \u00e0 une mont\u00e9e en temp\u00e9rature de 30\u00b0C pour des cuissons douces \u00e0 150\u00b0C pour parfaitement saisir vos viandes ou rissoler vos oignons - Minuterie de 5 secondes \u00e0 2 heures- Le panneau de commande \u00e0 la fois moderne et \u00e9l\u00e9gant garantit une utilisation simplifi\u00e9e - La nouvelle fonction &#039;&#039;dans mon frigo&#039;&#039; propose des id\u00e9es de recettes bas\u00e9es sur les ingr\u00e9dients que vous avez chez vous - 7 accessoires d\u00e9di\u00e9s vous garantissent une polyvalence et une praticit\u00e9 totales : couteau hachoir, couteau p\u00e9trin \/ concasseur, batteur, m\u00e9langeur, panier vapeur int\u00e9rieur, accessoire fond plat XL et d\u00e9coupe-l\u00e9gumes - Bo\u00eete de rangement - Livre de 300 recettes inclus - Coloris blanc et silver - Puissance 1550 W - Fabriqu\u00e9 en France.  Robot Cuiseur - Cuisine I-Companion Touch XL - Am\u00e9liorez vos repas : Ce robot cuiseur vous aide en pas \u00e0 pas avec des images, conseils ou tutos vid\u00e9o directement int\u00e9gr\u00e9s dans l&#039;\u00e9cran tactile - Gr\u00e2ce \u00e0 sa connectivit\u00e9 Wifi, profitez gratuitement d&#039;une infinit\u00e9 de recettes mises \u00e0 jour automatiquement, tous les mois - En seulement quelques clics, ce robot cuiseur connect\u00e9 pr\u00e9pare une immense vari\u00e9t\u00e9 de recettes\" \/>\n<meta property=\"og:url\" content=\"https:\/\/novakmarket.com\/nl\/product\/robot-cuiseur-cuisine-i-companion\/\" \/>\n<meta property=\"og:site_name\" content=\"Novak Market\" \/>\n<meta property=\"article:modified_time\" content=\"2021-11-29T18:29:51+00:00\" \/>\n<meta property=\"og:image\" content=\"https:\/\/novakmarket.com\/wp-content\/uploads\/2021\/11\/XW1.jpg\" \/>\n\t<meta property=\"og:image:width\" content=\"550\" \/>\n\t<meta property=\"og:image:height\" content=\"550\" \/>\n\t<meta property=\"og:image:type\" content=\"image\/jpeg\" \/>\n<meta name=\"twitter:card\" content=\"summary_large_image\" \/>\n<script type=\"application\/ld+json\" class=\"yoast-schema-graph\">{\"@context\":\"https:\/\/schema.org\",\"@graph\":[{\"@type\":\"WebPage\",\"@id\":\"https:\/\/novakmarket.com\/produit\/robot-cuiseur-cuisine-i-companion\/\",\"url\":\"https:\/\/novakmarket.com\/produit\/robot-cuiseur-cuisine-i-companion\/\",\"name\":\"Robot Cuiseur Cuisine I Companion - Novak Market\",\"isPartOf\":{\"@id\":\"https:\/\/novakmarket.com\/#website\"},\"primaryImageOfPage\":{\"@id\":\"https:\/\/novakmarket.com\/produit\/robot-cuiseur-cuisine-i-companion\/#primaryimage\"},\"image\":{\"@id\":\"https:\/\/novakmarket.com\/produit\/robot-cuiseur-cuisine-i-companion\/#primaryimage\"},\"thumbnailUrl\":\"https:\/\/novakmarket.com\/wp-content\/uploads\/2021\/11\/XW1.jpg\",\"datePublished\":\"2021-11-29T18:29:39+00:00\",\"dateModified\":\"2021-11-29T18:29:51+00:00\",\"breadcrumb\":{\"@id\":\"https:\/\/novakmarket.com\/produit\/robot-cuiseur-cuisine-i-companion\/#breadcrumb\"},\"inLanguage\":\"nl-NL\",\"potentialAction\":[{\"@type\":\"ReadAction\",\"target\":[\"https:\/\/novakmarket.com\/produit\/robot-cuiseur-cuisine-i-companion\/\"]}]},{\"@type\":\"ImageObject\",\"inLanguage\":\"nl-NL\",\"@id\":\"https:\/\/novakmarket.com\/produit\/robot-cuiseur-cuisine-i-companion\/#primaryimage\",\"url\":\"https:\/\/novakmarket.com\/wp-content\/uploads\/2021\/11\/XW1.jpg\",\"contentUrl\":\"https:\/\/novakmarket.com\/wp-content\/uploads\/2021\/11\/XW1.jpg\",\"width\":550,\"height\":550},{\"@type\":\"BreadcrumbList\",\"@id\":\"https:\/\/novakmarket.com\/produit\/robot-cuiseur-cuisine-i-companion\/#breadcrumb\",\"itemListElement\":[{\"@type\":\"ListItem\",\"position\":1,\"name\":\"Accueil\",\"item\":\"https:\/\/novakmarket.com\/\"},{\"@type\":\"ListItem\",\"position\":2,\"name\":\"Boutique\",\"item\":\"https:\/\/novakmarket.com\/shop\/\"},{\"@type\":\"ListItem\",\"position\":3,\"name\":\"Robot Cuiseur Cuisine I Companion\"}]},{\"@type\":\"WebSite\",\"@id\":\"https:\/\/novakmarket.com\/#website\",\"url\":\"https:\/\/novakmarket.com\/\",\"name\":\"Novak Market\",\"description\":\"Vente de produits \u00e9lectroniques.\",\"publisher\":{\"@id\":\"https:\/\/novakmarket.com\/#organization\"},\"potentialAction\":[{\"@type\":\"SearchAction\",\"target\":{\"@type\":\"EntryPoint\",\"urlTemplate\":\"https:\/\/novakmarket.com\/?s={search_term_string}\"},\"query-input\":{\"@type\":\"PropertyValueSpecification\",\"valueRequired\":true,\"valueName\":\"search_term_string\"}}],\"inLanguage\":\"nl-NL\"},{\"@type\":\"Organization\",\"@id\":\"https:\/\/novakmarket.com\/#organization\",\"name\":\"Novak Market\",\"url\":\"https:\/\/novakmarket.com\/\",\"logo\":{\"@type\":\"ImageObject\",\"inLanguage\":\"nl-NL\",\"@id\":\"https:\/\/novakmarket.com\/#\/schema\/logo\/image\/\",\"url\":\"https:\/\/novakmarket.com\/wp-content\/uploads\/2026\/02\/cropped-footer-pc-removebg-preview.png\",\"contentUrl\":\"https:\/\/novakmarket.com\/wp-content\/uploads\/2026\/02\/cropped-footer-pc-removebg-preview.png\",\"width\":202,\"height\":73,\"caption\":\"Novak Market\"},\"image\":{\"@id\":\"https:\/\/novakmarket.com\/#\/schema\/logo\/image\/\"}}]}<\/script>\n<!-- \/ Yoast SEO plugin. -->","yoast_head_json":{"title":"Robot Cuiseur Cuisine I Companion - Novak Market","robots":{"index":"index","follow":"follow","max-snippet":"max-snippet:-1","max-image-preview":"max-image-preview:large","max-video-preview":"max-video-preview:-1"},"canonical":"https:\/\/novakmarket.com\/nl\/product\/robot-cuiseur-cuisine-i-companion\/","og_locale":"nl_NL","og_type":"article","og_title":"Robot Cuiseur Cuisine I Companion - Novak Market","og_description":"Robot Cuiseur - Cuisine I-Companion Touch XL - Am\u00e9liorez vos repas : Ce robot cuiseur vous aide en pas \u00e0 pas avec des images, conseils ou tutos vid\u00e9o directement int\u00e9gr\u00e9s dans l'\u00e9cran tactile - Gr\u00e2ce \u00e0 sa connectivit\u00e9 Wifi, profitez gratuitement d'une infinit\u00e9 de recettes mises \u00e0 jour automatiquement, tous les mois - En seulement quelques clics, ce robot cuiseur connect\u00e9 pr\u00e9pare une immense vari\u00e9t\u00e9 de recettes pour r\u00e9galer toute la famille ! - Le robot cuiseur connect\u00e9 qui fait tout : il cuit, mijote, cuit \u00e0 la vapeur, rissole, m\u00e9lange, p\u00e9trit, fouette... sans besoin de surveillance ! - 4 fonctions : Soupe, Mijot\u00e9, Vapeur, P\u00e2tisserie - 14 programmes automatiques avec le mode Manuel pour ajuster \u00e0 votre convenance dur\u00e9e, temp\u00e9rature et vitesse - Le bol XL en inox d'une capacit\u00e9 utile de 3 L (capacit\u00e9 totale 4,5 L) vous permet de r\u00e9aliser de d\u00e9licieux plats jusqu'\u00e0 10 personnes pour r\u00e9galer famille et amis - L'accessoire fond plat XL agrandit la surface de cuisson : id\u00e9al pour les grosses pi\u00e8ces de viande ou de poisson - 13 vitesses + Pulse + Turbo - Pr\u00e9parez une grande vari\u00e9t\u00e9 de recettes gr\u00e2ce \u00e0 une mont\u00e9e en temp\u00e9rature de 30\u00b0C pour des cuissons douces \u00e0 150\u00b0C pour parfaitement saisir vos viandes ou rissoler vos oignons - Minuterie de 5 secondes \u00e0 2 heures- Le panneau de commande \u00e0 la fois moderne et \u00e9l\u00e9gant garantit une utilisation simplifi\u00e9e - La nouvelle fonction ''dans mon frigo'' propose des id\u00e9es de recettes bas\u00e9es sur les ingr\u00e9dients que vous avez chez vous - 7 accessoires d\u00e9di\u00e9s vous garantissent une polyvalence et une praticit\u00e9 totales : couteau hachoir, couteau p\u00e9trin \/ concasseur, batteur, m\u00e9langeur, panier vapeur int\u00e9rieur, accessoire fond plat XL et d\u00e9coupe-l\u00e9gumes - Bo\u00eete de rangement - Livre de 300 recettes inclus - Coloris blanc et silver - Puissance 1550 W - Fabriqu\u00e9 en France.  Robot Cuiseur - Cuisine I-Companion Touch XL - Am\u00e9liorez vos repas : Ce robot cuiseur vous aide en pas \u00e0 pas avec des images, conseils ou tutos vid\u00e9o directement int\u00e9gr\u00e9s dans l'\u00e9cran tactile - Gr\u00e2ce \u00e0 sa connectivit\u00e9 Wifi, profitez gratuitement d'une infinit\u00e9 de recettes mises \u00e0 jour automatiquement, tous les mois - En seulement quelques clics, ce robot cuiseur connect\u00e9 pr\u00e9pare une immense vari\u00e9t\u00e9 de recettes","og_url":"https:\/\/novakmarket.com\/nl\/product\/robot-cuiseur-cuisine-i-companion\/","og_site_name":"Novak Market","article_modified_time":"2021-11-29T18:29:51+00:00","og_image":[{"width":550,"height":550,"url":"https:\/\/novakmarket.com\/wp-content\/uploads\/2021\/11\/XW1.jpg","type":"image\/jpeg"}],"twitter_card":"summary_large_image","schema":{"@context":"https:\/\/schema.org","@graph":[{"@type":"WebPage","@id":"https:\/\/novakmarket.com\/produit\/robot-cuiseur-cuisine-i-companion\/","url":"https:\/\/novakmarket.com\/produit\/robot-cuiseur-cuisine-i-companion\/","name":"Robot Cuiseur Cuisine I Companion - Novak Market","isPartOf":{"@id":"https:\/\/novakmarket.com\/#website"},"primaryImageOfPage":{"@id":"https:\/\/novakmarket.com\/produit\/robot-cuiseur-cuisine-i-companion\/#primaryimage"},"image":{"@id":"https:\/\/novakmarket.com\/produit\/robot-cuiseur-cuisine-i-companion\/#primaryimage"},"thumbnailUrl":"https:\/\/novakmarket.com\/wp-content\/uploads\/2021\/11\/XW1.jpg","datePublished":"2021-11-29T18:29:39+00:00","dateModified":"2021-11-29T18:29:51+00:00","breadcrumb":{"@id":"https:\/\/novakmarket.com\/produit\/robot-cuiseur-cuisine-i-companion\/#breadcrumb"},"inLanguage":"nl-NL","potentialAction":[{"@type":"ReadAction","target":["https:\/\/novakmarket.com\/produit\/robot-cuiseur-cuisine-i-companion\/"]}]},{"@type":"ImageObject","inLanguage":"nl-NL","@id":"https:\/\/novakmarket.com\/produit\/robot-cuiseur-cuisine-i-companion\/#primaryimage","url":"https:\/\/novakmarket.com\/wp-content\/uploads\/2021\/11\/XW1.jpg","contentUrl":"https:\/\/novakmarket.com\/wp-content\/uploads\/2021\/11\/XW1.jpg","width":550,"height":550},{"@type":"BreadcrumbList","@id":"https:\/\/novakmarket.com\/produit\/robot-cuiseur-cuisine-i-companion\/#breadcrumb","itemListElement":[{"@type":"ListItem","position":1,"name":"Accueil","item":"https:\/\/novakmarket.com\/"},{"@type":"ListItem","position":2,"name":"Boutique","item":"https:\/\/novakmarket.com\/shop\/"},{"@type":"ListItem","position":3,"name":"Robot Cuiseur Cuisine I Companion"}]},{"@type":"WebSite","@id":"https:\/\/novakmarket.com\/#website","url":"https:\/\/novakmarket.com\/","name":"Novak Market","description":"Vente de produits \u00e9lectroniques.","publisher":{"@id":"https:\/\/novakmarket.com\/#organization"},"potentialAction":[{"@type":"SearchAction","target":{"@type":"EntryPoint","urlTemplate":"https:\/\/novakmarket.com\/?s={search_term_string}"},"query-input":{"@type":"PropertyValueSpecification","valueRequired":true,"valueName":"search_term_string"}}],"inLanguage":"nl-NL"},{"@type":"Organization","@id":"https:\/\/novakmarket.com\/#organization","name":"Novak Market","url":"https:\/\/novakmarket.com\/","logo":{"@type":"ImageObject","inLanguage":"nl-NL","@id":"https:\/\/novakmarket.com\/#\/schema\/logo\/image\/","url":"https:\/\/novakmarket.com\/wp-content\/uploads\/2026\/02\/cropped-footer-pc-removebg-preview.png","contentUrl":"https:\/\/novakmarket.com\/wp-content\/uploads\/2026\/02\/cropped-footer-pc-removebg-preview.png","width":202,"height":73,"caption":"Novak Market"},"image":{"@id":"https:\/\/novakmarket.com\/#\/schema\/logo\/image\/"}}]}},"_links":{"self":[{"href":"https:\/\/novakmarket.com\/nl\/wp-json\/wp\/v2\/product\/5542","targetHints":{"allow":["GET"]}}],"collection":[{"href":"https:\/\/novakmarket.com\/nl\/wp-json\/wp\/v2\/product"}],"about":[{"href":"https:\/\/novakmarket.com\/nl\/wp-json\/wp\/v2\/types\/product"}],"replies":[{"embeddable":true,"href":"https:\/\/novakmarket.com\/nl\/wp-json\/wp\/v2\/comments?post=5542"}],"wp:featuredmedia":[{"embeddable":true,"href":"https:\/\/novakmarket.com\/nl\/wp-json\/wp\/v2\/media\/5584"}],"wp:attachment":[{"href":"https:\/\/novakmarket.com\/nl\/wp-json\/wp\/v2\/media?parent=5542"}],"wp:term":[{"taxonomy":"product_brand","embeddable":true,"href":"https:\/\/novakmarket.com\/nl\/wp-json\/wp\/v2\/product_brand?post=5542"},{"taxonomy":"product_cat","embeddable":true,"href":"https:\/\/novakmarket.com\/nl\/wp-json\/wp\/v2\/product_cat?post=5542"},{"taxonomy":"product_tag","embeddable":true,"href":"https:\/\/novakmarket.com\/nl\/wp-json\/wp\/v2\/product_tag?post=5542"}],"curies":[{"name":"wp","href":"https:\/\/api.w.org\/{rel}","templated":true}]}}