{"id":5544,"date":"2021-11-29T19:29:39","date_gmt":"2021-11-29T18:29:39","guid":{"rendered":"https:\/\/bestymarketshop.com\/?post_type=product&#038;p=5544"},"modified":"2021-11-29T19:29:54","modified_gmt":"2021-11-29T18:29:54","slug":"moulinex-i-companion","status":"publish","type":"product","link":"https:\/\/novakmarket.com\/nl\/product\/moulinex-i-companion\/","title":{"rendered":"Moulinex i-Companion"},"content":{"rendered":"<p><img loading=\"lazy\" decoding=\"async\" class=\"alignnone size-medium wp-image-6967\" src=\"https:\/\/electrospotshop.com\/wp-content\/uploads\/2020\/06\/XW3-300x300.jpg\" alt=\"\" width=\"300\" height=\"300\" \/><\/p>","protected":false},"excerpt":{"rendered":"<div id=\"presContent\" class=\"fpBlk testSep extCode\">\n<b>Marque:<\/b>\u00a0Moulinex<br \/>\n<b>Couleur:<\/b>\u00a0Argent, Blanc<br \/>\n<b>Caract\u00e9ristiques:<\/b><\/p>\n<ul>\n<li>Des possibilit\u00e9s infinies Il cuit, mijote, cuit \u00e0 la vapeur, rissole, m\u00e9lange, p\u00e9trit&#8230; sans besoin de surveiller la programmation gr\u00e2ce \u00e0 ses 4 programmes automatiques ou son mode manuel et ses accessoires performants. Augmentation de la temp\u00e9rature de cuisson: 5\u00b0C<\/li>\n<li>Une grande capacit\u00e9: Son grand bol permet la pr\u00e9paration de repas pour 6 personnes environ. Un compagnon culinaire pour tous les jours et pour les grands jours.<\/li>\n<li>Du temps gagn\u00e9: 1 000 000 de menus 500 recettes d&#8217;entr\u00e9es, plats et desserts pour des combinaisons de repas vari\u00e9s et pour satisfaire toutes les envies.Temp\u00e9rature de cuisson minimum: 30 \u00b0C et Temp\u00e9rature de cuisson maximum 130 \u00b0C.<\/li>\n<li>Accessoires inclus: 1 batteur\/ 1 couteau pour concasser \/ 1 m\u00e9langeur\/ Goupillon<\/li>\n<li>Compatibilit\u00e9 avec les appareils Apple et Android (liste des compatibilit\u00e9s dispo sur le site Web de Moulinex)<\/li>\n<li>\u00c9lu produit de l&#8217;ann\u00e9e (Grand Prix Marketing Innovation 2017)<\/li>\n<\/ul>\n<p><b>\u00c9diteur:<\/b>\u00a0SEB &#8211; Groupe (PEM) &#8211; Kitchen &#8211; FR<br \/>\n<b>Date de sortie:<\/b> 25-10-2016\n<\/div>\n<div id=\"descContent\" class=\"fpBlk testSep\" data-cs-override-id=\"Descriptif\">\n<p class=\"fpMb\">Marque: MoulinexCouleur: Argent, BlancCaract\u00e9ristiques: Des possibilit\u00e9s infinies Il cuit, mijote, cuit \u00e0 la vapeur, rissole, m\u00e9lange, p\u00e9trit&#8230; sans besoin de surveiller la programmation gr\u00e2ce \u00e0 ses 4 programmes automatiques ou son mode manuel et ses accessoires performants. Augmentation de la temp\u00e9rature de cuisson: 5\u00b0CUne grande capacit\u00e9: Son grand bol permet la pr\u00e9paration de repas pour 6 personnes<\/p>\n<\/div>","protected":false},"featured_media":5589,"comment_status":"open","ping_status":"closed","template":"","meta":{"_acf_changed":false},"product_brand":[],"product_cat":[282],"product_tag":[],"class_list":{"0":"post-5544","1":"product","2":"type-product","3":"status-publish","4":"has-post-thumbnail","6":"product_cat-appareils-electromenagers","8":"first","9":"instock","10":"shipping-taxable","11":"purchasable","12":"product-type-simple"},"acf":[],"yoast_head":"<!-- This site is optimized with the Yoast SEO plugin v27.2 - https:\/\/yoast.com\/product\/yoast-seo-wordpress\/ -->\n<title>Moulinex i-Companion - Novak Market<\/title>\n<meta name=\"robots\" content=\"index, follow, max-snippet:-1, max-image-preview:large, max-video-preview:-1\" \/>\n<link rel=\"canonical\" href=\"https:\/\/novakmarket.com\/nl\/product\/moulinex-i-companion\/\" \/>\n<meta property=\"og:locale\" content=\"nl_NL\" \/>\n<meta property=\"og:type\" content=\"article\" \/>\n<meta property=\"og:title\" content=\"Moulinex i-Companion - Novak Market\" \/>\n<meta property=\"og:description\" content=\"Marque:\u00a0Moulinex Couleur:\u00a0Argent, Blanc Caract\u00e9ristiques:  Des possibilit\u00e9s infinies Il cuit, mijote, cuit \u00e0 la vapeur, rissole, m\u00e9lange, p\u00e9trit... sans besoin de surveiller la programmation gr\u00e2ce \u00e0 ses 4 programmes automatiques ou son mode manuel et ses accessoires performants. Augmentation de la temp\u00e9rature de cuisson: 5\u00b0C  Une grande capacit\u00e9: Son grand bol permet la pr\u00e9paration de repas pour 6 personnes environ. Un compagnon culinaire pour tous les jours et pour les grands jours.  Du temps gagn\u00e9: 1 000 000 de menus 500 recettes d&#039;entr\u00e9es, plats et desserts pour des combinaisons de repas vari\u00e9s et pour satisfaire toutes les envies.Temp\u00e9rature de cuisson minimum: 30 \u00b0C et Temp\u00e9rature de cuisson maximum 130 \u00b0C.  Accessoires inclus: 1 batteur\/ 1 couteau pour concasser \/ 1 m\u00e9langeur\/ Goupillon  Compatibilit\u00e9 avec les appareils Apple et Android (liste des compatibilit\u00e9s dispo sur le site Web de Moulinex)  \u00c9lu produit de l&#039;ann\u00e9e (Grand Prix Marketing Innovation 2017) \u00c9diteur:\u00a0SEB - Groupe (PEM) - Kitchen - FR Date de sortie: 25-10-2016  Marque: MoulinexCouleur: Argent, BlancCaract\u00e9ristiques: Des possibilit\u00e9s infinies Il cuit, mijote, cuit \u00e0 la vapeur, rissole, m\u00e9lange, p\u00e9trit... sans besoin de surveiller la programmation gr\u00e2ce \u00e0 ses 4 programmes automatiques ou son mode manuel et ses accessoires performants. Augmentation de la temp\u00e9rature de cuisson: 5\u00b0CUne grande capacit\u00e9: Son grand bol permet la pr\u00e9paration de repas pour 6 personnes\" \/>\n<meta property=\"og:url\" content=\"https:\/\/novakmarket.com\/nl\/product\/moulinex-i-companion\/\" \/>\n<meta property=\"og:site_name\" content=\"Novak Market\" \/>\n<meta property=\"article:modified_time\" content=\"2021-11-29T18:29:54+00:00\" \/>\n<meta property=\"og:image\" content=\"https:\/\/novakmarket.com\/wp-content\/uploads\/2021\/11\/XW3.jpg\" \/>\n\t<meta property=\"og:image:width\" content=\"700\" \/>\n\t<meta property=\"og:image:height\" content=\"700\" \/>\n\t<meta property=\"og:image:type\" content=\"image\/jpeg\" \/>\n<meta name=\"twitter:card\" content=\"summary_large_image\" \/>\n<script type=\"application\/ld+json\" class=\"yoast-schema-graph\">{\"@context\":\"https:\/\/schema.org\",\"@graph\":[{\"@type\":\"WebPage\",\"@id\":\"https:\/\/novakmarket.com\/produit\/moulinex-i-companion\/\",\"url\":\"https:\/\/novakmarket.com\/produit\/moulinex-i-companion\/\",\"name\":\"Moulinex i-Companion - Novak Market\",\"isPartOf\":{\"@id\":\"https:\/\/novakmarket.com\/#website\"},\"primaryImageOfPage\":{\"@id\":\"https:\/\/novakmarket.com\/produit\/moulinex-i-companion\/#primaryimage\"},\"image\":{\"@id\":\"https:\/\/novakmarket.com\/produit\/moulinex-i-companion\/#primaryimage\"},\"thumbnailUrl\":\"https:\/\/novakmarket.com\/wp-content\/uploads\/2021\/11\/XW3.jpg\",\"datePublished\":\"2021-11-29T18:29:39+00:00\",\"dateModified\":\"2021-11-29T18:29:54+00:00\",\"breadcrumb\":{\"@id\":\"https:\/\/novakmarket.com\/produit\/moulinex-i-companion\/#breadcrumb\"},\"inLanguage\":\"nl-NL\",\"potentialAction\":[{\"@type\":\"ReadAction\",\"target\":[\"https:\/\/novakmarket.com\/produit\/moulinex-i-companion\/\"]}]},{\"@type\":\"ImageObject\",\"inLanguage\":\"nl-NL\",\"@id\":\"https:\/\/novakmarket.com\/produit\/moulinex-i-companion\/#primaryimage\",\"url\":\"https:\/\/novakmarket.com\/wp-content\/uploads\/2021\/11\/XW3.jpg\",\"contentUrl\":\"https:\/\/novakmarket.com\/wp-content\/uploads\/2021\/11\/XW3.jpg\",\"width\":700,\"height\":700},{\"@type\":\"BreadcrumbList\",\"@id\":\"https:\/\/novakmarket.com\/produit\/moulinex-i-companion\/#breadcrumb\",\"itemListElement\":[{\"@type\":\"ListItem\",\"position\":1,\"name\":\"Accueil\",\"item\":\"https:\/\/novakmarket.com\/\"},{\"@type\":\"ListItem\",\"position\":2,\"name\":\"Boutique\",\"item\":\"https:\/\/novakmarket.com\/shop\/\"},{\"@type\":\"ListItem\",\"position\":3,\"name\":\"Moulinex i-Companion\"}]},{\"@type\":\"WebSite\",\"@id\":\"https:\/\/novakmarket.com\/#website\",\"url\":\"https:\/\/novakmarket.com\/\",\"name\":\"Novak Market\",\"description\":\"Vente de produits \u00e9lectroniques.\",\"publisher\":{\"@id\":\"https:\/\/novakmarket.com\/#organization\"},\"potentialAction\":[{\"@type\":\"SearchAction\",\"target\":{\"@type\":\"EntryPoint\",\"urlTemplate\":\"https:\/\/novakmarket.com\/?s={search_term_string}\"},\"query-input\":{\"@type\":\"PropertyValueSpecification\",\"valueRequired\":true,\"valueName\":\"search_term_string\"}}],\"inLanguage\":\"nl-NL\"},{\"@type\":\"Organization\",\"@id\":\"https:\/\/novakmarket.com\/#organization\",\"name\":\"Novak Market\",\"url\":\"https:\/\/novakmarket.com\/\",\"logo\":{\"@type\":\"ImageObject\",\"inLanguage\":\"nl-NL\",\"@id\":\"https:\/\/novakmarket.com\/#\/schema\/logo\/image\/\",\"url\":\"https:\/\/novakmarket.com\/wp-content\/uploads\/2026\/02\/cropped-footer-pc-removebg-preview.png\",\"contentUrl\":\"https:\/\/novakmarket.com\/wp-content\/uploads\/2026\/02\/cropped-footer-pc-removebg-preview.png\",\"width\":202,\"height\":73,\"caption\":\"Novak Market\"},\"image\":{\"@id\":\"https:\/\/novakmarket.com\/#\/schema\/logo\/image\/\"}}]}<\/script>\n<!-- \/ Yoast SEO plugin. -->","yoast_head_json":{"title":"Moulinex i-Companion - Novak Market","robots":{"index":"index","follow":"follow","max-snippet":"max-snippet:-1","max-image-preview":"max-image-preview:large","max-video-preview":"max-video-preview:-1"},"canonical":"https:\/\/novakmarket.com\/nl\/product\/moulinex-i-companion\/","og_locale":"nl_NL","og_type":"article","og_title":"Moulinex i-Companion - Novak Market","og_description":"Marque:\u00a0Moulinex Couleur:\u00a0Argent, Blanc Caract\u00e9ristiques:  Des possibilit\u00e9s infinies Il cuit, mijote, cuit \u00e0 la vapeur, rissole, m\u00e9lange, p\u00e9trit... sans besoin de surveiller la programmation gr\u00e2ce \u00e0 ses 4 programmes automatiques ou son mode manuel et ses accessoires performants. Augmentation de la temp\u00e9rature de cuisson: 5\u00b0C  Une grande capacit\u00e9: Son grand bol permet la pr\u00e9paration de repas pour 6 personnes environ. Un compagnon culinaire pour tous les jours et pour les grands jours.  Du temps gagn\u00e9: 1 000 000 de menus 500 recettes d'entr\u00e9es, plats et desserts pour des combinaisons de repas vari\u00e9s et pour satisfaire toutes les envies.Temp\u00e9rature de cuisson minimum: 30 \u00b0C et Temp\u00e9rature de cuisson maximum 130 \u00b0C.  Accessoires inclus: 1 batteur\/ 1 couteau pour concasser \/ 1 m\u00e9langeur\/ Goupillon  Compatibilit\u00e9 avec les appareils Apple et Android (liste des compatibilit\u00e9s dispo sur le site Web de Moulinex)  \u00c9lu produit de l'ann\u00e9e (Grand Prix Marketing Innovation 2017) \u00c9diteur:\u00a0SEB - Groupe (PEM) - Kitchen - FR Date de sortie: 25-10-2016  Marque: MoulinexCouleur: Argent, BlancCaract\u00e9ristiques: Des possibilit\u00e9s infinies Il cuit, mijote, cuit \u00e0 la vapeur, rissole, m\u00e9lange, p\u00e9trit... sans besoin de surveiller la programmation gr\u00e2ce \u00e0 ses 4 programmes automatiques ou son mode manuel et ses accessoires performants. Augmentation de la temp\u00e9rature de cuisson: 5\u00b0CUne grande capacit\u00e9: Son grand bol permet la pr\u00e9paration de repas pour 6 personnes","og_url":"https:\/\/novakmarket.com\/nl\/product\/moulinex-i-companion\/","og_site_name":"Novak Market","article_modified_time":"2021-11-29T18:29:54+00:00","og_image":[{"width":700,"height":700,"url":"https:\/\/novakmarket.com\/wp-content\/uploads\/2021\/11\/XW3.jpg","type":"image\/jpeg"}],"twitter_card":"summary_large_image","schema":{"@context":"https:\/\/schema.org","@graph":[{"@type":"WebPage","@id":"https:\/\/novakmarket.com\/produit\/moulinex-i-companion\/","url":"https:\/\/novakmarket.com\/produit\/moulinex-i-companion\/","name":"Moulinex i-Companion - Novak Market","isPartOf":{"@id":"https:\/\/novakmarket.com\/#website"},"primaryImageOfPage":{"@id":"https:\/\/novakmarket.com\/produit\/moulinex-i-companion\/#primaryimage"},"image":{"@id":"https:\/\/novakmarket.com\/produit\/moulinex-i-companion\/#primaryimage"},"thumbnailUrl":"https:\/\/novakmarket.com\/wp-content\/uploads\/2021\/11\/XW3.jpg","datePublished":"2021-11-29T18:29:39+00:00","dateModified":"2021-11-29T18:29:54+00:00","breadcrumb":{"@id":"https:\/\/novakmarket.com\/produit\/moulinex-i-companion\/#breadcrumb"},"inLanguage":"nl-NL","potentialAction":[{"@type":"ReadAction","target":["https:\/\/novakmarket.com\/produit\/moulinex-i-companion\/"]}]},{"@type":"ImageObject","inLanguage":"nl-NL","@id":"https:\/\/novakmarket.com\/produit\/moulinex-i-companion\/#primaryimage","url":"https:\/\/novakmarket.com\/wp-content\/uploads\/2021\/11\/XW3.jpg","contentUrl":"https:\/\/novakmarket.com\/wp-content\/uploads\/2021\/11\/XW3.jpg","width":700,"height":700},{"@type":"BreadcrumbList","@id":"https:\/\/novakmarket.com\/produit\/moulinex-i-companion\/#breadcrumb","itemListElement":[{"@type":"ListItem","position":1,"name":"Accueil","item":"https:\/\/novakmarket.com\/"},{"@type":"ListItem","position":2,"name":"Boutique","item":"https:\/\/novakmarket.com\/shop\/"},{"@type":"ListItem","position":3,"name":"Moulinex i-Companion"}]},{"@type":"WebSite","@id":"https:\/\/novakmarket.com\/#website","url":"https:\/\/novakmarket.com\/","name":"Novak Market","description":"Vente de produits \u00e9lectroniques.","publisher":{"@id":"https:\/\/novakmarket.com\/#organization"},"potentialAction":[{"@type":"SearchAction","target":{"@type":"EntryPoint","urlTemplate":"https:\/\/novakmarket.com\/?s={search_term_string}"},"query-input":{"@type":"PropertyValueSpecification","valueRequired":true,"valueName":"search_term_string"}}],"inLanguage":"nl-NL"},{"@type":"Organization","@id":"https:\/\/novakmarket.com\/#organization","name":"Novak Market","url":"https:\/\/novakmarket.com\/","logo":{"@type":"ImageObject","inLanguage":"nl-NL","@id":"https:\/\/novakmarket.com\/#\/schema\/logo\/image\/","url":"https:\/\/novakmarket.com\/wp-content\/uploads\/2026\/02\/cropped-footer-pc-removebg-preview.png","contentUrl":"https:\/\/novakmarket.com\/wp-content\/uploads\/2026\/02\/cropped-footer-pc-removebg-preview.png","width":202,"height":73,"caption":"Novak Market"},"image":{"@id":"https:\/\/novakmarket.com\/#\/schema\/logo\/image\/"}}]}},"_links":{"self":[{"href":"https:\/\/novakmarket.com\/nl\/wp-json\/wp\/v2\/product\/5544","targetHints":{"allow":["GET"]}}],"collection":[{"href":"https:\/\/novakmarket.com\/nl\/wp-json\/wp\/v2\/product"}],"about":[{"href":"https:\/\/novakmarket.com\/nl\/wp-json\/wp\/v2\/types\/product"}],"replies":[{"embeddable":true,"href":"https:\/\/novakmarket.com\/nl\/wp-json\/wp\/v2\/comments?post=5544"}],"wp:featuredmedia":[{"embeddable":true,"href":"https:\/\/novakmarket.com\/nl\/wp-json\/wp\/v2\/media\/5589"}],"wp:attachment":[{"href":"https:\/\/novakmarket.com\/nl\/wp-json\/wp\/v2\/media?parent=5544"}],"wp:term":[{"taxonomy":"product_brand","embeddable":true,"href":"https:\/\/novakmarket.com\/nl\/wp-json\/wp\/v2\/product_brand?post=5544"},{"taxonomy":"product_cat","embeddable":true,"href":"https:\/\/novakmarket.com\/nl\/wp-json\/wp\/v2\/product_cat?post=5544"},{"taxonomy":"product_tag","embeddable":true,"href":"https:\/\/novakmarket.com\/nl\/wp-json\/wp\/v2\/product_tag?post=5544"}],"curies":[{"name":"wp","href":"https:\/\/api.w.org\/{rel}","templated":true}]}}