{"id":5552,"date":"2021-11-29T19:29:39","date_gmt":"2021-11-29T18:29:39","guid":{"rendered":"https:\/\/bestymarketshop.com\/?post_type=product&#038;p=5552"},"modified":"2021-11-29T20:13:41","modified_gmt":"2021-11-29T19:13:41","slug":"lito-gris-noir-canape-dangle-droit","status":"publish","type":"product","link":"https:\/\/novakmarket.com\/nl\/product\/lito-gris-noir-canape-dangle-droit\/","title":{"rendered":"LITO Gris noir canap\u00e9 d&#8217;angle droit"},"content":{"rendered":"<p><img loading=\"lazy\" decoding=\"async\" class=\"alignnone size-medium wp-image-7000\" src=\"https:\/\/electrospotshop.com\/wp-content\/uploads\/2020\/06\/ZN1-300x300.jpg\" alt=\"\" width=\"300\" height=\"300\" \/><\/p>","protected":false},"excerpt":{"rendered":"<div id=\"presContent\" class=\"fpBlk testSep extCode\">Ses caract\u00e9ristiques Dimensions: Longueur : 247 cm Profondeur : 193 cm Hauteur : 78 cm Profondeur d&#8217;assise avec coussins : 50 cm Profondeur d&#8217;assise hors coussins : 64 cm Hauteur d&#8217;assise : 40 cm Son assise: Dot\u00e9 d&#8217;un structure en bois (bouleau et pin), de panneaux agglom\u00e9r\u00e9s, de panneaux feutre et carton, sur celle-ci se rajoute une assise r\u00e9alis\u00e9e d&#8217;un m\u00e9lange de mousses polyur\u00e9thane de 30KG\/M3 qui lui procure robustesse et un confort agr\u00e9able. Son dossier constitu\u00e9 d&#8217;une structure similaire accueille un dossier capitonn\u00e9 garnis de mousse polyur\u00e9thane de 23Kg\/M3. Ses coloris: Le canap\u00e9 LITO est disponible en Bi-mati\u00e8re Son entretien: Pour nettoyer correctement votre canap\u00e9 n&#8217;h\u00e9sitez pas \u00e0 utiliser votre aspirateur avec un embout adapt\u00e9 afin d&#8217;enlever toutes poussi\u00e8res. Si une t\u00e2che pointe le bout de son nez sur le tissu pr\u00e9f\u00e9rez la m\u00e9thode du m\u00e9lange vinaigre blanc bicarbonate de soude avec un peu d&#8217;huiles essentielles (pour que votre canap\u00e9 ne sente pas trop le vinaigre apr\u00e8s avoir \u00e9radiqu\u00e9 votre t\u00e2che), rien de plus simple humidifiez un peu votre canap\u00e9 au niveau de votre t\u00e2che avec un m\u00e9lange d&#8217;au ti\u00e8de, de vinaigre blanc et d&#8217;huile essentielle, saupoudrez de bicarbonate de soude et nettoyer \u00e0 l&#8217;aide d&#8217;un chiffon doux. L&#8217;exp\u00e9dition ou la livraison: Nos canap\u00e9s sont fabriqu\u00e9s lors de la commande. De ce fait l&#8217;exp\u00e9dition prend g\u00e9n\u00e9ralement 4 \u00e0 6 semaines de d\u00e9lai. Cependant n&#8217;h\u00e9sitez pas \u00e0 nous contact\u00e9 peu \u00eatre que le mod\u00e8le que vous convoiter et en stock. Au niveau de la livraison, vous avez le choix entre plusieurs possibilit\u00e9s : Une livraison en pas de porte \/ bas d&#8217;immeuble : le transporteur d\u00e9chargera le canap\u00e9 sur le palier de votre habitation. Une livraison \u00e0 l&#8217;\u00e9tage : Le transporteur montera a l&#8217;\u00e9tage les colis jusqu&#8217;\u00e0 dans votre salon (attention : si votre habitation n&#8217;est pas dot\u00e9e d&#8217;un ascenseur les livreurs s\u2019arr\u00eateront au troisi\u00e8me \u00e9tage). Montage du canap\u00e9 : Pour simplifier le montage du canap\u00e9 d&#8217;angle LITO est d\u00e9j\u00e0 pr\u00e9mont\u00e9, en deux diff\u00e9rentes parties : La premi\u00e8re partie : 132 x 90 x 72 cm Le seconde partie : 200 x 90 x 72 cm \u00c0 noter : il faut rajouter \u00e0 ces mesures environ 5 \u00e0 7 cm pour les couches de protection dans le colis Petits plus d&#8217;informations : Le prix barr\u00e9 est le prix de r\u00e9f\u00e9rence chez le fabricant. Les coloris peuvent \u00eatre l\u00e9g\u00e8rement diff\u00e9rent en r\u00e9elle compar\u00e9 \u00e0 votre \u00e9cran, Le tissus du convertible peu \u00eatre diff\u00e9rent du tissus de rev\u00eatement La fabrication de nos produits est une fabrication europ\u00e9enne, et la garantie est de 2 ans.<\/div>","protected":false},"featured_media":5625,"comment_status":"open","ping_status":"closed","template":"","meta":{"_acf_changed":false},"product_brand":[],"product_cat":[285],"product_tag":[],"class_list":{"0":"post-5552","1":"product","2":"type-product","3":"status-publish","4":"has-post-thumbnail","6":"product_cat-meubles","8":"first","9":"instock","10":"shipping-taxable","11":"purchasable","12":"product-type-simple"},"acf":[],"yoast_head":"<!-- This site is optimized with the Yoast SEO plugin v27.2 - https:\/\/yoast.com\/product\/yoast-seo-wordpress\/ -->\n<title>LITO Gris noir canap\u00e9 d&#039;angle droit - Novak Market<\/title>\n<meta name=\"robots\" content=\"index, follow, max-snippet:-1, max-image-preview:large, max-video-preview:-1\" \/>\n<link rel=\"canonical\" href=\"https:\/\/novakmarket.com\/nl\/product\/lito-gris-noir-canape-dangle-droit\/\" \/>\n<meta property=\"og:locale\" content=\"nl_NL\" \/>\n<meta property=\"og:type\" content=\"article\" \/>\n<meta property=\"og:title\" content=\"LITO Gris noir canap\u00e9 d&#039;angle droit - Novak Market\" \/>\n<meta property=\"og:description\" content=\"Ses caract\u00e9ristiques Dimensions: Longueur : 247 cm Profondeur : 193 cm Hauteur : 78 cm Profondeur d&#039;assise avec coussins : 50 cm Profondeur d&#039;assise hors coussins : 64 cm Hauteur d&#039;assise : 40 cm Son assise: Dot\u00e9 d&#039;un structure en bois (bouleau et pin), de panneaux agglom\u00e9r\u00e9s, de panneaux feutre et carton, sur celle-ci se rajoute une assise r\u00e9alis\u00e9e d&#039;un m\u00e9lange de mousses polyur\u00e9thane de 30KG\/M3 qui lui procure robustesse et un confort agr\u00e9able. Son dossier constitu\u00e9 d&#039;une structure similaire accueille un dossier capitonn\u00e9 garnis de mousse polyur\u00e9thane de 23Kg\/M3. Ses coloris: Le canap\u00e9 LITO est disponible en Bi-mati\u00e8re Son entretien: Pour nettoyer correctement votre canap\u00e9 n&#039;h\u00e9sitez pas \u00e0 utiliser votre aspirateur avec un embout adapt\u00e9 afin d&#039;enlever toutes poussi\u00e8res. Si une t\u00e2che pointe le bout de son nez sur le tissu pr\u00e9f\u00e9rez la m\u00e9thode du m\u00e9lange vinaigre blanc bicarbonate de soude avec un peu d&#039;huiles essentielles (pour que votre canap\u00e9 ne sente pas trop le vinaigre apr\u00e8s avoir \u00e9radiqu\u00e9 votre t\u00e2che), rien de plus simple humidifiez un peu votre canap\u00e9 au niveau de votre t\u00e2che avec un m\u00e9lange d&#039;au ti\u00e8de, de vinaigre blanc et d&#039;huile essentielle, saupoudrez de bicarbonate de soude et nettoyer \u00e0 l&#039;aide d&#039;un chiffon doux. L&#039;exp\u00e9dition ou la livraison: Nos canap\u00e9s sont fabriqu\u00e9s lors de la commande. De ce fait l&#039;exp\u00e9dition prend g\u00e9n\u00e9ralement 4 \u00e0 6 semaines de d\u00e9lai. Cependant n&#039;h\u00e9sitez pas \u00e0 nous contact\u00e9 peu \u00eatre que le mod\u00e8le que vous convoiter et en stock. Au niveau de la livraison, vous avez le choix entre plusieurs possibilit\u00e9s : Une livraison en pas de porte \/ bas d&#039;immeuble : le transporteur d\u00e9chargera le canap\u00e9 sur le palier de votre habitation. Une livraison \u00e0 l&#039;\u00e9tage : Le transporteur montera a l&#039;\u00e9tage les colis jusqu&#039;\u00e0 dans votre salon (attention : si votre habitation n&#039;est pas dot\u00e9e d&#039;un ascenseur les livreurs s\u2019arr\u00eateront au troisi\u00e8me \u00e9tage). Montage du canap\u00e9 : Pour simplifier le montage du canap\u00e9 d&#039;angle LITO est d\u00e9j\u00e0 pr\u00e9mont\u00e9, en deux diff\u00e9rentes parties : La premi\u00e8re partie : 132 x 90 x 72 cm Le seconde partie : 200 x 90 x 72 cm \u00c0 noter : il faut rajouter \u00e0 ces mesures environ 5 \u00e0 7 cm pour les couches de protection dans le colis Petits plus d&#039;informations : Le prix barr\u00e9 est le prix de r\u00e9f\u00e9rence chez le fabricant. Les coloris peuvent \u00eatre l\u00e9g\u00e8rement diff\u00e9rent en r\u00e9elle compar\u00e9 \u00e0 votre \u00e9cran, Le tissus du convertible peu \u00eatre diff\u00e9rent du tissus de rev\u00eatement La fabrication de nos produits est une fabrication europ\u00e9enne, et la garantie est de 2 ans.\" \/>\n<meta property=\"og:url\" content=\"https:\/\/novakmarket.com\/nl\/product\/lito-gris-noir-canape-dangle-droit\/\" \/>\n<meta property=\"og:site_name\" content=\"Novak Market\" \/>\n<meta property=\"article:modified_time\" content=\"2021-11-29T19:13:41+00:00\" \/>\n<meta property=\"og:image\" content=\"https:\/\/novakmarket.com\/wp-content\/uploads\/2021\/11\/ZN1.jpg\" \/>\n\t<meta property=\"og:image:width\" content=\"550\" \/>\n\t<meta property=\"og:image:height\" content=\"550\" \/>\n\t<meta property=\"og:image:type\" content=\"image\/jpeg\" \/>\n<meta name=\"twitter:card\" content=\"summary_large_image\" \/>\n<script type=\"application\/ld+json\" class=\"yoast-schema-graph\">{\"@context\":\"https:\/\/schema.org\",\"@graph\":[{\"@type\":\"WebPage\",\"@id\":\"https:\/\/novakmarket.com\/produit\/lito-gris-noir-canape-dangle-droit\/\",\"url\":\"https:\/\/novakmarket.com\/produit\/lito-gris-noir-canape-dangle-droit\/\",\"name\":\"LITO Gris noir canap\u00e9 d'angle droit - Novak Market\",\"isPartOf\":{\"@id\":\"https:\/\/novakmarket.com\/#website\"},\"primaryImageOfPage\":{\"@id\":\"https:\/\/novakmarket.com\/produit\/lito-gris-noir-canape-dangle-droit\/#primaryimage\"},\"image\":{\"@id\":\"https:\/\/novakmarket.com\/produit\/lito-gris-noir-canape-dangle-droit\/#primaryimage\"},\"thumbnailUrl\":\"https:\/\/novakmarket.com\/wp-content\/uploads\/2021\/11\/ZN1.jpg\",\"datePublished\":\"2021-11-29T18:29:39+00:00\",\"dateModified\":\"2021-11-29T19:13:41+00:00\",\"breadcrumb\":{\"@id\":\"https:\/\/novakmarket.com\/produit\/lito-gris-noir-canape-dangle-droit\/#breadcrumb\"},\"inLanguage\":\"nl-NL\",\"potentialAction\":[{\"@type\":\"ReadAction\",\"target\":[\"https:\/\/novakmarket.com\/produit\/lito-gris-noir-canape-dangle-droit\/\"]}]},{\"@type\":\"ImageObject\",\"inLanguage\":\"nl-NL\",\"@id\":\"https:\/\/novakmarket.com\/produit\/lito-gris-noir-canape-dangle-droit\/#primaryimage\",\"url\":\"https:\/\/novakmarket.com\/wp-content\/uploads\/2021\/11\/ZN1.jpg\",\"contentUrl\":\"https:\/\/novakmarket.com\/wp-content\/uploads\/2021\/11\/ZN1.jpg\",\"width\":550,\"height\":550},{\"@type\":\"BreadcrumbList\",\"@id\":\"https:\/\/novakmarket.com\/produit\/lito-gris-noir-canape-dangle-droit\/#breadcrumb\",\"itemListElement\":[{\"@type\":\"ListItem\",\"position\":1,\"name\":\"Accueil\",\"item\":\"https:\/\/novakmarket.com\/\"},{\"@type\":\"ListItem\",\"position\":2,\"name\":\"Boutique\",\"item\":\"https:\/\/novakmarket.com\/shop\/\"},{\"@type\":\"ListItem\",\"position\":3,\"name\":\"LITO Gris noir canap\u00e9 d&#8217;angle droit\"}]},{\"@type\":\"WebSite\",\"@id\":\"https:\/\/novakmarket.com\/#website\",\"url\":\"https:\/\/novakmarket.com\/\",\"name\":\"Novak Market\",\"description\":\"Vente de produits \u00e9lectroniques.\",\"publisher\":{\"@id\":\"https:\/\/novakmarket.com\/#organization\"},\"potentialAction\":[{\"@type\":\"SearchAction\",\"target\":{\"@type\":\"EntryPoint\",\"urlTemplate\":\"https:\/\/novakmarket.com\/?s={search_term_string}\"},\"query-input\":{\"@type\":\"PropertyValueSpecification\",\"valueRequired\":true,\"valueName\":\"search_term_string\"}}],\"inLanguage\":\"nl-NL\"},{\"@type\":\"Organization\",\"@id\":\"https:\/\/novakmarket.com\/#organization\",\"name\":\"Novak Market\",\"url\":\"https:\/\/novakmarket.com\/\",\"logo\":{\"@type\":\"ImageObject\",\"inLanguage\":\"nl-NL\",\"@id\":\"https:\/\/novakmarket.com\/#\/schema\/logo\/image\/\",\"url\":\"https:\/\/novakmarket.com\/wp-content\/uploads\/2026\/02\/cropped-footer-pc-removebg-preview.png\",\"contentUrl\":\"https:\/\/novakmarket.com\/wp-content\/uploads\/2026\/02\/cropped-footer-pc-removebg-preview.png\",\"width\":202,\"height\":73,\"caption\":\"Novak Market\"},\"image\":{\"@id\":\"https:\/\/novakmarket.com\/#\/schema\/logo\/image\/\"}}]}<\/script>\n<!-- \/ Yoast SEO plugin. -->","yoast_head_json":{"title":"LITO Gris noir canap\u00e9 d'angle droit - Novak Market","robots":{"index":"index","follow":"follow","max-snippet":"max-snippet:-1","max-image-preview":"max-image-preview:large","max-video-preview":"max-video-preview:-1"},"canonical":"https:\/\/novakmarket.com\/nl\/product\/lito-gris-noir-canape-dangle-droit\/","og_locale":"nl_NL","og_type":"article","og_title":"LITO Gris noir canap\u00e9 d'angle droit - Novak Market","og_description":"Ses caract\u00e9ristiques Dimensions: Longueur : 247 cm Profondeur : 193 cm Hauteur : 78 cm Profondeur d'assise avec coussins : 50 cm Profondeur d'assise hors coussins : 64 cm Hauteur d'assise : 40 cm Son assise: Dot\u00e9 d'un structure en bois (bouleau et pin), de panneaux agglom\u00e9r\u00e9s, de panneaux feutre et carton, sur celle-ci se rajoute une assise r\u00e9alis\u00e9e d'un m\u00e9lange de mousses polyur\u00e9thane de 30KG\/M3 qui lui procure robustesse et un confort agr\u00e9able. Son dossier constitu\u00e9 d'une structure similaire accueille un dossier capitonn\u00e9 garnis de mousse polyur\u00e9thane de 23Kg\/M3. Ses coloris: Le canap\u00e9 LITO est disponible en Bi-mati\u00e8re Son entretien: Pour nettoyer correctement votre canap\u00e9 n'h\u00e9sitez pas \u00e0 utiliser votre aspirateur avec un embout adapt\u00e9 afin d'enlever toutes poussi\u00e8res. Si une t\u00e2che pointe le bout de son nez sur le tissu pr\u00e9f\u00e9rez la m\u00e9thode du m\u00e9lange vinaigre blanc bicarbonate de soude avec un peu d'huiles essentielles (pour que votre canap\u00e9 ne sente pas trop le vinaigre apr\u00e8s avoir \u00e9radiqu\u00e9 votre t\u00e2che), rien de plus simple humidifiez un peu votre canap\u00e9 au niveau de votre t\u00e2che avec un m\u00e9lange d'au ti\u00e8de, de vinaigre blanc et d'huile essentielle, saupoudrez de bicarbonate de soude et nettoyer \u00e0 l'aide d'un chiffon doux. L'exp\u00e9dition ou la livraison: Nos canap\u00e9s sont fabriqu\u00e9s lors de la commande. De ce fait l'exp\u00e9dition prend g\u00e9n\u00e9ralement 4 \u00e0 6 semaines de d\u00e9lai. Cependant n'h\u00e9sitez pas \u00e0 nous contact\u00e9 peu \u00eatre que le mod\u00e8le que vous convoiter et en stock. Au niveau de la livraison, vous avez le choix entre plusieurs possibilit\u00e9s : Une livraison en pas de porte \/ bas d'immeuble : le transporteur d\u00e9chargera le canap\u00e9 sur le palier de votre habitation. Une livraison \u00e0 l'\u00e9tage : Le transporteur montera a l'\u00e9tage les colis jusqu'\u00e0 dans votre salon (attention : si votre habitation n'est pas dot\u00e9e d'un ascenseur les livreurs s\u2019arr\u00eateront au troisi\u00e8me \u00e9tage). Montage du canap\u00e9 : Pour simplifier le montage du canap\u00e9 d'angle LITO est d\u00e9j\u00e0 pr\u00e9mont\u00e9, en deux diff\u00e9rentes parties : La premi\u00e8re partie : 132 x 90 x 72 cm Le seconde partie : 200 x 90 x 72 cm \u00c0 noter : il faut rajouter \u00e0 ces mesures environ 5 \u00e0 7 cm pour les couches de protection dans le colis Petits plus d'informations : Le prix barr\u00e9 est le prix de r\u00e9f\u00e9rence chez le fabricant. Les coloris peuvent \u00eatre l\u00e9g\u00e8rement diff\u00e9rent en r\u00e9elle compar\u00e9 \u00e0 votre \u00e9cran, Le tissus du convertible peu \u00eatre diff\u00e9rent du tissus de rev\u00eatement La fabrication de nos produits est une fabrication europ\u00e9enne, et la garantie est de 2 ans.","og_url":"https:\/\/novakmarket.com\/nl\/product\/lito-gris-noir-canape-dangle-droit\/","og_site_name":"Novak Market","article_modified_time":"2021-11-29T19:13:41+00:00","og_image":[{"width":550,"height":550,"url":"https:\/\/novakmarket.com\/wp-content\/uploads\/2021\/11\/ZN1.jpg","type":"image\/jpeg"}],"twitter_card":"summary_large_image","schema":{"@context":"https:\/\/schema.org","@graph":[{"@type":"WebPage","@id":"https:\/\/novakmarket.com\/produit\/lito-gris-noir-canape-dangle-droit\/","url":"https:\/\/novakmarket.com\/produit\/lito-gris-noir-canape-dangle-droit\/","name":"LITO Gris noir canap\u00e9 d'angle droit - Novak Market","isPartOf":{"@id":"https:\/\/novakmarket.com\/#website"},"primaryImageOfPage":{"@id":"https:\/\/novakmarket.com\/produit\/lito-gris-noir-canape-dangle-droit\/#primaryimage"},"image":{"@id":"https:\/\/novakmarket.com\/produit\/lito-gris-noir-canape-dangle-droit\/#primaryimage"},"thumbnailUrl":"https:\/\/novakmarket.com\/wp-content\/uploads\/2021\/11\/ZN1.jpg","datePublished":"2021-11-29T18:29:39+00:00","dateModified":"2021-11-29T19:13:41+00:00","breadcrumb":{"@id":"https:\/\/novakmarket.com\/produit\/lito-gris-noir-canape-dangle-droit\/#breadcrumb"},"inLanguage":"nl-NL","potentialAction":[{"@type":"ReadAction","target":["https:\/\/novakmarket.com\/produit\/lito-gris-noir-canape-dangle-droit\/"]}]},{"@type":"ImageObject","inLanguage":"nl-NL","@id":"https:\/\/novakmarket.com\/produit\/lito-gris-noir-canape-dangle-droit\/#primaryimage","url":"https:\/\/novakmarket.com\/wp-content\/uploads\/2021\/11\/ZN1.jpg","contentUrl":"https:\/\/novakmarket.com\/wp-content\/uploads\/2021\/11\/ZN1.jpg","width":550,"height":550},{"@type":"BreadcrumbList","@id":"https:\/\/novakmarket.com\/produit\/lito-gris-noir-canape-dangle-droit\/#breadcrumb","itemListElement":[{"@type":"ListItem","position":1,"name":"Accueil","item":"https:\/\/novakmarket.com\/"},{"@type":"ListItem","position":2,"name":"Boutique","item":"https:\/\/novakmarket.com\/shop\/"},{"@type":"ListItem","position":3,"name":"LITO Gris noir canap\u00e9 d&#8217;angle droit"}]},{"@type":"WebSite","@id":"https:\/\/novakmarket.com\/#website","url":"https:\/\/novakmarket.com\/","name":"Novak Market","description":"Vente de produits \u00e9lectroniques.","publisher":{"@id":"https:\/\/novakmarket.com\/#organization"},"potentialAction":[{"@type":"SearchAction","target":{"@type":"EntryPoint","urlTemplate":"https:\/\/novakmarket.com\/?s={search_term_string}"},"query-input":{"@type":"PropertyValueSpecification","valueRequired":true,"valueName":"search_term_string"}}],"inLanguage":"nl-NL"},{"@type":"Organization","@id":"https:\/\/novakmarket.com\/#organization","name":"Novak Market","url":"https:\/\/novakmarket.com\/","logo":{"@type":"ImageObject","inLanguage":"nl-NL","@id":"https:\/\/novakmarket.com\/#\/schema\/logo\/image\/","url":"https:\/\/novakmarket.com\/wp-content\/uploads\/2026\/02\/cropped-footer-pc-removebg-preview.png","contentUrl":"https:\/\/novakmarket.com\/wp-content\/uploads\/2026\/02\/cropped-footer-pc-removebg-preview.png","width":202,"height":73,"caption":"Novak Market"},"image":{"@id":"https:\/\/novakmarket.com\/#\/schema\/logo\/image\/"}}]}},"_links":{"self":[{"href":"https:\/\/novakmarket.com\/nl\/wp-json\/wp\/v2\/product\/5552","targetHints":{"allow":["GET"]}}],"collection":[{"href":"https:\/\/novakmarket.com\/nl\/wp-json\/wp\/v2\/product"}],"about":[{"href":"https:\/\/novakmarket.com\/nl\/wp-json\/wp\/v2\/types\/product"}],"replies":[{"embeddable":true,"href":"https:\/\/novakmarket.com\/nl\/wp-json\/wp\/v2\/comments?post=5552"}],"wp:featuredmedia":[{"embeddable":true,"href":"https:\/\/novakmarket.com\/nl\/wp-json\/wp\/v2\/media\/5625"}],"wp:attachment":[{"href":"https:\/\/novakmarket.com\/nl\/wp-json\/wp\/v2\/media?parent=5552"}],"wp:term":[{"taxonomy":"product_brand","embeddable":true,"href":"https:\/\/novakmarket.com\/nl\/wp-json\/wp\/v2\/product_brand?post=5552"},{"taxonomy":"product_cat","embeddable":true,"href":"https:\/\/novakmarket.com\/nl\/wp-json\/wp\/v2\/product_cat?post=5552"},{"taxonomy":"product_tag","embeddable":true,"href":"https:\/\/novakmarket.com\/nl\/wp-json\/wp\/v2\/product_tag?post=5552"}],"curies":[{"name":"wp","href":"https:\/\/api.w.org\/{rel}","templated":true}]}}