{"id":5555,"date":"2021-11-29T19:29:40","date_gmt":"2021-11-29T18:29:40","guid":{"rendered":"https:\/\/bestymarketshop.com\/?post_type=product&#038;p=5555"},"modified":"2021-11-29T20:13:43","modified_gmt":"2021-11-29T19:13:43","slug":"fontana-bureau-dangle-contemporain-blanc","status":"publish","type":"product","link":"https:\/\/novakmarket.com\/nl\/product\/fontana-bureau-dangle-contemporain-blanc\/","title":{"rendered":"FONTANA Bureau d&#8217;angle contemporain blanc"},"content":{"rendered":"<p><img loading=\"lazy\" decoding=\"async\" class=\"alignnone size-medium wp-image-7009\" src=\"https:\/\/electrospotshop.com\/wp-content\/uploads\/2020\/06\/ZN5-300x300.jpg\" alt=\"\" width=\"300\" height=\"300\" \/><\/p>","protected":false},"excerpt":{"rendered":"<ul>\n<li>Dimensions : L 136 \/ 203,5 cm<\/li>\n<li>Finition &amp; D\u00e9cor : M\u00e9lamin\u00e9<\/li>\n<li>Couleur(s) : Blanc artik<\/li>\n<li>Mati\u00e8re de la structure : Panneaux de particules<\/li>\n<li>Nombre et type de rangements : Ce bureau comporte:, &#8211; 2 petites niches (L 32 x P 31.5 x H 33), &#8211; 2 grandes niches (L 66.5 x P 31.5 x H 33), &#8211; 2 portes (L 32 x P 31.5 x H 29)<\/li>\n<li>Fabrication europ\u00e9enne<\/li>\n<li>Type de bureau : Angle<\/li>\n<\/ul>","protected":false},"featured_media":5631,"comment_status":"open","ping_status":"closed","template":"","meta":{"_acf_changed":false},"product_brand":[],"product_cat":[285],"product_tag":[],"class_list":{"0":"post-5555","1":"product","2":"type-product","3":"status-publish","4":"has-post-thumbnail","6":"product_cat-meubles","8":"first","9":"instock","10":"shipping-taxable","11":"purchasable","12":"product-type-simple"},"acf":[],"yoast_head":"<!-- This site is optimized with the Yoast SEO plugin v27.2 - https:\/\/yoast.com\/product\/yoast-seo-wordpress\/ -->\n<title>FONTANA Bureau d&#039;angle contemporain blanc - Novak Market<\/title>\n<meta name=\"robots\" content=\"index, follow, max-snippet:-1, max-image-preview:large, max-video-preview:-1\" \/>\n<link rel=\"canonical\" href=\"https:\/\/novakmarket.com\/nl\/product\/fontana-bureau-dangle-contemporain-blanc\/\" \/>\n<meta property=\"og:locale\" content=\"nl_NL\" \/>\n<meta property=\"og:type\" content=\"article\" \/>\n<meta property=\"og:title\" content=\"FONTANA Bureau d&#039;angle contemporain blanc - Novak Market\" \/>\n<meta property=\"og:description\" content=\"Dimensions : L 136 \/ 203,5 cm  Finition &amp; D\u00e9cor : M\u00e9lamin\u00e9  Couleur(s) : Blanc artik  Mati\u00e8re de la structure : Panneaux de particules  Nombre et type de rangements : Ce bureau comporte:, - 2 petites niches (L 32 x P 31.5 x H 33), - 2 grandes niches (L 66.5 x P 31.5 x H 33), - 2 portes (L 32 x P 31.5 x H 29)  Fabrication europ\u00e9enne  Type de bureau : Angle\" \/>\n<meta property=\"og:url\" content=\"https:\/\/novakmarket.com\/nl\/product\/fontana-bureau-dangle-contemporain-blanc\/\" \/>\n<meta property=\"og:site_name\" content=\"Novak Market\" \/>\n<meta property=\"article:modified_time\" content=\"2021-11-29T19:13:43+00:00\" \/>\n<meta property=\"og:image\" content=\"https:\/\/novakmarket.com\/wp-content\/uploads\/2021\/11\/ZN5.jpg\" \/>\n\t<meta property=\"og:image:width\" content=\"550\" \/>\n\t<meta property=\"og:image:height\" content=\"550\" \/>\n\t<meta property=\"og:image:type\" content=\"image\/jpeg\" \/>\n<meta name=\"twitter:card\" content=\"summary_large_image\" \/>\n<script type=\"application\/ld+json\" class=\"yoast-schema-graph\">{\"@context\":\"https:\/\/schema.org\",\"@graph\":[{\"@type\":\"WebPage\",\"@id\":\"https:\/\/novakmarket.com\/produit\/fontana-bureau-dangle-contemporain-blanc\/\",\"url\":\"https:\/\/novakmarket.com\/produit\/fontana-bureau-dangle-contemporain-blanc\/\",\"name\":\"FONTANA Bureau d'angle contemporain blanc - Novak Market\",\"isPartOf\":{\"@id\":\"https:\/\/novakmarket.com\/#website\"},\"primaryImageOfPage\":{\"@id\":\"https:\/\/novakmarket.com\/produit\/fontana-bureau-dangle-contemporain-blanc\/#primaryimage\"},\"image\":{\"@id\":\"https:\/\/novakmarket.com\/produit\/fontana-bureau-dangle-contemporain-blanc\/#primaryimage\"},\"thumbnailUrl\":\"https:\/\/novakmarket.com\/wp-content\/uploads\/2021\/11\/ZN5.jpg\",\"datePublished\":\"2021-11-29T18:29:40+00:00\",\"dateModified\":\"2021-11-29T19:13:43+00:00\",\"breadcrumb\":{\"@id\":\"https:\/\/novakmarket.com\/produit\/fontana-bureau-dangle-contemporain-blanc\/#breadcrumb\"},\"inLanguage\":\"nl-NL\",\"potentialAction\":[{\"@type\":\"ReadAction\",\"target\":[\"https:\/\/novakmarket.com\/produit\/fontana-bureau-dangle-contemporain-blanc\/\"]}]},{\"@type\":\"ImageObject\",\"inLanguage\":\"nl-NL\",\"@id\":\"https:\/\/novakmarket.com\/produit\/fontana-bureau-dangle-contemporain-blanc\/#primaryimage\",\"url\":\"https:\/\/novakmarket.com\/wp-content\/uploads\/2021\/11\/ZN5.jpg\",\"contentUrl\":\"https:\/\/novakmarket.com\/wp-content\/uploads\/2021\/11\/ZN5.jpg\",\"width\":550,\"height\":550},{\"@type\":\"BreadcrumbList\",\"@id\":\"https:\/\/novakmarket.com\/produit\/fontana-bureau-dangle-contemporain-blanc\/#breadcrumb\",\"itemListElement\":[{\"@type\":\"ListItem\",\"position\":1,\"name\":\"Accueil\",\"item\":\"https:\/\/novakmarket.com\/\"},{\"@type\":\"ListItem\",\"position\":2,\"name\":\"Boutique\",\"item\":\"https:\/\/novakmarket.com\/shop\/\"},{\"@type\":\"ListItem\",\"position\":3,\"name\":\"FONTANA Bureau d&#8217;angle contemporain blanc\"}]},{\"@type\":\"WebSite\",\"@id\":\"https:\/\/novakmarket.com\/#website\",\"url\":\"https:\/\/novakmarket.com\/\",\"name\":\"Novak Market\",\"description\":\"Vente de produits \u00e9lectroniques.\",\"publisher\":{\"@id\":\"https:\/\/novakmarket.com\/#organization\"},\"potentialAction\":[{\"@type\":\"SearchAction\",\"target\":{\"@type\":\"EntryPoint\",\"urlTemplate\":\"https:\/\/novakmarket.com\/?s={search_term_string}\"},\"query-input\":{\"@type\":\"PropertyValueSpecification\",\"valueRequired\":true,\"valueName\":\"search_term_string\"}}],\"inLanguage\":\"nl-NL\"},{\"@type\":\"Organization\",\"@id\":\"https:\/\/novakmarket.com\/#organization\",\"name\":\"Novak Market\",\"url\":\"https:\/\/novakmarket.com\/\",\"logo\":{\"@type\":\"ImageObject\",\"inLanguage\":\"nl-NL\",\"@id\":\"https:\/\/novakmarket.com\/#\/schema\/logo\/image\/\",\"url\":\"https:\/\/novakmarket.com\/wp-content\/uploads\/2026\/02\/cropped-footer-pc-removebg-preview.png\",\"contentUrl\":\"https:\/\/novakmarket.com\/wp-content\/uploads\/2026\/02\/cropped-footer-pc-removebg-preview.png\",\"width\":202,\"height\":73,\"caption\":\"Novak Market\"},\"image\":{\"@id\":\"https:\/\/novakmarket.com\/#\/schema\/logo\/image\/\"}}]}<\/script>\n<!-- \/ Yoast SEO plugin. -->","yoast_head_json":{"title":"FONTANA Bureau d'angle contemporain blanc - Novak Market","robots":{"index":"index","follow":"follow","max-snippet":"max-snippet:-1","max-image-preview":"max-image-preview:large","max-video-preview":"max-video-preview:-1"},"canonical":"https:\/\/novakmarket.com\/nl\/product\/fontana-bureau-dangle-contemporain-blanc\/","og_locale":"nl_NL","og_type":"article","og_title":"FONTANA Bureau d'angle contemporain blanc - Novak Market","og_description":"Dimensions : L 136 \/ 203,5 cm  Finition &amp; D\u00e9cor : M\u00e9lamin\u00e9  Couleur(s) : Blanc artik  Mati\u00e8re de la structure : Panneaux de particules  Nombre et type de rangements : Ce bureau comporte:, - 2 petites niches (L 32 x P 31.5 x H 33), - 2 grandes niches (L 66.5 x P 31.5 x H 33), - 2 portes (L 32 x P 31.5 x H 29)  Fabrication europ\u00e9enne  Type de bureau : Angle","og_url":"https:\/\/novakmarket.com\/nl\/product\/fontana-bureau-dangle-contemporain-blanc\/","og_site_name":"Novak Market","article_modified_time":"2021-11-29T19:13:43+00:00","og_image":[{"width":550,"height":550,"url":"https:\/\/novakmarket.com\/wp-content\/uploads\/2021\/11\/ZN5.jpg","type":"image\/jpeg"}],"twitter_card":"summary_large_image","schema":{"@context":"https:\/\/schema.org","@graph":[{"@type":"WebPage","@id":"https:\/\/novakmarket.com\/produit\/fontana-bureau-dangle-contemporain-blanc\/","url":"https:\/\/novakmarket.com\/produit\/fontana-bureau-dangle-contemporain-blanc\/","name":"FONTANA Bureau d'angle contemporain blanc - Novak Market","isPartOf":{"@id":"https:\/\/novakmarket.com\/#website"},"primaryImageOfPage":{"@id":"https:\/\/novakmarket.com\/produit\/fontana-bureau-dangle-contemporain-blanc\/#primaryimage"},"image":{"@id":"https:\/\/novakmarket.com\/produit\/fontana-bureau-dangle-contemporain-blanc\/#primaryimage"},"thumbnailUrl":"https:\/\/novakmarket.com\/wp-content\/uploads\/2021\/11\/ZN5.jpg","datePublished":"2021-11-29T18:29:40+00:00","dateModified":"2021-11-29T19:13:43+00:00","breadcrumb":{"@id":"https:\/\/novakmarket.com\/produit\/fontana-bureau-dangle-contemporain-blanc\/#breadcrumb"},"inLanguage":"nl-NL","potentialAction":[{"@type":"ReadAction","target":["https:\/\/novakmarket.com\/produit\/fontana-bureau-dangle-contemporain-blanc\/"]}]},{"@type":"ImageObject","inLanguage":"nl-NL","@id":"https:\/\/novakmarket.com\/produit\/fontana-bureau-dangle-contemporain-blanc\/#primaryimage","url":"https:\/\/novakmarket.com\/wp-content\/uploads\/2021\/11\/ZN5.jpg","contentUrl":"https:\/\/novakmarket.com\/wp-content\/uploads\/2021\/11\/ZN5.jpg","width":550,"height":550},{"@type":"BreadcrumbList","@id":"https:\/\/novakmarket.com\/produit\/fontana-bureau-dangle-contemporain-blanc\/#breadcrumb","itemListElement":[{"@type":"ListItem","position":1,"name":"Accueil","item":"https:\/\/novakmarket.com\/"},{"@type":"ListItem","position":2,"name":"Boutique","item":"https:\/\/novakmarket.com\/shop\/"},{"@type":"ListItem","position":3,"name":"FONTANA Bureau d&#8217;angle contemporain blanc"}]},{"@type":"WebSite","@id":"https:\/\/novakmarket.com\/#website","url":"https:\/\/novakmarket.com\/","name":"Novak Market","description":"Vente de produits \u00e9lectroniques.","publisher":{"@id":"https:\/\/novakmarket.com\/#organization"},"potentialAction":[{"@type":"SearchAction","target":{"@type":"EntryPoint","urlTemplate":"https:\/\/novakmarket.com\/?s={search_term_string}"},"query-input":{"@type":"PropertyValueSpecification","valueRequired":true,"valueName":"search_term_string"}}],"inLanguage":"nl-NL"},{"@type":"Organization","@id":"https:\/\/novakmarket.com\/#organization","name":"Novak Market","url":"https:\/\/novakmarket.com\/","logo":{"@type":"ImageObject","inLanguage":"nl-NL","@id":"https:\/\/novakmarket.com\/#\/schema\/logo\/image\/","url":"https:\/\/novakmarket.com\/wp-content\/uploads\/2026\/02\/cropped-footer-pc-removebg-preview.png","contentUrl":"https:\/\/novakmarket.com\/wp-content\/uploads\/2026\/02\/cropped-footer-pc-removebg-preview.png","width":202,"height":73,"caption":"Novak Market"},"image":{"@id":"https:\/\/novakmarket.com\/#\/schema\/logo\/image\/"}}]}},"_links":{"self":[{"href":"https:\/\/novakmarket.com\/nl\/wp-json\/wp\/v2\/product\/5555","targetHints":{"allow":["GET"]}}],"collection":[{"href":"https:\/\/novakmarket.com\/nl\/wp-json\/wp\/v2\/product"}],"about":[{"href":"https:\/\/novakmarket.com\/nl\/wp-json\/wp\/v2\/types\/product"}],"replies":[{"embeddable":true,"href":"https:\/\/novakmarket.com\/nl\/wp-json\/wp\/v2\/comments?post=5555"}],"wp:featuredmedia":[{"embeddable":true,"href":"https:\/\/novakmarket.com\/nl\/wp-json\/wp\/v2\/media\/5631"}],"wp:attachment":[{"href":"https:\/\/novakmarket.com\/nl\/wp-json\/wp\/v2\/media?parent=5555"}],"wp:term":[{"taxonomy":"product_brand","embeddable":true,"href":"https:\/\/novakmarket.com\/nl\/wp-json\/wp\/v2\/product_brand?post=5555"},{"taxonomy":"product_cat","embeddable":true,"href":"https:\/\/novakmarket.com\/nl\/wp-json\/wp\/v2\/product_cat?post=5555"},{"taxonomy":"product_tag","embeddable":true,"href":"https:\/\/novakmarket.com\/nl\/wp-json\/wp\/v2\/product_tag?post=5555"}],"curies":[{"name":"wp","href":"https:\/\/api.w.org\/{rel}","templated":true}]}}