{"id":5845,"date":"2021-11-29T20:15:19","date_gmt":"2021-11-29T19:15:19","guid":{"rendered":"https:\/\/bestymarketshop.com\/?post_type=product&#038;p=5845"},"modified":"2021-11-29T20:15:36","modified_gmt":"2021-11-29T19:15:36","slug":"huawei-mate-10-lite-64-gb-azul","status":"publish","type":"product","link":"https:\/\/novakmarket.com\/nl\/product\/huawei-mate-10-lite-64-gb-azul\/","title":{"rendered":"Huawei Mate 10 Lite 64 GB Azul"},"content":{"rendered":"<p><img loading=\"lazy\" decoding=\"async\" class=\"alignnone size-medium wp-image-5299\" src=\"https:\/\/electroshoptonic.com\/wp-content\/uploads\/2016\/03\/a1-300x300.jpg\" alt=\"\" width=\"300\" height=\"300\" \/><\/p>\n<p>Points forts :<br \/>\nTaille diagonale: 5,9 &#8221;<br \/>\nR\u00e9solution du capteur: 16 m\u00e9gapixels<br \/>\nCapacit\u00e9: 3340 mAh<br \/>\nCapacit\u00e9 de m\u00e9moire interne: 64 Go<br \/>\n8 coeurs<br \/>\nRAM: 4 Go<br \/>\nG\u00e9n\u00e9ration haut d\u00e9bit mobile: 4G<br \/>\nSyst\u00e8me d&#8217;exploitation: Android 7.0 Nougat<\/p>","protected":false},"excerpt":{"rendered":"<ul>\n<li>Points forts :<br \/>\nTaille diagonale: 5,9 &#8221;<br \/>\nR\u00e9solution du capteur: 16 m\u00e9gapixels<br \/>\nCapacit\u00e9: 3340 mAh<br \/>\nCapacit\u00e9 de m\u00e9moire interne: 64 Go<br \/>\n8 coeurs<br \/>\nRAM: 4 Go<br \/>\nG\u00e9n\u00e9ration haut d\u00e9bit mobile: 4G<br \/>\nSyst\u00e8me d&#8217;exploitation: Android 7.0 Nougat<\/li>\n<\/ul>","protected":false},"featured_media":5884,"comment_status":"open","ping_status":"closed","template":"","meta":{"_acf_changed":false},"product_brand":[],"product_cat":[295,280,281],"product_tag":[],"class_list":{"0":"post-5845","1":"product","2":"type-product","3":"status-publish","4":"has-post-thumbnail","6":"product_cat-huawei","7":"product_cat-smart-phones-tablets","8":"product_cat-smartphones","10":"first","11":"instock","12":"sale","13":"shipping-taxable","14":"purchasable","15":"product-type-simple"},"acf":[],"yoast_head":"<!-- This site is optimized with the Yoast SEO plugin v27.2 - https:\/\/yoast.com\/product\/yoast-seo-wordpress\/ -->\n<title>Huawei Mate 10 Lite 64 GB Azul - Novak Market<\/title>\n<meta name=\"robots\" content=\"index, follow, max-snippet:-1, max-image-preview:large, max-video-preview:-1\" \/>\n<link rel=\"canonical\" href=\"https:\/\/novakmarket.com\/nl\/product\/huawei-mate-10-lite-64-gb-azul\/\" \/>\n<meta property=\"og:locale\" content=\"nl_NL\" \/>\n<meta property=\"og:type\" content=\"article\" \/>\n<meta property=\"og:title\" content=\"Huawei Mate 10 Lite 64 GB Azul - Novak Market\" \/>\n<meta property=\"og:description\" content=\"Points forts : Taille diagonale: 5,9 &quot; R\u00e9solution du capteur: 16 m\u00e9gapixels Capacit\u00e9: 3340 mAh Capacit\u00e9 de m\u00e9moire interne: 64 Go 8 coeurs RAM: 4 Go G\u00e9n\u00e9ration haut d\u00e9bit mobile: 4G Syst\u00e8me d&#039;exploitation: Android 7.0 Nougat\" \/>\n<meta property=\"og:url\" content=\"https:\/\/novakmarket.com\/nl\/product\/huawei-mate-10-lite-64-gb-azul\/\" \/>\n<meta property=\"og:site_name\" content=\"Novak Market\" \/>\n<meta property=\"article:modified_time\" content=\"2021-11-29T19:15:36+00:00\" \/>\n<meta property=\"og:image\" content=\"https:\/\/novakmarket.com\/wp-content\/uploads\/2021\/11\/a1-4-1.jpg\" \/>\n\t<meta property=\"og:image:width\" content=\"700\" \/>\n\t<meta property=\"og:image:height\" content=\"700\" \/>\n\t<meta property=\"og:image:type\" content=\"image\/jpeg\" \/>\n<meta name=\"twitter:card\" content=\"summary_large_image\" \/>\n<script type=\"application\/ld+json\" class=\"yoast-schema-graph\">{\"@context\":\"https:\/\/schema.org\",\"@graph\":[{\"@type\":\"WebPage\",\"@id\":\"https:\/\/novakmarket.com\/produit\/huawei-mate-10-lite-64-gb-azul\/\",\"url\":\"https:\/\/novakmarket.com\/produit\/huawei-mate-10-lite-64-gb-azul\/\",\"name\":\"Huawei Mate 10 Lite 64 GB Azul - Novak Market\",\"isPartOf\":{\"@id\":\"https:\/\/novakmarket.com\/#website\"},\"primaryImageOfPage\":{\"@id\":\"https:\/\/novakmarket.com\/produit\/huawei-mate-10-lite-64-gb-azul\/#primaryimage\"},\"image\":{\"@id\":\"https:\/\/novakmarket.com\/produit\/huawei-mate-10-lite-64-gb-azul\/#primaryimage\"},\"thumbnailUrl\":\"https:\/\/novakmarket.com\/wp-content\/uploads\/2021\/11\/a1-4-1.jpg\",\"datePublished\":\"2021-11-29T19:15:19+00:00\",\"dateModified\":\"2021-11-29T19:15:36+00:00\",\"breadcrumb\":{\"@id\":\"https:\/\/novakmarket.com\/produit\/huawei-mate-10-lite-64-gb-azul\/#breadcrumb\"},\"inLanguage\":\"nl-NL\",\"potentialAction\":[{\"@type\":\"ReadAction\",\"target\":[\"https:\/\/novakmarket.com\/produit\/huawei-mate-10-lite-64-gb-azul\/\"]}]},{\"@type\":\"ImageObject\",\"inLanguage\":\"nl-NL\",\"@id\":\"https:\/\/novakmarket.com\/produit\/huawei-mate-10-lite-64-gb-azul\/#primaryimage\",\"url\":\"https:\/\/novakmarket.com\/wp-content\/uploads\/2021\/11\/a1-4-1.jpg\",\"contentUrl\":\"https:\/\/novakmarket.com\/wp-content\/uploads\/2021\/11\/a1-4-1.jpg\",\"width\":700,\"height\":700},{\"@type\":\"BreadcrumbList\",\"@id\":\"https:\/\/novakmarket.com\/produit\/huawei-mate-10-lite-64-gb-azul\/#breadcrumb\",\"itemListElement\":[{\"@type\":\"ListItem\",\"position\":1,\"name\":\"Accueil\",\"item\":\"https:\/\/novakmarket.com\/\"},{\"@type\":\"ListItem\",\"position\":2,\"name\":\"Boutique\",\"item\":\"https:\/\/novakmarket.com\/shop\/\"},{\"@type\":\"ListItem\",\"position\":3,\"name\":\"Huawei Mate 10 Lite 64 GB Azul\"}]},{\"@type\":\"WebSite\",\"@id\":\"https:\/\/novakmarket.com\/#website\",\"url\":\"https:\/\/novakmarket.com\/\",\"name\":\"Novak Market\",\"description\":\"Vente de produits \u00e9lectroniques.\",\"publisher\":{\"@id\":\"https:\/\/novakmarket.com\/#organization\"},\"potentialAction\":[{\"@type\":\"SearchAction\",\"target\":{\"@type\":\"EntryPoint\",\"urlTemplate\":\"https:\/\/novakmarket.com\/?s={search_term_string}\"},\"query-input\":{\"@type\":\"PropertyValueSpecification\",\"valueRequired\":true,\"valueName\":\"search_term_string\"}}],\"inLanguage\":\"nl-NL\"},{\"@type\":\"Organization\",\"@id\":\"https:\/\/novakmarket.com\/#organization\",\"name\":\"Novak Market\",\"url\":\"https:\/\/novakmarket.com\/\",\"logo\":{\"@type\":\"ImageObject\",\"inLanguage\":\"nl-NL\",\"@id\":\"https:\/\/novakmarket.com\/#\/schema\/logo\/image\/\",\"url\":\"https:\/\/novakmarket.com\/wp-content\/uploads\/2026\/02\/cropped-footer-pc-removebg-preview.png\",\"contentUrl\":\"https:\/\/novakmarket.com\/wp-content\/uploads\/2026\/02\/cropped-footer-pc-removebg-preview.png\",\"width\":202,\"height\":73,\"caption\":\"Novak Market\"},\"image\":{\"@id\":\"https:\/\/novakmarket.com\/#\/schema\/logo\/image\/\"}}]}<\/script>\n<!-- \/ Yoast SEO plugin. -->","yoast_head_json":{"title":"Huawei Mate 10 Lite 64 GB Azul - Novak Market","robots":{"index":"index","follow":"follow","max-snippet":"max-snippet:-1","max-image-preview":"max-image-preview:large","max-video-preview":"max-video-preview:-1"},"canonical":"https:\/\/novakmarket.com\/nl\/product\/huawei-mate-10-lite-64-gb-azul\/","og_locale":"nl_NL","og_type":"article","og_title":"Huawei Mate 10 Lite 64 GB Azul - Novak Market","og_description":"Points forts : Taille diagonale: 5,9 \" R\u00e9solution du capteur: 16 m\u00e9gapixels Capacit\u00e9: 3340 mAh Capacit\u00e9 de m\u00e9moire interne: 64 Go 8 coeurs RAM: 4 Go G\u00e9n\u00e9ration haut d\u00e9bit mobile: 4G Syst\u00e8me d'exploitation: Android 7.0 Nougat","og_url":"https:\/\/novakmarket.com\/nl\/product\/huawei-mate-10-lite-64-gb-azul\/","og_site_name":"Novak Market","article_modified_time":"2021-11-29T19:15:36+00:00","og_image":[{"width":700,"height":700,"url":"https:\/\/novakmarket.com\/wp-content\/uploads\/2021\/11\/a1-4-1.jpg","type":"image\/jpeg"}],"twitter_card":"summary_large_image","schema":{"@context":"https:\/\/schema.org","@graph":[{"@type":"WebPage","@id":"https:\/\/novakmarket.com\/produit\/huawei-mate-10-lite-64-gb-azul\/","url":"https:\/\/novakmarket.com\/produit\/huawei-mate-10-lite-64-gb-azul\/","name":"Huawei Mate 10 Lite 64 GB Azul - Novak Market","isPartOf":{"@id":"https:\/\/novakmarket.com\/#website"},"primaryImageOfPage":{"@id":"https:\/\/novakmarket.com\/produit\/huawei-mate-10-lite-64-gb-azul\/#primaryimage"},"image":{"@id":"https:\/\/novakmarket.com\/produit\/huawei-mate-10-lite-64-gb-azul\/#primaryimage"},"thumbnailUrl":"https:\/\/novakmarket.com\/wp-content\/uploads\/2021\/11\/a1-4-1.jpg","datePublished":"2021-11-29T19:15:19+00:00","dateModified":"2021-11-29T19:15:36+00:00","breadcrumb":{"@id":"https:\/\/novakmarket.com\/produit\/huawei-mate-10-lite-64-gb-azul\/#breadcrumb"},"inLanguage":"nl-NL","potentialAction":[{"@type":"ReadAction","target":["https:\/\/novakmarket.com\/produit\/huawei-mate-10-lite-64-gb-azul\/"]}]},{"@type":"ImageObject","inLanguage":"nl-NL","@id":"https:\/\/novakmarket.com\/produit\/huawei-mate-10-lite-64-gb-azul\/#primaryimage","url":"https:\/\/novakmarket.com\/wp-content\/uploads\/2021\/11\/a1-4-1.jpg","contentUrl":"https:\/\/novakmarket.com\/wp-content\/uploads\/2021\/11\/a1-4-1.jpg","width":700,"height":700},{"@type":"BreadcrumbList","@id":"https:\/\/novakmarket.com\/produit\/huawei-mate-10-lite-64-gb-azul\/#breadcrumb","itemListElement":[{"@type":"ListItem","position":1,"name":"Accueil","item":"https:\/\/novakmarket.com\/"},{"@type":"ListItem","position":2,"name":"Boutique","item":"https:\/\/novakmarket.com\/shop\/"},{"@type":"ListItem","position":3,"name":"Huawei Mate 10 Lite 64 GB Azul"}]},{"@type":"WebSite","@id":"https:\/\/novakmarket.com\/#website","url":"https:\/\/novakmarket.com\/","name":"Novak Market","description":"Vente de produits \u00e9lectroniques.","publisher":{"@id":"https:\/\/novakmarket.com\/#organization"},"potentialAction":[{"@type":"SearchAction","target":{"@type":"EntryPoint","urlTemplate":"https:\/\/novakmarket.com\/?s={search_term_string}"},"query-input":{"@type":"PropertyValueSpecification","valueRequired":true,"valueName":"search_term_string"}}],"inLanguage":"nl-NL"},{"@type":"Organization","@id":"https:\/\/novakmarket.com\/#organization","name":"Novak Market","url":"https:\/\/novakmarket.com\/","logo":{"@type":"ImageObject","inLanguage":"nl-NL","@id":"https:\/\/novakmarket.com\/#\/schema\/logo\/image\/","url":"https:\/\/novakmarket.com\/wp-content\/uploads\/2026\/02\/cropped-footer-pc-removebg-preview.png","contentUrl":"https:\/\/novakmarket.com\/wp-content\/uploads\/2026\/02\/cropped-footer-pc-removebg-preview.png","width":202,"height":73,"caption":"Novak Market"},"image":{"@id":"https:\/\/novakmarket.com\/#\/schema\/logo\/image\/"}}]}},"_links":{"self":[{"href":"https:\/\/novakmarket.com\/nl\/wp-json\/wp\/v2\/product\/5845","targetHints":{"allow":["GET"]}}],"collection":[{"href":"https:\/\/novakmarket.com\/nl\/wp-json\/wp\/v2\/product"}],"about":[{"href":"https:\/\/novakmarket.com\/nl\/wp-json\/wp\/v2\/types\/product"}],"replies":[{"embeddable":true,"href":"https:\/\/novakmarket.com\/nl\/wp-json\/wp\/v2\/comments?post=5845"}],"wp:featuredmedia":[{"embeddable":true,"href":"https:\/\/novakmarket.com\/nl\/wp-json\/wp\/v2\/media\/5884"}],"wp:attachment":[{"href":"https:\/\/novakmarket.com\/nl\/wp-json\/wp\/v2\/media?parent=5845"}],"wp:term":[{"taxonomy":"product_brand","embeddable":true,"href":"https:\/\/novakmarket.com\/nl\/wp-json\/wp\/v2\/product_brand?post=5845"},{"taxonomy":"product_cat","embeddable":true,"href":"https:\/\/novakmarket.com\/nl\/wp-json\/wp\/v2\/product_cat?post=5845"},{"taxonomy":"product_tag","embeddable":true,"href":"https:\/\/novakmarket.com\/nl\/wp-json\/wp\/v2\/product_tag?post=5845"}],"curies":[{"name":"wp","href":"https:\/\/api.w.org\/{rel}","templated":true}]}}