{"id":5850,"date":"2021-11-29T20:15:20","date_gmt":"2021-11-29T19:15:20","guid":{"rendered":"https:\/\/bestymarketshop.com\/?post_type=product&#038;p=5850"},"modified":"2021-11-29T20:15:41","modified_gmt":"2021-11-29T19:15:41","slug":"vanne-anti-inondation","status":"publish","type":"product","link":"https:\/\/novakmarket.com\/nl\/product\/vanne-anti-inondation\/","title":{"rendered":"Vanne anti inondation"},"content":{"rendered":"<p><img loading=\"lazy\" decoding=\"async\" class=\"alignnone size-medium wp-image-8257\" src=\"https:\/\/e-marketshopping.com\/wp-content\/uploads\/2020\/07\/a1-300x300.jpg\" alt=\"\" width=\"300\" height=\"300\" \/><\/p>\n<p>&nbsp;<\/p>\n<p>&nbsp;<\/p>\n<p>WPRO MWB102. ANTICALCAIRE MAGN\u00c9TIQUE +VANNE ANTI-INONDATION pour lave-linge &amp; lave-vaisselle. Universel- Formule 2 en 1- Simple \u00e0 installer- Prolonge la dur\u00e9e de vie de vos appareils- R\u00e9duit votre facture \u00e9nerg\u00e9tique- Meilleurs r\u00e9sultats de lavage- Pr\u00e9vient les risques de fuite.<\/p>","protected":false},"excerpt":{"rendered":"<div id=\"descContent\" class=\"fpBlk testSep\" data-cs-override-id=\"Descriptif\">\n<table class=\"fpDescTb fpDescTbPub\">\n<tbody>\n<tr>\n<td>Nom du produit<\/td>\n<td>MWB102 Anticalcaire magn\u00e9tique + Vanne anti inonda<\/td>\n<\/tr>\n<tr>\n<td>Cat\u00e9gorie<\/td>\n<td>PI\u00c8CE LAVAGE-S\u00c9CHAGE<\/td>\n<\/tr>\n<tr>\n<th colspan=\"2\"><\/th>\n<\/tr>\n<tr>\n<td>Observations<\/td>\n<td>&#8211; Voir conditions et modalit\u00e9s particuli\u00e8res dans les CGV pour les produits d\u2019occasion.<br \/>\n&#8211; Ces garanties ne sont pas applicables aux produits vendus pour la marketplace.<br \/>\nMerci de vous r\u00e9f\u00e9rer aux CGV du vendeur.<\/td>\n<\/tr>\n<\/tbody>\n<\/table>\n<div id=\"VehicleSparePartProductAndVehicleAttributeCollection\"><\/div>\n<\/div>","protected":false},"featured_media":5895,"comment_status":"open","ping_status":"closed","template":"","meta":{"_acf_changed":false},"product_brand":[],"product_cat":[282,296],"product_tag":[],"class_list":{"0":"post-5850","1":"product","2":"type-product","3":"status-publish","4":"has-post-thumbnail","6":"product_cat-appareils-electromenagers","7":"product_cat-lavage","9":"first","10":"instock","11":"shipping-taxable","12":"purchasable","13":"product-type-simple"},"acf":[],"yoast_head":"<!-- This site is optimized with the Yoast SEO plugin v27.2 - https:\/\/yoast.com\/product\/yoast-seo-wordpress\/ -->\n<title>Vanne anti inondation - Novak Market<\/title>\n<meta name=\"robots\" content=\"index, follow, max-snippet:-1, max-image-preview:large, max-video-preview:-1\" \/>\n<link rel=\"canonical\" href=\"https:\/\/novakmarket.com\/nl\/product\/vanne-anti-inondation\/\" \/>\n<meta property=\"og:locale\" content=\"nl_NL\" \/>\n<meta property=\"og:type\" content=\"article\" \/>\n<meta property=\"og:title\" content=\"Vanne anti inondation - Novak Market\" \/>\n<meta property=\"og:description\" content=\"Nom du produit MWB102 Anticalcaire magn\u00e9tique + Vanne anti inonda  Cat\u00e9gorie PI\u00c8CE LAVAGE-S\u00c9CHAGE   Observations - Voir conditions et modalit\u00e9s particuli\u00e8res dans les CGV pour les produits d\u2019occasion. - Ces garanties ne sont pas applicables aux produits vendus pour la marketplace. Merci de vous r\u00e9f\u00e9rer aux CGV du vendeur.\" \/>\n<meta property=\"og:url\" content=\"https:\/\/novakmarket.com\/nl\/product\/vanne-anti-inondation\/\" \/>\n<meta property=\"og:site_name\" content=\"Novak Market\" \/>\n<meta property=\"article:modified_time\" content=\"2021-11-29T19:15:41+00:00\" \/>\n<meta property=\"og:image\" content=\"https:\/\/novakmarket.com\/wp-content\/uploads\/2021\/11\/a1-5-1.jpg\" \/>\n\t<meta property=\"og:image:width\" content=\"700\" \/>\n\t<meta property=\"og:image:height\" content=\"700\" \/>\n\t<meta property=\"og:image:type\" content=\"image\/jpeg\" \/>\n<meta name=\"twitter:card\" content=\"summary_large_image\" \/>\n<script type=\"application\/ld+json\" class=\"yoast-schema-graph\">{\"@context\":\"https:\/\/schema.org\",\"@graph\":[{\"@type\":\"WebPage\",\"@id\":\"https:\/\/novakmarket.com\/produit\/vanne-anti-inondation\/\",\"url\":\"https:\/\/novakmarket.com\/produit\/vanne-anti-inondation\/\",\"name\":\"Vanne anti inondation - Novak Market\",\"isPartOf\":{\"@id\":\"https:\/\/novakmarket.com\/#website\"},\"primaryImageOfPage\":{\"@id\":\"https:\/\/novakmarket.com\/produit\/vanne-anti-inondation\/#primaryimage\"},\"image\":{\"@id\":\"https:\/\/novakmarket.com\/produit\/vanne-anti-inondation\/#primaryimage\"},\"thumbnailUrl\":\"https:\/\/novakmarket.com\/wp-content\/uploads\/2021\/11\/a1-5-1.jpg\",\"datePublished\":\"2021-11-29T19:15:20+00:00\",\"dateModified\":\"2021-11-29T19:15:41+00:00\",\"breadcrumb\":{\"@id\":\"https:\/\/novakmarket.com\/produit\/vanne-anti-inondation\/#breadcrumb\"},\"inLanguage\":\"nl-NL\",\"potentialAction\":[{\"@type\":\"ReadAction\",\"target\":[\"https:\/\/novakmarket.com\/produit\/vanne-anti-inondation\/\"]}]},{\"@type\":\"ImageObject\",\"inLanguage\":\"nl-NL\",\"@id\":\"https:\/\/novakmarket.com\/produit\/vanne-anti-inondation\/#primaryimage\",\"url\":\"https:\/\/novakmarket.com\/wp-content\/uploads\/2021\/11\/a1-5-1.jpg\",\"contentUrl\":\"https:\/\/novakmarket.com\/wp-content\/uploads\/2021\/11\/a1-5-1.jpg\",\"width\":700,\"height\":700},{\"@type\":\"BreadcrumbList\",\"@id\":\"https:\/\/novakmarket.com\/produit\/vanne-anti-inondation\/#breadcrumb\",\"itemListElement\":[{\"@type\":\"ListItem\",\"position\":1,\"name\":\"Accueil\",\"item\":\"https:\/\/novakmarket.com\/\"},{\"@type\":\"ListItem\",\"position\":2,\"name\":\"Boutique\",\"item\":\"https:\/\/novakmarket.com\/shop\/\"},{\"@type\":\"ListItem\",\"position\":3,\"name\":\"Vanne anti inondation\"}]},{\"@type\":\"WebSite\",\"@id\":\"https:\/\/novakmarket.com\/#website\",\"url\":\"https:\/\/novakmarket.com\/\",\"name\":\"Novak Market\",\"description\":\"Vente de produits \u00e9lectroniques.\",\"publisher\":{\"@id\":\"https:\/\/novakmarket.com\/#organization\"},\"potentialAction\":[{\"@type\":\"SearchAction\",\"target\":{\"@type\":\"EntryPoint\",\"urlTemplate\":\"https:\/\/novakmarket.com\/?s={search_term_string}\"},\"query-input\":{\"@type\":\"PropertyValueSpecification\",\"valueRequired\":true,\"valueName\":\"search_term_string\"}}],\"inLanguage\":\"nl-NL\"},{\"@type\":\"Organization\",\"@id\":\"https:\/\/novakmarket.com\/#organization\",\"name\":\"Novak Market\",\"url\":\"https:\/\/novakmarket.com\/\",\"logo\":{\"@type\":\"ImageObject\",\"inLanguage\":\"nl-NL\",\"@id\":\"https:\/\/novakmarket.com\/#\/schema\/logo\/image\/\",\"url\":\"https:\/\/novakmarket.com\/wp-content\/uploads\/2026\/02\/cropped-footer-pc-removebg-preview.png\",\"contentUrl\":\"https:\/\/novakmarket.com\/wp-content\/uploads\/2026\/02\/cropped-footer-pc-removebg-preview.png\",\"width\":202,\"height\":73,\"caption\":\"Novak Market\"},\"image\":{\"@id\":\"https:\/\/novakmarket.com\/#\/schema\/logo\/image\/\"}}]}<\/script>\n<!-- \/ Yoast SEO plugin. -->","yoast_head_json":{"title":"Vanne anti inondation - Novak Market","robots":{"index":"index","follow":"follow","max-snippet":"max-snippet:-1","max-image-preview":"max-image-preview:large","max-video-preview":"max-video-preview:-1"},"canonical":"https:\/\/novakmarket.com\/nl\/product\/vanne-anti-inondation\/","og_locale":"nl_NL","og_type":"article","og_title":"Vanne anti inondation - Novak Market","og_description":"Nom du produit MWB102 Anticalcaire magn\u00e9tique + Vanne anti inonda  Cat\u00e9gorie PI\u00c8CE LAVAGE-S\u00c9CHAGE   Observations - Voir conditions et modalit\u00e9s particuli\u00e8res dans les CGV pour les produits d\u2019occasion. - Ces garanties ne sont pas applicables aux produits vendus pour la marketplace. Merci de vous r\u00e9f\u00e9rer aux CGV du vendeur.","og_url":"https:\/\/novakmarket.com\/nl\/product\/vanne-anti-inondation\/","og_site_name":"Novak Market","article_modified_time":"2021-11-29T19:15:41+00:00","og_image":[{"width":700,"height":700,"url":"https:\/\/novakmarket.com\/wp-content\/uploads\/2021\/11\/a1-5-1.jpg","type":"image\/jpeg"}],"twitter_card":"summary_large_image","schema":{"@context":"https:\/\/schema.org","@graph":[{"@type":"WebPage","@id":"https:\/\/novakmarket.com\/produit\/vanne-anti-inondation\/","url":"https:\/\/novakmarket.com\/produit\/vanne-anti-inondation\/","name":"Vanne anti inondation - Novak Market","isPartOf":{"@id":"https:\/\/novakmarket.com\/#website"},"primaryImageOfPage":{"@id":"https:\/\/novakmarket.com\/produit\/vanne-anti-inondation\/#primaryimage"},"image":{"@id":"https:\/\/novakmarket.com\/produit\/vanne-anti-inondation\/#primaryimage"},"thumbnailUrl":"https:\/\/novakmarket.com\/wp-content\/uploads\/2021\/11\/a1-5-1.jpg","datePublished":"2021-11-29T19:15:20+00:00","dateModified":"2021-11-29T19:15:41+00:00","breadcrumb":{"@id":"https:\/\/novakmarket.com\/produit\/vanne-anti-inondation\/#breadcrumb"},"inLanguage":"nl-NL","potentialAction":[{"@type":"ReadAction","target":["https:\/\/novakmarket.com\/produit\/vanne-anti-inondation\/"]}]},{"@type":"ImageObject","inLanguage":"nl-NL","@id":"https:\/\/novakmarket.com\/produit\/vanne-anti-inondation\/#primaryimage","url":"https:\/\/novakmarket.com\/wp-content\/uploads\/2021\/11\/a1-5-1.jpg","contentUrl":"https:\/\/novakmarket.com\/wp-content\/uploads\/2021\/11\/a1-5-1.jpg","width":700,"height":700},{"@type":"BreadcrumbList","@id":"https:\/\/novakmarket.com\/produit\/vanne-anti-inondation\/#breadcrumb","itemListElement":[{"@type":"ListItem","position":1,"name":"Accueil","item":"https:\/\/novakmarket.com\/"},{"@type":"ListItem","position":2,"name":"Boutique","item":"https:\/\/novakmarket.com\/shop\/"},{"@type":"ListItem","position":3,"name":"Vanne anti inondation"}]},{"@type":"WebSite","@id":"https:\/\/novakmarket.com\/#website","url":"https:\/\/novakmarket.com\/","name":"Novak Market","description":"Vente de produits \u00e9lectroniques.","publisher":{"@id":"https:\/\/novakmarket.com\/#organization"},"potentialAction":[{"@type":"SearchAction","target":{"@type":"EntryPoint","urlTemplate":"https:\/\/novakmarket.com\/?s={search_term_string}"},"query-input":{"@type":"PropertyValueSpecification","valueRequired":true,"valueName":"search_term_string"}}],"inLanguage":"nl-NL"},{"@type":"Organization","@id":"https:\/\/novakmarket.com\/#organization","name":"Novak Market","url":"https:\/\/novakmarket.com\/","logo":{"@type":"ImageObject","inLanguage":"nl-NL","@id":"https:\/\/novakmarket.com\/#\/schema\/logo\/image\/","url":"https:\/\/novakmarket.com\/wp-content\/uploads\/2026\/02\/cropped-footer-pc-removebg-preview.png","contentUrl":"https:\/\/novakmarket.com\/wp-content\/uploads\/2026\/02\/cropped-footer-pc-removebg-preview.png","width":202,"height":73,"caption":"Novak Market"},"image":{"@id":"https:\/\/novakmarket.com\/#\/schema\/logo\/image\/"}}]}},"_links":{"self":[{"href":"https:\/\/novakmarket.com\/nl\/wp-json\/wp\/v2\/product\/5850","targetHints":{"allow":["GET"]}}],"collection":[{"href":"https:\/\/novakmarket.com\/nl\/wp-json\/wp\/v2\/product"}],"about":[{"href":"https:\/\/novakmarket.com\/nl\/wp-json\/wp\/v2\/types\/product"}],"replies":[{"embeddable":true,"href":"https:\/\/novakmarket.com\/nl\/wp-json\/wp\/v2\/comments?post=5850"}],"wp:featuredmedia":[{"embeddable":true,"href":"https:\/\/novakmarket.com\/nl\/wp-json\/wp\/v2\/media\/5895"}],"wp:attachment":[{"href":"https:\/\/novakmarket.com\/nl\/wp-json\/wp\/v2\/media?parent=5850"}],"wp:term":[{"taxonomy":"product_brand","embeddable":true,"href":"https:\/\/novakmarket.com\/nl\/wp-json\/wp\/v2\/product_brand?post=5850"},{"taxonomy":"product_cat","embeddable":true,"href":"https:\/\/novakmarket.com\/nl\/wp-json\/wp\/v2\/product_cat?post=5850"},{"taxonomy":"product_tag","embeddable":true,"href":"https:\/\/novakmarket.com\/nl\/wp-json\/wp\/v2\/product_tag?post=5850"}],"curies":[{"name":"wp","href":"https:\/\/api.w.org\/{rel}","templated":true}]}}