{"id":5860,"date":"2021-11-29T20:15:21","date_gmt":"2021-11-29T19:15:21","guid":{"rendered":"https:\/\/bestymarketshop.com\/?post_type=product&#038;p=5860"},"modified":"2021-11-29T20:16:08","modified_gmt":"2021-11-29T19:16:08","slug":"beko-lave-vaisselle-pose-libre","status":"publish","type":"product","link":"https:\/\/novakmarket.com\/nl\/product\/beko-lave-vaisselle-pose-libre\/","title":{"rendered":"BEKO Lave-vaisselle pose libre"},"content":{"rendered":"<p><img loading=\"lazy\" decoding=\"async\" class=\"alignnone size-medium wp-image-8310\" src=\"https:\/\/e-marketshopping.com\/wp-content\/uploads\/2020\/07\/Z5-300x300.jpg\" alt=\"\" width=\"300\" height=\"300\" \/><\/p>\n<ul>\n<li>Type d&#8217;installation : Sous-plan<\/li>\n<li>Largeur : 59,8 cm<\/li>\n<li>Nombre de couverts : 13<\/li>\n<li>Consommation d&#8217;eau par cycle : 11,5 litres<\/li>\n<li>D\u00e9part diff\u00e9r\u00e9 : 9 heures<\/li>\n<\/ul>","protected":false},"excerpt":{"rendered":"<ul>\n<li>\n<table class=\"fpDescTb fpDescTbPub\">\n<tbody>\n<tr>\n<td>Nom du produit<\/td>\n<td>BEKO LVP63S2 &#8211; Lave-vaisselle pose libre &#8211; L 60 cm<\/td>\n<\/tr>\n<tr>\n<td>Cat\u00e9gorie<\/td>\n<td>LAVE-VAISSELLE<\/td>\n<\/tr>\n<tr>\n<th colspan=\"2\">G\u00e9n\u00e9ral<\/th>\n<\/tr>\n<tr>\n<td>Format<\/td>\n<td>Pose libre (peut \u00eatre int\u00e9gr\u00e9)<\/td>\n<\/tr>\n<tr>\n<td>Type de Produit<\/td>\n<td>Lave-vaisselle<\/td>\n<\/tr>\n<tr>\n<td>Couleur<\/td>\n<td>Gris argent\u00e9<\/td>\n<\/tr>\n<tr>\n<td>Nombre de couverts<\/td>\n<td>13<\/td>\n<\/tr>\n<tr>\n<td>Consommation d&#8217;eau annuelle<\/td>\n<td>3220 litres<\/td>\n<\/tr>\n<tr>\n<td>Classe d&#8217;efficacit\u00e9 de s\u00e9chage<\/td>\n<td>Classe A<\/td>\n<\/tr>\n<tr>\n<td>Type d&#8217;installation<\/td>\n<td>Sous-plan<\/td>\n<\/tr>\n<tr>\n<td>Nbre de programmes<\/td>\n<td>4<\/td>\n<\/tr>\n<tr>\n<td>Consommation d&#8217;\u00e9nergie annuelle<\/td>\n<td>295 kWh<\/td>\n<\/tr>\n<tr>\n<td>Options et programmes sp\u00e9ciaux<\/td>\n<td>Demi-charge, \u00e9co 50\u00b0C, cycle express, quotidien, intensif 70\u00b0C<\/td>\n<\/tr>\n<tr>\n<td>Niveau sonore maximum<\/td>\n<td>47 dB<\/td>\n<\/tr>\n<tr>\n<td>Qt\u00e9 de niveaux de pulv\u00e9risation<\/td>\n<td>2<\/td>\n<\/tr>\n<tr>\n<td>Classe \u00e9nerg\u00e9tique<\/td>\n<td>Classe A<\/td>\n<\/tr>\n<tr>\n<th colspan=\"2\">R\u00e9glages, commandes et voyants<\/th>\n<\/tr>\n<tr>\n<td>D\u00e9part diff\u00e9r\u00e9<\/td>\n<td>9 heures<\/td>\n<\/tr>\n<tr>\n<td>Fonctions du minuteur<\/td>\n<td>D\u00e9part diff\u00e9r\u00e9<\/td>\n<\/tr>\n<tr>\n<td>Type de commande<\/td>\n<td>Electronique<\/td>\n<\/tr>\n<\/tbody>\n<\/table>\n<\/li>\n<\/ul>","protected":false},"featured_media":5947,"comment_status":"open","ping_status":"closed","template":"","meta":{"_acf_changed":false},"product_brand":[],"product_cat":[282,296],"product_tag":[],"class_list":{"0":"post-5860","1":"product","2":"type-product","3":"status-publish","4":"has-post-thumbnail","6":"product_cat-appareils-electromenagers","7":"product_cat-lavage","9":"first","10":"instock","11":"shipping-taxable","12":"purchasable","13":"product-type-simple"},"acf":[],"yoast_head":"<!-- This site is optimized with the Yoast SEO plugin v27.2 - https:\/\/yoast.com\/product\/yoast-seo-wordpress\/ -->\n<title>BEKO Lave-vaisselle pose libre - Novak Market<\/title>\n<meta name=\"robots\" content=\"index, follow, max-snippet:-1, max-image-preview:large, max-video-preview:-1\" \/>\n<link rel=\"canonical\" href=\"https:\/\/novakmarket.com\/nl\/product\/beko-lave-vaisselle-pose-libre\/\" \/>\n<meta property=\"og:locale\" content=\"nl_NL\" \/>\n<meta property=\"og:type\" content=\"article\" \/>\n<meta property=\"og:title\" content=\"BEKO Lave-vaisselle pose libre - Novak Market\" \/>\n<meta property=\"og:description\" content=\"Nom du produit BEKO LVP63S2 - Lave-vaisselle pose libre - L 60 cm  Cat\u00e9gorie LAVE-VAISSELLE  G\u00e9n\u00e9ral  Format Pose libre (peut \u00eatre int\u00e9gr\u00e9)  Type de Produit Lave-vaisselle  Couleur Gris argent\u00e9  Nombre de couverts 13  Consommation d&#039;eau annuelle 3220 litres  Classe d&#039;efficacit\u00e9 de s\u00e9chage Classe A  Type d&#039;installation Sous-plan  Nbre de programmes 4  Consommation d&#039;\u00e9nergie annuelle 295 kWh  Options et programmes sp\u00e9ciaux Demi-charge, \u00e9co 50\u00b0C, cycle express, quotidien, intensif 70\u00b0C  Niveau sonore maximum 47 dB  Qt\u00e9 de niveaux de pulv\u00e9risation 2  Classe \u00e9nerg\u00e9tique Classe A  R\u00e9glages, commandes et voyants  D\u00e9part diff\u00e9r\u00e9 9 heures  Fonctions du minuteur D\u00e9part diff\u00e9r\u00e9  Type de commande Electronique\" \/>\n<meta property=\"og:url\" content=\"https:\/\/novakmarket.com\/nl\/product\/beko-lave-vaisselle-pose-libre\/\" \/>\n<meta property=\"og:site_name\" content=\"Novak Market\" \/>\n<meta property=\"article:modified_time\" content=\"2021-11-29T19:16:08+00:00\" \/>\n<meta property=\"og:image\" content=\"https:\/\/novakmarket.com\/wp-content\/uploads\/2021\/11\/Z5.jpg\" \/>\n\t<meta property=\"og:image:width\" content=\"700\" \/>\n\t<meta property=\"og:image:height\" content=\"700\" \/>\n\t<meta property=\"og:image:type\" content=\"image\/jpeg\" \/>\n<meta name=\"twitter:card\" content=\"summary_large_image\" \/>\n<script type=\"application\/ld+json\" class=\"yoast-schema-graph\">{\"@context\":\"https:\/\/schema.org\",\"@graph\":[{\"@type\":\"WebPage\",\"@id\":\"https:\/\/novakmarket.com\/produit\/beko-lave-vaisselle-pose-libre\/\",\"url\":\"https:\/\/novakmarket.com\/produit\/beko-lave-vaisselle-pose-libre\/\",\"name\":\"BEKO Lave-vaisselle pose libre - Novak Market\",\"isPartOf\":{\"@id\":\"https:\/\/novakmarket.com\/#website\"},\"primaryImageOfPage\":{\"@id\":\"https:\/\/novakmarket.com\/produit\/beko-lave-vaisselle-pose-libre\/#primaryimage\"},\"image\":{\"@id\":\"https:\/\/novakmarket.com\/produit\/beko-lave-vaisselle-pose-libre\/#primaryimage\"},\"thumbnailUrl\":\"https:\/\/novakmarket.com\/wp-content\/uploads\/2021\/11\/Z5.jpg\",\"datePublished\":\"2021-11-29T19:15:21+00:00\",\"dateModified\":\"2021-11-29T19:16:08+00:00\",\"breadcrumb\":{\"@id\":\"https:\/\/novakmarket.com\/produit\/beko-lave-vaisselle-pose-libre\/#breadcrumb\"},\"inLanguage\":\"nl-NL\",\"potentialAction\":[{\"@type\":\"ReadAction\",\"target\":[\"https:\/\/novakmarket.com\/produit\/beko-lave-vaisselle-pose-libre\/\"]}]},{\"@type\":\"ImageObject\",\"inLanguage\":\"nl-NL\",\"@id\":\"https:\/\/novakmarket.com\/produit\/beko-lave-vaisselle-pose-libre\/#primaryimage\",\"url\":\"https:\/\/novakmarket.com\/wp-content\/uploads\/2021\/11\/Z5.jpg\",\"contentUrl\":\"https:\/\/novakmarket.com\/wp-content\/uploads\/2021\/11\/Z5.jpg\",\"width\":700,\"height\":700},{\"@type\":\"BreadcrumbList\",\"@id\":\"https:\/\/novakmarket.com\/produit\/beko-lave-vaisselle-pose-libre\/#breadcrumb\",\"itemListElement\":[{\"@type\":\"ListItem\",\"position\":1,\"name\":\"Accueil\",\"item\":\"https:\/\/novakmarket.com\/\"},{\"@type\":\"ListItem\",\"position\":2,\"name\":\"Boutique\",\"item\":\"https:\/\/novakmarket.com\/shop\/\"},{\"@type\":\"ListItem\",\"position\":3,\"name\":\"BEKO Lave-vaisselle pose libre\"}]},{\"@type\":\"WebSite\",\"@id\":\"https:\/\/novakmarket.com\/#website\",\"url\":\"https:\/\/novakmarket.com\/\",\"name\":\"Novak Market\",\"description\":\"Vente de produits \u00e9lectroniques.\",\"publisher\":{\"@id\":\"https:\/\/novakmarket.com\/#organization\"},\"potentialAction\":[{\"@type\":\"SearchAction\",\"target\":{\"@type\":\"EntryPoint\",\"urlTemplate\":\"https:\/\/novakmarket.com\/?s={search_term_string}\"},\"query-input\":{\"@type\":\"PropertyValueSpecification\",\"valueRequired\":true,\"valueName\":\"search_term_string\"}}],\"inLanguage\":\"nl-NL\"},{\"@type\":\"Organization\",\"@id\":\"https:\/\/novakmarket.com\/#organization\",\"name\":\"Novak Market\",\"url\":\"https:\/\/novakmarket.com\/\",\"logo\":{\"@type\":\"ImageObject\",\"inLanguage\":\"nl-NL\",\"@id\":\"https:\/\/novakmarket.com\/#\/schema\/logo\/image\/\",\"url\":\"https:\/\/novakmarket.com\/wp-content\/uploads\/2026\/02\/cropped-footer-pc-removebg-preview.png\",\"contentUrl\":\"https:\/\/novakmarket.com\/wp-content\/uploads\/2026\/02\/cropped-footer-pc-removebg-preview.png\",\"width\":202,\"height\":73,\"caption\":\"Novak Market\"},\"image\":{\"@id\":\"https:\/\/novakmarket.com\/#\/schema\/logo\/image\/\"}}]}<\/script>\n<!-- \/ Yoast SEO plugin. -->","yoast_head_json":{"title":"BEKO Lave-vaisselle pose libre - Novak Market","robots":{"index":"index","follow":"follow","max-snippet":"max-snippet:-1","max-image-preview":"max-image-preview:large","max-video-preview":"max-video-preview:-1"},"canonical":"https:\/\/novakmarket.com\/nl\/product\/beko-lave-vaisselle-pose-libre\/","og_locale":"nl_NL","og_type":"article","og_title":"BEKO Lave-vaisselle pose libre - Novak Market","og_description":"Nom du produit BEKO LVP63S2 - Lave-vaisselle pose libre - L 60 cm  Cat\u00e9gorie LAVE-VAISSELLE  G\u00e9n\u00e9ral  Format Pose libre (peut \u00eatre int\u00e9gr\u00e9)  Type de Produit Lave-vaisselle  Couleur Gris argent\u00e9  Nombre de couverts 13  Consommation d'eau annuelle 3220 litres  Classe d'efficacit\u00e9 de s\u00e9chage Classe A  Type d'installation Sous-plan  Nbre de programmes 4  Consommation d'\u00e9nergie annuelle 295 kWh  Options et programmes sp\u00e9ciaux Demi-charge, \u00e9co 50\u00b0C, cycle express, quotidien, intensif 70\u00b0C  Niveau sonore maximum 47 dB  Qt\u00e9 de niveaux de pulv\u00e9risation 2  Classe \u00e9nerg\u00e9tique Classe A  R\u00e9glages, commandes et voyants  D\u00e9part diff\u00e9r\u00e9 9 heures  Fonctions du minuteur D\u00e9part diff\u00e9r\u00e9  Type de commande Electronique","og_url":"https:\/\/novakmarket.com\/nl\/product\/beko-lave-vaisselle-pose-libre\/","og_site_name":"Novak Market","article_modified_time":"2021-11-29T19:16:08+00:00","og_image":[{"width":700,"height":700,"url":"https:\/\/novakmarket.com\/wp-content\/uploads\/2021\/11\/Z5.jpg","type":"image\/jpeg"}],"twitter_card":"summary_large_image","schema":{"@context":"https:\/\/schema.org","@graph":[{"@type":"WebPage","@id":"https:\/\/novakmarket.com\/produit\/beko-lave-vaisselle-pose-libre\/","url":"https:\/\/novakmarket.com\/produit\/beko-lave-vaisselle-pose-libre\/","name":"BEKO Lave-vaisselle pose libre - Novak Market","isPartOf":{"@id":"https:\/\/novakmarket.com\/#website"},"primaryImageOfPage":{"@id":"https:\/\/novakmarket.com\/produit\/beko-lave-vaisselle-pose-libre\/#primaryimage"},"image":{"@id":"https:\/\/novakmarket.com\/produit\/beko-lave-vaisselle-pose-libre\/#primaryimage"},"thumbnailUrl":"https:\/\/novakmarket.com\/wp-content\/uploads\/2021\/11\/Z5.jpg","datePublished":"2021-11-29T19:15:21+00:00","dateModified":"2021-11-29T19:16:08+00:00","breadcrumb":{"@id":"https:\/\/novakmarket.com\/produit\/beko-lave-vaisselle-pose-libre\/#breadcrumb"},"inLanguage":"nl-NL","potentialAction":[{"@type":"ReadAction","target":["https:\/\/novakmarket.com\/produit\/beko-lave-vaisselle-pose-libre\/"]}]},{"@type":"ImageObject","inLanguage":"nl-NL","@id":"https:\/\/novakmarket.com\/produit\/beko-lave-vaisselle-pose-libre\/#primaryimage","url":"https:\/\/novakmarket.com\/wp-content\/uploads\/2021\/11\/Z5.jpg","contentUrl":"https:\/\/novakmarket.com\/wp-content\/uploads\/2021\/11\/Z5.jpg","width":700,"height":700},{"@type":"BreadcrumbList","@id":"https:\/\/novakmarket.com\/produit\/beko-lave-vaisselle-pose-libre\/#breadcrumb","itemListElement":[{"@type":"ListItem","position":1,"name":"Accueil","item":"https:\/\/novakmarket.com\/"},{"@type":"ListItem","position":2,"name":"Boutique","item":"https:\/\/novakmarket.com\/shop\/"},{"@type":"ListItem","position":3,"name":"BEKO Lave-vaisselle pose libre"}]},{"@type":"WebSite","@id":"https:\/\/novakmarket.com\/#website","url":"https:\/\/novakmarket.com\/","name":"Novak Market","description":"Vente de produits \u00e9lectroniques.","publisher":{"@id":"https:\/\/novakmarket.com\/#organization"},"potentialAction":[{"@type":"SearchAction","target":{"@type":"EntryPoint","urlTemplate":"https:\/\/novakmarket.com\/?s={search_term_string}"},"query-input":{"@type":"PropertyValueSpecification","valueRequired":true,"valueName":"search_term_string"}}],"inLanguage":"nl-NL"},{"@type":"Organization","@id":"https:\/\/novakmarket.com\/#organization","name":"Novak Market","url":"https:\/\/novakmarket.com\/","logo":{"@type":"ImageObject","inLanguage":"nl-NL","@id":"https:\/\/novakmarket.com\/#\/schema\/logo\/image\/","url":"https:\/\/novakmarket.com\/wp-content\/uploads\/2026\/02\/cropped-footer-pc-removebg-preview.png","contentUrl":"https:\/\/novakmarket.com\/wp-content\/uploads\/2026\/02\/cropped-footer-pc-removebg-preview.png","width":202,"height":73,"caption":"Novak Market"},"image":{"@id":"https:\/\/novakmarket.com\/#\/schema\/logo\/image\/"}}]}},"_links":{"self":[{"href":"https:\/\/novakmarket.com\/nl\/wp-json\/wp\/v2\/product\/5860","targetHints":{"allow":["GET"]}}],"collection":[{"href":"https:\/\/novakmarket.com\/nl\/wp-json\/wp\/v2\/product"}],"about":[{"href":"https:\/\/novakmarket.com\/nl\/wp-json\/wp\/v2\/types\/product"}],"replies":[{"embeddable":true,"href":"https:\/\/novakmarket.com\/nl\/wp-json\/wp\/v2\/comments?post=5860"}],"wp:featuredmedia":[{"embeddable":true,"href":"https:\/\/novakmarket.com\/nl\/wp-json\/wp\/v2\/media\/5947"}],"wp:attachment":[{"href":"https:\/\/novakmarket.com\/nl\/wp-json\/wp\/v2\/media?parent=5860"}],"wp:term":[{"taxonomy":"product_brand","embeddable":true,"href":"https:\/\/novakmarket.com\/nl\/wp-json\/wp\/v2\/product_brand?post=5860"},{"taxonomy":"product_cat","embeddable":true,"href":"https:\/\/novakmarket.com\/nl\/wp-json\/wp\/v2\/product_cat?post=5860"},{"taxonomy":"product_tag","embeddable":true,"href":"https:\/\/novakmarket.com\/nl\/wp-json\/wp\/v2\/product_tag?post=5860"}],"curies":[{"name":"wp","href":"https:\/\/api.w.org\/{rel}","templated":true}]}}