{"id":5957,"date":"2021-11-29T20:16:19","date_gmt":"2021-11-29T19:16:19","guid":{"rendered":"https:\/\/bestymarketshop.com\/?post_type=product&#038;p=5957"},"modified":"2021-12-02T13:40:35","modified_gmt":"2021-12-02T12:40:35","slug":"russell-hobbs-multi-cuiseur","status":"publish","type":"product","link":"https:\/\/novakmarket.com\/nl\/product\/russell-hobbs-multi-cuiseur\/","title":{"rendered":"Russell Hobbs Multi Cuiseur"},"content":{"rendered":"<p><img loading=\"lazy\" decoding=\"async\" class=\"alignnone size-medium wp-image-8402\" src=\"https:\/\/e-marketshopping.com\/wp-content\/uploads\/2020\/07\/X11-11-300x300.jpg\" alt=\"\" width=\"300\" height=\"300\" \/><\/p>\n<p>Programmable 24 heures avant &#8211; 11 programmes : Riz, Cuisson Lente, Mijoteuse, Viande, Poisson, Soupe, Vapeur, Rissoler, Yaourti\u00e8re, Risotto, Porridge, Pain, G\u00e2teau &#8211; Cuve acier inoxydable &#8211; Compatible lave-vaisselle &#8211; Maintien au chaud &#8211; Couvercle anti-condensation &#8211; Panier vapeur &#8211; 2 cuill\u00e8res &#8211; 1 gobelet mesureur<\/p>","protected":false},"excerpt":{"rendered":"<table class=\"fpDescTb fpDescTbPub\">\n<tbody>\n<tr>\n<td>Nom du produit<\/td>\n<td>Russell Hobbs 21850-56 Multi Cuiseur 900W CookAtHo<\/td>\n<\/tr>\n<tr>\n<td>Cat\u00e9gorie<\/td>\n<td>MULTICUISEUR<\/td>\n<\/tr>\n<tr>\n<th colspan=\"2\">Informations sur le produit<\/th>\n<\/tr>\n<tr>\n<td>Robots de cuisine|Capacit\u00e9 du bol<\/td>\n<td>5 Litres<\/td>\n<\/tr>\n<tr>\n<th colspan=\"2\">G\u00e9n\u00e9ral<\/th>\n<\/tr>\n<tr>\n<td>Type de Produit<\/td>\n<td>Multicuiseur<\/td>\n<\/tr>\n<tr>\n<td>Rev\u00eatement de surface<\/td>\n<td>Rev\u00eatement antiadh\u00e9sif<\/td>\n<\/tr>\n<tr>\n<td>Fonction et param\u00e8tres<\/td>\n<td>Fonction maintien au chaud, fonction pr\u00e9paration de g\u00e2teau, fonction yaourt, fonction cuisson lente, fonction cuisson \u00e0 la vapeur, fonction riz, fonction pr\u00e9paration de porridge, fonction rago\u00fbt, fonction soupe, fonction pain<\/td>\n<\/tr>\n<tr>\n<td>Compatible lave-vaisselle<\/td>\n<td>Parties amovibles<\/td>\n<\/tr>\n<tr>\n<td>Contenance<\/td>\n<td>5 litres<\/td>\n<\/tr>\n<tr>\n<td>Fonctions<\/td>\n<td>Couvercle verrouillable, programme viandes, programme poissons, couvercle anti-condensation<\/td>\n<\/tr>\n<tr>\n<th colspan=\"2\">R\u00e9glages, commandes et voyants<\/th>\n<\/tr>\n<tr>\n<td>Minuteur<\/td>\n<td>24 hrs<\/td>\n<\/tr>\n<tr>\n<td>Type de commande<\/td>\n<td>Electronique<\/td>\n<\/tr>\n<tr>\n<td>Nombre de modes de cuisson<\/td>\n<td>11<\/td>\n<\/tr>\n<tr>\n<th colspan=\"2\">Consommation<\/th>\n<\/tr>\n<tr>\n<td>Alimentation<\/td>\n<td>220 &#8211; 240 V \/ 50\/60 Hz<\/td>\n<\/tr>\n<tr>\n<td>Puissance \u00e9lectrique<\/td>\n<td>900 Watt<\/td>\n<\/tr>\n<tr>\n<th colspan=\"2\">Divers<\/th>\n<\/tr>\n<\/tbody>\n<\/table>","protected":false},"featured_media":6025,"comment_status":"open","ping_status":"closed","template":"","meta":{"_acf_changed":false},"product_brand":[],"product_cat":[282,297],"product_tag":[],"class_list":{"0":"post-5957","1":"product","2":"type-product","3":"status-publish","4":"has-post-thumbnail","6":"product_cat-appareils-electromenagers","7":"product_cat-cuisson","9":"first","10":"instock","11":"shipping-taxable","12":"purchasable","13":"product-type-simple"},"acf":[],"yoast_head":"<!-- This site is optimized with the Yoast SEO plugin v27.2 - https:\/\/yoast.com\/product\/yoast-seo-wordpress\/ -->\n<title>Russell Hobbs Multi Cuiseur - Novak Market<\/title>\n<meta name=\"robots\" content=\"index, follow, max-snippet:-1, max-image-preview:large, max-video-preview:-1\" \/>\n<link rel=\"canonical\" href=\"https:\/\/novakmarket.com\/nl\/product\/russell-hobbs-multi-cuiseur\/\" \/>\n<meta property=\"og:locale\" content=\"nl_NL\" \/>\n<meta property=\"og:type\" content=\"article\" \/>\n<meta property=\"og:title\" content=\"Russell Hobbs Multi Cuiseur - Novak Market\" \/>\n<meta property=\"og:description\" content=\"Nom du produit Russell Hobbs 21850-56 Multi Cuiseur 900W CookAtHo  Cat\u00e9gorie MULTICUISEUR  Informations sur le produit  Robots de cuisine|Capacit\u00e9 du bol 5 Litres  G\u00e9n\u00e9ral  Type de Produit Multicuiseur  Rev\u00eatement de surface Rev\u00eatement antiadh\u00e9sif  Fonction et param\u00e8tres Fonction maintien au chaud, fonction pr\u00e9paration de g\u00e2teau, fonction yaourt, fonction cuisson lente, fonction cuisson \u00e0 la vapeur, fonction riz, fonction pr\u00e9paration de porridge, fonction rago\u00fbt, fonction soupe, fonction pain  Compatible lave-vaisselle Parties amovibles  Contenance 5 litres  Fonctions Couvercle verrouillable, programme viandes, programme poissons, couvercle anti-condensation  R\u00e9glages, commandes et voyants  Minuteur 24 hrs  Type de commande Electronique  Nombre de modes de cuisson 11  Consommation  Alimentation 220 - 240 V \/ 50\/60 Hz  Puissance \u00e9lectrique 900 Watt  Divers\" \/>\n<meta property=\"og:url\" content=\"https:\/\/novakmarket.com\/nl\/product\/russell-hobbs-multi-cuiseur\/\" \/>\n<meta property=\"og:site_name\" content=\"Novak Market\" \/>\n<meta property=\"article:modified_time\" content=\"2021-12-02T12:40:35+00:00\" \/>\n<meta property=\"og:image\" content=\"https:\/\/novakmarket.com\/wp-content\/uploads\/2021\/11\/X11-11.jpg\" \/>\n\t<meta property=\"og:image:width\" content=\"550\" \/>\n\t<meta property=\"og:image:height\" content=\"550\" \/>\n\t<meta property=\"og:image:type\" content=\"image\/jpeg\" \/>\n<meta name=\"twitter:card\" content=\"summary_large_image\" \/>\n<script type=\"application\/ld+json\" class=\"yoast-schema-graph\">{\"@context\":\"https:\/\/schema.org\",\"@graph\":[{\"@type\":\"WebPage\",\"@id\":\"https:\/\/novakmarket.com\/produit\/russell-hobbs-multi-cuiseur\/\",\"url\":\"https:\/\/novakmarket.com\/produit\/russell-hobbs-multi-cuiseur\/\",\"name\":\"Russell Hobbs Multi Cuiseur - Novak Market\",\"isPartOf\":{\"@id\":\"https:\/\/novakmarket.com\/#website\"},\"primaryImageOfPage\":{\"@id\":\"https:\/\/novakmarket.com\/produit\/russell-hobbs-multi-cuiseur\/#primaryimage\"},\"image\":{\"@id\":\"https:\/\/novakmarket.com\/produit\/russell-hobbs-multi-cuiseur\/#primaryimage\"},\"thumbnailUrl\":\"https:\/\/novakmarket.com\/wp-content\/uploads\/2021\/11\/X11-11.jpg\",\"datePublished\":\"2021-11-29T19:16:19+00:00\",\"dateModified\":\"2021-12-02T12:40:35+00:00\",\"breadcrumb\":{\"@id\":\"https:\/\/novakmarket.com\/produit\/russell-hobbs-multi-cuiseur\/#breadcrumb\"},\"inLanguage\":\"nl-NL\",\"potentialAction\":[{\"@type\":\"ReadAction\",\"target\":[\"https:\/\/novakmarket.com\/produit\/russell-hobbs-multi-cuiseur\/\"]}]},{\"@type\":\"ImageObject\",\"inLanguage\":\"nl-NL\",\"@id\":\"https:\/\/novakmarket.com\/produit\/russell-hobbs-multi-cuiseur\/#primaryimage\",\"url\":\"https:\/\/novakmarket.com\/wp-content\/uploads\/2021\/11\/X11-11.jpg\",\"contentUrl\":\"https:\/\/novakmarket.com\/wp-content\/uploads\/2021\/11\/X11-11.jpg\",\"width\":550,\"height\":550},{\"@type\":\"BreadcrumbList\",\"@id\":\"https:\/\/novakmarket.com\/produit\/russell-hobbs-multi-cuiseur\/#breadcrumb\",\"itemListElement\":[{\"@type\":\"ListItem\",\"position\":1,\"name\":\"Accueil\",\"item\":\"https:\/\/novakmarket.com\/\"},{\"@type\":\"ListItem\",\"position\":2,\"name\":\"Boutique\",\"item\":\"https:\/\/novakmarket.com\/shop\/\"},{\"@type\":\"ListItem\",\"position\":3,\"name\":\"Russell Hobbs Multi Cuiseur\"}]},{\"@type\":\"WebSite\",\"@id\":\"https:\/\/novakmarket.com\/#website\",\"url\":\"https:\/\/novakmarket.com\/\",\"name\":\"Novak Market\",\"description\":\"Vente de produits \u00e9lectroniques.\",\"publisher\":{\"@id\":\"https:\/\/novakmarket.com\/#organization\"},\"potentialAction\":[{\"@type\":\"SearchAction\",\"target\":{\"@type\":\"EntryPoint\",\"urlTemplate\":\"https:\/\/novakmarket.com\/?s={search_term_string}\"},\"query-input\":{\"@type\":\"PropertyValueSpecification\",\"valueRequired\":true,\"valueName\":\"search_term_string\"}}],\"inLanguage\":\"nl-NL\"},{\"@type\":\"Organization\",\"@id\":\"https:\/\/novakmarket.com\/#organization\",\"name\":\"Novak Market\",\"url\":\"https:\/\/novakmarket.com\/\",\"logo\":{\"@type\":\"ImageObject\",\"inLanguage\":\"nl-NL\",\"@id\":\"https:\/\/novakmarket.com\/#\/schema\/logo\/image\/\",\"url\":\"https:\/\/novakmarket.com\/wp-content\/uploads\/2026\/02\/cropped-footer-pc-removebg-preview.png\",\"contentUrl\":\"https:\/\/novakmarket.com\/wp-content\/uploads\/2026\/02\/cropped-footer-pc-removebg-preview.png\",\"width\":202,\"height\":73,\"caption\":\"Novak Market\"},\"image\":{\"@id\":\"https:\/\/novakmarket.com\/#\/schema\/logo\/image\/\"}}]}<\/script>\n<!-- \/ Yoast SEO plugin. -->","yoast_head_json":{"title":"Russell Hobbs Multi Cuiseur - Novak Market","robots":{"index":"index","follow":"follow","max-snippet":"max-snippet:-1","max-image-preview":"max-image-preview:large","max-video-preview":"max-video-preview:-1"},"canonical":"https:\/\/novakmarket.com\/nl\/product\/russell-hobbs-multi-cuiseur\/","og_locale":"nl_NL","og_type":"article","og_title":"Russell Hobbs Multi Cuiseur - Novak Market","og_description":"Nom du produit Russell Hobbs 21850-56 Multi Cuiseur 900W CookAtHo  Cat\u00e9gorie MULTICUISEUR  Informations sur le produit  Robots de cuisine|Capacit\u00e9 du bol 5 Litres  G\u00e9n\u00e9ral  Type de Produit Multicuiseur  Rev\u00eatement de surface Rev\u00eatement antiadh\u00e9sif  Fonction et param\u00e8tres Fonction maintien au chaud, fonction pr\u00e9paration de g\u00e2teau, fonction yaourt, fonction cuisson lente, fonction cuisson \u00e0 la vapeur, fonction riz, fonction pr\u00e9paration de porridge, fonction rago\u00fbt, fonction soupe, fonction pain  Compatible lave-vaisselle Parties amovibles  Contenance 5 litres  Fonctions Couvercle verrouillable, programme viandes, programme poissons, couvercle anti-condensation  R\u00e9glages, commandes et voyants  Minuteur 24 hrs  Type de commande Electronique  Nombre de modes de cuisson 11  Consommation  Alimentation 220 - 240 V \/ 50\/60 Hz  Puissance \u00e9lectrique 900 Watt  Divers","og_url":"https:\/\/novakmarket.com\/nl\/product\/russell-hobbs-multi-cuiseur\/","og_site_name":"Novak Market","article_modified_time":"2021-12-02T12:40:35+00:00","og_image":[{"width":550,"height":550,"url":"https:\/\/novakmarket.com\/wp-content\/uploads\/2021\/11\/X11-11.jpg","type":"image\/jpeg"}],"twitter_card":"summary_large_image","schema":{"@context":"https:\/\/schema.org","@graph":[{"@type":"WebPage","@id":"https:\/\/novakmarket.com\/produit\/russell-hobbs-multi-cuiseur\/","url":"https:\/\/novakmarket.com\/produit\/russell-hobbs-multi-cuiseur\/","name":"Russell Hobbs Multi Cuiseur - Novak Market","isPartOf":{"@id":"https:\/\/novakmarket.com\/#website"},"primaryImageOfPage":{"@id":"https:\/\/novakmarket.com\/produit\/russell-hobbs-multi-cuiseur\/#primaryimage"},"image":{"@id":"https:\/\/novakmarket.com\/produit\/russell-hobbs-multi-cuiseur\/#primaryimage"},"thumbnailUrl":"https:\/\/novakmarket.com\/wp-content\/uploads\/2021\/11\/X11-11.jpg","datePublished":"2021-11-29T19:16:19+00:00","dateModified":"2021-12-02T12:40:35+00:00","breadcrumb":{"@id":"https:\/\/novakmarket.com\/produit\/russell-hobbs-multi-cuiseur\/#breadcrumb"},"inLanguage":"nl-NL","potentialAction":[{"@type":"ReadAction","target":["https:\/\/novakmarket.com\/produit\/russell-hobbs-multi-cuiseur\/"]}]},{"@type":"ImageObject","inLanguage":"nl-NL","@id":"https:\/\/novakmarket.com\/produit\/russell-hobbs-multi-cuiseur\/#primaryimage","url":"https:\/\/novakmarket.com\/wp-content\/uploads\/2021\/11\/X11-11.jpg","contentUrl":"https:\/\/novakmarket.com\/wp-content\/uploads\/2021\/11\/X11-11.jpg","width":550,"height":550},{"@type":"BreadcrumbList","@id":"https:\/\/novakmarket.com\/produit\/russell-hobbs-multi-cuiseur\/#breadcrumb","itemListElement":[{"@type":"ListItem","position":1,"name":"Accueil","item":"https:\/\/novakmarket.com\/"},{"@type":"ListItem","position":2,"name":"Boutique","item":"https:\/\/novakmarket.com\/shop\/"},{"@type":"ListItem","position":3,"name":"Russell Hobbs Multi Cuiseur"}]},{"@type":"WebSite","@id":"https:\/\/novakmarket.com\/#website","url":"https:\/\/novakmarket.com\/","name":"Novak Market","description":"Vente de produits \u00e9lectroniques.","publisher":{"@id":"https:\/\/novakmarket.com\/#organization"},"potentialAction":[{"@type":"SearchAction","target":{"@type":"EntryPoint","urlTemplate":"https:\/\/novakmarket.com\/?s={search_term_string}"},"query-input":{"@type":"PropertyValueSpecification","valueRequired":true,"valueName":"search_term_string"}}],"inLanguage":"nl-NL"},{"@type":"Organization","@id":"https:\/\/novakmarket.com\/#organization","name":"Novak Market","url":"https:\/\/novakmarket.com\/","logo":{"@type":"ImageObject","inLanguage":"nl-NL","@id":"https:\/\/novakmarket.com\/#\/schema\/logo\/image\/","url":"https:\/\/novakmarket.com\/wp-content\/uploads\/2026\/02\/cropped-footer-pc-removebg-preview.png","contentUrl":"https:\/\/novakmarket.com\/wp-content\/uploads\/2026\/02\/cropped-footer-pc-removebg-preview.png","width":202,"height":73,"caption":"Novak Market"},"image":{"@id":"https:\/\/novakmarket.com\/#\/schema\/logo\/image\/"}}]}},"_links":{"self":[{"href":"https:\/\/novakmarket.com\/nl\/wp-json\/wp\/v2\/product\/5957","targetHints":{"allow":["GET"]}}],"collection":[{"href":"https:\/\/novakmarket.com\/nl\/wp-json\/wp\/v2\/product"}],"about":[{"href":"https:\/\/novakmarket.com\/nl\/wp-json\/wp\/v2\/types\/product"}],"replies":[{"embeddable":true,"href":"https:\/\/novakmarket.com\/nl\/wp-json\/wp\/v2\/comments?post=5957"}],"wp:featuredmedia":[{"embeddable":true,"href":"https:\/\/novakmarket.com\/nl\/wp-json\/wp\/v2\/media\/6025"}],"wp:attachment":[{"href":"https:\/\/novakmarket.com\/nl\/wp-json\/wp\/v2\/media?parent=5957"}],"wp:term":[{"taxonomy":"product_brand","embeddable":true,"href":"https:\/\/novakmarket.com\/nl\/wp-json\/wp\/v2\/product_brand?post=5957"},{"taxonomy":"product_cat","embeddable":true,"href":"https:\/\/novakmarket.com\/nl\/wp-json\/wp\/v2\/product_cat?post=5957"},{"taxonomy":"product_tag","embeddable":true,"href":"https:\/\/novakmarket.com\/nl\/wp-json\/wp\/v2\/product_tag?post=5957"}],"curies":[{"name":"wp","href":"https:\/\/api.w.org\/{rel}","templated":true}]}}