{"id":6116,"date":"2021-11-29T20:17:37","date_gmt":"2021-11-29T19:17:37","guid":{"rendered":"https:\/\/bestymarketshop.com\/?post_type=product&#038;p=6116"},"modified":"2021-11-29T20:18:18","modified_gmt":"2021-11-29T19:18:18","slug":"rick-fauteuil-de-relaxation-manuel","status":"publish","type":"product","link":"https:\/\/novakmarket.com\/nl\/product\/rick-fauteuil-de-relaxation-manuel\/","title":{"rendered":"RICK Fauteuil de relaxation manuel"},"content":{"rendered":"<p><img loading=\"lazy\" decoding=\"async\" class=\"alignnone size-medium wp-image-5759\" src=\"https:\/\/electroshoptonic.com\/wp-content\/uploads\/2020\/05\/AAZ1-1-300x300.jpg\" alt=\"\" width=\"300\" height=\"300\" \/><br \/>\n&nbsp;<br \/>\n&nbsp;<\/p>\n<ul>\n<li>Dimensions : L 76 x P 88 x H 102 cm<\/li>\n<li>Densit\u00e9 de l&#8217;assise : Densit\u00e9 assise : Mousse polyur\u00e9thane 28kg\/m3, Densit\u00e9 Dossier : Mousse polyur\u00e9thane 32kg\/m3<\/li>\n<li>Fonction \/ Usage : Relaxation<\/li>\n<li>Garnissage : Mousse polyur\u00e9thane<\/li>\n<\/ul>\n<p>&nbsp;<br \/>\n&nbsp;<\/p>","protected":false},"excerpt":{"rendered":"<p>&nbsp; &nbsp; Dimensions : L 76 x P 88 x H 102 cm Densit\u00e9 de l&#8217;assise : Densit\u00e9 assise : Mousse polyur\u00e9thane 28kg\/m3, Densit\u00e9 Dossier : Mousse polyur\u00e9thane 32kg\/m3 Fonction<\/p>","protected":false},"featured_media":6179,"comment_status":"open","ping_status":"closed","template":"","meta":{"_acf_changed":false},"product_brand":[],"product_cat":[285],"product_tag":[],"class_list":{"0":"post-6116","1":"product","2":"type-product","3":"status-publish","4":"has-post-thumbnail","6":"product_cat-meubles","8":"first","9":"instock","10":"shipping-taxable","11":"purchasable","12":"product-type-simple"},"acf":[],"yoast_head":"<!-- This site is optimized with the Yoast SEO plugin v27.2 - https:\/\/yoast.com\/product\/yoast-seo-wordpress\/ -->\n<title>RICK Fauteuil de relaxation manuel - Novak Market<\/title>\n<meta name=\"robots\" content=\"index, follow, max-snippet:-1, max-image-preview:large, max-video-preview:-1\" \/>\n<link rel=\"canonical\" href=\"https:\/\/novakmarket.com\/nl\/product\/rick-fauteuil-de-relaxation-manuel\/\" \/>\n<meta property=\"og:locale\" content=\"nl_NL\" \/>\n<meta property=\"og:type\" content=\"article\" \/>\n<meta property=\"og:title\" content=\"RICK Fauteuil de relaxation manuel - Novak Market\" \/>\n<meta property=\"og:description\" content=\"&nbsp; &nbsp; Dimensions : L 76 x P 88 x H 102 cm Densit\u00e9 de l&#8217;assise : Densit\u00e9 assise : Mousse polyur\u00e9thane 28kg\/m3, Densit\u00e9 Dossier : Mousse polyur\u00e9thane 32kg\/m3 Fonction\" \/>\n<meta property=\"og:url\" content=\"https:\/\/novakmarket.com\/nl\/product\/rick-fauteuil-de-relaxation-manuel\/\" \/>\n<meta property=\"og:site_name\" content=\"Novak Market\" \/>\n<meta property=\"article:modified_time\" content=\"2021-11-29T19:18:18+00:00\" \/>\n<meta property=\"og:image\" content=\"https:\/\/novakmarket.com\/wp-content\/uploads\/2021\/11\/AAZ11.jpg\" \/>\n\t<meta property=\"og:image:width\" content=\"550\" \/>\n\t<meta property=\"og:image:height\" content=\"550\" \/>\n\t<meta property=\"og:image:type\" content=\"image\/jpeg\" \/>\n<meta name=\"twitter:card\" content=\"summary_large_image\" \/>\n<script type=\"application\/ld+json\" class=\"yoast-schema-graph\">{\"@context\":\"https:\/\/schema.org\",\"@graph\":[{\"@type\":\"WebPage\",\"@id\":\"https:\/\/novakmarket.com\/produit\/rick-fauteuil-de-relaxation-manuel\/\",\"url\":\"https:\/\/novakmarket.com\/produit\/rick-fauteuil-de-relaxation-manuel\/\",\"name\":\"RICK Fauteuil de relaxation manuel - Novak Market\",\"isPartOf\":{\"@id\":\"https:\/\/novakmarket.com\/#website\"},\"primaryImageOfPage\":{\"@id\":\"https:\/\/novakmarket.com\/produit\/rick-fauteuil-de-relaxation-manuel\/#primaryimage\"},\"image\":{\"@id\":\"https:\/\/novakmarket.com\/produit\/rick-fauteuil-de-relaxation-manuel\/#primaryimage\"},\"thumbnailUrl\":\"https:\/\/novakmarket.com\/wp-content\/uploads\/2021\/11\/AAZ11.jpg\",\"datePublished\":\"2021-11-29T19:17:37+00:00\",\"dateModified\":\"2021-11-29T19:18:18+00:00\",\"breadcrumb\":{\"@id\":\"https:\/\/novakmarket.com\/produit\/rick-fauteuil-de-relaxation-manuel\/#breadcrumb\"},\"inLanguage\":\"nl-NL\",\"potentialAction\":[{\"@type\":\"ReadAction\",\"target\":[\"https:\/\/novakmarket.com\/produit\/rick-fauteuil-de-relaxation-manuel\/\"]}]},{\"@type\":\"ImageObject\",\"inLanguage\":\"nl-NL\",\"@id\":\"https:\/\/novakmarket.com\/produit\/rick-fauteuil-de-relaxation-manuel\/#primaryimage\",\"url\":\"https:\/\/novakmarket.com\/wp-content\/uploads\/2021\/11\/AAZ11.jpg\",\"contentUrl\":\"https:\/\/novakmarket.com\/wp-content\/uploads\/2021\/11\/AAZ11.jpg\",\"width\":550,\"height\":550},{\"@type\":\"BreadcrumbList\",\"@id\":\"https:\/\/novakmarket.com\/produit\/rick-fauteuil-de-relaxation-manuel\/#breadcrumb\",\"itemListElement\":[{\"@type\":\"ListItem\",\"position\":1,\"name\":\"Accueil\",\"item\":\"https:\/\/novakmarket.com\/\"},{\"@type\":\"ListItem\",\"position\":2,\"name\":\"Boutique\",\"item\":\"https:\/\/novakmarket.com\/shop\/\"},{\"@type\":\"ListItem\",\"position\":3,\"name\":\"RICK Fauteuil de relaxation manuel\"}]},{\"@type\":\"WebSite\",\"@id\":\"https:\/\/novakmarket.com\/#website\",\"url\":\"https:\/\/novakmarket.com\/\",\"name\":\"Novak Market\",\"description\":\"Vente de produits \u00e9lectroniques.\",\"publisher\":{\"@id\":\"https:\/\/novakmarket.com\/#organization\"},\"potentialAction\":[{\"@type\":\"SearchAction\",\"target\":{\"@type\":\"EntryPoint\",\"urlTemplate\":\"https:\/\/novakmarket.com\/?s={search_term_string}\"},\"query-input\":{\"@type\":\"PropertyValueSpecification\",\"valueRequired\":true,\"valueName\":\"search_term_string\"}}],\"inLanguage\":\"nl-NL\"},{\"@type\":\"Organization\",\"@id\":\"https:\/\/novakmarket.com\/#organization\",\"name\":\"Novak Market\",\"url\":\"https:\/\/novakmarket.com\/\",\"logo\":{\"@type\":\"ImageObject\",\"inLanguage\":\"nl-NL\",\"@id\":\"https:\/\/novakmarket.com\/#\/schema\/logo\/image\/\",\"url\":\"https:\/\/novakmarket.com\/wp-content\/uploads\/2026\/02\/cropped-footer-pc-removebg-preview.png\",\"contentUrl\":\"https:\/\/novakmarket.com\/wp-content\/uploads\/2026\/02\/cropped-footer-pc-removebg-preview.png\",\"width\":202,\"height\":73,\"caption\":\"Novak Market\"},\"image\":{\"@id\":\"https:\/\/novakmarket.com\/#\/schema\/logo\/image\/\"}}]}<\/script>\n<!-- \/ Yoast SEO plugin. -->","yoast_head_json":{"title":"RICK Fauteuil de relaxation manuel - Novak Market","robots":{"index":"index","follow":"follow","max-snippet":"max-snippet:-1","max-image-preview":"max-image-preview:large","max-video-preview":"max-video-preview:-1"},"canonical":"https:\/\/novakmarket.com\/nl\/product\/rick-fauteuil-de-relaxation-manuel\/","og_locale":"nl_NL","og_type":"article","og_title":"RICK Fauteuil de relaxation manuel - Novak Market","og_description":"&nbsp; &nbsp; Dimensions : L 76 x P 88 x H 102 cm Densit\u00e9 de l&#8217;assise : Densit\u00e9 assise : Mousse polyur\u00e9thane 28kg\/m3, Densit\u00e9 Dossier : Mousse polyur\u00e9thane 32kg\/m3 Fonction","og_url":"https:\/\/novakmarket.com\/nl\/product\/rick-fauteuil-de-relaxation-manuel\/","og_site_name":"Novak Market","article_modified_time":"2021-11-29T19:18:18+00:00","og_image":[{"width":550,"height":550,"url":"https:\/\/novakmarket.com\/wp-content\/uploads\/2021\/11\/AAZ11.jpg","type":"image\/jpeg"}],"twitter_card":"summary_large_image","schema":{"@context":"https:\/\/schema.org","@graph":[{"@type":"WebPage","@id":"https:\/\/novakmarket.com\/produit\/rick-fauteuil-de-relaxation-manuel\/","url":"https:\/\/novakmarket.com\/produit\/rick-fauteuil-de-relaxation-manuel\/","name":"RICK Fauteuil de relaxation manuel - Novak Market","isPartOf":{"@id":"https:\/\/novakmarket.com\/#website"},"primaryImageOfPage":{"@id":"https:\/\/novakmarket.com\/produit\/rick-fauteuil-de-relaxation-manuel\/#primaryimage"},"image":{"@id":"https:\/\/novakmarket.com\/produit\/rick-fauteuil-de-relaxation-manuel\/#primaryimage"},"thumbnailUrl":"https:\/\/novakmarket.com\/wp-content\/uploads\/2021\/11\/AAZ11.jpg","datePublished":"2021-11-29T19:17:37+00:00","dateModified":"2021-11-29T19:18:18+00:00","breadcrumb":{"@id":"https:\/\/novakmarket.com\/produit\/rick-fauteuil-de-relaxation-manuel\/#breadcrumb"},"inLanguage":"nl-NL","potentialAction":[{"@type":"ReadAction","target":["https:\/\/novakmarket.com\/produit\/rick-fauteuil-de-relaxation-manuel\/"]}]},{"@type":"ImageObject","inLanguage":"nl-NL","@id":"https:\/\/novakmarket.com\/produit\/rick-fauteuil-de-relaxation-manuel\/#primaryimage","url":"https:\/\/novakmarket.com\/wp-content\/uploads\/2021\/11\/AAZ11.jpg","contentUrl":"https:\/\/novakmarket.com\/wp-content\/uploads\/2021\/11\/AAZ11.jpg","width":550,"height":550},{"@type":"BreadcrumbList","@id":"https:\/\/novakmarket.com\/produit\/rick-fauteuil-de-relaxation-manuel\/#breadcrumb","itemListElement":[{"@type":"ListItem","position":1,"name":"Accueil","item":"https:\/\/novakmarket.com\/"},{"@type":"ListItem","position":2,"name":"Boutique","item":"https:\/\/novakmarket.com\/shop\/"},{"@type":"ListItem","position":3,"name":"RICK Fauteuil de relaxation manuel"}]},{"@type":"WebSite","@id":"https:\/\/novakmarket.com\/#website","url":"https:\/\/novakmarket.com\/","name":"Novak Market","description":"Vente de produits \u00e9lectroniques.","publisher":{"@id":"https:\/\/novakmarket.com\/#organization"},"potentialAction":[{"@type":"SearchAction","target":{"@type":"EntryPoint","urlTemplate":"https:\/\/novakmarket.com\/?s={search_term_string}"},"query-input":{"@type":"PropertyValueSpecification","valueRequired":true,"valueName":"search_term_string"}}],"inLanguage":"nl-NL"},{"@type":"Organization","@id":"https:\/\/novakmarket.com\/#organization","name":"Novak Market","url":"https:\/\/novakmarket.com\/","logo":{"@type":"ImageObject","inLanguage":"nl-NL","@id":"https:\/\/novakmarket.com\/#\/schema\/logo\/image\/","url":"https:\/\/novakmarket.com\/wp-content\/uploads\/2026\/02\/cropped-footer-pc-removebg-preview.png","contentUrl":"https:\/\/novakmarket.com\/wp-content\/uploads\/2026\/02\/cropped-footer-pc-removebg-preview.png","width":202,"height":73,"caption":"Novak Market"},"image":{"@id":"https:\/\/novakmarket.com\/#\/schema\/logo\/image\/"}}]}},"_links":{"self":[{"href":"https:\/\/novakmarket.com\/nl\/wp-json\/wp\/v2\/product\/6116","targetHints":{"allow":["GET"]}}],"collection":[{"href":"https:\/\/novakmarket.com\/nl\/wp-json\/wp\/v2\/product"}],"about":[{"href":"https:\/\/novakmarket.com\/nl\/wp-json\/wp\/v2\/types\/product"}],"replies":[{"embeddable":true,"href":"https:\/\/novakmarket.com\/nl\/wp-json\/wp\/v2\/comments?post=6116"}],"wp:featuredmedia":[{"embeddable":true,"href":"https:\/\/novakmarket.com\/nl\/wp-json\/wp\/v2\/media\/6179"}],"wp:attachment":[{"href":"https:\/\/novakmarket.com\/nl\/wp-json\/wp\/v2\/media?parent=6116"}],"wp:term":[{"taxonomy":"product_brand","embeddable":true,"href":"https:\/\/novakmarket.com\/nl\/wp-json\/wp\/v2\/product_brand?post=6116"},{"taxonomy":"product_cat","embeddable":true,"href":"https:\/\/novakmarket.com\/nl\/wp-json\/wp\/v2\/product_cat?post=6116"},{"taxonomy":"product_tag","embeddable":true,"href":"https:\/\/novakmarket.com\/nl\/wp-json\/wp\/v2\/product_tag?post=6116"}],"curies":[{"name":"wp","href":"https:\/\/api.w.org\/{rel}","templated":true}]}}