{"id":6197,"date":"2021-11-29T20:18:39","date_gmt":"2021-11-29T19:18:39","guid":{"rendered":"https:\/\/bestymarketshop.com\/?post_type=product&#038;p=6197"},"modified":"2021-11-29T20:18:52","modified_gmt":"2021-11-29T19:18:52","slug":"canon-imprimante-multifonctions-3-en-1","status":"publish","type":"product","link":"https:\/\/novakmarket.com\/nl\/product\/canon-imprimante-multifonctions-3-en-1\/","title":{"rendered":"CANON Imprimante multifonctions 3 en 1"},"content":{"rendered":"<p><img loading=\"lazy\" decoding=\"async\" class=\"alignnone size-medium wp-image-9016\" src=\"https:\/\/e-marketshopping.com\/wp-content\/uploads\/2020\/07\/I1-300x300.jpg\" alt=\"\" width=\"300\" height=\"300\" \/><\/p>","protected":false},"excerpt":{"rendered":"<table class=\"fpDescTb fpDescTbPub\">\n<tbody>\n<tr>\n<td>Nom du produit<\/td>\n<td>CANON Imprimante multifonctions 3 en 1 PIXMA TS535<\/td>\n<\/tr>\n<tr>\n<td>Cat\u00e9gorie<\/td>\n<td>IMPRIMANTE<\/td>\n<\/tr>\n<tr>\n<th colspan=\"2\">Informations sur le produit<\/th>\n<\/tr>\n<tr>\n<td>Marque<\/td>\n<td>CANON<\/td>\n<\/tr>\n<tr>\n<td>Pack<\/td>\n<td>Imprimante<\/td>\n<\/tr>\n<tr>\n<th colspan=\"2\"><\/th>\n<\/tr>\n<tr>\n<td>Garantie (\u00b2)<\/td>\n<td>2 ans &#8211; pi\u00e8ces, main d\u2019\u0153uvre et d\u00e9placement<\/td>\n<\/tr>\n<tr>\n<td>Observations<\/td>\n<td>&#8211; Voir conditions et modalit\u00e9s particuli\u00e8res dans les CGV pour les produits d\u2019occasion.<br \/>\n&#8211; Ces garanties ne sont pas applicables aux produits vendus pour la marketplace.<br \/>\nAinsi qu\u2019aux produits vendus \u00e0 des professionnels et\/ou pour une usage professionnel.<br \/>\nMerci de vous r\u00e9f\u00e9rer aux CGV du vendeur.<\/td>\n<\/tr>\n<\/tbody>\n<\/table>","protected":false},"featured_media":6230,"comment_status":"open","ping_status":"closed","template":"","meta":{"_acf_changed":false},"product_brand":[],"product_cat":[298],"product_tag":[],"class_list":{"0":"post-6197","1":"product","2":"type-product","3":"status-publish","4":"has-post-thumbnail","6":"product_cat-printers","8":"first","9":"instock","10":"shipping-taxable","11":"purchasable","12":"product-type-simple"},"acf":[],"yoast_head":"<!-- This site is optimized with the Yoast SEO plugin v27.2 - https:\/\/yoast.com\/product\/yoast-seo-wordpress\/ -->\n<title>CANON Imprimante multifonctions 3 en 1 - Novak Market<\/title>\n<meta name=\"robots\" content=\"index, follow, max-snippet:-1, max-image-preview:large, max-video-preview:-1\" \/>\n<link rel=\"canonical\" href=\"https:\/\/novakmarket.com\/nl\/product\/canon-imprimante-multifonctions-3-en-1\/\" \/>\n<meta property=\"og:locale\" content=\"nl_NL\" \/>\n<meta property=\"og:type\" content=\"article\" \/>\n<meta property=\"og:title\" content=\"CANON Imprimante multifonctions 3 en 1 - Novak Market\" \/>\n<meta property=\"og:description\" content=\"Nom du produit CANON Imprimante multifonctions 3 en 1 PIXMA TS535  Cat\u00e9gorie IMPRIMANTE  Informations sur le produit  Marque CANON  Pack Imprimante   Garantie (\u00b2) 2 ans - pi\u00e8ces, main d\u2019\u0153uvre et d\u00e9placement  Observations - Voir conditions et modalit\u00e9s particuli\u00e8res dans les CGV pour les produits d\u2019occasion. - Ces garanties ne sont pas applicables aux produits vendus pour la marketplace. Ainsi qu\u2019aux produits vendus \u00e0 des professionnels et\/ou pour une usage professionnel. Merci de vous r\u00e9f\u00e9rer aux CGV du vendeur.\" \/>\n<meta property=\"og:url\" content=\"https:\/\/novakmarket.com\/nl\/product\/canon-imprimante-multifonctions-3-en-1\/\" \/>\n<meta property=\"og:site_name\" content=\"Novak Market\" \/>\n<meta property=\"article:modified_time\" content=\"2021-11-29T19:18:52+00:00\" \/>\n<meta property=\"og:image\" content=\"https:\/\/novakmarket.com\/wp-content\/uploads\/2021\/11\/I11.jpg\" \/>\n\t<meta property=\"og:image:width\" content=\"700\" \/>\n\t<meta property=\"og:image:height\" content=\"700\" \/>\n\t<meta property=\"og:image:type\" content=\"image\/jpeg\" \/>\n<meta name=\"twitter:card\" content=\"summary_large_image\" \/>\n<script type=\"application\/ld+json\" class=\"yoast-schema-graph\">{\"@context\":\"https:\/\/schema.org\",\"@graph\":[{\"@type\":\"WebPage\",\"@id\":\"https:\/\/novakmarket.com\/produit\/canon-imprimante-multifonctions-3-en-1\/\",\"url\":\"https:\/\/novakmarket.com\/produit\/canon-imprimante-multifonctions-3-en-1\/\",\"name\":\"CANON Imprimante multifonctions 3 en 1 - Novak Market\",\"isPartOf\":{\"@id\":\"https:\/\/novakmarket.com\/#website\"},\"primaryImageOfPage\":{\"@id\":\"https:\/\/novakmarket.com\/produit\/canon-imprimante-multifonctions-3-en-1\/#primaryimage\"},\"image\":{\"@id\":\"https:\/\/novakmarket.com\/produit\/canon-imprimante-multifonctions-3-en-1\/#primaryimage\"},\"thumbnailUrl\":\"https:\/\/novakmarket.com\/wp-content\/uploads\/2021\/11\/I11.jpg\",\"datePublished\":\"2021-11-29T19:18:39+00:00\",\"dateModified\":\"2021-11-29T19:18:52+00:00\",\"breadcrumb\":{\"@id\":\"https:\/\/novakmarket.com\/produit\/canon-imprimante-multifonctions-3-en-1\/#breadcrumb\"},\"inLanguage\":\"nl-NL\",\"potentialAction\":[{\"@type\":\"ReadAction\",\"target\":[\"https:\/\/novakmarket.com\/produit\/canon-imprimante-multifonctions-3-en-1\/\"]}]},{\"@type\":\"ImageObject\",\"inLanguage\":\"nl-NL\",\"@id\":\"https:\/\/novakmarket.com\/produit\/canon-imprimante-multifonctions-3-en-1\/#primaryimage\",\"url\":\"https:\/\/novakmarket.com\/wp-content\/uploads\/2021\/11\/I11.jpg\",\"contentUrl\":\"https:\/\/novakmarket.com\/wp-content\/uploads\/2021\/11\/I11.jpg\",\"width\":700,\"height\":700},{\"@type\":\"BreadcrumbList\",\"@id\":\"https:\/\/novakmarket.com\/produit\/canon-imprimante-multifonctions-3-en-1\/#breadcrumb\",\"itemListElement\":[{\"@type\":\"ListItem\",\"position\":1,\"name\":\"Accueil\",\"item\":\"https:\/\/novakmarket.com\/\"},{\"@type\":\"ListItem\",\"position\":2,\"name\":\"Boutique\",\"item\":\"https:\/\/novakmarket.com\/shop\/\"},{\"@type\":\"ListItem\",\"position\":3,\"name\":\"CANON Imprimante multifonctions 3 en 1\"}]},{\"@type\":\"WebSite\",\"@id\":\"https:\/\/novakmarket.com\/#website\",\"url\":\"https:\/\/novakmarket.com\/\",\"name\":\"Novak Market\",\"description\":\"Vente de produits \u00e9lectroniques.\",\"publisher\":{\"@id\":\"https:\/\/novakmarket.com\/#organization\"},\"potentialAction\":[{\"@type\":\"SearchAction\",\"target\":{\"@type\":\"EntryPoint\",\"urlTemplate\":\"https:\/\/novakmarket.com\/?s={search_term_string}\"},\"query-input\":{\"@type\":\"PropertyValueSpecification\",\"valueRequired\":true,\"valueName\":\"search_term_string\"}}],\"inLanguage\":\"nl-NL\"},{\"@type\":\"Organization\",\"@id\":\"https:\/\/novakmarket.com\/#organization\",\"name\":\"Novak Market\",\"url\":\"https:\/\/novakmarket.com\/\",\"logo\":{\"@type\":\"ImageObject\",\"inLanguage\":\"nl-NL\",\"@id\":\"https:\/\/novakmarket.com\/#\/schema\/logo\/image\/\",\"url\":\"https:\/\/novakmarket.com\/wp-content\/uploads\/2026\/02\/cropped-footer-pc-removebg-preview.png\",\"contentUrl\":\"https:\/\/novakmarket.com\/wp-content\/uploads\/2026\/02\/cropped-footer-pc-removebg-preview.png\",\"width\":202,\"height\":73,\"caption\":\"Novak Market\"},\"image\":{\"@id\":\"https:\/\/novakmarket.com\/#\/schema\/logo\/image\/\"}}]}<\/script>\n<!-- \/ Yoast SEO plugin. -->","yoast_head_json":{"title":"CANON Imprimante multifonctions 3 en 1 - Novak Market","robots":{"index":"index","follow":"follow","max-snippet":"max-snippet:-1","max-image-preview":"max-image-preview:large","max-video-preview":"max-video-preview:-1"},"canonical":"https:\/\/novakmarket.com\/nl\/product\/canon-imprimante-multifonctions-3-en-1\/","og_locale":"nl_NL","og_type":"article","og_title":"CANON Imprimante multifonctions 3 en 1 - Novak Market","og_description":"Nom du produit CANON Imprimante multifonctions 3 en 1 PIXMA TS535  Cat\u00e9gorie IMPRIMANTE  Informations sur le produit  Marque CANON  Pack Imprimante   Garantie (\u00b2) 2 ans - pi\u00e8ces, main d\u2019\u0153uvre et d\u00e9placement  Observations - Voir conditions et modalit\u00e9s particuli\u00e8res dans les CGV pour les produits d\u2019occasion. - Ces garanties ne sont pas applicables aux produits vendus pour la marketplace. Ainsi qu\u2019aux produits vendus \u00e0 des professionnels et\/ou pour une usage professionnel. Merci de vous r\u00e9f\u00e9rer aux CGV du vendeur.","og_url":"https:\/\/novakmarket.com\/nl\/product\/canon-imprimante-multifonctions-3-en-1\/","og_site_name":"Novak Market","article_modified_time":"2021-11-29T19:18:52+00:00","og_image":[{"width":700,"height":700,"url":"https:\/\/novakmarket.com\/wp-content\/uploads\/2021\/11\/I11.jpg","type":"image\/jpeg"}],"twitter_card":"summary_large_image","schema":{"@context":"https:\/\/schema.org","@graph":[{"@type":"WebPage","@id":"https:\/\/novakmarket.com\/produit\/canon-imprimante-multifonctions-3-en-1\/","url":"https:\/\/novakmarket.com\/produit\/canon-imprimante-multifonctions-3-en-1\/","name":"CANON Imprimante multifonctions 3 en 1 - Novak Market","isPartOf":{"@id":"https:\/\/novakmarket.com\/#website"},"primaryImageOfPage":{"@id":"https:\/\/novakmarket.com\/produit\/canon-imprimante-multifonctions-3-en-1\/#primaryimage"},"image":{"@id":"https:\/\/novakmarket.com\/produit\/canon-imprimante-multifonctions-3-en-1\/#primaryimage"},"thumbnailUrl":"https:\/\/novakmarket.com\/wp-content\/uploads\/2021\/11\/I11.jpg","datePublished":"2021-11-29T19:18:39+00:00","dateModified":"2021-11-29T19:18:52+00:00","breadcrumb":{"@id":"https:\/\/novakmarket.com\/produit\/canon-imprimante-multifonctions-3-en-1\/#breadcrumb"},"inLanguage":"nl-NL","potentialAction":[{"@type":"ReadAction","target":["https:\/\/novakmarket.com\/produit\/canon-imprimante-multifonctions-3-en-1\/"]}]},{"@type":"ImageObject","inLanguage":"nl-NL","@id":"https:\/\/novakmarket.com\/produit\/canon-imprimante-multifonctions-3-en-1\/#primaryimage","url":"https:\/\/novakmarket.com\/wp-content\/uploads\/2021\/11\/I11.jpg","contentUrl":"https:\/\/novakmarket.com\/wp-content\/uploads\/2021\/11\/I11.jpg","width":700,"height":700},{"@type":"BreadcrumbList","@id":"https:\/\/novakmarket.com\/produit\/canon-imprimante-multifonctions-3-en-1\/#breadcrumb","itemListElement":[{"@type":"ListItem","position":1,"name":"Accueil","item":"https:\/\/novakmarket.com\/"},{"@type":"ListItem","position":2,"name":"Boutique","item":"https:\/\/novakmarket.com\/shop\/"},{"@type":"ListItem","position":3,"name":"CANON Imprimante multifonctions 3 en 1"}]},{"@type":"WebSite","@id":"https:\/\/novakmarket.com\/#website","url":"https:\/\/novakmarket.com\/","name":"Novak Market","description":"Vente de produits \u00e9lectroniques.","publisher":{"@id":"https:\/\/novakmarket.com\/#organization"},"potentialAction":[{"@type":"SearchAction","target":{"@type":"EntryPoint","urlTemplate":"https:\/\/novakmarket.com\/?s={search_term_string}"},"query-input":{"@type":"PropertyValueSpecification","valueRequired":true,"valueName":"search_term_string"}}],"inLanguage":"nl-NL"},{"@type":"Organization","@id":"https:\/\/novakmarket.com\/#organization","name":"Novak Market","url":"https:\/\/novakmarket.com\/","logo":{"@type":"ImageObject","inLanguage":"nl-NL","@id":"https:\/\/novakmarket.com\/#\/schema\/logo\/image\/","url":"https:\/\/novakmarket.com\/wp-content\/uploads\/2026\/02\/cropped-footer-pc-removebg-preview.png","contentUrl":"https:\/\/novakmarket.com\/wp-content\/uploads\/2026\/02\/cropped-footer-pc-removebg-preview.png","width":202,"height":73,"caption":"Novak Market"},"image":{"@id":"https:\/\/novakmarket.com\/#\/schema\/logo\/image\/"}}]}},"_links":{"self":[{"href":"https:\/\/novakmarket.com\/nl\/wp-json\/wp\/v2\/product\/6197","targetHints":{"allow":["GET"]}}],"collection":[{"href":"https:\/\/novakmarket.com\/nl\/wp-json\/wp\/v2\/product"}],"about":[{"href":"https:\/\/novakmarket.com\/nl\/wp-json\/wp\/v2\/types\/product"}],"replies":[{"embeddable":true,"href":"https:\/\/novakmarket.com\/nl\/wp-json\/wp\/v2\/comments?post=6197"}],"wp:featuredmedia":[{"embeddable":true,"href":"https:\/\/novakmarket.com\/nl\/wp-json\/wp\/v2\/media\/6230"}],"wp:attachment":[{"href":"https:\/\/novakmarket.com\/nl\/wp-json\/wp\/v2\/media?parent=6197"}],"wp:term":[{"taxonomy":"product_brand","embeddable":true,"href":"https:\/\/novakmarket.com\/nl\/wp-json\/wp\/v2\/product_brand?post=6197"},{"taxonomy":"product_cat","embeddable":true,"href":"https:\/\/novakmarket.com\/nl\/wp-json\/wp\/v2\/product_cat?post=6197"},{"taxonomy":"product_tag","embeddable":true,"href":"https:\/\/novakmarket.com\/nl\/wp-json\/wp\/v2\/product_tag?post=6197"}],"curies":[{"name":"wp","href":"https:\/\/api.w.org\/{rel}","templated":true}]}}