{"id":6198,"date":"2021-11-29T20:18:40","date_gmt":"2021-11-29T19:18:40","guid":{"rendered":"https:\/\/bestymarketshop.com\/?post_type=product&#038;p=6198"},"modified":"2021-11-29T20:18:53","modified_gmt":"2021-11-29T19:18:53","slug":"brother-imprimante-multifonction-4-en-1-2","status":"publish","type":"product","link":"https:\/\/novakmarket.com\/nl\/product\/brother-imprimante-multifonction-4-en-1-2\/","title":{"rendered":"BROTHER Imprimante Multifonction 4-en-1"},"content":{"rendered":"<p><img loading=\"lazy\" decoding=\"async\" class=\"alignnone size-medium wp-image-9020\" src=\"https:\/\/e-marketshopping.com\/wp-content\/uploads\/2020\/07\/I2-300x300.jpg\" alt=\"\" width=\"300\" height=\"300\" \/><\/p>","protected":false},"excerpt":{"rendered":"<ul>\n<li>Num\u00e9risation vers e-mail, num\u00e9risation au format SharePoint, num\u00e9risation vers OCR, num\u00e9risation ver, s image<\/li>\n<li>Laser &#8211; monochrome<\/li>\n<li>Impression recto-verso : Fonctionnement automatique<\/li>\n<li>1 x USB 2.0 &#8211; USB 4 broches type B, 1 x LAN &#8211; RJ-45<\/li>\n<li>Taille des supports pris en charge : ANSI A (Letter) (216 x 279 mm), Legal (216 x 356 mm), Executive (184 x 267 mm), A4 (210 x 297 mm), A, 5 (148 x 210 mm), A6 (105 x 148 mm)<\/li>\n<\/ul>\n<div class=\"jsFpBulletPointMore\">\n<ul>\n<li>Vitesse d&#8217;impression maximale : Jusqu\u2019\u00e0 30 pages par minute<\/li>\n<\/ul>\n<\/div>","protected":false},"featured_media":6232,"comment_status":"open","ping_status":"closed","template":"","meta":{"_acf_changed":false},"product_brand":[],"product_cat":[298],"product_tag":[],"class_list":{"0":"post-6198","1":"product","2":"type-product","3":"status-publish","4":"has-post-thumbnail","6":"product_cat-printers","8":"first","9":"instock","10":"shipping-taxable","11":"purchasable","12":"product-type-simple"},"acf":[],"yoast_head":"<!-- This site is optimized with the Yoast SEO plugin v27.2 - https:\/\/yoast.com\/product\/yoast-seo-wordpress\/ -->\n<title>BROTHER Imprimante Multifonction 4-en-1 - Novak Market<\/title>\n<meta name=\"robots\" content=\"index, follow, max-snippet:-1, max-image-preview:large, max-video-preview:-1\" \/>\n<link rel=\"canonical\" href=\"https:\/\/novakmarket.com\/nl\/product\/brother-imprimante-multifonction-4-en-1-2\/\" \/>\n<meta property=\"og:locale\" content=\"nl_NL\" \/>\n<meta property=\"og:type\" content=\"article\" \/>\n<meta property=\"og:title\" content=\"BROTHER Imprimante Multifonction 4-en-1 - Novak Market\" \/>\n<meta property=\"og:description\" content=\"Num\u00e9risation vers e-mail, num\u00e9risation au format SharePoint, num\u00e9risation vers OCR, num\u00e9risation ver, s image  Laser - monochrome  Impression recto-verso : Fonctionnement automatique  1 x USB 2.0 - USB 4 broches type B, 1 x LAN - RJ-45  Taille des supports pris en charge : ANSI A (Letter) (216 x 279 mm), Legal (216 x 356 mm), Executive (184 x 267 mm), A4 (210 x 297 mm), A, 5 (148 x 210 mm), A6 (105 x 148 mm)   Vitesse d&#039;impression maximale : Jusqu\u2019\u00e0 30 pages par minute\" \/>\n<meta property=\"og:url\" content=\"https:\/\/novakmarket.com\/nl\/product\/brother-imprimante-multifonction-4-en-1-2\/\" \/>\n<meta property=\"og:site_name\" content=\"Novak Market\" \/>\n<meta property=\"article:modified_time\" content=\"2021-11-29T19:18:53+00:00\" \/>\n<meta property=\"og:image\" content=\"https:\/\/novakmarket.com\/wp-content\/uploads\/2021\/11\/I2.jpg\" \/>\n\t<meta property=\"og:image:width\" content=\"700\" \/>\n\t<meta property=\"og:image:height\" content=\"700\" \/>\n\t<meta property=\"og:image:type\" content=\"image\/jpeg\" \/>\n<meta name=\"twitter:card\" content=\"summary_large_image\" \/>\n<script type=\"application\/ld+json\" class=\"yoast-schema-graph\">{\"@context\":\"https:\/\/schema.org\",\"@graph\":[{\"@type\":\"WebPage\",\"@id\":\"https:\/\/novakmarket.com\/produit\/brother-imprimante-multifonction-4-en-1-2\/\",\"url\":\"https:\/\/novakmarket.com\/produit\/brother-imprimante-multifonction-4-en-1-2\/\",\"name\":\"BROTHER Imprimante Multifonction 4-en-1 - Novak Market\",\"isPartOf\":{\"@id\":\"https:\/\/novakmarket.com\/#website\"},\"primaryImageOfPage\":{\"@id\":\"https:\/\/novakmarket.com\/produit\/brother-imprimante-multifonction-4-en-1-2\/#primaryimage\"},\"image\":{\"@id\":\"https:\/\/novakmarket.com\/produit\/brother-imprimante-multifonction-4-en-1-2\/#primaryimage\"},\"thumbnailUrl\":\"https:\/\/novakmarket.com\/wp-content\/uploads\/2021\/11\/I2.jpg\",\"datePublished\":\"2021-11-29T19:18:40+00:00\",\"dateModified\":\"2021-11-29T19:18:53+00:00\",\"breadcrumb\":{\"@id\":\"https:\/\/novakmarket.com\/produit\/brother-imprimante-multifonction-4-en-1-2\/#breadcrumb\"},\"inLanguage\":\"nl-NL\",\"potentialAction\":[{\"@type\":\"ReadAction\",\"target\":[\"https:\/\/novakmarket.com\/produit\/brother-imprimante-multifonction-4-en-1-2\/\"]}]},{\"@type\":\"ImageObject\",\"inLanguage\":\"nl-NL\",\"@id\":\"https:\/\/novakmarket.com\/produit\/brother-imprimante-multifonction-4-en-1-2\/#primaryimage\",\"url\":\"https:\/\/novakmarket.com\/wp-content\/uploads\/2021\/11\/I2.jpg\",\"contentUrl\":\"https:\/\/novakmarket.com\/wp-content\/uploads\/2021\/11\/I2.jpg\",\"width\":700,\"height\":700},{\"@type\":\"BreadcrumbList\",\"@id\":\"https:\/\/novakmarket.com\/produit\/brother-imprimante-multifonction-4-en-1-2\/#breadcrumb\",\"itemListElement\":[{\"@type\":\"ListItem\",\"position\":1,\"name\":\"Accueil\",\"item\":\"https:\/\/novakmarket.com\/\"},{\"@type\":\"ListItem\",\"position\":2,\"name\":\"Boutique\",\"item\":\"https:\/\/novakmarket.com\/shop\/\"},{\"@type\":\"ListItem\",\"position\":3,\"name\":\"BROTHER Imprimante Multifonction 4-en-1\"}]},{\"@type\":\"WebSite\",\"@id\":\"https:\/\/novakmarket.com\/#website\",\"url\":\"https:\/\/novakmarket.com\/\",\"name\":\"Novak Market\",\"description\":\"Vente de produits \u00e9lectroniques.\",\"publisher\":{\"@id\":\"https:\/\/novakmarket.com\/#organization\"},\"potentialAction\":[{\"@type\":\"SearchAction\",\"target\":{\"@type\":\"EntryPoint\",\"urlTemplate\":\"https:\/\/novakmarket.com\/?s={search_term_string}\"},\"query-input\":{\"@type\":\"PropertyValueSpecification\",\"valueRequired\":true,\"valueName\":\"search_term_string\"}}],\"inLanguage\":\"nl-NL\"},{\"@type\":\"Organization\",\"@id\":\"https:\/\/novakmarket.com\/#organization\",\"name\":\"Novak Market\",\"url\":\"https:\/\/novakmarket.com\/\",\"logo\":{\"@type\":\"ImageObject\",\"inLanguage\":\"nl-NL\",\"@id\":\"https:\/\/novakmarket.com\/#\/schema\/logo\/image\/\",\"url\":\"https:\/\/novakmarket.com\/wp-content\/uploads\/2026\/02\/cropped-footer-pc-removebg-preview.png\",\"contentUrl\":\"https:\/\/novakmarket.com\/wp-content\/uploads\/2026\/02\/cropped-footer-pc-removebg-preview.png\",\"width\":202,\"height\":73,\"caption\":\"Novak Market\"},\"image\":{\"@id\":\"https:\/\/novakmarket.com\/#\/schema\/logo\/image\/\"}}]}<\/script>\n<!-- \/ Yoast SEO plugin. -->","yoast_head_json":{"title":"BROTHER Imprimante Multifonction 4-en-1 - Novak Market","robots":{"index":"index","follow":"follow","max-snippet":"max-snippet:-1","max-image-preview":"max-image-preview:large","max-video-preview":"max-video-preview:-1"},"canonical":"https:\/\/novakmarket.com\/nl\/product\/brother-imprimante-multifonction-4-en-1-2\/","og_locale":"nl_NL","og_type":"article","og_title":"BROTHER Imprimante Multifonction 4-en-1 - Novak Market","og_description":"Num\u00e9risation vers e-mail, num\u00e9risation au format SharePoint, num\u00e9risation vers OCR, num\u00e9risation ver, s image  Laser - monochrome  Impression recto-verso : Fonctionnement automatique  1 x USB 2.0 - USB 4 broches type B, 1 x LAN - RJ-45  Taille des supports pris en charge : ANSI A (Letter) (216 x 279 mm), Legal (216 x 356 mm), Executive (184 x 267 mm), A4 (210 x 297 mm), A, 5 (148 x 210 mm), A6 (105 x 148 mm)   Vitesse d'impression maximale : Jusqu\u2019\u00e0 30 pages par minute","og_url":"https:\/\/novakmarket.com\/nl\/product\/brother-imprimante-multifonction-4-en-1-2\/","og_site_name":"Novak Market","article_modified_time":"2021-11-29T19:18:53+00:00","og_image":[{"width":700,"height":700,"url":"https:\/\/novakmarket.com\/wp-content\/uploads\/2021\/11\/I2.jpg","type":"image\/jpeg"}],"twitter_card":"summary_large_image","schema":{"@context":"https:\/\/schema.org","@graph":[{"@type":"WebPage","@id":"https:\/\/novakmarket.com\/produit\/brother-imprimante-multifonction-4-en-1-2\/","url":"https:\/\/novakmarket.com\/produit\/brother-imprimante-multifonction-4-en-1-2\/","name":"BROTHER Imprimante Multifonction 4-en-1 - Novak Market","isPartOf":{"@id":"https:\/\/novakmarket.com\/#website"},"primaryImageOfPage":{"@id":"https:\/\/novakmarket.com\/produit\/brother-imprimante-multifonction-4-en-1-2\/#primaryimage"},"image":{"@id":"https:\/\/novakmarket.com\/produit\/brother-imprimante-multifonction-4-en-1-2\/#primaryimage"},"thumbnailUrl":"https:\/\/novakmarket.com\/wp-content\/uploads\/2021\/11\/I2.jpg","datePublished":"2021-11-29T19:18:40+00:00","dateModified":"2021-11-29T19:18:53+00:00","breadcrumb":{"@id":"https:\/\/novakmarket.com\/produit\/brother-imprimante-multifonction-4-en-1-2\/#breadcrumb"},"inLanguage":"nl-NL","potentialAction":[{"@type":"ReadAction","target":["https:\/\/novakmarket.com\/produit\/brother-imprimante-multifonction-4-en-1-2\/"]}]},{"@type":"ImageObject","inLanguage":"nl-NL","@id":"https:\/\/novakmarket.com\/produit\/brother-imprimante-multifonction-4-en-1-2\/#primaryimage","url":"https:\/\/novakmarket.com\/wp-content\/uploads\/2021\/11\/I2.jpg","contentUrl":"https:\/\/novakmarket.com\/wp-content\/uploads\/2021\/11\/I2.jpg","width":700,"height":700},{"@type":"BreadcrumbList","@id":"https:\/\/novakmarket.com\/produit\/brother-imprimante-multifonction-4-en-1-2\/#breadcrumb","itemListElement":[{"@type":"ListItem","position":1,"name":"Accueil","item":"https:\/\/novakmarket.com\/"},{"@type":"ListItem","position":2,"name":"Boutique","item":"https:\/\/novakmarket.com\/shop\/"},{"@type":"ListItem","position":3,"name":"BROTHER Imprimante Multifonction 4-en-1"}]},{"@type":"WebSite","@id":"https:\/\/novakmarket.com\/#website","url":"https:\/\/novakmarket.com\/","name":"Novak Market","description":"Vente de produits \u00e9lectroniques.","publisher":{"@id":"https:\/\/novakmarket.com\/#organization"},"potentialAction":[{"@type":"SearchAction","target":{"@type":"EntryPoint","urlTemplate":"https:\/\/novakmarket.com\/?s={search_term_string}"},"query-input":{"@type":"PropertyValueSpecification","valueRequired":true,"valueName":"search_term_string"}}],"inLanguage":"nl-NL"},{"@type":"Organization","@id":"https:\/\/novakmarket.com\/#organization","name":"Novak Market","url":"https:\/\/novakmarket.com\/","logo":{"@type":"ImageObject","inLanguage":"nl-NL","@id":"https:\/\/novakmarket.com\/#\/schema\/logo\/image\/","url":"https:\/\/novakmarket.com\/wp-content\/uploads\/2026\/02\/cropped-footer-pc-removebg-preview.png","contentUrl":"https:\/\/novakmarket.com\/wp-content\/uploads\/2026\/02\/cropped-footer-pc-removebg-preview.png","width":202,"height":73,"caption":"Novak Market"},"image":{"@id":"https:\/\/novakmarket.com\/#\/schema\/logo\/image\/"}}]}},"_links":{"self":[{"href":"https:\/\/novakmarket.com\/nl\/wp-json\/wp\/v2\/product\/6198","targetHints":{"allow":["GET"]}}],"collection":[{"href":"https:\/\/novakmarket.com\/nl\/wp-json\/wp\/v2\/product"}],"about":[{"href":"https:\/\/novakmarket.com\/nl\/wp-json\/wp\/v2\/types\/product"}],"replies":[{"embeddable":true,"href":"https:\/\/novakmarket.com\/nl\/wp-json\/wp\/v2\/comments?post=6198"}],"wp:featuredmedia":[{"embeddable":true,"href":"https:\/\/novakmarket.com\/nl\/wp-json\/wp\/v2\/media\/6232"}],"wp:attachment":[{"href":"https:\/\/novakmarket.com\/nl\/wp-json\/wp\/v2\/media?parent=6198"}],"wp:term":[{"taxonomy":"product_brand","embeddable":true,"href":"https:\/\/novakmarket.com\/nl\/wp-json\/wp\/v2\/product_brand?post=6198"},{"taxonomy":"product_cat","embeddable":true,"href":"https:\/\/novakmarket.com\/nl\/wp-json\/wp\/v2\/product_cat?post=6198"},{"taxonomy":"product_tag","embeddable":true,"href":"https:\/\/novakmarket.com\/nl\/wp-json\/wp\/v2\/product_tag?post=6198"}],"curies":[{"name":"wp","href":"https:\/\/api.w.org\/{rel}","templated":true}]}}