{"id":6200,"date":"2021-11-29T20:18:40","date_gmt":"2021-11-29T19:18:40","guid":{"rendered":"https:\/\/bestymarketshop.com\/?post_type=product&#038;p=6200"},"modified":"2021-11-29T20:18:54","modified_gmt":"2021-11-29T19:18:54","slug":"lexmark-imprimante-multifonction-laser-couleur","status":"publish","type":"product","link":"https:\/\/novakmarket.com\/nl\/product\/lexmark-imprimante-multifonction-laser-couleur\/","title":{"rendered":"LEXMARK Imprimante multifonction Laser couleur"},"content":{"rendered":"<p><img loading=\"lazy\" decoding=\"async\" class=\"alignnone size-medium wp-image-9024\" src=\"https:\/\/e-marketshopping.com\/wp-content\/uploads\/2020\/07\/I4-300x300.jpg\" alt=\"\" width=\"300\" height=\"300\" \/><\/p>","protected":false},"excerpt":{"rendered":"<table class=\"fpDescTb fpDescTbPub\">\n<tbody>\n<tr>\n<td>Nom du produit<\/td>\n<td>LEXMARK Imprimante multifonction Laser couleur MC3<\/td>\n<\/tr>\n<tr>\n<td>Cat\u00e9gorie<\/td>\n<td>IMPRIMANTE<\/td>\n<\/tr>\n<tr>\n<th colspan=\"2\">G\u00e9n\u00e9ral<\/th>\n<\/tr>\n<tr>\n<td>Type de p\u00e9riph\u00e9rique<\/td>\n<td>Imprimante multifonctions<\/td>\n<\/tr>\n<tr>\n<td>Technologie d&#8217;impression<\/td>\n<td>Laser &#8211; couleur<\/td>\n<\/tr>\n<tr>\n<td>Type de t\u00e9l\u00e9copieur<\/td>\n<td>Papier uni<\/td>\n<\/tr>\n<tr>\n<td>Cycle d&#8217;utilisation mensuel (maxi)<\/td>\n<td>40000 pages<\/td>\n<\/tr>\n<tr>\n<td>Fonctions de l&#8217;article de bureau<\/td>\n<td>Num\u00e9risation vers e-mail, num\u00e9risation vers FTP, num\u00e9risation vers PC, scan vers h\u00f4te USB<\/td>\n<\/tr>\n<tr>\n<td>Volume mensuel recommand\u00e9<\/td>\n<td>600 &#8211; 2000 pages<\/td>\n<\/tr>\n<tr>\n<td>Caract\u00e9ristiques d&#8217;affichage<\/td>\n<td>Ecran tactile<\/td>\n<\/tr>\n<tr>\n<td>Taille de la diagonale de l&#8217;\u00e9cran<\/td>\n<td>2.8&#8243;<\/td>\n<\/tr>\n<tr>\n<td>AirPrint activ\u00e9<\/td>\n<td>Oui<\/td>\n<\/tr>\n<tr>\n<td>Disponibilit\u00e9 de la connexion<\/td>\n<td>Oui<\/td>\n<\/tr>\n<tr>\n<td>Interface<\/td>\n<td>USB 2.0, LAN, Wi-Fi(n), h\u00f4te USB 2.0<\/td>\n<\/tr>\n<tr>\n<td>Polices Imprimante<\/td>\n<td>PCL bitmap x 2<br \/>\nPostScript de taille variable x 91<br \/>\nPCL de taille variable x 89<\/td>\n<\/tr>\n<tr>\n<th colspan=\"2\">Copie<\/th>\n<\/tr>\n<tr>\n<td>Vitesse de reproduction maximale<\/td>\n<td>Jusqu&#8217;\u00e0 22 ppm (mono)\/jusqu&#8217;\u00e0 22 ppm (couleur)<\/td>\n<\/tr>\n<tr>\n<td>Agrandissement maximal de documents<\/td>\n<td>400%<\/td>\n<\/tr>\n<tr>\n<td>R\u00e9duction maximale de documents<\/td>\n<td>25%<\/td>\n<\/tr>\n<tr>\n<th colspan=\"2\">T\u00e9l\u00e9copieur<\/th>\n<\/tr>\n<tr>\n<td>Compatibilit\u00e9<\/td>\n<td>Super G3<\/td>\n<\/tr>\n<tr>\n<td>Vitesse de transmission maximum<\/td>\n<td>33.6 Kbits\/s<\/td>\n<\/tr>\n<tr>\n<th colspan=\"2\">Utilisation des documents et des supports<\/th>\n<\/tr>\n<tr>\n<td>Taille d&#8217;origine maximum<\/td>\n<td>216 x 356 mm<\/td>\n<\/tr>\n<tr>\n<td>Type d&#8217;origine<\/td>\n<td>Feuilles<\/td>\n<\/tr>\n<tr>\n<td>Type de support pris en charge<\/td>\n<td>Enveloppes, papier uni, \u00e9tiquettes, carte-copie, papier brillant<\/td>\n<\/tr>\n<tr>\n<td>Capacit\u00e9 de support standard<\/td>\n<td>250 feuilles<\/td>\n<\/tr>\n<tr>\n<td>Capacit\u00e9 du chargeur de documents<\/td>\n<td>50 feuilles<\/td>\n<\/tr>\n<tr>\n<td>Taille des supports pris en charge<\/td>\n<td>ANSI A (Letter) (216 x 279 mm), Legal (216 x 356 mm), Executive (184 x 267 mm), A4 (210 x 297 mm), A5 (148 x 210 mm), A6 (105 x 148 mm), Folio (216 x 330 mm), JIS B5 (182 x 257 mm), Statement (139.7 x 215.9 mm), Oficio (216 x 343 mm)<\/td>\n<\/tr>\n<tr>\n<td>Capacit\u00e9 des bacs de sortie<\/td>\n<td>100 feuilles<\/td>\n<\/tr>\n<tr>\n<td>Capacit\u00e9 du bac de d\u00e9rivation<\/td>\n<td>1 feuille<\/td>\n<\/tr>\n<tr>\n<td>D\u00e9tails sur la vitesse<\/td>\n<td>Impression: jusqu&#8217;\u00e0 22 ppm (A4) &#8211; N\/B (ISO\/IEC 24734)<br \/>\nImpression: jusqu&#8217;\u00e0 22 ppm (A4) &#8211; couleur (ISO\/IEC 24734)<br \/>\nImpression: jusqu&#8217;\u00e0 12 c\u00f4t\u00e9s par minute (A4) &#8211; Recto-version N\/B (ISO\/IEC 24734)<br \/>\nImpression: jusqu&#8217;\u00e0 12 c\u00f4t\u00e9s par minute (A4) &#8211; Recto-version couleur (ISO\/IEC 24734)<br \/>\nCopie: jusqu&#8217;\u00e0 22 ppm (A4) &#8211; N\/B (ISO\/IEC 24735)<br \/>\nCopie: jusqu&#8217;\u00e0 22 ppm (A4) &#8211; couleur (ISO\/IEC 24735)<br \/>\nNum\u00e9risation: jusqu&#8217;\u00e0 20 c\u00f4t\u00e9s par minute (A4) &#8211; noir &amp; blanc<br \/>\nNum\u00e9risation: jusqu&#8217;\u00e0 21 c\u00f4t\u00e9s par minute (Letter A) &#8211; noir &amp; blanc<br \/>\nNum\u00e9risation: jusqu&#8217;\u00e0 20 c\u00f4t\u00e9s par minute (A4) &#8211; couleur<br \/>\nNum\u00e9risation: jusqu&#8217;\u00e0 21 c\u00f4t\u00e9s par minute (Letter A) &#8211; couleur<\/td>\n<\/tr>\n<tr>\n<td>Tailles d&#8217;enveloppe accept\u00e9es<\/td>\n<td>US No 10 (104.7 x 241.3 mm), International DL (110 x 220 mm), International C5 (162 x 229 mm), International B5 (176 x 250 mm), Monarch (98.4 x 190.5 mm), US No 9 (98.6 x 225.6 mm)<\/td>\n<\/tr>\n<tr>\n<td>D\u00e9tails concernant la manipulation de documents et de supports<\/td>\n<td>Bac d&#8217;entr\u00e9e &#8211; 250 feuilles poids : 60 g\/m\u00b2 &#8211; 176 g\/m\u00b2<br \/>\nBac de d\u00e9rivation &#8211; 1 feuille<br \/>\nBac de sortie &#8211; 100 feuilles<br \/>\nADF &#8211; 50 feuilles<\/td>\n<\/tr>\n<tr>\n<td>Taille max. du support<\/td>\n<td>A4\/Legal<\/td>\n<\/tr>\n<tr>\n<td>Capacit\u00e9 max. du support<\/td>\n<td>250 feuilles<\/td>\n<\/tr>\n<\/tbody>\n<\/table>","protected":false},"featured_media":6234,"comment_status":"open","ping_status":"closed","template":"","meta":{"_acf_changed":false},"product_brand":[],"product_cat":[298],"product_tag":[],"class_list":{"0":"post-6200","1":"product","2":"type-product","3":"status-publish","4":"has-post-thumbnail","6":"product_cat-printers","8":"first","9":"instock","10":"shipping-taxable","11":"purchasable","12":"product-type-simple"},"acf":[],"yoast_head":"<!-- This site is optimized with the Yoast SEO plugin v27.2 - https:\/\/yoast.com\/product\/yoast-seo-wordpress\/ -->\n<title>LEXMARK Imprimante multifonction Laser couleur - Novak Market<\/title>\n<meta name=\"robots\" content=\"index, follow, max-snippet:-1, max-image-preview:large, max-video-preview:-1\" \/>\n<link rel=\"canonical\" href=\"https:\/\/novakmarket.com\/nl\/product\/lexmark-imprimante-multifonction-laser-couleur\/\" \/>\n<meta property=\"og:locale\" content=\"nl_NL\" \/>\n<meta property=\"og:type\" content=\"article\" \/>\n<meta property=\"og:title\" content=\"LEXMARK Imprimante multifonction Laser couleur - Novak Market\" \/>\n<meta property=\"og:description\" content=\"Nom du produit LEXMARK Imprimante multifonction Laser couleur MC3  Cat\u00e9gorie IMPRIMANTE  G\u00e9n\u00e9ral  Type de p\u00e9riph\u00e9rique Imprimante multifonctions  Technologie d&#039;impression Laser - couleur  Type de t\u00e9l\u00e9copieur Papier uni  Cycle d&#039;utilisation mensuel (maxi) 40000 pages  Fonctions de l&#039;article de bureau Num\u00e9risation vers e-mail, num\u00e9risation vers FTP, num\u00e9risation vers PC, scan vers h\u00f4te USB  Volume mensuel recommand\u00e9 600 - 2000 pages  Caract\u00e9ristiques d&#039;affichage Ecran tactile  Taille de la diagonale de l&#039;\u00e9cran 2.8&quot;  AirPrint activ\u00e9 Oui  Disponibilit\u00e9 de la connexion Oui  Interface USB 2.0, LAN, Wi-Fi(n), h\u00f4te USB 2.0  Polices Imprimante PCL bitmap x 2 PostScript de taille variable x 91 PCL de taille variable x 89  Copie  Vitesse de reproduction maximale Jusqu&#039;\u00e0 22 ppm (mono)\/jusqu&#039;\u00e0 22 ppm (couleur)  Agrandissement maximal de documents 400%  R\u00e9duction maximale de documents 25%  T\u00e9l\u00e9copieur  Compatibilit\u00e9 Super G3  Vitesse de transmission maximum 33.6 Kbits\/s  Utilisation des documents et des supports  Taille d&#039;origine maximum 216 x 356 mm  Type d&#039;origine Feuilles  Type de support pris en charge Enveloppes, papier uni, \u00e9tiquettes, carte-copie, papier brillant  Capacit\u00e9 de support standard 250 feuilles  Capacit\u00e9 du chargeur de documents 50 feuilles  Taille des supports pris en charge ANSI A (Letter) (216 x 279 mm), Legal (216 x 356 mm), Executive (184 x 267 mm), A4 (210 x 297 mm), A5 (148 x 210 mm), A6 (105 x 148 mm), Folio (216 x 330 mm), JIS B5 (182 x 257 mm), Statement (139.7 x 215.9 mm), Oficio (216 x 343 mm)  Capacit\u00e9 des bacs de sortie 100 feuilles  Capacit\u00e9 du bac de d\u00e9rivation 1 feuille  D\u00e9tails sur la vitesse Impression: jusqu&#039;\u00e0 22 ppm (A4) - N\/B (ISO\/IEC 24734) Impression: jusqu&#039;\u00e0 22 ppm (A4) - couleur (ISO\/IEC 24734) Impression: jusqu&#039;\u00e0 12 c\u00f4t\u00e9s par minute (A4) - Recto-version N\/B (ISO\/IEC 24734) Impression: jusqu&#039;\u00e0 12 c\u00f4t\u00e9s par minute (A4) - Recto-version couleur (ISO\/IEC 24734) Copie: jusqu&#039;\u00e0 22 ppm (A4) - N\/B (ISO\/IEC 24735) Copie: jusqu&#039;\u00e0 22 ppm (A4) - couleur (ISO\/IEC 24735) Num\u00e9risation: jusqu&#039;\u00e0 20 c\u00f4t\u00e9s par minute (A4) - noir &amp; blanc Num\u00e9risation: jusqu&#039;\u00e0 21 c\u00f4t\u00e9s par minute (Letter A) - noir &amp; blanc Num\u00e9risation: jusqu&#039;\u00e0 20 c\u00f4t\u00e9s par minute (A4) - couleur Num\u00e9risation: jusqu&#039;\u00e0 21 c\u00f4t\u00e9s par minute (Letter A) - couleur  Tailles d&#039;enveloppe accept\u00e9es US No 10 (104.7 x 241.3 mm), International DL (110 x 220 mm), International C5 (162 x 229 mm), International B5 (176 x 250 mm), Monarch (98.4 x 190.5 mm), US No 9 (98.6 x 225.6 mm)  D\u00e9tails concernant la manipulation de documents et de supports Bac d&#039;entr\u00e9e - 250 feuilles poids : 60 g\/m\u00b2 - 176 g\/m\u00b2 Bac de d\u00e9rivation - 1 feuille Bac de sortie - 100 feuilles ADF - 50 feuilles  Taille max. du support A4\/Legal  Capacit\u00e9 max. du support 250 feuilles\" \/>\n<meta property=\"og:url\" content=\"https:\/\/novakmarket.com\/nl\/product\/lexmark-imprimante-multifonction-laser-couleur\/\" \/>\n<meta property=\"og:site_name\" content=\"Novak Market\" \/>\n<meta property=\"article:modified_time\" content=\"2021-11-29T19:18:54+00:00\" \/>\n<meta property=\"og:image\" content=\"https:\/\/novakmarket.com\/wp-content\/uploads\/2021\/11\/I4.jpg\" \/>\n\t<meta property=\"og:image:width\" content=\"700\" \/>\n\t<meta property=\"og:image:height\" content=\"700\" \/>\n\t<meta property=\"og:image:type\" content=\"image\/jpeg\" \/>\n<meta name=\"twitter:card\" content=\"summary_large_image\" \/>\n<script type=\"application\/ld+json\" class=\"yoast-schema-graph\">{\"@context\":\"https:\/\/schema.org\",\"@graph\":[{\"@type\":\"WebPage\",\"@id\":\"https:\/\/novakmarket.com\/produit\/lexmark-imprimante-multifonction-laser-couleur\/\",\"url\":\"https:\/\/novakmarket.com\/produit\/lexmark-imprimante-multifonction-laser-couleur\/\",\"name\":\"LEXMARK Imprimante multifonction Laser couleur - Novak Market\",\"isPartOf\":{\"@id\":\"https:\/\/novakmarket.com\/#website\"},\"primaryImageOfPage\":{\"@id\":\"https:\/\/novakmarket.com\/produit\/lexmark-imprimante-multifonction-laser-couleur\/#primaryimage\"},\"image\":{\"@id\":\"https:\/\/novakmarket.com\/produit\/lexmark-imprimante-multifonction-laser-couleur\/#primaryimage\"},\"thumbnailUrl\":\"https:\/\/novakmarket.com\/wp-content\/uploads\/2021\/11\/I4.jpg\",\"datePublished\":\"2021-11-29T19:18:40+00:00\",\"dateModified\":\"2021-11-29T19:18:54+00:00\",\"breadcrumb\":{\"@id\":\"https:\/\/novakmarket.com\/produit\/lexmark-imprimante-multifonction-laser-couleur\/#breadcrumb\"},\"inLanguage\":\"nl-NL\",\"potentialAction\":[{\"@type\":\"ReadAction\",\"target\":[\"https:\/\/novakmarket.com\/produit\/lexmark-imprimante-multifonction-laser-couleur\/\"]}]},{\"@type\":\"ImageObject\",\"inLanguage\":\"nl-NL\",\"@id\":\"https:\/\/novakmarket.com\/produit\/lexmark-imprimante-multifonction-laser-couleur\/#primaryimage\",\"url\":\"https:\/\/novakmarket.com\/wp-content\/uploads\/2021\/11\/I4.jpg\",\"contentUrl\":\"https:\/\/novakmarket.com\/wp-content\/uploads\/2021\/11\/I4.jpg\",\"width\":700,\"height\":700},{\"@type\":\"BreadcrumbList\",\"@id\":\"https:\/\/novakmarket.com\/produit\/lexmark-imprimante-multifonction-laser-couleur\/#breadcrumb\",\"itemListElement\":[{\"@type\":\"ListItem\",\"position\":1,\"name\":\"Accueil\",\"item\":\"https:\/\/novakmarket.com\/\"},{\"@type\":\"ListItem\",\"position\":2,\"name\":\"Boutique\",\"item\":\"https:\/\/novakmarket.com\/shop\/\"},{\"@type\":\"ListItem\",\"position\":3,\"name\":\"LEXMARK Imprimante multifonction Laser couleur\"}]},{\"@type\":\"WebSite\",\"@id\":\"https:\/\/novakmarket.com\/#website\",\"url\":\"https:\/\/novakmarket.com\/\",\"name\":\"Novak Market\",\"description\":\"Vente de produits \u00e9lectroniques.\",\"publisher\":{\"@id\":\"https:\/\/novakmarket.com\/#organization\"},\"potentialAction\":[{\"@type\":\"SearchAction\",\"target\":{\"@type\":\"EntryPoint\",\"urlTemplate\":\"https:\/\/novakmarket.com\/?s={search_term_string}\"},\"query-input\":{\"@type\":\"PropertyValueSpecification\",\"valueRequired\":true,\"valueName\":\"search_term_string\"}}],\"inLanguage\":\"nl-NL\"},{\"@type\":\"Organization\",\"@id\":\"https:\/\/novakmarket.com\/#organization\",\"name\":\"Novak Market\",\"url\":\"https:\/\/novakmarket.com\/\",\"logo\":{\"@type\":\"ImageObject\",\"inLanguage\":\"nl-NL\",\"@id\":\"https:\/\/novakmarket.com\/#\/schema\/logo\/image\/\",\"url\":\"https:\/\/novakmarket.com\/wp-content\/uploads\/2026\/02\/cropped-footer-pc-removebg-preview.png\",\"contentUrl\":\"https:\/\/novakmarket.com\/wp-content\/uploads\/2026\/02\/cropped-footer-pc-removebg-preview.png\",\"width\":202,\"height\":73,\"caption\":\"Novak Market\"},\"image\":{\"@id\":\"https:\/\/novakmarket.com\/#\/schema\/logo\/image\/\"}}]}<\/script>\n<!-- \/ Yoast SEO plugin. -->","yoast_head_json":{"title":"LEXMARK Imprimante multifonction Laser couleur - Novak Market","robots":{"index":"index","follow":"follow","max-snippet":"max-snippet:-1","max-image-preview":"max-image-preview:large","max-video-preview":"max-video-preview:-1"},"canonical":"https:\/\/novakmarket.com\/nl\/product\/lexmark-imprimante-multifonction-laser-couleur\/","og_locale":"nl_NL","og_type":"article","og_title":"LEXMARK Imprimante multifonction Laser couleur - Novak Market","og_description":"Nom du produit LEXMARK Imprimante multifonction Laser couleur MC3  Cat\u00e9gorie IMPRIMANTE  G\u00e9n\u00e9ral  Type de p\u00e9riph\u00e9rique Imprimante multifonctions  Technologie d'impression Laser - couleur  Type de t\u00e9l\u00e9copieur Papier uni  Cycle d'utilisation mensuel (maxi) 40000 pages  Fonctions de l'article de bureau Num\u00e9risation vers e-mail, num\u00e9risation vers FTP, num\u00e9risation vers PC, scan vers h\u00f4te USB  Volume mensuel recommand\u00e9 600 - 2000 pages  Caract\u00e9ristiques d'affichage Ecran tactile  Taille de la diagonale de l'\u00e9cran 2.8\"  AirPrint activ\u00e9 Oui  Disponibilit\u00e9 de la connexion Oui  Interface USB 2.0, LAN, Wi-Fi(n), h\u00f4te USB 2.0  Polices Imprimante PCL bitmap x 2 PostScript de taille variable x 91 PCL de taille variable x 89  Copie  Vitesse de reproduction maximale Jusqu'\u00e0 22 ppm (mono)\/jusqu'\u00e0 22 ppm (couleur)  Agrandissement maximal de documents 400%  R\u00e9duction maximale de documents 25%  T\u00e9l\u00e9copieur  Compatibilit\u00e9 Super G3  Vitesse de transmission maximum 33.6 Kbits\/s  Utilisation des documents et des supports  Taille d'origine maximum 216 x 356 mm  Type d'origine Feuilles  Type de support pris en charge Enveloppes, papier uni, \u00e9tiquettes, carte-copie, papier brillant  Capacit\u00e9 de support standard 250 feuilles  Capacit\u00e9 du chargeur de documents 50 feuilles  Taille des supports pris en charge ANSI A (Letter) (216 x 279 mm), Legal (216 x 356 mm), Executive (184 x 267 mm), A4 (210 x 297 mm), A5 (148 x 210 mm), A6 (105 x 148 mm), Folio (216 x 330 mm), JIS B5 (182 x 257 mm), Statement (139.7 x 215.9 mm), Oficio (216 x 343 mm)  Capacit\u00e9 des bacs de sortie 100 feuilles  Capacit\u00e9 du bac de d\u00e9rivation 1 feuille  D\u00e9tails sur la vitesse Impression: jusqu'\u00e0 22 ppm (A4) - N\/B (ISO\/IEC 24734) Impression: jusqu'\u00e0 22 ppm (A4) - couleur (ISO\/IEC 24734) Impression: jusqu'\u00e0 12 c\u00f4t\u00e9s par minute (A4) - Recto-version N\/B (ISO\/IEC 24734) Impression: jusqu'\u00e0 12 c\u00f4t\u00e9s par minute (A4) - Recto-version couleur (ISO\/IEC 24734) Copie: jusqu'\u00e0 22 ppm (A4) - N\/B (ISO\/IEC 24735) Copie: jusqu'\u00e0 22 ppm (A4) - couleur (ISO\/IEC 24735) Num\u00e9risation: jusqu'\u00e0 20 c\u00f4t\u00e9s par minute (A4) - noir &amp; blanc Num\u00e9risation: jusqu'\u00e0 21 c\u00f4t\u00e9s par minute (Letter A) - noir &amp; blanc Num\u00e9risation: jusqu'\u00e0 20 c\u00f4t\u00e9s par minute (A4) - couleur Num\u00e9risation: jusqu'\u00e0 21 c\u00f4t\u00e9s par minute (Letter A) - couleur  Tailles d'enveloppe accept\u00e9es US No 10 (104.7 x 241.3 mm), International DL (110 x 220 mm), International C5 (162 x 229 mm), International B5 (176 x 250 mm), Monarch (98.4 x 190.5 mm), US No 9 (98.6 x 225.6 mm)  D\u00e9tails concernant la manipulation de documents et de supports Bac d'entr\u00e9e - 250 feuilles poids : 60 g\/m\u00b2 - 176 g\/m\u00b2 Bac de d\u00e9rivation - 1 feuille Bac de sortie - 100 feuilles ADF - 50 feuilles  Taille max. du support A4\/Legal  Capacit\u00e9 max. du support 250 feuilles","og_url":"https:\/\/novakmarket.com\/nl\/product\/lexmark-imprimante-multifonction-laser-couleur\/","og_site_name":"Novak Market","article_modified_time":"2021-11-29T19:18:54+00:00","og_image":[{"width":700,"height":700,"url":"https:\/\/novakmarket.com\/wp-content\/uploads\/2021\/11\/I4.jpg","type":"image\/jpeg"}],"twitter_card":"summary_large_image","schema":{"@context":"https:\/\/schema.org","@graph":[{"@type":"WebPage","@id":"https:\/\/novakmarket.com\/produit\/lexmark-imprimante-multifonction-laser-couleur\/","url":"https:\/\/novakmarket.com\/produit\/lexmark-imprimante-multifonction-laser-couleur\/","name":"LEXMARK Imprimante multifonction Laser couleur - Novak Market","isPartOf":{"@id":"https:\/\/novakmarket.com\/#website"},"primaryImageOfPage":{"@id":"https:\/\/novakmarket.com\/produit\/lexmark-imprimante-multifonction-laser-couleur\/#primaryimage"},"image":{"@id":"https:\/\/novakmarket.com\/produit\/lexmark-imprimante-multifonction-laser-couleur\/#primaryimage"},"thumbnailUrl":"https:\/\/novakmarket.com\/wp-content\/uploads\/2021\/11\/I4.jpg","datePublished":"2021-11-29T19:18:40+00:00","dateModified":"2021-11-29T19:18:54+00:00","breadcrumb":{"@id":"https:\/\/novakmarket.com\/produit\/lexmark-imprimante-multifonction-laser-couleur\/#breadcrumb"},"inLanguage":"nl-NL","potentialAction":[{"@type":"ReadAction","target":["https:\/\/novakmarket.com\/produit\/lexmark-imprimante-multifonction-laser-couleur\/"]}]},{"@type":"ImageObject","inLanguage":"nl-NL","@id":"https:\/\/novakmarket.com\/produit\/lexmark-imprimante-multifonction-laser-couleur\/#primaryimage","url":"https:\/\/novakmarket.com\/wp-content\/uploads\/2021\/11\/I4.jpg","contentUrl":"https:\/\/novakmarket.com\/wp-content\/uploads\/2021\/11\/I4.jpg","width":700,"height":700},{"@type":"BreadcrumbList","@id":"https:\/\/novakmarket.com\/produit\/lexmark-imprimante-multifonction-laser-couleur\/#breadcrumb","itemListElement":[{"@type":"ListItem","position":1,"name":"Accueil","item":"https:\/\/novakmarket.com\/"},{"@type":"ListItem","position":2,"name":"Boutique","item":"https:\/\/novakmarket.com\/shop\/"},{"@type":"ListItem","position":3,"name":"LEXMARK Imprimante multifonction Laser couleur"}]},{"@type":"WebSite","@id":"https:\/\/novakmarket.com\/#website","url":"https:\/\/novakmarket.com\/","name":"Novak Market","description":"Vente de produits \u00e9lectroniques.","publisher":{"@id":"https:\/\/novakmarket.com\/#organization"},"potentialAction":[{"@type":"SearchAction","target":{"@type":"EntryPoint","urlTemplate":"https:\/\/novakmarket.com\/?s={search_term_string}"},"query-input":{"@type":"PropertyValueSpecification","valueRequired":true,"valueName":"search_term_string"}}],"inLanguage":"nl-NL"},{"@type":"Organization","@id":"https:\/\/novakmarket.com\/#organization","name":"Novak Market","url":"https:\/\/novakmarket.com\/","logo":{"@type":"ImageObject","inLanguage":"nl-NL","@id":"https:\/\/novakmarket.com\/#\/schema\/logo\/image\/","url":"https:\/\/novakmarket.com\/wp-content\/uploads\/2026\/02\/cropped-footer-pc-removebg-preview.png","contentUrl":"https:\/\/novakmarket.com\/wp-content\/uploads\/2026\/02\/cropped-footer-pc-removebg-preview.png","width":202,"height":73,"caption":"Novak Market"},"image":{"@id":"https:\/\/novakmarket.com\/#\/schema\/logo\/image\/"}}]}},"_links":{"self":[{"href":"https:\/\/novakmarket.com\/nl\/wp-json\/wp\/v2\/product\/6200","targetHints":{"allow":["GET"]}}],"collection":[{"href":"https:\/\/novakmarket.com\/nl\/wp-json\/wp\/v2\/product"}],"about":[{"href":"https:\/\/novakmarket.com\/nl\/wp-json\/wp\/v2\/types\/product"}],"replies":[{"embeddable":true,"href":"https:\/\/novakmarket.com\/nl\/wp-json\/wp\/v2\/comments?post=6200"}],"wp:featuredmedia":[{"embeddable":true,"href":"https:\/\/novakmarket.com\/nl\/wp-json\/wp\/v2\/media\/6234"}],"wp:attachment":[{"href":"https:\/\/novakmarket.com\/nl\/wp-json\/wp\/v2\/media?parent=6200"}],"wp:term":[{"taxonomy":"product_brand","embeddable":true,"href":"https:\/\/novakmarket.com\/nl\/wp-json\/wp\/v2\/product_brand?post=6200"},{"taxonomy":"product_cat","embeddable":true,"href":"https:\/\/novakmarket.com\/nl\/wp-json\/wp\/v2\/product_cat?post=6200"},{"taxonomy":"product_tag","embeddable":true,"href":"https:\/\/novakmarket.com\/nl\/wp-json\/wp\/v2\/product_tag?post=6200"}],"curies":[{"name":"wp","href":"https:\/\/api.w.org\/{rel}","templated":true}]}}