{"id":6267,"date":"2021-11-29T20:19:10","date_gmt":"2021-11-29T19:19:10","guid":{"rendered":"https:\/\/bestymarketshop.com\/?post_type=product&#038;p=6267"},"modified":"2021-11-29T20:19:28","modified_gmt":"2021-11-29T19:19:28","slug":"apple-macbook-pro-13-core-i7","status":"publish","type":"product","link":"https:\/\/novakmarket.com\/nl\/product\/apple-macbook-pro-13-core-i7\/","title":{"rendered":"Apple MacBook Pro 13&#8243; Core i7"},"content":{"rendered":"<p><img loading=\"lazy\" decoding=\"async\" class=\"alignnone size-medium wp-image-9102\" src=\"https:\/\/e-marketshopping.com\/wp-content\/uploads\/2020\/07\/T12-300x300.jpg\" alt=\"\" width=\"300\" height=\"300\" \/><\/p>","protected":false},"excerpt":{"rendered":"<table class=\"fpDescTb fpDescTbPub\">\n<tbody>\n<tr>\n<td>Marque<\/td>\n<td>APPLE<\/td>\n<\/tr>\n<tr>\n<td>Nom du produit<\/td>\n<td>Apple MacBook Pro 13&#8243; Core i7<\/td>\n<\/tr>\n<tr>\n<td>Cat\u00e9gorie<\/td>\n<td>ORDINATEUR PORTABLE<\/td>\n<\/tr>\n<tr>\n<th colspan=\"2\">G\u00e9n\u00e9ral<\/th>\n<\/tr>\n<tr>\n<td>Type de Produit<\/td>\n<td>MacBook<\/td>\n<\/tr>\n<\/tbody>\n<\/table>","protected":false},"featured_media":6299,"comment_status":"open","ping_status":"closed","template":"","meta":{"_acf_changed":false},"product_brand":[],"product_cat":[301],"product_tag":[],"class_list":{"0":"post-6267","1":"product","2":"type-product","3":"status-publish","4":"has-post-thumbnail","6":"product_cat-orrdinateurs-apple","8":"first","9":"instock","10":"shipping-taxable","11":"purchasable","12":"product-type-simple"},"acf":[],"yoast_head":"<!-- This site is optimized with the Yoast SEO plugin v27.2 - https:\/\/yoast.com\/product\/yoast-seo-wordpress\/ -->\n<title>Apple MacBook Pro 13&quot; Core i7 - Novak Market<\/title>\n<meta name=\"robots\" content=\"index, follow, max-snippet:-1, max-image-preview:large, max-video-preview:-1\" \/>\n<link rel=\"canonical\" href=\"https:\/\/novakmarket.com\/nl\/product\/apple-macbook-pro-13-core-i7\/\" \/>\n<meta property=\"og:locale\" content=\"nl_NL\" \/>\n<meta property=\"og:type\" content=\"article\" \/>\n<meta property=\"og:title\" content=\"Apple MacBook Pro 13&quot; Core i7 - Novak Market\" \/>\n<meta property=\"og:description\" content=\"Marque APPLE  Nom du produit Apple MacBook Pro 13&quot; Core i7  Cat\u00e9gorie ORDINATEUR PORTABLE  G\u00e9n\u00e9ral  Type de Produit MacBook\" \/>\n<meta property=\"og:url\" content=\"https:\/\/novakmarket.com\/nl\/product\/apple-macbook-pro-13-core-i7\/\" \/>\n<meta property=\"og:site_name\" content=\"Novak Market\" \/>\n<meta property=\"article:modified_time\" content=\"2021-11-29T19:19:28+00:00\" \/>\n<meta property=\"og:image\" content=\"https:\/\/novakmarket.com\/wp-content\/uploads\/2021\/11\/T12.jpg\" \/>\n\t<meta property=\"og:image:width\" content=\"470\" \/>\n\t<meta property=\"og:image:height\" content=\"470\" \/>\n\t<meta property=\"og:image:type\" content=\"image\/jpeg\" \/>\n<meta name=\"twitter:card\" content=\"summary_large_image\" \/>\n<script type=\"application\/ld+json\" class=\"yoast-schema-graph\">{\"@context\":\"https:\/\/schema.org\",\"@graph\":[{\"@type\":\"WebPage\",\"@id\":\"https:\/\/novakmarket.com\/produit\/apple-macbook-pro-13-core-i7\/\",\"url\":\"https:\/\/novakmarket.com\/produit\/apple-macbook-pro-13-core-i7\/\",\"name\":\"Apple MacBook Pro 13\\\" Core i7 - Novak Market\",\"isPartOf\":{\"@id\":\"https:\/\/novakmarket.com\/#website\"},\"primaryImageOfPage\":{\"@id\":\"https:\/\/novakmarket.com\/produit\/apple-macbook-pro-13-core-i7\/#primaryimage\"},\"image\":{\"@id\":\"https:\/\/novakmarket.com\/produit\/apple-macbook-pro-13-core-i7\/#primaryimage\"},\"thumbnailUrl\":\"https:\/\/novakmarket.com\/wp-content\/uploads\/2021\/11\/T12.jpg\",\"datePublished\":\"2021-11-29T19:19:10+00:00\",\"dateModified\":\"2021-11-29T19:19:28+00:00\",\"breadcrumb\":{\"@id\":\"https:\/\/novakmarket.com\/produit\/apple-macbook-pro-13-core-i7\/#breadcrumb\"},\"inLanguage\":\"nl-NL\",\"potentialAction\":[{\"@type\":\"ReadAction\",\"target\":[\"https:\/\/novakmarket.com\/produit\/apple-macbook-pro-13-core-i7\/\"]}]},{\"@type\":\"ImageObject\",\"inLanguage\":\"nl-NL\",\"@id\":\"https:\/\/novakmarket.com\/produit\/apple-macbook-pro-13-core-i7\/#primaryimage\",\"url\":\"https:\/\/novakmarket.com\/wp-content\/uploads\/2021\/11\/T12.jpg\",\"contentUrl\":\"https:\/\/novakmarket.com\/wp-content\/uploads\/2021\/11\/T12.jpg\",\"width\":470,\"height\":470},{\"@type\":\"BreadcrumbList\",\"@id\":\"https:\/\/novakmarket.com\/produit\/apple-macbook-pro-13-core-i7\/#breadcrumb\",\"itemListElement\":[{\"@type\":\"ListItem\",\"position\":1,\"name\":\"Accueil\",\"item\":\"https:\/\/novakmarket.com\/\"},{\"@type\":\"ListItem\",\"position\":2,\"name\":\"Boutique\",\"item\":\"https:\/\/novakmarket.com\/shop\/\"},{\"@type\":\"ListItem\",\"position\":3,\"name\":\"Apple MacBook Pro 13&#8243; Core i7\"}]},{\"@type\":\"WebSite\",\"@id\":\"https:\/\/novakmarket.com\/#website\",\"url\":\"https:\/\/novakmarket.com\/\",\"name\":\"Novak Market\",\"description\":\"Vente de produits \u00e9lectroniques.\",\"publisher\":{\"@id\":\"https:\/\/novakmarket.com\/#organization\"},\"potentialAction\":[{\"@type\":\"SearchAction\",\"target\":{\"@type\":\"EntryPoint\",\"urlTemplate\":\"https:\/\/novakmarket.com\/?s={search_term_string}\"},\"query-input\":{\"@type\":\"PropertyValueSpecification\",\"valueRequired\":true,\"valueName\":\"search_term_string\"}}],\"inLanguage\":\"nl-NL\"},{\"@type\":\"Organization\",\"@id\":\"https:\/\/novakmarket.com\/#organization\",\"name\":\"Novak Market\",\"url\":\"https:\/\/novakmarket.com\/\",\"logo\":{\"@type\":\"ImageObject\",\"inLanguage\":\"nl-NL\",\"@id\":\"https:\/\/novakmarket.com\/#\/schema\/logo\/image\/\",\"url\":\"https:\/\/novakmarket.com\/wp-content\/uploads\/2026\/02\/cropped-footer-pc-removebg-preview.png\",\"contentUrl\":\"https:\/\/novakmarket.com\/wp-content\/uploads\/2026\/02\/cropped-footer-pc-removebg-preview.png\",\"width\":202,\"height\":73,\"caption\":\"Novak Market\"},\"image\":{\"@id\":\"https:\/\/novakmarket.com\/#\/schema\/logo\/image\/\"}}]}<\/script>\n<!-- \/ Yoast SEO plugin. -->","yoast_head_json":{"title":"Apple MacBook Pro 13\" Core i7 - Novak Market","robots":{"index":"index","follow":"follow","max-snippet":"max-snippet:-1","max-image-preview":"max-image-preview:large","max-video-preview":"max-video-preview:-1"},"canonical":"https:\/\/novakmarket.com\/nl\/product\/apple-macbook-pro-13-core-i7\/","og_locale":"nl_NL","og_type":"article","og_title":"Apple MacBook Pro 13\" Core i7 - Novak Market","og_description":"Marque APPLE  Nom du produit Apple MacBook Pro 13\" Core i7  Cat\u00e9gorie ORDINATEUR PORTABLE  G\u00e9n\u00e9ral  Type de Produit MacBook","og_url":"https:\/\/novakmarket.com\/nl\/product\/apple-macbook-pro-13-core-i7\/","og_site_name":"Novak Market","article_modified_time":"2021-11-29T19:19:28+00:00","og_image":[{"width":470,"height":470,"url":"https:\/\/novakmarket.com\/wp-content\/uploads\/2021\/11\/T12.jpg","type":"image\/jpeg"}],"twitter_card":"summary_large_image","schema":{"@context":"https:\/\/schema.org","@graph":[{"@type":"WebPage","@id":"https:\/\/novakmarket.com\/produit\/apple-macbook-pro-13-core-i7\/","url":"https:\/\/novakmarket.com\/produit\/apple-macbook-pro-13-core-i7\/","name":"Apple MacBook Pro 13\" Core i7 - Novak Market","isPartOf":{"@id":"https:\/\/novakmarket.com\/#website"},"primaryImageOfPage":{"@id":"https:\/\/novakmarket.com\/produit\/apple-macbook-pro-13-core-i7\/#primaryimage"},"image":{"@id":"https:\/\/novakmarket.com\/produit\/apple-macbook-pro-13-core-i7\/#primaryimage"},"thumbnailUrl":"https:\/\/novakmarket.com\/wp-content\/uploads\/2021\/11\/T12.jpg","datePublished":"2021-11-29T19:19:10+00:00","dateModified":"2021-11-29T19:19:28+00:00","breadcrumb":{"@id":"https:\/\/novakmarket.com\/produit\/apple-macbook-pro-13-core-i7\/#breadcrumb"},"inLanguage":"nl-NL","potentialAction":[{"@type":"ReadAction","target":["https:\/\/novakmarket.com\/produit\/apple-macbook-pro-13-core-i7\/"]}]},{"@type":"ImageObject","inLanguage":"nl-NL","@id":"https:\/\/novakmarket.com\/produit\/apple-macbook-pro-13-core-i7\/#primaryimage","url":"https:\/\/novakmarket.com\/wp-content\/uploads\/2021\/11\/T12.jpg","contentUrl":"https:\/\/novakmarket.com\/wp-content\/uploads\/2021\/11\/T12.jpg","width":470,"height":470},{"@type":"BreadcrumbList","@id":"https:\/\/novakmarket.com\/produit\/apple-macbook-pro-13-core-i7\/#breadcrumb","itemListElement":[{"@type":"ListItem","position":1,"name":"Accueil","item":"https:\/\/novakmarket.com\/"},{"@type":"ListItem","position":2,"name":"Boutique","item":"https:\/\/novakmarket.com\/shop\/"},{"@type":"ListItem","position":3,"name":"Apple MacBook Pro 13&#8243; Core i7"}]},{"@type":"WebSite","@id":"https:\/\/novakmarket.com\/#website","url":"https:\/\/novakmarket.com\/","name":"Novak Market","description":"Vente de produits \u00e9lectroniques.","publisher":{"@id":"https:\/\/novakmarket.com\/#organization"},"potentialAction":[{"@type":"SearchAction","target":{"@type":"EntryPoint","urlTemplate":"https:\/\/novakmarket.com\/?s={search_term_string}"},"query-input":{"@type":"PropertyValueSpecification","valueRequired":true,"valueName":"search_term_string"}}],"inLanguage":"nl-NL"},{"@type":"Organization","@id":"https:\/\/novakmarket.com\/#organization","name":"Novak Market","url":"https:\/\/novakmarket.com\/","logo":{"@type":"ImageObject","inLanguage":"nl-NL","@id":"https:\/\/novakmarket.com\/#\/schema\/logo\/image\/","url":"https:\/\/novakmarket.com\/wp-content\/uploads\/2026\/02\/cropped-footer-pc-removebg-preview.png","contentUrl":"https:\/\/novakmarket.com\/wp-content\/uploads\/2026\/02\/cropped-footer-pc-removebg-preview.png","width":202,"height":73,"caption":"Novak Market"},"image":{"@id":"https:\/\/novakmarket.com\/#\/schema\/logo\/image\/"}}]}},"_links":{"self":[{"href":"https:\/\/novakmarket.com\/nl\/wp-json\/wp\/v2\/product\/6267","targetHints":{"allow":["GET"]}}],"collection":[{"href":"https:\/\/novakmarket.com\/nl\/wp-json\/wp\/v2\/product"}],"about":[{"href":"https:\/\/novakmarket.com\/nl\/wp-json\/wp\/v2\/types\/product"}],"replies":[{"embeddable":true,"href":"https:\/\/novakmarket.com\/nl\/wp-json\/wp\/v2\/comments?post=6267"}],"wp:featuredmedia":[{"embeddable":true,"href":"https:\/\/novakmarket.com\/nl\/wp-json\/wp\/v2\/media\/6299"}],"wp:attachment":[{"href":"https:\/\/novakmarket.com\/nl\/wp-json\/wp\/v2\/media?parent=6267"}],"wp:term":[{"taxonomy":"product_brand","embeddable":true,"href":"https:\/\/novakmarket.com\/nl\/wp-json\/wp\/v2\/product_brand?post=6267"},{"taxonomy":"product_cat","embeddable":true,"href":"https:\/\/novakmarket.com\/nl\/wp-json\/wp\/v2\/product_cat?post=6267"},{"taxonomy":"product_tag","embeddable":true,"href":"https:\/\/novakmarket.com\/nl\/wp-json\/wp\/v2\/product_tag?post=6267"}],"curies":[{"name":"wp","href":"https:\/\/api.w.org\/{rel}","templated":true}]}}