{"id":6322,"date":"2021-11-29T20:19:39","date_gmt":"2021-11-29T19:19:39","guid":{"rendered":"https:\/\/bestymarketshop.com\/?post_type=product&#038;p=6322"},"modified":"2021-12-01T14:27:48","modified_gmt":"2021-12-01T13:27:48","slug":"ordinateur-ultrabook-lenovo-133-fhd","status":"publish","type":"product","link":"https:\/\/novakmarket.com\/nl\/product\/ordinateur-ultrabook-lenovo-133-fhd\/","title":{"rendered":"Ordinateur Ultrabook &#8211; LENOVO 13,3&#8243; FHD"},"content":{"rendered":"<p><img loading=\"lazy\" decoding=\"async\" class=\"alignnone size-medium wp-image-9151\" src=\"https:\/\/esther-market.com\/wp-content\/uploads\/2020\/07\/NOW-300x300.jpg\" alt=\"\" width=\"300\" height=\"300\" \/><\/p>","protected":false},"excerpt":{"rendered":"<table class=\"fpDescTb fpDescTbPub\">\n<tbody>\n<tr>\n<td>Nom du produit<\/td>\n<td>Ordinateur Ultrabook &#8211; LENOVO Yoga S730-13IWL &#8211; 13<\/td>\n<\/tr>\n<tr>\n<td>Cat\u00e9gorie<\/td>\n<td>ORDINATEUR 2 EN 1<\/td>\n<\/tr>\n<tr>\n<th colspan=\"2\">Informations sur le produit<\/th>\n<\/tr>\n<tr>\n<td>Sp\u00e9cificit\u00e9s Web D\u00e9stockage<\/td>\n<td>Sp\u00e9cificit\u00e9 du produit. Produit d\u2019occasion test\u00e9 et r\u00e9par\u00e9 par nos \u00e9quipes techniques. r\u00e9emball\u00e9 si n\u00e9cessaire. Etat de l\u2019emballage : L\u00e9g\u00e8rement ab\u00eem\u00e9<\/td>\n<\/tr>\n<tr>\n<td>Sous-\u00e9tat<\/td>\n<td>\u00c9tat correct<\/td>\n<\/tr>\n<tr>\n<td>PC avec ou sans Office ?<\/td>\n<td>PC sans office 365 Personnel<\/td>\n<\/tr>\n<tr>\n<th colspan=\"2\">G\u00e9n\u00e9ral<\/th>\n<\/tr>\n<tr>\n<td>Syst\u00e8me d&#8217;exploitation<\/td>\n<td>Windows 10 Edition Familiale 64 bits<\/td>\n<\/tr>\n<tr>\n<td>Type de Produit<\/td>\n<td>Ordinateur portable &#8211; charni\u00e8re 180\u00b0<\/td>\n<\/tr>\n<tr>\n<th colspan=\"2\">Affichage<\/th>\n<\/tr>\n<tr>\n<td>Type<\/td>\n<td>13.3&#8243; &#8211; IPS<\/td>\n<\/tr>\n<tr>\n<td>Technologie de r\u00e9tro\u00e9clairage LCD<\/td>\n<td>R\u00e9tro\u00e9clairage par LED<\/td>\n<\/tr>\n<tr>\n<td>R\u00e9solution<\/td>\n<td>1920 x 1080 (Full HD)<\/td>\n<\/tr>\n<tr>\n<td>Fonctions<\/td>\n<td>Dolby Vision<\/td>\n<\/tr>\n<tr>\n<td>Grand \u00e9cran<\/td>\n<td>Oui<\/td>\n<\/tr>\n<tr>\n<td>Format de l&#8217;image<\/td>\n<td>16:9<\/td>\n<\/tr>\n<tr>\n<th colspan=\"2\">Stockage<\/th>\n<\/tr>\n<tr>\n<td>Stockage principal<\/td>\n<td>256 Go SSD &#8211; (M.2) PCIe &#8211; NVM Express (NVMe)<\/td>\n<\/tr>\n<tr>\n<th colspan=\"2\">M\u00e9moire<\/th>\n<\/tr>\n<tr>\n<td>RAM<\/td>\n<td>8 Go<\/td>\n<\/tr>\n<tr>\n<td>Technologie<\/td>\n<td>LPDDR3 SDRAM<\/td>\n<\/tr>\n<tr>\n<th colspan=\"2\">Audio &amp; vid\u00e9o<\/th>\n<\/tr>\n<tr>\n<td>Processeur graphique<\/td>\n<td>Intel UHD Graphics 620<\/td>\n<\/tr>\n<tr>\n<td>Cam\u00e9ra<\/td>\n<td>Oui<\/td>\n<\/tr>\n<tr>\n<td>R\u00e9solution<\/td>\n<td>1 M\u00e9gapixel<\/td>\n<\/tr>\n<tr>\n<td>Son<\/td>\n<td>Haut-parleurs st\u00e9r\u00e9o, double tableau de microphone<\/td>\n<\/tr>\n<tr>\n<td>Caract\u00e9ristiques audio<\/td>\n<td>JBL<\/td>\n<\/tr>\n<tr>\n<td>Normes de conformit\u00e9<\/td>\n<td>Dolby Atmos<\/td>\n<\/tr>\n<tr>\n<th colspan=\"2\">Communications<\/th>\n<\/tr>\n<tr>\n<td>Sans fil<\/td>\n<td>802.11a\/b\/g\/n\/ac, Bluetooth 4.1<\/td>\n<\/tr>\n<tr>\n<td>Contr\u00f4leur sans fil<\/td>\n<td>M.2 Card<\/td>\n<\/tr>\n<tr>\n<th colspan=\"2\">Connexions &amp; extension<\/th>\n<\/tr>\n<tr>\n<td>Interfaces<\/td>\n<td>USB-C 3.1 Gen 2\/Thunderbolt 3\/DisplayPort (Power Delivery)<br \/>\nUSB-C 3.1 Gen 2\/Thunderbolt 3\/DisplayPort (Power Delivery, Always On)<br \/>\nUSB-C 3.1 Gen 1 (combinaison entr\u00e9e CC)<br \/>\nPrise combo casque\/microphone<\/td>\n<\/tr>\n<tr>\n<th colspan=\"2\">Logiciels<\/th>\n<\/tr>\n<tr>\n<td>Logiciel(s) inclus<\/td>\n<td>Microsoft Office 365 (version d&#8217;\u00e9valuation de 30 jours), McAfee LiveSafe (version d&#8217;\u00e9valuation de 30 jours), Lenovo Vantage<\/td>\n<\/tr>\n<tr>\n<th colspan=\"2\">Entr\u00e9e<\/th>\n<\/tr>\n<tr>\n<td>Type<\/td>\n<td>Clavier, Pav\u00e9 tactile<\/td>\n<\/tr>\n<tr>\n<td>Disposition du clavier<\/td>\n<td>Fran\u00e7ais<\/td>\n<\/tr>\n<tr>\n<td>R\u00e9tro\u00e9clairage du clavier<\/td>\n<td>Oui<\/td>\n<\/tr>\n<tr>\n<th colspan=\"2\">Batterie<\/th>\n<\/tr>\n<tr>\n<td>Technologie<\/td>\n<td>4 cellules Lithium Ion<\/td>\n<\/tr>\n<tr>\n<td>Capacit\u00e9<\/td>\n<td>42 Wh<\/td>\n<\/tr>\n<tr>\n<td>Dur\u00e9e de fonctionnement<\/td>\n<td>Jusqu&#8217;\u00e0 10 heures<\/td>\n<\/tr>\n<tr>\n<th colspan=\"2\">Divers<\/th>\n<\/tr>\n<tr>\n<td>Couleur<\/td>\n<td>Gris de fer<\/td>\n<\/tr>\n<tr>\n<td>Caract\u00e9ristiques<\/td>\n<td>RapidCharge<\/td>\n<\/tr>\n<tr>\n<td>Localisation<\/td>\n<td>Langue : fran\u00e7ais \/ r\u00e9gion : France<\/td>\n<\/tr>\n<tr>\n<td>S\u00e9curit\u00e9<\/td>\n<td>Lecteur d&#8217;empreintes digitales<\/td>\n<\/tr>\n<tr>\n<td>Mati\u00e8re du boitier<\/td>\n<td>Aluminium<\/td>\n<\/tr>\n<tr>\n<th colspan=\"2\">Dimensions et poids<\/th>\n<\/tr>\n<tr>\n<td>Poids<\/td>\n<td>1.2 kg<\/td>\n<\/tr>\n<tr>\n<td>Dimensions (LxPxH)<\/td>\n<td>30.7 cm x 21 cm x 1.19 cm<\/td>\n<\/tr>\n<tr>\n<th colspan=\"2\">Adaptateur CA<\/th>\n<\/tr>\n<tr>\n<td>Entr\u00e9e<\/td>\n<td>CA 120\/230 V (50\/60 Hz)<\/td>\n<\/tr>\n<tr>\n<th colspan=\"2\">Attributs de recherche<\/th>\n<\/tr>\n<tr>\n<td>Stockage optique|Type de lecteur<\/td>\n<td>Pas de disque optique<\/td>\n<\/tr>\n<tr>\n<th colspan=\"2\">Processeur \/ Chipset<\/th>\n<\/tr>\n<tr>\n<td>Cache<\/td>\n<td>8 Mo<\/td>\n<\/tr>\n<tr>\n<td>CPU<\/td>\n<td>Intel Core i7 (8\u00e8me g\u00e9n\u00e9ration) 8565U \/ 1.8 GHz<\/td>\n<\/tr>\n<tr>\n<td>Fonctions<\/td>\n<td>Contr\u00f4leur de m\u00e9moire int\u00e9gr\u00e9<\/td>\n<\/tr>\n<tr>\n<td>Nombre de coeurs<\/td>\n<td>Quadricoeur<\/td>\n<\/tr>\n<tr>\n<td>Technologie 64 bits<\/td>\n<td>Oui<\/td>\n<\/tr>\n<tr>\n<td>Vitesse maximale en mode Turbo<\/td>\n<td>4.6 GHz<\/td>\n<\/tr>\n<\/tbody>\n<\/table>","protected":false},"featured_media":6354,"comment_status":"open","ping_status":"closed","template":"","meta":{"_acf_changed":false},"product_brand":[],"product_cat":[304],"product_tag":[],"class_list":{"0":"post-6322","1":"product","2":"type-product","3":"status-publish","4":"has-post-thumbnail","6":"product_cat-lenovo","8":"first","9":"instock","10":"shipping-taxable","11":"purchasable","12":"product-type-simple"},"acf":[],"yoast_head":"<!-- This site is optimized with the Yoast SEO plugin v27.2 - https:\/\/yoast.com\/product\/yoast-seo-wordpress\/ -->\n<title>Ordinateur Ultrabook - LENOVO 13,3&quot; FHD - Novak Market<\/title>\n<meta name=\"robots\" content=\"index, follow, max-snippet:-1, max-image-preview:large, max-video-preview:-1\" \/>\n<link rel=\"canonical\" href=\"https:\/\/novakmarket.com\/nl\/product\/ordinateur-ultrabook-lenovo-133-fhd\/\" \/>\n<meta property=\"og:locale\" content=\"nl_NL\" \/>\n<meta property=\"og:type\" content=\"article\" \/>\n<meta property=\"og:title\" content=\"Ordinateur Ultrabook - LENOVO 13,3&quot; FHD - Novak Market\" \/>\n<meta property=\"og:description\" content=\"Nom du produit Ordinateur Ultrabook - LENOVO Yoga S730-13IWL - 13  Cat\u00e9gorie ORDINATEUR 2 EN 1  Informations sur le produit  Sp\u00e9cificit\u00e9s Web D\u00e9stockage Sp\u00e9cificit\u00e9 du produit. Produit d\u2019occasion test\u00e9 et r\u00e9par\u00e9 par nos \u00e9quipes techniques. r\u00e9emball\u00e9 si n\u00e9cessaire. Etat de l\u2019emballage : L\u00e9g\u00e8rement ab\u00eem\u00e9  Sous-\u00e9tat \u00c9tat correct  PC avec ou sans Office ? PC sans office 365 Personnel  G\u00e9n\u00e9ral  Syst\u00e8me d&#039;exploitation Windows 10 Edition Familiale 64 bits  Type de Produit Ordinateur portable - charni\u00e8re 180\u00b0  Affichage  Type 13.3&quot; - IPS  Technologie de r\u00e9tro\u00e9clairage LCD R\u00e9tro\u00e9clairage par LED  R\u00e9solution 1920 x 1080 (Full HD)  Fonctions Dolby Vision  Grand \u00e9cran Oui  Format de l&#039;image 16:9  Stockage  Stockage principal 256 Go SSD - (M.2) PCIe - NVM Express (NVMe)  M\u00e9moire  RAM 8 Go  Technologie LPDDR3 SDRAM  Audio &amp; vid\u00e9o  Processeur graphique Intel UHD Graphics 620  Cam\u00e9ra Oui  R\u00e9solution 1 M\u00e9gapixel  Son Haut-parleurs st\u00e9r\u00e9o, double tableau de microphone  Caract\u00e9ristiques audio JBL  Normes de conformit\u00e9 Dolby Atmos  Communications  Sans fil 802.11a\/b\/g\/n\/ac, Bluetooth 4.1  Contr\u00f4leur sans fil M.2 Card  Connexions &amp; extension  Interfaces USB-C 3.1 Gen 2\/Thunderbolt 3\/DisplayPort (Power Delivery) USB-C 3.1 Gen 2\/Thunderbolt 3\/DisplayPort (Power Delivery, Always On) USB-C 3.1 Gen 1 (combinaison entr\u00e9e CC) Prise combo casque\/microphone  Logiciels  Logiciel(s) inclus Microsoft Office 365 (version d&#039;\u00e9valuation de 30 jours), McAfee LiveSafe (version d&#039;\u00e9valuation de 30 jours), Lenovo Vantage  Entr\u00e9e  Type Clavier, Pav\u00e9 tactile  Disposition du clavier Fran\u00e7ais  R\u00e9tro\u00e9clairage du clavier Oui  Batterie  Technologie 4 cellules Lithium Ion  Capacit\u00e9 42 Wh  Dur\u00e9e de fonctionnement Jusqu&#039;\u00e0 10 heures  Divers  Couleur Gris de fer  Caract\u00e9ristiques RapidCharge  Localisation Langue : fran\u00e7ais \/ r\u00e9gion : France  S\u00e9curit\u00e9 Lecteur d&#039;empreintes digitales  Mati\u00e8re du boitier Aluminium  Dimensions et poids  Poids 1.2 kg  Dimensions (LxPxH) 30.7 cm x 21 cm x 1.19 cm  Adaptateur CA  Entr\u00e9e CA 120\/230 V (50\/60 Hz)  Attributs de recherche  Stockage optique|Type de lecteur Pas de disque optique  Processeur \/ Chipset  Cache 8 Mo  CPU Intel Core i7 (8\u00e8me g\u00e9n\u00e9ration) 8565U \/ 1.8 GHz  Fonctions Contr\u00f4leur de m\u00e9moire int\u00e9gr\u00e9  Nombre de coeurs Quadricoeur  Technologie 64 bits Oui  Vitesse maximale en mode Turbo 4.6 GHz\" \/>\n<meta property=\"og:url\" content=\"https:\/\/novakmarket.com\/nl\/product\/ordinateur-ultrabook-lenovo-133-fhd\/\" \/>\n<meta property=\"og:site_name\" content=\"Novak Market\" \/>\n<meta property=\"article:modified_time\" content=\"2021-12-01T13:27:48+00:00\" \/>\n<meta property=\"og:image\" content=\"https:\/\/novakmarket.com\/wp-content\/uploads\/2021\/11\/E8-1.jpg\" \/>\n\t<meta property=\"og:image:width\" content=\"700\" \/>\n\t<meta property=\"og:image:height\" content=\"700\" \/>\n\t<meta property=\"og:image:type\" content=\"image\/jpeg\" \/>\n<meta name=\"twitter:card\" content=\"summary_large_image\" \/>\n<script type=\"application\/ld+json\" class=\"yoast-schema-graph\">{\"@context\":\"https:\/\/schema.org\",\"@graph\":[{\"@type\":\"WebPage\",\"@id\":\"https:\/\/novakmarket.com\/produit\/ordinateur-ultrabook-lenovo-133-fhd\/\",\"url\":\"https:\/\/novakmarket.com\/produit\/ordinateur-ultrabook-lenovo-133-fhd\/\",\"name\":\"Ordinateur Ultrabook - LENOVO 13,3\\\" FHD - Novak Market\",\"isPartOf\":{\"@id\":\"https:\/\/novakmarket.com\/#website\"},\"primaryImageOfPage\":{\"@id\":\"https:\/\/novakmarket.com\/produit\/ordinateur-ultrabook-lenovo-133-fhd\/#primaryimage\"},\"image\":{\"@id\":\"https:\/\/novakmarket.com\/produit\/ordinateur-ultrabook-lenovo-133-fhd\/#primaryimage\"},\"thumbnailUrl\":\"https:\/\/novakmarket.com\/wp-content\/uploads\/2021\/11\/E8-1.jpg\",\"datePublished\":\"2021-11-29T19:19:39+00:00\",\"dateModified\":\"2021-12-01T13:27:48+00:00\",\"breadcrumb\":{\"@id\":\"https:\/\/novakmarket.com\/produit\/ordinateur-ultrabook-lenovo-133-fhd\/#breadcrumb\"},\"inLanguage\":\"nl-NL\",\"potentialAction\":[{\"@type\":\"ReadAction\",\"target\":[\"https:\/\/novakmarket.com\/produit\/ordinateur-ultrabook-lenovo-133-fhd\/\"]}]},{\"@type\":\"ImageObject\",\"inLanguage\":\"nl-NL\",\"@id\":\"https:\/\/novakmarket.com\/produit\/ordinateur-ultrabook-lenovo-133-fhd\/#primaryimage\",\"url\":\"https:\/\/novakmarket.com\/wp-content\/uploads\/2021\/11\/E8-1.jpg\",\"contentUrl\":\"https:\/\/novakmarket.com\/wp-content\/uploads\/2021\/11\/E8-1.jpg\",\"width\":700,\"height\":700},{\"@type\":\"BreadcrumbList\",\"@id\":\"https:\/\/novakmarket.com\/produit\/ordinateur-ultrabook-lenovo-133-fhd\/#breadcrumb\",\"itemListElement\":[{\"@type\":\"ListItem\",\"position\":1,\"name\":\"Accueil\",\"item\":\"https:\/\/novakmarket.com\/\"},{\"@type\":\"ListItem\",\"position\":2,\"name\":\"Boutique\",\"item\":\"https:\/\/novakmarket.com\/shop\/\"},{\"@type\":\"ListItem\",\"position\":3,\"name\":\"Ordinateur Ultrabook &#8211; LENOVO 13,3&#8243; FHD\"}]},{\"@type\":\"WebSite\",\"@id\":\"https:\/\/novakmarket.com\/#website\",\"url\":\"https:\/\/novakmarket.com\/\",\"name\":\"Novak Market\",\"description\":\"Vente de produits \u00e9lectroniques.\",\"publisher\":{\"@id\":\"https:\/\/novakmarket.com\/#organization\"},\"potentialAction\":[{\"@type\":\"SearchAction\",\"target\":{\"@type\":\"EntryPoint\",\"urlTemplate\":\"https:\/\/novakmarket.com\/?s={search_term_string}\"},\"query-input\":{\"@type\":\"PropertyValueSpecification\",\"valueRequired\":true,\"valueName\":\"search_term_string\"}}],\"inLanguage\":\"nl-NL\"},{\"@type\":\"Organization\",\"@id\":\"https:\/\/novakmarket.com\/#organization\",\"name\":\"Novak Market\",\"url\":\"https:\/\/novakmarket.com\/\",\"logo\":{\"@type\":\"ImageObject\",\"inLanguage\":\"nl-NL\",\"@id\":\"https:\/\/novakmarket.com\/#\/schema\/logo\/image\/\",\"url\":\"https:\/\/novakmarket.com\/wp-content\/uploads\/2026\/02\/cropped-footer-pc-removebg-preview.png\",\"contentUrl\":\"https:\/\/novakmarket.com\/wp-content\/uploads\/2026\/02\/cropped-footer-pc-removebg-preview.png\",\"width\":202,\"height\":73,\"caption\":\"Novak Market\"},\"image\":{\"@id\":\"https:\/\/novakmarket.com\/#\/schema\/logo\/image\/\"}}]}<\/script>\n<!-- \/ Yoast SEO plugin. -->","yoast_head_json":{"title":"Ordinateur Ultrabook - LENOVO 13,3\" FHD - Novak Market","robots":{"index":"index","follow":"follow","max-snippet":"max-snippet:-1","max-image-preview":"max-image-preview:large","max-video-preview":"max-video-preview:-1"},"canonical":"https:\/\/novakmarket.com\/nl\/product\/ordinateur-ultrabook-lenovo-133-fhd\/","og_locale":"nl_NL","og_type":"article","og_title":"Ordinateur Ultrabook - LENOVO 13,3\" FHD - Novak Market","og_description":"Nom du produit Ordinateur Ultrabook - LENOVO Yoga S730-13IWL - 13  Cat\u00e9gorie ORDINATEUR 2 EN 1  Informations sur le produit  Sp\u00e9cificit\u00e9s Web D\u00e9stockage Sp\u00e9cificit\u00e9 du produit. Produit d\u2019occasion test\u00e9 et r\u00e9par\u00e9 par nos \u00e9quipes techniques. r\u00e9emball\u00e9 si n\u00e9cessaire. Etat de l\u2019emballage : L\u00e9g\u00e8rement ab\u00eem\u00e9  Sous-\u00e9tat \u00c9tat correct  PC avec ou sans Office ? PC sans office 365 Personnel  G\u00e9n\u00e9ral  Syst\u00e8me d'exploitation Windows 10 Edition Familiale 64 bits  Type de Produit Ordinateur portable - charni\u00e8re 180\u00b0  Affichage  Type 13.3\" - IPS  Technologie de r\u00e9tro\u00e9clairage LCD R\u00e9tro\u00e9clairage par LED  R\u00e9solution 1920 x 1080 (Full HD)  Fonctions Dolby Vision  Grand \u00e9cran Oui  Format de l'image 16:9  Stockage  Stockage principal 256 Go SSD - (M.2) PCIe - NVM Express (NVMe)  M\u00e9moire  RAM 8 Go  Technologie LPDDR3 SDRAM  Audio &amp; vid\u00e9o  Processeur graphique Intel UHD Graphics 620  Cam\u00e9ra Oui  R\u00e9solution 1 M\u00e9gapixel  Son Haut-parleurs st\u00e9r\u00e9o, double tableau de microphone  Caract\u00e9ristiques audio JBL  Normes de conformit\u00e9 Dolby Atmos  Communications  Sans fil 802.11a\/b\/g\/n\/ac, Bluetooth 4.1  Contr\u00f4leur sans fil M.2 Card  Connexions &amp; extension  Interfaces USB-C 3.1 Gen 2\/Thunderbolt 3\/DisplayPort (Power Delivery) USB-C 3.1 Gen 2\/Thunderbolt 3\/DisplayPort (Power Delivery, Always On) USB-C 3.1 Gen 1 (combinaison entr\u00e9e CC) Prise combo casque\/microphone  Logiciels  Logiciel(s) inclus Microsoft Office 365 (version d'\u00e9valuation de 30 jours), McAfee LiveSafe (version d'\u00e9valuation de 30 jours), Lenovo Vantage  Entr\u00e9e  Type Clavier, Pav\u00e9 tactile  Disposition du clavier Fran\u00e7ais  R\u00e9tro\u00e9clairage du clavier Oui  Batterie  Technologie 4 cellules Lithium Ion  Capacit\u00e9 42 Wh  Dur\u00e9e de fonctionnement Jusqu'\u00e0 10 heures  Divers  Couleur Gris de fer  Caract\u00e9ristiques RapidCharge  Localisation Langue : fran\u00e7ais \/ r\u00e9gion : France  S\u00e9curit\u00e9 Lecteur d'empreintes digitales  Mati\u00e8re du boitier Aluminium  Dimensions et poids  Poids 1.2 kg  Dimensions (LxPxH) 30.7 cm x 21 cm x 1.19 cm  Adaptateur CA  Entr\u00e9e CA 120\/230 V (50\/60 Hz)  Attributs de recherche  Stockage optique|Type de lecteur Pas de disque optique  Processeur \/ Chipset  Cache 8 Mo  CPU Intel Core i7 (8\u00e8me g\u00e9n\u00e9ration) 8565U \/ 1.8 GHz  Fonctions Contr\u00f4leur de m\u00e9moire int\u00e9gr\u00e9  Nombre de coeurs Quadricoeur  Technologie 64 bits Oui  Vitesse maximale en mode Turbo 4.6 GHz","og_url":"https:\/\/novakmarket.com\/nl\/product\/ordinateur-ultrabook-lenovo-133-fhd\/","og_site_name":"Novak Market","article_modified_time":"2021-12-01T13:27:48+00:00","og_image":[{"width":700,"height":700,"url":"https:\/\/novakmarket.com\/wp-content\/uploads\/2021\/11\/E8-1.jpg","type":"image\/jpeg"}],"twitter_card":"summary_large_image","schema":{"@context":"https:\/\/schema.org","@graph":[{"@type":"WebPage","@id":"https:\/\/novakmarket.com\/produit\/ordinateur-ultrabook-lenovo-133-fhd\/","url":"https:\/\/novakmarket.com\/produit\/ordinateur-ultrabook-lenovo-133-fhd\/","name":"Ordinateur Ultrabook - LENOVO 13,3\" FHD - Novak Market","isPartOf":{"@id":"https:\/\/novakmarket.com\/#website"},"primaryImageOfPage":{"@id":"https:\/\/novakmarket.com\/produit\/ordinateur-ultrabook-lenovo-133-fhd\/#primaryimage"},"image":{"@id":"https:\/\/novakmarket.com\/produit\/ordinateur-ultrabook-lenovo-133-fhd\/#primaryimage"},"thumbnailUrl":"https:\/\/novakmarket.com\/wp-content\/uploads\/2021\/11\/E8-1.jpg","datePublished":"2021-11-29T19:19:39+00:00","dateModified":"2021-12-01T13:27:48+00:00","breadcrumb":{"@id":"https:\/\/novakmarket.com\/produit\/ordinateur-ultrabook-lenovo-133-fhd\/#breadcrumb"},"inLanguage":"nl-NL","potentialAction":[{"@type":"ReadAction","target":["https:\/\/novakmarket.com\/produit\/ordinateur-ultrabook-lenovo-133-fhd\/"]}]},{"@type":"ImageObject","inLanguage":"nl-NL","@id":"https:\/\/novakmarket.com\/produit\/ordinateur-ultrabook-lenovo-133-fhd\/#primaryimage","url":"https:\/\/novakmarket.com\/wp-content\/uploads\/2021\/11\/E8-1.jpg","contentUrl":"https:\/\/novakmarket.com\/wp-content\/uploads\/2021\/11\/E8-1.jpg","width":700,"height":700},{"@type":"BreadcrumbList","@id":"https:\/\/novakmarket.com\/produit\/ordinateur-ultrabook-lenovo-133-fhd\/#breadcrumb","itemListElement":[{"@type":"ListItem","position":1,"name":"Accueil","item":"https:\/\/novakmarket.com\/"},{"@type":"ListItem","position":2,"name":"Boutique","item":"https:\/\/novakmarket.com\/shop\/"},{"@type":"ListItem","position":3,"name":"Ordinateur Ultrabook &#8211; LENOVO 13,3&#8243; FHD"}]},{"@type":"WebSite","@id":"https:\/\/novakmarket.com\/#website","url":"https:\/\/novakmarket.com\/","name":"Novak Market","description":"Vente de produits \u00e9lectroniques.","publisher":{"@id":"https:\/\/novakmarket.com\/#organization"},"potentialAction":[{"@type":"SearchAction","target":{"@type":"EntryPoint","urlTemplate":"https:\/\/novakmarket.com\/?s={search_term_string}"},"query-input":{"@type":"PropertyValueSpecification","valueRequired":true,"valueName":"search_term_string"}}],"inLanguage":"nl-NL"},{"@type":"Organization","@id":"https:\/\/novakmarket.com\/#organization","name":"Novak Market","url":"https:\/\/novakmarket.com\/","logo":{"@type":"ImageObject","inLanguage":"nl-NL","@id":"https:\/\/novakmarket.com\/#\/schema\/logo\/image\/","url":"https:\/\/novakmarket.com\/wp-content\/uploads\/2026\/02\/cropped-footer-pc-removebg-preview.png","contentUrl":"https:\/\/novakmarket.com\/wp-content\/uploads\/2026\/02\/cropped-footer-pc-removebg-preview.png","width":202,"height":73,"caption":"Novak Market"},"image":{"@id":"https:\/\/novakmarket.com\/#\/schema\/logo\/image\/"}}]}},"_links":{"self":[{"href":"https:\/\/novakmarket.com\/nl\/wp-json\/wp\/v2\/product\/6322","targetHints":{"allow":["GET"]}}],"collection":[{"href":"https:\/\/novakmarket.com\/nl\/wp-json\/wp\/v2\/product"}],"about":[{"href":"https:\/\/novakmarket.com\/nl\/wp-json\/wp\/v2\/types\/product"}],"replies":[{"embeddable":true,"href":"https:\/\/novakmarket.com\/nl\/wp-json\/wp\/v2\/comments?post=6322"}],"wp:featuredmedia":[{"embeddable":true,"href":"https:\/\/novakmarket.com\/nl\/wp-json\/wp\/v2\/media\/6354"}],"wp:attachment":[{"href":"https:\/\/novakmarket.com\/nl\/wp-json\/wp\/v2\/media?parent=6322"}],"wp:term":[{"taxonomy":"product_brand","embeddable":true,"href":"https:\/\/novakmarket.com\/nl\/wp-json\/wp\/v2\/product_brand?post=6322"},{"taxonomy":"product_cat","embeddable":true,"href":"https:\/\/novakmarket.com\/nl\/wp-json\/wp\/v2\/product_cat?post=6322"},{"taxonomy":"product_tag","embeddable":true,"href":"https:\/\/novakmarket.com\/nl\/wp-json\/wp\/v2\/product_tag?post=6322"}],"curies":[{"name":"wp","href":"https:\/\/api.w.org\/{rel}","templated":true}]}}