{"id":6384,"date":"2021-11-29T20:20:08","date_gmt":"2021-11-29T19:20:08","guid":{"rendered":"https:\/\/bestymarketshop.com\/?post_type=product&#038;p=6384"},"modified":"2021-11-29T20:20:41","modified_gmt":"2021-11-29T19:20:41","slug":"imprimante-multifonction-3-en-1-canon","status":"publish","type":"product","link":"https:\/\/novakmarket.com\/nl\/product\/imprimante-multifonction-3-en-1-canon\/","title":{"rendered":"Imprimante multifonction 3 en 1 CANON"},"content":{"rendered":"<p><img loading=\"lazy\" decoding=\"async\" class=\"alignnone size-medium wp-image-5675\" src=\"https:\/\/electroshoptonic.com\/wp-content\/uploads\/2020\/03\/X5-300x300.jpg\" alt=\"\" width=\"300\" height=\"300\" \/><br \/>\nPoints forts :<br \/>\nNum\u00e9risation vers e-mail, PIXMA Cloud Link, num\u00e9risation vers le cloud, mode point d&#8217;acc\u00e8s, impression, depuis le cloud<br \/>\nJet d&#8217;encre &#8211; couleur<br \/>\nFormats de support pris en charge: ANSI A (Letter) (216 x 279 mm), Legal (216 x 356 mm), A4 (210 x 297 mm), A5 (148 x 210 mm), B5 (176, x 250 mm)) , 100 x 150 mm, 130 x 180 mm, 200 x 250 mm<br \/>\nVitesse d&#8217;impression maximale: jusqu&#8217;\u00e0 12,6 ipm (mono) \/ jusqu&#8217;\u00e0 9 ipm (couleur)<\/p>","protected":false},"excerpt":{"rendered":"<p>Points forts :<br \/>\nNum\u00e9risation vers e-mail, PIXMA Cloud Link, num\u00e9risation vers le cloud, mode point d&#8217;acc\u00e8s, impression, depuis le cloud<br \/>\nJet d&#8217;encre &#8211; couleur<br \/>\nFormats de support pris en charge: ANSI A (Letter) (216 x 279 mm), Legal (216 x 356 mm), A4 (210 x 297 mm), A5 (148 x 210 mm), B5 (176, x 250 mm)) , 100 x 150 mm, 130 x 180 mm, 200 x 250 mm<br \/>\nVitesse d&#8217;impression maximale: jusqu&#8217;\u00e0 12,6 ipm (mono) \/ jusqu&#8217;\u00e0 9 ipm (couleur)<\/p>","protected":false},"featured_media":6444,"comment_status":"open","ping_status":"closed","template":"","meta":{"_acf_changed":false},"product_brand":[],"product_cat":[298],"product_tag":[],"class_list":{"0":"post-6384","1":"product","2":"type-product","3":"status-publish","4":"has-post-thumbnail","6":"product_cat-printers","8":"first","9":"instock","10":"shipping-taxable","11":"purchasable","12":"product-type-simple"},"acf":[],"yoast_head":"<!-- This site is optimized with the Yoast SEO plugin v27.2 - https:\/\/yoast.com\/product\/yoast-seo-wordpress\/ -->\n<title>Imprimante multifonction 3 en 1 CANON - Novak Market<\/title>\n<meta name=\"robots\" content=\"index, follow, max-snippet:-1, max-image-preview:large, max-video-preview:-1\" \/>\n<link rel=\"canonical\" href=\"https:\/\/novakmarket.com\/nl\/product\/imprimante-multifonction-3-en-1-canon\/\" \/>\n<meta property=\"og:locale\" content=\"nl_NL\" \/>\n<meta property=\"og:type\" content=\"article\" \/>\n<meta property=\"og:title\" content=\"Imprimante multifonction 3 en 1 CANON - Novak Market\" \/>\n<meta property=\"og:description\" content=\"Points forts : Num\u00e9risation vers e-mail, PIXMA Cloud Link, num\u00e9risation vers le cloud, mode point d&#039;acc\u00e8s, impression, depuis le cloud Jet d&#039;encre - couleur Formats de support pris en charge: ANSI A (Letter) (216 x 279 mm), Legal (216 x 356 mm), A4 (210 x 297 mm), A5 (148 x 210 mm), B5 (176, x 250 mm)) , 100 x 150 mm, 130 x 180 mm, 200 x 250 mm Vitesse d&#039;impression maximale: jusqu&#039;\u00e0 12,6 ipm (mono) \/ jusqu&#039;\u00e0 9 ipm (couleur)\" \/>\n<meta property=\"og:url\" content=\"https:\/\/novakmarket.com\/nl\/product\/imprimante-multifonction-3-en-1-canon\/\" \/>\n<meta property=\"og:site_name\" content=\"Novak Market\" \/>\n<meta property=\"article:modified_time\" content=\"2021-11-29T19:20:41+00:00\" \/>\n<meta property=\"og:image\" content=\"https:\/\/novakmarket.com\/wp-content\/uploads\/2021\/11\/X5.jpg\" \/>\n\t<meta property=\"og:image:width\" content=\"700\" \/>\n\t<meta property=\"og:image:height\" content=\"700\" \/>\n\t<meta property=\"og:image:type\" content=\"image\/jpeg\" \/>\n<meta name=\"twitter:card\" content=\"summary_large_image\" \/>\n<script type=\"application\/ld+json\" class=\"yoast-schema-graph\">{\"@context\":\"https:\/\/schema.org\",\"@graph\":[{\"@type\":\"WebPage\",\"@id\":\"https:\/\/novakmarket.com\/produit\/imprimante-multifonction-3-en-1-canon\/\",\"url\":\"https:\/\/novakmarket.com\/produit\/imprimante-multifonction-3-en-1-canon\/\",\"name\":\"Imprimante multifonction 3 en 1 CANON - Novak Market\",\"isPartOf\":{\"@id\":\"https:\/\/novakmarket.com\/#website\"},\"primaryImageOfPage\":{\"@id\":\"https:\/\/novakmarket.com\/produit\/imprimante-multifonction-3-en-1-canon\/#primaryimage\"},\"image\":{\"@id\":\"https:\/\/novakmarket.com\/produit\/imprimante-multifonction-3-en-1-canon\/#primaryimage\"},\"thumbnailUrl\":\"https:\/\/novakmarket.com\/wp-content\/uploads\/2021\/11\/X5.jpg\",\"datePublished\":\"2021-11-29T19:20:08+00:00\",\"dateModified\":\"2021-11-29T19:20:41+00:00\",\"breadcrumb\":{\"@id\":\"https:\/\/novakmarket.com\/produit\/imprimante-multifonction-3-en-1-canon\/#breadcrumb\"},\"inLanguage\":\"nl-NL\",\"potentialAction\":[{\"@type\":\"ReadAction\",\"target\":[\"https:\/\/novakmarket.com\/produit\/imprimante-multifonction-3-en-1-canon\/\"]}]},{\"@type\":\"ImageObject\",\"inLanguage\":\"nl-NL\",\"@id\":\"https:\/\/novakmarket.com\/produit\/imprimante-multifonction-3-en-1-canon\/#primaryimage\",\"url\":\"https:\/\/novakmarket.com\/wp-content\/uploads\/2021\/11\/X5.jpg\",\"contentUrl\":\"https:\/\/novakmarket.com\/wp-content\/uploads\/2021\/11\/X5.jpg\",\"width\":700,\"height\":700},{\"@type\":\"BreadcrumbList\",\"@id\":\"https:\/\/novakmarket.com\/produit\/imprimante-multifonction-3-en-1-canon\/#breadcrumb\",\"itemListElement\":[{\"@type\":\"ListItem\",\"position\":1,\"name\":\"Accueil\",\"item\":\"https:\/\/novakmarket.com\/\"},{\"@type\":\"ListItem\",\"position\":2,\"name\":\"Boutique\",\"item\":\"https:\/\/novakmarket.com\/shop\/\"},{\"@type\":\"ListItem\",\"position\":3,\"name\":\"Imprimante multifonction 3 en 1 CANON\"}]},{\"@type\":\"WebSite\",\"@id\":\"https:\/\/novakmarket.com\/#website\",\"url\":\"https:\/\/novakmarket.com\/\",\"name\":\"Novak Market\",\"description\":\"Vente de produits \u00e9lectroniques.\",\"publisher\":{\"@id\":\"https:\/\/novakmarket.com\/#organization\"},\"potentialAction\":[{\"@type\":\"SearchAction\",\"target\":{\"@type\":\"EntryPoint\",\"urlTemplate\":\"https:\/\/novakmarket.com\/?s={search_term_string}\"},\"query-input\":{\"@type\":\"PropertyValueSpecification\",\"valueRequired\":true,\"valueName\":\"search_term_string\"}}],\"inLanguage\":\"nl-NL\"},{\"@type\":\"Organization\",\"@id\":\"https:\/\/novakmarket.com\/#organization\",\"name\":\"Novak Market\",\"url\":\"https:\/\/novakmarket.com\/\",\"logo\":{\"@type\":\"ImageObject\",\"inLanguage\":\"nl-NL\",\"@id\":\"https:\/\/novakmarket.com\/#\/schema\/logo\/image\/\",\"url\":\"https:\/\/novakmarket.com\/wp-content\/uploads\/2026\/02\/cropped-footer-pc-removebg-preview.png\",\"contentUrl\":\"https:\/\/novakmarket.com\/wp-content\/uploads\/2026\/02\/cropped-footer-pc-removebg-preview.png\",\"width\":202,\"height\":73,\"caption\":\"Novak Market\"},\"image\":{\"@id\":\"https:\/\/novakmarket.com\/#\/schema\/logo\/image\/\"}}]}<\/script>\n<!-- \/ Yoast SEO plugin. -->","yoast_head_json":{"title":"Imprimante multifonction 3 en 1 CANON - Novak Market","robots":{"index":"index","follow":"follow","max-snippet":"max-snippet:-1","max-image-preview":"max-image-preview:large","max-video-preview":"max-video-preview:-1"},"canonical":"https:\/\/novakmarket.com\/nl\/product\/imprimante-multifonction-3-en-1-canon\/","og_locale":"nl_NL","og_type":"article","og_title":"Imprimante multifonction 3 en 1 CANON - Novak Market","og_description":"Points forts : Num\u00e9risation vers e-mail, PIXMA Cloud Link, num\u00e9risation vers le cloud, mode point d'acc\u00e8s, impression, depuis le cloud Jet d'encre - couleur Formats de support pris en charge: ANSI A (Letter) (216 x 279 mm), Legal (216 x 356 mm), A4 (210 x 297 mm), A5 (148 x 210 mm), B5 (176, x 250 mm)) , 100 x 150 mm, 130 x 180 mm, 200 x 250 mm Vitesse d'impression maximale: jusqu'\u00e0 12,6 ipm (mono) \/ jusqu'\u00e0 9 ipm (couleur)","og_url":"https:\/\/novakmarket.com\/nl\/product\/imprimante-multifonction-3-en-1-canon\/","og_site_name":"Novak Market","article_modified_time":"2021-11-29T19:20:41+00:00","og_image":[{"width":700,"height":700,"url":"https:\/\/novakmarket.com\/wp-content\/uploads\/2021\/11\/X5.jpg","type":"image\/jpeg"}],"twitter_card":"summary_large_image","schema":{"@context":"https:\/\/schema.org","@graph":[{"@type":"WebPage","@id":"https:\/\/novakmarket.com\/produit\/imprimante-multifonction-3-en-1-canon\/","url":"https:\/\/novakmarket.com\/produit\/imprimante-multifonction-3-en-1-canon\/","name":"Imprimante multifonction 3 en 1 CANON - Novak Market","isPartOf":{"@id":"https:\/\/novakmarket.com\/#website"},"primaryImageOfPage":{"@id":"https:\/\/novakmarket.com\/produit\/imprimante-multifonction-3-en-1-canon\/#primaryimage"},"image":{"@id":"https:\/\/novakmarket.com\/produit\/imprimante-multifonction-3-en-1-canon\/#primaryimage"},"thumbnailUrl":"https:\/\/novakmarket.com\/wp-content\/uploads\/2021\/11\/X5.jpg","datePublished":"2021-11-29T19:20:08+00:00","dateModified":"2021-11-29T19:20:41+00:00","breadcrumb":{"@id":"https:\/\/novakmarket.com\/produit\/imprimante-multifonction-3-en-1-canon\/#breadcrumb"},"inLanguage":"nl-NL","potentialAction":[{"@type":"ReadAction","target":["https:\/\/novakmarket.com\/produit\/imprimante-multifonction-3-en-1-canon\/"]}]},{"@type":"ImageObject","inLanguage":"nl-NL","@id":"https:\/\/novakmarket.com\/produit\/imprimante-multifonction-3-en-1-canon\/#primaryimage","url":"https:\/\/novakmarket.com\/wp-content\/uploads\/2021\/11\/X5.jpg","contentUrl":"https:\/\/novakmarket.com\/wp-content\/uploads\/2021\/11\/X5.jpg","width":700,"height":700},{"@type":"BreadcrumbList","@id":"https:\/\/novakmarket.com\/produit\/imprimante-multifonction-3-en-1-canon\/#breadcrumb","itemListElement":[{"@type":"ListItem","position":1,"name":"Accueil","item":"https:\/\/novakmarket.com\/"},{"@type":"ListItem","position":2,"name":"Boutique","item":"https:\/\/novakmarket.com\/shop\/"},{"@type":"ListItem","position":3,"name":"Imprimante multifonction 3 en 1 CANON"}]},{"@type":"WebSite","@id":"https:\/\/novakmarket.com\/#website","url":"https:\/\/novakmarket.com\/","name":"Novak Market","description":"Vente de produits \u00e9lectroniques.","publisher":{"@id":"https:\/\/novakmarket.com\/#organization"},"potentialAction":[{"@type":"SearchAction","target":{"@type":"EntryPoint","urlTemplate":"https:\/\/novakmarket.com\/?s={search_term_string}"},"query-input":{"@type":"PropertyValueSpecification","valueRequired":true,"valueName":"search_term_string"}}],"inLanguage":"nl-NL"},{"@type":"Organization","@id":"https:\/\/novakmarket.com\/#organization","name":"Novak Market","url":"https:\/\/novakmarket.com\/","logo":{"@type":"ImageObject","inLanguage":"nl-NL","@id":"https:\/\/novakmarket.com\/#\/schema\/logo\/image\/","url":"https:\/\/novakmarket.com\/wp-content\/uploads\/2026\/02\/cropped-footer-pc-removebg-preview.png","contentUrl":"https:\/\/novakmarket.com\/wp-content\/uploads\/2026\/02\/cropped-footer-pc-removebg-preview.png","width":202,"height":73,"caption":"Novak Market"},"image":{"@id":"https:\/\/novakmarket.com\/#\/schema\/logo\/image\/"}}]}},"_links":{"self":[{"href":"https:\/\/novakmarket.com\/nl\/wp-json\/wp\/v2\/product\/6384","targetHints":{"allow":["GET"]}}],"collection":[{"href":"https:\/\/novakmarket.com\/nl\/wp-json\/wp\/v2\/product"}],"about":[{"href":"https:\/\/novakmarket.com\/nl\/wp-json\/wp\/v2\/types\/product"}],"replies":[{"embeddable":true,"href":"https:\/\/novakmarket.com\/nl\/wp-json\/wp\/v2\/comments?post=6384"}],"wp:featuredmedia":[{"embeddable":true,"href":"https:\/\/novakmarket.com\/nl\/wp-json\/wp\/v2\/media\/6444"}],"wp:attachment":[{"href":"https:\/\/novakmarket.com\/nl\/wp-json\/wp\/v2\/media?parent=6384"}],"wp:term":[{"taxonomy":"product_brand","embeddable":true,"href":"https:\/\/novakmarket.com\/nl\/wp-json\/wp\/v2\/product_brand?post=6384"},{"taxonomy":"product_cat","embeddable":true,"href":"https:\/\/novakmarket.com\/nl\/wp-json\/wp\/v2\/product_cat?post=6384"},{"taxonomy":"product_tag","embeddable":true,"href":"https:\/\/novakmarket.com\/nl\/wp-json\/wp\/v2\/product_tag?post=6384"}],"curies":[{"name":"wp","href":"https:\/\/api.w.org\/{rel}","templated":true}]}}