{"id":6552,"date":"2021-11-29T20:21:38","date_gmt":"2021-11-29T19:21:38","guid":{"rendered":"https:\/\/bestymarketshop.com\/?post_type=product&#038;p=6552"},"modified":"2021-11-29T20:21:58","modified_gmt":"2021-11-29T19:21:58","slug":"aspirateur-balai-sans-fil-multifonction","status":"publish","type":"product","link":"https:\/\/novakmarket.com\/nl\/product\/aspirateur-balai-sans-fil-multifonction\/","title":{"rendered":"ASPIRATEUR BALAI SANS FIL MULTIFONCTION"},"content":{"rendered":"<p><img loading=\"lazy\" decoding=\"async\" class=\"alignnone size-medium wp-image-8546\" src=\"https:\/\/e-marketshopping.com\/wp-content\/uploads\/2020\/07\/Y1717-300x300.jpg\" alt=\"\" width=\"300\" height=\"300\" \/><\/p>\n<ul>\n<li>Collecte des poussi\u00e8res : Sans sac<\/li>\n<li>Mode de nettoyage : Sec<\/li>\n<li>Capacit\u00e9 du collecteur : 0.7 litre<\/li>\n<li>Type de filtre : Tissu<\/li>\n<li>Outils inclus : Brosse mini-turbo, brosse motoris\u00e9e, suceur plat et brosse 2 en 1, crevasse 2 en 1\/buse de tapisserie<\/li>\n<\/ul>","protected":false},"excerpt":{"rendered":"<table class=\"fpDescTb fpDescTbPub\">\n<tbody>\n<tr>\n<td>Nom du produit<\/td>\n<td>HOOVER RA22SE &#8211; ASPIRATEUR BALAI SANS FIL MULTIFON<\/td>\n<\/tr>\n<tr>\n<td>Cat\u00e9gorie<\/td>\n<td>ASPIRATEUR BALAI<\/td>\n<\/tr>\n<tr>\n<th colspan=\"2\">G\u00e9n\u00e9ral<\/th>\n<\/tr>\n<tr>\n<td>Type de Produit<\/td>\n<td>Aspirateur<\/td>\n<\/tr>\n<tr>\n<td>Collecte des poussi\u00e8res<\/td>\n<td>Sans sac<\/td>\n<\/tr>\n<tr>\n<td>Capacit\u00e9 du collecteur<\/td>\n<td>0.7 litre<\/td>\n<\/tr>\n<tr>\n<td>Mode de nettoyage<\/td>\n<td>Sec<\/td>\n<\/tr>\n<tr>\n<td>Type de filtre<\/td>\n<td>Tissu<\/td>\n<\/tr>\n<tr>\n<td>Couleur<\/td>\n<td>Titane bross\u00e9<\/td>\n<\/tr>\n<tr>\n<td>Type de nettoyant<\/td>\n<td>Balai\/\u00e0 main<\/td>\n<\/tr>\n<tr>\n<td>Type d&#8217;aspirateur<\/td>\n<td>Usage g\u00e9n\u00e9ral<\/td>\n<\/tr>\n<tr>\n<td>Caract\u00e9ristiques particuli\u00e8res<\/td>\n<td>Aspiration r\u00e9glable, commandes du bout des doigts<\/td>\n<\/tr>\n<tr>\n<td>Type de sol compatible<\/td>\n<td>Tous les sols<\/td>\n<\/tr>\n<tr>\n<td>Sans fil<\/td>\n<td>Oui<\/td>\n<\/tr>\n<tr>\n<td>Mat\u00e9riau des Roues<\/td>\n<td>Caoutchouc<\/td>\n<\/tr>\n<tr>\n<th colspan=\"2\">R\u00e9glages, commandes et voyants<\/th>\n<\/tr>\n<tr>\n<td>Indicateurs<\/td>\n<td>Indicateur de charge, indicateur de niveau de batterie<\/td>\n<\/tr>\n<tr>\n<th colspan=\"2\">Consommation<\/th>\n<\/tr>\n<tr>\n<td>Type d&#8217;alimentation<\/td>\n<td>Batteries rechargeables<\/td>\n<\/tr>\n<tr>\n<td>Batterie<\/td>\n<td>Lithium Ion<\/td>\n<\/tr>\n<tr>\n<td>Temps de chargement complet<\/td>\n<td>5 hrs<\/td>\n<\/tr>\n<tr>\n<td>Tension de la batterie<\/td>\n<td>22 V<\/td>\n<\/tr>\n<tr>\n<td>Autonomie de fonctionnement<\/td>\n<td>35 min<\/td>\n<\/tr>\n<tr>\n<th colspan=\"2\">Divers<\/th>\n<\/tr>\n<tr>\n<td>Outils inclus<\/td>\n<td>Brosse mini-turbo, brosse motoris\u00e9e, suceur plat et brosse 2 en 1, crevasse 2 en 1\/buse de tapisserie, brosse \u00e0 poussi\u00e8re 2-en-1\/outil de rembourrage<\/td>\n<\/tr>\n<tr>\n<th colspan=\"2\">Dimensions et poids<\/th>\n<\/tr>\n<tr>\n<td>Largeur<\/td>\n<td>23 cm<\/td>\n<\/tr>\n<tr>\n<td>Profondeur<\/td>\n<td>25 cm<\/td>\n<\/tr>\n<\/tbody>\n<\/table>","protected":false},"featured_media":6582,"comment_status":"open","ping_status":"closed","template":"","meta":{"_acf_changed":false},"product_brand":[],"product_cat":[282,309],"product_tag":[],"class_list":{"0":"post-6552","1":"product","2":"type-product","3":"status-publish","4":"has-post-thumbnail","6":"product_cat-appareils-electromenagers","7":"product_cat-aspirateur","9":"first","10":"instock","11":"shipping-taxable","12":"purchasable","13":"product-type-simple"},"acf":[],"yoast_head":"<!-- This site is optimized with the Yoast SEO plugin v27.2 - https:\/\/yoast.com\/product\/yoast-seo-wordpress\/ -->\n<title>ASPIRATEUR BALAI SANS FIL MULTIFONCTION - Novak Market<\/title>\n<meta name=\"robots\" content=\"index, follow, max-snippet:-1, max-image-preview:large, max-video-preview:-1\" \/>\n<link rel=\"canonical\" href=\"https:\/\/novakmarket.com\/nl\/product\/aspirateur-balai-sans-fil-multifonction\/\" \/>\n<meta property=\"og:locale\" content=\"nl_NL\" \/>\n<meta property=\"og:type\" content=\"article\" \/>\n<meta property=\"og:title\" content=\"ASPIRATEUR BALAI SANS FIL MULTIFONCTION - Novak Market\" \/>\n<meta property=\"og:description\" content=\"Nom du produit HOOVER RA22SE - ASPIRATEUR BALAI SANS FIL MULTIFON  Cat\u00e9gorie ASPIRATEUR BALAI  G\u00e9n\u00e9ral  Type de Produit Aspirateur  Collecte des poussi\u00e8res Sans sac  Capacit\u00e9 du collecteur 0.7 litre  Mode de nettoyage Sec  Type de filtre Tissu  Couleur Titane bross\u00e9  Type de nettoyant Balai\/\u00e0 main  Type d&#039;aspirateur Usage g\u00e9n\u00e9ral  Caract\u00e9ristiques particuli\u00e8res Aspiration r\u00e9glable, commandes du bout des doigts  Type de sol compatible Tous les sols  Sans fil Oui  Mat\u00e9riau des Roues Caoutchouc  R\u00e9glages, commandes et voyants  Indicateurs Indicateur de charge, indicateur de niveau de batterie  Consommation  Type d&#039;alimentation Batteries rechargeables  Batterie Lithium Ion  Temps de chargement complet 5 hrs  Tension de la batterie 22 V  Autonomie de fonctionnement 35 min  Divers  Outils inclus Brosse mini-turbo, brosse motoris\u00e9e, suceur plat et brosse 2 en 1, crevasse 2 en 1\/buse de tapisserie, brosse \u00e0 poussi\u00e8re 2-en-1\/outil de rembourrage  Dimensions et poids  Largeur 23 cm  Profondeur 25 cm\" \/>\n<meta property=\"og:url\" content=\"https:\/\/novakmarket.com\/nl\/product\/aspirateur-balai-sans-fil-multifonction\/\" \/>\n<meta property=\"og:site_name\" content=\"Novak Market\" \/>\n<meta property=\"article:modified_time\" content=\"2021-11-29T19:21:58+00:00\" \/>\n<meta property=\"og:image\" content=\"https:\/\/novakmarket.com\/wp-content\/uploads\/2021\/11\/Y1717.jpg\" \/>\n\t<meta property=\"og:image:width\" content=\"700\" \/>\n\t<meta property=\"og:image:height\" content=\"700\" \/>\n\t<meta property=\"og:image:type\" content=\"image\/jpeg\" \/>\n<meta name=\"twitter:card\" content=\"summary_large_image\" \/>\n<script type=\"application\/ld+json\" class=\"yoast-schema-graph\">{\"@context\":\"https:\/\/schema.org\",\"@graph\":[{\"@type\":\"WebPage\",\"@id\":\"https:\/\/novakmarket.com\/produit\/aspirateur-balai-sans-fil-multifonction\/\",\"url\":\"https:\/\/novakmarket.com\/produit\/aspirateur-balai-sans-fil-multifonction\/\",\"name\":\"ASPIRATEUR BALAI SANS FIL MULTIFONCTION - Novak Market\",\"isPartOf\":{\"@id\":\"https:\/\/novakmarket.com\/#website\"},\"primaryImageOfPage\":{\"@id\":\"https:\/\/novakmarket.com\/produit\/aspirateur-balai-sans-fil-multifonction\/#primaryimage\"},\"image\":{\"@id\":\"https:\/\/novakmarket.com\/produit\/aspirateur-balai-sans-fil-multifonction\/#primaryimage\"},\"thumbnailUrl\":\"https:\/\/novakmarket.com\/wp-content\/uploads\/2021\/11\/Y1717.jpg\",\"datePublished\":\"2021-11-29T19:21:38+00:00\",\"dateModified\":\"2021-11-29T19:21:58+00:00\",\"breadcrumb\":{\"@id\":\"https:\/\/novakmarket.com\/produit\/aspirateur-balai-sans-fil-multifonction\/#breadcrumb\"},\"inLanguage\":\"nl-NL\",\"potentialAction\":[{\"@type\":\"ReadAction\",\"target\":[\"https:\/\/novakmarket.com\/produit\/aspirateur-balai-sans-fil-multifonction\/\"]}]},{\"@type\":\"ImageObject\",\"inLanguage\":\"nl-NL\",\"@id\":\"https:\/\/novakmarket.com\/produit\/aspirateur-balai-sans-fil-multifonction\/#primaryimage\",\"url\":\"https:\/\/novakmarket.com\/wp-content\/uploads\/2021\/11\/Y1717.jpg\",\"contentUrl\":\"https:\/\/novakmarket.com\/wp-content\/uploads\/2021\/11\/Y1717.jpg\",\"width\":700,\"height\":700},{\"@type\":\"BreadcrumbList\",\"@id\":\"https:\/\/novakmarket.com\/produit\/aspirateur-balai-sans-fil-multifonction\/#breadcrumb\",\"itemListElement\":[{\"@type\":\"ListItem\",\"position\":1,\"name\":\"Accueil\",\"item\":\"https:\/\/novakmarket.com\/\"},{\"@type\":\"ListItem\",\"position\":2,\"name\":\"Boutique\",\"item\":\"https:\/\/novakmarket.com\/shop\/\"},{\"@type\":\"ListItem\",\"position\":3,\"name\":\"ASPIRATEUR BALAI SANS FIL MULTIFONCTION\"}]},{\"@type\":\"WebSite\",\"@id\":\"https:\/\/novakmarket.com\/#website\",\"url\":\"https:\/\/novakmarket.com\/\",\"name\":\"Novak Market\",\"description\":\"Vente de produits \u00e9lectroniques.\",\"publisher\":{\"@id\":\"https:\/\/novakmarket.com\/#organization\"},\"potentialAction\":[{\"@type\":\"SearchAction\",\"target\":{\"@type\":\"EntryPoint\",\"urlTemplate\":\"https:\/\/novakmarket.com\/?s={search_term_string}\"},\"query-input\":{\"@type\":\"PropertyValueSpecification\",\"valueRequired\":true,\"valueName\":\"search_term_string\"}}],\"inLanguage\":\"nl-NL\"},{\"@type\":\"Organization\",\"@id\":\"https:\/\/novakmarket.com\/#organization\",\"name\":\"Novak Market\",\"url\":\"https:\/\/novakmarket.com\/\",\"logo\":{\"@type\":\"ImageObject\",\"inLanguage\":\"nl-NL\",\"@id\":\"https:\/\/novakmarket.com\/#\/schema\/logo\/image\/\",\"url\":\"https:\/\/novakmarket.com\/wp-content\/uploads\/2026\/02\/cropped-footer-pc-removebg-preview.png\",\"contentUrl\":\"https:\/\/novakmarket.com\/wp-content\/uploads\/2026\/02\/cropped-footer-pc-removebg-preview.png\",\"width\":202,\"height\":73,\"caption\":\"Novak Market\"},\"image\":{\"@id\":\"https:\/\/novakmarket.com\/#\/schema\/logo\/image\/\"}}]}<\/script>\n<!-- \/ Yoast SEO plugin. -->","yoast_head_json":{"title":"ASPIRATEUR BALAI SANS FIL MULTIFONCTION - Novak Market","robots":{"index":"index","follow":"follow","max-snippet":"max-snippet:-1","max-image-preview":"max-image-preview:large","max-video-preview":"max-video-preview:-1"},"canonical":"https:\/\/novakmarket.com\/nl\/product\/aspirateur-balai-sans-fil-multifonction\/","og_locale":"nl_NL","og_type":"article","og_title":"ASPIRATEUR BALAI SANS FIL MULTIFONCTION - Novak Market","og_description":"Nom du produit HOOVER RA22SE - ASPIRATEUR BALAI SANS FIL MULTIFON  Cat\u00e9gorie ASPIRATEUR BALAI  G\u00e9n\u00e9ral  Type de Produit Aspirateur  Collecte des poussi\u00e8res Sans sac  Capacit\u00e9 du collecteur 0.7 litre  Mode de nettoyage Sec  Type de filtre Tissu  Couleur Titane bross\u00e9  Type de nettoyant Balai\/\u00e0 main  Type d'aspirateur Usage g\u00e9n\u00e9ral  Caract\u00e9ristiques particuli\u00e8res Aspiration r\u00e9glable, commandes du bout des doigts  Type de sol compatible Tous les sols  Sans fil Oui  Mat\u00e9riau des Roues Caoutchouc  R\u00e9glages, commandes et voyants  Indicateurs Indicateur de charge, indicateur de niveau de batterie  Consommation  Type d'alimentation Batteries rechargeables  Batterie Lithium Ion  Temps de chargement complet 5 hrs  Tension de la batterie 22 V  Autonomie de fonctionnement 35 min  Divers  Outils inclus Brosse mini-turbo, brosse motoris\u00e9e, suceur plat et brosse 2 en 1, crevasse 2 en 1\/buse de tapisserie, brosse \u00e0 poussi\u00e8re 2-en-1\/outil de rembourrage  Dimensions et poids  Largeur 23 cm  Profondeur 25 cm","og_url":"https:\/\/novakmarket.com\/nl\/product\/aspirateur-balai-sans-fil-multifonction\/","og_site_name":"Novak Market","article_modified_time":"2021-11-29T19:21:58+00:00","og_image":[{"width":700,"height":700,"url":"https:\/\/novakmarket.com\/wp-content\/uploads\/2021\/11\/Y1717.jpg","type":"image\/jpeg"}],"twitter_card":"summary_large_image","schema":{"@context":"https:\/\/schema.org","@graph":[{"@type":"WebPage","@id":"https:\/\/novakmarket.com\/produit\/aspirateur-balai-sans-fil-multifonction\/","url":"https:\/\/novakmarket.com\/produit\/aspirateur-balai-sans-fil-multifonction\/","name":"ASPIRATEUR BALAI SANS FIL MULTIFONCTION - Novak Market","isPartOf":{"@id":"https:\/\/novakmarket.com\/#website"},"primaryImageOfPage":{"@id":"https:\/\/novakmarket.com\/produit\/aspirateur-balai-sans-fil-multifonction\/#primaryimage"},"image":{"@id":"https:\/\/novakmarket.com\/produit\/aspirateur-balai-sans-fil-multifonction\/#primaryimage"},"thumbnailUrl":"https:\/\/novakmarket.com\/wp-content\/uploads\/2021\/11\/Y1717.jpg","datePublished":"2021-11-29T19:21:38+00:00","dateModified":"2021-11-29T19:21:58+00:00","breadcrumb":{"@id":"https:\/\/novakmarket.com\/produit\/aspirateur-balai-sans-fil-multifonction\/#breadcrumb"},"inLanguage":"nl-NL","potentialAction":[{"@type":"ReadAction","target":["https:\/\/novakmarket.com\/produit\/aspirateur-balai-sans-fil-multifonction\/"]}]},{"@type":"ImageObject","inLanguage":"nl-NL","@id":"https:\/\/novakmarket.com\/produit\/aspirateur-balai-sans-fil-multifonction\/#primaryimage","url":"https:\/\/novakmarket.com\/wp-content\/uploads\/2021\/11\/Y1717.jpg","contentUrl":"https:\/\/novakmarket.com\/wp-content\/uploads\/2021\/11\/Y1717.jpg","width":700,"height":700},{"@type":"BreadcrumbList","@id":"https:\/\/novakmarket.com\/produit\/aspirateur-balai-sans-fil-multifonction\/#breadcrumb","itemListElement":[{"@type":"ListItem","position":1,"name":"Accueil","item":"https:\/\/novakmarket.com\/"},{"@type":"ListItem","position":2,"name":"Boutique","item":"https:\/\/novakmarket.com\/shop\/"},{"@type":"ListItem","position":3,"name":"ASPIRATEUR BALAI SANS FIL MULTIFONCTION"}]},{"@type":"WebSite","@id":"https:\/\/novakmarket.com\/#website","url":"https:\/\/novakmarket.com\/","name":"Novak Market","description":"Vente de produits \u00e9lectroniques.","publisher":{"@id":"https:\/\/novakmarket.com\/#organization"},"potentialAction":[{"@type":"SearchAction","target":{"@type":"EntryPoint","urlTemplate":"https:\/\/novakmarket.com\/?s={search_term_string}"},"query-input":{"@type":"PropertyValueSpecification","valueRequired":true,"valueName":"search_term_string"}}],"inLanguage":"nl-NL"},{"@type":"Organization","@id":"https:\/\/novakmarket.com\/#organization","name":"Novak Market","url":"https:\/\/novakmarket.com\/","logo":{"@type":"ImageObject","inLanguage":"nl-NL","@id":"https:\/\/novakmarket.com\/#\/schema\/logo\/image\/","url":"https:\/\/novakmarket.com\/wp-content\/uploads\/2026\/02\/cropped-footer-pc-removebg-preview.png","contentUrl":"https:\/\/novakmarket.com\/wp-content\/uploads\/2026\/02\/cropped-footer-pc-removebg-preview.png","width":202,"height":73,"caption":"Novak Market"},"image":{"@id":"https:\/\/novakmarket.com\/#\/schema\/logo\/image\/"}}]}},"_links":{"self":[{"href":"https:\/\/novakmarket.com\/nl\/wp-json\/wp\/v2\/product\/6552","targetHints":{"allow":["GET"]}}],"collection":[{"href":"https:\/\/novakmarket.com\/nl\/wp-json\/wp\/v2\/product"}],"about":[{"href":"https:\/\/novakmarket.com\/nl\/wp-json\/wp\/v2\/types\/product"}],"replies":[{"embeddable":true,"href":"https:\/\/novakmarket.com\/nl\/wp-json\/wp\/v2\/comments?post=6552"}],"wp:featuredmedia":[{"embeddable":true,"href":"https:\/\/novakmarket.com\/nl\/wp-json\/wp\/v2\/media\/6582"}],"wp:attachment":[{"href":"https:\/\/novakmarket.com\/nl\/wp-json\/wp\/v2\/media?parent=6552"}],"wp:term":[{"taxonomy":"product_brand","embeddable":true,"href":"https:\/\/novakmarket.com\/nl\/wp-json\/wp\/v2\/product_brand?post=6552"},{"taxonomy":"product_cat","embeddable":true,"href":"https:\/\/novakmarket.com\/nl\/wp-json\/wp\/v2\/product_cat?post=6552"},{"taxonomy":"product_tag","embeddable":true,"href":"https:\/\/novakmarket.com\/nl\/wp-json\/wp\/v2\/product_tag?post=6552"}],"curies":[{"name":"wp","href":"https:\/\/api.w.org\/{rel}","templated":true}]}}