{"id":6593,"date":"2021-11-29T20:22:05","date_gmt":"2021-11-29T19:22:05","guid":{"rendered":"https:\/\/bestymarketshop.com\/?post_type=product&#038;p=6593"},"modified":"2021-11-29T20:22:14","modified_gmt":"2021-11-29T19:22:14","slug":"samsung-galaxy-s10-128-go-3","status":"publish","type":"product","link":"https:\/\/novakmarket.com\/nl\/product\/samsung-galaxy-s10-128-go-3\/","title":{"rendered":"Samsung Galaxy S10 128 go"},"content":{"rendered":"<p><img loading=\"lazy\" decoding=\"async\" class=\"alignnone size-medium wp-image-8596\" src=\"https:\/\/e-marketshopping.com\/wp-content\/uploads\/2020\/07\/K4-300x300.jpg\" alt=\"\" width=\"300\" height=\"300\" \/><\/p>\n<ul>\n<li>Taille de la diagonale : 6.1&#8243;<\/li>\n<li>R\u00e9solution du capteur : 12 m\u00e9gapixels<\/li>\n<li>Capacit\u00e9 : 3400 mAh<\/li>\n<li>Capacit\u00e9 de la m\u00e9moire interne : 128 Go<\/li>\n<li>8 coeurs<\/li>\n<\/ul>\n<div class=\"jsFpBulletPointMore\">\n<ul>\n<li>RAM : 8 Go &#8211; LPDDR4X SDRAM<\/li>\n<li>G\u00e9n\u00e9ration \u00e0 haut d\u00e9bit mobile : 4G<\/li>\n<li>Protection : Verre Corning Gorilla 6 (verre r\u00e9sistant aux rayures)<\/li>\n<\/ul>\n<\/div>","protected":false},"excerpt":{"rendered":"<table class=\"fpDescTb fpDescTbPub\">\n<tbody>\n<tr>\n<td>Nom du produit<\/td>\n<td>Samsung Galaxy S10 128 go Rouge &#8211; Double sim<\/td>\n<\/tr>\n<tr>\n<td>Cat\u00e9gorie<\/td>\n<td>SMARTPHONE<\/td>\n<\/tr>\n<tr>\n<th colspan=\"2\">Informations sur le produit<\/th>\n<\/tr>\n<tr>\n<td>Sous-\u00e9tat<\/td>\n<td>Neuf<\/td>\n<\/tr>\n<tr>\n<td>Couleur(s)<\/td>\n<td>Rouge<\/td>\n<\/tr>\n<tr>\n<td>Capacit\u00e9 (m\u00e9moire)<\/td>\n<td>128 Go<\/td>\n<\/tr>\n<tr>\n<th colspan=\"2\">G\u00e9n\u00e9ral<\/th>\n<\/tr>\n<tr>\n<td>Type de Produit<\/td>\n<td>Smartphone<\/td>\n<\/tr>\n<tr>\n<td>Composants int\u00e9gr\u00e9s<\/td>\n<td>Cam\u00e9ra avant, enregistreur vocal, capteur de fr\u00e9quence cardiaque, haut-parleurs st\u00e9r\u00e9o, navigation, lecteur num\u00e9rique, triple cam\u00e9ra orient\u00e9e vers l&#8217;arri\u00e8re<\/td>\n<\/tr>\n<tr>\n<td>Mat\u00e9riau du boitier<\/td>\n<td>Verre type Gorilla\u00a05<\/td>\n<\/tr>\n<tr>\n<td>Couleur du boitier<\/td>\n<td>Rouge cardinal<\/td>\n<\/tr>\n<tr>\n<td>Profondeur<\/td>\n<td>7.8 mm<\/td>\n<\/tr>\n<tr>\n<td>Largeur<\/td>\n<td>70.4 mm<\/td>\n<\/tr>\n<tr>\n<td>Hauteur<\/td>\n<td>149.9 mm<\/td>\n<\/tr>\n<tr>\n<td>Poids<\/td>\n<td>157 g<\/td>\n<\/tr>\n<tr>\n<td>Valeur DAS<\/td>\n<td>1,593 W\/kg (corps) \/ 0,477 W\/kg (t\u00eate)<\/td>\n<\/tr>\n<tr>\n<td>Protection<\/td>\n<td>Anti-poussi\u00e8re, anti-\u00e9claboussement, \u00e9tanche<\/td>\n<\/tr>\n<tr>\n<td>Format<\/td>\n<td>Tactile<\/td>\n<\/tr>\n<tr>\n<td>Num\u00e9ro de mod\u00e8le du fabricant<\/td>\n<td>SM-G973F\/DS<\/td>\n<\/tr>\n<tr>\n<th colspan=\"2\">T\u00e9l\u00e9phone mobile<\/th>\n<\/tr>\n<tr>\n<td>Syst\u00e8me d&#8217;exploitation<\/td>\n<td>Android 9.0 Pie<\/td>\n<\/tr>\n<\/tbody>\n<\/table>","protected":false},"featured_media":6622,"comment_status":"open","ping_status":"closed","template":"","meta":{"_acf_changed":false},"product_brand":[],"product_cat":[279,280],"product_tag":[],"class_list":{"0":"post-6593","1":"product","2":"type-product","3":"status-publish","4":"has-post-thumbnail","6":"product_cat-samsung","7":"product_cat-smart-phones-tablets","9":"first","10":"instock","11":"shipping-taxable","12":"purchasable","13":"product-type-simple"},"acf":[],"yoast_head":"<!-- This site is optimized with the Yoast SEO plugin v27.2 - https:\/\/yoast.com\/product\/yoast-seo-wordpress\/ -->\n<title>Samsung Galaxy S10 128 go - Novak Market<\/title>\n<meta name=\"robots\" content=\"index, follow, max-snippet:-1, max-image-preview:large, max-video-preview:-1\" \/>\n<link rel=\"canonical\" href=\"https:\/\/novakmarket.com\/nl\/product\/samsung-galaxy-s10-128-go-3\/\" \/>\n<meta property=\"og:locale\" content=\"nl_NL\" \/>\n<meta property=\"og:type\" content=\"article\" \/>\n<meta property=\"og:title\" content=\"Samsung Galaxy S10 128 go - Novak Market\" \/>\n<meta property=\"og:description\" content=\"Nom du produit Samsung Galaxy S10 128 go Rouge - Double sim  Cat\u00e9gorie SMARTPHONE  Informations sur le produit  Sous-\u00e9tat Neuf  Couleur(s) Rouge  Capacit\u00e9 (m\u00e9moire) 128 Go  G\u00e9n\u00e9ral  Type de Produit Smartphone  Composants int\u00e9gr\u00e9s Cam\u00e9ra avant, enregistreur vocal, capteur de fr\u00e9quence cardiaque, haut-parleurs st\u00e9r\u00e9o, navigation, lecteur num\u00e9rique, triple cam\u00e9ra orient\u00e9e vers l&#039;arri\u00e8re  Mat\u00e9riau du boitier Verre type Gorilla\u00a05  Couleur du boitier Rouge cardinal  Profondeur 7.8 mm  Largeur 70.4 mm  Hauteur 149.9 mm  Poids 157 g  Valeur DAS 1,593 W\/kg (corps) \/ 0,477 W\/kg (t\u00eate)  Protection Anti-poussi\u00e8re, anti-\u00e9claboussement, \u00e9tanche  Format Tactile  Num\u00e9ro de mod\u00e8le du fabricant SM-G973F\/DS  T\u00e9l\u00e9phone mobile  Syst\u00e8me d&#039;exploitation Android 9.0 Pie\" \/>\n<meta property=\"og:url\" content=\"https:\/\/novakmarket.com\/nl\/product\/samsung-galaxy-s10-128-go-3\/\" \/>\n<meta property=\"og:site_name\" content=\"Novak Market\" \/>\n<meta property=\"article:modified_time\" content=\"2021-11-29T19:22:14+00:00\" \/>\n<meta property=\"og:image\" content=\"https:\/\/novakmarket.com\/wp-content\/uploads\/2021\/11\/K4.jpg\" \/>\n\t<meta property=\"og:image:width\" content=\"700\" \/>\n\t<meta property=\"og:image:height\" content=\"700\" \/>\n\t<meta property=\"og:image:type\" content=\"image\/jpeg\" \/>\n<meta name=\"twitter:card\" content=\"summary_large_image\" \/>\n<script type=\"application\/ld+json\" class=\"yoast-schema-graph\">{\"@context\":\"https:\/\/schema.org\",\"@graph\":[{\"@type\":\"WebPage\",\"@id\":\"https:\/\/novakmarket.com\/produit\/samsung-galaxy-s10-128-go-3\/\",\"url\":\"https:\/\/novakmarket.com\/produit\/samsung-galaxy-s10-128-go-3\/\",\"name\":\"Samsung Galaxy S10 128 go - Novak Market\",\"isPartOf\":{\"@id\":\"https:\/\/novakmarket.com\/#website\"},\"primaryImageOfPage\":{\"@id\":\"https:\/\/novakmarket.com\/produit\/samsung-galaxy-s10-128-go-3\/#primaryimage\"},\"image\":{\"@id\":\"https:\/\/novakmarket.com\/produit\/samsung-galaxy-s10-128-go-3\/#primaryimage\"},\"thumbnailUrl\":\"https:\/\/novakmarket.com\/wp-content\/uploads\/2021\/11\/K4.jpg\",\"datePublished\":\"2021-11-29T19:22:05+00:00\",\"dateModified\":\"2021-11-29T19:22:14+00:00\",\"breadcrumb\":{\"@id\":\"https:\/\/novakmarket.com\/produit\/samsung-galaxy-s10-128-go-3\/#breadcrumb\"},\"inLanguage\":\"nl-NL\",\"potentialAction\":[{\"@type\":\"ReadAction\",\"target\":[\"https:\/\/novakmarket.com\/produit\/samsung-galaxy-s10-128-go-3\/\"]}]},{\"@type\":\"ImageObject\",\"inLanguage\":\"nl-NL\",\"@id\":\"https:\/\/novakmarket.com\/produit\/samsung-galaxy-s10-128-go-3\/#primaryimage\",\"url\":\"https:\/\/novakmarket.com\/wp-content\/uploads\/2021\/11\/K4.jpg\",\"contentUrl\":\"https:\/\/novakmarket.com\/wp-content\/uploads\/2021\/11\/K4.jpg\",\"width\":700,\"height\":700},{\"@type\":\"BreadcrumbList\",\"@id\":\"https:\/\/novakmarket.com\/produit\/samsung-galaxy-s10-128-go-3\/#breadcrumb\",\"itemListElement\":[{\"@type\":\"ListItem\",\"position\":1,\"name\":\"Accueil\",\"item\":\"https:\/\/novakmarket.com\/\"},{\"@type\":\"ListItem\",\"position\":2,\"name\":\"Boutique\",\"item\":\"https:\/\/novakmarket.com\/shop\/\"},{\"@type\":\"ListItem\",\"position\":3,\"name\":\"Samsung Galaxy S10 128 go\"}]},{\"@type\":\"WebSite\",\"@id\":\"https:\/\/novakmarket.com\/#website\",\"url\":\"https:\/\/novakmarket.com\/\",\"name\":\"Novak Market\",\"description\":\"Vente de produits \u00e9lectroniques.\",\"publisher\":{\"@id\":\"https:\/\/novakmarket.com\/#organization\"},\"potentialAction\":[{\"@type\":\"SearchAction\",\"target\":{\"@type\":\"EntryPoint\",\"urlTemplate\":\"https:\/\/novakmarket.com\/?s={search_term_string}\"},\"query-input\":{\"@type\":\"PropertyValueSpecification\",\"valueRequired\":true,\"valueName\":\"search_term_string\"}}],\"inLanguage\":\"nl-NL\"},{\"@type\":\"Organization\",\"@id\":\"https:\/\/novakmarket.com\/#organization\",\"name\":\"Novak Market\",\"url\":\"https:\/\/novakmarket.com\/\",\"logo\":{\"@type\":\"ImageObject\",\"inLanguage\":\"nl-NL\",\"@id\":\"https:\/\/novakmarket.com\/#\/schema\/logo\/image\/\",\"url\":\"https:\/\/novakmarket.com\/wp-content\/uploads\/2026\/02\/cropped-footer-pc-removebg-preview.png\",\"contentUrl\":\"https:\/\/novakmarket.com\/wp-content\/uploads\/2026\/02\/cropped-footer-pc-removebg-preview.png\",\"width\":202,\"height\":73,\"caption\":\"Novak Market\"},\"image\":{\"@id\":\"https:\/\/novakmarket.com\/#\/schema\/logo\/image\/\"}}]}<\/script>\n<!-- \/ Yoast SEO plugin. -->","yoast_head_json":{"title":"Samsung Galaxy S10 128 go - Novak Market","robots":{"index":"index","follow":"follow","max-snippet":"max-snippet:-1","max-image-preview":"max-image-preview:large","max-video-preview":"max-video-preview:-1"},"canonical":"https:\/\/novakmarket.com\/nl\/product\/samsung-galaxy-s10-128-go-3\/","og_locale":"nl_NL","og_type":"article","og_title":"Samsung Galaxy S10 128 go - Novak Market","og_description":"Nom du produit Samsung Galaxy S10 128 go Rouge - Double sim  Cat\u00e9gorie SMARTPHONE  Informations sur le produit  Sous-\u00e9tat Neuf  Couleur(s) Rouge  Capacit\u00e9 (m\u00e9moire) 128 Go  G\u00e9n\u00e9ral  Type de Produit Smartphone  Composants int\u00e9gr\u00e9s Cam\u00e9ra avant, enregistreur vocal, capteur de fr\u00e9quence cardiaque, haut-parleurs st\u00e9r\u00e9o, navigation, lecteur num\u00e9rique, triple cam\u00e9ra orient\u00e9e vers l'arri\u00e8re  Mat\u00e9riau du boitier Verre type Gorilla\u00a05  Couleur du boitier Rouge cardinal  Profondeur 7.8 mm  Largeur 70.4 mm  Hauteur 149.9 mm  Poids 157 g  Valeur DAS 1,593 W\/kg (corps) \/ 0,477 W\/kg (t\u00eate)  Protection Anti-poussi\u00e8re, anti-\u00e9claboussement, \u00e9tanche  Format Tactile  Num\u00e9ro de mod\u00e8le du fabricant SM-G973F\/DS  T\u00e9l\u00e9phone mobile  Syst\u00e8me d'exploitation Android 9.0 Pie","og_url":"https:\/\/novakmarket.com\/nl\/product\/samsung-galaxy-s10-128-go-3\/","og_site_name":"Novak Market","article_modified_time":"2021-11-29T19:22:14+00:00","og_image":[{"width":700,"height":700,"url":"https:\/\/novakmarket.com\/wp-content\/uploads\/2021\/11\/K4.jpg","type":"image\/jpeg"}],"twitter_card":"summary_large_image","schema":{"@context":"https:\/\/schema.org","@graph":[{"@type":"WebPage","@id":"https:\/\/novakmarket.com\/produit\/samsung-galaxy-s10-128-go-3\/","url":"https:\/\/novakmarket.com\/produit\/samsung-galaxy-s10-128-go-3\/","name":"Samsung Galaxy S10 128 go - Novak Market","isPartOf":{"@id":"https:\/\/novakmarket.com\/#website"},"primaryImageOfPage":{"@id":"https:\/\/novakmarket.com\/produit\/samsung-galaxy-s10-128-go-3\/#primaryimage"},"image":{"@id":"https:\/\/novakmarket.com\/produit\/samsung-galaxy-s10-128-go-3\/#primaryimage"},"thumbnailUrl":"https:\/\/novakmarket.com\/wp-content\/uploads\/2021\/11\/K4.jpg","datePublished":"2021-11-29T19:22:05+00:00","dateModified":"2021-11-29T19:22:14+00:00","breadcrumb":{"@id":"https:\/\/novakmarket.com\/produit\/samsung-galaxy-s10-128-go-3\/#breadcrumb"},"inLanguage":"nl-NL","potentialAction":[{"@type":"ReadAction","target":["https:\/\/novakmarket.com\/produit\/samsung-galaxy-s10-128-go-3\/"]}]},{"@type":"ImageObject","inLanguage":"nl-NL","@id":"https:\/\/novakmarket.com\/produit\/samsung-galaxy-s10-128-go-3\/#primaryimage","url":"https:\/\/novakmarket.com\/wp-content\/uploads\/2021\/11\/K4.jpg","contentUrl":"https:\/\/novakmarket.com\/wp-content\/uploads\/2021\/11\/K4.jpg","width":700,"height":700},{"@type":"BreadcrumbList","@id":"https:\/\/novakmarket.com\/produit\/samsung-galaxy-s10-128-go-3\/#breadcrumb","itemListElement":[{"@type":"ListItem","position":1,"name":"Accueil","item":"https:\/\/novakmarket.com\/"},{"@type":"ListItem","position":2,"name":"Boutique","item":"https:\/\/novakmarket.com\/shop\/"},{"@type":"ListItem","position":3,"name":"Samsung Galaxy S10 128 go"}]},{"@type":"WebSite","@id":"https:\/\/novakmarket.com\/#website","url":"https:\/\/novakmarket.com\/","name":"Novak Market","description":"Vente de produits \u00e9lectroniques.","publisher":{"@id":"https:\/\/novakmarket.com\/#organization"},"potentialAction":[{"@type":"SearchAction","target":{"@type":"EntryPoint","urlTemplate":"https:\/\/novakmarket.com\/?s={search_term_string}"},"query-input":{"@type":"PropertyValueSpecification","valueRequired":true,"valueName":"search_term_string"}}],"inLanguage":"nl-NL"},{"@type":"Organization","@id":"https:\/\/novakmarket.com\/#organization","name":"Novak Market","url":"https:\/\/novakmarket.com\/","logo":{"@type":"ImageObject","inLanguage":"nl-NL","@id":"https:\/\/novakmarket.com\/#\/schema\/logo\/image\/","url":"https:\/\/novakmarket.com\/wp-content\/uploads\/2026\/02\/cropped-footer-pc-removebg-preview.png","contentUrl":"https:\/\/novakmarket.com\/wp-content\/uploads\/2026\/02\/cropped-footer-pc-removebg-preview.png","width":202,"height":73,"caption":"Novak Market"},"image":{"@id":"https:\/\/novakmarket.com\/#\/schema\/logo\/image\/"}}]}},"_links":{"self":[{"href":"https:\/\/novakmarket.com\/nl\/wp-json\/wp\/v2\/product\/6593","targetHints":{"allow":["GET"]}}],"collection":[{"href":"https:\/\/novakmarket.com\/nl\/wp-json\/wp\/v2\/product"}],"about":[{"href":"https:\/\/novakmarket.com\/nl\/wp-json\/wp\/v2\/types\/product"}],"replies":[{"embeddable":true,"href":"https:\/\/novakmarket.com\/nl\/wp-json\/wp\/v2\/comments?post=6593"}],"wp:featuredmedia":[{"embeddable":true,"href":"https:\/\/novakmarket.com\/nl\/wp-json\/wp\/v2\/media\/6622"}],"wp:attachment":[{"href":"https:\/\/novakmarket.com\/nl\/wp-json\/wp\/v2\/media?parent=6593"}],"wp:term":[{"taxonomy":"product_brand","embeddable":true,"href":"https:\/\/novakmarket.com\/nl\/wp-json\/wp\/v2\/product_brand?post=6593"},{"taxonomy":"product_cat","embeddable":true,"href":"https:\/\/novakmarket.com\/nl\/wp-json\/wp\/v2\/product_cat?post=6593"},{"taxonomy":"product_tag","embeddable":true,"href":"https:\/\/novakmarket.com\/nl\/wp-json\/wp\/v2\/product_tag?post=6593"}],"curies":[{"name":"wp","href":"https:\/\/api.w.org\/{rel}","templated":true}]}}