{"id":6596,"date":"2021-11-29T20:22:05","date_gmt":"2021-11-29T19:22:05","guid":{"rendered":"https:\/\/bestymarketshop.com\/?post_type=product&#038;p=6596"},"modified":"2021-11-29T20:22:16","modified_gmt":"2021-11-29T19:22:16","slug":"samsung-galaxy-s10","status":"publish","type":"product","link":"https:\/\/novakmarket.com\/nl\/product\/samsung-galaxy-s10\/","title":{"rendered":"Samsung Galaxy S10+"},"content":{"rendered":"<p>&nbsp;<\/p>\n<p><img loading=\"lazy\" decoding=\"async\" class=\"alignnone size-medium wp-image-8604\" src=\"https:\/\/e-marketshopping.com\/wp-content\/uploads\/2020\/07\/K7-300x300.jpg\" alt=\"\" width=\"300\" height=\"300\" \/><\/p>\n<p>&nbsp;<\/p>\n<ul>\n<li>Taille de la diagonale : 6.4&#8243;<\/li>\n<li>R\u00e9solution du capteur : 12 m\u00e9gapixels<\/li>\n<li>Capacit\u00e9 : 4100 mAh<\/li>\n<li>Capacit\u00e9 de la m\u00e9moire interne : 128 Go<\/li>\n<li>8 coeurs<\/li>\n<\/ul>\n<div class=\"jsFpBulletPointMore\">\n<ul>\n<li>RAM : 8 Go &#8211; LPDDR4X SDRAM<\/li>\n<li>G\u00e9n\u00e9ration \u00e0 haut d\u00e9bit mobile : 4G<\/li>\n<li>Protection : Verre Corning Gorilla 6 (verre r\u00e9sistant aux rayures)<\/li>\n<\/ul>\n<\/div>\n<p>&nbsp;<\/p>\n<p>&nbsp;<\/p>\n<p>&nbsp;<\/p>","protected":false},"excerpt":{"rendered":"<table class=\"fpDescTb fpDescTbPub\">\n<tbody>\n<tr>\n<td>Nom du produit<\/td>\n<td>Samsung Galaxy S10+ 128 go Blanc &#8211; Double sim<\/td>\n<\/tr>\n<tr>\n<td>Cat\u00e9gorie<\/td>\n<td>SMARTPHONE<\/td>\n<\/tr>\n<tr>\n<th colspan=\"2\">Informations sur le produit<\/th>\n<\/tr>\n<tr>\n<td>Sous-\u00e9tat<\/td>\n<td>Neuf<\/td>\n<\/tr>\n<tr>\n<td>Couleur(s)<\/td>\n<td>Blanc<\/td>\n<\/tr>\n<tr>\n<td>Capacit\u00e9 (m\u00e9moire)<\/td>\n<td>128 Go<\/td>\n<\/tr>\n<tr>\n<th colspan=\"2\">G\u00e9n\u00e9ral<\/th>\n<\/tr>\n<tr>\n<td>Type de Produit<\/td>\n<td>Smartphone<\/td>\n<\/tr>\n<tr>\n<td>Composants int\u00e9gr\u00e9s<\/td>\n<td>Enregistreur vocal, haut-parleurs st\u00e9r\u00e9o, navigation, lecteur num\u00e9rique<\/td>\n<\/tr>\n<tr>\n<td>Mat\u00e9riau du boitier<\/td>\n<td>Verre type Gorilla\u00a05<\/td>\n<\/tr>\n<tr>\n<td>Couleur du boitier<\/td>\n<td>Blanc prisme<\/td>\n<\/tr>\n<tr>\n<td>Profondeur<\/td>\n<td>7.8 mm<\/td>\n<\/tr>\n<tr>\n<td>Largeur<\/td>\n<td>74.1 mm<\/td>\n<\/tr>\n<tr>\n<td>Hauteur<\/td>\n<td>157.6 mm<\/td>\n<\/tr>\n<tr>\n<td>Poids<\/td>\n<td>175 g<\/td>\n<\/tr>\n<tr>\n<td>Valeur DAS<\/td>\n<td>1,582 W\/kg (corps) \/ 0,516 W\/kg (t\u00eate)<\/td>\n<\/tr>\n<tr>\n<td>Protection<\/td>\n<td>Anti-poussi\u00e8re, anti-\u00e9claboussement, \u00e9tanche<\/td>\n<\/tr>\n<tr>\n<td>Format<\/td>\n<td>Tactile<\/td>\n<\/tr>\n<tr>\n<td>Num\u00e9ro de mod\u00e8le du fabricant<\/td>\n<td>SM-G975F\/DS<\/td>\n<\/tr>\n<tr>\n<th colspan=\"2\">T\u00e9l\u00e9phone mobile<\/th>\n<\/tr>\n<tr>\n<td>Syst\u00e8me d&#8217;exploitation<\/td>\n<td>Android 9.0 Pie<\/td>\n<\/tr>\n<tr>\n<td>Technologie<\/td>\n<td>TD-SCDMA \/ WCDMA (UMTS) \/ GSM<\/td>\n<\/tr>\n<tr>\n<td>G\u00e9n\u00e9ration \u00e0 haut d\u00e9bit mobile<\/td>\n<td>4G<\/td>\n<\/tr>\n<tr>\n<td>Fournisseur de services<\/td>\n<td>Non sp\u00e9cifi\u00e9<\/td>\n<\/tr>\n<tr>\n<td>Interface utilisateur<\/td>\n<td>One UI<\/td>\n<\/tr>\n<tr>\n<td>Type de carte SIM<\/td>\n<td>Nano SIM<\/td>\n<\/tr>\n<tr>\n<td>Technologie de paiement<\/td>\n<td>Samsung Pay<\/td>\n<\/tr>\n<tr>\n<td>Navigation<\/td>\n<td>GPS, GLONASS, BeiDou, Galileo<\/td>\n<\/tr>\n<tr>\n<td>Assistant intelligent<\/td>\n<td>Bixby<\/td>\n<\/tr>\n<tr>\n<td>Appareil d&#8217;entr\u00e9e<\/td>\n<td>Multi-touches, capacitif<\/td>\n<\/tr>\n<tr>\n<td>D\u00e9tails de configuration de la carte SIM<\/td>\n<td>Nano SIM + nano SIM\/microSD<\/td>\n<\/tr>\n<tr>\n<td>Qt\u00e9 de carte SIM<\/td>\n<td>Double SIM<\/td>\n<\/tr>\n<tr>\n<th colspan=\"2\">Processeur<\/th>\n<\/tr>\n<tr>\n<td>Type<\/td>\n<td>Exynos<\/td>\n<\/tr>\n<tr>\n<td>Qt\u00e9 de coeur de processeur<\/td>\n<td>8 coeurs<\/td>\n<\/tr>\n<tr>\n<td>Architecture 64 bits<\/td>\n<td>Oui<\/td>\n<\/tr>\n<tr>\n<td>Fr\u00e9quence d&#8217;horloge<\/td>\n<td>2.7 GHz<\/td>\n<\/tr>\n<tr>\n<th colspan=\"2\">Affichage<\/th>\n<\/tr>\n<tr>\n<td>Technologie<\/td>\n<td>Infinity-O Dynamic AMOLED<\/td>\n<\/tr>\n<tr>\n<td>Caract\u00e9ristiques<\/td>\n<td>Ecran \u00e0 bordure, HDR10+, AOD(Always On Display)<\/td>\n<\/tr>\n<tr>\n<td>Type<\/td>\n<td>Ecran OEL<\/td>\n<\/tr>\n<tr>\n<td>Densit\u00e9 des pixels<\/td>\n<td>522 ppi<\/td>\n<\/tr>\n<tr>\n<td>Protection<\/td>\n<td>Verre Corning Gorilla 6 (verre r\u00e9sistant aux rayures)<\/td>\n<\/tr>\n<tr>\n<td>Taille de la diagonale<\/td>\n<td>6.4&#8243;<\/td>\n<\/tr>\n<tr>\n<td>R\u00e9solution d&#8217;\u00e9cran<\/td>\n<td>3040 x 1440 pixels<\/td>\n<\/tr>\n<tr>\n<td>Profondeur d&#8217;\u00e9chantillonnage<\/td>\n<td>16,7 millions de couleurs<\/td>\n<\/tr>\n<tr>\n<td>Rapport hauteur\/largeur<\/td>\n<td>19:9<\/td>\n<\/tr>\n<tr>\n<td>Format d&#8217;affichage<\/td>\n<td>QHD+<\/td>\n<\/tr>\n<tr>\n<td>HDR<\/td>\n<td>Oui<\/td>\n<\/tr>\n<tr>\n<th colspan=\"2\">Messagerie et Internet<\/th>\n<\/tr>\n<tr>\n<td>Services de messagerie<\/td>\n<td>SMS, MMS<\/td>\n<\/tr>\n<tr>\n<td>Blogs et r\u00e9seaux sociaux pris en charge<\/td>\n<td>Oui<\/td>\n<\/tr>\n<tr>\n<th colspan=\"2\">Communications<\/th>\n<\/tr>\n<tr>\n<td>Interface sans fil<\/td>\n<td>NFC, Bluetooth 5.0 LE, ANT+\/ANT, IEEE 802.11a\/b\/g\/n\/ac\/ax<\/td>\n<\/tr>\n<tr>\n<td>Bande 2G<\/td>\n<td>GSM 850\/900\/1800\/1900 \/ TD-SCDMA 1880\/2010<\/td>\n<\/tr>\n<tr>\n<td>Bande 4G LTE<\/td>\n<td>Bande 1, Bande 2, Bande 3, Bande 4, Bande 5, Bande 7, Bande 8, Bande 12, Bande 13, Bande 17, Bande 18, Bande 19, Bande 20, Bande 25, Bande 26, Bande 28, Bande 32, Bande 38, Bande 39, Bande 40, Bande 41, Bande 66<\/td>\n<\/tr>\n<tr>\n<td>Fr\u00e9quence LTE 4G<\/td>\n<td>FDD 2100, FDD 1900 PCS, FDD 1800+, FDD 1700 &#8211; 2110 AWS, FDD 850, FDD 2600, FDD 900, FDD 700a, FDD 700c, FDD 700b, FDD 800 inf\u00e9rieur, FDD 800 sup\u00e9rieur, FDD 800 DD, FDD 1900+, FDD 850+, FDD 700 APT, FDD 1500 L, TDD 2600, TDD 1900, TDD 2300, TDD 2500, FDD 1700 &#8211; 2110 AWS-3<\/td>\n<\/tr>\n<tr>\n<td>Bande 3G UMTS<\/td>\n<td>Bande 1, Bande 2, Bande 4, Bande 5, Bande 8<\/td>\n<\/tr>\n<tr>\n<td>Fr\u00e9quence UMTS 3G<\/td>\n<td>2100, 1900, 1700, 850, 900<\/td>\n<\/tr>\n<tr>\n<td>Transmission de donn\u00e9es<\/td>\n<td>GPRS, EDGE, HSDPA, HSUPA, HSPA+, VoLTE, FDD-LTE, TDD-LTE, VoWiFi, LAA<\/td>\n<\/tr>\n<tr>\n<th colspan=\"2\">Caract\u00e9ristiques du t\u00e9l\u00e9phone<\/th>\n<\/tr>\n<tr>\n<td>Fonctions du t\u00e9l\u00e9phone<\/td>\n<td>T\u00e9l\u00e9phone \u00e0 haut parleur, commande vocale, compteur d&#8217;appels, t\u00e9l\u00e9conf\u00e9rence, mode avion, num\u00e9rotation vocale, vibreur<\/td>\n<\/tr>\n<tr>\n<td>Capteurs<\/td>\n<td>Acc\u00e9l\u00e9rom\u00e8tre, Capteur de proximit\u00e9, barom\u00e8tre, capteur gyroscopique, capteur \u00e0 effet Hall, capteur RGB, capteur de pression, capteur g\u00e9omagn\u00e9tique, capteur HR<\/td>\n<\/tr>\n<tr>\n<td>P\u00e9riph\u00e9riques de s\u00e9curit\u00e9<\/td>\n<td>Reconnaissance faciale, lecteur d&#8217;empreinte digitale (sous l&#8217;affichage)<\/td>\n<\/tr>\n<tr>\n<td>Fonctions suppl\u00e9mentaires<\/td>\n<td>Fen\u00eatres multiples, Smart Select, technologie MU-MIMO, Samsung KNOX, High AOP Mic, Smart View, Message en direct, Bixby Vision, fonction Dossier s\u00e9curis\u00e9, Double audio, Routines Bixby, Intelligent Performance Enhancer<\/td>\n<\/tr>\n<tr>\n<th colspan=\"2\">Lecteur multim\u00e9dia<\/th>\n<\/tr>\n<tr>\n<td>Normes vid\u00e9o num\u00e9riques prises en charge<\/td>\n<td>MKV, FLV, AVI, MPEG-4, WMV, ASF, 3GP, M4V, WebM, 3G2<\/td>\n<\/tr>\n<tr>\n<td>Am\u00e9liorations sonores<\/td>\n<td>Son Dolby Digital Plus, technologie de son Dolby Atmos, Son surround, haut-parleurs st\u00e9r\u00e9o accord\u00e9s par AKG, son Dolby Digital<\/td>\n<\/tr>\n<tr>\n<td>Normes audionum\u00e9riques prises en charge<\/td>\n<td>WAV, WMA, AAC, PCM, AMR, MP3, FLAC, XMF, OGG, MIDI, APE (Monkey&#8217;s Audio), M4A, DSF, DSD, MXMF, OGA, 3GA, AWB, IMY, RTTTL, RTX, OTA, DFF, MID, DSD64, DSD128<\/td>\n<\/tr>\n<tr>\n<th colspan=\"2\">M\u00e9moire<\/th>\n<\/tr>\n<tr>\n<td>RAM<\/td>\n<td>8 Go &#8211; LPDDR4X SDRAM<\/td>\n<\/tr>\n<tr>\n<td>Cartes m\u00e9moire flash prises en charge<\/td>\n<td>microSDHC, microSDXC &#8211; jusqu&#8217;\u00e0 512 Go<\/td>\n<\/tr>\n<tr>\n<td>Capacit\u00e9 de la m\u00e9moire interne<\/td>\n<td>128 Go<\/td>\n<\/tr>\n<tr>\n<th colspan=\"2\">Connexions<\/th>\n<\/tr>\n<tr>\n<td>Type de connecteur<\/td>\n<td>USB Type-C &#8211; 24 pin USB-C<br \/>\nPrise pour casque micro &#8211; mini-t\u00e9l\u00e9phone 3,5 mm<\/td>\n<\/tr>\n<\/tbody>\n<\/table>","protected":false},"featured_media":6625,"comment_status":"open","ping_status":"closed","template":"","meta":{"_acf_changed":false},"product_brand":[],"product_cat":[279,280],"product_tag":[],"class_list":{"0":"post-6596","1":"product","2":"type-product","3":"status-publish","4":"has-post-thumbnail","6":"product_cat-samsung","7":"product_cat-smart-phones-tablets","9":"first","10":"instock","11":"shipping-taxable","12":"purchasable","13":"product-type-simple"},"acf":[],"yoast_head":"<!-- This site is optimized with the Yoast SEO plugin v27.2 - https:\/\/yoast.com\/product\/yoast-seo-wordpress\/ -->\n<title>Samsung Galaxy S10+ - Novak Market<\/title>\n<meta name=\"robots\" content=\"index, follow, max-snippet:-1, max-image-preview:large, max-video-preview:-1\" \/>\n<link rel=\"canonical\" href=\"https:\/\/novakmarket.com\/nl\/product\/samsung-galaxy-s10\/\" \/>\n<meta property=\"og:locale\" content=\"nl_NL\" \/>\n<meta property=\"og:type\" content=\"article\" \/>\n<meta property=\"og:title\" content=\"Samsung Galaxy S10+ - Novak Market\" \/>\n<meta property=\"og:description\" content=\"Nom du produit Samsung Galaxy S10+ 128 go Blanc - Double sim  Cat\u00e9gorie SMARTPHONE  Informations sur le produit  Sous-\u00e9tat Neuf  Couleur(s) Blanc  Capacit\u00e9 (m\u00e9moire) 128 Go  G\u00e9n\u00e9ral  Type de Produit Smartphone  Composants int\u00e9gr\u00e9s Enregistreur vocal, haut-parleurs st\u00e9r\u00e9o, navigation, lecteur num\u00e9rique  Mat\u00e9riau du boitier Verre type Gorilla\u00a05  Couleur du boitier Blanc prisme  Profondeur 7.8 mm  Largeur 74.1 mm  Hauteur 157.6 mm  Poids 175 g  Valeur DAS 1,582 W\/kg (corps) \/ 0,516 W\/kg (t\u00eate)  Protection Anti-poussi\u00e8re, anti-\u00e9claboussement, \u00e9tanche  Format Tactile  Num\u00e9ro de mod\u00e8le du fabricant SM-G975F\/DS  T\u00e9l\u00e9phone mobile  Syst\u00e8me d&#039;exploitation Android 9.0 Pie  Technologie TD-SCDMA \/ WCDMA (UMTS) \/ GSM  G\u00e9n\u00e9ration \u00e0 haut d\u00e9bit mobile 4G  Fournisseur de services Non sp\u00e9cifi\u00e9  Interface utilisateur One UI  Type de carte SIM Nano SIM  Technologie de paiement Samsung Pay  Navigation GPS, GLONASS, BeiDou, Galileo  Assistant intelligent Bixby  Appareil d&#039;entr\u00e9e Multi-touches, capacitif  D\u00e9tails de configuration de la carte SIM Nano SIM + nano SIM\/microSD  Qt\u00e9 de carte SIM Double SIM  Processeur  Type Exynos  Qt\u00e9 de coeur de processeur 8 coeurs  Architecture 64 bits Oui  Fr\u00e9quence d&#039;horloge 2.7 GHz  Affichage  Technologie Infinity-O Dynamic AMOLED  Caract\u00e9ristiques Ecran \u00e0 bordure, HDR10+, AOD(Always On Display)  Type Ecran OEL  Densit\u00e9 des pixels 522 ppi  Protection Verre Corning Gorilla 6 (verre r\u00e9sistant aux rayures)  Taille de la diagonale 6.4&quot;  R\u00e9solution d&#039;\u00e9cran 3040 x 1440 pixels  Profondeur d&#039;\u00e9chantillonnage 16,7 millions de couleurs  Rapport hauteur\/largeur 19:9  Format d&#039;affichage QHD+  HDR Oui  Messagerie et Internet  Services de messagerie SMS, MMS  Blogs et r\u00e9seaux sociaux pris en charge Oui  Communications  Interface sans fil NFC, Bluetooth 5.0 LE, ANT+\/ANT, IEEE 802.11a\/b\/g\/n\/ac\/ax  Bande 2G GSM 850\/900\/1800\/1900 \/ TD-SCDMA 1880\/2010  Bande 4G LTE Bande 1, Bande 2, Bande 3, Bande 4, Bande 5, Bande 7, Bande 8, Bande 12, Bande 13, Bande 17, Bande 18, Bande 19, Bande 20, Bande 25, Bande 26, Bande 28, Bande 32, Bande 38, Bande 39, Bande 40, Bande 41, Bande 66  Fr\u00e9quence LTE 4G FDD 2100, FDD 1900 PCS, FDD 1800+, FDD 1700 - 2110 AWS, FDD 850, FDD 2600, FDD 900, FDD 700a, FDD 700c, FDD 700b, FDD 800 inf\u00e9rieur, FDD 800 sup\u00e9rieur, FDD 800 DD, FDD 1900+, FDD 850+, FDD 700 APT, FDD 1500 L, TDD 2600, TDD 1900, TDD 2300, TDD 2500, FDD 1700 - 2110 AWS-3  Bande 3G UMTS Bande 1, Bande 2, Bande 4, Bande 5, Bande 8  Fr\u00e9quence UMTS 3G 2100, 1900, 1700, 850, 900  Transmission de donn\u00e9es GPRS, EDGE, HSDPA, HSUPA, HSPA+, VoLTE, FDD-LTE, TDD-LTE, VoWiFi, LAA  Caract\u00e9ristiques du t\u00e9l\u00e9phone  Fonctions du t\u00e9l\u00e9phone T\u00e9l\u00e9phone \u00e0 haut parleur, commande vocale, compteur d&#039;appels, t\u00e9l\u00e9conf\u00e9rence, mode avion, num\u00e9rotation vocale, vibreur  Capteurs Acc\u00e9l\u00e9rom\u00e8tre, Capteur de proximit\u00e9, barom\u00e8tre, capteur gyroscopique, capteur \u00e0 effet Hall, capteur RGB, capteur de pression, capteur g\u00e9omagn\u00e9tique, capteur HR  P\u00e9riph\u00e9riques de s\u00e9curit\u00e9 Reconnaissance faciale, lecteur d&#039;empreinte digitale (sous l&#039;affichage)  Fonctions suppl\u00e9mentaires Fen\u00eatres multiples, Smart Select, technologie MU-MIMO, Samsung KNOX, High AOP Mic, Smart View, Message en direct, Bixby Vision, fonction Dossier s\u00e9curis\u00e9, Double audio, Routines Bixby, Intelligent Performance Enhancer  Lecteur multim\u00e9dia  Normes vid\u00e9o num\u00e9riques prises en charge MKV, FLV, AVI, MPEG-4, WMV, ASF, 3GP, M4V, WebM, 3G2  Am\u00e9liorations sonores Son Dolby Digital Plus, technologie de son Dolby Atmos, Son surround, haut-parleurs st\u00e9r\u00e9o accord\u00e9s par AKG, son Dolby Digital  Normes audionum\u00e9riques prises en charge WAV, WMA, AAC, PCM, AMR, MP3, FLAC, XMF, OGG, MIDI, APE (Monkey&#039;s Audio), M4A, DSF, DSD, MXMF, OGA, 3GA, AWB, IMY, RTTTL, RTX, OTA, DFF, MID, DSD64, DSD128  M\u00e9moire  RAM 8 Go - LPDDR4X SDRAM  Cartes m\u00e9moire flash prises en charge microSDHC, microSDXC - jusqu&#039;\u00e0 512 Go  Capacit\u00e9 de la m\u00e9moire interne 128 Go  Connexions  Type de connecteur USB Type-C - 24 pin USB-C Prise pour casque micro - mini-t\u00e9l\u00e9phone 3,5 mm\" \/>\n<meta property=\"og:url\" content=\"https:\/\/novakmarket.com\/nl\/product\/samsung-galaxy-s10\/\" \/>\n<meta property=\"og:site_name\" content=\"Novak Market\" \/>\n<meta property=\"article:modified_time\" content=\"2021-11-29T19:22:16+00:00\" \/>\n<meta property=\"og:image\" content=\"https:\/\/novakmarket.com\/wp-content\/uploads\/2021\/11\/K77.jpg\" \/>\n\t<meta property=\"og:image:width\" content=\"700\" \/>\n\t<meta property=\"og:image:height\" content=\"700\" \/>\n\t<meta property=\"og:image:type\" content=\"image\/jpeg\" \/>\n<meta name=\"twitter:card\" content=\"summary_large_image\" \/>\n<script type=\"application\/ld+json\" class=\"yoast-schema-graph\">{\"@context\":\"https:\/\/schema.org\",\"@graph\":[{\"@type\":\"WebPage\",\"@id\":\"https:\/\/novakmarket.com\/produit\/samsung-galaxy-s10\/\",\"url\":\"https:\/\/novakmarket.com\/produit\/samsung-galaxy-s10\/\",\"name\":\"Samsung Galaxy S10+ - Novak Market\",\"isPartOf\":{\"@id\":\"https:\/\/novakmarket.com\/#website\"},\"primaryImageOfPage\":{\"@id\":\"https:\/\/novakmarket.com\/produit\/samsung-galaxy-s10\/#primaryimage\"},\"image\":{\"@id\":\"https:\/\/novakmarket.com\/produit\/samsung-galaxy-s10\/#primaryimage\"},\"thumbnailUrl\":\"https:\/\/novakmarket.com\/wp-content\/uploads\/2021\/11\/K77.jpg\",\"datePublished\":\"2021-11-29T19:22:05+00:00\",\"dateModified\":\"2021-11-29T19:22:16+00:00\",\"breadcrumb\":{\"@id\":\"https:\/\/novakmarket.com\/produit\/samsung-galaxy-s10\/#breadcrumb\"},\"inLanguage\":\"nl-NL\",\"potentialAction\":[{\"@type\":\"ReadAction\",\"target\":[\"https:\/\/novakmarket.com\/produit\/samsung-galaxy-s10\/\"]}]},{\"@type\":\"ImageObject\",\"inLanguage\":\"nl-NL\",\"@id\":\"https:\/\/novakmarket.com\/produit\/samsung-galaxy-s10\/#primaryimage\",\"url\":\"https:\/\/novakmarket.com\/wp-content\/uploads\/2021\/11\/K77.jpg\",\"contentUrl\":\"https:\/\/novakmarket.com\/wp-content\/uploads\/2021\/11\/K77.jpg\",\"width\":700,\"height\":700},{\"@type\":\"BreadcrumbList\",\"@id\":\"https:\/\/novakmarket.com\/produit\/samsung-galaxy-s10\/#breadcrumb\",\"itemListElement\":[{\"@type\":\"ListItem\",\"position\":1,\"name\":\"Accueil\",\"item\":\"https:\/\/novakmarket.com\/\"},{\"@type\":\"ListItem\",\"position\":2,\"name\":\"Boutique\",\"item\":\"https:\/\/novakmarket.com\/shop\/\"},{\"@type\":\"ListItem\",\"position\":3,\"name\":\"Samsung Galaxy S10+\"}]},{\"@type\":\"WebSite\",\"@id\":\"https:\/\/novakmarket.com\/#website\",\"url\":\"https:\/\/novakmarket.com\/\",\"name\":\"Novak Market\",\"description\":\"Vente de produits \u00e9lectroniques.\",\"publisher\":{\"@id\":\"https:\/\/novakmarket.com\/#organization\"},\"potentialAction\":[{\"@type\":\"SearchAction\",\"target\":{\"@type\":\"EntryPoint\",\"urlTemplate\":\"https:\/\/novakmarket.com\/?s={search_term_string}\"},\"query-input\":{\"@type\":\"PropertyValueSpecification\",\"valueRequired\":true,\"valueName\":\"search_term_string\"}}],\"inLanguage\":\"nl-NL\"},{\"@type\":\"Organization\",\"@id\":\"https:\/\/novakmarket.com\/#organization\",\"name\":\"Novak Market\",\"url\":\"https:\/\/novakmarket.com\/\",\"logo\":{\"@type\":\"ImageObject\",\"inLanguage\":\"nl-NL\",\"@id\":\"https:\/\/novakmarket.com\/#\/schema\/logo\/image\/\",\"url\":\"https:\/\/novakmarket.com\/wp-content\/uploads\/2026\/02\/cropped-footer-pc-removebg-preview.png\",\"contentUrl\":\"https:\/\/novakmarket.com\/wp-content\/uploads\/2026\/02\/cropped-footer-pc-removebg-preview.png\",\"width\":202,\"height\":73,\"caption\":\"Novak Market\"},\"image\":{\"@id\":\"https:\/\/novakmarket.com\/#\/schema\/logo\/image\/\"}}]}<\/script>\n<!-- \/ Yoast SEO plugin. -->","yoast_head_json":{"title":"Samsung Galaxy S10+ - Novak Market","robots":{"index":"index","follow":"follow","max-snippet":"max-snippet:-1","max-image-preview":"max-image-preview:large","max-video-preview":"max-video-preview:-1"},"canonical":"https:\/\/novakmarket.com\/nl\/product\/samsung-galaxy-s10\/","og_locale":"nl_NL","og_type":"article","og_title":"Samsung Galaxy S10+ - Novak Market","og_description":"Nom du produit Samsung Galaxy S10+ 128 go Blanc - Double sim  Cat\u00e9gorie SMARTPHONE  Informations sur le produit  Sous-\u00e9tat Neuf  Couleur(s) Blanc  Capacit\u00e9 (m\u00e9moire) 128 Go  G\u00e9n\u00e9ral  Type de Produit Smartphone  Composants int\u00e9gr\u00e9s Enregistreur vocal, haut-parleurs st\u00e9r\u00e9o, navigation, lecteur num\u00e9rique  Mat\u00e9riau du boitier Verre type Gorilla\u00a05  Couleur du boitier Blanc prisme  Profondeur 7.8 mm  Largeur 74.1 mm  Hauteur 157.6 mm  Poids 175 g  Valeur DAS 1,582 W\/kg (corps) \/ 0,516 W\/kg (t\u00eate)  Protection Anti-poussi\u00e8re, anti-\u00e9claboussement, \u00e9tanche  Format Tactile  Num\u00e9ro de mod\u00e8le du fabricant SM-G975F\/DS  T\u00e9l\u00e9phone mobile  Syst\u00e8me d'exploitation Android 9.0 Pie  Technologie TD-SCDMA \/ WCDMA (UMTS) \/ GSM  G\u00e9n\u00e9ration \u00e0 haut d\u00e9bit mobile 4G  Fournisseur de services Non sp\u00e9cifi\u00e9  Interface utilisateur One UI  Type de carte SIM Nano SIM  Technologie de paiement Samsung Pay  Navigation GPS, GLONASS, BeiDou, Galileo  Assistant intelligent Bixby  Appareil d'entr\u00e9e Multi-touches, capacitif  D\u00e9tails de configuration de la carte SIM Nano SIM + nano SIM\/microSD  Qt\u00e9 de carte SIM Double SIM  Processeur  Type Exynos  Qt\u00e9 de coeur de processeur 8 coeurs  Architecture 64 bits Oui  Fr\u00e9quence d'horloge 2.7 GHz  Affichage  Technologie Infinity-O Dynamic AMOLED  Caract\u00e9ristiques Ecran \u00e0 bordure, HDR10+, AOD(Always On Display)  Type Ecran OEL  Densit\u00e9 des pixels 522 ppi  Protection Verre Corning Gorilla 6 (verre r\u00e9sistant aux rayures)  Taille de la diagonale 6.4\"  R\u00e9solution d'\u00e9cran 3040 x 1440 pixels  Profondeur d'\u00e9chantillonnage 16,7 millions de couleurs  Rapport hauteur\/largeur 19:9  Format d'affichage QHD+  HDR Oui  Messagerie et Internet  Services de messagerie SMS, MMS  Blogs et r\u00e9seaux sociaux pris en charge Oui  Communications  Interface sans fil NFC, Bluetooth 5.0 LE, ANT+\/ANT, IEEE 802.11a\/b\/g\/n\/ac\/ax  Bande 2G GSM 850\/900\/1800\/1900 \/ TD-SCDMA 1880\/2010  Bande 4G LTE Bande 1, Bande 2, Bande 3, Bande 4, Bande 5, Bande 7, Bande 8, Bande 12, Bande 13, Bande 17, Bande 18, Bande 19, Bande 20, Bande 25, Bande 26, Bande 28, Bande 32, Bande 38, Bande 39, Bande 40, Bande 41, Bande 66  Fr\u00e9quence LTE 4G FDD 2100, FDD 1900 PCS, FDD 1800+, FDD 1700 - 2110 AWS, FDD 850, FDD 2600, FDD 900, FDD 700a, FDD 700c, FDD 700b, FDD 800 inf\u00e9rieur, FDD 800 sup\u00e9rieur, FDD 800 DD, FDD 1900+, FDD 850+, FDD 700 APT, FDD 1500 L, TDD 2600, TDD 1900, TDD 2300, TDD 2500, FDD 1700 - 2110 AWS-3  Bande 3G UMTS Bande 1, Bande 2, Bande 4, Bande 5, Bande 8  Fr\u00e9quence UMTS 3G 2100, 1900, 1700, 850, 900  Transmission de donn\u00e9es GPRS, EDGE, HSDPA, HSUPA, HSPA+, VoLTE, FDD-LTE, TDD-LTE, VoWiFi, LAA  Caract\u00e9ristiques du t\u00e9l\u00e9phone  Fonctions du t\u00e9l\u00e9phone T\u00e9l\u00e9phone \u00e0 haut parleur, commande vocale, compteur d'appels, t\u00e9l\u00e9conf\u00e9rence, mode avion, num\u00e9rotation vocale, vibreur  Capteurs Acc\u00e9l\u00e9rom\u00e8tre, Capteur de proximit\u00e9, barom\u00e8tre, capteur gyroscopique, capteur \u00e0 effet Hall, capteur RGB, capteur de pression, capteur g\u00e9omagn\u00e9tique, capteur HR  P\u00e9riph\u00e9riques de s\u00e9curit\u00e9 Reconnaissance faciale, lecteur d'empreinte digitale (sous l'affichage)  Fonctions suppl\u00e9mentaires Fen\u00eatres multiples, Smart Select, technologie MU-MIMO, Samsung KNOX, High AOP Mic, Smart View, Message en direct, Bixby Vision, fonction Dossier s\u00e9curis\u00e9, Double audio, Routines Bixby, Intelligent Performance Enhancer  Lecteur multim\u00e9dia  Normes vid\u00e9o num\u00e9riques prises en charge MKV, FLV, AVI, MPEG-4, WMV, ASF, 3GP, M4V, WebM, 3G2  Am\u00e9liorations sonores Son Dolby Digital Plus, technologie de son Dolby Atmos, Son surround, haut-parleurs st\u00e9r\u00e9o accord\u00e9s par AKG, son Dolby Digital  Normes audionum\u00e9riques prises en charge WAV, WMA, AAC, PCM, AMR, MP3, FLAC, XMF, OGG, MIDI, APE (Monkey's Audio), M4A, DSF, DSD, MXMF, OGA, 3GA, AWB, IMY, RTTTL, RTX, OTA, DFF, MID, DSD64, DSD128  M\u00e9moire  RAM 8 Go - LPDDR4X SDRAM  Cartes m\u00e9moire flash prises en charge microSDHC, microSDXC - jusqu'\u00e0 512 Go  Capacit\u00e9 de la m\u00e9moire interne 128 Go  Connexions  Type de connecteur USB Type-C - 24 pin USB-C Prise pour casque micro - mini-t\u00e9l\u00e9phone 3,5 mm","og_url":"https:\/\/novakmarket.com\/nl\/product\/samsung-galaxy-s10\/","og_site_name":"Novak Market","article_modified_time":"2021-11-29T19:22:16+00:00","og_image":[{"width":700,"height":700,"url":"https:\/\/novakmarket.com\/wp-content\/uploads\/2021\/11\/K77.jpg","type":"image\/jpeg"}],"twitter_card":"summary_large_image","schema":{"@context":"https:\/\/schema.org","@graph":[{"@type":"WebPage","@id":"https:\/\/novakmarket.com\/produit\/samsung-galaxy-s10\/","url":"https:\/\/novakmarket.com\/produit\/samsung-galaxy-s10\/","name":"Samsung Galaxy S10+ - Novak Market","isPartOf":{"@id":"https:\/\/novakmarket.com\/#website"},"primaryImageOfPage":{"@id":"https:\/\/novakmarket.com\/produit\/samsung-galaxy-s10\/#primaryimage"},"image":{"@id":"https:\/\/novakmarket.com\/produit\/samsung-galaxy-s10\/#primaryimage"},"thumbnailUrl":"https:\/\/novakmarket.com\/wp-content\/uploads\/2021\/11\/K77.jpg","datePublished":"2021-11-29T19:22:05+00:00","dateModified":"2021-11-29T19:22:16+00:00","breadcrumb":{"@id":"https:\/\/novakmarket.com\/produit\/samsung-galaxy-s10\/#breadcrumb"},"inLanguage":"nl-NL","potentialAction":[{"@type":"ReadAction","target":["https:\/\/novakmarket.com\/produit\/samsung-galaxy-s10\/"]}]},{"@type":"ImageObject","inLanguage":"nl-NL","@id":"https:\/\/novakmarket.com\/produit\/samsung-galaxy-s10\/#primaryimage","url":"https:\/\/novakmarket.com\/wp-content\/uploads\/2021\/11\/K77.jpg","contentUrl":"https:\/\/novakmarket.com\/wp-content\/uploads\/2021\/11\/K77.jpg","width":700,"height":700},{"@type":"BreadcrumbList","@id":"https:\/\/novakmarket.com\/produit\/samsung-galaxy-s10\/#breadcrumb","itemListElement":[{"@type":"ListItem","position":1,"name":"Accueil","item":"https:\/\/novakmarket.com\/"},{"@type":"ListItem","position":2,"name":"Boutique","item":"https:\/\/novakmarket.com\/shop\/"},{"@type":"ListItem","position":3,"name":"Samsung Galaxy S10+"}]},{"@type":"WebSite","@id":"https:\/\/novakmarket.com\/#website","url":"https:\/\/novakmarket.com\/","name":"Novak Market","description":"Vente de produits \u00e9lectroniques.","publisher":{"@id":"https:\/\/novakmarket.com\/#organization"},"potentialAction":[{"@type":"SearchAction","target":{"@type":"EntryPoint","urlTemplate":"https:\/\/novakmarket.com\/?s={search_term_string}"},"query-input":{"@type":"PropertyValueSpecification","valueRequired":true,"valueName":"search_term_string"}}],"inLanguage":"nl-NL"},{"@type":"Organization","@id":"https:\/\/novakmarket.com\/#organization","name":"Novak Market","url":"https:\/\/novakmarket.com\/","logo":{"@type":"ImageObject","inLanguage":"nl-NL","@id":"https:\/\/novakmarket.com\/#\/schema\/logo\/image\/","url":"https:\/\/novakmarket.com\/wp-content\/uploads\/2026\/02\/cropped-footer-pc-removebg-preview.png","contentUrl":"https:\/\/novakmarket.com\/wp-content\/uploads\/2026\/02\/cropped-footer-pc-removebg-preview.png","width":202,"height":73,"caption":"Novak Market"},"image":{"@id":"https:\/\/novakmarket.com\/#\/schema\/logo\/image\/"}}]}},"_links":{"self":[{"href":"https:\/\/novakmarket.com\/nl\/wp-json\/wp\/v2\/product\/6596","targetHints":{"allow":["GET"]}}],"collection":[{"href":"https:\/\/novakmarket.com\/nl\/wp-json\/wp\/v2\/product"}],"about":[{"href":"https:\/\/novakmarket.com\/nl\/wp-json\/wp\/v2\/types\/product"}],"replies":[{"embeddable":true,"href":"https:\/\/novakmarket.com\/nl\/wp-json\/wp\/v2\/comments?post=6596"}],"wp:featuredmedia":[{"embeddable":true,"href":"https:\/\/novakmarket.com\/nl\/wp-json\/wp\/v2\/media\/6625"}],"wp:attachment":[{"href":"https:\/\/novakmarket.com\/nl\/wp-json\/wp\/v2\/media?parent=6596"}],"wp:term":[{"taxonomy":"product_brand","embeddable":true,"href":"https:\/\/novakmarket.com\/nl\/wp-json\/wp\/v2\/product_brand?post=6596"},{"taxonomy":"product_cat","embeddable":true,"href":"https:\/\/novakmarket.com\/nl\/wp-json\/wp\/v2\/product_cat?post=6596"},{"taxonomy":"product_tag","embeddable":true,"href":"https:\/\/novakmarket.com\/nl\/wp-json\/wp\/v2\/product_tag?post=6596"}],"curies":[{"name":"wp","href":"https:\/\/api.w.org\/{rel}","templated":true}]}}