{"id":6663,"date":"2021-11-29T20:22:32","date_gmt":"2021-11-29T19:22:32","guid":{"rendered":"https:\/\/bestymarketshop.com\/?post_type=product&#038;p=6663"},"modified":"2021-11-29T20:22:49","modified_gmt":"2021-11-29T19:22:49","slug":"dji-drone-phantom-4","status":"publish","type":"product","link":"https:\/\/novakmarket.com\/nl\/product\/dji-drone-phantom-4\/","title":{"rendered":"DJI Drone Phantom 4"},"content":{"rendered":"<p><img loading=\"lazy\" decoding=\"async\" class=\"alignnone size-medium wp-image-8751\" src=\"https:\/\/e-marketshopping.com\/wp-content\/uploads\/2020\/07\/D6-300x300.jpg\" alt=\"\" width=\"300\" height=\"300\" \/><\/p>\n<ul>\n<li>Autonomie : 30 min<\/li>\n<li>Port\u00e9e du drone : + de 1000 m<\/li>\n<li>Cam\u00e9ra int\u00e9gr\u00e9e : Oui<\/li>\n<li>R\u00e9solution de la cam\u00e9ra : Modes d&#8217;enregistrement vid\u00e9o , C4K : 4096\u00d72160 24\/25\/30p @100Mb\/s, 4K : 3840\u00d72160 24\/25\/30p @100Mb\/s, 2,7K : 2720\u00d71530 24\/25\/30p @65Mb\/s, 2,7K : 2720\u00d71530 48\/50\/60p @80Mb\/s, FHD : 1920\u00d71080 24\/25\/30p @50Mb\/s, FHD : 1920\u00d71080 48\/50\/60p @65Mb\/s, FHD : 1920\u00d71080 120p @100Mb\/s, HD : 1280\u00d7720 24\/25\/30p @25Mb\/s, HD : 1280\u00d7720 48\/50\/60p @35Mb\/s, HD : 1280\u00d7720 120p @60Mb\/s<\/li>\n<li>Wi-Fi : Oui<\/li>\n<\/ul>\n<div class=\"jsFpBulletPointMore\">\n<ul>\n<li>Accessoires inclus : Appareil, Radiocommande avec \u00e9cran, Paire d&#8217;h\u00e9lices, Intelligent flight battery, chargeur de batteri<\/li>\n<\/ul>\n<\/div>","protected":false},"excerpt":{"rendered":"<table class=\"fpDescTb fpDescTbPub\">\n<tbody>\n<tr>\n<td>Nom du produit<\/td>\n<td>DJI Drone Phantom 4 Advanced + Version Fran\u00e7aise O<\/td>\n<\/tr>\n<tr>\n<td>Cat\u00e9gorie<\/td>\n<td>DRONE<\/td>\n<\/tr>\n<tr>\n<th colspan=\"2\">Informations g\u00e9n\u00e9rales<\/th>\n<\/tr>\n<tr>\n<td>Type de produit<\/td>\n<td>Drone<\/td>\n<\/tr>\n<tr>\n<td>Mod\u00e8le<\/td>\n<td>DJI Drone Phantom 4 Advanced +<\/td>\n<\/tr>\n<tr>\n<td>Utilisation<\/td>\n<td>Ext\u00e9rieur<\/td>\n<\/tr>\n<tr>\n<td>Genre<\/td>\n<td>Mixte<\/td>\n<\/tr>\n<tr>\n<td>Age (A partir de)<\/td>\n<td>15 ans<\/td>\n<\/tr>\n<tr>\n<th colspan=\"2\">Dimensions<\/th>\n<\/tr>\n<tr>\n<td>Longueur<\/td>\n<td>Diagonale (Sans h\u00e9lice) : 350 mm<\/td>\n<\/tr>\n<tr>\n<td>Largeur<\/td>\n<td>Diagonale (Sans h\u00e9lice) : 350 mm<\/td>\n<\/tr>\n<tr>\n<td>Poids<\/td>\n<td>Poids (batterie et h\u00e9lices incluses) 1368 g<\/td>\n<\/tr>\n<tr>\n<th colspan=\"2\">Caract\u00e9ristiques techniques<\/th>\n<\/tr>\n<tr>\n<td>Autonomie<\/td>\n<td>30 min<\/td>\n<\/tr>\n<tr>\n<td>Alimentation<\/td>\n<td>BATTERIE : Capacit\u00e9 5870 mAh<br \/>\nTension 15,2 V<br \/>\nType de batterie LiPo 4S<br \/>\n\u00c9nergie 89,2 Wh<br \/>\nPoids net 468 g<br \/>\nPlage de temp\u00e9ratures de fonctionnement De 5 \u00e0 40 \u00b0C (41 \u00e0 104 \u00b0F)<br \/>\nPuissance de charge max. 100 W<\/td>\n<\/tr>\n<tr>\n<td>Altitude maximale<\/td>\n<td>6000 m (19685 pieds)<\/td>\n<\/tr>\n<tr>\n<td>Port\u00e9e du drone<\/td>\n<td>+ de 1000 m<\/td>\n<\/tr>\n<tr>\n<td>Syst\u00e8me de pilotage<\/td>\n<td>T\u00e9l\u00e9command\u00e9<\/td>\n<\/tr>\n<tr>\n<td>Vitesse max<\/td>\n<td>72 km\/h (45 mph) (Mode S) ; 58 km\/h (36 mph) (Mode A) ;<br \/>\n50 km\/h (31 mph) (Mode P)<\/td>\n<\/tr>\n<tr>\n<td>Wi-Fi<\/td>\n<td>Oui<\/td>\n<\/tr>\n<tr>\n<td>Port\u00e9e du Wifi<\/td>\n<td>7 km (4,3 mi) Transmission longue distance<\/td>\n<\/tr>\n<tr>\n<td>Bluetooth<\/td>\n<td>Non<\/td>\n<\/tr>\n<tr>\n<td>Contr\u00f4le par GPS<\/td>\n<td>Syst\u00e8mes de positionnement satellite GPS\/GLONASS<br \/>\nPlage de pr\u00e9cision du vol stationnaire Verticale : \u00b1 0,1 m (avec Vision Positioning) ; \u00b1 0,5 m (avec<br \/>\nGPS Positioning)<br \/>\nHorizontale : \u00b1 0,3 m (avec Vision Positioning) ; \u00b1 1,5 m (avec GPS Positioning)<\/td>\n<\/tr>\n<tr>\n<td>Produit \u00e0 monter soi-m\u00eame<\/td>\n<td>Non<\/td>\n<\/tr>\n<tr>\n<td>Port\u00e9e de la t\u00e9l\u00e9commande<\/td>\n<td>7 km (4,3 mi) Transmission longue distance<\/td>\n<\/tr>\n<tr>\n<td>Vid\u00e9o en temps r\u00e9el<\/td>\n<td>OUi<\/td>\n<\/tr>\n<tr>\n<th colspan=\"2\">Photo\/Vid\u00e9o<\/th>\n<\/tr>\n<tr>\n<td>Cam\u00e9ra int\u00e9gr\u00e9e<\/td>\n<td>Oui<\/td>\n<\/tr>\n<tr>\n<td>R\u00e9solution de la cam\u00e9ra<\/td>\n<td>Full HD<\/td>\n<\/tr>\n<tr>\n<td>R\u00e9solution de la cam\u00e9ra<\/td>\n<td>Modes d&#8217;enregistrement vid\u00e9o<br \/>\nC4K : 4096\u00d72160 24\/25\/30p @100Mb\/s<br \/>\n4K : 3840\u00d72160 24\/25\/30p @100Mb\/s<br \/>\n2,7K : 2720\u00d71530 24\/25\/30p @65Mb\/s<br \/>\n2,7K : 2720\u00d71530 48\/50\/60p @80Mb\/s<br \/>\nFHD : 1920\u00d71080 24\/25\/30p @50Mb\/s<br \/>\nFHD : 1920\u00d71080 48\/50\/60p @65Mb\/s<br \/>\nFHD : 1920\u00d71080 120p @100Mb\/s<br \/>\nHD : 1280\u00d7720 24\/25\/30p @25Mb\/s<br \/>\nHD : 1280\u00d7720 48\/50\/60p @35Mb\/s<br \/>\nHD : 1280\u00d7720 120p @60Mb\/s<\/td>\n<\/tr>\n<tr>\n<td>Mode photo<\/td>\n<td>Oui<\/td>\n<\/tr>\n<tr>\n<td>R\u00e9solution photo<\/td>\n<td>20 m\u00e9gapixels<\/td>\n<\/tr>\n<tr>\n<td>Compatibilit\u00e9 carte m\u00e9moire<\/td>\n<td>Micro SD, capacit\u00e9 max. : 128 Go.<br \/>\nVitesse d&#8217;\u00e9criture \u226515MB\/s, Classe 10 ou type UHS-1 minimum<\/td>\n<\/tr>\n<tr>\n<th colspan=\"2\">Connectivit\u00e9<\/th>\n<\/tr>\n<tr>\n<td>Objet connect\u00e9<\/td>\n<td>Oui<\/td>\n<\/tr>\n<tr>\n<td>Compatibilit\u00e9<\/td>\n<td>IOS<\/td>\n<\/tr>\n<tr>\n<td>Compatibilit\u00e9 syst\u00e8me d&#8217;exploitation<\/td>\n<td>Syst\u00e8mes d&#8217;exploitation requis iOS 9.0 ou version ult\u00e9rieure<br \/>\nAndroid 4.4.0 ou version ult\u00e9rieure<br \/>\nCompatibilit\u00e9 avec appareils mobiles iOS : iPhone 5s, iPhone SE, iPhone 6, iPhone 6 Plus, iPhone 6s,<br \/>\niPhone 6s Plus, iPhone 7, iPhone 7 Plus, iPad Air, iPad Air Wi-Fi + Cellular, iPad mini 2, iPad min<br \/>\ni 2 Wi-Fi + Cellular, iPad Air 2, iPad Air 2 Wi-Fi + Cellular, iPad mini 3, iPad mini 3 Wi-Fi + Cell<br \/>\nular, iPad mini 4, et iPad mini 4 Wi-Fi + Cellular. Cette application est optimis\u00e9e pour iPhone 7 et<br \/>\niPhone 7 Plus. Android : Samsung tabs 705c, Samsung S6, Samsung S5, Samsung NOTE4, Samsung NOTE3, G<br \/>\noogle Nexus 6p, Nexus 9, Google Nexus 7 II, Ascend Mate7, Huawei P8 Max, LG V20, Nubia Z7 mini, SONY<br \/>\nXperia Z3, MI 3 et MI PAD. *Compatible sur d&#8217;autres appareils Android, les tests et le d\u00e9veloppemen<br \/>\nt continuent.<\/td>\n<\/tr>\n<tr>\n<td>Application<\/td>\n<td>Application mobile DJI GO 4<\/td>\n<\/tr>\n<tr>\n<th colspan=\"2\">Casque r\u00e9alit\u00e9 virtuelle<\/th>\n<\/tr>\n<tr>\n<td>Casque de r\u00e9alit\u00e9 virtuelle inclus<\/td>\n<td>Non<\/td>\n<\/tr>\n<tr>\n<td>Ecran inclus<\/td>\n<td>Oui<\/td>\n<\/tr>\n<tr>\n<td>R\u00e9solution de l&#8217;\u00e9cran<\/td>\n<td>Ecran de 5,5 pouces<br \/>\nen 1080p<\/td>\n<\/tr>\n<tr>\n<th colspan=\"2\">Divers<\/th>\n<\/tr>\n<tr>\n<td>Accessoires inclus<\/td>\n<td>Appareil, Radiocommande avec \u00e9cran, Paire d&#8217;h\u00e9lices, Intelligent flight battery, chargeur de batteri<br \/>\ne, c\u00e2ble d&#8217;alimentation<\/td>\n<\/tr>\n<tr>\n<td>Accessoires compatibles<\/td>\n<td>Bride de nacelle, C\u00e2ble USB OTG, C\u00e2ble Micro-USB, Carte Micro SD (16GB), Etui de transport<\/td>\n<\/tr>\n<tr>\n<th colspan=\"2\">Capteur<\/th>\n<\/tr>\n<tr>\n<td>Acc\u00e9l\u00e9rom\u00e8tre<\/td>\n<td>2 acc\u00e9l\u00e9rom\u00e8tres<\/td>\n<\/tr>\n<tr>\n<td>Gyroscope<\/td>\n<td>2 gyroscopes<\/td>\n<\/tr>\n<\/tbody>\n<\/table>","protected":false},"featured_media":6693,"comment_status":"open","ping_status":"closed","template":"","meta":{"_acf_changed":false},"product_brand":[],"product_cat":[300],"product_tag":[],"class_list":{"0":"post-6663","1":"product","2":"type-product","3":"status-publish","4":"has-post-thumbnail","6":"product_cat-drones","8":"first","9":"instock","10":"sale","11":"shipping-taxable","12":"purchasable","13":"product-type-simple"},"acf":[],"yoast_head":"<!-- This site is optimized with the Yoast SEO plugin v27.2 - https:\/\/yoast.com\/product\/yoast-seo-wordpress\/ -->\n<title>DJI Drone Phantom 4 - Novak Market<\/title>\n<meta name=\"robots\" content=\"index, follow, max-snippet:-1, max-image-preview:large, max-video-preview:-1\" \/>\n<link rel=\"canonical\" href=\"https:\/\/novakmarket.com\/nl\/product\/dji-drone-phantom-4\/\" \/>\n<meta property=\"og:locale\" content=\"nl_NL\" \/>\n<meta property=\"og:type\" content=\"article\" \/>\n<meta property=\"og:title\" content=\"DJI Drone Phantom 4 - Novak Market\" \/>\n<meta property=\"og:description\" content=\"Nom du produit DJI Drone Phantom 4 Advanced + Version Fran\u00e7aise O  Cat\u00e9gorie DRONE  Informations g\u00e9n\u00e9rales  Type de produit Drone  Mod\u00e8le DJI Drone Phantom 4 Advanced +  Utilisation Ext\u00e9rieur  Genre Mixte  Age (A partir de) 15 ans  Dimensions  Longueur Diagonale (Sans h\u00e9lice) : 350 mm  Largeur Diagonale (Sans h\u00e9lice) : 350 mm  Poids Poids (batterie et h\u00e9lices incluses) 1368 g  Caract\u00e9ristiques techniques  Autonomie 30 min  Alimentation BATTERIE : Capacit\u00e9 5870 mAh Tension 15,2 V Type de batterie LiPo 4S \u00c9nergie 89,2 Wh Poids net 468 g Plage de temp\u00e9ratures de fonctionnement De 5 \u00e0 40 \u00b0C (41 \u00e0 104 \u00b0F) Puissance de charge max. 100 W  Altitude maximale 6000 m (19685 pieds)  Port\u00e9e du drone + de 1000 m  Syst\u00e8me de pilotage T\u00e9l\u00e9command\u00e9  Vitesse max 72 km\/h (45 mph) (Mode S) ; 58 km\/h (36 mph) (Mode A) ; 50 km\/h (31 mph) (Mode P)  Wi-Fi Oui  Port\u00e9e du Wifi 7 km (4,3 mi) Transmission longue distance  Bluetooth Non  Contr\u00f4le par GPS Syst\u00e8mes de positionnement satellite GPS\/GLONASS Plage de pr\u00e9cision du vol stationnaire Verticale : \u00b1 0,1 m (avec Vision Positioning) ; \u00b1 0,5 m (avec GPS Positioning) Horizontale : \u00b1 0,3 m (avec Vision Positioning) ; \u00b1 1,5 m (avec GPS Positioning)  Produit \u00e0 monter soi-m\u00eame Non  Port\u00e9e de la t\u00e9l\u00e9commande 7 km (4,3 mi) Transmission longue distance  Vid\u00e9o en temps r\u00e9el OUi  Photo\/Vid\u00e9o  Cam\u00e9ra int\u00e9gr\u00e9e Oui  R\u00e9solution de la cam\u00e9ra Full HD  R\u00e9solution de la cam\u00e9ra Modes d&#039;enregistrement vid\u00e9o C4K : 4096\u00d72160 24\/25\/30p @100Mb\/s 4K : 3840\u00d72160 24\/25\/30p @100Mb\/s 2,7K : 2720\u00d71530 24\/25\/30p @65Mb\/s 2,7K : 2720\u00d71530 48\/50\/60p @80Mb\/s FHD : 1920\u00d71080 24\/25\/30p @50Mb\/s FHD : 1920\u00d71080 48\/50\/60p @65Mb\/s FHD : 1920\u00d71080 120p @100Mb\/s HD : 1280\u00d7720 24\/25\/30p @25Mb\/s HD : 1280\u00d7720 48\/50\/60p @35Mb\/s HD : 1280\u00d7720 120p @60Mb\/s  Mode photo Oui  R\u00e9solution photo 20 m\u00e9gapixels  Compatibilit\u00e9 carte m\u00e9moire Micro SD, capacit\u00e9 max. : 128 Go. Vitesse d&#039;\u00e9criture \u226515MB\/s, Classe 10 ou type UHS-1 minimum  Connectivit\u00e9  Objet connect\u00e9 Oui  Compatibilit\u00e9 IOS  Compatibilit\u00e9 syst\u00e8me d&#039;exploitation Syst\u00e8mes d&#039;exploitation requis iOS 9.0 ou version ult\u00e9rieure Android 4.4.0 ou version ult\u00e9rieure Compatibilit\u00e9 avec appareils mobiles iOS : iPhone 5s, iPhone SE, iPhone 6, iPhone 6 Plus, iPhone 6s, iPhone 6s Plus, iPhone 7, iPhone 7 Plus, iPad Air, iPad Air Wi-Fi + Cellular, iPad mini 2, iPad min i 2 Wi-Fi + Cellular, iPad Air 2, iPad Air 2 Wi-Fi + Cellular, iPad mini 3, iPad mini 3 Wi-Fi + Cell ular, iPad mini 4, et iPad mini 4 Wi-Fi + Cellular. Cette application est optimis\u00e9e pour iPhone 7 et iPhone 7 Plus. Android : Samsung tabs 705c, Samsung S6, Samsung S5, Samsung NOTE4, Samsung NOTE3, G oogle Nexus 6p, Nexus 9, Google Nexus 7 II, Ascend Mate7, Huawei P8 Max, LG V20, Nubia Z7 mini, SONY Xperia Z3, MI 3 et MI PAD. *Compatible sur d&#039;autres appareils Android, les tests et le d\u00e9veloppemen t continuent.  Application Application mobile DJI GO 4  Casque r\u00e9alit\u00e9 virtuelle  Casque de r\u00e9alit\u00e9 virtuelle inclus Non  Ecran inclus Oui  R\u00e9solution de l&#039;\u00e9cran Ecran de 5,5 pouces en 1080p  Divers  Accessoires inclus Appareil, Radiocommande avec \u00e9cran, Paire d&#039;h\u00e9lices, Intelligent flight battery, chargeur de batteri e, c\u00e2ble d&#039;alimentation  Accessoires compatibles Bride de nacelle, C\u00e2ble USB OTG, C\u00e2ble Micro-USB, Carte Micro SD (16GB), Etui de transport  Capteur  Acc\u00e9l\u00e9rom\u00e8tre 2 acc\u00e9l\u00e9rom\u00e8tres  Gyroscope 2 gyroscopes\" \/>\n<meta property=\"og:url\" content=\"https:\/\/novakmarket.com\/nl\/product\/dji-drone-phantom-4\/\" \/>\n<meta property=\"og:site_name\" content=\"Novak Market\" \/>\n<meta property=\"article:modified_time\" content=\"2021-11-29T19:22:49+00:00\" \/>\n<meta property=\"og:image\" content=\"https:\/\/novakmarket.com\/wp-content\/uploads\/2021\/11\/D6.jpg\" \/>\n\t<meta property=\"og:image:width\" content=\"700\" \/>\n\t<meta property=\"og:image:height\" content=\"700\" \/>\n\t<meta property=\"og:image:type\" content=\"image\/jpeg\" \/>\n<meta name=\"twitter:card\" content=\"summary_large_image\" \/>\n<script type=\"application\/ld+json\" class=\"yoast-schema-graph\">{\"@context\":\"https:\/\/schema.org\",\"@graph\":[{\"@type\":\"WebPage\",\"@id\":\"https:\/\/novakmarket.com\/produit\/dji-drone-phantom-4\/\",\"url\":\"https:\/\/novakmarket.com\/produit\/dji-drone-phantom-4\/\",\"name\":\"DJI Drone Phantom 4 - Novak Market\",\"isPartOf\":{\"@id\":\"https:\/\/novakmarket.com\/#website\"},\"primaryImageOfPage\":{\"@id\":\"https:\/\/novakmarket.com\/produit\/dji-drone-phantom-4\/#primaryimage\"},\"image\":{\"@id\":\"https:\/\/novakmarket.com\/produit\/dji-drone-phantom-4\/#primaryimage\"},\"thumbnailUrl\":\"https:\/\/novakmarket.com\/wp-content\/uploads\/2021\/11\/D6.jpg\",\"datePublished\":\"2021-11-29T19:22:32+00:00\",\"dateModified\":\"2021-11-29T19:22:49+00:00\",\"breadcrumb\":{\"@id\":\"https:\/\/novakmarket.com\/produit\/dji-drone-phantom-4\/#breadcrumb\"},\"inLanguage\":\"nl-NL\",\"potentialAction\":[{\"@type\":\"ReadAction\",\"target\":[\"https:\/\/novakmarket.com\/produit\/dji-drone-phantom-4\/\"]}]},{\"@type\":\"ImageObject\",\"inLanguage\":\"nl-NL\",\"@id\":\"https:\/\/novakmarket.com\/produit\/dji-drone-phantom-4\/#primaryimage\",\"url\":\"https:\/\/novakmarket.com\/wp-content\/uploads\/2021\/11\/D6.jpg\",\"contentUrl\":\"https:\/\/novakmarket.com\/wp-content\/uploads\/2021\/11\/D6.jpg\",\"width\":700,\"height\":700},{\"@type\":\"BreadcrumbList\",\"@id\":\"https:\/\/novakmarket.com\/produit\/dji-drone-phantom-4\/#breadcrumb\",\"itemListElement\":[{\"@type\":\"ListItem\",\"position\":1,\"name\":\"Accueil\",\"item\":\"https:\/\/novakmarket.com\/\"},{\"@type\":\"ListItem\",\"position\":2,\"name\":\"Boutique\",\"item\":\"https:\/\/novakmarket.com\/shop\/\"},{\"@type\":\"ListItem\",\"position\":3,\"name\":\"DJI Drone Phantom 4\"}]},{\"@type\":\"WebSite\",\"@id\":\"https:\/\/novakmarket.com\/#website\",\"url\":\"https:\/\/novakmarket.com\/\",\"name\":\"Novak Market\",\"description\":\"Vente de produits \u00e9lectroniques.\",\"publisher\":{\"@id\":\"https:\/\/novakmarket.com\/#organization\"},\"potentialAction\":[{\"@type\":\"SearchAction\",\"target\":{\"@type\":\"EntryPoint\",\"urlTemplate\":\"https:\/\/novakmarket.com\/?s={search_term_string}\"},\"query-input\":{\"@type\":\"PropertyValueSpecification\",\"valueRequired\":true,\"valueName\":\"search_term_string\"}}],\"inLanguage\":\"nl-NL\"},{\"@type\":\"Organization\",\"@id\":\"https:\/\/novakmarket.com\/#organization\",\"name\":\"Novak Market\",\"url\":\"https:\/\/novakmarket.com\/\",\"logo\":{\"@type\":\"ImageObject\",\"inLanguage\":\"nl-NL\",\"@id\":\"https:\/\/novakmarket.com\/#\/schema\/logo\/image\/\",\"url\":\"https:\/\/novakmarket.com\/wp-content\/uploads\/2026\/02\/cropped-footer-pc-removebg-preview.png\",\"contentUrl\":\"https:\/\/novakmarket.com\/wp-content\/uploads\/2026\/02\/cropped-footer-pc-removebg-preview.png\",\"width\":202,\"height\":73,\"caption\":\"Novak Market\"},\"image\":{\"@id\":\"https:\/\/novakmarket.com\/#\/schema\/logo\/image\/\"}}]}<\/script>\n<!-- \/ Yoast SEO plugin. -->","yoast_head_json":{"title":"DJI Drone Phantom 4 - Novak Market","robots":{"index":"index","follow":"follow","max-snippet":"max-snippet:-1","max-image-preview":"max-image-preview:large","max-video-preview":"max-video-preview:-1"},"canonical":"https:\/\/novakmarket.com\/nl\/product\/dji-drone-phantom-4\/","og_locale":"nl_NL","og_type":"article","og_title":"DJI Drone Phantom 4 - Novak Market","og_description":"Nom du produit DJI Drone Phantom 4 Advanced + Version Fran\u00e7aise O  Cat\u00e9gorie DRONE  Informations g\u00e9n\u00e9rales  Type de produit Drone  Mod\u00e8le DJI Drone Phantom 4 Advanced +  Utilisation Ext\u00e9rieur  Genre Mixte  Age (A partir de) 15 ans  Dimensions  Longueur Diagonale (Sans h\u00e9lice) : 350 mm  Largeur Diagonale (Sans h\u00e9lice) : 350 mm  Poids Poids (batterie et h\u00e9lices incluses) 1368 g  Caract\u00e9ristiques techniques  Autonomie 30 min  Alimentation BATTERIE : Capacit\u00e9 5870 mAh Tension 15,2 V Type de batterie LiPo 4S \u00c9nergie 89,2 Wh Poids net 468 g Plage de temp\u00e9ratures de fonctionnement De 5 \u00e0 40 \u00b0C (41 \u00e0 104 \u00b0F) Puissance de charge max. 100 W  Altitude maximale 6000 m (19685 pieds)  Port\u00e9e du drone + de 1000 m  Syst\u00e8me de pilotage T\u00e9l\u00e9command\u00e9  Vitesse max 72 km\/h (45 mph) (Mode S) ; 58 km\/h (36 mph) (Mode A) ; 50 km\/h (31 mph) (Mode P)  Wi-Fi Oui  Port\u00e9e du Wifi 7 km (4,3 mi) Transmission longue distance  Bluetooth Non  Contr\u00f4le par GPS Syst\u00e8mes de positionnement satellite GPS\/GLONASS Plage de pr\u00e9cision du vol stationnaire Verticale : \u00b1 0,1 m (avec Vision Positioning) ; \u00b1 0,5 m (avec GPS Positioning) Horizontale : \u00b1 0,3 m (avec Vision Positioning) ; \u00b1 1,5 m (avec GPS Positioning)  Produit \u00e0 monter soi-m\u00eame Non  Port\u00e9e de la t\u00e9l\u00e9commande 7 km (4,3 mi) Transmission longue distance  Vid\u00e9o en temps r\u00e9el OUi  Photo\/Vid\u00e9o  Cam\u00e9ra int\u00e9gr\u00e9e Oui  R\u00e9solution de la cam\u00e9ra Full HD  R\u00e9solution de la cam\u00e9ra Modes d'enregistrement vid\u00e9o C4K : 4096\u00d72160 24\/25\/30p @100Mb\/s 4K : 3840\u00d72160 24\/25\/30p @100Mb\/s 2,7K : 2720\u00d71530 24\/25\/30p @65Mb\/s 2,7K : 2720\u00d71530 48\/50\/60p @80Mb\/s FHD : 1920\u00d71080 24\/25\/30p @50Mb\/s FHD : 1920\u00d71080 48\/50\/60p @65Mb\/s FHD : 1920\u00d71080 120p @100Mb\/s HD : 1280\u00d7720 24\/25\/30p @25Mb\/s HD : 1280\u00d7720 48\/50\/60p @35Mb\/s HD : 1280\u00d7720 120p @60Mb\/s  Mode photo Oui  R\u00e9solution photo 20 m\u00e9gapixels  Compatibilit\u00e9 carte m\u00e9moire Micro SD, capacit\u00e9 max. : 128 Go. Vitesse d'\u00e9criture \u226515MB\/s, Classe 10 ou type UHS-1 minimum  Connectivit\u00e9  Objet connect\u00e9 Oui  Compatibilit\u00e9 IOS  Compatibilit\u00e9 syst\u00e8me d'exploitation Syst\u00e8mes d'exploitation requis iOS 9.0 ou version ult\u00e9rieure Android 4.4.0 ou version ult\u00e9rieure Compatibilit\u00e9 avec appareils mobiles iOS : iPhone 5s, iPhone SE, iPhone 6, iPhone 6 Plus, iPhone 6s, iPhone 6s Plus, iPhone 7, iPhone 7 Plus, iPad Air, iPad Air Wi-Fi + Cellular, iPad mini 2, iPad min i 2 Wi-Fi + Cellular, iPad Air 2, iPad Air 2 Wi-Fi + Cellular, iPad mini 3, iPad mini 3 Wi-Fi + Cell ular, iPad mini 4, et iPad mini 4 Wi-Fi + Cellular. Cette application est optimis\u00e9e pour iPhone 7 et iPhone 7 Plus. Android : Samsung tabs 705c, Samsung S6, Samsung S5, Samsung NOTE4, Samsung NOTE3, G oogle Nexus 6p, Nexus 9, Google Nexus 7 II, Ascend Mate7, Huawei P8 Max, LG V20, Nubia Z7 mini, SONY Xperia Z3, MI 3 et MI PAD. *Compatible sur d'autres appareils Android, les tests et le d\u00e9veloppemen t continuent.  Application Application mobile DJI GO 4  Casque r\u00e9alit\u00e9 virtuelle  Casque de r\u00e9alit\u00e9 virtuelle inclus Non  Ecran inclus Oui  R\u00e9solution de l'\u00e9cran Ecran de 5,5 pouces en 1080p  Divers  Accessoires inclus Appareil, Radiocommande avec \u00e9cran, Paire d'h\u00e9lices, Intelligent flight battery, chargeur de batteri e, c\u00e2ble d'alimentation  Accessoires compatibles Bride de nacelle, C\u00e2ble USB OTG, C\u00e2ble Micro-USB, Carte Micro SD (16GB), Etui de transport  Capteur  Acc\u00e9l\u00e9rom\u00e8tre 2 acc\u00e9l\u00e9rom\u00e8tres  Gyroscope 2 gyroscopes","og_url":"https:\/\/novakmarket.com\/nl\/product\/dji-drone-phantom-4\/","og_site_name":"Novak Market","article_modified_time":"2021-11-29T19:22:49+00:00","og_image":[{"width":700,"height":700,"url":"https:\/\/novakmarket.com\/wp-content\/uploads\/2021\/11\/D6.jpg","type":"image\/jpeg"}],"twitter_card":"summary_large_image","schema":{"@context":"https:\/\/schema.org","@graph":[{"@type":"WebPage","@id":"https:\/\/novakmarket.com\/produit\/dji-drone-phantom-4\/","url":"https:\/\/novakmarket.com\/produit\/dji-drone-phantom-4\/","name":"DJI Drone Phantom 4 - Novak Market","isPartOf":{"@id":"https:\/\/novakmarket.com\/#website"},"primaryImageOfPage":{"@id":"https:\/\/novakmarket.com\/produit\/dji-drone-phantom-4\/#primaryimage"},"image":{"@id":"https:\/\/novakmarket.com\/produit\/dji-drone-phantom-4\/#primaryimage"},"thumbnailUrl":"https:\/\/novakmarket.com\/wp-content\/uploads\/2021\/11\/D6.jpg","datePublished":"2021-11-29T19:22:32+00:00","dateModified":"2021-11-29T19:22:49+00:00","breadcrumb":{"@id":"https:\/\/novakmarket.com\/produit\/dji-drone-phantom-4\/#breadcrumb"},"inLanguage":"nl-NL","potentialAction":[{"@type":"ReadAction","target":["https:\/\/novakmarket.com\/produit\/dji-drone-phantom-4\/"]}]},{"@type":"ImageObject","inLanguage":"nl-NL","@id":"https:\/\/novakmarket.com\/produit\/dji-drone-phantom-4\/#primaryimage","url":"https:\/\/novakmarket.com\/wp-content\/uploads\/2021\/11\/D6.jpg","contentUrl":"https:\/\/novakmarket.com\/wp-content\/uploads\/2021\/11\/D6.jpg","width":700,"height":700},{"@type":"BreadcrumbList","@id":"https:\/\/novakmarket.com\/produit\/dji-drone-phantom-4\/#breadcrumb","itemListElement":[{"@type":"ListItem","position":1,"name":"Accueil","item":"https:\/\/novakmarket.com\/"},{"@type":"ListItem","position":2,"name":"Boutique","item":"https:\/\/novakmarket.com\/shop\/"},{"@type":"ListItem","position":3,"name":"DJI Drone Phantom 4"}]},{"@type":"WebSite","@id":"https:\/\/novakmarket.com\/#website","url":"https:\/\/novakmarket.com\/","name":"Novak Market","description":"Vente de produits \u00e9lectroniques.","publisher":{"@id":"https:\/\/novakmarket.com\/#organization"},"potentialAction":[{"@type":"SearchAction","target":{"@type":"EntryPoint","urlTemplate":"https:\/\/novakmarket.com\/?s={search_term_string}"},"query-input":{"@type":"PropertyValueSpecification","valueRequired":true,"valueName":"search_term_string"}}],"inLanguage":"nl-NL"},{"@type":"Organization","@id":"https:\/\/novakmarket.com\/#organization","name":"Novak Market","url":"https:\/\/novakmarket.com\/","logo":{"@type":"ImageObject","inLanguage":"nl-NL","@id":"https:\/\/novakmarket.com\/#\/schema\/logo\/image\/","url":"https:\/\/novakmarket.com\/wp-content\/uploads\/2026\/02\/cropped-footer-pc-removebg-preview.png","contentUrl":"https:\/\/novakmarket.com\/wp-content\/uploads\/2026\/02\/cropped-footer-pc-removebg-preview.png","width":202,"height":73,"caption":"Novak Market"},"image":{"@id":"https:\/\/novakmarket.com\/#\/schema\/logo\/image\/"}}]}},"_links":{"self":[{"href":"https:\/\/novakmarket.com\/nl\/wp-json\/wp\/v2\/product\/6663","targetHints":{"allow":["GET"]}}],"collection":[{"href":"https:\/\/novakmarket.com\/nl\/wp-json\/wp\/v2\/product"}],"about":[{"href":"https:\/\/novakmarket.com\/nl\/wp-json\/wp\/v2\/types\/product"}],"replies":[{"embeddable":true,"href":"https:\/\/novakmarket.com\/nl\/wp-json\/wp\/v2\/comments?post=6663"}],"wp:featuredmedia":[{"embeddable":true,"href":"https:\/\/novakmarket.com\/nl\/wp-json\/wp\/v2\/media\/6693"}],"wp:attachment":[{"href":"https:\/\/novakmarket.com\/nl\/wp-json\/wp\/v2\/media?parent=6663"}],"wp:term":[{"taxonomy":"product_brand","embeddable":true,"href":"https:\/\/novakmarket.com\/nl\/wp-json\/wp\/v2\/product_brand?post=6663"},{"taxonomy":"product_cat","embeddable":true,"href":"https:\/\/novakmarket.com\/nl\/wp-json\/wp\/v2\/product_cat?post=6663"},{"taxonomy":"product_tag","embeddable":true,"href":"https:\/\/novakmarket.com\/nl\/wp-json\/wp\/v2\/product_tag?post=6663"}],"curies":[{"name":"wp","href":"https:\/\/api.w.org\/{rel}","templated":true}]}}