{"id":6720,"date":"2021-11-29T20:22:56","date_gmt":"2021-11-29T19:22:56","guid":{"rendered":"https:\/\/bestymarketshop.com\/?post_type=product&#038;p=6720"},"modified":"2021-11-29T20:23:13","modified_gmt":"2021-11-29T19:23:13","slug":"lg-tv-oled-4k-55","status":"publish","type":"product","link":"https:\/\/novakmarket.com\/nl\/product\/lg-tv-oled-4k-55\/","title":{"rendered":"LG &#8211; TV OLED 4K &#8211; 55&#8243;"},"content":{"rendered":"<p><img loading=\"lazy\" decoding=\"async\" class=\"alignnone size-medium wp-image-8834\" src=\"https:\/\/e-marketshopping.com\/wp-content\/uploads\/2020\/07\/L9-300x300.jpg\" alt=\"\" width=\"300\" height=\"300\" \/><\/p>\n<ul>\n<li>Format d&#8217;affichage : 4K UHD (2160p)<\/li>\n<li>R\u00e9solution : 3840 x 2160<\/li>\n<li>Technologie HDR : Active HDR with Dolby Vision<\/li>\n<li>Tuner TV num\u00e9rique : DVB-C, DVB-S2, DVB-T2<\/li>\n<li>Am\u00e9liorations d&#8217;image : 4K Upscaling, Perfect Mastering Engine, Color Master Engine, UHDA Premium, Active Depth Enhancer<\/li>\n<\/ul>\n<div class=\"jsFpBulletPointMore\">\n<ul>\n<li>Interface vid\u00e9o : HDMI<\/li>\n<\/ul>\n<\/div>","protected":false},"excerpt":{"rendered":"<table class=\"fpDescTb fpDescTbPub\">\n<tbody>\n<tr>\n<td>Nom du produit<\/td>\n<td>LG &#8211; OLED55B7V &#8211; TV OLED 4K &#8211; 55&#8243; (139 cm) &#8211; Smart<\/td>\n<\/tr>\n<tr>\n<td>Cat\u00e9gorie<\/td>\n<td>T\u00e9l\u00e9viseur LED<\/td>\n<\/tr>\n<tr>\n<th colspan=\"2\">G\u00e9n\u00e9ral<\/th>\n<\/tr>\n<tr>\n<td>Type de Produit<\/td>\n<td>TV OLED &#8211; Smart TV<\/td>\n<\/tr>\n<tr>\n<td>Interface vid\u00e9o<\/td>\n<td>HDMI<\/td>\n<\/tr>\n<tr>\n<td>Consommation \u00e9lectrique en mode marche<\/td>\n<td>112 Watt<\/td>\n<\/tr>\n<tr>\n<td>Dimensions<\/td>\n<td>Sans support<\/td>\n<\/tr>\n<tr>\n<td>Largeur<\/td>\n<td>122.9 cm<\/td>\n<\/tr>\n<tr>\n<td>Hauteur<\/td>\n<td>70.8 cm<\/td>\n<\/tr>\n<tr>\n<td>Profondeur<\/td>\n<td>4.86 cm<\/td>\n<\/tr>\n<tr>\n<td>Poids<\/td>\n<td>17.2 kg<\/td>\n<\/tr>\n<tr>\n<td>Consommation d&#8217;\u00e9nergie annuelle<\/td>\n<td>155 kWh<\/td>\n<\/tr>\n<tr>\n<td>Plate-forme<\/td>\n<td>webOS 3.5<\/td>\n<\/tr>\n<tr>\n<td>Classe de diagonale<\/td>\n<td>139 cm (55&#8243;)<\/td>\n<\/tr>\n<tr>\n<td>Modes<\/td>\n<td>Mode Smart Picture<\/td>\n<\/tr>\n<tr>\n<td>Conception<\/td>\n<td>Mince comme une lame<\/td>\n<\/tr>\n<tr>\n<td>Am\u00e9liorations d&#8217;image<\/td>\n<td>4K Upscaling, Perfect Mastering Engine, Color Master Engine, UHDA Premium, Active Depth Enhancer<\/td>\n<\/tr>\n<tr>\n<td>Compatible HDR<\/td>\n<td>Oui<\/td>\n<\/tr>\n<tr>\n<td>Technologie HDR<\/td>\n<td>Active HDR with Dolby Vision<\/td>\n<\/tr>\n<tr>\n<td>Classe \u00e9nerg\u00e9tique<\/td>\n<td>Classe A<\/td>\n<\/tr>\n<tr>\n<td>Pr\u00e9sence de syntonisateur TV<\/td>\n<td>Oui<\/td>\n<\/tr>\n<tr>\n<td>Nombre de ports HDMI<\/td>\n<td>4 ports<\/td>\n<\/tr>\n<tr>\n<th colspan=\"2\">Affichage<\/th>\n<\/tr>\n<tr>\n<td>R\u00e9solution<\/td>\n<td>3840 x 2160<\/td>\n<\/tr>\n<tr>\n<td>Format d&#8217;affichage<\/td>\n<td>4K UHD (2160p)<\/td>\n<\/tr>\n<tr>\n<td>Fonctions suppl\u00e9mentaires<\/td>\n<td>Natural Voice Recognition<\/td>\n<\/tr>\n<tr>\n<td>Format de l&#8217;image<\/td>\n<td>16:9<\/td>\n<\/tr>\n<tr>\n<th colspan=\"2\">Connexions<\/th>\n<\/tr>\n<tr>\n<td>Type de connecteur<\/td>\n<td>4 x HDMI<br \/>\nUSB 3.0<br \/>\nLAN<br \/>\nSortie audio num\u00e9rique (optique)<br \/>\nSortie casque<br \/>\nSortie de ligne audio<br \/>\nS\u00e9rie<br \/>\n2 x USB 2.0<\/td>\n<\/tr>\n<tr>\n<th colspan=\"2\">Tuner de t\u00e9l\u00e9vision<\/th>\n<\/tr>\n<tr>\n<td>Acc\u00e8s conditionnel<\/td>\n<td>Logement CI (Common Interface)<\/td>\n<\/tr>\n<tr>\n<th colspan=\"2\">Tuner TV num\u00e9rique<\/th>\n<\/tr>\n<tr>\n<td>Tuner TV num\u00e9rique<\/td>\n<td>DVB-C, DVB-S2, DVB-T2<\/td>\n<\/tr>\n<tr>\n<td>Tuner TVHD<\/td>\n<td>Oui<\/td>\n<\/tr>\n<tr>\n<th colspan=\"2\">Fonctionnalit\u00e9s vid\u00e9o<\/th>\n<\/tr>\n<tr>\n<td>Guide \u00e9lectronique des programmes<\/td>\n<td>EPG num\u00e9rique<\/td>\n<\/tr>\n<tr>\n<th colspan=\"2\">Lecteur multim\u00e9dia<\/th>\n<\/tr>\n<tr>\n<td>Port USB<\/td>\n<td>Oui<\/td>\n<\/tr>\n<tr>\n<td>Formats audio pris en charge<\/td>\n<td>MP3, WMA, PCM, AC3, AAC, HE-AAC, E-AC3, DTS, MP2<\/td>\n<\/tr>\n<tr>\n<td>Formats vid\u00e9o pris en charge<\/td>\n<td>HEVC, VP9<\/td>\n<\/tr>\n<tr>\n<td>Nombre de ports USB<\/td>\n<td>3<\/td>\n<\/tr>\n<tr>\n<th colspan=\"2\">Syst\u00e8me audio<\/th>\n<\/tr>\n<tr>\n<td>Syst\u00e8me de haut-parleurs<\/td>\n<td>2 haut-parleurs, 2 caissons de basses<\/td>\n<\/tr>\n<tr>\n<td>Alimentation en sortie \/ Total<\/td>\n<td>40 Watt<\/td>\n<\/tr>\n<tr>\n<td>Mode Surround<\/td>\n<td>Oui<\/td>\n<\/tr>\n<tr>\n<td>Bruitages<\/td>\n<td>OLED Surround<\/td>\n<\/tr>\n<tr>\n<td>Format audio num\u00e9rique<\/td>\n<td>Sortie num\u00e9rique Dolby, Dolby Atmos<\/td>\n<\/tr>\n<tr>\n<td>Haut-parleurs<\/td>\n<td>2 x haut-parleur \u00e0 canal principal &#8211; int\u00e9gr\u00e9 &#8211; 10 Watt<br \/>\n2 x caisson de basses &#8211; int\u00e9gr\u00e9 &#8211; 10 Watt<\/td>\n<\/tr>\n<tr>\n<td>Fonctions suppl\u00e9mentaires<\/td>\n<td>D\u00e9codeur DTS int\u00e9gr\u00e9, Magic Sound Tuning, Hi-Fi Audio, LG Sound Sync<\/td>\n<\/tr>\n<tr>\n<th colspan=\"2\">Multim\u00e9dia r\u00e9seau et Internet<\/th>\n<\/tr>\n<tr>\n<td>Fonctionnalit\u00e9s<\/td>\n<td>Lecture audio num\u00e9rique, lecteur de photo num\u00e9rique, lecture vid\u00e9o num\u00e9rique, navigation WEB, lecture vid\u00e9o Internet<\/td>\n<\/tr>\n<tr>\n<td>Connectivit\u00e9<\/td>\n<td>Wi-Fi, LAN<\/td>\n<\/tr>\n<tr>\n<td>Services de diffusion en streaming sur Internet<\/td>\n<td>Freeview Play<\/td>\n<\/tr>\n<tr>\n<td>Protocole LAN<\/td>\n<td>Ethernet<\/td>\n<\/tr>\n<tr>\n<td>Boutique d&#8217;applications<\/td>\n<td>LG Content Store<\/td>\n<\/tr>\n<tr>\n<td>Connecter &amp; partager<\/td>\n<td>Intel Wireless Display (WiDi), Wi-Fi Miracast<\/td>\n<\/tr>\n<tr>\n<td>Contr\u00f4le \u00e9lectronique de prise en charge de consommateur (CEC)<\/td>\n<td>Simplink<\/td>\n<\/tr>\n<tr>\n<th colspan=\"2\">T\u00e9l\u00e9commande<\/th>\n<\/tr>\n<tr>\n<td>Type<\/td>\n<td>T\u00e9l\u00e9commande standard<\/td>\n<\/tr>\n<tr>\n<th colspan=\"2\">Alimentation<\/th>\n<\/tr>\n<tr>\n<td>P\u00e9riph\u00e9rique d&#8217;alimentation<\/td>\n<td>Alimentation \u00e9lectrique<\/td>\n<\/tr>\n<tr>\n<td>Tension nominale<\/td>\n<td>CA 120\/230 V (50\/60 Hz)<\/td>\n<\/tr>\n<tr>\n<td>Caract\u00e9ristiques<\/td>\n<td>Economie d&#8217;\u00e9nergie<\/td>\n<\/tr>\n<tr>\n<td>Consommation \u00e9lectrique en veille<\/td>\n<td>0.3 Watt<\/td>\n<\/tr>\n<\/tbody>\n<\/table>","protected":false},"featured_media":6750,"comment_status":"open","ping_status":"closed","template":"","meta":{"_acf_changed":false},"product_brand":[],"product_cat":[299,292],"product_tag":[],"class_list":{"0":"post-6720","1":"product","2":"type-product","3":"status-publish","4":"has-post-thumbnail","6":"product_cat-lg-tv","7":"product_cat-tvs","9":"first","10":"instock","11":"shipping-taxable","12":"purchasable","13":"product-type-simple"},"acf":[],"yoast_head":"<!-- This site is optimized with the Yoast SEO plugin v27.2 - https:\/\/yoast.com\/product\/yoast-seo-wordpress\/ -->\n<title>LG - TV OLED 4K - 55&quot; - Novak Market<\/title>\n<meta name=\"robots\" content=\"index, follow, max-snippet:-1, max-image-preview:large, max-video-preview:-1\" \/>\n<link rel=\"canonical\" href=\"https:\/\/novakmarket.com\/nl\/product\/lg-tv-oled-4k-55\/\" \/>\n<meta property=\"og:locale\" content=\"nl_NL\" \/>\n<meta property=\"og:type\" content=\"article\" \/>\n<meta property=\"og:title\" content=\"LG - TV OLED 4K - 55&quot; - Novak Market\" \/>\n<meta property=\"og:description\" content=\"Nom du produit LG - OLED55B7V - TV OLED 4K - 55&quot; (139 cm) - Smart  Cat\u00e9gorie T\u00e9l\u00e9viseur LED  G\u00e9n\u00e9ral  Type de Produit TV OLED - Smart TV  Interface vid\u00e9o HDMI  Consommation \u00e9lectrique en mode marche 112 Watt  Dimensions Sans support  Largeur 122.9 cm  Hauteur 70.8 cm  Profondeur 4.86 cm  Poids 17.2 kg  Consommation d&#039;\u00e9nergie annuelle 155 kWh  Plate-forme webOS 3.5  Classe de diagonale 139 cm (55&quot;)  Modes Mode Smart Picture  Conception Mince comme une lame  Am\u00e9liorations d&#039;image 4K Upscaling, Perfect Mastering Engine, Color Master Engine, UHDA Premium, Active Depth Enhancer  Compatible HDR Oui  Technologie HDR Active HDR with Dolby Vision  Classe \u00e9nerg\u00e9tique Classe A  Pr\u00e9sence de syntonisateur TV Oui  Nombre de ports HDMI 4 ports  Affichage  R\u00e9solution 3840 x 2160  Format d&#039;affichage 4K UHD (2160p)  Fonctions suppl\u00e9mentaires Natural Voice Recognition  Format de l&#039;image 16:9  Connexions  Type de connecteur 4 x HDMI USB 3.0 LAN Sortie audio num\u00e9rique (optique) Sortie casque Sortie de ligne audio S\u00e9rie 2 x USB 2.0  Tuner de t\u00e9l\u00e9vision  Acc\u00e8s conditionnel Logement CI (Common Interface)  Tuner TV num\u00e9rique  Tuner TV num\u00e9rique DVB-C, DVB-S2, DVB-T2  Tuner TVHD Oui  Fonctionnalit\u00e9s vid\u00e9o  Guide \u00e9lectronique des programmes EPG num\u00e9rique  Lecteur multim\u00e9dia  Port USB Oui  Formats audio pris en charge MP3, WMA, PCM, AC3, AAC, HE-AAC, E-AC3, DTS, MP2  Formats vid\u00e9o pris en charge HEVC, VP9  Nombre de ports USB 3  Syst\u00e8me audio  Syst\u00e8me de haut-parleurs 2 haut-parleurs, 2 caissons de basses  Alimentation en sortie \/ Total 40 Watt  Mode Surround Oui  Bruitages OLED Surround  Format audio num\u00e9rique Sortie num\u00e9rique Dolby, Dolby Atmos  Haut-parleurs 2 x haut-parleur \u00e0 canal principal - int\u00e9gr\u00e9 - 10 Watt 2 x caisson de basses - int\u00e9gr\u00e9 - 10 Watt  Fonctions suppl\u00e9mentaires D\u00e9codeur DTS int\u00e9gr\u00e9, Magic Sound Tuning, Hi-Fi Audio, LG Sound Sync  Multim\u00e9dia r\u00e9seau et Internet  Fonctionnalit\u00e9s Lecture audio num\u00e9rique, lecteur de photo num\u00e9rique, lecture vid\u00e9o num\u00e9rique, navigation WEB, lecture vid\u00e9o Internet  Connectivit\u00e9 Wi-Fi, LAN  Services de diffusion en streaming sur Internet Freeview Play  Protocole LAN Ethernet  Boutique d&#039;applications LG Content Store  Connecter &amp; partager Intel Wireless Display (WiDi), Wi-Fi Miracast  Contr\u00f4le \u00e9lectronique de prise en charge de consommateur (CEC) Simplink  T\u00e9l\u00e9commande  Type T\u00e9l\u00e9commande standard  Alimentation  P\u00e9riph\u00e9rique d&#039;alimentation Alimentation \u00e9lectrique  Tension nominale CA 120\/230 V (50\/60 Hz)  Caract\u00e9ristiques Economie d&#039;\u00e9nergie  Consommation \u00e9lectrique en veille 0.3 Watt\" \/>\n<meta property=\"og:url\" content=\"https:\/\/novakmarket.com\/nl\/product\/lg-tv-oled-4k-55\/\" \/>\n<meta property=\"og:site_name\" content=\"Novak Market\" \/>\n<meta property=\"article:modified_time\" content=\"2021-11-29T19:23:13+00:00\" \/>\n<meta property=\"og:image\" content=\"https:\/\/novakmarket.com\/wp-content\/uploads\/2021\/11\/L9.jpg\" \/>\n\t<meta property=\"og:image:width\" content=\"700\" \/>\n\t<meta property=\"og:image:height\" content=\"700\" \/>\n\t<meta property=\"og:image:type\" content=\"image\/jpeg\" \/>\n<meta name=\"twitter:card\" content=\"summary_large_image\" \/>\n<script type=\"application\/ld+json\" class=\"yoast-schema-graph\">{\"@context\":\"https:\/\/schema.org\",\"@graph\":[{\"@type\":\"WebPage\",\"@id\":\"https:\/\/novakmarket.com\/produit\/lg-tv-oled-4k-55\/\",\"url\":\"https:\/\/novakmarket.com\/produit\/lg-tv-oled-4k-55\/\",\"name\":\"LG - TV OLED 4K - 55\\\" - Novak Market\",\"isPartOf\":{\"@id\":\"https:\/\/novakmarket.com\/#website\"},\"primaryImageOfPage\":{\"@id\":\"https:\/\/novakmarket.com\/produit\/lg-tv-oled-4k-55\/#primaryimage\"},\"image\":{\"@id\":\"https:\/\/novakmarket.com\/produit\/lg-tv-oled-4k-55\/#primaryimage\"},\"thumbnailUrl\":\"https:\/\/novakmarket.com\/wp-content\/uploads\/2021\/11\/L9.jpg\",\"datePublished\":\"2021-11-29T19:22:56+00:00\",\"dateModified\":\"2021-11-29T19:23:13+00:00\",\"breadcrumb\":{\"@id\":\"https:\/\/novakmarket.com\/produit\/lg-tv-oled-4k-55\/#breadcrumb\"},\"inLanguage\":\"nl-NL\",\"potentialAction\":[{\"@type\":\"ReadAction\",\"target\":[\"https:\/\/novakmarket.com\/produit\/lg-tv-oled-4k-55\/\"]}]},{\"@type\":\"ImageObject\",\"inLanguage\":\"nl-NL\",\"@id\":\"https:\/\/novakmarket.com\/produit\/lg-tv-oled-4k-55\/#primaryimage\",\"url\":\"https:\/\/novakmarket.com\/wp-content\/uploads\/2021\/11\/L9.jpg\",\"contentUrl\":\"https:\/\/novakmarket.com\/wp-content\/uploads\/2021\/11\/L9.jpg\",\"width\":700,\"height\":700},{\"@type\":\"BreadcrumbList\",\"@id\":\"https:\/\/novakmarket.com\/produit\/lg-tv-oled-4k-55\/#breadcrumb\",\"itemListElement\":[{\"@type\":\"ListItem\",\"position\":1,\"name\":\"Accueil\",\"item\":\"https:\/\/novakmarket.com\/\"},{\"@type\":\"ListItem\",\"position\":2,\"name\":\"Boutique\",\"item\":\"https:\/\/novakmarket.com\/shop\/\"},{\"@type\":\"ListItem\",\"position\":3,\"name\":\"LG &#8211; TV OLED 4K &#8211; 55&#8243;\"}]},{\"@type\":\"WebSite\",\"@id\":\"https:\/\/novakmarket.com\/#website\",\"url\":\"https:\/\/novakmarket.com\/\",\"name\":\"Novak Market\",\"description\":\"Vente de produits \u00e9lectroniques.\",\"publisher\":{\"@id\":\"https:\/\/novakmarket.com\/#organization\"},\"potentialAction\":[{\"@type\":\"SearchAction\",\"target\":{\"@type\":\"EntryPoint\",\"urlTemplate\":\"https:\/\/novakmarket.com\/?s={search_term_string}\"},\"query-input\":{\"@type\":\"PropertyValueSpecification\",\"valueRequired\":true,\"valueName\":\"search_term_string\"}}],\"inLanguage\":\"nl-NL\"},{\"@type\":\"Organization\",\"@id\":\"https:\/\/novakmarket.com\/#organization\",\"name\":\"Novak Market\",\"url\":\"https:\/\/novakmarket.com\/\",\"logo\":{\"@type\":\"ImageObject\",\"inLanguage\":\"nl-NL\",\"@id\":\"https:\/\/novakmarket.com\/#\/schema\/logo\/image\/\",\"url\":\"https:\/\/novakmarket.com\/wp-content\/uploads\/2026\/02\/cropped-footer-pc-removebg-preview.png\",\"contentUrl\":\"https:\/\/novakmarket.com\/wp-content\/uploads\/2026\/02\/cropped-footer-pc-removebg-preview.png\",\"width\":202,\"height\":73,\"caption\":\"Novak Market\"},\"image\":{\"@id\":\"https:\/\/novakmarket.com\/#\/schema\/logo\/image\/\"}}]}<\/script>\n<!-- \/ Yoast SEO plugin. -->","yoast_head_json":{"title":"LG - TV OLED 4K - 55\" - Novak Market","robots":{"index":"index","follow":"follow","max-snippet":"max-snippet:-1","max-image-preview":"max-image-preview:large","max-video-preview":"max-video-preview:-1"},"canonical":"https:\/\/novakmarket.com\/nl\/product\/lg-tv-oled-4k-55\/","og_locale":"nl_NL","og_type":"article","og_title":"LG - TV OLED 4K - 55\" - Novak Market","og_description":"Nom du produit LG - OLED55B7V - TV OLED 4K - 55\" (139 cm) - Smart  Cat\u00e9gorie T\u00e9l\u00e9viseur LED  G\u00e9n\u00e9ral  Type de Produit TV OLED - Smart TV  Interface vid\u00e9o HDMI  Consommation \u00e9lectrique en mode marche 112 Watt  Dimensions Sans support  Largeur 122.9 cm  Hauteur 70.8 cm  Profondeur 4.86 cm  Poids 17.2 kg  Consommation d'\u00e9nergie annuelle 155 kWh  Plate-forme webOS 3.5  Classe de diagonale 139 cm (55\")  Modes Mode Smart Picture  Conception Mince comme une lame  Am\u00e9liorations d'image 4K Upscaling, Perfect Mastering Engine, Color Master Engine, UHDA Premium, Active Depth Enhancer  Compatible HDR Oui  Technologie HDR Active HDR with Dolby Vision  Classe \u00e9nerg\u00e9tique Classe A  Pr\u00e9sence de syntonisateur TV Oui  Nombre de ports HDMI 4 ports  Affichage  R\u00e9solution 3840 x 2160  Format d'affichage 4K UHD (2160p)  Fonctions suppl\u00e9mentaires Natural Voice Recognition  Format de l'image 16:9  Connexions  Type de connecteur 4 x HDMI USB 3.0 LAN Sortie audio num\u00e9rique (optique) Sortie casque Sortie de ligne audio S\u00e9rie 2 x USB 2.0  Tuner de t\u00e9l\u00e9vision  Acc\u00e8s conditionnel Logement CI (Common Interface)  Tuner TV num\u00e9rique  Tuner TV num\u00e9rique DVB-C, DVB-S2, DVB-T2  Tuner TVHD Oui  Fonctionnalit\u00e9s vid\u00e9o  Guide \u00e9lectronique des programmes EPG num\u00e9rique  Lecteur multim\u00e9dia  Port USB Oui  Formats audio pris en charge MP3, WMA, PCM, AC3, AAC, HE-AAC, E-AC3, DTS, MP2  Formats vid\u00e9o pris en charge HEVC, VP9  Nombre de ports USB 3  Syst\u00e8me audio  Syst\u00e8me de haut-parleurs 2 haut-parleurs, 2 caissons de basses  Alimentation en sortie \/ Total 40 Watt  Mode Surround Oui  Bruitages OLED Surround  Format audio num\u00e9rique Sortie num\u00e9rique Dolby, Dolby Atmos  Haut-parleurs 2 x haut-parleur \u00e0 canal principal - int\u00e9gr\u00e9 - 10 Watt 2 x caisson de basses - int\u00e9gr\u00e9 - 10 Watt  Fonctions suppl\u00e9mentaires D\u00e9codeur DTS int\u00e9gr\u00e9, Magic Sound Tuning, Hi-Fi Audio, LG Sound Sync  Multim\u00e9dia r\u00e9seau et Internet  Fonctionnalit\u00e9s Lecture audio num\u00e9rique, lecteur de photo num\u00e9rique, lecture vid\u00e9o num\u00e9rique, navigation WEB, lecture vid\u00e9o Internet  Connectivit\u00e9 Wi-Fi, LAN  Services de diffusion en streaming sur Internet Freeview Play  Protocole LAN Ethernet  Boutique d'applications LG Content Store  Connecter &amp; partager Intel Wireless Display (WiDi), Wi-Fi Miracast  Contr\u00f4le \u00e9lectronique de prise en charge de consommateur (CEC) Simplink  T\u00e9l\u00e9commande  Type T\u00e9l\u00e9commande standard  Alimentation  P\u00e9riph\u00e9rique d'alimentation Alimentation \u00e9lectrique  Tension nominale CA 120\/230 V (50\/60 Hz)  Caract\u00e9ristiques Economie d'\u00e9nergie  Consommation \u00e9lectrique en veille 0.3 Watt","og_url":"https:\/\/novakmarket.com\/nl\/product\/lg-tv-oled-4k-55\/","og_site_name":"Novak Market","article_modified_time":"2021-11-29T19:23:13+00:00","og_image":[{"width":700,"height":700,"url":"https:\/\/novakmarket.com\/wp-content\/uploads\/2021\/11\/L9.jpg","type":"image\/jpeg"}],"twitter_card":"summary_large_image","schema":{"@context":"https:\/\/schema.org","@graph":[{"@type":"WebPage","@id":"https:\/\/novakmarket.com\/produit\/lg-tv-oled-4k-55\/","url":"https:\/\/novakmarket.com\/produit\/lg-tv-oled-4k-55\/","name":"LG - TV OLED 4K - 55\" - Novak Market","isPartOf":{"@id":"https:\/\/novakmarket.com\/#website"},"primaryImageOfPage":{"@id":"https:\/\/novakmarket.com\/produit\/lg-tv-oled-4k-55\/#primaryimage"},"image":{"@id":"https:\/\/novakmarket.com\/produit\/lg-tv-oled-4k-55\/#primaryimage"},"thumbnailUrl":"https:\/\/novakmarket.com\/wp-content\/uploads\/2021\/11\/L9.jpg","datePublished":"2021-11-29T19:22:56+00:00","dateModified":"2021-11-29T19:23:13+00:00","breadcrumb":{"@id":"https:\/\/novakmarket.com\/produit\/lg-tv-oled-4k-55\/#breadcrumb"},"inLanguage":"nl-NL","potentialAction":[{"@type":"ReadAction","target":["https:\/\/novakmarket.com\/produit\/lg-tv-oled-4k-55\/"]}]},{"@type":"ImageObject","inLanguage":"nl-NL","@id":"https:\/\/novakmarket.com\/produit\/lg-tv-oled-4k-55\/#primaryimage","url":"https:\/\/novakmarket.com\/wp-content\/uploads\/2021\/11\/L9.jpg","contentUrl":"https:\/\/novakmarket.com\/wp-content\/uploads\/2021\/11\/L9.jpg","width":700,"height":700},{"@type":"BreadcrumbList","@id":"https:\/\/novakmarket.com\/produit\/lg-tv-oled-4k-55\/#breadcrumb","itemListElement":[{"@type":"ListItem","position":1,"name":"Accueil","item":"https:\/\/novakmarket.com\/"},{"@type":"ListItem","position":2,"name":"Boutique","item":"https:\/\/novakmarket.com\/shop\/"},{"@type":"ListItem","position":3,"name":"LG &#8211; TV OLED 4K &#8211; 55&#8243;"}]},{"@type":"WebSite","@id":"https:\/\/novakmarket.com\/#website","url":"https:\/\/novakmarket.com\/","name":"Novak Market","description":"Vente de produits \u00e9lectroniques.","publisher":{"@id":"https:\/\/novakmarket.com\/#organization"},"potentialAction":[{"@type":"SearchAction","target":{"@type":"EntryPoint","urlTemplate":"https:\/\/novakmarket.com\/?s={search_term_string}"},"query-input":{"@type":"PropertyValueSpecification","valueRequired":true,"valueName":"search_term_string"}}],"inLanguage":"nl-NL"},{"@type":"Organization","@id":"https:\/\/novakmarket.com\/#organization","name":"Novak Market","url":"https:\/\/novakmarket.com\/","logo":{"@type":"ImageObject","inLanguage":"nl-NL","@id":"https:\/\/novakmarket.com\/#\/schema\/logo\/image\/","url":"https:\/\/novakmarket.com\/wp-content\/uploads\/2026\/02\/cropped-footer-pc-removebg-preview.png","contentUrl":"https:\/\/novakmarket.com\/wp-content\/uploads\/2026\/02\/cropped-footer-pc-removebg-preview.png","width":202,"height":73,"caption":"Novak Market"},"image":{"@id":"https:\/\/novakmarket.com\/#\/schema\/logo\/image\/"}}]}},"_links":{"self":[{"href":"https:\/\/novakmarket.com\/nl\/wp-json\/wp\/v2\/product\/6720","targetHints":{"allow":["GET"]}}],"collection":[{"href":"https:\/\/novakmarket.com\/nl\/wp-json\/wp\/v2\/product"}],"about":[{"href":"https:\/\/novakmarket.com\/nl\/wp-json\/wp\/v2\/types\/product"}],"replies":[{"embeddable":true,"href":"https:\/\/novakmarket.com\/nl\/wp-json\/wp\/v2\/comments?post=6720"}],"wp:featuredmedia":[{"embeddable":true,"href":"https:\/\/novakmarket.com\/nl\/wp-json\/wp\/v2\/media\/6750"}],"wp:attachment":[{"href":"https:\/\/novakmarket.com\/nl\/wp-json\/wp\/v2\/media?parent=6720"}],"wp:term":[{"taxonomy":"product_brand","embeddable":true,"href":"https:\/\/novakmarket.com\/nl\/wp-json\/wp\/v2\/product_brand?post=6720"},{"taxonomy":"product_cat","embeddable":true,"href":"https:\/\/novakmarket.com\/nl\/wp-json\/wp\/v2\/product_cat?post=6720"},{"taxonomy":"product_tag","embeddable":true,"href":"https:\/\/novakmarket.com\/nl\/wp-json\/wp\/v2\/product_tag?post=6720"}],"curies":[{"name":"wp","href":"https:\/\/api.w.org\/{rel}","templated":true}]}}