{"id":6762,"date":"2021-11-29T20:23:19","date_gmt":"2021-11-29T19:23:19","guid":{"rendered":"https:\/\/bestymarketshop.com\/?post_type=product&#038;p=6762"},"modified":"2021-11-29T20:23:27","modified_gmt":"2021-11-29T19:23:27","slug":"55pus6482-12-televiseur-philips","status":"publish","type":"product","link":"https:\/\/novakmarket.com\/nl\/product\/55pus6482-12-televiseur-philips\/","title":{"rendered":"55PUS6482\/12 &#8211; T\u00c9L\u00c9VISEUR &#8211; PHILIPS"},"content":{"rendered":"<p>&nbsp;<\/p>\n<p><img loading=\"lazy\" decoding=\"async\" class=\"alignnone size-medium wp-image-8887\" src=\"https:\/\/e-marketshopping.com\/wp-content\/uploads\/2020\/07\/D14-300x300.jpg\" alt=\"\" width=\"300\" height=\"300\" \/><\/p>\n<p>&nbsp;<\/p>\n<p>&nbsp;<\/p>\n<ul>\n<li>R\u00e9tro\u00e9clairage par LED Assombrissement Micro Pro<\/li>\n<li>Format d&#8217;affichage : 4K UHD (2160p)<\/li>\n<li>R\u00e9solution : 3840 x 2160<\/li>\n<li>Technologie HDR : HDR Plus<\/li>\n<li>Tuner TV num\u00e9rique : DVB-C, DVB-S, DVB-S2, DVB-T, DVB-T2<\/li>\n<\/ul>\n<div class=\"jsFpBulletPointMore\">\n<ul>\n<li>Am\u00e9liorations d&#8217;image : Pixel Plus Ultra HD, Natural Motion<\/li>\n<li>Interface vid\u00e9o : Composant, HDMI<\/li>\n<\/ul>\n<\/div>","protected":false},"excerpt":{"rendered":"<table class=\"fpDescTb fpDescTbPub\">\n<tbody>\n<tr>\n<td>Nom du produit<\/td>\n<td>55PUS6482\/12 &#8211; T\u00c9L\u00c9VISEUR &#8211; PHILIPS<\/td>\n<\/tr>\n<tr>\n<td>Cat\u00e9gorie<\/td>\n<td>T\u00e9l\u00e9viseur LED<\/td>\n<\/tr>\n<tr>\n<th colspan=\"2\">G\u00e9n\u00e9ral<\/th>\n<\/tr>\n<tr>\n<td>Type de Produit<\/td>\n<td>TV LCD avec r\u00e9tro\u00e9clairage par LED &#8211; Smart TV<\/td>\n<\/tr>\n<tr>\n<td>Interface vid\u00e9o<\/td>\n<td>Composant, HDMI<\/td>\n<\/tr>\n<tr>\n<td>Consommation \u00e9lectrique en mode marche<\/td>\n<td>91 Watt<\/td>\n<\/tr>\n<tr>\n<td>Dimensions<\/td>\n<td>Sans support<\/td>\n<\/tr>\n<tr>\n<td>Largeur<\/td>\n<td>124.42 cm<\/td>\n<\/tr>\n<tr>\n<td>Hauteur<\/td>\n<td>74.75 cm<\/td>\n<\/tr>\n<tr>\n<td>Profondeur<\/td>\n<td>6.82 cm<\/td>\n<\/tr>\n<tr>\n<td>Poids<\/td>\n<td>16.3 kg<\/td>\n<\/tr>\n<tr>\n<td>Consommation d&#8217;\u00e9nergie annuelle<\/td>\n<td>133 kWh<\/td>\n<\/tr>\n<tr>\n<td>Plate-forme<\/td>\n<td>Android TV<\/td>\n<\/tr>\n<tr>\n<td>Classe de diagonale<\/td>\n<td>139 cm (55&#8243;)<\/td>\n<\/tr>\n<tr>\n<td>Modes<\/td>\n<td>Mode jeu, mode salon<\/td>\n<\/tr>\n<tr>\n<td>Capteurs<\/td>\n<td>Capteur de lumi\u00e8re<\/td>\n<\/tr>\n<tr>\n<td>Conception<\/td>\n<td>Ambilight 3 sided<\/td>\n<\/tr>\n<tr>\n<td>Am\u00e9liorations d&#8217;image<\/td>\n<td>Pixel Plus Ultra HD, Natural Motion<\/td>\n<\/tr>\n<tr>\n<td>Compatible HDR<\/td>\n<td>Oui<\/td>\n<\/tr>\n<tr>\n<td>Technologie HDR<\/td>\n<td>HDR Plus<\/td>\n<\/tr>\n<tr>\n<td>Classe \u00e9nerg\u00e9tique<\/td>\n<td>Classe A<\/td>\n<\/tr>\n<tr>\n<td>Pr\u00e9sence de syntonisateur TV<\/td>\n<td>Oui<\/td>\n<\/tr>\n<tr>\n<td>Nombre de ports HDMI<\/td>\n<td>4 ports<\/td>\n<\/tr>\n<tr>\n<th colspan=\"2\">Affichage<\/th>\n<\/tr>\n<tr>\n<td>Technologie de r\u00e9tro\u00e9clairage LCD<\/td>\n<td>R\u00e9tro\u00e9clairage par LED Assombrissement Micro Pro<\/td>\n<\/tr>\n<tr>\n<td>R\u00e9solution<\/td>\n<td>3840 x 2160<\/td>\n<\/tr>\n<tr>\n<td>Luminosit\u00e9<\/td>\n<td>350 cd\/m\u00b2<\/td>\n<\/tr>\n<tr>\n<td>Format d&#8217;affichage<\/td>\n<td>4K UHD (2160p)<\/td>\n<\/tr>\n<tr>\n<td>Fonctions suppl\u00e9mentaires<\/td>\n<td>Touche lecture universelle, processeur Quad-Core<\/td>\n<\/tr>\n<tr>\n<td>Format de l&#8217;image<\/td>\n<td>16:9<\/td>\n<\/tr>\n<tr>\n<th colspan=\"2\">Connexions<\/th>\n<\/tr>\n<tr>\n<td>Type de connecteur<\/td>\n<td>4 x HDMI<br \/>\nEntr\u00e9e vid\u00e9o du composant<br \/>\n2 x USB<br \/>\nR\u00e9seau<br \/>\nSortie audio num\u00e9rique (optique)<br \/>\nEntr\u00e9e de ligne audio<br \/>\nCasque<\/td>\n<\/tr>\n<tr>\n<th colspan=\"2\">Tuner de t\u00e9l\u00e9vision<\/th>\n<\/tr>\n<tr>\n<td>Acc\u00e8s conditionnel<\/td>\n<td>Logement Common Interface Plus (CI+)<\/td>\n<\/tr>\n<tr>\n<th colspan=\"2\">Tuner TV num\u00e9rique<\/th>\n<\/tr>\n<tr>\n<td>Tuner TV num\u00e9rique<\/td>\n<td>DVB-C, DVB-S, DVB-S2, DVB-T, DVB-T2<\/td>\n<\/tr>\n<tr>\n<td>Profils et niveaux MPEG<\/td>\n<td>MPEG4\/MPEG2\/HEVC<\/td>\n<\/tr>\n<tr>\n<td>Tuner TVHD<\/td>\n<td>Oui<\/td>\n<\/tr>\n<tr>\n<th colspan=\"2\">Fonctionnalit\u00e9s vid\u00e9o<\/th>\n<\/tr>\n<tr>\n<td>T\u00e9l\u00e9texte<\/td>\n<td>Oui<\/td>\n<\/tr>\n<tr>\n<td>Signaux d&#8217;entr\u00e9e vid\u00e9o analogique<\/td>\n<td>NTSC, PAL, SECAM<\/td>\n<\/tr>\n<tr>\n<td>M\u00e9moire T\u00e9l\u00e9texte<\/td>\n<td>1000 pages<\/td>\n<\/tr>\n<tr>\n<td>R\u00e9solutions d&#8217;affichage prises en charge<\/td>\n<td>1920 x 1080, 3840 x 2160<\/td>\n<\/tr>\n<tr>\n<td>Guide \u00e9lectronique des programmes<\/td>\n<td>EPG num\u00e9rique<\/td>\n<\/tr>\n<tr>\n<th colspan=\"2\">Lecteur multim\u00e9dia<\/th>\n<\/tr>\n<tr>\n<td>Port USB<\/td>\n<td>Oui<\/td>\n<\/tr>\n<tr>\n<td>Formats audio pris en charge<\/td>\n<td>MP3, WMA, WAV, AAC, WMA Pro<\/td>\n<\/tr>\n<tr>\n<td>Formats d&#8217;images pris en charge<\/td>\n<td>JPEG<\/td>\n<\/tr>\n<tr>\n<td>Formats vid\u00e9o pris en charge<\/td>\n<td>MPEG-1, MPEG-2, MPEG-4, WMV, AVI, MKV, AVC, H.264, VC-1, HEVC, H.265<\/td>\n<\/tr>\n<tr>\n<td>Capacit\u00e9 du lecteur de stockage<\/td>\n<td>16 Go<\/td>\n<\/tr>\n<tr>\n<td>Syst\u00e8me d&#8217;exploitation<\/td>\n<td>Android OS 6.0<\/td>\n<\/tr>\n<tr>\n<td>Nombre de ports USB<\/td>\n<td>2<\/td>\n<\/tr>\n<tr>\n<td>Configuration<\/td>\n<td>16 Go<\/td>\n<\/tr>\n<\/tbody>\n<\/table>","protected":false},"featured_media":6792,"comment_status":"open","ping_status":"closed","template":"","meta":{"_acf_changed":false},"product_brand":[],"product_cat":[311,292],"product_tag":[],"class_list":{"0":"post-6762","1":"product","2":"type-product","3":"status-publish","4":"has-post-thumbnail","6":"product_cat-philips","7":"product_cat-tvs","9":"first","10":"instock","11":"shipping-taxable","12":"purchasable","13":"product-type-simple"},"acf":[],"yoast_head":"<!-- This site is optimized with the Yoast SEO plugin v27.2 - https:\/\/yoast.com\/product\/yoast-seo-wordpress\/ -->\n<title>55PUS6482\/12 - T\u00c9L\u00c9VISEUR - PHILIPS - Novak Market<\/title>\n<meta name=\"robots\" content=\"index, follow, max-snippet:-1, max-image-preview:large, max-video-preview:-1\" \/>\n<link rel=\"canonical\" href=\"https:\/\/novakmarket.com\/nl\/product\/55pus6482-12-televiseur-philips\/\" \/>\n<meta property=\"og:locale\" content=\"nl_NL\" \/>\n<meta property=\"og:type\" content=\"article\" \/>\n<meta property=\"og:title\" content=\"55PUS6482\/12 - T\u00c9L\u00c9VISEUR - PHILIPS - Novak Market\" \/>\n<meta property=\"og:description\" content=\"Nom du produit 55PUS6482\/12 - T\u00c9L\u00c9VISEUR - PHILIPS  Cat\u00e9gorie T\u00e9l\u00e9viseur LED  G\u00e9n\u00e9ral  Type de Produit TV LCD avec r\u00e9tro\u00e9clairage par LED - Smart TV  Interface vid\u00e9o Composant, HDMI  Consommation \u00e9lectrique en mode marche 91 Watt  Dimensions Sans support  Largeur 124.42 cm  Hauteur 74.75 cm  Profondeur 6.82 cm  Poids 16.3 kg  Consommation d&#039;\u00e9nergie annuelle 133 kWh  Plate-forme Android TV  Classe de diagonale 139 cm (55&quot;)  Modes Mode jeu, mode salon  Capteurs Capteur de lumi\u00e8re  Conception Ambilight 3 sided  Am\u00e9liorations d&#039;image Pixel Plus Ultra HD, Natural Motion  Compatible HDR Oui  Technologie HDR HDR Plus  Classe \u00e9nerg\u00e9tique Classe A  Pr\u00e9sence de syntonisateur TV Oui  Nombre de ports HDMI 4 ports  Affichage  Technologie de r\u00e9tro\u00e9clairage LCD R\u00e9tro\u00e9clairage par LED Assombrissement Micro Pro  R\u00e9solution 3840 x 2160  Luminosit\u00e9 350 cd\/m\u00b2  Format d&#039;affichage 4K UHD (2160p)  Fonctions suppl\u00e9mentaires Touche lecture universelle, processeur Quad-Core  Format de l&#039;image 16:9  Connexions  Type de connecteur 4 x HDMI Entr\u00e9e vid\u00e9o du composant 2 x USB R\u00e9seau Sortie audio num\u00e9rique (optique) Entr\u00e9e de ligne audio Casque  Tuner de t\u00e9l\u00e9vision  Acc\u00e8s conditionnel Logement Common Interface Plus (CI+)  Tuner TV num\u00e9rique  Tuner TV num\u00e9rique DVB-C, DVB-S, DVB-S2, DVB-T, DVB-T2  Profils et niveaux MPEG MPEG4\/MPEG2\/HEVC  Tuner TVHD Oui  Fonctionnalit\u00e9s vid\u00e9o  T\u00e9l\u00e9texte Oui  Signaux d&#039;entr\u00e9e vid\u00e9o analogique NTSC, PAL, SECAM  M\u00e9moire T\u00e9l\u00e9texte 1000 pages  R\u00e9solutions d&#039;affichage prises en charge 1920 x 1080, 3840 x 2160  Guide \u00e9lectronique des programmes EPG num\u00e9rique  Lecteur multim\u00e9dia  Port USB Oui  Formats audio pris en charge MP3, WMA, WAV, AAC, WMA Pro  Formats d&#039;images pris en charge JPEG  Formats vid\u00e9o pris en charge MPEG-1, MPEG-2, MPEG-4, WMV, AVI, MKV, AVC, H.264, VC-1, HEVC, H.265  Capacit\u00e9 du lecteur de stockage 16 Go  Syst\u00e8me d&#039;exploitation Android OS 6.0  Nombre de ports USB 2  Configuration 16 Go\" \/>\n<meta property=\"og:url\" content=\"https:\/\/novakmarket.com\/nl\/product\/55pus6482-12-televiseur-philips\/\" \/>\n<meta property=\"og:site_name\" content=\"Novak Market\" \/>\n<meta property=\"article:modified_time\" content=\"2021-11-29T19:23:27+00:00\" \/>\n<meta property=\"og:image\" content=\"https:\/\/novakmarket.com\/wp-content\/uploads\/2021\/11\/D14.jpg\" \/>\n\t<meta property=\"og:image:width\" content=\"550\" \/>\n\t<meta property=\"og:image:height\" content=\"550\" \/>\n\t<meta property=\"og:image:type\" content=\"image\/jpeg\" \/>\n<meta name=\"twitter:card\" content=\"summary_large_image\" \/>\n<script type=\"application\/ld+json\" class=\"yoast-schema-graph\">{\"@context\":\"https:\/\/schema.org\",\"@graph\":[{\"@type\":\"WebPage\",\"@id\":\"https:\/\/novakmarket.com\/produit\/55pus6482-12-televiseur-philips\/\",\"url\":\"https:\/\/novakmarket.com\/produit\/55pus6482-12-televiseur-philips\/\",\"name\":\"55PUS6482\/12 - T\u00c9L\u00c9VISEUR - PHILIPS - Novak Market\",\"isPartOf\":{\"@id\":\"https:\/\/novakmarket.com\/#website\"},\"primaryImageOfPage\":{\"@id\":\"https:\/\/novakmarket.com\/produit\/55pus6482-12-televiseur-philips\/#primaryimage\"},\"image\":{\"@id\":\"https:\/\/novakmarket.com\/produit\/55pus6482-12-televiseur-philips\/#primaryimage\"},\"thumbnailUrl\":\"https:\/\/novakmarket.com\/wp-content\/uploads\/2021\/11\/D14.jpg\",\"datePublished\":\"2021-11-29T19:23:19+00:00\",\"dateModified\":\"2021-11-29T19:23:27+00:00\",\"breadcrumb\":{\"@id\":\"https:\/\/novakmarket.com\/produit\/55pus6482-12-televiseur-philips\/#breadcrumb\"},\"inLanguage\":\"nl-NL\",\"potentialAction\":[{\"@type\":\"ReadAction\",\"target\":[\"https:\/\/novakmarket.com\/produit\/55pus6482-12-televiseur-philips\/\"]}]},{\"@type\":\"ImageObject\",\"inLanguage\":\"nl-NL\",\"@id\":\"https:\/\/novakmarket.com\/produit\/55pus6482-12-televiseur-philips\/#primaryimage\",\"url\":\"https:\/\/novakmarket.com\/wp-content\/uploads\/2021\/11\/D14.jpg\",\"contentUrl\":\"https:\/\/novakmarket.com\/wp-content\/uploads\/2021\/11\/D14.jpg\",\"width\":550,\"height\":550},{\"@type\":\"BreadcrumbList\",\"@id\":\"https:\/\/novakmarket.com\/produit\/55pus6482-12-televiseur-philips\/#breadcrumb\",\"itemListElement\":[{\"@type\":\"ListItem\",\"position\":1,\"name\":\"Accueil\",\"item\":\"https:\/\/novakmarket.com\/\"},{\"@type\":\"ListItem\",\"position\":2,\"name\":\"Boutique\",\"item\":\"https:\/\/novakmarket.com\/shop\/\"},{\"@type\":\"ListItem\",\"position\":3,\"name\":\"55PUS6482\/12 &#8211; T\u00c9L\u00c9VISEUR &#8211; PHILIPS\"}]},{\"@type\":\"WebSite\",\"@id\":\"https:\/\/novakmarket.com\/#website\",\"url\":\"https:\/\/novakmarket.com\/\",\"name\":\"Novak Market\",\"description\":\"Vente de produits \u00e9lectroniques.\",\"publisher\":{\"@id\":\"https:\/\/novakmarket.com\/#organization\"},\"potentialAction\":[{\"@type\":\"SearchAction\",\"target\":{\"@type\":\"EntryPoint\",\"urlTemplate\":\"https:\/\/novakmarket.com\/?s={search_term_string}\"},\"query-input\":{\"@type\":\"PropertyValueSpecification\",\"valueRequired\":true,\"valueName\":\"search_term_string\"}}],\"inLanguage\":\"nl-NL\"},{\"@type\":\"Organization\",\"@id\":\"https:\/\/novakmarket.com\/#organization\",\"name\":\"Novak Market\",\"url\":\"https:\/\/novakmarket.com\/\",\"logo\":{\"@type\":\"ImageObject\",\"inLanguage\":\"nl-NL\",\"@id\":\"https:\/\/novakmarket.com\/#\/schema\/logo\/image\/\",\"url\":\"https:\/\/novakmarket.com\/wp-content\/uploads\/2026\/02\/cropped-footer-pc-removebg-preview.png\",\"contentUrl\":\"https:\/\/novakmarket.com\/wp-content\/uploads\/2026\/02\/cropped-footer-pc-removebg-preview.png\",\"width\":202,\"height\":73,\"caption\":\"Novak Market\"},\"image\":{\"@id\":\"https:\/\/novakmarket.com\/#\/schema\/logo\/image\/\"}}]}<\/script>\n<!-- \/ Yoast SEO plugin. -->","yoast_head_json":{"title":"55PUS6482\/12 - T\u00c9L\u00c9VISEUR - PHILIPS - Novak Market","robots":{"index":"index","follow":"follow","max-snippet":"max-snippet:-1","max-image-preview":"max-image-preview:large","max-video-preview":"max-video-preview:-1"},"canonical":"https:\/\/novakmarket.com\/nl\/product\/55pus6482-12-televiseur-philips\/","og_locale":"nl_NL","og_type":"article","og_title":"55PUS6482\/12 - T\u00c9L\u00c9VISEUR - PHILIPS - Novak Market","og_description":"Nom du produit 55PUS6482\/12 - T\u00c9L\u00c9VISEUR - PHILIPS  Cat\u00e9gorie T\u00e9l\u00e9viseur LED  G\u00e9n\u00e9ral  Type de Produit TV LCD avec r\u00e9tro\u00e9clairage par LED - Smart TV  Interface vid\u00e9o Composant, HDMI  Consommation \u00e9lectrique en mode marche 91 Watt  Dimensions Sans support  Largeur 124.42 cm  Hauteur 74.75 cm  Profondeur 6.82 cm  Poids 16.3 kg  Consommation d'\u00e9nergie annuelle 133 kWh  Plate-forme Android TV  Classe de diagonale 139 cm (55\")  Modes Mode jeu, mode salon  Capteurs Capteur de lumi\u00e8re  Conception Ambilight 3 sided  Am\u00e9liorations d'image Pixel Plus Ultra HD, Natural Motion  Compatible HDR Oui  Technologie HDR HDR Plus  Classe \u00e9nerg\u00e9tique Classe A  Pr\u00e9sence de syntonisateur TV Oui  Nombre de ports HDMI 4 ports  Affichage  Technologie de r\u00e9tro\u00e9clairage LCD R\u00e9tro\u00e9clairage par LED Assombrissement Micro Pro  R\u00e9solution 3840 x 2160  Luminosit\u00e9 350 cd\/m\u00b2  Format d'affichage 4K UHD (2160p)  Fonctions suppl\u00e9mentaires Touche lecture universelle, processeur Quad-Core  Format de l'image 16:9  Connexions  Type de connecteur 4 x HDMI Entr\u00e9e vid\u00e9o du composant 2 x USB R\u00e9seau Sortie audio num\u00e9rique (optique) Entr\u00e9e de ligne audio Casque  Tuner de t\u00e9l\u00e9vision  Acc\u00e8s conditionnel Logement Common Interface Plus (CI+)  Tuner TV num\u00e9rique  Tuner TV num\u00e9rique DVB-C, DVB-S, DVB-S2, DVB-T, DVB-T2  Profils et niveaux MPEG MPEG4\/MPEG2\/HEVC  Tuner TVHD Oui  Fonctionnalit\u00e9s vid\u00e9o  T\u00e9l\u00e9texte Oui  Signaux d'entr\u00e9e vid\u00e9o analogique NTSC, PAL, SECAM  M\u00e9moire T\u00e9l\u00e9texte 1000 pages  R\u00e9solutions d'affichage prises en charge 1920 x 1080, 3840 x 2160  Guide \u00e9lectronique des programmes EPG num\u00e9rique  Lecteur multim\u00e9dia  Port USB Oui  Formats audio pris en charge MP3, WMA, WAV, AAC, WMA Pro  Formats d'images pris en charge JPEG  Formats vid\u00e9o pris en charge MPEG-1, MPEG-2, MPEG-4, WMV, AVI, MKV, AVC, H.264, VC-1, HEVC, H.265  Capacit\u00e9 du lecteur de stockage 16 Go  Syst\u00e8me d'exploitation Android OS 6.0  Nombre de ports USB 2  Configuration 16 Go","og_url":"https:\/\/novakmarket.com\/nl\/product\/55pus6482-12-televiseur-philips\/","og_site_name":"Novak Market","article_modified_time":"2021-11-29T19:23:27+00:00","og_image":[{"width":550,"height":550,"url":"https:\/\/novakmarket.com\/wp-content\/uploads\/2021\/11\/D14.jpg","type":"image\/jpeg"}],"twitter_card":"summary_large_image","schema":{"@context":"https:\/\/schema.org","@graph":[{"@type":"WebPage","@id":"https:\/\/novakmarket.com\/produit\/55pus6482-12-televiseur-philips\/","url":"https:\/\/novakmarket.com\/produit\/55pus6482-12-televiseur-philips\/","name":"55PUS6482\/12 - T\u00c9L\u00c9VISEUR - PHILIPS - Novak Market","isPartOf":{"@id":"https:\/\/novakmarket.com\/#website"},"primaryImageOfPage":{"@id":"https:\/\/novakmarket.com\/produit\/55pus6482-12-televiseur-philips\/#primaryimage"},"image":{"@id":"https:\/\/novakmarket.com\/produit\/55pus6482-12-televiseur-philips\/#primaryimage"},"thumbnailUrl":"https:\/\/novakmarket.com\/wp-content\/uploads\/2021\/11\/D14.jpg","datePublished":"2021-11-29T19:23:19+00:00","dateModified":"2021-11-29T19:23:27+00:00","breadcrumb":{"@id":"https:\/\/novakmarket.com\/produit\/55pus6482-12-televiseur-philips\/#breadcrumb"},"inLanguage":"nl-NL","potentialAction":[{"@type":"ReadAction","target":["https:\/\/novakmarket.com\/produit\/55pus6482-12-televiseur-philips\/"]}]},{"@type":"ImageObject","inLanguage":"nl-NL","@id":"https:\/\/novakmarket.com\/produit\/55pus6482-12-televiseur-philips\/#primaryimage","url":"https:\/\/novakmarket.com\/wp-content\/uploads\/2021\/11\/D14.jpg","contentUrl":"https:\/\/novakmarket.com\/wp-content\/uploads\/2021\/11\/D14.jpg","width":550,"height":550},{"@type":"BreadcrumbList","@id":"https:\/\/novakmarket.com\/produit\/55pus6482-12-televiseur-philips\/#breadcrumb","itemListElement":[{"@type":"ListItem","position":1,"name":"Accueil","item":"https:\/\/novakmarket.com\/"},{"@type":"ListItem","position":2,"name":"Boutique","item":"https:\/\/novakmarket.com\/shop\/"},{"@type":"ListItem","position":3,"name":"55PUS6482\/12 &#8211; T\u00c9L\u00c9VISEUR &#8211; PHILIPS"}]},{"@type":"WebSite","@id":"https:\/\/novakmarket.com\/#website","url":"https:\/\/novakmarket.com\/","name":"Novak Market","description":"Vente de produits \u00e9lectroniques.","publisher":{"@id":"https:\/\/novakmarket.com\/#organization"},"potentialAction":[{"@type":"SearchAction","target":{"@type":"EntryPoint","urlTemplate":"https:\/\/novakmarket.com\/?s={search_term_string}"},"query-input":{"@type":"PropertyValueSpecification","valueRequired":true,"valueName":"search_term_string"}}],"inLanguage":"nl-NL"},{"@type":"Organization","@id":"https:\/\/novakmarket.com\/#organization","name":"Novak Market","url":"https:\/\/novakmarket.com\/","logo":{"@type":"ImageObject","inLanguage":"nl-NL","@id":"https:\/\/novakmarket.com\/#\/schema\/logo\/image\/","url":"https:\/\/novakmarket.com\/wp-content\/uploads\/2026\/02\/cropped-footer-pc-removebg-preview.png","contentUrl":"https:\/\/novakmarket.com\/wp-content\/uploads\/2026\/02\/cropped-footer-pc-removebg-preview.png","width":202,"height":73,"caption":"Novak Market"},"image":{"@id":"https:\/\/novakmarket.com\/#\/schema\/logo\/image\/"}}]}},"_links":{"self":[{"href":"https:\/\/novakmarket.com\/nl\/wp-json\/wp\/v2\/product\/6762","targetHints":{"allow":["GET"]}}],"collection":[{"href":"https:\/\/novakmarket.com\/nl\/wp-json\/wp\/v2\/product"}],"about":[{"href":"https:\/\/novakmarket.com\/nl\/wp-json\/wp\/v2\/types\/product"}],"replies":[{"embeddable":true,"href":"https:\/\/novakmarket.com\/nl\/wp-json\/wp\/v2\/comments?post=6762"}],"wp:featuredmedia":[{"embeddable":true,"href":"https:\/\/novakmarket.com\/nl\/wp-json\/wp\/v2\/media\/6792"}],"wp:attachment":[{"href":"https:\/\/novakmarket.com\/nl\/wp-json\/wp\/v2\/media?parent=6762"}],"wp:term":[{"taxonomy":"product_brand","embeddable":true,"href":"https:\/\/novakmarket.com\/nl\/wp-json\/wp\/v2\/product_brand?post=6762"},{"taxonomy":"product_cat","embeddable":true,"href":"https:\/\/novakmarket.com\/nl\/wp-json\/wp\/v2\/product_cat?post=6762"},{"taxonomy":"product_tag","embeddable":true,"href":"https:\/\/novakmarket.com\/nl\/wp-json\/wp\/v2\/product_tag?post=6762"}],"curies":[{"name":"wp","href":"https:\/\/api.w.org\/{rel}","templated":true}]}}