{"id":6769,"date":"2021-11-29T20:23:19","date_gmt":"2021-11-29T19:23:19","guid":{"rendered":"https:\/\/bestymarketshop.com\/?post_type=product&#038;p=6769"},"modified":"2021-11-29T20:23:31","modified_gmt":"2021-11-29T19:23:31","slug":"fihero-table-basse-%c2%b5bois-dacacia-massif","status":"publish","type":"product","link":"https:\/\/novakmarket.com\/nl\/product\/fihero-table-basse-%c2%b5bois-dacacia-massif\/","title":{"rendered":"FIHERO Table basse \u00b5Bois d&#8217;acacia massif"},"content":{"rendered":"<p><img loading=\"lazy\" decoding=\"async\" class=\"alignnone size-medium wp-image-8909\" src=\"https:\/\/e-marketshopping.com\/wp-content\/uploads\/2020\/07\/M6-300x300.jpg\" alt=\"\" width=\"300\" height=\"300\" \/><\/p>","protected":false},"excerpt":{"rendered":"<table class=\"fpDescTb fpDescTbPub\">\n<tbody>\n<tr>\n<td>Nom du produit<\/td>\n<td>FIHERO Table basse 90x55x40 cm Bois d&#8217;acacia massi<\/td>\n<\/tr>\n<tr>\n<td>Cat\u00e9gorie<\/td>\n<td>TABLE BASSE<\/td>\n<\/tr>\n<tr>\n<th colspan=\"2\">G\u00e9n\u00e9ral<\/th>\n<\/tr>\n<tr>\n<td>Marque<\/td>\n<td>AUCUNE<\/td>\n<\/tr>\n<tr>\n<th colspan=\"2\">D\u00e9tail sur les meubles<\/th>\n<\/tr>\n<tr>\n<td>Finition<\/td>\n<td>Laqu\u00e9<\/td>\n<\/tr>\n<tr>\n<th colspan=\"2\">Dimensions produit<\/th>\n<\/tr>\n<tr>\n<td>Longueur<\/td>\n<td>40 cm<\/td>\n<\/tr>\n<tr>\n<td>Hauteur<\/td>\n<td>40 cm<\/td>\n<\/tr>\n<\/tbody>\n<\/table>","protected":false},"featured_media":6799,"comment_status":"open","ping_status":"closed","template":"","meta":{"_acf_changed":false},"product_brand":[],"product_cat":[285],"product_tag":[],"class_list":{"0":"post-6769","1":"product","2":"type-product","3":"status-publish","4":"has-post-thumbnail","6":"product_cat-meubles","8":"first","9":"instock","10":"shipping-taxable","11":"purchasable","12":"product-type-simple"},"acf":[],"yoast_head":"<!-- This site is optimized with the Yoast SEO plugin v27.2 - https:\/\/yoast.com\/product\/yoast-seo-wordpress\/ -->\n<title>FIHERO Table basse \u00b5Bois d&#039;acacia massif - Novak Market<\/title>\n<meta name=\"robots\" content=\"index, follow, max-snippet:-1, max-image-preview:large, max-video-preview:-1\" \/>\n<link rel=\"canonical\" href=\"https:\/\/novakmarket.com\/nl\/product\/fihero-table-basse-\u00b5bois-dacacia-massif\/\" \/>\n<meta property=\"og:locale\" content=\"nl_NL\" \/>\n<meta property=\"og:type\" content=\"article\" \/>\n<meta property=\"og:title\" content=\"FIHERO Table basse \u00b5Bois d&#039;acacia massif - Novak Market\" \/>\n<meta property=\"og:description\" content=\"Nom du produit FIHERO Table basse 90x55x40 cm Bois d&#039;acacia massi  Cat\u00e9gorie TABLE BASSE  G\u00e9n\u00e9ral  Marque AUCUNE  D\u00e9tail sur les meubles  Finition Laqu\u00e9  Dimensions produit  Longueur 40 cm  Hauteur 40 cm\" \/>\n<meta property=\"og:url\" content=\"https:\/\/novakmarket.com\/nl\/product\/fihero-table-basse-\u00b5bois-dacacia-massif\/\" \/>\n<meta property=\"og:site_name\" content=\"Novak Market\" \/>\n<meta property=\"article:modified_time\" content=\"2021-11-29T19:23:31+00:00\" \/>\n<meta property=\"og:image\" content=\"https:\/\/novakmarket.com\/wp-content\/uploads\/2021\/11\/M6.jpg\" \/>\n\t<meta property=\"og:image:width\" content=\"550\" \/>\n\t<meta property=\"og:image:height\" content=\"550\" \/>\n\t<meta property=\"og:image:type\" content=\"image\/jpeg\" \/>\n<meta name=\"twitter:card\" content=\"summary_large_image\" \/>\n<script type=\"application\/ld+json\" class=\"yoast-schema-graph\">{\"@context\":\"https:\/\/schema.org\",\"@graph\":[{\"@type\":\"WebPage\",\"@id\":\"https:\/\/novakmarket.com\/produit\/fihero-table-basse-%c2%b5bois-dacacia-massif\/\",\"url\":\"https:\/\/novakmarket.com\/produit\/fihero-table-basse-%c2%b5bois-dacacia-massif\/\",\"name\":\"FIHERO Table basse \u00b5Bois d'acacia massif - Novak Market\",\"isPartOf\":{\"@id\":\"https:\/\/novakmarket.com\/#website\"},\"primaryImageOfPage\":{\"@id\":\"https:\/\/novakmarket.com\/produit\/fihero-table-basse-%c2%b5bois-dacacia-massif\/#primaryimage\"},\"image\":{\"@id\":\"https:\/\/novakmarket.com\/produit\/fihero-table-basse-%c2%b5bois-dacacia-massif\/#primaryimage\"},\"thumbnailUrl\":\"https:\/\/novakmarket.com\/wp-content\/uploads\/2021\/11\/M6.jpg\",\"datePublished\":\"2021-11-29T19:23:19+00:00\",\"dateModified\":\"2021-11-29T19:23:31+00:00\",\"breadcrumb\":{\"@id\":\"https:\/\/novakmarket.com\/produit\/fihero-table-basse-%c2%b5bois-dacacia-massif\/#breadcrumb\"},\"inLanguage\":\"nl-NL\",\"potentialAction\":[{\"@type\":\"ReadAction\",\"target\":[\"https:\/\/novakmarket.com\/produit\/fihero-table-basse-%c2%b5bois-dacacia-massif\/\"]}]},{\"@type\":\"ImageObject\",\"inLanguage\":\"nl-NL\",\"@id\":\"https:\/\/novakmarket.com\/produit\/fihero-table-basse-%c2%b5bois-dacacia-massif\/#primaryimage\",\"url\":\"https:\/\/novakmarket.com\/wp-content\/uploads\/2021\/11\/M6.jpg\",\"contentUrl\":\"https:\/\/novakmarket.com\/wp-content\/uploads\/2021\/11\/M6.jpg\",\"width\":550,\"height\":550},{\"@type\":\"BreadcrumbList\",\"@id\":\"https:\/\/novakmarket.com\/produit\/fihero-table-basse-%c2%b5bois-dacacia-massif\/#breadcrumb\",\"itemListElement\":[{\"@type\":\"ListItem\",\"position\":1,\"name\":\"Accueil\",\"item\":\"https:\/\/novakmarket.com\/\"},{\"@type\":\"ListItem\",\"position\":2,\"name\":\"Boutique\",\"item\":\"https:\/\/novakmarket.com\/shop\/\"},{\"@type\":\"ListItem\",\"position\":3,\"name\":\"FIHERO Table basse \u00b5Bois d&#8217;acacia massif\"}]},{\"@type\":\"WebSite\",\"@id\":\"https:\/\/novakmarket.com\/#website\",\"url\":\"https:\/\/novakmarket.com\/\",\"name\":\"Novak Market\",\"description\":\"Vente de produits \u00e9lectroniques.\",\"publisher\":{\"@id\":\"https:\/\/novakmarket.com\/#organization\"},\"potentialAction\":[{\"@type\":\"SearchAction\",\"target\":{\"@type\":\"EntryPoint\",\"urlTemplate\":\"https:\/\/novakmarket.com\/?s={search_term_string}\"},\"query-input\":{\"@type\":\"PropertyValueSpecification\",\"valueRequired\":true,\"valueName\":\"search_term_string\"}}],\"inLanguage\":\"nl-NL\"},{\"@type\":\"Organization\",\"@id\":\"https:\/\/novakmarket.com\/#organization\",\"name\":\"Novak Market\",\"url\":\"https:\/\/novakmarket.com\/\",\"logo\":{\"@type\":\"ImageObject\",\"inLanguage\":\"nl-NL\",\"@id\":\"https:\/\/novakmarket.com\/#\/schema\/logo\/image\/\",\"url\":\"https:\/\/novakmarket.com\/wp-content\/uploads\/2026\/02\/cropped-footer-pc-removebg-preview.png\",\"contentUrl\":\"https:\/\/novakmarket.com\/wp-content\/uploads\/2026\/02\/cropped-footer-pc-removebg-preview.png\",\"width\":202,\"height\":73,\"caption\":\"Novak Market\"},\"image\":{\"@id\":\"https:\/\/novakmarket.com\/#\/schema\/logo\/image\/\"}}]}<\/script>\n<!-- \/ Yoast SEO plugin. -->","yoast_head_json":{"title":"FIHERO Table basse \u00b5Bois d'acacia massif - Novak Market","robots":{"index":"index","follow":"follow","max-snippet":"max-snippet:-1","max-image-preview":"max-image-preview:large","max-video-preview":"max-video-preview:-1"},"canonical":"https:\/\/novakmarket.com\/nl\/product\/fihero-table-basse-\u00b5bois-dacacia-massif\/","og_locale":"nl_NL","og_type":"article","og_title":"FIHERO Table basse \u00b5Bois d'acacia massif - Novak Market","og_description":"Nom du produit FIHERO Table basse 90x55x40 cm Bois d'acacia massi  Cat\u00e9gorie TABLE BASSE  G\u00e9n\u00e9ral  Marque AUCUNE  D\u00e9tail sur les meubles  Finition Laqu\u00e9  Dimensions produit  Longueur 40 cm  Hauteur 40 cm","og_url":"https:\/\/novakmarket.com\/nl\/product\/fihero-table-basse-\u00b5bois-dacacia-massif\/","og_site_name":"Novak Market","article_modified_time":"2021-11-29T19:23:31+00:00","og_image":[{"width":550,"height":550,"url":"https:\/\/novakmarket.com\/wp-content\/uploads\/2021\/11\/M6.jpg","type":"image\/jpeg"}],"twitter_card":"summary_large_image","schema":{"@context":"https:\/\/schema.org","@graph":[{"@type":"WebPage","@id":"https:\/\/novakmarket.com\/produit\/fihero-table-basse-%c2%b5bois-dacacia-massif\/","url":"https:\/\/novakmarket.com\/produit\/fihero-table-basse-%c2%b5bois-dacacia-massif\/","name":"FIHERO Table basse \u00b5Bois d'acacia massif - Novak Market","isPartOf":{"@id":"https:\/\/novakmarket.com\/#website"},"primaryImageOfPage":{"@id":"https:\/\/novakmarket.com\/produit\/fihero-table-basse-%c2%b5bois-dacacia-massif\/#primaryimage"},"image":{"@id":"https:\/\/novakmarket.com\/produit\/fihero-table-basse-%c2%b5bois-dacacia-massif\/#primaryimage"},"thumbnailUrl":"https:\/\/novakmarket.com\/wp-content\/uploads\/2021\/11\/M6.jpg","datePublished":"2021-11-29T19:23:19+00:00","dateModified":"2021-11-29T19:23:31+00:00","breadcrumb":{"@id":"https:\/\/novakmarket.com\/produit\/fihero-table-basse-%c2%b5bois-dacacia-massif\/#breadcrumb"},"inLanguage":"nl-NL","potentialAction":[{"@type":"ReadAction","target":["https:\/\/novakmarket.com\/produit\/fihero-table-basse-%c2%b5bois-dacacia-massif\/"]}]},{"@type":"ImageObject","inLanguage":"nl-NL","@id":"https:\/\/novakmarket.com\/produit\/fihero-table-basse-%c2%b5bois-dacacia-massif\/#primaryimage","url":"https:\/\/novakmarket.com\/wp-content\/uploads\/2021\/11\/M6.jpg","contentUrl":"https:\/\/novakmarket.com\/wp-content\/uploads\/2021\/11\/M6.jpg","width":550,"height":550},{"@type":"BreadcrumbList","@id":"https:\/\/novakmarket.com\/produit\/fihero-table-basse-%c2%b5bois-dacacia-massif\/#breadcrumb","itemListElement":[{"@type":"ListItem","position":1,"name":"Accueil","item":"https:\/\/novakmarket.com\/"},{"@type":"ListItem","position":2,"name":"Boutique","item":"https:\/\/novakmarket.com\/shop\/"},{"@type":"ListItem","position":3,"name":"FIHERO Table basse \u00b5Bois d&#8217;acacia massif"}]},{"@type":"WebSite","@id":"https:\/\/novakmarket.com\/#website","url":"https:\/\/novakmarket.com\/","name":"Novak Market","description":"Vente de produits \u00e9lectroniques.","publisher":{"@id":"https:\/\/novakmarket.com\/#organization"},"potentialAction":[{"@type":"SearchAction","target":{"@type":"EntryPoint","urlTemplate":"https:\/\/novakmarket.com\/?s={search_term_string}"},"query-input":{"@type":"PropertyValueSpecification","valueRequired":true,"valueName":"search_term_string"}}],"inLanguage":"nl-NL"},{"@type":"Organization","@id":"https:\/\/novakmarket.com\/#organization","name":"Novak Market","url":"https:\/\/novakmarket.com\/","logo":{"@type":"ImageObject","inLanguage":"nl-NL","@id":"https:\/\/novakmarket.com\/#\/schema\/logo\/image\/","url":"https:\/\/novakmarket.com\/wp-content\/uploads\/2026\/02\/cropped-footer-pc-removebg-preview.png","contentUrl":"https:\/\/novakmarket.com\/wp-content\/uploads\/2026\/02\/cropped-footer-pc-removebg-preview.png","width":202,"height":73,"caption":"Novak Market"},"image":{"@id":"https:\/\/novakmarket.com\/#\/schema\/logo\/image\/"}}]}},"_links":{"self":[{"href":"https:\/\/novakmarket.com\/nl\/wp-json\/wp\/v2\/product\/6769","targetHints":{"allow":["GET"]}}],"collection":[{"href":"https:\/\/novakmarket.com\/nl\/wp-json\/wp\/v2\/product"}],"about":[{"href":"https:\/\/novakmarket.com\/nl\/wp-json\/wp\/v2\/types\/product"}],"replies":[{"embeddable":true,"href":"https:\/\/novakmarket.com\/nl\/wp-json\/wp\/v2\/comments?post=6769"}],"wp:featuredmedia":[{"embeddable":true,"href":"https:\/\/novakmarket.com\/nl\/wp-json\/wp\/v2\/media\/6799"}],"wp:attachment":[{"href":"https:\/\/novakmarket.com\/nl\/wp-json\/wp\/v2\/media?parent=6769"}],"wp:term":[{"taxonomy":"product_brand","embeddable":true,"href":"https:\/\/novakmarket.com\/nl\/wp-json\/wp\/v2\/product_brand?post=6769"},{"taxonomy":"product_cat","embeddable":true,"href":"https:\/\/novakmarket.com\/nl\/wp-json\/wp\/v2\/product_cat?post=6769"},{"taxonomy":"product_tag","embeddable":true,"href":"https:\/\/novakmarket.com\/nl\/wp-json\/wp\/v2\/product_tag?post=6769"}],"curies":[{"name":"wp","href":"https:\/\/api.w.org\/{rel}","templated":true}]}}