{"id":6821,"date":"2021-11-29T20:23:46","date_gmt":"2021-11-29T19:23:46","guid":{"rendered":"https:\/\/bestymarketshop.com\/?post_type=product&#038;p=6821"},"modified":"2023-10-25T00:46:37","modified_gmt":"2023-10-24T22:46:37","slug":"apple-iphone-12-pro-max-128go-graphite","status":"publish","type":"product","link":"https:\/\/novakmarket.com\/nl\/product\/apple-iphone-12-pro-max-128go-graphite\/","title":{"rendered":"APPLE iPhone 12 Pro Max 128Go Graphite"},"content":{"rendered":"<p>&nbsp;<\/p>\n<p><img loading=\"lazy\" decoding=\"async\" class=\"alignnone size-medium wp-image-14338\" src=\"https:\/\/fastshoppinglite.com\/wp-content\/uploads\/2020\/12\/PH1-300x300.jpg\" alt=\"\" width=\"300\" height=\"300\" \/><\/p>\n<p>&nbsp;<\/p>\n<p>&nbsp;<\/p>\n<p>&nbsp;<\/p>\n<ul>\n<li>Taille de la diagonale : 6.7&#8243;<\/li>\n<li>R\u00e9solution du capteur : 12 m\u00e9gapixels<\/li>\n<li>Capacit\u00e9 de la m\u00e9moire interne : 128 Go<\/li>\n<li>6 coeurs<\/li>\n<li>G\u00e9n\u00e9ration \u00e0 haut d\u00e9bit mobile : 5G<\/li>\n<\/ul>\n<div class=\"jsFpBulletPointMore\">\n<ul>\n<li>Protection : Rev\u00eatement ol\u00e9ophobe antitrace, Ceramic Shield<\/li>\n<li>Syst\u00e8me d&#8217;exploitation : iOS 14<\/li>\n<li>Fonctions du t\u00e9l\u00e9phone : T\u00e9l\u00e9phone \u00e0 haut parleur, commande vocale, compteur d&#8217;appels, t\u00e9l\u00e9conf\u00e9rence<\/li>\n<\/ul>\n<\/div>","protected":false},"excerpt":{"rendered":"<table class=\"fpDescTb fpDescTbPub\">\n<tbody>\n<tr>\n<td>Nom du produit<\/td>\n<td>APPLE iPhone 12 Pro Max 128Go Graphite<\/td>\n<\/tr>\n<tr>\n<td>Cat\u00e9gorie<\/td>\n<td>SMARTPHONE<\/td>\n<\/tr>\n<tr>\n<td>R\u00e9f\u00e9rence<\/td>\n<td>MGD73F\/A<\/td>\n<\/tr>\n<tr>\n<th colspan=\"2\">Informations sur le produit<\/th>\n<\/tr>\n<tr>\n<td>Sous-\u00e9tat<\/td>\n<td>Neuf<\/td>\n<\/tr>\n<tr>\n<td>Couleur(s)<\/td>\n<td>Graphite<\/td>\n<\/tr>\n<tr>\n<td>DAS<\/td>\n<td>DAS T\u00eate : 0,99 W\/kg ; DAS tronc : 0,99 W\/kg ; DAS membre : 3,85 W\/Kg<\/td>\n<\/tr>\n<tr>\n<td>Information DAS<\/td>\n<td>Le DAS (d\u00e9bit d\u2019absorption sp\u00e9cifique) des t\u00e9l\u00e9phones mobiles quantifie le niveau d\u2019exposition<br \/>\nmaximal de l\u2019utilisateur aux ondes \u00e9lectromagn\u00e9tiques, pour une utilisation \u00e0 l\u2019oreille.<br \/>\nLa r\u00e9glementation fran\u00e7aise impose que le DAS ne d\u00e9passe pas 2W\/kg<\/td>\n<\/tr>\n<tr>\n<td>Capacit\u00e9 (m\u00e9moire)<\/td>\n<td>128 Go<\/td>\n<\/tr>\n<tr>\n<th colspan=\"2\">G\u00e9n\u00e9ral<\/th>\n<\/tr>\n<tr>\n<td>Type de produit<\/td>\n<td>Smartphone<\/td>\n<\/tr>\n<tr>\n<td>Mat\u00e9riau du boitier<\/td>\n<td>Acier inoxydable de niveau chirurgical, verre mat textur\u00e9<\/td>\n<\/tr>\n<tr>\n<td>Couleur du boitier<\/td>\n<td>Graphite<\/td>\n<\/tr>\n<tr>\n<td>Profondeur<\/td>\n<td>7.4 mm<\/td>\n<\/tr>\n<tr>\n<td>Largeur<\/td>\n<td>78.1 mm<\/td>\n<\/tr>\n<tr>\n<td>Hauteur<\/td>\n<td>160.8 mm<\/td>\n<\/tr>\n<tr>\n<td>Poids<\/td>\n<td>226 g<\/td>\n<\/tr>\n<tr>\n<td>Valeur DAS<\/td>\n<td>0,99 W\/kg (corps), 0,99 W\/kg (t\u00eate), 3,85 W\/kg (membres)<\/td>\n<\/tr>\n<tr>\n<td>Protection<\/td>\n<td>Anti-poussi\u00e8re, anti-\u00e9claboussement, \u00e9tanche<\/td>\n<\/tr>\n<tr>\n<td>Format<\/td>\n<td>Tactile<\/td>\n<\/tr>\n<tr>\n<td>Num\u00e9ro de mod\u00e8le du fabricant<\/td>\n<td>A2411<\/td>\n<\/tr>\n<tr>\n<th colspan=\"2\">T\u00e9l\u00e9phone mobile<\/th>\n<\/tr>\n<tr>\n<td>Syst\u00e8me d&#8217;exploitation<\/td>\n<td>iOS 14<\/td>\n<\/tr>\n<tr>\n<td>Technologie<\/td>\n<td>CDMA2000 1X \/ GSM \/ WCDMA (UMTS)<\/td>\n<\/tr>\n<tr>\n<td>G\u00e9n\u00e9ration \u00e0 haut d\u00e9bit mobile<\/td>\n<td>5G<\/td>\n<\/tr>\n<tr>\n<td>Fournisseur de services<\/td>\n<td>Non sp\u00e9cifi\u00e9<\/td>\n<\/tr>\n<tr>\n<td>Type de carte SIM<\/td>\n<td>Nano SIM, Carte SIM \u00e9lectronique (e-SIM)<\/td>\n<\/tr>\n<tr>\n<td>Technologie de paiement<\/td>\n<td>Apple Pay<\/td>\n<\/tr>\n<tr>\n<td>Navigation<\/td>\n<td>GPS, GLONASS, BeiDou, Galileo, QZSS<\/td>\n<\/tr>\n<tr>\n<td>Assistant intelligent<\/td>\n<td>Siri<\/td>\n<\/tr>\n<tr>\n<td>Appareil d&#8217;entr\u00e9e<\/td>\n<td>Multi-touches, capacitif<\/td>\n<\/tr>\n<tr>\n<td>Qt\u00e9 de carte SIM<\/td>\n<td>Double SIM<\/td>\n<\/tr>\n<tr>\n<th colspan=\"2\">Processeur<\/th>\n<\/tr>\n<tr>\n<td>Type<\/td>\n<td>Apple A14 Bionic<\/td>\n<\/tr>\n<tr>\n<td>Qt\u00e9 de coeur de processeur<\/td>\n<td>6 coeurs<\/td>\n<\/tr>\n<tr>\n<th colspan=\"2\">Affichage<\/th>\n<\/tr>\n<tr>\n<td>Technologie<\/td>\n<td>Super Retina XDR Display<\/td>\n<\/tr>\n<tr>\n<td>Caract\u00e9ristiques<\/td>\n<td>Dolby Vision, HDR10, affichage True Tone, Affichage couleur large (P3), Touche haptique, Hybride Log-Gamma (HLG), luminosit\u00e9 max 1 200 nits (HDR)<\/td>\n<\/tr>\n<tr>\n<td>Langues d&#8217;affichage<\/td>\n<td>Danois, Hindi, h\u00e9breu, hongrois, tch\u00e8que, Croate, Indon\u00e9sien, Thailandais, Slovaque, chinois (traditionnel), chinois (simplifi\u00e9), Vietnamien, Ukrainien, portugais (Br\u00e9sil), anglais, allemand, fran\u00e7ais, italien, norv\u00e9gien, portugais, polonais, finnois, su\u00e9dois, russe, espagnol, hollandais, grec, turc, arabe, roumain, catalan, japonais, cor\u00e9en, Malais, UK English, Anglais de E.-U., Australian English, French Canadian, Espagnol (Am\u00e9rique latine), Chinois (traditionnel, Hong Kong), Espagnol (Mexicain)<\/td>\n<\/tr>\n<tr>\n<td>Type<\/td>\n<td>Ecran OEL<\/td>\n<\/tr>\n<tr>\n<td>Densit\u00e9 des pixels<\/td>\n<td>458 ppi<\/td>\n<\/tr>\n<tr>\n<td>Rapport de contraste<\/td>\n<td>2000000:1<\/td>\n<\/tr>\n<tr>\n<td>Protection<\/td>\n<td>Rev\u00eatement ol\u00e9ophobe antitrace, Ceramic Shield<\/td>\n<\/tr>\n<tr>\n<td>Luminosit\u00e9 maximum<\/td>\n<td>800 cd\/m\u00b2<\/td>\n<\/tr>\n<tr>\n<td>Taille de la diagonale<\/td>\n<td>6.7&#8243;<\/td>\n<\/tr>\n<tr>\n<td>R\u00e9solution d&#8217;\u00e9cran<\/td>\n<td>2778 x 1284 pixels<\/td>\n<\/tr>\n<tr>\n<td>HDR<\/td>\n<td>Oui<\/td>\n<\/tr>\n<\/tbody>\n<\/table>","protected":false},"featured_media":6851,"comment_status":"open","ping_status":"closed","template":"","meta":{"_acf_changed":false},"product_brand":[],"product_cat":[288,281],"product_tag":[],"class_list":{"0":"post-6821","1":"product","2":"type-product","3":"status-publish","4":"has-post-thumbnail","6":"product_cat-apple_iphones","7":"product_cat-smartphones","9":"first","10":"instock","11":"sale","12":"shipping-taxable","13":"purchasable","14":"product-type-simple"},"acf":[],"yoast_head":"<!-- This site is optimized with the Yoast SEO plugin v27.2 - https:\/\/yoast.com\/product\/yoast-seo-wordpress\/ -->\n<title>APPLE iPhone 12 Pro Max 128Go Graphite - Novak Market<\/title>\n<meta name=\"robots\" content=\"index, follow, max-snippet:-1, max-image-preview:large, max-video-preview:-1\" \/>\n<link rel=\"canonical\" href=\"https:\/\/novakmarket.com\/nl\/product\/apple-iphone-12-pro-max-128go-graphite\/\" \/>\n<meta property=\"og:locale\" content=\"nl_NL\" \/>\n<meta property=\"og:type\" content=\"article\" \/>\n<meta property=\"og:title\" content=\"APPLE iPhone 12 Pro Max 128Go Graphite - Novak Market\" \/>\n<meta property=\"og:description\" content=\"Nom du produit APPLE iPhone 12 Pro Max 128Go Graphite  Cat\u00e9gorie SMARTPHONE  R\u00e9f\u00e9rence MGD73F\/A  Informations sur le produit  Sous-\u00e9tat Neuf  Couleur(s) Graphite  DAS DAS T\u00eate : 0,99 W\/kg ; DAS tronc : 0,99 W\/kg ; DAS membre : 3,85 W\/Kg  Information DAS Le DAS (d\u00e9bit d\u2019absorption sp\u00e9cifique) des t\u00e9l\u00e9phones mobiles quantifie le niveau d\u2019exposition maximal de l\u2019utilisateur aux ondes \u00e9lectromagn\u00e9tiques, pour une utilisation \u00e0 l\u2019oreille. La r\u00e9glementation fran\u00e7aise impose que le DAS ne d\u00e9passe pas 2W\/kg  Capacit\u00e9 (m\u00e9moire) 128 Go  G\u00e9n\u00e9ral  Type de produit Smartphone  Mat\u00e9riau du boitier Acier inoxydable de niveau chirurgical, verre mat textur\u00e9  Couleur du boitier Graphite  Profondeur 7.4 mm  Largeur 78.1 mm  Hauteur 160.8 mm  Poids 226 g  Valeur DAS 0,99 W\/kg (corps), 0,99 W\/kg (t\u00eate), 3,85 W\/kg (membres)  Protection Anti-poussi\u00e8re, anti-\u00e9claboussement, \u00e9tanche  Format Tactile  Num\u00e9ro de mod\u00e8le du fabricant A2411  T\u00e9l\u00e9phone mobile  Syst\u00e8me d&#039;exploitation iOS 14  Technologie CDMA2000 1X \/ GSM \/ WCDMA (UMTS)  G\u00e9n\u00e9ration \u00e0 haut d\u00e9bit mobile 5G  Fournisseur de services Non sp\u00e9cifi\u00e9  Type de carte SIM Nano SIM, Carte SIM \u00e9lectronique (e-SIM)  Technologie de paiement Apple Pay  Navigation GPS, GLONASS, BeiDou, Galileo, QZSS  Assistant intelligent Siri  Appareil d&#039;entr\u00e9e Multi-touches, capacitif  Qt\u00e9 de carte SIM Double SIM  Processeur  Type Apple A14 Bionic  Qt\u00e9 de coeur de processeur 6 coeurs  Affichage  Technologie Super Retina XDR Display  Caract\u00e9ristiques Dolby Vision, HDR10, affichage True Tone, Affichage couleur large (P3), Touche haptique, Hybride Log-Gamma (HLG), luminosit\u00e9 max 1 200 nits (HDR)  Langues d&#039;affichage Danois, Hindi, h\u00e9breu, hongrois, tch\u00e8que, Croate, Indon\u00e9sien, Thailandais, Slovaque, chinois (traditionnel), chinois (simplifi\u00e9), Vietnamien, Ukrainien, portugais (Br\u00e9sil), anglais, allemand, fran\u00e7ais, italien, norv\u00e9gien, portugais, polonais, finnois, su\u00e9dois, russe, espagnol, hollandais, grec, turc, arabe, roumain, catalan, japonais, cor\u00e9en, Malais, UK English, Anglais de E.-U., Australian English, French Canadian, Espagnol (Am\u00e9rique latine), Chinois (traditionnel, Hong Kong), Espagnol (Mexicain)  Type Ecran OEL  Densit\u00e9 des pixels 458 ppi  Rapport de contraste 2000000:1  Protection Rev\u00eatement ol\u00e9ophobe antitrace, Ceramic Shield  Luminosit\u00e9 maximum 800 cd\/m\u00b2  Taille de la diagonale 6.7&quot;  R\u00e9solution d&#039;\u00e9cran 2778 x 1284 pixels  HDR Oui\" \/>\n<meta property=\"og:url\" content=\"https:\/\/novakmarket.com\/nl\/product\/apple-iphone-12-pro-max-128go-graphite\/\" \/>\n<meta property=\"og:site_name\" content=\"Novak Market\" \/>\n<meta property=\"article:modified_time\" content=\"2023-10-24T22:46:37+00:00\" \/>\n<meta property=\"og:image\" content=\"https:\/\/novakmarket.com\/wp-content\/uploads\/2021\/11\/PH1.jpg\" \/>\n\t<meta property=\"og:image:width\" content=\"700\" \/>\n\t<meta property=\"og:image:height\" content=\"700\" \/>\n\t<meta property=\"og:image:type\" content=\"image\/jpeg\" \/>\n<meta name=\"twitter:card\" content=\"summary_large_image\" \/>\n<script type=\"application\/ld+json\" class=\"yoast-schema-graph\">{\"@context\":\"https:\/\/schema.org\",\"@graph\":[{\"@type\":\"WebPage\",\"@id\":\"https:\/\/novakmarket.com\/produit\/apple-iphone-12-pro-max-128go-graphite\/\",\"url\":\"https:\/\/novakmarket.com\/produit\/apple-iphone-12-pro-max-128go-graphite\/\",\"name\":\"APPLE iPhone 12 Pro Max 128Go Graphite - Novak Market\",\"isPartOf\":{\"@id\":\"https:\/\/novakmarket.com\/#website\"},\"primaryImageOfPage\":{\"@id\":\"https:\/\/novakmarket.com\/produit\/apple-iphone-12-pro-max-128go-graphite\/#primaryimage\"},\"image\":{\"@id\":\"https:\/\/novakmarket.com\/produit\/apple-iphone-12-pro-max-128go-graphite\/#primaryimage\"},\"thumbnailUrl\":\"https:\/\/novakmarket.com\/wp-content\/uploads\/2021\/11\/PH1.jpg\",\"datePublished\":\"2021-11-29T19:23:46+00:00\",\"dateModified\":\"2023-10-24T22:46:37+00:00\",\"breadcrumb\":{\"@id\":\"https:\/\/novakmarket.com\/produit\/apple-iphone-12-pro-max-128go-graphite\/#breadcrumb\"},\"inLanguage\":\"nl-NL\",\"potentialAction\":[{\"@type\":\"ReadAction\",\"target\":[\"https:\/\/novakmarket.com\/produit\/apple-iphone-12-pro-max-128go-graphite\/\"]}]},{\"@type\":\"ImageObject\",\"inLanguage\":\"nl-NL\",\"@id\":\"https:\/\/novakmarket.com\/produit\/apple-iphone-12-pro-max-128go-graphite\/#primaryimage\",\"url\":\"https:\/\/novakmarket.com\/wp-content\/uploads\/2021\/11\/PH1.jpg\",\"contentUrl\":\"https:\/\/novakmarket.com\/wp-content\/uploads\/2021\/11\/PH1.jpg\",\"width\":700,\"height\":700},{\"@type\":\"BreadcrumbList\",\"@id\":\"https:\/\/novakmarket.com\/produit\/apple-iphone-12-pro-max-128go-graphite\/#breadcrumb\",\"itemListElement\":[{\"@type\":\"ListItem\",\"position\":1,\"name\":\"Accueil\",\"item\":\"https:\/\/novakmarket.com\/\"},{\"@type\":\"ListItem\",\"position\":2,\"name\":\"Boutique\",\"item\":\"https:\/\/novakmarket.com\/shop\/\"},{\"@type\":\"ListItem\",\"position\":3,\"name\":\"APPLE iPhone 12 Pro Max 128Go Graphite\"}]},{\"@type\":\"WebSite\",\"@id\":\"https:\/\/novakmarket.com\/#website\",\"url\":\"https:\/\/novakmarket.com\/\",\"name\":\"Novak Market\",\"description\":\"Vente de produits \u00e9lectroniques.\",\"publisher\":{\"@id\":\"https:\/\/novakmarket.com\/#organization\"},\"potentialAction\":[{\"@type\":\"SearchAction\",\"target\":{\"@type\":\"EntryPoint\",\"urlTemplate\":\"https:\/\/novakmarket.com\/?s={search_term_string}\"},\"query-input\":{\"@type\":\"PropertyValueSpecification\",\"valueRequired\":true,\"valueName\":\"search_term_string\"}}],\"inLanguage\":\"nl-NL\"},{\"@type\":\"Organization\",\"@id\":\"https:\/\/novakmarket.com\/#organization\",\"name\":\"Novak Market\",\"url\":\"https:\/\/novakmarket.com\/\",\"logo\":{\"@type\":\"ImageObject\",\"inLanguage\":\"nl-NL\",\"@id\":\"https:\/\/novakmarket.com\/#\/schema\/logo\/image\/\",\"url\":\"https:\/\/novakmarket.com\/wp-content\/uploads\/2026\/02\/cropped-footer-pc-removebg-preview.png\",\"contentUrl\":\"https:\/\/novakmarket.com\/wp-content\/uploads\/2026\/02\/cropped-footer-pc-removebg-preview.png\",\"width\":202,\"height\":73,\"caption\":\"Novak Market\"},\"image\":{\"@id\":\"https:\/\/novakmarket.com\/#\/schema\/logo\/image\/\"}}]}<\/script>\n<!-- \/ Yoast SEO plugin. -->","yoast_head_json":{"title":"APPLE iPhone 12 Pro Max 128Go Graphite - Novak Market","robots":{"index":"index","follow":"follow","max-snippet":"max-snippet:-1","max-image-preview":"max-image-preview:large","max-video-preview":"max-video-preview:-1"},"canonical":"https:\/\/novakmarket.com\/nl\/product\/apple-iphone-12-pro-max-128go-graphite\/","og_locale":"nl_NL","og_type":"article","og_title":"APPLE iPhone 12 Pro Max 128Go Graphite - Novak Market","og_description":"Nom du produit APPLE iPhone 12 Pro Max 128Go Graphite  Cat\u00e9gorie SMARTPHONE  R\u00e9f\u00e9rence MGD73F\/A  Informations sur le produit  Sous-\u00e9tat Neuf  Couleur(s) Graphite  DAS DAS T\u00eate : 0,99 W\/kg ; DAS tronc : 0,99 W\/kg ; DAS membre : 3,85 W\/Kg  Information DAS Le DAS (d\u00e9bit d\u2019absorption sp\u00e9cifique) des t\u00e9l\u00e9phones mobiles quantifie le niveau d\u2019exposition maximal de l\u2019utilisateur aux ondes \u00e9lectromagn\u00e9tiques, pour une utilisation \u00e0 l\u2019oreille. La r\u00e9glementation fran\u00e7aise impose que le DAS ne d\u00e9passe pas 2W\/kg  Capacit\u00e9 (m\u00e9moire) 128 Go  G\u00e9n\u00e9ral  Type de produit Smartphone  Mat\u00e9riau du boitier Acier inoxydable de niveau chirurgical, verre mat textur\u00e9  Couleur du boitier Graphite  Profondeur 7.4 mm  Largeur 78.1 mm  Hauteur 160.8 mm  Poids 226 g  Valeur DAS 0,99 W\/kg (corps), 0,99 W\/kg (t\u00eate), 3,85 W\/kg (membres)  Protection Anti-poussi\u00e8re, anti-\u00e9claboussement, \u00e9tanche  Format Tactile  Num\u00e9ro de mod\u00e8le du fabricant A2411  T\u00e9l\u00e9phone mobile  Syst\u00e8me d'exploitation iOS 14  Technologie CDMA2000 1X \/ GSM \/ WCDMA (UMTS)  G\u00e9n\u00e9ration \u00e0 haut d\u00e9bit mobile 5G  Fournisseur de services Non sp\u00e9cifi\u00e9  Type de carte SIM Nano SIM, Carte SIM \u00e9lectronique (e-SIM)  Technologie de paiement Apple Pay  Navigation GPS, GLONASS, BeiDou, Galileo, QZSS  Assistant intelligent Siri  Appareil d'entr\u00e9e Multi-touches, capacitif  Qt\u00e9 de carte SIM Double SIM  Processeur  Type Apple A14 Bionic  Qt\u00e9 de coeur de processeur 6 coeurs  Affichage  Technologie Super Retina XDR Display  Caract\u00e9ristiques Dolby Vision, HDR10, affichage True Tone, Affichage couleur large (P3), Touche haptique, Hybride Log-Gamma (HLG), luminosit\u00e9 max 1 200 nits (HDR)  Langues d'affichage Danois, Hindi, h\u00e9breu, hongrois, tch\u00e8que, Croate, Indon\u00e9sien, Thailandais, Slovaque, chinois (traditionnel), chinois (simplifi\u00e9), Vietnamien, Ukrainien, portugais (Br\u00e9sil), anglais, allemand, fran\u00e7ais, italien, norv\u00e9gien, portugais, polonais, finnois, su\u00e9dois, russe, espagnol, hollandais, grec, turc, arabe, roumain, catalan, japonais, cor\u00e9en, Malais, UK English, Anglais de E.-U., Australian English, French Canadian, Espagnol (Am\u00e9rique latine), Chinois (traditionnel, Hong Kong), Espagnol (Mexicain)  Type Ecran OEL  Densit\u00e9 des pixels 458 ppi  Rapport de contraste 2000000:1  Protection Rev\u00eatement ol\u00e9ophobe antitrace, Ceramic Shield  Luminosit\u00e9 maximum 800 cd\/m\u00b2  Taille de la diagonale 6.7\"  R\u00e9solution d'\u00e9cran 2778 x 1284 pixels  HDR Oui","og_url":"https:\/\/novakmarket.com\/nl\/product\/apple-iphone-12-pro-max-128go-graphite\/","og_site_name":"Novak Market","article_modified_time":"2023-10-24T22:46:37+00:00","og_image":[{"width":700,"height":700,"url":"https:\/\/novakmarket.com\/wp-content\/uploads\/2021\/11\/PH1.jpg","type":"image\/jpeg"}],"twitter_card":"summary_large_image","schema":{"@context":"https:\/\/schema.org","@graph":[{"@type":"WebPage","@id":"https:\/\/novakmarket.com\/produit\/apple-iphone-12-pro-max-128go-graphite\/","url":"https:\/\/novakmarket.com\/produit\/apple-iphone-12-pro-max-128go-graphite\/","name":"APPLE iPhone 12 Pro Max 128Go Graphite - Novak Market","isPartOf":{"@id":"https:\/\/novakmarket.com\/#website"},"primaryImageOfPage":{"@id":"https:\/\/novakmarket.com\/produit\/apple-iphone-12-pro-max-128go-graphite\/#primaryimage"},"image":{"@id":"https:\/\/novakmarket.com\/produit\/apple-iphone-12-pro-max-128go-graphite\/#primaryimage"},"thumbnailUrl":"https:\/\/novakmarket.com\/wp-content\/uploads\/2021\/11\/PH1.jpg","datePublished":"2021-11-29T19:23:46+00:00","dateModified":"2023-10-24T22:46:37+00:00","breadcrumb":{"@id":"https:\/\/novakmarket.com\/produit\/apple-iphone-12-pro-max-128go-graphite\/#breadcrumb"},"inLanguage":"nl-NL","potentialAction":[{"@type":"ReadAction","target":["https:\/\/novakmarket.com\/produit\/apple-iphone-12-pro-max-128go-graphite\/"]}]},{"@type":"ImageObject","inLanguage":"nl-NL","@id":"https:\/\/novakmarket.com\/produit\/apple-iphone-12-pro-max-128go-graphite\/#primaryimage","url":"https:\/\/novakmarket.com\/wp-content\/uploads\/2021\/11\/PH1.jpg","contentUrl":"https:\/\/novakmarket.com\/wp-content\/uploads\/2021\/11\/PH1.jpg","width":700,"height":700},{"@type":"BreadcrumbList","@id":"https:\/\/novakmarket.com\/produit\/apple-iphone-12-pro-max-128go-graphite\/#breadcrumb","itemListElement":[{"@type":"ListItem","position":1,"name":"Accueil","item":"https:\/\/novakmarket.com\/"},{"@type":"ListItem","position":2,"name":"Boutique","item":"https:\/\/novakmarket.com\/shop\/"},{"@type":"ListItem","position":3,"name":"APPLE iPhone 12 Pro Max 128Go Graphite"}]},{"@type":"WebSite","@id":"https:\/\/novakmarket.com\/#website","url":"https:\/\/novakmarket.com\/","name":"Novak Market","description":"Vente de produits \u00e9lectroniques.","publisher":{"@id":"https:\/\/novakmarket.com\/#organization"},"potentialAction":[{"@type":"SearchAction","target":{"@type":"EntryPoint","urlTemplate":"https:\/\/novakmarket.com\/?s={search_term_string}"},"query-input":{"@type":"PropertyValueSpecification","valueRequired":true,"valueName":"search_term_string"}}],"inLanguage":"nl-NL"},{"@type":"Organization","@id":"https:\/\/novakmarket.com\/#organization","name":"Novak Market","url":"https:\/\/novakmarket.com\/","logo":{"@type":"ImageObject","inLanguage":"nl-NL","@id":"https:\/\/novakmarket.com\/#\/schema\/logo\/image\/","url":"https:\/\/novakmarket.com\/wp-content\/uploads\/2026\/02\/cropped-footer-pc-removebg-preview.png","contentUrl":"https:\/\/novakmarket.com\/wp-content\/uploads\/2026\/02\/cropped-footer-pc-removebg-preview.png","width":202,"height":73,"caption":"Novak Market"},"image":{"@id":"https:\/\/novakmarket.com\/#\/schema\/logo\/image\/"}}]}},"_links":{"self":[{"href":"https:\/\/novakmarket.com\/nl\/wp-json\/wp\/v2\/product\/6821","targetHints":{"allow":["GET"]}}],"collection":[{"href":"https:\/\/novakmarket.com\/nl\/wp-json\/wp\/v2\/product"}],"about":[{"href":"https:\/\/novakmarket.com\/nl\/wp-json\/wp\/v2\/types\/product"}],"replies":[{"embeddable":true,"href":"https:\/\/novakmarket.com\/nl\/wp-json\/wp\/v2\/comments?post=6821"}],"wp:featuredmedia":[{"embeddable":true,"href":"https:\/\/novakmarket.com\/nl\/wp-json\/wp\/v2\/media\/6851"}],"wp:attachment":[{"href":"https:\/\/novakmarket.com\/nl\/wp-json\/wp\/v2\/media?parent=6821"}],"wp:term":[{"taxonomy":"product_brand","embeddable":true,"href":"https:\/\/novakmarket.com\/nl\/wp-json\/wp\/v2\/product_brand?post=6821"},{"taxonomy":"product_cat","embeddable":true,"href":"https:\/\/novakmarket.com\/nl\/wp-json\/wp\/v2\/product_cat?post=6821"},{"taxonomy":"product_tag","embeddable":true,"href":"https:\/\/novakmarket.com\/nl\/wp-json\/wp\/v2\/product_tag?post=6821"}],"curies":[{"name":"wp","href":"https:\/\/api.w.org\/{rel}","templated":true}]}}