{"id":5490,"date":"2021-11-29T19:29:07","date_gmt":"2021-11-29T18:29:07","guid":{"rendered":"https:\/\/bestymarketshop.com\/?post_type=product&#038;p=5490"},"modified":"2021-12-02T15:10:35","modified_gmt":"2021-12-02T14:10:35","slug":"robot-cuiseur-moulinex-connecte","status":"publish","type":"product","link":"https:\/\/novakmarket.com\/pt\/produto\/robot-cuiseur-moulinex-connecte\/","title":{"rendered":"Robot cuiseur Moulinex connect\u00e9"},"content":{"rendered":"<p>&nbsp;<br \/>\n&nbsp;<br \/>\n<img loading=\"lazy\" decoding=\"async\" class=\"alignnone size-medium wp-image-6900\" src=\"https:\/\/electrospotshop.com\/wp-content\/uploads\/2020\/06\/b11-300x300.jpg\" alt=\"\" width=\"300\" height=\"300\" \/><\/p>\n<div id=\"presTitle\" class=\"fpCat testSep\">\n<div class=\"fpCatTitle\">Pr\u00e9sentation produit : Robot cuiseur Moulinex connect\u00e9 I-Companion XL HF906B10 \u2022 Robot de cuisine \u2022 Cuisine et cuisson<\/div>\n<\/div>\n<div id=\"presContent\" class=\"fpBlk testSep extCode\">Robot cuiseur Moulinex connect\u00e9 I-Companion XL HF906B10 \u2022 Coloris: Gris \u2022 Garantie: 2 ans \u2022 Livr\u00e9 avec: Notice \u2022 Gamme: Companion \u2022 Nombre de vitesse: 13 vitesses \u2022 Fabriqu\u00e9 en: France \u2022 Puissance: 1550 W \u2022 Type robot: Robot cuiseur \u2022 Fonctions: Cuit, mijote, cuit \u00e0 la vapeur, rissole, m\u00e9lange, p\u00e9trit\u2026sans besoin de surveiller la pr\u00e9paration \u2022 Mati\u00e8re du corps: Plastique \u2022 Bols compatibles lave-vaisselle: Oui \u2022 Ecran: Oui \u2022 Appareil connect\u00e9: Oui \u2022 Accessoires compatibles lave-vaisselle: Oui \u2022 Int\u00e9rrupteur Marche\/Arr\u00eat: Oui \u2022 Nombres de fonctions: 6 fonctions \u2022 Minuteur: Oui \u2022 Balance de pesage int\u00e9gr\u00e9e: Non \u2022 Cuisson: Oui \u2022 Glace pil\u00e9e: Non \u2022 Mijoter: Oui \u2022 Couper: Oui \u2022 Trancher: Oui \u2022 Petrir: Oui \u2022 Raper: Oui \u2022 Fouetter: Oui \u2022 Chauffer: Oui \u2022 Battre: Oui \u2022 Emincer: Non \u2022 Rin\u00e7age: Non \u2022 Type de cuisson: R\u00e9sistance \u2022 Temp\u00e9rature mini: 30 \u00b0C \u2022 Temp\u00e9rature maxi: 150 \u00b0C \u2022 Pr\u00e9cison: Par 5\u00b0C \u2022 Cuisson vapeur: Oui \u2022 Maintien au chaud automatique: Oui \u2022 Type de moteur: Moteur classique \u2022 Mouvement plan\u00e9taire: Non \u2022 Mati\u00e8re du bol: Inox \u2022 Nombre de bols: 1 \u2022 Capacit\u00e9 du bol: Capacit\u00e9 XL (4,5 L) \u2022 Utile: 3,0 L \u2022 Variateur de vitesses: Oui \u2022 Touche pulse: Oui \u2022 Vitesse maximale: 16000 tr\/mn \u2022 Programmes de cuisson: 10 programmes \u2022 Mode manuel: Mode manuel pour cr\u00e9er vos propres recettes \u2022 Spatule: Oui \u2022 Kit p\u00e2tisserie: Non \u2022 Blender: Non \u2022 Bol multifonction: Non \u2022 R\u00e2peur \/ trancheur: Non \u2022 Panier vapeur: Oui \u2022 Poids brut: 12,25 Kg \u2022 Bo\u00eete de rangement des accessoires: Oui \u2022 Couvercle anti-\u00e9claboussures: Oui \u2022 D\u00e9couvrez: Comme un Chef \u2022 Une application gratuite \u00e0 t\u00e9l\u00e9charger: Recettes Companion \u2022 Syst\u00e8mes compatibles: iOS et Android \u2022 Autres accessoires: Accessoire Fond Plat, D\u00e9coupe L\u00e9gumes \u2022 Rangement du cordon: Oui \u2022 Touche turbo: Oui \u2022 Chemin\u00e9e extra-large: Vous permet d\u2019ins\u00e9rer de plus gros morceaux d\u2019aliments sans les pr\u00e9d\u00e9couper \u2022 Batteur(s): 1 \u2022 Couteau: Oui \u2022 M\u00e9langeur: Oui \u2022 Couteau hachoir aff\u00fbt\u00e9: Oui<\/div>\n<div id=\"descContent\" class=\"fpBlk testSep\" data-cs-override-id=\"Descriptif\">\n<p class=\"fpMb\">Coloris: Gris \u2022 Garantie: 2 ans \u2022 Livr\u00e9 avec: Notice \u2022 Gamme: Companion \u2022 Nombre de vitesse: 13 vitesses \u2022 Fabriqu\u00e9 en: France \u2022 Puissance: 1550 W \u2022 Type robot: Robot cuiseur \u2022 Fonctions: Cuit, mijote, cuit \u00e0 la vapeur, rissole, m\u00e9lange, p\u00e9trit\u2026sans besoin de surveiller la pr\u00e9paration \u2022 Mati\u00e8re du corps: Plastique \u2022 Bols compatibles lave-vaisselle: Oui<\/p>\n<\/div>","protected":false},"excerpt":{"rendered":"<table class=\"fpDescTb fpDescTbPub\">\n<tbody>\n<tr>\n<td>Marque<\/td>\n<td><a title=\"MOULINEX\" href=\"https:\/\/www.cdiscount.com\/m-155-moulinex.html\" data-link=\"SFP-ZBN-TNO-DPM\">MOULINEX<\/a><\/td>\n<\/tr>\n<tr>\n<td>Nom du produit<\/td>\n<td>Robot cuiseur Moulinex connect\u00e9 I-Companion XL HF9<\/td>\n<\/tr>\n<tr>\n<td>Cat\u00e9gorie<\/td>\n<td>ROBOT DE CUISINE<\/td>\n<\/tr>\n<tr>\n<th colspan=\"2\">Informations sur le produit<\/th>\n<\/tr>\n<tr>\n<td>Robots de cuisine|Capacit\u00e9 du bol<\/td>\n<td>4,5 Litres<\/td>\n<\/tr>\n<tr>\n<th colspan=\"2\">G\u00e9n\u00e9ral<\/th>\n<\/tr>\n<tr>\n<td>Type de produit<\/td>\n<td>Robot cuiseur<\/td>\n<\/tr>\n<tr>\n<td>Fonction et param\u00e8tres<\/td>\n<td>Fonction turbo, fonction impulsion<\/td>\n<\/tr>\n<tr>\n<td>Mat\u00e9riel de bol<\/td>\n<td>Acier inoxydable<\/td>\n<\/tr>\n<tr>\n<td>Compatible lave-vaisselle<\/td>\n<td>Parties amovibles<\/td>\n<\/tr>\n<tr>\n<td>Contenance<\/td>\n<td>3 litres<\/td>\n<\/tr>\n<tr>\n<td>Nombre de programmes<\/td>\n<td>10<\/td>\n<\/tr>\n<tr>\n<th colspan=\"2\">R\u00e9glages, commandes et voyants<\/th>\n<\/tr>\n<tr>\n<td>Compatible smartphone<\/td>\n<td>Oui<\/td>\n<\/tr>\n<tr>\n<th colspan=\"2\">Consommation<\/th>\n<\/tr>\n<tr>\n<td>Rangement du cordon<\/td>\n<td>Oui<\/td>\n<\/tr>\n<tr>\n<th colspan=\"2\">Attributs de recherche<\/th>\n<\/tr>\n<tr>\n<td>Petit Electrom\u00e9nager|Contenance<\/td>\n<td>3 Litres<\/td>\n<\/tr>\n<\/tbody>\n<\/table>","protected":false},"featured_media":5522,"comment_status":"open","ping_status":"closed","template":"","meta":{"_acf_changed":false},"product_brand":[],"product_cat":[282],"product_tag":[],"class_list":{"0":"post-5490","1":"product","2":"type-product","3":"status-publish","4":"has-post-thumbnail","6":"product_cat-appareils-electromenagers","8":"first","9":"instock","10":"shipping-taxable","11":"purchasable","12":"product-type-simple"},"acf":[],"yoast_head":"<!-- This site is optimized with the Yoast SEO plugin v27.2 - https:\/\/yoast.com\/product\/yoast-seo-wordpress\/ -->\n<title>Robot cuiseur Moulinex connect\u00e9 - Novak Market<\/title>\n<meta name=\"robots\" content=\"index, follow, max-snippet:-1, max-image-preview:large, max-video-preview:-1\" \/>\n<link rel=\"canonical\" href=\"https:\/\/novakmarket.com\/pt\/produto\/robot-cuiseur-moulinex-connecte\/\" \/>\n<meta property=\"og:locale\" content=\"pt_PT\" \/>\n<meta property=\"og:type\" content=\"article\" \/>\n<meta property=\"og:title\" content=\"Robot cuiseur Moulinex connect\u00e9 - Novak Market\" \/>\n<meta property=\"og:description\" content=\"Marque MOULINEX  Nom du produit Robot cuiseur Moulinex connect\u00e9 I-Companion XL HF9  Cat\u00e9gorie ROBOT DE CUISINE  Informations sur le produit  Robots de cuisine|Capacit\u00e9 du bol 4,5 Litres  G\u00e9n\u00e9ral  Type de produit Robot cuiseur  Fonction et param\u00e8tres Fonction turbo, fonction impulsion  Mat\u00e9riel de bol Acier inoxydable  Compatible lave-vaisselle Parties amovibles  Contenance 3 litres  Nombre de programmes 10  R\u00e9glages, commandes et voyants  Compatible smartphone Oui  Consommation  Rangement du cordon Oui  Attributs de recherche  Petit Electrom\u00e9nager|Contenance 3 Litres\" \/>\n<meta property=\"og:url\" content=\"https:\/\/novakmarket.com\/pt\/produto\/robot-cuiseur-moulinex-connecte\/\" \/>\n<meta property=\"og:site_name\" content=\"Novak Market\" \/>\n<meta property=\"article:modified_time\" content=\"2021-12-02T14:10:35+00:00\" \/>\n<meta property=\"og:image\" content=\"https:\/\/novakmarket.com\/wp-content\/uploads\/2021\/11\/b11-1.jpg\" \/>\n\t<meta property=\"og:image:width\" content=\"700\" \/>\n\t<meta property=\"og:image:height\" content=\"700\" \/>\n\t<meta property=\"og:image:type\" content=\"image\/jpeg\" \/>\n<meta name=\"twitter:card\" content=\"summary_large_image\" \/>\n<meta name=\"twitter:label1\" content=\"Tempo estimado de leitura\" \/>\n\t<meta name=\"twitter:data1\" content=\"2 minutos\" \/>\n<script type=\"application\/ld+json\" class=\"yoast-schema-graph\">{\"@context\":\"https:\/\/schema.org\",\"@graph\":[{\"@type\":\"WebPage\",\"@id\":\"https:\/\/novakmarket.com\/produit\/robot-cuiseur-moulinex-connecte\/\",\"url\":\"https:\/\/novakmarket.com\/produit\/robot-cuiseur-moulinex-connecte\/\",\"name\":\"Robot cuiseur Moulinex connect\u00e9 - Novak Market\",\"isPartOf\":{\"@id\":\"https:\/\/novakmarket.com\/#website\"},\"primaryImageOfPage\":{\"@id\":\"https:\/\/novakmarket.com\/produit\/robot-cuiseur-moulinex-connecte\/#primaryimage\"},\"image\":{\"@id\":\"https:\/\/novakmarket.com\/produit\/robot-cuiseur-moulinex-connecte\/#primaryimage\"},\"thumbnailUrl\":\"https:\/\/novakmarket.com\/wp-content\/uploads\/2021\/11\/b11-1.jpg\",\"datePublished\":\"2021-11-29T18:29:07+00:00\",\"dateModified\":\"2021-12-02T14:10:35+00:00\",\"breadcrumb\":{\"@id\":\"https:\/\/novakmarket.com\/produit\/robot-cuiseur-moulinex-connecte\/#breadcrumb\"},\"inLanguage\":\"pt-PT\",\"potentialAction\":[{\"@type\":\"ReadAction\",\"target\":[\"https:\/\/novakmarket.com\/produit\/robot-cuiseur-moulinex-connecte\/\"]}]},{\"@type\":\"ImageObject\",\"inLanguage\":\"pt-PT\",\"@id\":\"https:\/\/novakmarket.com\/produit\/robot-cuiseur-moulinex-connecte\/#primaryimage\",\"url\":\"https:\/\/novakmarket.com\/wp-content\/uploads\/2021\/11\/b11-1.jpg\",\"contentUrl\":\"https:\/\/novakmarket.com\/wp-content\/uploads\/2021\/11\/b11-1.jpg\",\"width\":700,\"height\":700},{\"@type\":\"BreadcrumbList\",\"@id\":\"https:\/\/novakmarket.com\/produit\/robot-cuiseur-moulinex-connecte\/#breadcrumb\",\"itemListElement\":[{\"@type\":\"ListItem\",\"position\":1,\"name\":\"Accueil\",\"item\":\"https:\/\/novakmarket.com\/\"},{\"@type\":\"ListItem\",\"position\":2,\"name\":\"Boutique\",\"item\":\"https:\/\/novakmarket.com\/shop\/\"},{\"@type\":\"ListItem\",\"position\":3,\"name\":\"Robot cuiseur Moulinex connect\u00e9\"}]},{\"@type\":\"WebSite\",\"@id\":\"https:\/\/novakmarket.com\/#website\",\"url\":\"https:\/\/novakmarket.com\/\",\"name\":\"Novak Market\",\"description\":\"Vente de produits \u00e9lectroniques.\",\"publisher\":{\"@id\":\"https:\/\/novakmarket.com\/#organization\"},\"potentialAction\":[{\"@type\":\"SearchAction\",\"target\":{\"@type\":\"EntryPoint\",\"urlTemplate\":\"https:\/\/novakmarket.com\/?s={search_term_string}\"},\"query-input\":{\"@type\":\"PropertyValueSpecification\",\"valueRequired\":true,\"valueName\":\"search_term_string\"}}],\"inLanguage\":\"pt-PT\"},{\"@type\":\"Organization\",\"@id\":\"https:\/\/novakmarket.com\/#organization\",\"name\":\"Novak Market\",\"url\":\"https:\/\/novakmarket.com\/\",\"logo\":{\"@type\":\"ImageObject\",\"inLanguage\":\"pt-PT\",\"@id\":\"https:\/\/novakmarket.com\/#\/schema\/logo\/image\/\",\"url\":\"https:\/\/novakmarket.com\/wp-content\/uploads\/2026\/02\/cropped-footer-pc-removebg-preview.png\",\"contentUrl\":\"https:\/\/novakmarket.com\/wp-content\/uploads\/2026\/02\/cropped-footer-pc-removebg-preview.png\",\"width\":202,\"height\":73,\"caption\":\"Novak Market\"},\"image\":{\"@id\":\"https:\/\/novakmarket.com\/#\/schema\/logo\/image\/\"}}]}<\/script>\n<!-- \/ Yoast SEO plugin. -->","yoast_head_json":{"title":"Robot cuiseur Moulinex connect\u00e9 - Novak Market","robots":{"index":"index","follow":"follow","max-snippet":"max-snippet:-1","max-image-preview":"max-image-preview:large","max-video-preview":"max-video-preview:-1"},"canonical":"https:\/\/novakmarket.com\/pt\/produto\/robot-cuiseur-moulinex-connecte\/","og_locale":"pt_PT","og_type":"article","og_title":"Robot cuiseur Moulinex connect\u00e9 - Novak Market","og_description":"Marque MOULINEX  Nom du produit Robot cuiseur Moulinex connect\u00e9 I-Companion XL HF9  Cat\u00e9gorie ROBOT DE CUISINE  Informations sur le produit  Robots de cuisine|Capacit\u00e9 du bol 4,5 Litres  G\u00e9n\u00e9ral  Type de produit Robot cuiseur  Fonction et param\u00e8tres Fonction turbo, fonction impulsion  Mat\u00e9riel de bol Acier inoxydable  Compatible lave-vaisselle Parties amovibles  Contenance 3 litres  Nombre de programmes 10  R\u00e9glages, commandes et voyants  Compatible smartphone Oui  Consommation  Rangement du cordon Oui  Attributs de recherche  Petit Electrom\u00e9nager|Contenance 3 Litres","og_url":"https:\/\/novakmarket.com\/pt\/produto\/robot-cuiseur-moulinex-connecte\/","og_site_name":"Novak Market","article_modified_time":"2021-12-02T14:10:35+00:00","og_image":[{"width":700,"height":700,"url":"https:\/\/novakmarket.com\/wp-content\/uploads\/2021\/11\/b11-1.jpg","type":"image\/jpeg"}],"twitter_card":"summary_large_image","twitter_misc":{"Tempo estimado de leitura":"2 minutos"},"schema":{"@context":"https:\/\/schema.org","@graph":[{"@type":"WebPage","@id":"https:\/\/novakmarket.com\/produit\/robot-cuiseur-moulinex-connecte\/","url":"https:\/\/novakmarket.com\/produit\/robot-cuiseur-moulinex-connecte\/","name":"Robot cuiseur Moulinex connect\u00e9 - Novak Market","isPartOf":{"@id":"https:\/\/novakmarket.com\/#website"},"primaryImageOfPage":{"@id":"https:\/\/novakmarket.com\/produit\/robot-cuiseur-moulinex-connecte\/#primaryimage"},"image":{"@id":"https:\/\/novakmarket.com\/produit\/robot-cuiseur-moulinex-connecte\/#primaryimage"},"thumbnailUrl":"https:\/\/novakmarket.com\/wp-content\/uploads\/2021\/11\/b11-1.jpg","datePublished":"2021-11-29T18:29:07+00:00","dateModified":"2021-12-02T14:10:35+00:00","breadcrumb":{"@id":"https:\/\/novakmarket.com\/produit\/robot-cuiseur-moulinex-connecte\/#breadcrumb"},"inLanguage":"pt-PT","potentialAction":[{"@type":"ReadAction","target":["https:\/\/novakmarket.com\/produit\/robot-cuiseur-moulinex-connecte\/"]}]},{"@type":"ImageObject","inLanguage":"pt-PT","@id":"https:\/\/novakmarket.com\/produit\/robot-cuiseur-moulinex-connecte\/#primaryimage","url":"https:\/\/novakmarket.com\/wp-content\/uploads\/2021\/11\/b11-1.jpg","contentUrl":"https:\/\/novakmarket.com\/wp-content\/uploads\/2021\/11\/b11-1.jpg","width":700,"height":700},{"@type":"BreadcrumbList","@id":"https:\/\/novakmarket.com\/produit\/robot-cuiseur-moulinex-connecte\/#breadcrumb","itemListElement":[{"@type":"ListItem","position":1,"name":"Accueil","item":"https:\/\/novakmarket.com\/"},{"@type":"ListItem","position":2,"name":"Boutique","item":"https:\/\/novakmarket.com\/shop\/"},{"@type":"ListItem","position":3,"name":"Robot cuiseur Moulinex connect\u00e9"}]},{"@type":"WebSite","@id":"https:\/\/novakmarket.com\/#website","url":"https:\/\/novakmarket.com\/","name":"Novak Market","description":"Vente de produits \u00e9lectroniques.","publisher":{"@id":"https:\/\/novakmarket.com\/#organization"},"potentialAction":[{"@type":"SearchAction","target":{"@type":"EntryPoint","urlTemplate":"https:\/\/novakmarket.com\/?s={search_term_string}"},"query-input":{"@type":"PropertyValueSpecification","valueRequired":true,"valueName":"search_term_string"}}],"inLanguage":"pt-PT"},{"@type":"Organization","@id":"https:\/\/novakmarket.com\/#organization","name":"Novak Market","url":"https:\/\/novakmarket.com\/","logo":{"@type":"ImageObject","inLanguage":"pt-PT","@id":"https:\/\/novakmarket.com\/#\/schema\/logo\/image\/","url":"https:\/\/novakmarket.com\/wp-content\/uploads\/2026\/02\/cropped-footer-pc-removebg-preview.png","contentUrl":"https:\/\/novakmarket.com\/wp-content\/uploads\/2026\/02\/cropped-footer-pc-removebg-preview.png","width":202,"height":73,"caption":"Novak Market"},"image":{"@id":"https:\/\/novakmarket.com\/#\/schema\/logo\/image\/"}}]}},"_links":{"self":[{"href":"https:\/\/novakmarket.com\/pt\/wp-json\/wp\/v2\/product\/5490","targetHints":{"allow":["GET"]}}],"collection":[{"href":"https:\/\/novakmarket.com\/pt\/wp-json\/wp\/v2\/product"}],"about":[{"href":"https:\/\/novakmarket.com\/pt\/wp-json\/wp\/v2\/types\/product"}],"replies":[{"embeddable":true,"href":"https:\/\/novakmarket.com\/pt\/wp-json\/wp\/v2\/comments?post=5490"}],"wp:featuredmedia":[{"embeddable":true,"href":"https:\/\/novakmarket.com\/pt\/wp-json\/wp\/v2\/media\/5522"}],"wp:attachment":[{"href":"https:\/\/novakmarket.com\/pt\/wp-json\/wp\/v2\/media?parent=5490"}],"wp:term":[{"taxonomy":"product_brand","embeddable":true,"href":"https:\/\/novakmarket.com\/pt\/wp-json\/wp\/v2\/product_brand?post=5490"},{"taxonomy":"product_cat","embeddable":true,"href":"https:\/\/novakmarket.com\/pt\/wp-json\/wp\/v2\/product_cat?post=5490"},{"taxonomy":"product_tag","embeddable":true,"href":"https:\/\/novakmarket.com\/pt\/wp-json\/wp\/v2\/product_tag?post=5490"}],"curies":[{"name":"wp","href":"https:\/\/api.w.org\/{rel}","templated":true}]}}