{"id":5543,"date":"2021-11-29T19:29:39","date_gmt":"2021-11-29T18:29:39","guid":{"rendered":"https:\/\/bestymarketshop.com\/?post_type=product&#038;p=5543"},"modified":"2021-12-02T15:10:55","modified_gmt":"2021-12-02T14:10:55","slug":"robot-singer","status":"publish","type":"product","link":"https:\/\/novakmarket.com\/pt\/produto\/robot-singer\/","title":{"rendered":"Robot SINGER"},"content":{"rendered":"<p><img loading=\"lazy\" decoding=\"async\" class=\"alignnone size-medium wp-image-6964\" src=\"https:\/\/electrospotshop.com\/wp-content\/uploads\/2020\/06\/XW2-300x300.jpg\" alt=\"\" width=\"300\" height=\"300\" \/><\/p>\n<div id=\"presContent\" class=\"fpBlk testSep extCode\">Caracteristiques generales . Type robot : Robot cuiseur . Fonctions : Cuit, mijote, cuit \u00e0 la vapeur, rissole, m\u00e9lange, p\u00e9trit&#8230;sans besoin de surveiller la pr\u00e9paration . Coloris : Blanc \/ Grenat . Ecran : LCD . Pieds ventouses : Oui . Int\u00e9rrupteur Marche\/Arr\u00eat : Oui . Cuisson . Type de cuisson : R\u00e9sistance . Puissance de cuisson : 1000 Watts. Temp\u00e9rature mini : 20 \u00b0. Temp\u00e9rature maxi : 120 \u00b0C. Cuisson vapeur : O&#8230;<\/div>\n<div id=\"desc\" class=\"anchor\"><\/div>\n<div id=\"descContent\" class=\"fpBlk testSep\" data-cs-override-id=\"Descriptif\">\n<p class=\"fpMb\">Caracteristiques generales . Type robot : Robot cuiseur . Fonctions : Cuit, mijote, cuit \u00e0 la vapeur, rissole, m\u00e9lange, p\u00e9trit&#8230;sans besoin de surveiller la pr\u00e9paration . Coloris : Blanc \/ Grenat . Ecran : LCD . Pieds ventouses : Oui . Int\u00e9rrupteur Marche\/Arr\u00eat : Oui . Cuisson . Type de cuisson : R\u00e9sistance . Puissance de cuisson : 1000 Watts. Temp\u00e9rature mini : 20 \u00b0. Temp\u00e9rature maxi : 120 \u00b0C.<\/p>\n<\/div>","protected":false},"excerpt":{"rendered":"<table class=\"fpDescTb fpDescTbPub\">\n<tbody>\n<tr>\n<td>Marque<\/td>\n<td>SINGER<\/td>\n<\/tr>\n<tr>\n<td>Nom du produit<\/td>\n<td>Robot SINGER SF501E<\/td>\n<\/tr>\n<tr>\n<td>Cat\u00e9gorie<\/td>\n<td>ROBOT DE CUISINE<\/td>\n<\/tr>\n<tr>\n<th colspan=\"2\">G\u00e9n\u00e9ral<\/th>\n<\/tr>\n<tr>\n<td>Type de Produit<\/td>\n<td>Robot cuiseur<\/td>\n<\/tr>\n<tr>\n<td>Temp\u00e9rature maximum<\/td>\n<td>120 \u00b0C<\/td>\n<\/tr>\n<tr>\n<td>Temp\u00e9rature variable<\/td>\n<td>Oui<\/td>\n<\/tr>\n<tr>\n<td>Plage de temp\u00e9ratures<\/td>\n<td>De 20\u00b0C \u00e0 120\u00b0C<\/td>\n<\/tr>\n<tr>\n<td>Fonction et param\u00e8tres<\/td>\n<td>Fonction turbo, fonction mijoter, fonction impulsion<\/td>\n<\/tr>\n<tr>\n<td>Contenance<\/td>\n<td>3.5 litres<\/td>\n<\/tr>\n<tr>\n<th colspan=\"2\">R\u00e9glages, commandes et voyants<\/th>\n<\/tr>\n<tr>\n<td>Minuteur<\/td>\n<td>60 hrs<\/td>\n<\/tr>\n<tr>\n<td>R\u00e9glages de la vitesse<\/td>\n<td>12 pr\u00e9s\u00e9lections<\/td>\n<\/tr>\n<tr>\n<td>Indicateurs<\/td>\n<td>Oui<\/td>\n<\/tr>\n<tr>\n<th colspan=\"2\">Consommation<\/th>\n<\/tr>\n<tr>\n<td>Alimentation<\/td>\n<td>220 &#8211; 240 V \/ 50 Hz<\/td>\n<\/tr>\n<tr>\n<td>Puissance \u00e9lectrique<\/td>\n<td>1500 Watt<\/td>\n<\/tr>\n<tr>\n<td>Interrupteur Marche\/Arr\u00eat<\/td>\n<td>Oui<\/td>\n<\/tr>\n<tr>\n<th colspan=\"2\">Divers<\/th>\n<\/tr>\n<tr>\n<td>Normes de conformit\u00e9<\/td>\n<td>DEEE<\/td>\n<\/tr>\n<tr>\n<th colspan=\"2\">Dimensions et poids<\/th>\n<\/tr>\n<tr>\n<td>Largeur<\/td>\n<td>44.5 cm<\/td>\n<\/tr>\n<tr>\n<td>Hauteur<\/td>\n<td>54 cm<\/td>\n<\/tr>\n<tr>\n<td>Profondeur<\/td>\n<td>32 cm<\/td>\n<\/tr>\n<tr>\n<td>Poids<\/td>\n<td>8.1 kg<\/td>\n<\/tr>\n<tr>\n<th colspan=\"2\">Attributs de recherche<\/th>\n<\/tr>\n<tr>\n<td>Petit Electrom\u00e9nager|Contenance<\/td>\n<td>3,5 Litres<\/td>\n<\/tr>\n<tr>\n<th colspan=\"2\">Affichage<\/th>\n<\/tr>\n<tr>\n<td>Type<\/td>\n<td>Ecran LCD<\/td>\n<\/tr>\n<\/tbody>\n<\/table>","protected":false},"featured_media":5587,"comment_status":"open","ping_status":"closed","template":"","meta":{"_acf_changed":false},"product_brand":[],"product_cat":[282],"product_tag":[],"class_list":{"0":"post-5543","1":"product","2":"type-product","3":"status-publish","4":"has-post-thumbnail","6":"product_cat-appareils-electromenagers","8":"first","9":"instock","10":"shipping-taxable","11":"purchasable","12":"product-type-simple"},"acf":[],"yoast_head":"<!-- This site is optimized with the Yoast SEO plugin v27.2 - https:\/\/yoast.com\/product\/yoast-seo-wordpress\/ -->\n<title>Robot SINGER - Novak Market<\/title>\n<meta name=\"robots\" content=\"index, follow, max-snippet:-1, max-image-preview:large, max-video-preview:-1\" \/>\n<link rel=\"canonical\" href=\"https:\/\/novakmarket.com\/pt\/produto\/robot-singer\/\" \/>\n<meta property=\"og:locale\" content=\"pt_PT\" \/>\n<meta property=\"og:type\" content=\"article\" \/>\n<meta property=\"og:title\" content=\"Robot SINGER - Novak Market\" \/>\n<meta property=\"og:description\" content=\"Marque SINGER  Nom du produit Robot SINGER SF501E  Cat\u00e9gorie ROBOT DE CUISINE  G\u00e9n\u00e9ral  Type de Produit Robot cuiseur  Temp\u00e9rature maximum 120 \u00b0C  Temp\u00e9rature variable Oui  Plage de temp\u00e9ratures De 20\u00b0C \u00e0 120\u00b0C  Fonction et param\u00e8tres Fonction turbo, fonction mijoter, fonction impulsion  Contenance 3.5 litres  R\u00e9glages, commandes et voyants  Minuteur 60 hrs  R\u00e9glages de la vitesse 12 pr\u00e9s\u00e9lections  Indicateurs Oui  Consommation  Alimentation 220 - 240 V \/ 50 Hz  Puissance \u00e9lectrique 1500 Watt  Interrupteur Marche\/Arr\u00eat Oui  Divers  Normes de conformit\u00e9 DEEE  Dimensions et poids  Largeur 44.5 cm  Hauteur 54 cm  Profondeur 32 cm  Poids 8.1 kg  Attributs de recherche  Petit Electrom\u00e9nager|Contenance 3,5 Litres  Affichage  Type Ecran LCD\" \/>\n<meta property=\"og:url\" content=\"https:\/\/novakmarket.com\/pt\/produto\/robot-singer\/\" \/>\n<meta property=\"og:site_name\" content=\"Novak Market\" \/>\n<meta property=\"article:modified_time\" content=\"2021-12-02T14:10:55+00:00\" \/>\n<meta property=\"og:image\" content=\"https:\/\/novakmarket.com\/wp-content\/uploads\/2021\/11\/XW2.jpg\" \/>\n\t<meta property=\"og:image:width\" content=\"700\" \/>\n\t<meta property=\"og:image:height\" content=\"700\" \/>\n\t<meta property=\"og:image:type\" content=\"image\/jpeg\" \/>\n<meta name=\"twitter:card\" content=\"summary_large_image\" \/>\n<meta name=\"twitter:label1\" content=\"Tempo estimado de leitura\" \/>\n\t<meta name=\"twitter:data1\" content=\"1 minuto\" \/>\n<script type=\"application\/ld+json\" class=\"yoast-schema-graph\">{\"@context\":\"https:\/\/schema.org\",\"@graph\":[{\"@type\":\"WebPage\",\"@id\":\"https:\/\/novakmarket.com\/produit\/robot-singer\/\",\"url\":\"https:\/\/novakmarket.com\/produit\/robot-singer\/\",\"name\":\"Robot SINGER - Novak Market\",\"isPartOf\":{\"@id\":\"https:\/\/novakmarket.com\/#website\"},\"primaryImageOfPage\":{\"@id\":\"https:\/\/novakmarket.com\/produit\/robot-singer\/#primaryimage\"},\"image\":{\"@id\":\"https:\/\/novakmarket.com\/produit\/robot-singer\/#primaryimage\"},\"thumbnailUrl\":\"https:\/\/novakmarket.com\/wp-content\/uploads\/2021\/11\/XW2.jpg\",\"datePublished\":\"2021-11-29T18:29:39+00:00\",\"dateModified\":\"2021-12-02T14:10:55+00:00\",\"breadcrumb\":{\"@id\":\"https:\/\/novakmarket.com\/produit\/robot-singer\/#breadcrumb\"},\"inLanguage\":\"pt-PT\",\"potentialAction\":[{\"@type\":\"ReadAction\",\"target\":[\"https:\/\/novakmarket.com\/produit\/robot-singer\/\"]}]},{\"@type\":\"ImageObject\",\"inLanguage\":\"pt-PT\",\"@id\":\"https:\/\/novakmarket.com\/produit\/robot-singer\/#primaryimage\",\"url\":\"https:\/\/novakmarket.com\/wp-content\/uploads\/2021\/11\/XW2.jpg\",\"contentUrl\":\"https:\/\/novakmarket.com\/wp-content\/uploads\/2021\/11\/XW2.jpg\",\"width\":700,\"height\":700},{\"@type\":\"BreadcrumbList\",\"@id\":\"https:\/\/novakmarket.com\/produit\/robot-singer\/#breadcrumb\",\"itemListElement\":[{\"@type\":\"ListItem\",\"position\":1,\"name\":\"Accueil\",\"item\":\"https:\/\/novakmarket.com\/\"},{\"@type\":\"ListItem\",\"position\":2,\"name\":\"Boutique\",\"item\":\"https:\/\/novakmarket.com\/shop\/\"},{\"@type\":\"ListItem\",\"position\":3,\"name\":\"Robot SINGER\"}]},{\"@type\":\"WebSite\",\"@id\":\"https:\/\/novakmarket.com\/#website\",\"url\":\"https:\/\/novakmarket.com\/\",\"name\":\"Novak Market\",\"description\":\"Vente de produits \u00e9lectroniques.\",\"publisher\":{\"@id\":\"https:\/\/novakmarket.com\/#organization\"},\"potentialAction\":[{\"@type\":\"SearchAction\",\"target\":{\"@type\":\"EntryPoint\",\"urlTemplate\":\"https:\/\/novakmarket.com\/?s={search_term_string}\"},\"query-input\":{\"@type\":\"PropertyValueSpecification\",\"valueRequired\":true,\"valueName\":\"search_term_string\"}}],\"inLanguage\":\"pt-PT\"},{\"@type\":\"Organization\",\"@id\":\"https:\/\/novakmarket.com\/#organization\",\"name\":\"Novak Market\",\"url\":\"https:\/\/novakmarket.com\/\",\"logo\":{\"@type\":\"ImageObject\",\"inLanguage\":\"pt-PT\",\"@id\":\"https:\/\/novakmarket.com\/#\/schema\/logo\/image\/\",\"url\":\"https:\/\/novakmarket.com\/wp-content\/uploads\/2026\/02\/cropped-footer-pc-removebg-preview.png\",\"contentUrl\":\"https:\/\/novakmarket.com\/wp-content\/uploads\/2026\/02\/cropped-footer-pc-removebg-preview.png\",\"width\":202,\"height\":73,\"caption\":\"Novak Market\"},\"image\":{\"@id\":\"https:\/\/novakmarket.com\/#\/schema\/logo\/image\/\"}}]}<\/script>\n<!-- \/ Yoast SEO plugin. -->","yoast_head_json":{"title":"Robot SINGER - Novak Market","robots":{"index":"index","follow":"follow","max-snippet":"max-snippet:-1","max-image-preview":"max-image-preview:large","max-video-preview":"max-video-preview:-1"},"canonical":"https:\/\/novakmarket.com\/pt\/produto\/robot-singer\/","og_locale":"pt_PT","og_type":"article","og_title":"Robot SINGER - Novak Market","og_description":"Marque SINGER  Nom du produit Robot SINGER SF501E  Cat\u00e9gorie ROBOT DE CUISINE  G\u00e9n\u00e9ral  Type de Produit Robot cuiseur  Temp\u00e9rature maximum 120 \u00b0C  Temp\u00e9rature variable Oui  Plage de temp\u00e9ratures De 20\u00b0C \u00e0 120\u00b0C  Fonction et param\u00e8tres Fonction turbo, fonction mijoter, fonction impulsion  Contenance 3.5 litres  R\u00e9glages, commandes et voyants  Minuteur 60 hrs  R\u00e9glages de la vitesse 12 pr\u00e9s\u00e9lections  Indicateurs Oui  Consommation  Alimentation 220 - 240 V \/ 50 Hz  Puissance \u00e9lectrique 1500 Watt  Interrupteur Marche\/Arr\u00eat Oui  Divers  Normes de conformit\u00e9 DEEE  Dimensions et poids  Largeur 44.5 cm  Hauteur 54 cm  Profondeur 32 cm  Poids 8.1 kg  Attributs de recherche  Petit Electrom\u00e9nager|Contenance 3,5 Litres  Affichage  Type Ecran LCD","og_url":"https:\/\/novakmarket.com\/pt\/produto\/robot-singer\/","og_site_name":"Novak Market","article_modified_time":"2021-12-02T14:10:55+00:00","og_image":[{"width":700,"height":700,"url":"https:\/\/novakmarket.com\/wp-content\/uploads\/2021\/11\/XW2.jpg","type":"image\/jpeg"}],"twitter_card":"summary_large_image","twitter_misc":{"Tempo estimado de leitura":"1 minuto"},"schema":{"@context":"https:\/\/schema.org","@graph":[{"@type":"WebPage","@id":"https:\/\/novakmarket.com\/produit\/robot-singer\/","url":"https:\/\/novakmarket.com\/produit\/robot-singer\/","name":"Robot SINGER - Novak Market","isPartOf":{"@id":"https:\/\/novakmarket.com\/#website"},"primaryImageOfPage":{"@id":"https:\/\/novakmarket.com\/produit\/robot-singer\/#primaryimage"},"image":{"@id":"https:\/\/novakmarket.com\/produit\/robot-singer\/#primaryimage"},"thumbnailUrl":"https:\/\/novakmarket.com\/wp-content\/uploads\/2021\/11\/XW2.jpg","datePublished":"2021-11-29T18:29:39+00:00","dateModified":"2021-12-02T14:10:55+00:00","breadcrumb":{"@id":"https:\/\/novakmarket.com\/produit\/robot-singer\/#breadcrumb"},"inLanguage":"pt-PT","potentialAction":[{"@type":"ReadAction","target":["https:\/\/novakmarket.com\/produit\/robot-singer\/"]}]},{"@type":"ImageObject","inLanguage":"pt-PT","@id":"https:\/\/novakmarket.com\/produit\/robot-singer\/#primaryimage","url":"https:\/\/novakmarket.com\/wp-content\/uploads\/2021\/11\/XW2.jpg","contentUrl":"https:\/\/novakmarket.com\/wp-content\/uploads\/2021\/11\/XW2.jpg","width":700,"height":700},{"@type":"BreadcrumbList","@id":"https:\/\/novakmarket.com\/produit\/robot-singer\/#breadcrumb","itemListElement":[{"@type":"ListItem","position":1,"name":"Accueil","item":"https:\/\/novakmarket.com\/"},{"@type":"ListItem","position":2,"name":"Boutique","item":"https:\/\/novakmarket.com\/shop\/"},{"@type":"ListItem","position":3,"name":"Robot SINGER"}]},{"@type":"WebSite","@id":"https:\/\/novakmarket.com\/#website","url":"https:\/\/novakmarket.com\/","name":"Novak Market","description":"Vente de produits \u00e9lectroniques.","publisher":{"@id":"https:\/\/novakmarket.com\/#organization"},"potentialAction":[{"@type":"SearchAction","target":{"@type":"EntryPoint","urlTemplate":"https:\/\/novakmarket.com\/?s={search_term_string}"},"query-input":{"@type":"PropertyValueSpecification","valueRequired":true,"valueName":"search_term_string"}}],"inLanguage":"pt-PT"},{"@type":"Organization","@id":"https:\/\/novakmarket.com\/#organization","name":"Novak Market","url":"https:\/\/novakmarket.com\/","logo":{"@type":"ImageObject","inLanguage":"pt-PT","@id":"https:\/\/novakmarket.com\/#\/schema\/logo\/image\/","url":"https:\/\/novakmarket.com\/wp-content\/uploads\/2026\/02\/cropped-footer-pc-removebg-preview.png","contentUrl":"https:\/\/novakmarket.com\/wp-content\/uploads\/2026\/02\/cropped-footer-pc-removebg-preview.png","width":202,"height":73,"caption":"Novak Market"},"image":{"@id":"https:\/\/novakmarket.com\/#\/schema\/logo\/image\/"}}]}},"_links":{"self":[{"href":"https:\/\/novakmarket.com\/pt\/wp-json\/wp\/v2\/product\/5543","targetHints":{"allow":["GET"]}}],"collection":[{"href":"https:\/\/novakmarket.com\/pt\/wp-json\/wp\/v2\/product"}],"about":[{"href":"https:\/\/novakmarket.com\/pt\/wp-json\/wp\/v2\/types\/product"}],"replies":[{"embeddable":true,"href":"https:\/\/novakmarket.com\/pt\/wp-json\/wp\/v2\/comments?post=5543"}],"wp:featuredmedia":[{"embeddable":true,"href":"https:\/\/novakmarket.com\/pt\/wp-json\/wp\/v2\/media\/5587"}],"wp:attachment":[{"href":"https:\/\/novakmarket.com\/pt\/wp-json\/wp\/v2\/media?parent=5543"}],"wp:term":[{"taxonomy":"product_brand","embeddable":true,"href":"https:\/\/novakmarket.com\/pt\/wp-json\/wp\/v2\/product_brand?post=5543"},{"taxonomy":"product_cat","embeddable":true,"href":"https:\/\/novakmarket.com\/pt\/wp-json\/wp\/v2\/product_cat?post=5543"},{"taxonomy":"product_tag","embeddable":true,"href":"https:\/\/novakmarket.com\/pt\/wp-json\/wp\/v2\/product_tag?post=5543"}],"curies":[{"name":"wp","href":"https:\/\/api.w.org\/{rel}","templated":true}]}}