{"id":5545,"date":"2021-11-29T19:29:39","date_gmt":"2021-11-29T18:29:39","guid":{"rendered":"https:\/\/bestymarketshop.com\/?post_type=product&#038;p=5545"},"modified":"2021-12-02T13:46:20","modified_gmt":"2021-12-02T12:46:20","slug":"beaba-robot-babycook-neo","status":"publish","type":"product","link":"https:\/\/novakmarket.com\/pt\/produto\/beaba-robot-babycook-neo\/","title":{"rendered":"B\u00c9ABA Robot Babycook N\u00e9o"},"content":{"rendered":"<p><img loading=\"lazy\" decoding=\"async\" class=\"alignnone size-medium wp-image-6971\" src=\"https:\/\/electrospotshop.com\/wp-content\/uploads\/2020\/06\/XW4-300x300.jpg\" alt=\"\" width=\"300\" height=\"300\" \/><\/p>","protected":false},"excerpt":{"rendered":"<table class=\"fpDescTb fpDescTbPub\">\n<tbody>\n<tr>\n<td>Nom du produit<\/td>\n<td>B\u00c9ABA Robot Babycook N\u00e9o &#8211; Mixeur-Cuiseur &#8211; Gris &amp;<\/td>\n<\/tr>\n<tr>\n<td>Cat\u00e9gorie<\/td>\n<td>ROBOT B\u00c9B\u00c9<\/td>\n<\/tr>\n<tr>\n<th colspan=\"2\">Informations G\u00e9n\u00e9rales<\/th>\n<\/tr>\n<tr>\n<td>Gamme<\/td>\n<td>N\u00e9o<\/td>\n<\/tr>\n<tr>\n<td>Mod\u00e8les<\/td>\n<td>Babycook N\u00e9o<\/td>\n<\/tr>\n<tr>\n<td>Type de Produit<\/td>\n<td>Robot de cuisine b\u00e9b\u00e9<\/td>\n<\/tr>\n<tr>\n<td>Description du produit<\/td>\n<td>Robot 4 en 1 nouvelle g\u00e9n\u00e9ration<br \/>\nCuisine saine et respectueuse de l\u2019environnement et de la qualit\u00e9<br \/>\nnutritionnelle des aliments.<br \/>\nTexture des pr\u00e9parations homog\u00e8ne et adapt\u00e9e aux diff\u00e9rentes \u00e9tapes<br \/>\nde la diversification alimentaire de b\u00e9b\u00e9.<br \/>\n\u203a Panier de cuisson inox grande capacit\u00e9 (4 portions de 150g \/ 3 portions de 200g) avec<br \/>\npoign\u00e9e ergonomique int\u00e9gr\u00e9e pour faciliter le transfert des aliments en fin de cuisson.<br \/>\n\u203a Bol verre de grande qualit\u00e9, qui ne s\u2019alt\u00e8re pas avec le temps et pr\u00e9serve les saveurs<br \/>\n\u203a Lame inox haute qualit\u00e9 double niveau pour un mixage homog\u00e8ne et sur-mesure (lisse,<br \/>\nmix\u00e9, moulin\u00e9, morceaux)<br \/>\n\u203a Cuve en inox avec large ouverture pour un acc\u00e8s pratique et une bonne visibilit\u00e9 du niveau<br \/>\nde remplissage (niveau 1,2, 3)<br \/>\n\u203a Modulation de cuisson vapeur douce pour pr\u00e9server les qualit\u00e9s nutritionnelles des<br \/>\naliments, r\u00e9cup\u00e9rer la juste quantit\u00e9 du jus de cuisson, et limiter la consommation d\u2019eau<br \/>\n\u203a Entretien : Couvercle, panier, bol, couteau de mixage : Lavage \u00e0 la main ou au lave-vaisselle.<br \/>\nCorps de l\u2019appareil : Nettoyer le corps de l\u2019appareil avec un chiffon humide doux. Ne pas<br \/>\nimmerger.<\/td>\n<\/tr>\n<tr>\n<td>Accessoires livr\u00e9s<\/td>\n<td>Couvercle, panier, bol, couteau de mixage<\/td>\n<\/tr>\n<tr>\n<td>Age (A partir de)<\/td>\n<td>0 mois &#8211; Naissance<\/td>\n<\/tr>\n<tr>\n<td>Genre<\/td>\n<td>Fille<\/td>\n<\/tr>\n<tr>\n<td>Type de public<\/td>\n<td>B\u00e9b\u00e9<\/td>\n<\/tr>\n<tr>\n<td>Collection<\/td>\n<td>2018<\/td>\n<\/tr>\n<tr>\n<td>Contenance<\/td>\n<td>1250ml<\/td>\n<\/tr>\n<tr>\n<td>Made in France<\/td>\n<td>Oui<\/td>\n<\/tr>\n<\/tbody>\n<\/table>","protected":false},"featured_media":5592,"comment_status":"open","ping_status":"closed","template":"","meta":{"_acf_changed":false},"product_brand":[],"product_cat":[282],"product_tag":[],"class_list":{"0":"post-5545","1":"product","2":"type-product","3":"status-publish","4":"has-post-thumbnail","6":"product_cat-appareils-electromenagers","8":"first","9":"instock","10":"shipping-taxable","11":"purchasable","12":"product-type-simple"},"acf":[],"yoast_head":"<!-- This site is optimized with the Yoast SEO plugin v27.2 - https:\/\/yoast.com\/product\/yoast-seo-wordpress\/ -->\n<title>B\u00c9ABA Robot Babycook N\u00e9o - Novak Market<\/title>\n<meta name=\"robots\" content=\"index, follow, max-snippet:-1, max-image-preview:large, max-video-preview:-1\" \/>\n<link rel=\"canonical\" href=\"https:\/\/novakmarket.com\/pt\/produto\/beaba-robot-babycook-neo\/\" \/>\n<meta property=\"og:locale\" content=\"pt_PT\" \/>\n<meta property=\"og:type\" content=\"article\" \/>\n<meta property=\"og:title\" content=\"B\u00c9ABA Robot Babycook N\u00e9o - Novak Market\" \/>\n<meta property=\"og:description\" content=\"Nom du produit B\u00c9ABA Robot Babycook N\u00e9o - Mixeur-Cuiseur - Gris &amp;  Cat\u00e9gorie ROBOT B\u00c9B\u00c9  Informations G\u00e9n\u00e9rales  Gamme N\u00e9o  Mod\u00e8les Babycook N\u00e9o  Type de Produit Robot de cuisine b\u00e9b\u00e9  Description du produit Robot 4 en 1 nouvelle g\u00e9n\u00e9ration Cuisine saine et respectueuse de l\u2019environnement et de la qualit\u00e9 nutritionnelle des aliments. Texture des pr\u00e9parations homog\u00e8ne et adapt\u00e9e aux diff\u00e9rentes \u00e9tapes de la diversification alimentaire de b\u00e9b\u00e9. \u203a Panier de cuisson inox grande capacit\u00e9 (4 portions de 150g \/ 3 portions de 200g) avec poign\u00e9e ergonomique int\u00e9gr\u00e9e pour faciliter le transfert des aliments en fin de cuisson. \u203a Bol verre de grande qualit\u00e9, qui ne s\u2019alt\u00e8re pas avec le temps et pr\u00e9serve les saveurs \u203a Lame inox haute qualit\u00e9 double niveau pour un mixage homog\u00e8ne et sur-mesure (lisse, mix\u00e9, moulin\u00e9, morceaux) \u203a Cuve en inox avec large ouverture pour un acc\u00e8s pratique et une bonne visibilit\u00e9 du niveau de remplissage (niveau 1,2, 3) \u203a Modulation de cuisson vapeur douce pour pr\u00e9server les qualit\u00e9s nutritionnelles des aliments, r\u00e9cup\u00e9rer la juste quantit\u00e9 du jus de cuisson, et limiter la consommation d\u2019eau \u203a Entretien : Couvercle, panier, bol, couteau de mixage : Lavage \u00e0 la main ou au lave-vaisselle. Corps de l\u2019appareil : Nettoyer le corps de l\u2019appareil avec un chiffon humide doux. Ne pas immerger.  Accessoires livr\u00e9s Couvercle, panier, bol, couteau de mixage  Age (A partir de) 0 mois - Naissance  Genre Fille  Type de public B\u00e9b\u00e9  Collection 2018  Contenance 1250ml  Made in France Oui\" \/>\n<meta property=\"og:url\" content=\"https:\/\/novakmarket.com\/pt\/produto\/beaba-robot-babycook-neo\/\" \/>\n<meta property=\"og:site_name\" content=\"Novak Market\" \/>\n<meta property=\"article:modified_time\" content=\"2021-12-02T12:46:20+00:00\" \/>\n<meta property=\"og:image\" content=\"https:\/\/novakmarket.com\/wp-content\/uploads\/2021\/11\/XW4.jpg\" \/>\n\t<meta property=\"og:image:width\" content=\"700\" \/>\n\t<meta property=\"og:image:height\" content=\"700\" \/>\n\t<meta property=\"og:image:type\" content=\"image\/jpeg\" \/>\n<meta name=\"twitter:card\" content=\"summary_large_image\" \/>\n<script type=\"application\/ld+json\" class=\"yoast-schema-graph\">{\"@context\":\"https:\/\/schema.org\",\"@graph\":[{\"@type\":\"WebPage\",\"@id\":\"https:\/\/novakmarket.com\/produit\/beaba-robot-babycook-neo\/\",\"url\":\"https:\/\/novakmarket.com\/produit\/beaba-robot-babycook-neo\/\",\"name\":\"B\u00c9ABA Robot Babycook N\u00e9o - Novak Market\",\"isPartOf\":{\"@id\":\"https:\/\/novakmarket.com\/#website\"},\"primaryImageOfPage\":{\"@id\":\"https:\/\/novakmarket.com\/produit\/beaba-robot-babycook-neo\/#primaryimage\"},\"image\":{\"@id\":\"https:\/\/novakmarket.com\/produit\/beaba-robot-babycook-neo\/#primaryimage\"},\"thumbnailUrl\":\"https:\/\/novakmarket.com\/wp-content\/uploads\/2021\/11\/XW4.jpg\",\"datePublished\":\"2021-11-29T18:29:39+00:00\",\"dateModified\":\"2021-12-02T12:46:20+00:00\",\"breadcrumb\":{\"@id\":\"https:\/\/novakmarket.com\/produit\/beaba-robot-babycook-neo\/#breadcrumb\"},\"inLanguage\":\"pt-PT\",\"potentialAction\":[{\"@type\":\"ReadAction\",\"target\":[\"https:\/\/novakmarket.com\/produit\/beaba-robot-babycook-neo\/\"]}]},{\"@type\":\"ImageObject\",\"inLanguage\":\"pt-PT\",\"@id\":\"https:\/\/novakmarket.com\/produit\/beaba-robot-babycook-neo\/#primaryimage\",\"url\":\"https:\/\/novakmarket.com\/wp-content\/uploads\/2021\/11\/XW4.jpg\",\"contentUrl\":\"https:\/\/novakmarket.com\/wp-content\/uploads\/2021\/11\/XW4.jpg\",\"width\":700,\"height\":700},{\"@type\":\"BreadcrumbList\",\"@id\":\"https:\/\/novakmarket.com\/produit\/beaba-robot-babycook-neo\/#breadcrumb\",\"itemListElement\":[{\"@type\":\"ListItem\",\"position\":1,\"name\":\"Accueil\",\"item\":\"https:\/\/novakmarket.com\/\"},{\"@type\":\"ListItem\",\"position\":2,\"name\":\"Boutique\",\"item\":\"https:\/\/novakmarket.com\/shop\/\"},{\"@type\":\"ListItem\",\"position\":3,\"name\":\"B\u00c9ABA Robot Babycook N\u00e9o\"}]},{\"@type\":\"WebSite\",\"@id\":\"https:\/\/novakmarket.com\/#website\",\"url\":\"https:\/\/novakmarket.com\/\",\"name\":\"Novak Market\",\"description\":\"Vente de produits \u00e9lectroniques.\",\"publisher\":{\"@id\":\"https:\/\/novakmarket.com\/#organization\"},\"potentialAction\":[{\"@type\":\"SearchAction\",\"target\":{\"@type\":\"EntryPoint\",\"urlTemplate\":\"https:\/\/novakmarket.com\/?s={search_term_string}\"},\"query-input\":{\"@type\":\"PropertyValueSpecification\",\"valueRequired\":true,\"valueName\":\"search_term_string\"}}],\"inLanguage\":\"pt-PT\"},{\"@type\":\"Organization\",\"@id\":\"https:\/\/novakmarket.com\/#organization\",\"name\":\"Novak Market\",\"url\":\"https:\/\/novakmarket.com\/\",\"logo\":{\"@type\":\"ImageObject\",\"inLanguage\":\"pt-PT\",\"@id\":\"https:\/\/novakmarket.com\/#\/schema\/logo\/image\/\",\"url\":\"https:\/\/novakmarket.com\/wp-content\/uploads\/2026\/02\/cropped-footer-pc-removebg-preview.png\",\"contentUrl\":\"https:\/\/novakmarket.com\/wp-content\/uploads\/2026\/02\/cropped-footer-pc-removebg-preview.png\",\"width\":202,\"height\":73,\"caption\":\"Novak Market\"},\"image\":{\"@id\":\"https:\/\/novakmarket.com\/#\/schema\/logo\/image\/\"}}]}<\/script>\n<!-- \/ Yoast SEO plugin. -->","yoast_head_json":{"title":"B\u00c9ABA Robot Babycook N\u00e9o - Novak Market","robots":{"index":"index","follow":"follow","max-snippet":"max-snippet:-1","max-image-preview":"max-image-preview:large","max-video-preview":"max-video-preview:-1"},"canonical":"https:\/\/novakmarket.com\/pt\/produto\/beaba-robot-babycook-neo\/","og_locale":"pt_PT","og_type":"article","og_title":"B\u00c9ABA Robot Babycook N\u00e9o - Novak Market","og_description":"Nom du produit B\u00c9ABA Robot Babycook N\u00e9o - Mixeur-Cuiseur - Gris &amp;  Cat\u00e9gorie ROBOT B\u00c9B\u00c9  Informations G\u00e9n\u00e9rales  Gamme N\u00e9o  Mod\u00e8les Babycook N\u00e9o  Type de Produit Robot de cuisine b\u00e9b\u00e9  Description du produit Robot 4 en 1 nouvelle g\u00e9n\u00e9ration Cuisine saine et respectueuse de l\u2019environnement et de la qualit\u00e9 nutritionnelle des aliments. Texture des pr\u00e9parations homog\u00e8ne et adapt\u00e9e aux diff\u00e9rentes \u00e9tapes de la diversification alimentaire de b\u00e9b\u00e9. \u203a Panier de cuisson inox grande capacit\u00e9 (4 portions de 150g \/ 3 portions de 200g) avec poign\u00e9e ergonomique int\u00e9gr\u00e9e pour faciliter le transfert des aliments en fin de cuisson. \u203a Bol verre de grande qualit\u00e9, qui ne s\u2019alt\u00e8re pas avec le temps et pr\u00e9serve les saveurs \u203a Lame inox haute qualit\u00e9 double niveau pour un mixage homog\u00e8ne et sur-mesure (lisse, mix\u00e9, moulin\u00e9, morceaux) \u203a Cuve en inox avec large ouverture pour un acc\u00e8s pratique et une bonne visibilit\u00e9 du niveau de remplissage (niveau 1,2, 3) \u203a Modulation de cuisson vapeur douce pour pr\u00e9server les qualit\u00e9s nutritionnelles des aliments, r\u00e9cup\u00e9rer la juste quantit\u00e9 du jus de cuisson, et limiter la consommation d\u2019eau \u203a Entretien : Couvercle, panier, bol, couteau de mixage : Lavage \u00e0 la main ou au lave-vaisselle. Corps de l\u2019appareil : Nettoyer le corps de l\u2019appareil avec un chiffon humide doux. Ne pas immerger.  Accessoires livr\u00e9s Couvercle, panier, bol, couteau de mixage  Age (A partir de) 0 mois - Naissance  Genre Fille  Type de public B\u00e9b\u00e9  Collection 2018  Contenance 1250ml  Made in France Oui","og_url":"https:\/\/novakmarket.com\/pt\/produto\/beaba-robot-babycook-neo\/","og_site_name":"Novak Market","article_modified_time":"2021-12-02T12:46:20+00:00","og_image":[{"width":700,"height":700,"url":"https:\/\/novakmarket.com\/wp-content\/uploads\/2021\/11\/XW4.jpg","type":"image\/jpeg"}],"twitter_card":"summary_large_image","schema":{"@context":"https:\/\/schema.org","@graph":[{"@type":"WebPage","@id":"https:\/\/novakmarket.com\/produit\/beaba-robot-babycook-neo\/","url":"https:\/\/novakmarket.com\/produit\/beaba-robot-babycook-neo\/","name":"B\u00c9ABA Robot Babycook N\u00e9o - Novak Market","isPartOf":{"@id":"https:\/\/novakmarket.com\/#website"},"primaryImageOfPage":{"@id":"https:\/\/novakmarket.com\/produit\/beaba-robot-babycook-neo\/#primaryimage"},"image":{"@id":"https:\/\/novakmarket.com\/produit\/beaba-robot-babycook-neo\/#primaryimage"},"thumbnailUrl":"https:\/\/novakmarket.com\/wp-content\/uploads\/2021\/11\/XW4.jpg","datePublished":"2021-11-29T18:29:39+00:00","dateModified":"2021-12-02T12:46:20+00:00","breadcrumb":{"@id":"https:\/\/novakmarket.com\/produit\/beaba-robot-babycook-neo\/#breadcrumb"},"inLanguage":"pt-PT","potentialAction":[{"@type":"ReadAction","target":["https:\/\/novakmarket.com\/produit\/beaba-robot-babycook-neo\/"]}]},{"@type":"ImageObject","inLanguage":"pt-PT","@id":"https:\/\/novakmarket.com\/produit\/beaba-robot-babycook-neo\/#primaryimage","url":"https:\/\/novakmarket.com\/wp-content\/uploads\/2021\/11\/XW4.jpg","contentUrl":"https:\/\/novakmarket.com\/wp-content\/uploads\/2021\/11\/XW4.jpg","width":700,"height":700},{"@type":"BreadcrumbList","@id":"https:\/\/novakmarket.com\/produit\/beaba-robot-babycook-neo\/#breadcrumb","itemListElement":[{"@type":"ListItem","position":1,"name":"Accueil","item":"https:\/\/novakmarket.com\/"},{"@type":"ListItem","position":2,"name":"Boutique","item":"https:\/\/novakmarket.com\/shop\/"},{"@type":"ListItem","position":3,"name":"B\u00c9ABA Robot Babycook N\u00e9o"}]},{"@type":"WebSite","@id":"https:\/\/novakmarket.com\/#website","url":"https:\/\/novakmarket.com\/","name":"Novak Market","description":"Vente de produits \u00e9lectroniques.","publisher":{"@id":"https:\/\/novakmarket.com\/#organization"},"potentialAction":[{"@type":"SearchAction","target":{"@type":"EntryPoint","urlTemplate":"https:\/\/novakmarket.com\/?s={search_term_string}"},"query-input":{"@type":"PropertyValueSpecification","valueRequired":true,"valueName":"search_term_string"}}],"inLanguage":"pt-PT"},{"@type":"Organization","@id":"https:\/\/novakmarket.com\/#organization","name":"Novak Market","url":"https:\/\/novakmarket.com\/","logo":{"@type":"ImageObject","inLanguage":"pt-PT","@id":"https:\/\/novakmarket.com\/#\/schema\/logo\/image\/","url":"https:\/\/novakmarket.com\/wp-content\/uploads\/2026\/02\/cropped-footer-pc-removebg-preview.png","contentUrl":"https:\/\/novakmarket.com\/wp-content\/uploads\/2026\/02\/cropped-footer-pc-removebg-preview.png","width":202,"height":73,"caption":"Novak Market"},"image":{"@id":"https:\/\/novakmarket.com\/#\/schema\/logo\/image\/"}}]}},"_links":{"self":[{"href":"https:\/\/novakmarket.com\/pt\/wp-json\/wp\/v2\/product\/5545","targetHints":{"allow":["GET"]}}],"collection":[{"href":"https:\/\/novakmarket.com\/pt\/wp-json\/wp\/v2\/product"}],"about":[{"href":"https:\/\/novakmarket.com\/pt\/wp-json\/wp\/v2\/types\/product"}],"replies":[{"embeddable":true,"href":"https:\/\/novakmarket.com\/pt\/wp-json\/wp\/v2\/comments?post=5545"}],"wp:featuredmedia":[{"embeddable":true,"href":"https:\/\/novakmarket.com\/pt\/wp-json\/wp\/v2\/media\/5592"}],"wp:attachment":[{"href":"https:\/\/novakmarket.com\/pt\/wp-json\/wp\/v2\/media?parent=5545"}],"wp:term":[{"taxonomy":"product_brand","embeddable":true,"href":"https:\/\/novakmarket.com\/pt\/wp-json\/wp\/v2\/product_brand?post=5545"},{"taxonomy":"product_cat","embeddable":true,"href":"https:\/\/novakmarket.com\/pt\/wp-json\/wp\/v2\/product_cat?post=5545"},{"taxonomy":"product_tag","embeddable":true,"href":"https:\/\/novakmarket.com\/pt\/wp-json\/wp\/v2\/product_tag?post=5545"}],"curies":[{"name":"wp","href":"https:\/\/api.w.org\/{rel}","templated":true}]}}