{"id":5774,"date":"2021-11-29T20:14:58","date_gmt":"2021-11-29T19:14:58","guid":{"rendered":"https:\/\/bestymarketshop.com\/?post_type=product&#038;p=5774"},"modified":"2021-11-29T20:15:09","modified_gmt":"2021-11-29T19:15:09","slug":"apple-iphone-xr-64-go","status":"publish","type":"product","link":"https:\/\/novakmarket.com\/pt\/produto\/apple-iphone-xr-64-go\/","title":{"rendered":"APPLE iPhone Xr 64 Go"},"content":{"rendered":"<p><img loading=\"lazy\" decoding=\"async\" class=\"alignnone size-medium wp-image-5325\" src=\"https:\/\/electroshoptonic.com\/wp-content\/uploads\/2016\/03\/r22-300x300.jpg\" alt=\"\" width=\"300\" height=\"300\" \/><\/p>\n<p>Points forts :<br \/>\nTaille diagonale: 6,1 &#8221;<br \/>\nR\u00e9solution du capteur: 12 m\u00e9gapixels<br \/>\nCapacit\u00e9 de m\u00e9moire interne: 64 Go<br \/>\n6 coeurs<br \/>\nG\u00e9n\u00e9ration haut d\u00e9bit mobile: 4G<br \/>\nProtection: rev\u00eatement ol\u00e9ophobe anti-rayures<br \/>\nSyst\u00e8me d&#8217;exploitation: iOS 12<br \/>\nFonctions t\u00e9l\u00e9phoniques: haut-parleur, commande vocale, compteur d&#8217;appels<\/p>","protected":false},"excerpt":{"rendered":"<ul>\n<li>Type de produit pour smartphone<br \/>\nComposants int\u00e9gr\u00e9s Cam\u00e9ra arri\u00e8re, cam\u00e9ra avant, enregistreur vocal, haut-parleurs st\u00e9r\u00e9o, navigation, lecteur num\u00e9rique<br \/>\nCouleur du bo\u00eetier Rouge mat<br \/>\nProfondeur 8,3 mm<br \/>\nLargeur 75,7 mm<br \/>\nHauteur 150,9 mm<br \/>\nPoids 194 g<br \/>\nValeur SAR 0,99 W \/ kg (corps) \/ 0,99 W \/ kg (t\u00eate)<br \/>\nProtection contre la poussi\u00e8re, anti-\u00e9claboussures, \u00e9tanche.<br \/>\nFormat tactile<br \/>\nNum\u00e9ro de mod\u00e8le du fabricant A2105<\/li>\n<\/ul>","protected":false},"featured_media":5828,"comment_status":"open","ping_status":"closed","template":"","meta":{"_acf_changed":false},"product_brand":[],"product_cat":[288,281],"product_tag":[],"class_list":{"0":"post-5774","1":"product","2":"type-product","3":"status-publish","4":"has-post-thumbnail","6":"product_cat-apple_iphones","7":"product_cat-smartphones","9":"first","10":"instock","11":"shipping-taxable","12":"purchasable","13":"product-type-simple"},"acf":[],"yoast_head":"<!-- This site is optimized with the Yoast SEO plugin v27.2 - https:\/\/yoast.com\/product\/yoast-seo-wordpress\/ -->\n<title>APPLE iPhone Xr 64 Go - Novak Market<\/title>\n<meta name=\"robots\" content=\"index, follow, max-snippet:-1, max-image-preview:large, max-video-preview:-1\" \/>\n<link rel=\"canonical\" href=\"https:\/\/novakmarket.com\/pt\/produto\/apple-iphone-xr-64-go\/\" \/>\n<meta property=\"og:locale\" content=\"pt_PT\" \/>\n<meta property=\"og:type\" content=\"article\" \/>\n<meta property=\"og:title\" content=\"APPLE iPhone Xr 64 Go - Novak Market\" \/>\n<meta property=\"og:description\" content=\"Type de produit pour smartphone Composants int\u00e9gr\u00e9s Cam\u00e9ra arri\u00e8re, cam\u00e9ra avant, enregistreur vocal, haut-parleurs st\u00e9r\u00e9o, navigation, lecteur num\u00e9rique Couleur du bo\u00eetier Rouge mat Profondeur 8,3 mm Largeur 75,7 mm Hauteur 150,9 mm Poids 194 g Valeur SAR 0,99 W \/ kg (corps) \/ 0,99 W \/ kg (t\u00eate) Protection contre la poussi\u00e8re, anti-\u00e9claboussures, \u00e9tanche. Format tactile Num\u00e9ro de mod\u00e8le du fabricant A2105\" \/>\n<meta property=\"og:url\" content=\"https:\/\/novakmarket.com\/pt\/produto\/apple-iphone-xr-64-go\/\" \/>\n<meta property=\"og:site_name\" content=\"Novak Market\" \/>\n<meta property=\"article:modified_time\" content=\"2021-11-29T19:15:09+00:00\" \/>\n<meta property=\"og:image\" content=\"https:\/\/novakmarket.com\/wp-content\/uploads\/2021\/11\/r22.jpg\" \/>\n\t<meta property=\"og:image:width\" content=\"700\" \/>\n\t<meta property=\"og:image:height\" content=\"700\" \/>\n\t<meta property=\"og:image:type\" content=\"image\/jpeg\" \/>\n<meta name=\"twitter:card\" content=\"summary_large_image\" \/>\n<script type=\"application\/ld+json\" class=\"yoast-schema-graph\">{\"@context\":\"https:\/\/schema.org\",\"@graph\":[{\"@type\":\"WebPage\",\"@id\":\"https:\/\/novakmarket.com\/produit\/apple-iphone-xr-64-go\/\",\"url\":\"https:\/\/novakmarket.com\/produit\/apple-iphone-xr-64-go\/\",\"name\":\"APPLE iPhone Xr 64 Go - Novak Market\",\"isPartOf\":{\"@id\":\"https:\/\/novakmarket.com\/#website\"},\"primaryImageOfPage\":{\"@id\":\"https:\/\/novakmarket.com\/produit\/apple-iphone-xr-64-go\/#primaryimage\"},\"image\":{\"@id\":\"https:\/\/novakmarket.com\/produit\/apple-iphone-xr-64-go\/#primaryimage\"},\"thumbnailUrl\":\"https:\/\/novakmarket.com\/wp-content\/uploads\/2021\/11\/r22.jpg\",\"datePublished\":\"2021-11-29T19:14:58+00:00\",\"dateModified\":\"2021-11-29T19:15:09+00:00\",\"breadcrumb\":{\"@id\":\"https:\/\/novakmarket.com\/produit\/apple-iphone-xr-64-go\/#breadcrumb\"},\"inLanguage\":\"pt-PT\",\"potentialAction\":[{\"@type\":\"ReadAction\",\"target\":[\"https:\/\/novakmarket.com\/produit\/apple-iphone-xr-64-go\/\"]}]},{\"@type\":\"ImageObject\",\"inLanguage\":\"pt-PT\",\"@id\":\"https:\/\/novakmarket.com\/produit\/apple-iphone-xr-64-go\/#primaryimage\",\"url\":\"https:\/\/novakmarket.com\/wp-content\/uploads\/2021\/11\/r22.jpg\",\"contentUrl\":\"https:\/\/novakmarket.com\/wp-content\/uploads\/2021\/11\/r22.jpg\",\"width\":700,\"height\":700},{\"@type\":\"BreadcrumbList\",\"@id\":\"https:\/\/novakmarket.com\/produit\/apple-iphone-xr-64-go\/#breadcrumb\",\"itemListElement\":[{\"@type\":\"ListItem\",\"position\":1,\"name\":\"Accueil\",\"item\":\"https:\/\/novakmarket.com\/\"},{\"@type\":\"ListItem\",\"position\":2,\"name\":\"Boutique\",\"item\":\"https:\/\/novakmarket.com\/shop\/\"},{\"@type\":\"ListItem\",\"position\":3,\"name\":\"APPLE iPhone Xr 64 Go\"}]},{\"@type\":\"WebSite\",\"@id\":\"https:\/\/novakmarket.com\/#website\",\"url\":\"https:\/\/novakmarket.com\/\",\"name\":\"Novak Market\",\"description\":\"Vente de produits \u00e9lectroniques.\",\"publisher\":{\"@id\":\"https:\/\/novakmarket.com\/#organization\"},\"potentialAction\":[{\"@type\":\"SearchAction\",\"target\":{\"@type\":\"EntryPoint\",\"urlTemplate\":\"https:\/\/novakmarket.com\/?s={search_term_string}\"},\"query-input\":{\"@type\":\"PropertyValueSpecification\",\"valueRequired\":true,\"valueName\":\"search_term_string\"}}],\"inLanguage\":\"pt-PT\"},{\"@type\":\"Organization\",\"@id\":\"https:\/\/novakmarket.com\/#organization\",\"name\":\"Novak Market\",\"url\":\"https:\/\/novakmarket.com\/\",\"logo\":{\"@type\":\"ImageObject\",\"inLanguage\":\"pt-PT\",\"@id\":\"https:\/\/novakmarket.com\/#\/schema\/logo\/image\/\",\"url\":\"https:\/\/novakmarket.com\/wp-content\/uploads\/2026\/02\/cropped-footer-pc-removebg-preview.png\",\"contentUrl\":\"https:\/\/novakmarket.com\/wp-content\/uploads\/2026\/02\/cropped-footer-pc-removebg-preview.png\",\"width\":202,\"height\":73,\"caption\":\"Novak Market\"},\"image\":{\"@id\":\"https:\/\/novakmarket.com\/#\/schema\/logo\/image\/\"}}]}<\/script>\n<!-- \/ Yoast SEO plugin. -->","yoast_head_json":{"title":"APPLE iPhone Xr 64 Go - Novak Market","robots":{"index":"index","follow":"follow","max-snippet":"max-snippet:-1","max-image-preview":"max-image-preview:large","max-video-preview":"max-video-preview:-1"},"canonical":"https:\/\/novakmarket.com\/pt\/produto\/apple-iphone-xr-64-go\/","og_locale":"pt_PT","og_type":"article","og_title":"APPLE iPhone Xr 64 Go - Novak Market","og_description":"Type de produit pour smartphone Composants int\u00e9gr\u00e9s Cam\u00e9ra arri\u00e8re, cam\u00e9ra avant, enregistreur vocal, haut-parleurs st\u00e9r\u00e9o, navigation, lecteur num\u00e9rique Couleur du bo\u00eetier Rouge mat Profondeur 8,3 mm Largeur 75,7 mm Hauteur 150,9 mm Poids 194 g Valeur SAR 0,99 W \/ kg (corps) \/ 0,99 W \/ kg (t\u00eate) Protection contre la poussi\u00e8re, anti-\u00e9claboussures, \u00e9tanche. Format tactile Num\u00e9ro de mod\u00e8le du fabricant A2105","og_url":"https:\/\/novakmarket.com\/pt\/produto\/apple-iphone-xr-64-go\/","og_site_name":"Novak Market","article_modified_time":"2021-11-29T19:15:09+00:00","og_image":[{"width":700,"height":700,"url":"https:\/\/novakmarket.com\/wp-content\/uploads\/2021\/11\/r22.jpg","type":"image\/jpeg"}],"twitter_card":"summary_large_image","schema":{"@context":"https:\/\/schema.org","@graph":[{"@type":"WebPage","@id":"https:\/\/novakmarket.com\/produit\/apple-iphone-xr-64-go\/","url":"https:\/\/novakmarket.com\/produit\/apple-iphone-xr-64-go\/","name":"APPLE iPhone Xr 64 Go - Novak Market","isPartOf":{"@id":"https:\/\/novakmarket.com\/#website"},"primaryImageOfPage":{"@id":"https:\/\/novakmarket.com\/produit\/apple-iphone-xr-64-go\/#primaryimage"},"image":{"@id":"https:\/\/novakmarket.com\/produit\/apple-iphone-xr-64-go\/#primaryimage"},"thumbnailUrl":"https:\/\/novakmarket.com\/wp-content\/uploads\/2021\/11\/r22.jpg","datePublished":"2021-11-29T19:14:58+00:00","dateModified":"2021-11-29T19:15:09+00:00","breadcrumb":{"@id":"https:\/\/novakmarket.com\/produit\/apple-iphone-xr-64-go\/#breadcrumb"},"inLanguage":"pt-PT","potentialAction":[{"@type":"ReadAction","target":["https:\/\/novakmarket.com\/produit\/apple-iphone-xr-64-go\/"]}]},{"@type":"ImageObject","inLanguage":"pt-PT","@id":"https:\/\/novakmarket.com\/produit\/apple-iphone-xr-64-go\/#primaryimage","url":"https:\/\/novakmarket.com\/wp-content\/uploads\/2021\/11\/r22.jpg","contentUrl":"https:\/\/novakmarket.com\/wp-content\/uploads\/2021\/11\/r22.jpg","width":700,"height":700},{"@type":"BreadcrumbList","@id":"https:\/\/novakmarket.com\/produit\/apple-iphone-xr-64-go\/#breadcrumb","itemListElement":[{"@type":"ListItem","position":1,"name":"Accueil","item":"https:\/\/novakmarket.com\/"},{"@type":"ListItem","position":2,"name":"Boutique","item":"https:\/\/novakmarket.com\/shop\/"},{"@type":"ListItem","position":3,"name":"APPLE iPhone Xr 64 Go"}]},{"@type":"WebSite","@id":"https:\/\/novakmarket.com\/#website","url":"https:\/\/novakmarket.com\/","name":"Novak Market","description":"Vente de produits \u00e9lectroniques.","publisher":{"@id":"https:\/\/novakmarket.com\/#organization"},"potentialAction":[{"@type":"SearchAction","target":{"@type":"EntryPoint","urlTemplate":"https:\/\/novakmarket.com\/?s={search_term_string}"},"query-input":{"@type":"PropertyValueSpecification","valueRequired":true,"valueName":"search_term_string"}}],"inLanguage":"pt-PT"},{"@type":"Organization","@id":"https:\/\/novakmarket.com\/#organization","name":"Novak Market","url":"https:\/\/novakmarket.com\/","logo":{"@type":"ImageObject","inLanguage":"pt-PT","@id":"https:\/\/novakmarket.com\/#\/schema\/logo\/image\/","url":"https:\/\/novakmarket.com\/wp-content\/uploads\/2026\/02\/cropped-footer-pc-removebg-preview.png","contentUrl":"https:\/\/novakmarket.com\/wp-content\/uploads\/2026\/02\/cropped-footer-pc-removebg-preview.png","width":202,"height":73,"caption":"Novak Market"},"image":{"@id":"https:\/\/novakmarket.com\/#\/schema\/logo\/image\/"}}]}},"_links":{"self":[{"href":"https:\/\/novakmarket.com\/pt\/wp-json\/wp\/v2\/product\/5774","targetHints":{"allow":["GET"]}}],"collection":[{"href":"https:\/\/novakmarket.com\/pt\/wp-json\/wp\/v2\/product"}],"about":[{"href":"https:\/\/novakmarket.com\/pt\/wp-json\/wp\/v2\/types\/product"}],"replies":[{"embeddable":true,"href":"https:\/\/novakmarket.com\/pt\/wp-json\/wp\/v2\/comments?post=5774"}],"wp:featuredmedia":[{"embeddable":true,"href":"https:\/\/novakmarket.com\/pt\/wp-json\/wp\/v2\/media\/5828"}],"wp:attachment":[{"href":"https:\/\/novakmarket.com\/pt\/wp-json\/wp\/v2\/media?parent=5774"}],"wp:term":[{"taxonomy":"product_brand","embeddable":true,"href":"https:\/\/novakmarket.com\/pt\/wp-json\/wp\/v2\/product_brand?post=5774"},{"taxonomy":"product_cat","embeddable":true,"href":"https:\/\/novakmarket.com\/pt\/wp-json\/wp\/v2\/product_cat?post=5774"},{"taxonomy":"product_tag","embeddable":true,"href":"https:\/\/novakmarket.com\/pt\/wp-json\/wp\/v2\/product_tag?post=5774"}],"curies":[{"name":"wp","href":"https:\/\/api.w.org\/{rel}","templated":true}]}}