{"id":5775,"date":"2021-11-29T20:14:58","date_gmt":"2021-11-29T19:14:58","guid":{"rendered":"https:\/\/bestymarketshop.com\/?post_type=product&#038;p=5775"},"modified":"2023-10-25T01:03:50","modified_gmt":"2023-10-24T23:03:50","slug":"apple-iphone-xs-64-go-or","status":"publish","type":"product","link":"https:\/\/novakmarket.com\/pt\/produto\/apple-iphone-xs-64-go-or\/","title":{"rendered":"APPLE iPhone Xs &#8211; 64 Go &#8211; Or"},"content":{"rendered":"<p><img loading=\"lazy\" decoding=\"async\" class=\"alignnone size-medium wp-image-5321\" src=\"https:\/\/electroshoptonic.com\/wp-content\/uploads\/2016\/03\/r1-300x300.jpg\" alt=\"\" width=\"300\" height=\"300\" \/><\/p>\n<p>Points forts :<br \/>\nTaille diagonale: 5,8 &#8221;<br \/>\nR\u00e9solution du capteur: 12 m\u00e9gapixels<br \/>\nCapacit\u00e9 de m\u00e9moire interne: 64 Go<br \/>\n6 coeurs<br \/>\nG\u00e9n\u00e9ration haut d\u00e9bit mobile: 4G<br \/>\nProtection: rev\u00eatement ol\u00e9ophobe anti-rayures<br \/>\nSyst\u00e8me d&#8217;exploitation: iOS 12<br \/>\nFonctions t\u00e9l\u00e9phoniques: haut-parleur, commande vocale, compteur d&#8217;appels, t\u00e9l\u00e9conf\u00e9rence, mode avion.<\/p>","protected":false},"excerpt":{"rendered":"<ul>\n<li>Informations SAR Le SAR (taux d&#8217;absorption sp\u00e9cifique) des t\u00e9l\u00e9phones portables quantifie le niveau d&#8217;exposition<br \/>\nMaximum de l&#8217;utilisateur aux ondes \u00e9lectromagn\u00e9tiques, \u00e0 utiliser dans l&#8217;oreille.<br \/>\nLa r\u00e9glementation fran\u00e7aise exige que le SAR ne d\u00e9passe pas 2 W \/ kg<br \/>\nCapacit\u00e9 (m\u00e9moire) 64 Go<br \/>\ng\u00e9n\u00e9ral<br \/>\nType de produit Smartphone<br \/>\nComposants int\u00e9gr\u00e9s Enregistreur vocal, haut-parleurs st\u00e9r\u00e9o, navigation, double cam\u00e9ra arri\u00e8re, double cam\u00e9ra avant, lecteur num\u00e9rique<br \/>\nMat\u00e9riau du bo\u00eetier Verre, acier inoxydable de qualit\u00e9 chirurgicale<br \/>\nCouleur du bo\u00eetier Or<br \/>\nProfondeur 7,7 mm<br \/>\nLargeur 70,9 mm<br \/>\nHauteur 143,6 mm<br \/>\nPoids 177 g<br \/>\nValeur SAR 0,99 W \/ kg (corps) \/ 0,99 W \/ kg (t\u00eate)<br \/>\nProtection contre la poussi\u00e8re, anti-\u00e9claboussures, \u00e9tanche.<br \/>\nFormat tactile<br \/>\nNum\u00e9ro de mod\u00e8le du fabricant A2097<\/li>\n<\/ul>","protected":false},"featured_media":5829,"comment_status":"open","ping_status":"closed","template":"","meta":{"_acf_changed":false},"product_brand":[],"product_cat":[288,281],"product_tag":[],"class_list":{"0":"post-5775","1":"product","2":"type-product","3":"status-publish","4":"has-post-thumbnail","6":"product_cat-apple_iphones","7":"product_cat-smartphones","9":"first","10":"instock","11":"shipping-taxable","12":"purchasable","13":"product-type-simple"},"acf":[],"yoast_head":"<!-- This site is optimized with the Yoast SEO plugin v27.2 - https:\/\/yoast.com\/product\/yoast-seo-wordpress\/ -->\n<title>APPLE iPhone Xs - 64 Go - Or - Novak Market<\/title>\n<meta name=\"robots\" content=\"index, follow, max-snippet:-1, max-image-preview:large, max-video-preview:-1\" \/>\n<link rel=\"canonical\" href=\"https:\/\/novakmarket.com\/pt\/produto\/apple-iphone-xs-64-go-or\/\" \/>\n<meta property=\"og:locale\" content=\"pt_PT\" \/>\n<meta property=\"og:type\" content=\"article\" \/>\n<meta property=\"og:title\" content=\"APPLE iPhone Xs - 64 Go - Or - Novak Market\" \/>\n<meta property=\"og:description\" content=\"Informations SAR Le SAR (taux d&#039;absorption sp\u00e9cifique) des t\u00e9l\u00e9phones portables quantifie le niveau d&#039;exposition Maximum de l&#039;utilisateur aux ondes \u00e9lectromagn\u00e9tiques, \u00e0 utiliser dans l&#039;oreille. La r\u00e9glementation fran\u00e7aise exige que le SAR ne d\u00e9passe pas 2 W \/ kg Capacit\u00e9 (m\u00e9moire) 64 Go g\u00e9n\u00e9ral Type de produit Smartphone Composants int\u00e9gr\u00e9s Enregistreur vocal, haut-parleurs st\u00e9r\u00e9o, navigation, double cam\u00e9ra arri\u00e8re, double cam\u00e9ra avant, lecteur num\u00e9rique Mat\u00e9riau du bo\u00eetier Verre, acier inoxydable de qualit\u00e9 chirurgicale Couleur du bo\u00eetier Or Profondeur 7,7 mm Largeur 70,9 mm Hauteur 143,6 mm Poids 177 g Valeur SAR 0,99 W \/ kg (corps) \/ 0,99 W \/ kg (t\u00eate) Protection contre la poussi\u00e8re, anti-\u00e9claboussures, \u00e9tanche. Format tactile Num\u00e9ro de mod\u00e8le du fabricant A2097\" \/>\n<meta property=\"og:url\" content=\"https:\/\/novakmarket.com\/pt\/produto\/apple-iphone-xs-64-go-or\/\" \/>\n<meta property=\"og:site_name\" content=\"Novak Market\" \/>\n<meta property=\"article:modified_time\" content=\"2023-10-24T23:03:50+00:00\" \/>\n<meta property=\"og:image\" content=\"https:\/\/novakmarket.com\/wp-content\/uploads\/2021\/11\/r1.jpg\" \/>\n\t<meta property=\"og:image:width\" content=\"700\" \/>\n\t<meta property=\"og:image:height\" content=\"700\" \/>\n\t<meta property=\"og:image:type\" content=\"image\/jpeg\" \/>\n<meta name=\"twitter:card\" content=\"summary_large_image\" \/>\n<script type=\"application\/ld+json\" class=\"yoast-schema-graph\">{\"@context\":\"https:\/\/schema.org\",\"@graph\":[{\"@type\":\"WebPage\",\"@id\":\"https:\/\/novakmarket.com\/produit\/apple-iphone-xs-64-go-or\/\",\"url\":\"https:\/\/novakmarket.com\/produit\/apple-iphone-xs-64-go-or\/\",\"name\":\"APPLE iPhone Xs - 64 Go - Or - Novak Market\",\"isPartOf\":{\"@id\":\"https:\/\/novakmarket.com\/#website\"},\"primaryImageOfPage\":{\"@id\":\"https:\/\/novakmarket.com\/produit\/apple-iphone-xs-64-go-or\/#primaryimage\"},\"image\":{\"@id\":\"https:\/\/novakmarket.com\/produit\/apple-iphone-xs-64-go-or\/#primaryimage\"},\"thumbnailUrl\":\"https:\/\/novakmarket.com\/wp-content\/uploads\/2021\/11\/r1.jpg\",\"datePublished\":\"2021-11-29T19:14:58+00:00\",\"dateModified\":\"2023-10-24T23:03:50+00:00\",\"breadcrumb\":{\"@id\":\"https:\/\/novakmarket.com\/produit\/apple-iphone-xs-64-go-or\/#breadcrumb\"},\"inLanguage\":\"pt-PT\",\"potentialAction\":[{\"@type\":\"ReadAction\",\"target\":[\"https:\/\/novakmarket.com\/produit\/apple-iphone-xs-64-go-or\/\"]}]},{\"@type\":\"ImageObject\",\"inLanguage\":\"pt-PT\",\"@id\":\"https:\/\/novakmarket.com\/produit\/apple-iphone-xs-64-go-or\/#primaryimage\",\"url\":\"https:\/\/novakmarket.com\/wp-content\/uploads\/2021\/11\/r1.jpg\",\"contentUrl\":\"https:\/\/novakmarket.com\/wp-content\/uploads\/2021\/11\/r1.jpg\",\"width\":700,\"height\":700},{\"@type\":\"BreadcrumbList\",\"@id\":\"https:\/\/novakmarket.com\/produit\/apple-iphone-xs-64-go-or\/#breadcrumb\",\"itemListElement\":[{\"@type\":\"ListItem\",\"position\":1,\"name\":\"Accueil\",\"item\":\"https:\/\/novakmarket.com\/\"},{\"@type\":\"ListItem\",\"position\":2,\"name\":\"Boutique\",\"item\":\"https:\/\/novakmarket.com\/shop\/\"},{\"@type\":\"ListItem\",\"position\":3,\"name\":\"APPLE iPhone Xs &#8211; 64 Go &#8211; Or\"}]},{\"@type\":\"WebSite\",\"@id\":\"https:\/\/novakmarket.com\/#website\",\"url\":\"https:\/\/novakmarket.com\/\",\"name\":\"Novak Market\",\"description\":\"Vente de produits \u00e9lectroniques.\",\"publisher\":{\"@id\":\"https:\/\/novakmarket.com\/#organization\"},\"potentialAction\":[{\"@type\":\"SearchAction\",\"target\":{\"@type\":\"EntryPoint\",\"urlTemplate\":\"https:\/\/novakmarket.com\/?s={search_term_string}\"},\"query-input\":{\"@type\":\"PropertyValueSpecification\",\"valueRequired\":true,\"valueName\":\"search_term_string\"}}],\"inLanguage\":\"pt-PT\"},{\"@type\":\"Organization\",\"@id\":\"https:\/\/novakmarket.com\/#organization\",\"name\":\"Novak Market\",\"url\":\"https:\/\/novakmarket.com\/\",\"logo\":{\"@type\":\"ImageObject\",\"inLanguage\":\"pt-PT\",\"@id\":\"https:\/\/novakmarket.com\/#\/schema\/logo\/image\/\",\"url\":\"https:\/\/novakmarket.com\/wp-content\/uploads\/2026\/02\/cropped-footer-pc-removebg-preview.png\",\"contentUrl\":\"https:\/\/novakmarket.com\/wp-content\/uploads\/2026\/02\/cropped-footer-pc-removebg-preview.png\",\"width\":202,\"height\":73,\"caption\":\"Novak Market\"},\"image\":{\"@id\":\"https:\/\/novakmarket.com\/#\/schema\/logo\/image\/\"}}]}<\/script>\n<!-- \/ Yoast SEO plugin. -->","yoast_head_json":{"title":"APPLE iPhone Xs - 64 Go - Or - Novak Market","robots":{"index":"index","follow":"follow","max-snippet":"max-snippet:-1","max-image-preview":"max-image-preview:large","max-video-preview":"max-video-preview:-1"},"canonical":"https:\/\/novakmarket.com\/pt\/produto\/apple-iphone-xs-64-go-or\/","og_locale":"pt_PT","og_type":"article","og_title":"APPLE iPhone Xs - 64 Go - Or - Novak Market","og_description":"Informations SAR Le SAR (taux d'absorption sp\u00e9cifique) des t\u00e9l\u00e9phones portables quantifie le niveau d'exposition Maximum de l'utilisateur aux ondes \u00e9lectromagn\u00e9tiques, \u00e0 utiliser dans l'oreille. La r\u00e9glementation fran\u00e7aise exige que le SAR ne d\u00e9passe pas 2 W \/ kg Capacit\u00e9 (m\u00e9moire) 64 Go g\u00e9n\u00e9ral Type de produit Smartphone Composants int\u00e9gr\u00e9s Enregistreur vocal, haut-parleurs st\u00e9r\u00e9o, navigation, double cam\u00e9ra arri\u00e8re, double cam\u00e9ra avant, lecteur num\u00e9rique Mat\u00e9riau du bo\u00eetier Verre, acier inoxydable de qualit\u00e9 chirurgicale Couleur du bo\u00eetier Or Profondeur 7,7 mm Largeur 70,9 mm Hauteur 143,6 mm Poids 177 g Valeur SAR 0,99 W \/ kg (corps) \/ 0,99 W \/ kg (t\u00eate) Protection contre la poussi\u00e8re, anti-\u00e9claboussures, \u00e9tanche. Format tactile Num\u00e9ro de mod\u00e8le du fabricant A2097","og_url":"https:\/\/novakmarket.com\/pt\/produto\/apple-iphone-xs-64-go-or\/","og_site_name":"Novak Market","article_modified_time":"2023-10-24T23:03:50+00:00","og_image":[{"width":700,"height":700,"url":"https:\/\/novakmarket.com\/wp-content\/uploads\/2021\/11\/r1.jpg","type":"image\/jpeg"}],"twitter_card":"summary_large_image","schema":{"@context":"https:\/\/schema.org","@graph":[{"@type":"WebPage","@id":"https:\/\/novakmarket.com\/produit\/apple-iphone-xs-64-go-or\/","url":"https:\/\/novakmarket.com\/produit\/apple-iphone-xs-64-go-or\/","name":"APPLE iPhone Xs - 64 Go - Or - Novak Market","isPartOf":{"@id":"https:\/\/novakmarket.com\/#website"},"primaryImageOfPage":{"@id":"https:\/\/novakmarket.com\/produit\/apple-iphone-xs-64-go-or\/#primaryimage"},"image":{"@id":"https:\/\/novakmarket.com\/produit\/apple-iphone-xs-64-go-or\/#primaryimage"},"thumbnailUrl":"https:\/\/novakmarket.com\/wp-content\/uploads\/2021\/11\/r1.jpg","datePublished":"2021-11-29T19:14:58+00:00","dateModified":"2023-10-24T23:03:50+00:00","breadcrumb":{"@id":"https:\/\/novakmarket.com\/produit\/apple-iphone-xs-64-go-or\/#breadcrumb"},"inLanguage":"pt-PT","potentialAction":[{"@type":"ReadAction","target":["https:\/\/novakmarket.com\/produit\/apple-iphone-xs-64-go-or\/"]}]},{"@type":"ImageObject","inLanguage":"pt-PT","@id":"https:\/\/novakmarket.com\/produit\/apple-iphone-xs-64-go-or\/#primaryimage","url":"https:\/\/novakmarket.com\/wp-content\/uploads\/2021\/11\/r1.jpg","contentUrl":"https:\/\/novakmarket.com\/wp-content\/uploads\/2021\/11\/r1.jpg","width":700,"height":700},{"@type":"BreadcrumbList","@id":"https:\/\/novakmarket.com\/produit\/apple-iphone-xs-64-go-or\/#breadcrumb","itemListElement":[{"@type":"ListItem","position":1,"name":"Accueil","item":"https:\/\/novakmarket.com\/"},{"@type":"ListItem","position":2,"name":"Boutique","item":"https:\/\/novakmarket.com\/shop\/"},{"@type":"ListItem","position":3,"name":"APPLE iPhone Xs &#8211; 64 Go &#8211; Or"}]},{"@type":"WebSite","@id":"https:\/\/novakmarket.com\/#website","url":"https:\/\/novakmarket.com\/","name":"Novak Market","description":"Vente de produits \u00e9lectroniques.","publisher":{"@id":"https:\/\/novakmarket.com\/#organization"},"potentialAction":[{"@type":"SearchAction","target":{"@type":"EntryPoint","urlTemplate":"https:\/\/novakmarket.com\/?s={search_term_string}"},"query-input":{"@type":"PropertyValueSpecification","valueRequired":true,"valueName":"search_term_string"}}],"inLanguage":"pt-PT"},{"@type":"Organization","@id":"https:\/\/novakmarket.com\/#organization","name":"Novak Market","url":"https:\/\/novakmarket.com\/","logo":{"@type":"ImageObject","inLanguage":"pt-PT","@id":"https:\/\/novakmarket.com\/#\/schema\/logo\/image\/","url":"https:\/\/novakmarket.com\/wp-content\/uploads\/2026\/02\/cropped-footer-pc-removebg-preview.png","contentUrl":"https:\/\/novakmarket.com\/wp-content\/uploads\/2026\/02\/cropped-footer-pc-removebg-preview.png","width":202,"height":73,"caption":"Novak Market"},"image":{"@id":"https:\/\/novakmarket.com\/#\/schema\/logo\/image\/"}}]}},"_links":{"self":[{"href":"https:\/\/novakmarket.com\/pt\/wp-json\/wp\/v2\/product\/5775","targetHints":{"allow":["GET"]}}],"collection":[{"href":"https:\/\/novakmarket.com\/pt\/wp-json\/wp\/v2\/product"}],"about":[{"href":"https:\/\/novakmarket.com\/pt\/wp-json\/wp\/v2\/types\/product"}],"replies":[{"embeddable":true,"href":"https:\/\/novakmarket.com\/pt\/wp-json\/wp\/v2\/comments?post=5775"}],"wp:featuredmedia":[{"embeddable":true,"href":"https:\/\/novakmarket.com\/pt\/wp-json\/wp\/v2\/media\/5829"}],"wp:attachment":[{"href":"https:\/\/novakmarket.com\/pt\/wp-json\/wp\/v2\/media?parent=5775"}],"wp:term":[{"taxonomy":"product_brand","embeddable":true,"href":"https:\/\/novakmarket.com\/pt\/wp-json\/wp\/v2\/product_brand?post=5775"},{"taxonomy":"product_cat","embeddable":true,"href":"https:\/\/novakmarket.com\/pt\/wp-json\/wp\/v2\/product_cat?post=5775"},{"taxonomy":"product_tag","embeddable":true,"href":"https:\/\/novakmarket.com\/pt\/wp-json\/wp\/v2\/product_tag?post=5775"}],"curies":[{"name":"wp","href":"https:\/\/api.w.org\/{rel}","templated":true}]}}