{"id":5840,"date":"2021-11-29T20:15:19","date_gmt":"2021-11-29T19:15:19","guid":{"rendered":"https:\/\/bestymarketshop.com\/?post_type=product&#038;p=5840"},"modified":"2021-11-29T20:15:25","modified_gmt":"2021-11-29T19:15:25","slug":"xiaomi-mi-note-10-vert-128-go","status":"publish","type":"product","link":"https:\/\/novakmarket.com\/pt\/produto\/xiaomi-mi-note-10-vert-128-go\/","title":{"rendered":"XIAOMI MI Note 10 Vert 128 Go"},"content":{"rendered":"<p><img loading=\"lazy\" decoding=\"async\" class=\"alignnone size-medium wp-image-5309\" src=\"https:\/\/electroshoptonic.com\/wp-content\/uploads\/2016\/03\/b1-300x300.jpg\" alt=\"\" width=\"300\" height=\"300\" \/><br \/>\nPoints forts :<br \/>\nTaille diagonale: 6,47 &#8221;<br \/>\nR\u00e9solution du capteur: 108 m\u00e9gapixels<br \/>\nCapacit\u00e9: 5260 mAh<br \/>\nCapacit\u00e9 de m\u00e9moire interne: 128 Go<br \/>\n8 coeurs<br \/>\nRAM: 6 Go &#8211; SDRAM LPDDR4X<br \/>\nG\u00e9n\u00e9ration haut d\u00e9bit mobile: 4G<br \/>\nProtection: Corning Gorilla Glass 5 (verre r\u00e9sistant aux rayures)<\/p>","protected":false},"excerpt":{"rendered":"<ul>\n<li>Points forts :<br \/>\nTaille diagonale: 6,47 &#8221;<br \/>\nR\u00e9solution du capteur: 108 m\u00e9gapixels<br \/>\nCapacit\u00e9: 5260 mAh<br \/>\nCapacit\u00e9 de m\u00e9moire interne: 128 Go<br \/>\n8 coeurs<br \/>\nRAM: 6 Go &#8211; SDRAM LPDDR4X<br \/>\nG\u00e9n\u00e9ration haut d\u00e9bit mobile: 4G<br \/>\nProtection: Corning Gorilla Glass 5 (verre r\u00e9sistant aux rayures)<\/li>\n<\/ul>","protected":false},"featured_media":5869,"comment_status":"open","ping_status":"closed","template":"","meta":{"_acf_changed":false},"product_brand":[],"product_cat":[281],"product_tag":[],"class_list":{"0":"post-5840","1":"product","2":"type-product","3":"status-publish","4":"has-post-thumbnail","6":"product_cat-smartphones","8":"first","9":"instock","10":"shipping-taxable","11":"purchasable","12":"product-type-simple"},"acf":[],"yoast_head":"<!-- This site is optimized with the Yoast SEO plugin v27.2 - https:\/\/yoast.com\/product\/yoast-seo-wordpress\/ -->\n<title>XIAOMI MI Note 10 Vert 128 Go - Novak Market<\/title>\n<meta name=\"robots\" content=\"index, follow, max-snippet:-1, max-image-preview:large, max-video-preview:-1\" \/>\n<link rel=\"canonical\" href=\"https:\/\/novakmarket.com\/pt\/produto\/xiaomi-mi-note-10-vert-128-go\/\" \/>\n<meta property=\"og:locale\" content=\"pt_PT\" \/>\n<meta property=\"og:type\" content=\"article\" \/>\n<meta property=\"og:title\" content=\"XIAOMI MI Note 10 Vert 128 Go - Novak Market\" \/>\n<meta property=\"og:description\" content=\"Points forts : Taille diagonale: 6,47 &quot; R\u00e9solution du capteur: 108 m\u00e9gapixels Capacit\u00e9: 5260 mAh Capacit\u00e9 de m\u00e9moire interne: 128 Go 8 coeurs RAM: 6 Go - SDRAM LPDDR4X G\u00e9n\u00e9ration haut d\u00e9bit mobile: 4G Protection: Corning Gorilla Glass 5 (verre r\u00e9sistant aux rayures)\" \/>\n<meta property=\"og:url\" content=\"https:\/\/novakmarket.com\/pt\/produto\/xiaomi-mi-note-10-vert-128-go\/\" \/>\n<meta property=\"og:site_name\" content=\"Novak Market\" \/>\n<meta property=\"article:modified_time\" content=\"2021-11-29T19:15:25+00:00\" \/>\n<meta property=\"og:image\" content=\"https:\/\/novakmarket.com\/wp-content\/uploads\/2021\/11\/b1.jpg\" \/>\n\t<meta property=\"og:image:width\" content=\"700\" \/>\n\t<meta property=\"og:image:height\" content=\"700\" \/>\n\t<meta property=\"og:image:type\" content=\"image\/jpeg\" \/>\n<meta name=\"twitter:card\" content=\"summary_large_image\" \/>\n<script type=\"application\/ld+json\" class=\"yoast-schema-graph\">{\"@context\":\"https:\/\/schema.org\",\"@graph\":[{\"@type\":\"WebPage\",\"@id\":\"https:\/\/novakmarket.com\/produit\/xiaomi-mi-note-10-vert-128-go\/\",\"url\":\"https:\/\/novakmarket.com\/produit\/xiaomi-mi-note-10-vert-128-go\/\",\"name\":\"XIAOMI MI Note 10 Vert 128 Go - Novak Market\",\"isPartOf\":{\"@id\":\"https:\/\/novakmarket.com\/#website\"},\"primaryImageOfPage\":{\"@id\":\"https:\/\/novakmarket.com\/produit\/xiaomi-mi-note-10-vert-128-go\/#primaryimage\"},\"image\":{\"@id\":\"https:\/\/novakmarket.com\/produit\/xiaomi-mi-note-10-vert-128-go\/#primaryimage\"},\"thumbnailUrl\":\"https:\/\/novakmarket.com\/wp-content\/uploads\/2021\/11\/b1.jpg\",\"datePublished\":\"2021-11-29T19:15:19+00:00\",\"dateModified\":\"2021-11-29T19:15:25+00:00\",\"breadcrumb\":{\"@id\":\"https:\/\/novakmarket.com\/produit\/xiaomi-mi-note-10-vert-128-go\/#breadcrumb\"},\"inLanguage\":\"pt-PT\",\"potentialAction\":[{\"@type\":\"ReadAction\",\"target\":[\"https:\/\/novakmarket.com\/produit\/xiaomi-mi-note-10-vert-128-go\/\"]}]},{\"@type\":\"ImageObject\",\"inLanguage\":\"pt-PT\",\"@id\":\"https:\/\/novakmarket.com\/produit\/xiaomi-mi-note-10-vert-128-go\/#primaryimage\",\"url\":\"https:\/\/novakmarket.com\/wp-content\/uploads\/2021\/11\/b1.jpg\",\"contentUrl\":\"https:\/\/novakmarket.com\/wp-content\/uploads\/2021\/11\/b1.jpg\",\"width\":700,\"height\":700},{\"@type\":\"BreadcrumbList\",\"@id\":\"https:\/\/novakmarket.com\/produit\/xiaomi-mi-note-10-vert-128-go\/#breadcrumb\",\"itemListElement\":[{\"@type\":\"ListItem\",\"position\":1,\"name\":\"Accueil\",\"item\":\"https:\/\/novakmarket.com\/\"},{\"@type\":\"ListItem\",\"position\":2,\"name\":\"Boutique\",\"item\":\"https:\/\/novakmarket.com\/shop\/\"},{\"@type\":\"ListItem\",\"position\":3,\"name\":\"XIAOMI MI Note 10 Vert 128 Go\"}]},{\"@type\":\"WebSite\",\"@id\":\"https:\/\/novakmarket.com\/#website\",\"url\":\"https:\/\/novakmarket.com\/\",\"name\":\"Novak Market\",\"description\":\"Vente de produits \u00e9lectroniques.\",\"publisher\":{\"@id\":\"https:\/\/novakmarket.com\/#organization\"},\"potentialAction\":[{\"@type\":\"SearchAction\",\"target\":{\"@type\":\"EntryPoint\",\"urlTemplate\":\"https:\/\/novakmarket.com\/?s={search_term_string}\"},\"query-input\":{\"@type\":\"PropertyValueSpecification\",\"valueRequired\":true,\"valueName\":\"search_term_string\"}}],\"inLanguage\":\"pt-PT\"},{\"@type\":\"Organization\",\"@id\":\"https:\/\/novakmarket.com\/#organization\",\"name\":\"Novak Market\",\"url\":\"https:\/\/novakmarket.com\/\",\"logo\":{\"@type\":\"ImageObject\",\"inLanguage\":\"pt-PT\",\"@id\":\"https:\/\/novakmarket.com\/#\/schema\/logo\/image\/\",\"url\":\"https:\/\/novakmarket.com\/wp-content\/uploads\/2026\/02\/cropped-footer-pc-removebg-preview.png\",\"contentUrl\":\"https:\/\/novakmarket.com\/wp-content\/uploads\/2026\/02\/cropped-footer-pc-removebg-preview.png\",\"width\":202,\"height\":73,\"caption\":\"Novak Market\"},\"image\":{\"@id\":\"https:\/\/novakmarket.com\/#\/schema\/logo\/image\/\"}}]}<\/script>\n<!-- \/ Yoast SEO plugin. -->","yoast_head_json":{"title":"XIAOMI MI Note 10 Vert 128 Go - Novak Market","robots":{"index":"index","follow":"follow","max-snippet":"max-snippet:-1","max-image-preview":"max-image-preview:large","max-video-preview":"max-video-preview:-1"},"canonical":"https:\/\/novakmarket.com\/pt\/produto\/xiaomi-mi-note-10-vert-128-go\/","og_locale":"pt_PT","og_type":"article","og_title":"XIAOMI MI Note 10 Vert 128 Go - Novak Market","og_description":"Points forts : Taille diagonale: 6,47 \" R\u00e9solution du capteur: 108 m\u00e9gapixels Capacit\u00e9: 5260 mAh Capacit\u00e9 de m\u00e9moire interne: 128 Go 8 coeurs RAM: 6 Go - SDRAM LPDDR4X G\u00e9n\u00e9ration haut d\u00e9bit mobile: 4G Protection: Corning Gorilla Glass 5 (verre r\u00e9sistant aux rayures)","og_url":"https:\/\/novakmarket.com\/pt\/produto\/xiaomi-mi-note-10-vert-128-go\/","og_site_name":"Novak Market","article_modified_time":"2021-11-29T19:15:25+00:00","og_image":[{"width":700,"height":700,"url":"https:\/\/novakmarket.com\/wp-content\/uploads\/2021\/11\/b1.jpg","type":"image\/jpeg"}],"twitter_card":"summary_large_image","schema":{"@context":"https:\/\/schema.org","@graph":[{"@type":"WebPage","@id":"https:\/\/novakmarket.com\/produit\/xiaomi-mi-note-10-vert-128-go\/","url":"https:\/\/novakmarket.com\/produit\/xiaomi-mi-note-10-vert-128-go\/","name":"XIAOMI MI Note 10 Vert 128 Go - Novak Market","isPartOf":{"@id":"https:\/\/novakmarket.com\/#website"},"primaryImageOfPage":{"@id":"https:\/\/novakmarket.com\/produit\/xiaomi-mi-note-10-vert-128-go\/#primaryimage"},"image":{"@id":"https:\/\/novakmarket.com\/produit\/xiaomi-mi-note-10-vert-128-go\/#primaryimage"},"thumbnailUrl":"https:\/\/novakmarket.com\/wp-content\/uploads\/2021\/11\/b1.jpg","datePublished":"2021-11-29T19:15:19+00:00","dateModified":"2021-11-29T19:15:25+00:00","breadcrumb":{"@id":"https:\/\/novakmarket.com\/produit\/xiaomi-mi-note-10-vert-128-go\/#breadcrumb"},"inLanguage":"pt-PT","potentialAction":[{"@type":"ReadAction","target":["https:\/\/novakmarket.com\/produit\/xiaomi-mi-note-10-vert-128-go\/"]}]},{"@type":"ImageObject","inLanguage":"pt-PT","@id":"https:\/\/novakmarket.com\/produit\/xiaomi-mi-note-10-vert-128-go\/#primaryimage","url":"https:\/\/novakmarket.com\/wp-content\/uploads\/2021\/11\/b1.jpg","contentUrl":"https:\/\/novakmarket.com\/wp-content\/uploads\/2021\/11\/b1.jpg","width":700,"height":700},{"@type":"BreadcrumbList","@id":"https:\/\/novakmarket.com\/produit\/xiaomi-mi-note-10-vert-128-go\/#breadcrumb","itemListElement":[{"@type":"ListItem","position":1,"name":"Accueil","item":"https:\/\/novakmarket.com\/"},{"@type":"ListItem","position":2,"name":"Boutique","item":"https:\/\/novakmarket.com\/shop\/"},{"@type":"ListItem","position":3,"name":"XIAOMI MI Note 10 Vert 128 Go"}]},{"@type":"WebSite","@id":"https:\/\/novakmarket.com\/#website","url":"https:\/\/novakmarket.com\/","name":"Novak Market","description":"Vente de produits \u00e9lectroniques.","publisher":{"@id":"https:\/\/novakmarket.com\/#organization"},"potentialAction":[{"@type":"SearchAction","target":{"@type":"EntryPoint","urlTemplate":"https:\/\/novakmarket.com\/?s={search_term_string}"},"query-input":{"@type":"PropertyValueSpecification","valueRequired":true,"valueName":"search_term_string"}}],"inLanguage":"pt-PT"},{"@type":"Organization","@id":"https:\/\/novakmarket.com\/#organization","name":"Novak Market","url":"https:\/\/novakmarket.com\/","logo":{"@type":"ImageObject","inLanguage":"pt-PT","@id":"https:\/\/novakmarket.com\/#\/schema\/logo\/image\/","url":"https:\/\/novakmarket.com\/wp-content\/uploads\/2026\/02\/cropped-footer-pc-removebg-preview.png","contentUrl":"https:\/\/novakmarket.com\/wp-content\/uploads\/2026\/02\/cropped-footer-pc-removebg-preview.png","width":202,"height":73,"caption":"Novak Market"},"image":{"@id":"https:\/\/novakmarket.com\/#\/schema\/logo\/image\/"}}]}},"_links":{"self":[{"href":"https:\/\/novakmarket.com\/pt\/wp-json\/wp\/v2\/product\/5840","targetHints":{"allow":["GET"]}}],"collection":[{"href":"https:\/\/novakmarket.com\/pt\/wp-json\/wp\/v2\/product"}],"about":[{"href":"https:\/\/novakmarket.com\/pt\/wp-json\/wp\/v2\/types\/product"}],"replies":[{"embeddable":true,"href":"https:\/\/novakmarket.com\/pt\/wp-json\/wp\/v2\/comments?post=5840"}],"wp:featuredmedia":[{"embeddable":true,"href":"https:\/\/novakmarket.com\/pt\/wp-json\/wp\/v2\/media\/5869"}],"wp:attachment":[{"href":"https:\/\/novakmarket.com\/pt\/wp-json\/wp\/v2\/media?parent=5840"}],"wp:term":[{"taxonomy":"product_brand","embeddable":true,"href":"https:\/\/novakmarket.com\/pt\/wp-json\/wp\/v2\/product_brand?post=5840"},{"taxonomy":"product_cat","embeddable":true,"href":"https:\/\/novakmarket.com\/pt\/wp-json\/wp\/v2\/product_cat?post=5840"},{"taxonomy":"product_tag","embeddable":true,"href":"https:\/\/novakmarket.com\/pt\/wp-json\/wp\/v2\/product_tag?post=5840"}],"curies":[{"name":"wp","href":"https:\/\/api.w.org\/{rel}","templated":true}]}}