{"id":5848,"date":"2021-11-29T20:15:20","date_gmt":"2021-11-29T19:15:20","guid":{"rendered":"https:\/\/bestymarketshop.com\/?post_type=product&#038;p=5848"},"modified":"2021-11-29T20:15:38","modified_gmt":"2021-11-29T19:15:38","slug":"blackpear-bmm","status":"publish","type":"product","link":"https:\/\/novakmarket.com\/pt\/produto\/blackpear-bmm\/","title":{"rendered":"BLACKPEAR BMM"},"content":{"rendered":"<p><img loading=\"lazy\" decoding=\"async\" class=\"alignnone size-medium wp-image-7602\" src=\"https:\/\/e-marketshopping.com\/wp-content\/uploads\/2020\/07\/AL1-300x300.jpg\" alt=\"\" width=\"300\" height=\"300\" \/><br \/>\nBatteur avec 5 vitesses Fonction Turbo Bouton d&#8217;ejection des crochets et fouets Accessoires : 2 crochets et 2 fouets Puissance : 200 Watts Alimentation : 220-240V \u2013 50\/60 Hz<\/p>","protected":false},"excerpt":{"rendered":"<table class=\"fpDescTb fpDescTbPub\">\n<tbody>\n<tr>\n<td>Nom du produit<\/td>\n<td>BLACKPEAR BMM 1001 Batteur \u00e9lectrique &#8211; 200W &#8211; 5 v<\/td>\n<\/tr>\n<tr>\n<td>Cat\u00e9gorie<\/td>\n<td>BATTEUR &#8211; FOUET<\/td>\n<\/tr>\n<tr>\n<th colspan=\"2\">G\u00e9n\u00e9ral<\/th>\n<\/tr>\n<tr>\n<td>Type de Produit<\/td>\n<td>Batteur \u00e0 main<\/td>\n<\/tr>\n<tr>\n<td>Fonction et param\u00e8tres<\/td>\n<td>Fonction turbo<\/td>\n<\/tr>\n<tr>\n<th colspan=\"2\">R\u00e9glages, commandes et voyants<\/th>\n<\/tr>\n<tr>\n<td>R\u00e9glages de la vitesse<\/td>\n<td>5 pr\u00e9s\u00e9lections<\/td>\n<\/tr>\n<tr>\n<th colspan=\"2\">Consommation<\/th>\n<\/tr>\n<tr>\n<td>Alimentation<\/td>\n<td>220 &#8211; 240 V \/ 50\/60 Hz<\/td>\n<\/tr>\n<tr>\n<td>Puissance \u00e9lectrique<\/td>\n<td>200 Watt<\/td>\n<\/tr>\n<tr>\n<th colspan=\"2\">Divers<\/th>\n<\/tr>\n<tr>\n<td>Normes de conformit\u00e9<\/td>\n<td>DEEE<\/td>\n<\/tr>\n<tr>\n<td>Type d&#8217;emballage<\/td>\n<td>Boite<\/td>\n<\/tr>\n<tr>\n<th colspan=\"2\">Dimensions et poids<\/th>\n<\/tr>\n<tr>\n<td>Poids<\/td>\n<td>0.975 kg<\/td>\n<\/tr>\n<tr>\n<th colspan=\"2\">Dimensions et poids (emball\u00e9)<\/th>\n<\/tr>\n<tr>\n<td>Hauteur (Exp\u00e9dition)<\/td>\n<td>15 cm<\/td>\n<\/tr>\n<tr>\n<td>Largeur (emball\u00e9e)<\/td>\n<td>20 cm<\/td>\n<\/tr>\n<tr>\n<td>Profondeur (emball\u00e9e)<\/td>\n<td>10 cm<\/td>\n<\/tr>\n<\/tbody>\n<\/table>","protected":false},"featured_media":5892,"comment_status":"open","ping_status":"closed","template":"","meta":{"_acf_changed":false},"product_brand":[],"product_cat":[282],"product_tag":[],"class_list":{"0":"post-5848","1":"product","2":"type-product","3":"status-publish","4":"has-post-thumbnail","6":"product_cat-appareils-electromenagers","8":"first","9":"instock","10":"shipping-taxable","11":"purchasable","12":"product-type-simple"},"acf":[],"yoast_head":"<!-- This site is optimized with the Yoast SEO plugin v27.2 - https:\/\/yoast.com\/product\/yoast-seo-wordpress\/ -->\n<title>BLACKPEAR BMM - Novak Market<\/title>\n<meta name=\"robots\" content=\"index, follow, max-snippet:-1, max-image-preview:large, max-video-preview:-1\" \/>\n<link rel=\"canonical\" href=\"https:\/\/novakmarket.com\/pt\/produto\/blackpear-bmm\/\" \/>\n<meta property=\"og:locale\" content=\"pt_PT\" \/>\n<meta property=\"og:type\" content=\"article\" \/>\n<meta property=\"og:title\" content=\"BLACKPEAR BMM - Novak Market\" \/>\n<meta property=\"og:description\" content=\"Nom du produit BLACKPEAR BMM 1001 Batteur \u00e9lectrique - 200W - 5 v  Cat\u00e9gorie BATTEUR - FOUET  G\u00e9n\u00e9ral  Type de Produit Batteur \u00e0 main  Fonction et param\u00e8tres Fonction turbo  R\u00e9glages, commandes et voyants  R\u00e9glages de la vitesse 5 pr\u00e9s\u00e9lections  Consommation  Alimentation 220 - 240 V \/ 50\/60 Hz  Puissance \u00e9lectrique 200 Watt  Divers  Normes de conformit\u00e9 DEEE  Type d&#039;emballage Boite  Dimensions et poids  Poids 0.975 kg  Dimensions et poids (emball\u00e9)  Hauteur (Exp\u00e9dition) 15 cm  Largeur (emball\u00e9e) 20 cm  Profondeur (emball\u00e9e) 10 cm\" \/>\n<meta property=\"og:url\" content=\"https:\/\/novakmarket.com\/pt\/produto\/blackpear-bmm\/\" \/>\n<meta property=\"og:site_name\" content=\"Novak Market\" \/>\n<meta property=\"article:modified_time\" content=\"2021-11-29T19:15:38+00:00\" \/>\n<meta property=\"og:image\" content=\"https:\/\/novakmarket.com\/wp-content\/uploads\/2021\/11\/AL1.jpg\" \/>\n\t<meta property=\"og:image:width\" content=\"700\" \/>\n\t<meta property=\"og:image:height\" content=\"700\" \/>\n\t<meta property=\"og:image:type\" content=\"image\/jpeg\" \/>\n<meta name=\"twitter:card\" content=\"summary_large_image\" \/>\n<script type=\"application\/ld+json\" class=\"yoast-schema-graph\">{\"@context\":\"https:\/\/schema.org\",\"@graph\":[{\"@type\":\"WebPage\",\"@id\":\"https:\/\/novakmarket.com\/produit\/blackpear-bmm\/\",\"url\":\"https:\/\/novakmarket.com\/produit\/blackpear-bmm\/\",\"name\":\"BLACKPEAR BMM - Novak Market\",\"isPartOf\":{\"@id\":\"https:\/\/novakmarket.com\/#website\"},\"primaryImageOfPage\":{\"@id\":\"https:\/\/novakmarket.com\/produit\/blackpear-bmm\/#primaryimage\"},\"image\":{\"@id\":\"https:\/\/novakmarket.com\/produit\/blackpear-bmm\/#primaryimage\"},\"thumbnailUrl\":\"https:\/\/novakmarket.com\/wp-content\/uploads\/2021\/11\/AL1.jpg\",\"datePublished\":\"2021-11-29T19:15:20+00:00\",\"dateModified\":\"2021-11-29T19:15:38+00:00\",\"breadcrumb\":{\"@id\":\"https:\/\/novakmarket.com\/produit\/blackpear-bmm\/#breadcrumb\"},\"inLanguage\":\"pt-PT\",\"potentialAction\":[{\"@type\":\"ReadAction\",\"target\":[\"https:\/\/novakmarket.com\/produit\/blackpear-bmm\/\"]}]},{\"@type\":\"ImageObject\",\"inLanguage\":\"pt-PT\",\"@id\":\"https:\/\/novakmarket.com\/produit\/blackpear-bmm\/#primaryimage\",\"url\":\"https:\/\/novakmarket.com\/wp-content\/uploads\/2021\/11\/AL1.jpg\",\"contentUrl\":\"https:\/\/novakmarket.com\/wp-content\/uploads\/2021\/11\/AL1.jpg\",\"width\":700,\"height\":700},{\"@type\":\"BreadcrumbList\",\"@id\":\"https:\/\/novakmarket.com\/produit\/blackpear-bmm\/#breadcrumb\",\"itemListElement\":[{\"@type\":\"ListItem\",\"position\":1,\"name\":\"Accueil\",\"item\":\"https:\/\/novakmarket.com\/\"},{\"@type\":\"ListItem\",\"position\":2,\"name\":\"Boutique\",\"item\":\"https:\/\/novakmarket.com\/shop\/\"},{\"@type\":\"ListItem\",\"position\":3,\"name\":\"BLACKPEAR BMM\"}]},{\"@type\":\"WebSite\",\"@id\":\"https:\/\/novakmarket.com\/#website\",\"url\":\"https:\/\/novakmarket.com\/\",\"name\":\"Novak Market\",\"description\":\"Vente de produits \u00e9lectroniques.\",\"publisher\":{\"@id\":\"https:\/\/novakmarket.com\/#organization\"},\"potentialAction\":[{\"@type\":\"SearchAction\",\"target\":{\"@type\":\"EntryPoint\",\"urlTemplate\":\"https:\/\/novakmarket.com\/?s={search_term_string}\"},\"query-input\":{\"@type\":\"PropertyValueSpecification\",\"valueRequired\":true,\"valueName\":\"search_term_string\"}}],\"inLanguage\":\"pt-PT\"},{\"@type\":\"Organization\",\"@id\":\"https:\/\/novakmarket.com\/#organization\",\"name\":\"Novak Market\",\"url\":\"https:\/\/novakmarket.com\/\",\"logo\":{\"@type\":\"ImageObject\",\"inLanguage\":\"pt-PT\",\"@id\":\"https:\/\/novakmarket.com\/#\/schema\/logo\/image\/\",\"url\":\"https:\/\/novakmarket.com\/wp-content\/uploads\/2026\/02\/cropped-footer-pc-removebg-preview.png\",\"contentUrl\":\"https:\/\/novakmarket.com\/wp-content\/uploads\/2026\/02\/cropped-footer-pc-removebg-preview.png\",\"width\":202,\"height\":73,\"caption\":\"Novak Market\"},\"image\":{\"@id\":\"https:\/\/novakmarket.com\/#\/schema\/logo\/image\/\"}}]}<\/script>\n<!-- \/ Yoast SEO plugin. -->","yoast_head_json":{"title":"BLACKPEAR BMM - Novak Market","robots":{"index":"index","follow":"follow","max-snippet":"max-snippet:-1","max-image-preview":"max-image-preview:large","max-video-preview":"max-video-preview:-1"},"canonical":"https:\/\/novakmarket.com\/pt\/produto\/blackpear-bmm\/","og_locale":"pt_PT","og_type":"article","og_title":"BLACKPEAR BMM - Novak Market","og_description":"Nom du produit BLACKPEAR BMM 1001 Batteur \u00e9lectrique - 200W - 5 v  Cat\u00e9gorie BATTEUR - FOUET  G\u00e9n\u00e9ral  Type de Produit Batteur \u00e0 main  Fonction et param\u00e8tres Fonction turbo  R\u00e9glages, commandes et voyants  R\u00e9glages de la vitesse 5 pr\u00e9s\u00e9lections  Consommation  Alimentation 220 - 240 V \/ 50\/60 Hz  Puissance \u00e9lectrique 200 Watt  Divers  Normes de conformit\u00e9 DEEE  Type d'emballage Boite  Dimensions et poids  Poids 0.975 kg  Dimensions et poids (emball\u00e9)  Hauteur (Exp\u00e9dition) 15 cm  Largeur (emball\u00e9e) 20 cm  Profondeur (emball\u00e9e) 10 cm","og_url":"https:\/\/novakmarket.com\/pt\/produto\/blackpear-bmm\/","og_site_name":"Novak Market","article_modified_time":"2021-11-29T19:15:38+00:00","og_image":[{"width":700,"height":700,"url":"https:\/\/novakmarket.com\/wp-content\/uploads\/2021\/11\/AL1.jpg","type":"image\/jpeg"}],"twitter_card":"summary_large_image","schema":{"@context":"https:\/\/schema.org","@graph":[{"@type":"WebPage","@id":"https:\/\/novakmarket.com\/produit\/blackpear-bmm\/","url":"https:\/\/novakmarket.com\/produit\/blackpear-bmm\/","name":"BLACKPEAR BMM - Novak Market","isPartOf":{"@id":"https:\/\/novakmarket.com\/#website"},"primaryImageOfPage":{"@id":"https:\/\/novakmarket.com\/produit\/blackpear-bmm\/#primaryimage"},"image":{"@id":"https:\/\/novakmarket.com\/produit\/blackpear-bmm\/#primaryimage"},"thumbnailUrl":"https:\/\/novakmarket.com\/wp-content\/uploads\/2021\/11\/AL1.jpg","datePublished":"2021-11-29T19:15:20+00:00","dateModified":"2021-11-29T19:15:38+00:00","breadcrumb":{"@id":"https:\/\/novakmarket.com\/produit\/blackpear-bmm\/#breadcrumb"},"inLanguage":"pt-PT","potentialAction":[{"@type":"ReadAction","target":["https:\/\/novakmarket.com\/produit\/blackpear-bmm\/"]}]},{"@type":"ImageObject","inLanguage":"pt-PT","@id":"https:\/\/novakmarket.com\/produit\/blackpear-bmm\/#primaryimage","url":"https:\/\/novakmarket.com\/wp-content\/uploads\/2021\/11\/AL1.jpg","contentUrl":"https:\/\/novakmarket.com\/wp-content\/uploads\/2021\/11\/AL1.jpg","width":700,"height":700},{"@type":"BreadcrumbList","@id":"https:\/\/novakmarket.com\/produit\/blackpear-bmm\/#breadcrumb","itemListElement":[{"@type":"ListItem","position":1,"name":"Accueil","item":"https:\/\/novakmarket.com\/"},{"@type":"ListItem","position":2,"name":"Boutique","item":"https:\/\/novakmarket.com\/shop\/"},{"@type":"ListItem","position":3,"name":"BLACKPEAR BMM"}]},{"@type":"WebSite","@id":"https:\/\/novakmarket.com\/#website","url":"https:\/\/novakmarket.com\/","name":"Novak Market","description":"Vente de produits \u00e9lectroniques.","publisher":{"@id":"https:\/\/novakmarket.com\/#organization"},"potentialAction":[{"@type":"SearchAction","target":{"@type":"EntryPoint","urlTemplate":"https:\/\/novakmarket.com\/?s={search_term_string}"},"query-input":{"@type":"PropertyValueSpecification","valueRequired":true,"valueName":"search_term_string"}}],"inLanguage":"pt-PT"},{"@type":"Organization","@id":"https:\/\/novakmarket.com\/#organization","name":"Novak Market","url":"https:\/\/novakmarket.com\/","logo":{"@type":"ImageObject","inLanguage":"pt-PT","@id":"https:\/\/novakmarket.com\/#\/schema\/logo\/image\/","url":"https:\/\/novakmarket.com\/wp-content\/uploads\/2026\/02\/cropped-footer-pc-removebg-preview.png","contentUrl":"https:\/\/novakmarket.com\/wp-content\/uploads\/2026\/02\/cropped-footer-pc-removebg-preview.png","width":202,"height":73,"caption":"Novak Market"},"image":{"@id":"https:\/\/novakmarket.com\/#\/schema\/logo\/image\/"}}]}},"_links":{"self":[{"href":"https:\/\/novakmarket.com\/pt\/wp-json\/wp\/v2\/product\/5848","targetHints":{"allow":["GET"]}}],"collection":[{"href":"https:\/\/novakmarket.com\/pt\/wp-json\/wp\/v2\/product"}],"about":[{"href":"https:\/\/novakmarket.com\/pt\/wp-json\/wp\/v2\/types\/product"}],"replies":[{"embeddable":true,"href":"https:\/\/novakmarket.com\/pt\/wp-json\/wp\/v2\/comments?post=5848"}],"wp:featuredmedia":[{"embeddable":true,"href":"https:\/\/novakmarket.com\/pt\/wp-json\/wp\/v2\/media\/5892"}],"wp:attachment":[{"href":"https:\/\/novakmarket.com\/pt\/wp-json\/wp\/v2\/media?parent=5848"}],"wp:term":[{"taxonomy":"product_brand","embeddable":true,"href":"https:\/\/novakmarket.com\/pt\/wp-json\/wp\/v2\/product_brand?post=5848"},{"taxonomy":"product_cat","embeddable":true,"href":"https:\/\/novakmarket.com\/pt\/wp-json\/wp\/v2\/product_cat?post=5848"},{"taxonomy":"product_tag","embeddable":true,"href":"https:\/\/novakmarket.com\/pt\/wp-json\/wp\/v2\/product_tag?post=5848"}],"curies":[{"name":"wp","href":"https:\/\/api.w.org\/{rel}","templated":true}]}}