{"id":5912,"date":"2021-11-29T20:15:50","date_gmt":"2021-11-29T19:15:50","guid":{"rendered":"https:\/\/bestymarketshop.com\/?post_type=product&#038;p=5912"},"modified":"2021-12-02T13:42:11","modified_gmt":"2021-12-02T12:42:11","slug":"moulinex-cookeo-avec-150-recettes","status":"publish","type":"product","link":"https:\/\/novakmarket.com\/pt\/produto\/moulinex-cookeo-avec-150-recettes\/","title":{"rendered":"MOULINEX cookeo avec 150 recettes"},"content":{"rendered":"<p><img loading=\"lazy\" decoding=\"async\" class=\"alignnone size-medium wp-image-8374\" src=\"https:\/\/e-marketshopping.com\/wp-content\/uploads\/2020\/07\/X3-300x300.jpg\" alt=\"\" width=\"300\" height=\"300\" \/><\/p>\n<p>&nbsp;<\/p>\n<p>MOULINEX CE851110 Cookeo avec 150 recettes incluses &#8211; 1600 W &#8211; Couleur : Blanc &#8211; Capacit\u00e9 : 6 litres &#8211; 6 programmes de cuisson &#8211; rev\u00eatement en c\u00e9ramique et acier inoxydable &#8211; jusqu&#8217;\u00e0 6 personnes<\/p>","protected":false},"excerpt":{"rendered":"<table class=\"fpDescTb fpDescTbPub\">\n<tbody>\n<tr>\n<td>Nom du produit<\/td>\n<td>MOULINEX CE851110 cookeo avec 150 recettes incluse<\/td>\n<\/tr>\n<tr>\n<td>Cat\u00e9gorie<\/td>\n<td>MULTICUISEUR<\/td>\n<\/tr>\n<tr>\n<th colspan=\"2\">G\u00e9n\u00e9ral<\/th>\n<\/tr>\n<tr>\n<td>Type de Produit<\/td>\n<td>Multicuiseur<\/td>\n<\/tr>\n<tr>\n<td>Nombre de personnes<\/td>\n<td>6<\/td>\n<\/tr>\n<tr>\n<td>Rev\u00eatement de surface<\/td>\n<td>C\u00e9ramique antid\u00e9rapante<\/td>\n<\/tr>\n<tr>\n<td>Fonction et param\u00e8tres<\/td>\n<td>Fonction maintien au chaud, fonction r\u00e9chauffage, fonction cuisson \u00e0 la vapeur, fonction mijoter, fonction de dorage, fonction de cuisson sous pression, fonction de cuisson douce<\/td>\n<\/tr>\n<tr>\n<td>Compatible lave-vaisselle<\/td>\n<td>Pot, panier \u00e0 vapeur<\/td>\n<\/tr>\n<tr>\n<td>Contenance<\/td>\n<td>6 litres<\/td>\n<\/tr>\n<tr>\n<td>Nombre de programmes<\/td>\n<td>6<\/td>\n<\/tr>\n<tr>\n<th colspan=\"2\">R\u00e9glages, commandes et voyants<\/th>\n<\/tr>\n<tr>\n<td>Type de commande<\/td>\n<td>Electronique<\/td>\n<\/tr>\n<tr>\n<td>R\u00e9glages de la minuterie<\/td>\n<td>D\u00e9part diff\u00e9r\u00e9 du minuteur de 15 heures<\/td>\n<\/tr>\n<tr>\n<th colspan=\"2\">Divers<\/th>\n<\/tr>\n<tr>\n<td>Fonctions de s\u00e9curit\u00e9<\/td>\n<td>Protection haute pression<\/td>\n<\/tr>\n<tr>\n<th colspan=\"2\">Dimensions et poids<\/th>\n<\/tr>\n<tr>\n<td>Largeur<\/td>\n<td>37.8 cm<\/td>\n<\/tr>\n<tr>\n<td>Hauteur<\/td>\n<td>32 cm<\/td>\n<\/tr>\n<tr>\n<td>Profondeur<\/td>\n<td>36.4 cm<\/td>\n<\/tr>\n<tr>\n<td>Poids<\/td>\n<td>6.4 kg<\/td>\n<\/tr>\n<tr>\n<th colspan=\"2\">Dimensions et poids (emball\u00e9)<\/th>\n<\/tr>\n<tr>\n<td>Hauteur (Exp\u00e9dition)<\/td>\n<td>35.5 cm<\/td>\n<\/tr>\n<tr>\n<td>Largeur (emball\u00e9e)<\/td>\n<td>37.6 cm<\/td>\n<\/tr>\n<tr>\n<td>Profondeur (emball\u00e9e)<\/td>\n<td>35.4 cm<\/td>\n<\/tr>\n<tr>\n<td>Poids (Exp\u00e9dition)<\/td>\n<td>8.4 kg<\/td>\n<\/tr>\n<tr>\n<th colspan=\"2\">Attributs de recherche<\/th>\n<\/tr>\n<tr>\n<td>Petit Electrom\u00e9nager|Contenance<\/td>\n<td>6 Litres<\/td>\n<\/tr>\n<tr>\n<th colspan=\"2\">Affichage<\/th>\n<\/tr>\n<tr>\n<td>Type<\/td>\n<td>Ecran LCD<\/td>\n<\/tr>\n<\/tbody>\n<\/table>","protected":false},"featured_media":6011,"comment_status":"open","ping_status":"closed","template":"","meta":{"_acf_changed":false},"product_brand":[],"product_cat":[282,297],"product_tag":[],"class_list":{"0":"post-5912","1":"product","2":"type-product","3":"status-publish","4":"has-post-thumbnail","6":"product_cat-appareils-electromenagers","7":"product_cat-cuisson","9":"first","10":"instock","11":"shipping-taxable","12":"purchasable","13":"product-type-simple"},"acf":[],"yoast_head":"<!-- This site is optimized with the Yoast SEO plugin v27.2 - https:\/\/yoast.com\/product\/yoast-seo-wordpress\/ -->\n<title>MOULINEX cookeo avec 150 recettes - Novak Market<\/title>\n<meta name=\"robots\" content=\"index, follow, max-snippet:-1, max-image-preview:large, max-video-preview:-1\" \/>\n<link rel=\"canonical\" href=\"https:\/\/novakmarket.com\/pt\/produto\/moulinex-cookeo-avec-150-recettes\/\" \/>\n<meta property=\"og:locale\" content=\"pt_PT\" \/>\n<meta property=\"og:type\" content=\"article\" \/>\n<meta property=\"og:title\" content=\"MOULINEX cookeo avec 150 recettes - Novak Market\" \/>\n<meta property=\"og:description\" content=\"Nom du produit MOULINEX CE851110 cookeo avec 150 recettes incluse  Cat\u00e9gorie MULTICUISEUR  G\u00e9n\u00e9ral  Type de Produit Multicuiseur  Nombre de personnes 6  Rev\u00eatement de surface C\u00e9ramique antid\u00e9rapante  Fonction et param\u00e8tres Fonction maintien au chaud, fonction r\u00e9chauffage, fonction cuisson \u00e0 la vapeur, fonction mijoter, fonction de dorage, fonction de cuisson sous pression, fonction de cuisson douce  Compatible lave-vaisselle Pot, panier \u00e0 vapeur  Contenance 6 litres  Nombre de programmes 6  R\u00e9glages, commandes et voyants  Type de commande Electronique  R\u00e9glages de la minuterie D\u00e9part diff\u00e9r\u00e9 du minuteur de 15 heures  Divers  Fonctions de s\u00e9curit\u00e9 Protection haute pression  Dimensions et poids  Largeur 37.8 cm  Hauteur 32 cm  Profondeur 36.4 cm  Poids 6.4 kg  Dimensions et poids (emball\u00e9)  Hauteur (Exp\u00e9dition) 35.5 cm  Largeur (emball\u00e9e) 37.6 cm  Profondeur (emball\u00e9e) 35.4 cm  Poids (Exp\u00e9dition) 8.4 kg  Attributs de recherche  Petit Electrom\u00e9nager|Contenance 6 Litres  Affichage  Type Ecran LCD\" \/>\n<meta property=\"og:url\" content=\"https:\/\/novakmarket.com\/pt\/produto\/moulinex-cookeo-avec-150-recettes\/\" \/>\n<meta property=\"og:site_name\" content=\"Novak Market\" \/>\n<meta property=\"article:modified_time\" content=\"2021-12-02T12:42:11+00:00\" \/>\n<meta property=\"og:image\" content=\"https:\/\/novakmarket.com\/wp-content\/uploads\/2021\/11\/X3.jpg\" \/>\n\t<meta property=\"og:image:width\" content=\"700\" \/>\n\t<meta property=\"og:image:height\" content=\"700\" \/>\n\t<meta property=\"og:image:type\" content=\"image\/jpeg\" \/>\n<meta name=\"twitter:card\" content=\"summary_large_image\" \/>\n<script type=\"application\/ld+json\" class=\"yoast-schema-graph\">{\"@context\":\"https:\/\/schema.org\",\"@graph\":[{\"@type\":\"WebPage\",\"@id\":\"https:\/\/novakmarket.com\/produit\/moulinex-cookeo-avec-150-recettes\/\",\"url\":\"https:\/\/novakmarket.com\/produit\/moulinex-cookeo-avec-150-recettes\/\",\"name\":\"MOULINEX cookeo avec 150 recettes - Novak Market\",\"isPartOf\":{\"@id\":\"https:\/\/novakmarket.com\/#website\"},\"primaryImageOfPage\":{\"@id\":\"https:\/\/novakmarket.com\/produit\/moulinex-cookeo-avec-150-recettes\/#primaryimage\"},\"image\":{\"@id\":\"https:\/\/novakmarket.com\/produit\/moulinex-cookeo-avec-150-recettes\/#primaryimage\"},\"thumbnailUrl\":\"https:\/\/novakmarket.com\/wp-content\/uploads\/2021\/11\/X3.jpg\",\"datePublished\":\"2021-11-29T19:15:50+00:00\",\"dateModified\":\"2021-12-02T12:42:11+00:00\",\"breadcrumb\":{\"@id\":\"https:\/\/novakmarket.com\/produit\/moulinex-cookeo-avec-150-recettes\/#breadcrumb\"},\"inLanguage\":\"pt-PT\",\"potentialAction\":[{\"@type\":\"ReadAction\",\"target\":[\"https:\/\/novakmarket.com\/produit\/moulinex-cookeo-avec-150-recettes\/\"]}]},{\"@type\":\"ImageObject\",\"inLanguage\":\"pt-PT\",\"@id\":\"https:\/\/novakmarket.com\/produit\/moulinex-cookeo-avec-150-recettes\/#primaryimage\",\"url\":\"https:\/\/novakmarket.com\/wp-content\/uploads\/2021\/11\/X3.jpg\",\"contentUrl\":\"https:\/\/novakmarket.com\/wp-content\/uploads\/2021\/11\/X3.jpg\",\"width\":700,\"height\":700},{\"@type\":\"BreadcrumbList\",\"@id\":\"https:\/\/novakmarket.com\/produit\/moulinex-cookeo-avec-150-recettes\/#breadcrumb\",\"itemListElement\":[{\"@type\":\"ListItem\",\"position\":1,\"name\":\"Accueil\",\"item\":\"https:\/\/novakmarket.com\/\"},{\"@type\":\"ListItem\",\"position\":2,\"name\":\"Boutique\",\"item\":\"https:\/\/novakmarket.com\/shop\/\"},{\"@type\":\"ListItem\",\"position\":3,\"name\":\"MOULINEX cookeo avec 150 recettes\"}]},{\"@type\":\"WebSite\",\"@id\":\"https:\/\/novakmarket.com\/#website\",\"url\":\"https:\/\/novakmarket.com\/\",\"name\":\"Novak Market\",\"description\":\"Vente de produits \u00e9lectroniques.\",\"publisher\":{\"@id\":\"https:\/\/novakmarket.com\/#organization\"},\"potentialAction\":[{\"@type\":\"SearchAction\",\"target\":{\"@type\":\"EntryPoint\",\"urlTemplate\":\"https:\/\/novakmarket.com\/?s={search_term_string}\"},\"query-input\":{\"@type\":\"PropertyValueSpecification\",\"valueRequired\":true,\"valueName\":\"search_term_string\"}}],\"inLanguage\":\"pt-PT\"},{\"@type\":\"Organization\",\"@id\":\"https:\/\/novakmarket.com\/#organization\",\"name\":\"Novak Market\",\"url\":\"https:\/\/novakmarket.com\/\",\"logo\":{\"@type\":\"ImageObject\",\"inLanguage\":\"pt-PT\",\"@id\":\"https:\/\/novakmarket.com\/#\/schema\/logo\/image\/\",\"url\":\"https:\/\/novakmarket.com\/wp-content\/uploads\/2026\/02\/cropped-footer-pc-removebg-preview.png\",\"contentUrl\":\"https:\/\/novakmarket.com\/wp-content\/uploads\/2026\/02\/cropped-footer-pc-removebg-preview.png\",\"width\":202,\"height\":73,\"caption\":\"Novak Market\"},\"image\":{\"@id\":\"https:\/\/novakmarket.com\/#\/schema\/logo\/image\/\"}}]}<\/script>\n<!-- \/ Yoast SEO plugin. -->","yoast_head_json":{"title":"MOULINEX cookeo avec 150 recettes - Novak Market","robots":{"index":"index","follow":"follow","max-snippet":"max-snippet:-1","max-image-preview":"max-image-preview:large","max-video-preview":"max-video-preview:-1"},"canonical":"https:\/\/novakmarket.com\/pt\/produto\/moulinex-cookeo-avec-150-recettes\/","og_locale":"pt_PT","og_type":"article","og_title":"MOULINEX cookeo avec 150 recettes - Novak Market","og_description":"Nom du produit MOULINEX CE851110 cookeo avec 150 recettes incluse  Cat\u00e9gorie MULTICUISEUR  G\u00e9n\u00e9ral  Type de Produit Multicuiseur  Nombre de personnes 6  Rev\u00eatement de surface C\u00e9ramique antid\u00e9rapante  Fonction et param\u00e8tres Fonction maintien au chaud, fonction r\u00e9chauffage, fonction cuisson \u00e0 la vapeur, fonction mijoter, fonction de dorage, fonction de cuisson sous pression, fonction de cuisson douce  Compatible lave-vaisselle Pot, panier \u00e0 vapeur  Contenance 6 litres  Nombre de programmes 6  R\u00e9glages, commandes et voyants  Type de commande Electronique  R\u00e9glages de la minuterie D\u00e9part diff\u00e9r\u00e9 du minuteur de 15 heures  Divers  Fonctions de s\u00e9curit\u00e9 Protection haute pression  Dimensions et poids  Largeur 37.8 cm  Hauteur 32 cm  Profondeur 36.4 cm  Poids 6.4 kg  Dimensions et poids (emball\u00e9)  Hauteur (Exp\u00e9dition) 35.5 cm  Largeur (emball\u00e9e) 37.6 cm  Profondeur (emball\u00e9e) 35.4 cm  Poids (Exp\u00e9dition) 8.4 kg  Attributs de recherche  Petit Electrom\u00e9nager|Contenance 6 Litres  Affichage  Type Ecran LCD","og_url":"https:\/\/novakmarket.com\/pt\/produto\/moulinex-cookeo-avec-150-recettes\/","og_site_name":"Novak Market","article_modified_time":"2021-12-02T12:42:11+00:00","og_image":[{"width":700,"height":700,"url":"https:\/\/novakmarket.com\/wp-content\/uploads\/2021\/11\/X3.jpg","type":"image\/jpeg"}],"twitter_card":"summary_large_image","schema":{"@context":"https:\/\/schema.org","@graph":[{"@type":"WebPage","@id":"https:\/\/novakmarket.com\/produit\/moulinex-cookeo-avec-150-recettes\/","url":"https:\/\/novakmarket.com\/produit\/moulinex-cookeo-avec-150-recettes\/","name":"MOULINEX cookeo avec 150 recettes - Novak Market","isPartOf":{"@id":"https:\/\/novakmarket.com\/#website"},"primaryImageOfPage":{"@id":"https:\/\/novakmarket.com\/produit\/moulinex-cookeo-avec-150-recettes\/#primaryimage"},"image":{"@id":"https:\/\/novakmarket.com\/produit\/moulinex-cookeo-avec-150-recettes\/#primaryimage"},"thumbnailUrl":"https:\/\/novakmarket.com\/wp-content\/uploads\/2021\/11\/X3.jpg","datePublished":"2021-11-29T19:15:50+00:00","dateModified":"2021-12-02T12:42:11+00:00","breadcrumb":{"@id":"https:\/\/novakmarket.com\/produit\/moulinex-cookeo-avec-150-recettes\/#breadcrumb"},"inLanguage":"pt-PT","potentialAction":[{"@type":"ReadAction","target":["https:\/\/novakmarket.com\/produit\/moulinex-cookeo-avec-150-recettes\/"]}]},{"@type":"ImageObject","inLanguage":"pt-PT","@id":"https:\/\/novakmarket.com\/produit\/moulinex-cookeo-avec-150-recettes\/#primaryimage","url":"https:\/\/novakmarket.com\/wp-content\/uploads\/2021\/11\/X3.jpg","contentUrl":"https:\/\/novakmarket.com\/wp-content\/uploads\/2021\/11\/X3.jpg","width":700,"height":700},{"@type":"BreadcrumbList","@id":"https:\/\/novakmarket.com\/produit\/moulinex-cookeo-avec-150-recettes\/#breadcrumb","itemListElement":[{"@type":"ListItem","position":1,"name":"Accueil","item":"https:\/\/novakmarket.com\/"},{"@type":"ListItem","position":2,"name":"Boutique","item":"https:\/\/novakmarket.com\/shop\/"},{"@type":"ListItem","position":3,"name":"MOULINEX cookeo avec 150 recettes"}]},{"@type":"WebSite","@id":"https:\/\/novakmarket.com\/#website","url":"https:\/\/novakmarket.com\/","name":"Novak Market","description":"Vente de produits \u00e9lectroniques.","publisher":{"@id":"https:\/\/novakmarket.com\/#organization"},"potentialAction":[{"@type":"SearchAction","target":{"@type":"EntryPoint","urlTemplate":"https:\/\/novakmarket.com\/?s={search_term_string}"},"query-input":{"@type":"PropertyValueSpecification","valueRequired":true,"valueName":"search_term_string"}}],"inLanguage":"pt-PT"},{"@type":"Organization","@id":"https:\/\/novakmarket.com\/#organization","name":"Novak Market","url":"https:\/\/novakmarket.com\/","logo":{"@type":"ImageObject","inLanguage":"pt-PT","@id":"https:\/\/novakmarket.com\/#\/schema\/logo\/image\/","url":"https:\/\/novakmarket.com\/wp-content\/uploads\/2026\/02\/cropped-footer-pc-removebg-preview.png","contentUrl":"https:\/\/novakmarket.com\/wp-content\/uploads\/2026\/02\/cropped-footer-pc-removebg-preview.png","width":202,"height":73,"caption":"Novak Market"},"image":{"@id":"https:\/\/novakmarket.com\/#\/schema\/logo\/image\/"}}]}},"_links":{"self":[{"href":"https:\/\/novakmarket.com\/pt\/wp-json\/wp\/v2\/product\/5912","targetHints":{"allow":["GET"]}}],"collection":[{"href":"https:\/\/novakmarket.com\/pt\/wp-json\/wp\/v2\/product"}],"about":[{"href":"https:\/\/novakmarket.com\/pt\/wp-json\/wp\/v2\/types\/product"}],"replies":[{"embeddable":true,"href":"https:\/\/novakmarket.com\/pt\/wp-json\/wp\/v2\/comments?post=5912"}],"wp:featuredmedia":[{"embeddable":true,"href":"https:\/\/novakmarket.com\/pt\/wp-json\/wp\/v2\/media\/6011"}],"wp:attachment":[{"href":"https:\/\/novakmarket.com\/pt\/wp-json\/wp\/v2\/media?parent=5912"}],"wp:term":[{"taxonomy":"product_brand","embeddable":true,"href":"https:\/\/novakmarket.com\/pt\/wp-json\/wp\/v2\/product_brand?post=5912"},{"taxonomy":"product_cat","embeddable":true,"href":"https:\/\/novakmarket.com\/pt\/wp-json\/wp\/v2\/product_cat?post=5912"},{"taxonomy":"product_tag","embeddable":true,"href":"https:\/\/novakmarket.com\/pt\/wp-json\/wp\/v2\/product_tag?post=5912"}],"curies":[{"name":"wp","href":"https:\/\/api.w.org\/{rel}","templated":true}]}}