{"id":5913,"date":"2021-11-29T20:15:50","date_gmt":"2021-11-29T19:15:50","guid":{"rendered":"https:\/\/bestymarketshop.com\/?post_type=product&#038;p=5913"},"modified":"2021-11-29T20:16:50","modified_gmt":"2021-11-29T19:16:50","slug":"russell-hobbs-cuiseur-vapeur-9l","status":"publish","type":"product","link":"https:\/\/novakmarket.com\/pt\/produto\/russell-hobbs-cuiseur-vapeur-9l\/","title":{"rendered":"Russell Hobbs Cuiseur Vapeur 9L"},"content":{"rendered":"<p><img loading=\"lazy\" decoding=\"async\" class=\"alignnone size-medium wp-image-8383\" src=\"https:\/\/e-marketshopping.com\/wp-content\/uploads\/2020\/07\/X44-300x300.jpg\" alt=\"\" width=\"300\" height=\"300\" \/><\/p>\n<p>3 paniers vapeurs d\u2019une capacit\u00e9 totale de 9L &#8211; Paniers empilables pour un rangement pratique &#8211; Minuteur de 60 minutes avec un arr\u00eat automatique et signal sonore en fin de cuisson &#8211; Panier 1L suppl\u00e9mentaire pour cuire le riz et 6 emplacements pour la cuisson des oeufs &#8211; 2 orifices sur les c\u00f4t\u00e9s &#8211; 800 W de puissance<\/p>","protected":false},"excerpt":{"rendered":"<table class=\"fpDescTb fpDescTbPub\">\n<tbody>\n<tr>\n<td>Nom du produit<\/td>\n<td>Russell Hobbs 19270-56 Cuiseur Vapeur 9L Programma<\/td>\n<\/tr>\n<tr>\n<td>Cat\u00e9gorie<\/td>\n<td>CUISEUR \u00c0 VAPEUR<\/td>\n<\/tr>\n<tr>\n<th colspan=\"2\">G\u00e9n\u00e9ral<\/th>\n<\/tr>\n<tr>\n<td>Type de Produit<\/td>\n<td>Cuiseur vapeur<\/td>\n<\/tr>\n<tr>\n<td>Contenance<\/td>\n<td>9 litres<\/td>\n<\/tr>\n<tr>\n<th colspan=\"2\">R\u00e9glages, commandes et voyants<\/th>\n<\/tr>\n<tr>\n<td>Minuteur<\/td>\n<td>60 min<\/td>\n<\/tr>\n<tr>\n<td>Fonctions du minuteur<\/td>\n<td>Minuteur<\/td>\n<\/tr>\n<tr>\n<th colspan=\"2\">Consommation<\/th>\n<\/tr>\n<tr>\n<td>Puissance \u00e9lectrique<\/td>\n<td>800 Watt<\/td>\n<\/tr>\n<tr>\n<th colspan=\"2\">Divers<\/th>\n<\/tr>\n<tr>\n<td>Fonctions de s\u00e9curit\u00e9<\/td>\n<td>Arr\u00eat automatique<\/td>\n<\/tr>\n<tr>\n<th colspan=\"2\">Attributs de recherche<\/th>\n<\/tr>\n<tr>\n<td>Petit Electrom\u00e9nager|Contenance<\/td>\n<td>9 Litres<\/td>\n<\/tr>\n<\/tbody>\n<\/table>","protected":false},"featured_media":6013,"comment_status":"open","ping_status":"closed","template":"","meta":{"_acf_changed":false},"product_brand":[],"product_cat":[282,297],"product_tag":[],"class_list":{"0":"post-5913","1":"product","2":"type-product","3":"status-publish","4":"has-post-thumbnail","6":"product_cat-appareils-electromenagers","7":"product_cat-cuisson","9":"first","10":"instock","11":"shipping-taxable","12":"purchasable","13":"product-type-simple"},"acf":[],"yoast_head":"<!-- This site is optimized with the Yoast SEO plugin v27.2 - https:\/\/yoast.com\/product\/yoast-seo-wordpress\/ -->\n<title>Russell Hobbs Cuiseur Vapeur 9L - Novak Market<\/title>\n<meta name=\"robots\" content=\"index, follow, max-snippet:-1, max-image-preview:large, max-video-preview:-1\" \/>\n<link rel=\"canonical\" href=\"https:\/\/novakmarket.com\/pt\/produto\/russell-hobbs-cuiseur-vapeur-9l\/\" \/>\n<meta property=\"og:locale\" content=\"pt_PT\" \/>\n<meta property=\"og:type\" content=\"article\" \/>\n<meta property=\"og:title\" content=\"Russell Hobbs Cuiseur Vapeur 9L - Novak Market\" \/>\n<meta property=\"og:description\" content=\"Nom du produit Russell Hobbs 19270-56 Cuiseur Vapeur 9L Programma  Cat\u00e9gorie CUISEUR \u00c0 VAPEUR  G\u00e9n\u00e9ral  Type de Produit Cuiseur vapeur  Contenance 9 litres  R\u00e9glages, commandes et voyants  Minuteur 60 min  Fonctions du minuteur Minuteur  Consommation  Puissance \u00e9lectrique 800 Watt  Divers  Fonctions de s\u00e9curit\u00e9 Arr\u00eat automatique  Attributs de recherche  Petit Electrom\u00e9nager|Contenance 9 Litres\" \/>\n<meta property=\"og:url\" content=\"https:\/\/novakmarket.com\/pt\/produto\/russell-hobbs-cuiseur-vapeur-9l\/\" \/>\n<meta property=\"og:site_name\" content=\"Novak Market\" \/>\n<meta property=\"article:modified_time\" content=\"2021-11-29T19:16:50+00:00\" \/>\n<meta property=\"og:image\" content=\"https:\/\/novakmarket.com\/wp-content\/uploads\/2021\/11\/X4.jpg\" \/>\n\t<meta property=\"og:image:width\" content=\"700\" \/>\n\t<meta property=\"og:image:height\" content=\"700\" \/>\n\t<meta property=\"og:image:type\" content=\"image\/jpeg\" \/>\n<meta name=\"twitter:card\" content=\"summary_large_image\" \/>\n<script type=\"application\/ld+json\" class=\"yoast-schema-graph\">{\"@context\":\"https:\/\/schema.org\",\"@graph\":[{\"@type\":\"WebPage\",\"@id\":\"https:\/\/novakmarket.com\/produit\/russell-hobbs-cuiseur-vapeur-9l\/\",\"url\":\"https:\/\/novakmarket.com\/produit\/russell-hobbs-cuiseur-vapeur-9l\/\",\"name\":\"Russell Hobbs Cuiseur Vapeur 9L - Novak Market\",\"isPartOf\":{\"@id\":\"https:\/\/novakmarket.com\/#website\"},\"primaryImageOfPage\":{\"@id\":\"https:\/\/novakmarket.com\/produit\/russell-hobbs-cuiseur-vapeur-9l\/#primaryimage\"},\"image\":{\"@id\":\"https:\/\/novakmarket.com\/produit\/russell-hobbs-cuiseur-vapeur-9l\/#primaryimage\"},\"thumbnailUrl\":\"https:\/\/novakmarket.com\/wp-content\/uploads\/2021\/11\/X4.jpg\",\"datePublished\":\"2021-11-29T19:15:50+00:00\",\"dateModified\":\"2021-11-29T19:16:50+00:00\",\"breadcrumb\":{\"@id\":\"https:\/\/novakmarket.com\/produit\/russell-hobbs-cuiseur-vapeur-9l\/#breadcrumb\"},\"inLanguage\":\"pt-PT\",\"potentialAction\":[{\"@type\":\"ReadAction\",\"target\":[\"https:\/\/novakmarket.com\/produit\/russell-hobbs-cuiseur-vapeur-9l\/\"]}]},{\"@type\":\"ImageObject\",\"inLanguage\":\"pt-PT\",\"@id\":\"https:\/\/novakmarket.com\/produit\/russell-hobbs-cuiseur-vapeur-9l\/#primaryimage\",\"url\":\"https:\/\/novakmarket.com\/wp-content\/uploads\/2021\/11\/X4.jpg\",\"contentUrl\":\"https:\/\/novakmarket.com\/wp-content\/uploads\/2021\/11\/X4.jpg\",\"width\":700,\"height\":700},{\"@type\":\"BreadcrumbList\",\"@id\":\"https:\/\/novakmarket.com\/produit\/russell-hobbs-cuiseur-vapeur-9l\/#breadcrumb\",\"itemListElement\":[{\"@type\":\"ListItem\",\"position\":1,\"name\":\"Accueil\",\"item\":\"https:\/\/novakmarket.com\/\"},{\"@type\":\"ListItem\",\"position\":2,\"name\":\"Boutique\",\"item\":\"https:\/\/novakmarket.com\/shop\/\"},{\"@type\":\"ListItem\",\"position\":3,\"name\":\"Russell Hobbs Cuiseur Vapeur 9L\"}]},{\"@type\":\"WebSite\",\"@id\":\"https:\/\/novakmarket.com\/#website\",\"url\":\"https:\/\/novakmarket.com\/\",\"name\":\"Novak Market\",\"description\":\"Vente de produits \u00e9lectroniques.\",\"publisher\":{\"@id\":\"https:\/\/novakmarket.com\/#organization\"},\"potentialAction\":[{\"@type\":\"SearchAction\",\"target\":{\"@type\":\"EntryPoint\",\"urlTemplate\":\"https:\/\/novakmarket.com\/?s={search_term_string}\"},\"query-input\":{\"@type\":\"PropertyValueSpecification\",\"valueRequired\":true,\"valueName\":\"search_term_string\"}}],\"inLanguage\":\"pt-PT\"},{\"@type\":\"Organization\",\"@id\":\"https:\/\/novakmarket.com\/#organization\",\"name\":\"Novak Market\",\"url\":\"https:\/\/novakmarket.com\/\",\"logo\":{\"@type\":\"ImageObject\",\"inLanguage\":\"pt-PT\",\"@id\":\"https:\/\/novakmarket.com\/#\/schema\/logo\/image\/\",\"url\":\"https:\/\/novakmarket.com\/wp-content\/uploads\/2026\/02\/cropped-footer-pc-removebg-preview.png\",\"contentUrl\":\"https:\/\/novakmarket.com\/wp-content\/uploads\/2026\/02\/cropped-footer-pc-removebg-preview.png\",\"width\":202,\"height\":73,\"caption\":\"Novak Market\"},\"image\":{\"@id\":\"https:\/\/novakmarket.com\/#\/schema\/logo\/image\/\"}}]}<\/script>\n<!-- \/ Yoast SEO plugin. -->","yoast_head_json":{"title":"Russell Hobbs Cuiseur Vapeur 9L - Novak Market","robots":{"index":"index","follow":"follow","max-snippet":"max-snippet:-1","max-image-preview":"max-image-preview:large","max-video-preview":"max-video-preview:-1"},"canonical":"https:\/\/novakmarket.com\/pt\/produto\/russell-hobbs-cuiseur-vapeur-9l\/","og_locale":"pt_PT","og_type":"article","og_title":"Russell Hobbs Cuiseur Vapeur 9L - Novak Market","og_description":"Nom du produit Russell Hobbs 19270-56 Cuiseur Vapeur 9L Programma  Cat\u00e9gorie CUISEUR \u00c0 VAPEUR  G\u00e9n\u00e9ral  Type de Produit Cuiseur vapeur  Contenance 9 litres  R\u00e9glages, commandes et voyants  Minuteur 60 min  Fonctions du minuteur Minuteur  Consommation  Puissance \u00e9lectrique 800 Watt  Divers  Fonctions de s\u00e9curit\u00e9 Arr\u00eat automatique  Attributs de recherche  Petit Electrom\u00e9nager|Contenance 9 Litres","og_url":"https:\/\/novakmarket.com\/pt\/produto\/russell-hobbs-cuiseur-vapeur-9l\/","og_site_name":"Novak Market","article_modified_time":"2021-11-29T19:16:50+00:00","og_image":[{"width":700,"height":700,"url":"https:\/\/novakmarket.com\/wp-content\/uploads\/2021\/11\/X4.jpg","type":"image\/jpeg"}],"twitter_card":"summary_large_image","schema":{"@context":"https:\/\/schema.org","@graph":[{"@type":"WebPage","@id":"https:\/\/novakmarket.com\/produit\/russell-hobbs-cuiseur-vapeur-9l\/","url":"https:\/\/novakmarket.com\/produit\/russell-hobbs-cuiseur-vapeur-9l\/","name":"Russell Hobbs Cuiseur Vapeur 9L - Novak Market","isPartOf":{"@id":"https:\/\/novakmarket.com\/#website"},"primaryImageOfPage":{"@id":"https:\/\/novakmarket.com\/produit\/russell-hobbs-cuiseur-vapeur-9l\/#primaryimage"},"image":{"@id":"https:\/\/novakmarket.com\/produit\/russell-hobbs-cuiseur-vapeur-9l\/#primaryimage"},"thumbnailUrl":"https:\/\/novakmarket.com\/wp-content\/uploads\/2021\/11\/X4.jpg","datePublished":"2021-11-29T19:15:50+00:00","dateModified":"2021-11-29T19:16:50+00:00","breadcrumb":{"@id":"https:\/\/novakmarket.com\/produit\/russell-hobbs-cuiseur-vapeur-9l\/#breadcrumb"},"inLanguage":"pt-PT","potentialAction":[{"@type":"ReadAction","target":["https:\/\/novakmarket.com\/produit\/russell-hobbs-cuiseur-vapeur-9l\/"]}]},{"@type":"ImageObject","inLanguage":"pt-PT","@id":"https:\/\/novakmarket.com\/produit\/russell-hobbs-cuiseur-vapeur-9l\/#primaryimage","url":"https:\/\/novakmarket.com\/wp-content\/uploads\/2021\/11\/X4.jpg","contentUrl":"https:\/\/novakmarket.com\/wp-content\/uploads\/2021\/11\/X4.jpg","width":700,"height":700},{"@type":"BreadcrumbList","@id":"https:\/\/novakmarket.com\/produit\/russell-hobbs-cuiseur-vapeur-9l\/#breadcrumb","itemListElement":[{"@type":"ListItem","position":1,"name":"Accueil","item":"https:\/\/novakmarket.com\/"},{"@type":"ListItem","position":2,"name":"Boutique","item":"https:\/\/novakmarket.com\/shop\/"},{"@type":"ListItem","position":3,"name":"Russell Hobbs Cuiseur Vapeur 9L"}]},{"@type":"WebSite","@id":"https:\/\/novakmarket.com\/#website","url":"https:\/\/novakmarket.com\/","name":"Novak Market","description":"Vente de produits \u00e9lectroniques.","publisher":{"@id":"https:\/\/novakmarket.com\/#organization"},"potentialAction":[{"@type":"SearchAction","target":{"@type":"EntryPoint","urlTemplate":"https:\/\/novakmarket.com\/?s={search_term_string}"},"query-input":{"@type":"PropertyValueSpecification","valueRequired":true,"valueName":"search_term_string"}}],"inLanguage":"pt-PT"},{"@type":"Organization","@id":"https:\/\/novakmarket.com\/#organization","name":"Novak Market","url":"https:\/\/novakmarket.com\/","logo":{"@type":"ImageObject","inLanguage":"pt-PT","@id":"https:\/\/novakmarket.com\/#\/schema\/logo\/image\/","url":"https:\/\/novakmarket.com\/wp-content\/uploads\/2026\/02\/cropped-footer-pc-removebg-preview.png","contentUrl":"https:\/\/novakmarket.com\/wp-content\/uploads\/2026\/02\/cropped-footer-pc-removebg-preview.png","width":202,"height":73,"caption":"Novak Market"},"image":{"@id":"https:\/\/novakmarket.com\/#\/schema\/logo\/image\/"}}]}},"_links":{"self":[{"href":"https:\/\/novakmarket.com\/pt\/wp-json\/wp\/v2\/product\/5913","targetHints":{"allow":["GET"]}}],"collection":[{"href":"https:\/\/novakmarket.com\/pt\/wp-json\/wp\/v2\/product"}],"about":[{"href":"https:\/\/novakmarket.com\/pt\/wp-json\/wp\/v2\/types\/product"}],"replies":[{"embeddable":true,"href":"https:\/\/novakmarket.com\/pt\/wp-json\/wp\/v2\/comments?post=5913"}],"wp:featuredmedia":[{"embeddable":true,"href":"https:\/\/novakmarket.com\/pt\/wp-json\/wp\/v2\/media\/6013"}],"wp:attachment":[{"href":"https:\/\/novakmarket.com\/pt\/wp-json\/wp\/v2\/media?parent=5913"}],"wp:term":[{"taxonomy":"product_brand","embeddable":true,"href":"https:\/\/novakmarket.com\/pt\/wp-json\/wp\/v2\/product_brand?post=5913"},{"taxonomy":"product_cat","embeddable":true,"href":"https:\/\/novakmarket.com\/pt\/wp-json\/wp\/v2\/product_cat?post=5913"},{"taxonomy":"product_tag","embeddable":true,"href":"https:\/\/novakmarket.com\/pt\/wp-json\/wp\/v2\/product_tag?post=5913"}],"curies":[{"name":"wp","href":"https:\/\/api.w.org\/{rel}","templated":true}]}}