{"id":5956,"date":"2021-11-29T20:16:19","date_gmt":"2021-11-29T19:16:19","guid":{"rendered":"https:\/\/bestymarketshop.com\/?post_type=product&#038;p=5956"},"modified":"2021-12-02T13:40:01","modified_gmt":"2021-12-02T12:40:01","slug":"moulinex-robot-cuiseur-companion","status":"publish","type":"product","link":"https:\/\/novakmarket.com\/pt\/produto\/moulinex-robot-cuiseur-companion\/","title":{"rendered":"MOULINEX Robot cuiseur Companion"},"content":{"rendered":"<p><img loading=\"lazy\" decoding=\"async\" class=\"alignnone size-medium wp-image-8397\" src=\"https:\/\/e-marketshopping.com\/wp-content\/uploads\/2020\/07\/X9-300x300.jpg\" alt=\"\" width=\"300\" height=\"300\" \/><\/p>\n<ul>\n<li>R\u00e2pe, p\u00e9trin, batteur, fouet, cuisinier, mijoteur, cuisson \u00e0 la vapeur<\/li>\n<li>R\u00e9glages de la vitesse : 12 pr\u00e9s\u00e9lections<\/li>\n<li>Puissance \u00e9lectrique : 1550 Watt<\/li>\n<li>Capacit\u00e9 du bol : 4.5 litres<\/li>\n<li>Couleur : Blanc\/argent<\/li>\n<\/ul>\n<p>&nbsp;<\/p>","protected":false},"excerpt":{"rendered":"<table class=\"fpDescTb fpDescTbPub\">\n<tbody>\n<tr>\n<td>Nom du produit<\/td>\n<td>MOULINEX HF800A10 Robot cuiseur Companion &#8211; 4,5 L<\/td>\n<\/tr>\n<tr>\n<td>Cat\u00e9gorie<\/td>\n<td>ROBOT DE CUISINE<\/td>\n<\/tr>\n<tr>\n<th colspan=\"2\">Informations sur le produit<\/th>\n<\/tr>\n<tr>\n<td>Couleur(s)<\/td>\n<td>Blanc<\/td>\n<\/tr>\n<tr>\n<td>Composition<\/td>\n<td>Robot seul<\/td>\n<\/tr>\n<tr>\n<th colspan=\"2\">G\u00e9n\u00e9ral<\/th>\n<\/tr>\n<tr>\n<td>Type de Produit<\/td>\n<td>Robot multi-fonctions<\/td>\n<\/tr>\n<tr>\n<td>Couleur<\/td>\n<td>Blanc\/argent<\/td>\n<\/tr>\n<tr>\n<td>Capacit\u00e9 du bol<\/td>\n<td>4.5 litres<\/td>\n<\/tr>\n<tr>\n<td>Fonctionnalit\u00e9s<\/td>\n<td>R\u00e2pe, p\u00e9trin, batteur, fouet, cuisinier, mijoteur, cuisson \u00e0 la vapeur<\/td>\n<\/tr>\n<tr>\n<td>Nombre de r\u00e9glages de vitesse<\/td>\n<td>12<\/td>\n<\/tr>\n<tr>\n<th colspan=\"2\">R\u00e9glages, commandes et voyants<\/th>\n<\/tr>\n<tr>\n<td>R\u00e9glages de la vitesse<\/td>\n<td>12 pr\u00e9s\u00e9lections<\/td>\n<\/tr>\n<tr>\n<td>Fonction pulse<\/td>\n<td>Oui<\/td>\n<\/tr>\n<tr>\n<td>Param\u00e8tres de cuisson Qt\u00e9<\/td>\n<td>6<\/td>\n<\/tr>\n<tr>\n<th colspan=\"2\">Consommation<\/th>\n<\/tr>\n<tr>\n<td>Puissance \u00e9lectrique<\/td>\n<td>1550 Watt<\/td>\n<\/tr>\n<tr>\n<td>Longueur du cordon<\/td>\n<td>1.38 m<\/td>\n<\/tr>\n<tr>\n<td>Rangement du cordon<\/td>\n<td>Oui<\/td>\n<\/tr>\n<tr>\n<th colspan=\"2\">Divers<\/th>\n<\/tr>\n<tr>\n<td>Accessoires adaptables<\/td>\n<td>Lame de m\u00e9lange, lame pour p\u00e2te, spatule, mixeur, insert de coupe<\/td>\n<\/tr>\n<tr>\n<td>Egalement inclus<\/td>\n<td>Livre de recettes<br \/>\nPanier vapeur<\/td>\n<\/tr>\n<tr>\n<td>Compatible lave-vaisselle<\/td>\n<td>Bol, accessoires<\/td>\n<\/tr>\n<\/tbody>\n<\/table>","protected":false},"featured_media":6023,"comment_status":"open","ping_status":"closed","template":"","meta":{"_acf_changed":false},"product_brand":[],"product_cat":[282,297],"product_tag":[],"class_list":{"0":"post-5956","1":"product","2":"type-product","3":"status-publish","4":"has-post-thumbnail","6":"product_cat-appareils-electromenagers","7":"product_cat-cuisson","9":"first","10":"instock","11":"shipping-taxable","12":"purchasable","13":"product-type-simple"},"acf":[],"yoast_head":"<!-- This site is optimized with the Yoast SEO plugin v27.2 - https:\/\/yoast.com\/product\/yoast-seo-wordpress\/ -->\n<title>MOULINEX Robot cuiseur Companion - Novak Market<\/title>\n<meta name=\"robots\" content=\"index, follow, max-snippet:-1, max-image-preview:large, max-video-preview:-1\" \/>\n<link rel=\"canonical\" href=\"https:\/\/novakmarket.com\/pt\/produto\/moulinex-robot-cuiseur-companion\/\" \/>\n<meta property=\"og:locale\" content=\"pt_PT\" \/>\n<meta property=\"og:type\" content=\"article\" \/>\n<meta property=\"og:title\" content=\"MOULINEX Robot cuiseur Companion - Novak Market\" \/>\n<meta property=\"og:description\" content=\"Nom du produit MOULINEX HF800A10 Robot cuiseur Companion - 4,5 L  Cat\u00e9gorie ROBOT DE CUISINE  Informations sur le produit  Couleur(s) Blanc  Composition Robot seul  G\u00e9n\u00e9ral  Type de Produit Robot multi-fonctions  Couleur Blanc\/argent  Capacit\u00e9 du bol 4.5 litres  Fonctionnalit\u00e9s R\u00e2pe, p\u00e9trin, batteur, fouet, cuisinier, mijoteur, cuisson \u00e0 la vapeur  Nombre de r\u00e9glages de vitesse 12  R\u00e9glages, commandes et voyants  R\u00e9glages de la vitesse 12 pr\u00e9s\u00e9lections  Fonction pulse Oui  Param\u00e8tres de cuisson Qt\u00e9 6  Consommation  Puissance \u00e9lectrique 1550 Watt  Longueur du cordon 1.38 m  Rangement du cordon Oui  Divers  Accessoires adaptables Lame de m\u00e9lange, lame pour p\u00e2te, spatule, mixeur, insert de coupe  Egalement inclus Livre de recettes Panier vapeur  Compatible lave-vaisselle Bol, accessoires\" \/>\n<meta property=\"og:url\" content=\"https:\/\/novakmarket.com\/pt\/produto\/moulinex-robot-cuiseur-companion\/\" \/>\n<meta property=\"og:site_name\" content=\"Novak Market\" \/>\n<meta property=\"article:modified_time\" content=\"2021-12-02T12:40:01+00:00\" \/>\n<meta property=\"og:image\" content=\"https:\/\/novakmarket.com\/wp-content\/uploads\/2021\/11\/X9.jpg\" \/>\n\t<meta property=\"og:image:width\" content=\"700\" \/>\n\t<meta property=\"og:image:height\" content=\"700\" \/>\n\t<meta property=\"og:image:type\" content=\"image\/jpeg\" \/>\n<meta name=\"twitter:card\" content=\"summary_large_image\" \/>\n<script type=\"application\/ld+json\" class=\"yoast-schema-graph\">{\"@context\":\"https:\/\/schema.org\",\"@graph\":[{\"@type\":\"WebPage\",\"@id\":\"https:\/\/novakmarket.com\/produit\/moulinex-robot-cuiseur-companion\/\",\"url\":\"https:\/\/novakmarket.com\/produit\/moulinex-robot-cuiseur-companion\/\",\"name\":\"MOULINEX Robot cuiseur Companion - Novak Market\",\"isPartOf\":{\"@id\":\"https:\/\/novakmarket.com\/#website\"},\"primaryImageOfPage\":{\"@id\":\"https:\/\/novakmarket.com\/produit\/moulinex-robot-cuiseur-companion\/#primaryimage\"},\"image\":{\"@id\":\"https:\/\/novakmarket.com\/produit\/moulinex-robot-cuiseur-companion\/#primaryimage\"},\"thumbnailUrl\":\"https:\/\/novakmarket.com\/wp-content\/uploads\/2021\/11\/X9.jpg\",\"datePublished\":\"2021-11-29T19:16:19+00:00\",\"dateModified\":\"2021-12-02T12:40:01+00:00\",\"breadcrumb\":{\"@id\":\"https:\/\/novakmarket.com\/produit\/moulinex-robot-cuiseur-companion\/#breadcrumb\"},\"inLanguage\":\"pt-PT\",\"potentialAction\":[{\"@type\":\"ReadAction\",\"target\":[\"https:\/\/novakmarket.com\/produit\/moulinex-robot-cuiseur-companion\/\"]}]},{\"@type\":\"ImageObject\",\"inLanguage\":\"pt-PT\",\"@id\":\"https:\/\/novakmarket.com\/produit\/moulinex-robot-cuiseur-companion\/#primaryimage\",\"url\":\"https:\/\/novakmarket.com\/wp-content\/uploads\/2021\/11\/X9.jpg\",\"contentUrl\":\"https:\/\/novakmarket.com\/wp-content\/uploads\/2021\/11\/X9.jpg\",\"width\":700,\"height\":700},{\"@type\":\"BreadcrumbList\",\"@id\":\"https:\/\/novakmarket.com\/produit\/moulinex-robot-cuiseur-companion\/#breadcrumb\",\"itemListElement\":[{\"@type\":\"ListItem\",\"position\":1,\"name\":\"Accueil\",\"item\":\"https:\/\/novakmarket.com\/\"},{\"@type\":\"ListItem\",\"position\":2,\"name\":\"Boutique\",\"item\":\"https:\/\/novakmarket.com\/shop\/\"},{\"@type\":\"ListItem\",\"position\":3,\"name\":\"MOULINEX Robot cuiseur Companion\"}]},{\"@type\":\"WebSite\",\"@id\":\"https:\/\/novakmarket.com\/#website\",\"url\":\"https:\/\/novakmarket.com\/\",\"name\":\"Novak Market\",\"description\":\"Vente de produits \u00e9lectroniques.\",\"publisher\":{\"@id\":\"https:\/\/novakmarket.com\/#organization\"},\"potentialAction\":[{\"@type\":\"SearchAction\",\"target\":{\"@type\":\"EntryPoint\",\"urlTemplate\":\"https:\/\/novakmarket.com\/?s={search_term_string}\"},\"query-input\":{\"@type\":\"PropertyValueSpecification\",\"valueRequired\":true,\"valueName\":\"search_term_string\"}}],\"inLanguage\":\"pt-PT\"},{\"@type\":\"Organization\",\"@id\":\"https:\/\/novakmarket.com\/#organization\",\"name\":\"Novak Market\",\"url\":\"https:\/\/novakmarket.com\/\",\"logo\":{\"@type\":\"ImageObject\",\"inLanguage\":\"pt-PT\",\"@id\":\"https:\/\/novakmarket.com\/#\/schema\/logo\/image\/\",\"url\":\"https:\/\/novakmarket.com\/wp-content\/uploads\/2026\/02\/cropped-footer-pc-removebg-preview.png\",\"contentUrl\":\"https:\/\/novakmarket.com\/wp-content\/uploads\/2026\/02\/cropped-footer-pc-removebg-preview.png\",\"width\":202,\"height\":73,\"caption\":\"Novak Market\"},\"image\":{\"@id\":\"https:\/\/novakmarket.com\/#\/schema\/logo\/image\/\"}}]}<\/script>\n<!-- \/ Yoast SEO plugin. -->","yoast_head_json":{"title":"MOULINEX Robot cuiseur Companion - Novak Market","robots":{"index":"index","follow":"follow","max-snippet":"max-snippet:-1","max-image-preview":"max-image-preview:large","max-video-preview":"max-video-preview:-1"},"canonical":"https:\/\/novakmarket.com\/pt\/produto\/moulinex-robot-cuiseur-companion\/","og_locale":"pt_PT","og_type":"article","og_title":"MOULINEX Robot cuiseur Companion - Novak Market","og_description":"Nom du produit MOULINEX HF800A10 Robot cuiseur Companion - 4,5 L  Cat\u00e9gorie ROBOT DE CUISINE  Informations sur le produit  Couleur(s) Blanc  Composition Robot seul  G\u00e9n\u00e9ral  Type de Produit Robot multi-fonctions  Couleur Blanc\/argent  Capacit\u00e9 du bol 4.5 litres  Fonctionnalit\u00e9s R\u00e2pe, p\u00e9trin, batteur, fouet, cuisinier, mijoteur, cuisson \u00e0 la vapeur  Nombre de r\u00e9glages de vitesse 12  R\u00e9glages, commandes et voyants  R\u00e9glages de la vitesse 12 pr\u00e9s\u00e9lections  Fonction pulse Oui  Param\u00e8tres de cuisson Qt\u00e9 6  Consommation  Puissance \u00e9lectrique 1550 Watt  Longueur du cordon 1.38 m  Rangement du cordon Oui  Divers  Accessoires adaptables Lame de m\u00e9lange, lame pour p\u00e2te, spatule, mixeur, insert de coupe  Egalement inclus Livre de recettes Panier vapeur  Compatible lave-vaisselle Bol, accessoires","og_url":"https:\/\/novakmarket.com\/pt\/produto\/moulinex-robot-cuiseur-companion\/","og_site_name":"Novak Market","article_modified_time":"2021-12-02T12:40:01+00:00","og_image":[{"width":700,"height":700,"url":"https:\/\/novakmarket.com\/wp-content\/uploads\/2021\/11\/X9.jpg","type":"image\/jpeg"}],"twitter_card":"summary_large_image","schema":{"@context":"https:\/\/schema.org","@graph":[{"@type":"WebPage","@id":"https:\/\/novakmarket.com\/produit\/moulinex-robot-cuiseur-companion\/","url":"https:\/\/novakmarket.com\/produit\/moulinex-robot-cuiseur-companion\/","name":"MOULINEX Robot cuiseur Companion - Novak Market","isPartOf":{"@id":"https:\/\/novakmarket.com\/#website"},"primaryImageOfPage":{"@id":"https:\/\/novakmarket.com\/produit\/moulinex-robot-cuiseur-companion\/#primaryimage"},"image":{"@id":"https:\/\/novakmarket.com\/produit\/moulinex-robot-cuiseur-companion\/#primaryimage"},"thumbnailUrl":"https:\/\/novakmarket.com\/wp-content\/uploads\/2021\/11\/X9.jpg","datePublished":"2021-11-29T19:16:19+00:00","dateModified":"2021-12-02T12:40:01+00:00","breadcrumb":{"@id":"https:\/\/novakmarket.com\/produit\/moulinex-robot-cuiseur-companion\/#breadcrumb"},"inLanguage":"pt-PT","potentialAction":[{"@type":"ReadAction","target":["https:\/\/novakmarket.com\/produit\/moulinex-robot-cuiseur-companion\/"]}]},{"@type":"ImageObject","inLanguage":"pt-PT","@id":"https:\/\/novakmarket.com\/produit\/moulinex-robot-cuiseur-companion\/#primaryimage","url":"https:\/\/novakmarket.com\/wp-content\/uploads\/2021\/11\/X9.jpg","contentUrl":"https:\/\/novakmarket.com\/wp-content\/uploads\/2021\/11\/X9.jpg","width":700,"height":700},{"@type":"BreadcrumbList","@id":"https:\/\/novakmarket.com\/produit\/moulinex-robot-cuiseur-companion\/#breadcrumb","itemListElement":[{"@type":"ListItem","position":1,"name":"Accueil","item":"https:\/\/novakmarket.com\/"},{"@type":"ListItem","position":2,"name":"Boutique","item":"https:\/\/novakmarket.com\/shop\/"},{"@type":"ListItem","position":3,"name":"MOULINEX Robot cuiseur Companion"}]},{"@type":"WebSite","@id":"https:\/\/novakmarket.com\/#website","url":"https:\/\/novakmarket.com\/","name":"Novak Market","description":"Vente de produits \u00e9lectroniques.","publisher":{"@id":"https:\/\/novakmarket.com\/#organization"},"potentialAction":[{"@type":"SearchAction","target":{"@type":"EntryPoint","urlTemplate":"https:\/\/novakmarket.com\/?s={search_term_string}"},"query-input":{"@type":"PropertyValueSpecification","valueRequired":true,"valueName":"search_term_string"}}],"inLanguage":"pt-PT"},{"@type":"Organization","@id":"https:\/\/novakmarket.com\/#organization","name":"Novak Market","url":"https:\/\/novakmarket.com\/","logo":{"@type":"ImageObject","inLanguage":"pt-PT","@id":"https:\/\/novakmarket.com\/#\/schema\/logo\/image\/","url":"https:\/\/novakmarket.com\/wp-content\/uploads\/2026\/02\/cropped-footer-pc-removebg-preview.png","contentUrl":"https:\/\/novakmarket.com\/wp-content\/uploads\/2026\/02\/cropped-footer-pc-removebg-preview.png","width":202,"height":73,"caption":"Novak Market"},"image":{"@id":"https:\/\/novakmarket.com\/#\/schema\/logo\/image\/"}}]}},"_links":{"self":[{"href":"https:\/\/novakmarket.com\/pt\/wp-json\/wp\/v2\/product\/5956","targetHints":{"allow":["GET"]}}],"collection":[{"href":"https:\/\/novakmarket.com\/pt\/wp-json\/wp\/v2\/product"}],"about":[{"href":"https:\/\/novakmarket.com\/pt\/wp-json\/wp\/v2\/types\/product"}],"replies":[{"embeddable":true,"href":"https:\/\/novakmarket.com\/pt\/wp-json\/wp\/v2\/comments?post=5956"}],"wp:featuredmedia":[{"embeddable":true,"href":"https:\/\/novakmarket.com\/pt\/wp-json\/wp\/v2\/media\/6023"}],"wp:attachment":[{"href":"https:\/\/novakmarket.com\/pt\/wp-json\/wp\/v2\/media?parent=5956"}],"wp:term":[{"taxonomy":"product_brand","embeddable":true,"href":"https:\/\/novakmarket.com\/pt\/wp-json\/wp\/v2\/product_brand?post=5956"},{"taxonomy":"product_cat","embeddable":true,"href":"https:\/\/novakmarket.com\/pt\/wp-json\/wp\/v2\/product_cat?post=5956"},{"taxonomy":"product_tag","embeddable":true,"href":"https:\/\/novakmarket.com\/pt\/wp-json\/wp\/v2\/product_tag?post=5956"}],"curies":[{"name":"wp","href":"https:\/\/api.w.org\/{rel}","templated":true}]}}