{"id":6266,"date":"2021-11-29T20:19:10","date_gmt":"2021-11-29T19:19:10","guid":{"rendered":"https:\/\/bestymarketshop.com\/?post_type=product&#038;p=6266"},"modified":"2021-11-29T20:19:27","modified_gmt":"2021-11-29T19:19:27","slug":"apple-133-macbook-pro-core-i5-gris","status":"publish","type":"product","link":"https:\/\/novakmarket.com\/pt\/produto\/apple-133-macbook-pro-core-i5-gris\/","title":{"rendered":"APPLE &#8211; 13,3&#8243; MacBook Pro &#8211; Core i5 Gris"},"content":{"rendered":"<p><img loading=\"lazy\" decoding=\"async\" class=\"alignnone size-medium wp-image-9100\" src=\"https:\/\/e-marketshopping.com\/wp-content\/uploads\/2020\/07\/T10-300x300.jpg\" alt=\"\" width=\"300\" height=\"300\" \/><\/p>","protected":false},"excerpt":{"rendered":"<table class=\"fpDescTb fpDescTbPub\">\n<tbody>\n<tr>\n<td>Marque<\/td>\n<td>APPLE<\/td>\n<\/tr>\n<tr>\n<td>Nom du produit<\/td>\n<td>APPLE &#8211; 13,3&#8243; MacBook Pro &#8211; Core i5 &#8211; RAM 8Go &#8211; 25<\/td>\n<\/tr>\n<tr>\n<td>Cat\u00e9gorie<\/td>\n<td>ORDINATEUR PORTABLE<\/td>\n<\/tr>\n<tr>\n<th colspan=\"2\">G\u00e9n\u00e9ral<\/th>\n<\/tr>\n<tr>\n<td>Syst\u00e8me d&#8217;exploitation<\/td>\n<td>Apple macOS Catalina 10.15<\/td>\n<\/tr>\n<tr>\n<td>Type de Produit<\/td>\n<td>Ordinateur portable<\/td>\n<\/tr>\n<tr>\n<th colspan=\"2\">Affichage<\/th>\n<\/tr>\n<tr>\n<td>Type<\/td>\n<td>13.3&#8243; &#8211; IPS<\/td>\n<\/tr>\n<tr>\n<td>Technologie de r\u00e9tro\u00e9clairage LCD<\/td>\n<td>R\u00e9tro\u00e9clairage par LED<\/td>\n<\/tr>\n<tr>\n<td>R\u00e9solution<\/td>\n<td>2560 x 1600 (WQXGA)<\/td>\n<\/tr>\n<tr>\n<td>Fonctions<\/td>\n<td>Sans BFR\/PVC, sans mercure, verre sans arsenic, sans b\u00e9ryllium, affichage Retina, affichage True Tone, 227 ppp, taux de rafraichissement de 60 Hz, P3 Wide Color Gamut<\/td>\n<\/tr>\n<tr>\n<td>Grand \u00e9cran<\/td>\n<td>Oui<\/td>\n<\/tr>\n<tr>\n<td>Luminosit\u00e9 de l&#8217;image<\/td>\n<td>500 cd\/m\u00b2<\/td>\n<\/tr>\n<tr>\n<td>Type de lunette<\/td>\n<td>Flat front<\/td>\n<\/tr>\n<tr>\n<th colspan=\"2\">Stockage<\/th>\n<\/tr>\n<tr>\n<td>Stockage principal<\/td>\n<td>256 Go SSD &#8211; (soud\u00e9)<\/td>\n<\/tr>\n<tr>\n<th colspan=\"2\">M\u00e9moire<\/th>\n<\/tr>\n<tr>\n<td>RAM<\/td>\n<td>8 Go (la m\u00e9moire fournie est soud\u00e9e)<\/td>\n<\/tr>\n<tr>\n<td>Technologie<\/td>\n<td>LPDDR3 SDRAM<\/td>\n<\/tr>\n<tr>\n<td>Vitesse<\/td>\n<td>2133 MHz<\/td>\n<\/tr>\n<tr>\n<th colspan=\"2\">Audio &amp; vid\u00e9o<\/th>\n<\/tr>\n<tr>\n<td>Processeur graphique<\/td>\n<td>Intel Iris Plus Graphics 645<\/td>\n<\/tr>\n<tr>\n<td>Cam\u00e9ra<\/td>\n<td>Oui &#8211; 720p<\/td>\n<\/tr>\n<tr>\n<td>Caract\u00e9ristiques de la cam\u00e9ra<\/td>\n<td>Cam\u00e9ra FaceTime HD<\/td>\n<\/tr>\n<tr>\n<td>Son<\/td>\n<td>Haut-parleurs st\u00e9r\u00e9o, trois microphones<\/td>\n<\/tr>\n<tr>\n<td>Normes de conformit\u00e9<\/td>\n<td>Dolby Atmos<\/td>\n<\/tr>\n<tr>\n<th colspan=\"2\">Communications<\/th>\n<\/tr>\n<tr>\n<td>Sans fil<\/td>\n<td>802.11a\/b\/g\/n\/ac, Bluetooth 5.0<\/td>\n<\/tr>\n<tr>\n<th colspan=\"2\">Connexions &amp; extension<\/th>\n<\/tr>\n<tr>\n<td>Interfaces<\/td>\n<td>2 x USB-C 3.1 Gen 2\/Thunderbolt 3\/DisplayPort (Power Delivery)<br \/>\nSortie casque<\/td>\n<\/tr>\n<tr>\n<th colspan=\"2\">Logiciels<\/th>\n<\/tr>\n<tr>\n<td>Logiciel(s) inclus<\/td>\n<td>iTunes, Apple iMovie, Apple Safari, Apple GarageBand, Photo Booth, Apple Time Machine, Apple FaceTime, Apple Preview, Messagerie, Plans, Photos, Rappels, App Store, Contacts, Stocks, Notes, Calendrier, Siri, Messages, Apple iBooks, Apple Keynote, Apple Pages, Apple Numbers, News, Voice Memos, Home<\/td>\n<\/tr>\n<tr>\n<th colspan=\"2\">Entr\u00e9e<\/th>\n<\/tr>\n<tr>\n<td>Type<\/td>\n<td>Clavier, tablette tactile Force Touch, Touch Bar<\/td>\n<\/tr>\n<tr>\n<td>Caract\u00e9ristiques<\/td>\n<td>Sensibilit\u00e9 \u00e0 la pression, pav\u00e9 tactile multi-touches, Multi-Touch Gesture Recognition, d\u00e9tecteur de lumi\u00e8re ambiante, clic forc\u00e9, capteur d&#8217;ID tactile<\/td>\n<\/tr>\n<tr>\n<td>Disposition du clavier<\/td>\n<td>Fran\u00e7ais<\/td>\n<\/tr>\n<tr>\n<td>R\u00e9tro\u00e9clairage du clavier<\/td>\n<td>Oui<\/td>\n<\/tr>\n<tr>\n<th colspan=\"2\">Batterie<\/th>\n<\/tr>\n<tr>\n<td>Technologie<\/td>\n<td>Lithium-polym\u00e8re<\/td>\n<\/tr>\n<tr>\n<td>Capacit\u00e9<\/td>\n<td>58.2 Wh<\/td>\n<\/tr>\n<tr>\n<td>Dur\u00e9e de fonctionnement<\/td>\n<td>Jusqu&#8217;\u00e0 10 heures<\/td>\n<\/tr>\n<tr>\n<td>Dur\u00e9e de vie de la batterie<\/td>\n<td>Navigation Web via WiFi: jusqu&#8217;\u00e0 10 heures<br \/>\nLecture vid\u00e9o: jusqu&#8217;\u00e0 10 heures<br \/>\nVeilleuse: jusqu&#8217;\u00e0 30 jours<\/td>\n<\/tr>\n<tr>\n<th colspan=\"2\">Divers<\/th>\n<\/tr>\n<tr>\n<td>Couleur<\/td>\n<td>Gris<\/td>\n<\/tr>\n<tr>\n<td>Localisation<\/td>\n<td>Langue : fran\u00e7ais \/ r\u00e9gion : Belgique, Luxembourg, France<\/td>\n<\/tr>\n<tr>\n<td>S\u00e9curit\u00e9<\/td>\n<td>Apple T2 Security Chip, lecteur d&#8217;empreintes digitales<\/td>\n<\/tr>\n<tr>\n<td>C\u00e2bles inclus<\/td>\n<td>C\u00e2ble de recharge USB-C<\/td>\n<\/tr>\n<tr>\n<td>Mati\u00e8re du boitier<\/td>\n<td>Aluminium<\/td>\n<\/tr>\n<tr>\n<th colspan=\"2\">Dimensions et poids<\/th>\n<\/tr>\n<tr>\n<td>Poids<\/td>\n<td>1.4 kg<\/td>\n<\/tr>\n<tr>\n<td>Dimensions (LxPxH)<\/td>\n<td>30.41 cm x 21.24 cm x 1.56 cm<\/td>\n<\/tr>\n<tr>\n<th colspan=\"2\">Garantie du fabricant<\/th>\n<\/tr>\n<tr>\n<td>Service et maintenance<\/td>\n<td>Garantie limit\u00e9e &#8211; 1 an<br \/>\nSupport technique &#8211; support t\u00e9l\u00e9phonique &#8211; 90 jours<\/td>\n<\/tr>\n<tr>\n<th colspan=\"2\">Adaptateur CA<\/th>\n<\/tr>\n<tr>\n<td>Entr\u00e9e<\/td>\n<td>CA 120\/230 V (50\/60 Hz)<\/td>\n<\/tr>\n<tr>\n<td>Sortie<\/td>\n<td>61 Watt<\/td>\n<\/tr>\n<tr>\n<th colspan=\"2\">Caract\u00e9ristiques d\u2019environnement<\/th>\n<\/tr>\n<tr>\n<td>Taux d&#8217;humidit\u00e9 en fonctionnement<\/td>\n<td>0 &#8211; 90 % (sans condensation)<\/td>\n<\/tr>\n<tr>\n<td>Temp\u00e9rature minimale de fonctionnement<\/td>\n<td>10 \u00b0C<\/td>\n<\/tr>\n<tr>\n<td>Temp\u00e9rature maximale de fonctionnement<\/td>\n<td>35 \u00b0C<\/td>\n<\/tr>\n<tr>\n<th colspan=\"2\">Attributs de recherche<\/th>\n<\/tr>\n<tr>\n<td>Stockage optique|Type de lecteur<\/td>\n<td>Pas de disque optique<\/td>\n<\/tr>\n<tr>\n<th colspan=\"2\">Processeur \/ Chipset<\/th>\n<\/tr>\n<tr>\n<td>CPU<\/td>\n<td>Intel Core i5 (8\u00e8me g\u00e9n\u00e9ration) 1.4 GHz<\/td>\n<\/tr>\n<tr>\n<td>Fonctions<\/td>\n<td>technologie\u00a0Intel\u00a0Turbo\u00a0Boost<\/td>\n<\/tr>\n<tr>\n<td>Nombre de coeurs<\/td>\n<td>Quadricoeur<\/td>\n<\/tr>\n<tr>\n<td>Vitesse maximale en mode Turbo<\/td>\n<td>3.9 GHz<\/td>\n<\/tr>\n<\/tbody>\n<\/table>","protected":false},"featured_media":6298,"comment_status":"open","ping_status":"closed","template":"","meta":{"_acf_changed":false},"product_brand":[],"product_cat":[301],"product_tag":[],"class_list":{"0":"post-6266","1":"product","2":"type-product","3":"status-publish","4":"has-post-thumbnail","6":"product_cat-orrdinateurs-apple","8":"first","9":"instock","10":"shipping-taxable","11":"purchasable","12":"product-type-simple"},"acf":[],"yoast_head":"<!-- This site is optimized with the Yoast SEO plugin v27.2 - https:\/\/yoast.com\/product\/yoast-seo-wordpress\/ -->\n<title>APPLE - 13,3&quot; MacBook Pro - Core i5 Gris - Novak Market<\/title>\n<meta name=\"robots\" content=\"index, follow, max-snippet:-1, max-image-preview:large, max-video-preview:-1\" \/>\n<link rel=\"canonical\" href=\"https:\/\/novakmarket.com\/pt\/produto\/apple-133-macbook-pro-core-i5-gris\/\" \/>\n<meta property=\"og:locale\" content=\"pt_PT\" \/>\n<meta property=\"og:type\" content=\"article\" \/>\n<meta property=\"og:title\" content=\"APPLE - 13,3&quot; MacBook Pro - Core i5 Gris - Novak Market\" \/>\n<meta property=\"og:description\" content=\"Marque APPLE  Nom du produit APPLE - 13,3&quot; MacBook Pro - Core i5 - RAM 8Go - 25  Cat\u00e9gorie ORDINATEUR PORTABLE  G\u00e9n\u00e9ral  Syst\u00e8me d&#039;exploitation Apple macOS Catalina 10.15  Type de Produit Ordinateur portable  Affichage  Type 13.3&quot; - IPS  Technologie de r\u00e9tro\u00e9clairage LCD R\u00e9tro\u00e9clairage par LED  R\u00e9solution 2560 x 1600 (WQXGA)  Fonctions Sans BFR\/PVC, sans mercure, verre sans arsenic, sans b\u00e9ryllium, affichage Retina, affichage True Tone, 227 ppp, taux de rafraichissement de 60 Hz, P3 Wide Color Gamut  Grand \u00e9cran Oui  Luminosit\u00e9 de l&#039;image 500 cd\/m\u00b2  Type de lunette Flat front  Stockage  Stockage principal 256 Go SSD - (soud\u00e9)  M\u00e9moire  RAM 8 Go (la m\u00e9moire fournie est soud\u00e9e)  Technologie LPDDR3 SDRAM  Vitesse 2133 MHz  Audio &amp; vid\u00e9o  Processeur graphique Intel Iris Plus Graphics 645  Cam\u00e9ra Oui - 720p  Caract\u00e9ristiques de la cam\u00e9ra Cam\u00e9ra FaceTime HD  Son Haut-parleurs st\u00e9r\u00e9o, trois microphones  Normes de conformit\u00e9 Dolby Atmos  Communications  Sans fil 802.11a\/b\/g\/n\/ac, Bluetooth 5.0  Connexions &amp; extension  Interfaces 2 x USB-C 3.1 Gen 2\/Thunderbolt 3\/DisplayPort (Power Delivery) Sortie casque  Logiciels  Logiciel(s) inclus iTunes, Apple iMovie, Apple Safari, Apple GarageBand, Photo Booth, Apple Time Machine, Apple FaceTime, Apple Preview, Messagerie, Plans, Photos, Rappels, App Store, Contacts, Stocks, Notes, Calendrier, Siri, Messages, Apple iBooks, Apple Keynote, Apple Pages, Apple Numbers, News, Voice Memos, Home  Entr\u00e9e  Type Clavier, tablette tactile Force Touch, Touch Bar  Caract\u00e9ristiques Sensibilit\u00e9 \u00e0 la pression, pav\u00e9 tactile multi-touches, Multi-Touch Gesture Recognition, d\u00e9tecteur de lumi\u00e8re ambiante, clic forc\u00e9, capteur d&#039;ID tactile  Disposition du clavier Fran\u00e7ais  R\u00e9tro\u00e9clairage du clavier Oui  Batterie  Technologie Lithium-polym\u00e8re  Capacit\u00e9 58.2 Wh  Dur\u00e9e de fonctionnement Jusqu&#039;\u00e0 10 heures  Dur\u00e9e de vie de la batterie Navigation Web via WiFi: jusqu&#039;\u00e0 10 heures Lecture vid\u00e9o: jusqu&#039;\u00e0 10 heures Veilleuse: jusqu&#039;\u00e0 30 jours  Divers  Couleur Gris  Localisation Langue : fran\u00e7ais \/ r\u00e9gion : Belgique, Luxembourg, France  S\u00e9curit\u00e9 Apple T2 Security Chip, lecteur d&#039;empreintes digitales  C\u00e2bles inclus C\u00e2ble de recharge USB-C  Mati\u00e8re du boitier Aluminium  Dimensions et poids  Poids 1.4 kg  Dimensions (LxPxH) 30.41 cm x 21.24 cm x 1.56 cm  Garantie du fabricant  Service et maintenance Garantie limit\u00e9e - 1 an Support technique - support t\u00e9l\u00e9phonique - 90 jours  Adaptateur CA  Entr\u00e9e CA 120\/230 V (50\/60 Hz)  Sortie 61 Watt  Caract\u00e9ristiques d\u2019environnement  Taux d&#039;humidit\u00e9 en fonctionnement 0 - 90 % (sans condensation)  Temp\u00e9rature minimale de fonctionnement 10 \u00b0C  Temp\u00e9rature maximale de fonctionnement 35 \u00b0C  Attributs de recherche  Stockage optique|Type de lecteur Pas de disque optique  Processeur \/ Chipset  CPU Intel Core i5 (8\u00e8me g\u00e9n\u00e9ration) 1.4 GHz  Fonctions technologie\u00a0Intel\u00a0Turbo\u00a0Boost  Nombre de coeurs Quadricoeur  Vitesse maximale en mode Turbo 3.9 GHz\" \/>\n<meta property=\"og:url\" content=\"https:\/\/novakmarket.com\/pt\/produto\/apple-133-macbook-pro-core-i5-gris\/\" \/>\n<meta property=\"og:site_name\" content=\"Novak Market\" \/>\n<meta property=\"article:modified_time\" content=\"2021-11-29T19:19:27+00:00\" \/>\n<meta property=\"og:image\" content=\"https:\/\/novakmarket.com\/wp-content\/uploads\/2021\/11\/T10.jpg\" \/>\n\t<meta property=\"og:image:width\" content=\"700\" \/>\n\t<meta property=\"og:image:height\" content=\"700\" \/>\n\t<meta property=\"og:image:type\" content=\"image\/jpeg\" \/>\n<meta name=\"twitter:card\" content=\"summary_large_image\" \/>\n<script type=\"application\/ld+json\" class=\"yoast-schema-graph\">{\"@context\":\"https:\/\/schema.org\",\"@graph\":[{\"@type\":\"WebPage\",\"@id\":\"https:\/\/novakmarket.com\/produit\/apple-133-macbook-pro-core-i5-gris\/\",\"url\":\"https:\/\/novakmarket.com\/produit\/apple-133-macbook-pro-core-i5-gris\/\",\"name\":\"APPLE - 13,3\\\" MacBook Pro - Core i5 Gris - Novak Market\",\"isPartOf\":{\"@id\":\"https:\/\/novakmarket.com\/#website\"},\"primaryImageOfPage\":{\"@id\":\"https:\/\/novakmarket.com\/produit\/apple-133-macbook-pro-core-i5-gris\/#primaryimage\"},\"image\":{\"@id\":\"https:\/\/novakmarket.com\/produit\/apple-133-macbook-pro-core-i5-gris\/#primaryimage\"},\"thumbnailUrl\":\"https:\/\/novakmarket.com\/wp-content\/uploads\/2021\/11\/T10.jpg\",\"datePublished\":\"2021-11-29T19:19:10+00:00\",\"dateModified\":\"2021-11-29T19:19:27+00:00\",\"breadcrumb\":{\"@id\":\"https:\/\/novakmarket.com\/produit\/apple-133-macbook-pro-core-i5-gris\/#breadcrumb\"},\"inLanguage\":\"pt-PT\",\"potentialAction\":[{\"@type\":\"ReadAction\",\"target\":[\"https:\/\/novakmarket.com\/produit\/apple-133-macbook-pro-core-i5-gris\/\"]}]},{\"@type\":\"ImageObject\",\"inLanguage\":\"pt-PT\",\"@id\":\"https:\/\/novakmarket.com\/produit\/apple-133-macbook-pro-core-i5-gris\/#primaryimage\",\"url\":\"https:\/\/novakmarket.com\/wp-content\/uploads\/2021\/11\/T10.jpg\",\"contentUrl\":\"https:\/\/novakmarket.com\/wp-content\/uploads\/2021\/11\/T10.jpg\",\"width\":700,\"height\":700},{\"@type\":\"BreadcrumbList\",\"@id\":\"https:\/\/novakmarket.com\/produit\/apple-133-macbook-pro-core-i5-gris\/#breadcrumb\",\"itemListElement\":[{\"@type\":\"ListItem\",\"position\":1,\"name\":\"Accueil\",\"item\":\"https:\/\/novakmarket.com\/\"},{\"@type\":\"ListItem\",\"position\":2,\"name\":\"Boutique\",\"item\":\"https:\/\/novakmarket.com\/shop\/\"},{\"@type\":\"ListItem\",\"position\":3,\"name\":\"APPLE &#8211; 13,3&#8243; MacBook Pro &#8211; Core i5 Gris\"}]},{\"@type\":\"WebSite\",\"@id\":\"https:\/\/novakmarket.com\/#website\",\"url\":\"https:\/\/novakmarket.com\/\",\"name\":\"Novak Market\",\"description\":\"Vente de produits \u00e9lectroniques.\",\"publisher\":{\"@id\":\"https:\/\/novakmarket.com\/#organization\"},\"potentialAction\":[{\"@type\":\"SearchAction\",\"target\":{\"@type\":\"EntryPoint\",\"urlTemplate\":\"https:\/\/novakmarket.com\/?s={search_term_string}\"},\"query-input\":{\"@type\":\"PropertyValueSpecification\",\"valueRequired\":true,\"valueName\":\"search_term_string\"}}],\"inLanguage\":\"pt-PT\"},{\"@type\":\"Organization\",\"@id\":\"https:\/\/novakmarket.com\/#organization\",\"name\":\"Novak Market\",\"url\":\"https:\/\/novakmarket.com\/\",\"logo\":{\"@type\":\"ImageObject\",\"inLanguage\":\"pt-PT\",\"@id\":\"https:\/\/novakmarket.com\/#\/schema\/logo\/image\/\",\"url\":\"https:\/\/novakmarket.com\/wp-content\/uploads\/2026\/02\/cropped-footer-pc-removebg-preview.png\",\"contentUrl\":\"https:\/\/novakmarket.com\/wp-content\/uploads\/2026\/02\/cropped-footer-pc-removebg-preview.png\",\"width\":202,\"height\":73,\"caption\":\"Novak Market\"},\"image\":{\"@id\":\"https:\/\/novakmarket.com\/#\/schema\/logo\/image\/\"}}]}<\/script>\n<!-- \/ Yoast SEO plugin. -->","yoast_head_json":{"title":"APPLE - 13,3\" MacBook Pro - Core i5 Gris - Novak Market","robots":{"index":"index","follow":"follow","max-snippet":"max-snippet:-1","max-image-preview":"max-image-preview:large","max-video-preview":"max-video-preview:-1"},"canonical":"https:\/\/novakmarket.com\/pt\/produto\/apple-133-macbook-pro-core-i5-gris\/","og_locale":"pt_PT","og_type":"article","og_title":"APPLE - 13,3\" MacBook Pro - Core i5 Gris - Novak Market","og_description":"Marque APPLE  Nom du produit APPLE - 13,3\" MacBook Pro - Core i5 - RAM 8Go - 25  Cat\u00e9gorie ORDINATEUR PORTABLE  G\u00e9n\u00e9ral  Syst\u00e8me d'exploitation Apple macOS Catalina 10.15  Type de Produit Ordinateur portable  Affichage  Type 13.3\" - IPS  Technologie de r\u00e9tro\u00e9clairage LCD R\u00e9tro\u00e9clairage par LED  R\u00e9solution 2560 x 1600 (WQXGA)  Fonctions Sans BFR\/PVC, sans mercure, verre sans arsenic, sans b\u00e9ryllium, affichage Retina, affichage True Tone, 227 ppp, taux de rafraichissement de 60 Hz, P3 Wide Color Gamut  Grand \u00e9cran Oui  Luminosit\u00e9 de l'image 500 cd\/m\u00b2  Type de lunette Flat front  Stockage  Stockage principal 256 Go SSD - (soud\u00e9)  M\u00e9moire  RAM 8 Go (la m\u00e9moire fournie est soud\u00e9e)  Technologie LPDDR3 SDRAM  Vitesse 2133 MHz  Audio &amp; vid\u00e9o  Processeur graphique Intel Iris Plus Graphics 645  Cam\u00e9ra Oui - 720p  Caract\u00e9ristiques de la cam\u00e9ra Cam\u00e9ra FaceTime HD  Son Haut-parleurs st\u00e9r\u00e9o, trois microphones  Normes de conformit\u00e9 Dolby Atmos  Communications  Sans fil 802.11a\/b\/g\/n\/ac, Bluetooth 5.0  Connexions &amp; extension  Interfaces 2 x USB-C 3.1 Gen 2\/Thunderbolt 3\/DisplayPort (Power Delivery) Sortie casque  Logiciels  Logiciel(s) inclus iTunes, Apple iMovie, Apple Safari, Apple GarageBand, Photo Booth, Apple Time Machine, Apple FaceTime, Apple Preview, Messagerie, Plans, Photos, Rappels, App Store, Contacts, Stocks, Notes, Calendrier, Siri, Messages, Apple iBooks, Apple Keynote, Apple Pages, Apple Numbers, News, Voice Memos, Home  Entr\u00e9e  Type Clavier, tablette tactile Force Touch, Touch Bar  Caract\u00e9ristiques Sensibilit\u00e9 \u00e0 la pression, pav\u00e9 tactile multi-touches, Multi-Touch Gesture Recognition, d\u00e9tecteur de lumi\u00e8re ambiante, clic forc\u00e9, capteur d'ID tactile  Disposition du clavier Fran\u00e7ais  R\u00e9tro\u00e9clairage du clavier Oui  Batterie  Technologie Lithium-polym\u00e8re  Capacit\u00e9 58.2 Wh  Dur\u00e9e de fonctionnement Jusqu'\u00e0 10 heures  Dur\u00e9e de vie de la batterie Navigation Web via WiFi: jusqu'\u00e0 10 heures Lecture vid\u00e9o: jusqu'\u00e0 10 heures Veilleuse: jusqu'\u00e0 30 jours  Divers  Couleur Gris  Localisation Langue : fran\u00e7ais \/ r\u00e9gion : Belgique, Luxembourg, France  S\u00e9curit\u00e9 Apple T2 Security Chip, lecteur d'empreintes digitales  C\u00e2bles inclus C\u00e2ble de recharge USB-C  Mati\u00e8re du boitier Aluminium  Dimensions et poids  Poids 1.4 kg  Dimensions (LxPxH) 30.41 cm x 21.24 cm x 1.56 cm  Garantie du fabricant  Service et maintenance Garantie limit\u00e9e - 1 an Support technique - support t\u00e9l\u00e9phonique - 90 jours  Adaptateur CA  Entr\u00e9e CA 120\/230 V (50\/60 Hz)  Sortie 61 Watt  Caract\u00e9ristiques d\u2019environnement  Taux d'humidit\u00e9 en fonctionnement 0 - 90 % (sans condensation)  Temp\u00e9rature minimale de fonctionnement 10 \u00b0C  Temp\u00e9rature maximale de fonctionnement 35 \u00b0C  Attributs de recherche  Stockage optique|Type de lecteur Pas de disque optique  Processeur \/ Chipset  CPU Intel Core i5 (8\u00e8me g\u00e9n\u00e9ration) 1.4 GHz  Fonctions technologie\u00a0Intel\u00a0Turbo\u00a0Boost  Nombre de coeurs Quadricoeur  Vitesse maximale en mode Turbo 3.9 GHz","og_url":"https:\/\/novakmarket.com\/pt\/produto\/apple-133-macbook-pro-core-i5-gris\/","og_site_name":"Novak Market","article_modified_time":"2021-11-29T19:19:27+00:00","og_image":[{"width":700,"height":700,"url":"https:\/\/novakmarket.com\/wp-content\/uploads\/2021\/11\/T10.jpg","type":"image\/jpeg"}],"twitter_card":"summary_large_image","schema":{"@context":"https:\/\/schema.org","@graph":[{"@type":"WebPage","@id":"https:\/\/novakmarket.com\/produit\/apple-133-macbook-pro-core-i5-gris\/","url":"https:\/\/novakmarket.com\/produit\/apple-133-macbook-pro-core-i5-gris\/","name":"APPLE - 13,3\" MacBook Pro - Core i5 Gris - Novak Market","isPartOf":{"@id":"https:\/\/novakmarket.com\/#website"},"primaryImageOfPage":{"@id":"https:\/\/novakmarket.com\/produit\/apple-133-macbook-pro-core-i5-gris\/#primaryimage"},"image":{"@id":"https:\/\/novakmarket.com\/produit\/apple-133-macbook-pro-core-i5-gris\/#primaryimage"},"thumbnailUrl":"https:\/\/novakmarket.com\/wp-content\/uploads\/2021\/11\/T10.jpg","datePublished":"2021-11-29T19:19:10+00:00","dateModified":"2021-11-29T19:19:27+00:00","breadcrumb":{"@id":"https:\/\/novakmarket.com\/produit\/apple-133-macbook-pro-core-i5-gris\/#breadcrumb"},"inLanguage":"pt-PT","potentialAction":[{"@type":"ReadAction","target":["https:\/\/novakmarket.com\/produit\/apple-133-macbook-pro-core-i5-gris\/"]}]},{"@type":"ImageObject","inLanguage":"pt-PT","@id":"https:\/\/novakmarket.com\/produit\/apple-133-macbook-pro-core-i5-gris\/#primaryimage","url":"https:\/\/novakmarket.com\/wp-content\/uploads\/2021\/11\/T10.jpg","contentUrl":"https:\/\/novakmarket.com\/wp-content\/uploads\/2021\/11\/T10.jpg","width":700,"height":700},{"@type":"BreadcrumbList","@id":"https:\/\/novakmarket.com\/produit\/apple-133-macbook-pro-core-i5-gris\/#breadcrumb","itemListElement":[{"@type":"ListItem","position":1,"name":"Accueil","item":"https:\/\/novakmarket.com\/"},{"@type":"ListItem","position":2,"name":"Boutique","item":"https:\/\/novakmarket.com\/shop\/"},{"@type":"ListItem","position":3,"name":"APPLE &#8211; 13,3&#8243; MacBook Pro &#8211; Core i5 Gris"}]},{"@type":"WebSite","@id":"https:\/\/novakmarket.com\/#website","url":"https:\/\/novakmarket.com\/","name":"Novak Market","description":"Vente de produits \u00e9lectroniques.","publisher":{"@id":"https:\/\/novakmarket.com\/#organization"},"potentialAction":[{"@type":"SearchAction","target":{"@type":"EntryPoint","urlTemplate":"https:\/\/novakmarket.com\/?s={search_term_string}"},"query-input":{"@type":"PropertyValueSpecification","valueRequired":true,"valueName":"search_term_string"}}],"inLanguage":"pt-PT"},{"@type":"Organization","@id":"https:\/\/novakmarket.com\/#organization","name":"Novak Market","url":"https:\/\/novakmarket.com\/","logo":{"@type":"ImageObject","inLanguage":"pt-PT","@id":"https:\/\/novakmarket.com\/#\/schema\/logo\/image\/","url":"https:\/\/novakmarket.com\/wp-content\/uploads\/2026\/02\/cropped-footer-pc-removebg-preview.png","contentUrl":"https:\/\/novakmarket.com\/wp-content\/uploads\/2026\/02\/cropped-footer-pc-removebg-preview.png","width":202,"height":73,"caption":"Novak Market"},"image":{"@id":"https:\/\/novakmarket.com\/#\/schema\/logo\/image\/"}}]}},"_links":{"self":[{"href":"https:\/\/novakmarket.com\/pt\/wp-json\/wp\/v2\/product\/6266","targetHints":{"allow":["GET"]}}],"collection":[{"href":"https:\/\/novakmarket.com\/pt\/wp-json\/wp\/v2\/product"}],"about":[{"href":"https:\/\/novakmarket.com\/pt\/wp-json\/wp\/v2\/types\/product"}],"replies":[{"embeddable":true,"href":"https:\/\/novakmarket.com\/pt\/wp-json\/wp\/v2\/comments?post=6266"}],"wp:featuredmedia":[{"embeddable":true,"href":"https:\/\/novakmarket.com\/pt\/wp-json\/wp\/v2\/media\/6298"}],"wp:attachment":[{"href":"https:\/\/novakmarket.com\/pt\/wp-json\/wp\/v2\/media?parent=6266"}],"wp:term":[{"taxonomy":"product_brand","embeddable":true,"href":"https:\/\/novakmarket.com\/pt\/wp-json\/wp\/v2\/product_brand?post=6266"},{"taxonomy":"product_cat","embeddable":true,"href":"https:\/\/novakmarket.com\/pt\/wp-json\/wp\/v2\/product_cat?post=6266"},{"taxonomy":"product_tag","embeddable":true,"href":"https:\/\/novakmarket.com\/pt\/wp-json\/wp\/v2\/product_tag?post=6266"}],"curies":[{"name":"wp","href":"https:\/\/api.w.org\/{rel}","templated":true}]}}