{"id":6317,"date":"2021-11-29T20:19:38","date_gmt":"2021-11-29T19:19:38","guid":{"rendered":"https:\/\/bestymarketshop.com\/?post_type=product&#038;p=6317"},"modified":"2021-11-29T20:19:51","modified_gmt":"2021-11-29T19:19:51","slug":"gamer-lenovo","status":"publish","type":"product","link":"https:\/\/novakmarket.com\/pt\/produto\/gamer-lenovo\/","title":{"rendered":"Gamer &#8211; LENOVO"},"content":{"rendered":"<p><img loading=\"lazy\" decoding=\"async\" class=\"alignnone size-medium wp-image-9140\" src=\"https:\/\/e-marketshopping.com\/wp-content\/uploads\/2020\/07\/E3-1-300x300.jpg\" alt=\"\" width=\"300\" height=\"300\" \/><\/p>","protected":false},"excerpt":{"rendered":"<table class=\"fpDescTb fpDescTbPub\">\n<tbody>\n<tr>\n<td>Nom du produit<\/td>\n<td>Ordinateur portable Gamer &#8211; LENOVO Legion Y540-17I<\/td>\n<\/tr>\n<tr>\n<td>Cat\u00e9gorie<\/td>\n<td>ORDINATEUR PORTABLE<\/td>\n<\/tr>\n<tr>\n<th colspan=\"2\">Informations sur le produit<\/th>\n<\/tr>\n<tr>\n<td>Usage<\/td>\n<td>Gaming<\/td>\n<\/tr>\n<tr>\n<th colspan=\"2\">G\u00e9n\u00e9ral<\/th>\n<\/tr>\n<tr>\n<td>Syst\u00e8me d&#8217;exploitation<\/td>\n<td>Aucun syst\u00e8me d&#8217;exploitation fourni<\/td>\n<\/tr>\n<tr>\n<td>Type de Produit<\/td>\n<td>Ordinateur portable<\/td>\n<\/tr>\n<tr>\n<th colspan=\"2\">Affichage<\/th>\n<\/tr>\n<tr>\n<td>Type<\/td>\n<td>17.3&#8243; &#8211; IPS<\/td>\n<\/tr>\n<tr>\n<td>Technologie de r\u00e9tro\u00e9clairage LCD<\/td>\n<td>R\u00e9tro\u00e9clairage par LED<\/td>\n<\/tr>\n<tr>\n<td>R\u00e9solution<\/td>\n<td>1920 x 1080 (Full HD)<\/td>\n<\/tr>\n<tr>\n<td>Fonctions<\/td>\n<td>Anti-\u00e9blouissement, gamme de couleurs \u00e9tendue de 72 %, taux de rafraichissement de 60 Hz<\/td>\n<\/tr>\n<tr>\n<td>Grand \u00e9cran<\/td>\n<td>Oui<\/td>\n<\/tr>\n<tr>\n<td>Format de l&#8217;image<\/td>\n<td>16:9<\/td>\n<\/tr>\n<tr>\n<td>Luminosit\u00e9 de l&#8217;image<\/td>\n<td>300 cd\/m\u00b2<\/td>\n<\/tr>\n<tr>\n<th colspan=\"2\">Stockage<\/th>\n<\/tr>\n<tr>\n<td>Stockage principal<\/td>\n<td>512 Go SSD &#8211; (M.2 2280) PCIe 3.0 x4 &#8211; NVM Express (NVMe)<\/td>\n<\/tr>\n<tr>\n<th colspan=\"2\">M\u00e9moire<\/th>\n<\/tr>\n<tr>\n<td>RAM<\/td>\n<td>16 Go (2 x 8 Go)<\/td>\n<\/tr>\n<tr>\n<td>Technologie<\/td>\n<td>DDR4 SDRAM<\/td>\n<\/tr>\n<tr>\n<td>Vitesse<\/td>\n<td>2666 MHz<\/td>\n<\/tr>\n<tr>\n<td>RAM max prise en charge<\/td>\n<td>32 Go<\/td>\n<\/tr>\n<tr>\n<td>Format<\/td>\n<td>SO DIMM 260 broches<\/td>\n<\/tr>\n<tr>\n<td>Logements vides<\/td>\n<td>0<\/td>\n<\/tr>\n<tr>\n<td>Nombre de fentes<\/td>\n<td>2<\/td>\n<\/tr>\n<tr>\n<td>Vitesse nominale<\/td>\n<td>2666 MHz<\/td>\n<\/tr>\n<tr>\n<th colspan=\"2\">Audio &amp; vid\u00e9o<\/th>\n<\/tr>\n<tr>\n<td>Processeur graphique<\/td>\n<td>NVIDIA GeForce GTX 1660 Ti \/ Intel UHD Graphics 630<\/td>\n<\/tr>\n<tr>\n<td>Configuration \u00e0 unit\u00e9s de traitement graphique multiples<\/td>\n<td>1 carte GPU unique\/ GPU int\u00e9gr\u00e9e<\/td>\n<\/tr>\n<tr>\n<td>Codec<\/td>\n<td>Realtek ALC3287<\/td>\n<\/tr>\n<tr>\n<td>Cam\u00e9ra<\/td>\n<td>Oui &#8211; 720p<\/td>\n<\/tr>\n<tr>\n<td>R\u00e9solution<\/td>\n<td>1 M\u00e9gapixel<\/td>\n<\/tr>\n<tr>\n<td>Son<\/td>\n<td>Haut-parleurs st\u00e9r\u00e9o, double tableau de microphone<\/td>\n<\/tr>\n<tr>\n<td>Caract\u00e9ristiques audio<\/td>\n<td>Technologie audio Harman<\/td>\n<\/tr>\n<tr>\n<td>Normes de conformit\u00e9<\/td>\n<td>Audio haute d\u00e9finition, Dolby Atmos<\/td>\n<\/tr>\n<tr>\n<td>Pr\u00eat pour la r\u00e9alit\u00e9 virtuelle<\/td>\n<td>Oui<\/td>\n<\/tr>\n<tr>\n<td>M\u00e9moire vid\u00e9o<\/td>\n<td>6 Go GDDR6 SDRAM<\/td>\n<\/tr>\n<tr>\n<th colspan=\"2\">Communications<\/th>\n<\/tr>\n<tr>\n<td>Sans fil<\/td>\n<td>802.11a\/b\/g\/n\/ac, Bluetooth 4.2<\/td>\n<\/tr>\n<tr>\n<td>Interface r\u00e9seau<\/td>\n<td>Gigabit Ethernet<\/td>\n<\/tr>\n<tr>\n<td>Contr\u00f4leur sans fil<\/td>\n<td>M.2 Card<\/td>\n<\/tr>\n<tr>\n<th colspan=\"2\">Connexions &amp; extension<\/th>\n<\/tr>\n<tr>\n<td>Interfaces<\/td>\n<td>2 x USB 3.1 Gen 1<br \/>\nUSB 3.1 Gen 1 (Always On)<br \/>\nUSB-C 3.1 Gen 1\/DisplayPort 1.2<br \/>\nHDMI<br \/>\nMini DisplayPort 1.4<br \/>\nLAN<br \/>\nPrise combo casque\/microphone<\/td>\n<\/tr>\n<tr>\n<th colspan=\"2\">Entr\u00e9e<\/th>\n<\/tr>\n<tr>\n<td>Type<\/td>\n<td>Clavier, Pav\u00e9 tactile<\/td>\n<\/tr>\n<tr>\n<td>Caract\u00e9ristiques<\/td>\n<td>Pav\u00e9 tactile multi-touches, r\u00e9tro-\u00e9clairage LED blanc<\/td>\n<\/tr>\n<tr>\n<td>Disposition du clavier<\/td>\n<td>AZERTY<\/td>\n<\/tr>\n<tr>\n<td>Clavier num\u00e9rique<\/td>\n<td>Oui<\/td>\n<\/tr>\n<tr>\n<td>R\u00e9tro\u00e9clairage du clavier<\/td>\n<td>Oui<\/td>\n<\/tr>\n<tr>\n<th colspan=\"2\">Batterie<\/th>\n<\/tr>\n<tr>\n<td>Technologie<\/td>\n<td>Lithium Ion<\/td>\n<\/tr>\n<tr>\n<td>Capacit\u00e9<\/td>\n<td>57 Wh<\/td>\n<\/tr>\n<tr>\n<td>Dur\u00e9e de fonctionnement<\/td>\n<td>Jusqu&#8217;\u00e0 5 heures<\/td>\n<\/tr>\n<\/tbody>\n<\/table>","protected":false},"featured_media":6349,"comment_status":"open","ping_status":"closed","template":"","meta":{"_acf_changed":false},"product_brand":[],"product_cat":[304],"product_tag":[],"class_list":{"0":"post-6317","1":"product","2":"type-product","3":"status-publish","4":"has-post-thumbnail","6":"product_cat-lenovo","8":"first","9":"instock","10":"shipping-taxable","11":"purchasable","12":"product-type-simple"},"acf":[],"yoast_head":"<!-- This site is optimized with the Yoast SEO plugin v27.2 - https:\/\/yoast.com\/product\/yoast-seo-wordpress\/ -->\n<title>Gamer - LENOVO - Novak Market<\/title>\n<meta name=\"robots\" content=\"index, follow, max-snippet:-1, max-image-preview:large, max-video-preview:-1\" \/>\n<link rel=\"canonical\" href=\"https:\/\/novakmarket.com\/pt\/produto\/gamer-lenovo\/\" \/>\n<meta property=\"og:locale\" content=\"pt_PT\" \/>\n<meta property=\"og:type\" content=\"article\" \/>\n<meta property=\"og:title\" content=\"Gamer - LENOVO - Novak Market\" \/>\n<meta property=\"og:description\" content=\"Nom du produit Ordinateur portable Gamer - LENOVO Legion Y540-17I  Cat\u00e9gorie ORDINATEUR PORTABLE  Informations sur le produit  Usage Gaming  G\u00e9n\u00e9ral  Syst\u00e8me d&#039;exploitation Aucun syst\u00e8me d&#039;exploitation fourni  Type de Produit Ordinateur portable  Affichage  Type 17.3&quot; - IPS  Technologie de r\u00e9tro\u00e9clairage LCD R\u00e9tro\u00e9clairage par LED  R\u00e9solution 1920 x 1080 (Full HD)  Fonctions Anti-\u00e9blouissement, gamme de couleurs \u00e9tendue de 72 %, taux de rafraichissement de 60 Hz  Grand \u00e9cran Oui  Format de l&#039;image 16:9  Luminosit\u00e9 de l&#039;image 300 cd\/m\u00b2  Stockage  Stockage principal 512 Go SSD - (M.2 2280) PCIe 3.0 x4 - NVM Express (NVMe)  M\u00e9moire  RAM 16 Go (2 x 8 Go)  Technologie DDR4 SDRAM  Vitesse 2666 MHz  RAM max prise en charge 32 Go  Format SO DIMM 260 broches  Logements vides 0  Nombre de fentes 2  Vitesse nominale 2666 MHz  Audio &amp; vid\u00e9o  Processeur graphique NVIDIA GeForce GTX 1660 Ti \/ Intel UHD Graphics 630  Configuration \u00e0 unit\u00e9s de traitement graphique multiples 1 carte GPU unique\/ GPU int\u00e9gr\u00e9e  Codec Realtek ALC3287  Cam\u00e9ra Oui - 720p  R\u00e9solution 1 M\u00e9gapixel  Son Haut-parleurs st\u00e9r\u00e9o, double tableau de microphone  Caract\u00e9ristiques audio Technologie audio Harman  Normes de conformit\u00e9 Audio haute d\u00e9finition, Dolby Atmos  Pr\u00eat pour la r\u00e9alit\u00e9 virtuelle Oui  M\u00e9moire vid\u00e9o 6 Go GDDR6 SDRAM  Communications  Sans fil 802.11a\/b\/g\/n\/ac, Bluetooth 4.2  Interface r\u00e9seau Gigabit Ethernet  Contr\u00f4leur sans fil M.2 Card  Connexions &amp; extension  Interfaces 2 x USB 3.1 Gen 1 USB 3.1 Gen 1 (Always On) USB-C 3.1 Gen 1\/DisplayPort 1.2 HDMI Mini DisplayPort 1.4 LAN Prise combo casque\/microphone  Entr\u00e9e  Type Clavier, Pav\u00e9 tactile  Caract\u00e9ristiques Pav\u00e9 tactile multi-touches, r\u00e9tro-\u00e9clairage LED blanc  Disposition du clavier AZERTY  Clavier num\u00e9rique Oui  R\u00e9tro\u00e9clairage du clavier Oui  Batterie  Technologie Lithium Ion  Capacit\u00e9 57 Wh  Dur\u00e9e de fonctionnement Jusqu&#039;\u00e0 5 heures\" \/>\n<meta property=\"og:url\" content=\"https:\/\/novakmarket.com\/pt\/produto\/gamer-lenovo\/\" \/>\n<meta property=\"og:site_name\" content=\"Novak Market\" \/>\n<meta property=\"article:modified_time\" content=\"2021-11-29T19:19:51+00:00\" \/>\n<meta property=\"og:image\" content=\"https:\/\/novakmarket.com\/wp-content\/uploads\/2021\/11\/E3-1-1.jpg\" \/>\n\t<meta property=\"og:image:width\" content=\"700\" \/>\n\t<meta property=\"og:image:height\" content=\"700\" \/>\n\t<meta property=\"og:image:type\" content=\"image\/jpeg\" \/>\n<meta name=\"twitter:card\" content=\"summary_large_image\" \/>\n<script type=\"application\/ld+json\" class=\"yoast-schema-graph\">{\"@context\":\"https:\/\/schema.org\",\"@graph\":[{\"@type\":\"WebPage\",\"@id\":\"https:\/\/novakmarket.com\/produit\/gamer-lenovo\/\",\"url\":\"https:\/\/novakmarket.com\/produit\/gamer-lenovo\/\",\"name\":\"Gamer - LENOVO - Novak Market\",\"isPartOf\":{\"@id\":\"https:\/\/novakmarket.com\/#website\"},\"primaryImageOfPage\":{\"@id\":\"https:\/\/novakmarket.com\/produit\/gamer-lenovo\/#primaryimage\"},\"image\":{\"@id\":\"https:\/\/novakmarket.com\/produit\/gamer-lenovo\/#primaryimage\"},\"thumbnailUrl\":\"https:\/\/novakmarket.com\/wp-content\/uploads\/2021\/11\/E3-1-1.jpg\",\"datePublished\":\"2021-11-29T19:19:38+00:00\",\"dateModified\":\"2021-11-29T19:19:51+00:00\",\"breadcrumb\":{\"@id\":\"https:\/\/novakmarket.com\/produit\/gamer-lenovo\/#breadcrumb\"},\"inLanguage\":\"pt-PT\",\"potentialAction\":[{\"@type\":\"ReadAction\",\"target\":[\"https:\/\/novakmarket.com\/produit\/gamer-lenovo\/\"]}]},{\"@type\":\"ImageObject\",\"inLanguage\":\"pt-PT\",\"@id\":\"https:\/\/novakmarket.com\/produit\/gamer-lenovo\/#primaryimage\",\"url\":\"https:\/\/novakmarket.com\/wp-content\/uploads\/2021\/11\/E3-1-1.jpg\",\"contentUrl\":\"https:\/\/novakmarket.com\/wp-content\/uploads\/2021\/11\/E3-1-1.jpg\",\"width\":700,\"height\":700},{\"@type\":\"BreadcrumbList\",\"@id\":\"https:\/\/novakmarket.com\/produit\/gamer-lenovo\/#breadcrumb\",\"itemListElement\":[{\"@type\":\"ListItem\",\"position\":1,\"name\":\"Accueil\",\"item\":\"https:\/\/novakmarket.com\/\"},{\"@type\":\"ListItem\",\"position\":2,\"name\":\"Boutique\",\"item\":\"https:\/\/novakmarket.com\/shop\/\"},{\"@type\":\"ListItem\",\"position\":3,\"name\":\"Gamer &#8211; LENOVO\"}]},{\"@type\":\"WebSite\",\"@id\":\"https:\/\/novakmarket.com\/#website\",\"url\":\"https:\/\/novakmarket.com\/\",\"name\":\"Novak Market\",\"description\":\"Vente de produits \u00e9lectroniques.\",\"publisher\":{\"@id\":\"https:\/\/novakmarket.com\/#organization\"},\"potentialAction\":[{\"@type\":\"SearchAction\",\"target\":{\"@type\":\"EntryPoint\",\"urlTemplate\":\"https:\/\/novakmarket.com\/?s={search_term_string}\"},\"query-input\":{\"@type\":\"PropertyValueSpecification\",\"valueRequired\":true,\"valueName\":\"search_term_string\"}}],\"inLanguage\":\"pt-PT\"},{\"@type\":\"Organization\",\"@id\":\"https:\/\/novakmarket.com\/#organization\",\"name\":\"Novak Market\",\"url\":\"https:\/\/novakmarket.com\/\",\"logo\":{\"@type\":\"ImageObject\",\"inLanguage\":\"pt-PT\",\"@id\":\"https:\/\/novakmarket.com\/#\/schema\/logo\/image\/\",\"url\":\"https:\/\/novakmarket.com\/wp-content\/uploads\/2026\/02\/cropped-footer-pc-removebg-preview.png\",\"contentUrl\":\"https:\/\/novakmarket.com\/wp-content\/uploads\/2026\/02\/cropped-footer-pc-removebg-preview.png\",\"width\":202,\"height\":73,\"caption\":\"Novak Market\"},\"image\":{\"@id\":\"https:\/\/novakmarket.com\/#\/schema\/logo\/image\/\"}}]}<\/script>\n<!-- \/ Yoast SEO plugin. -->","yoast_head_json":{"title":"Gamer - LENOVO - Novak Market","robots":{"index":"index","follow":"follow","max-snippet":"max-snippet:-1","max-image-preview":"max-image-preview:large","max-video-preview":"max-video-preview:-1"},"canonical":"https:\/\/novakmarket.com\/pt\/produto\/gamer-lenovo\/","og_locale":"pt_PT","og_type":"article","og_title":"Gamer - LENOVO - Novak Market","og_description":"Nom du produit Ordinateur portable Gamer - LENOVO Legion Y540-17I  Cat\u00e9gorie ORDINATEUR PORTABLE  Informations sur le produit  Usage Gaming  G\u00e9n\u00e9ral  Syst\u00e8me d'exploitation Aucun syst\u00e8me d'exploitation fourni  Type de Produit Ordinateur portable  Affichage  Type 17.3\" - IPS  Technologie de r\u00e9tro\u00e9clairage LCD R\u00e9tro\u00e9clairage par LED  R\u00e9solution 1920 x 1080 (Full HD)  Fonctions Anti-\u00e9blouissement, gamme de couleurs \u00e9tendue de 72 %, taux de rafraichissement de 60 Hz  Grand \u00e9cran Oui  Format de l'image 16:9  Luminosit\u00e9 de l'image 300 cd\/m\u00b2  Stockage  Stockage principal 512 Go SSD - (M.2 2280) PCIe 3.0 x4 - NVM Express (NVMe)  M\u00e9moire  RAM 16 Go (2 x 8 Go)  Technologie DDR4 SDRAM  Vitesse 2666 MHz  RAM max prise en charge 32 Go  Format SO DIMM 260 broches  Logements vides 0  Nombre de fentes 2  Vitesse nominale 2666 MHz  Audio &amp; vid\u00e9o  Processeur graphique NVIDIA GeForce GTX 1660 Ti \/ Intel UHD Graphics 630  Configuration \u00e0 unit\u00e9s de traitement graphique multiples 1 carte GPU unique\/ GPU int\u00e9gr\u00e9e  Codec Realtek ALC3287  Cam\u00e9ra Oui - 720p  R\u00e9solution 1 M\u00e9gapixel  Son Haut-parleurs st\u00e9r\u00e9o, double tableau de microphone  Caract\u00e9ristiques audio Technologie audio Harman  Normes de conformit\u00e9 Audio haute d\u00e9finition, Dolby Atmos  Pr\u00eat pour la r\u00e9alit\u00e9 virtuelle Oui  M\u00e9moire vid\u00e9o 6 Go GDDR6 SDRAM  Communications  Sans fil 802.11a\/b\/g\/n\/ac, Bluetooth 4.2  Interface r\u00e9seau Gigabit Ethernet  Contr\u00f4leur sans fil M.2 Card  Connexions &amp; extension  Interfaces 2 x USB 3.1 Gen 1 USB 3.1 Gen 1 (Always On) USB-C 3.1 Gen 1\/DisplayPort 1.2 HDMI Mini DisplayPort 1.4 LAN Prise combo casque\/microphone  Entr\u00e9e  Type Clavier, Pav\u00e9 tactile  Caract\u00e9ristiques Pav\u00e9 tactile multi-touches, r\u00e9tro-\u00e9clairage LED blanc  Disposition du clavier AZERTY  Clavier num\u00e9rique Oui  R\u00e9tro\u00e9clairage du clavier Oui  Batterie  Technologie Lithium Ion  Capacit\u00e9 57 Wh  Dur\u00e9e de fonctionnement Jusqu'\u00e0 5 heures","og_url":"https:\/\/novakmarket.com\/pt\/produto\/gamer-lenovo\/","og_site_name":"Novak Market","article_modified_time":"2021-11-29T19:19:51+00:00","og_image":[{"width":700,"height":700,"url":"https:\/\/novakmarket.com\/wp-content\/uploads\/2021\/11\/E3-1-1.jpg","type":"image\/jpeg"}],"twitter_card":"summary_large_image","schema":{"@context":"https:\/\/schema.org","@graph":[{"@type":"WebPage","@id":"https:\/\/novakmarket.com\/produit\/gamer-lenovo\/","url":"https:\/\/novakmarket.com\/produit\/gamer-lenovo\/","name":"Gamer - LENOVO - Novak Market","isPartOf":{"@id":"https:\/\/novakmarket.com\/#website"},"primaryImageOfPage":{"@id":"https:\/\/novakmarket.com\/produit\/gamer-lenovo\/#primaryimage"},"image":{"@id":"https:\/\/novakmarket.com\/produit\/gamer-lenovo\/#primaryimage"},"thumbnailUrl":"https:\/\/novakmarket.com\/wp-content\/uploads\/2021\/11\/E3-1-1.jpg","datePublished":"2021-11-29T19:19:38+00:00","dateModified":"2021-11-29T19:19:51+00:00","breadcrumb":{"@id":"https:\/\/novakmarket.com\/produit\/gamer-lenovo\/#breadcrumb"},"inLanguage":"pt-PT","potentialAction":[{"@type":"ReadAction","target":["https:\/\/novakmarket.com\/produit\/gamer-lenovo\/"]}]},{"@type":"ImageObject","inLanguage":"pt-PT","@id":"https:\/\/novakmarket.com\/produit\/gamer-lenovo\/#primaryimage","url":"https:\/\/novakmarket.com\/wp-content\/uploads\/2021\/11\/E3-1-1.jpg","contentUrl":"https:\/\/novakmarket.com\/wp-content\/uploads\/2021\/11\/E3-1-1.jpg","width":700,"height":700},{"@type":"BreadcrumbList","@id":"https:\/\/novakmarket.com\/produit\/gamer-lenovo\/#breadcrumb","itemListElement":[{"@type":"ListItem","position":1,"name":"Accueil","item":"https:\/\/novakmarket.com\/"},{"@type":"ListItem","position":2,"name":"Boutique","item":"https:\/\/novakmarket.com\/shop\/"},{"@type":"ListItem","position":3,"name":"Gamer &#8211; LENOVO"}]},{"@type":"WebSite","@id":"https:\/\/novakmarket.com\/#website","url":"https:\/\/novakmarket.com\/","name":"Novak Market","description":"Vente de produits \u00e9lectroniques.","publisher":{"@id":"https:\/\/novakmarket.com\/#organization"},"potentialAction":[{"@type":"SearchAction","target":{"@type":"EntryPoint","urlTemplate":"https:\/\/novakmarket.com\/?s={search_term_string}"},"query-input":{"@type":"PropertyValueSpecification","valueRequired":true,"valueName":"search_term_string"}}],"inLanguage":"pt-PT"},{"@type":"Organization","@id":"https:\/\/novakmarket.com\/#organization","name":"Novak Market","url":"https:\/\/novakmarket.com\/","logo":{"@type":"ImageObject","inLanguage":"pt-PT","@id":"https:\/\/novakmarket.com\/#\/schema\/logo\/image\/","url":"https:\/\/novakmarket.com\/wp-content\/uploads\/2026\/02\/cropped-footer-pc-removebg-preview.png","contentUrl":"https:\/\/novakmarket.com\/wp-content\/uploads\/2026\/02\/cropped-footer-pc-removebg-preview.png","width":202,"height":73,"caption":"Novak Market"},"image":{"@id":"https:\/\/novakmarket.com\/#\/schema\/logo\/image\/"}}]}},"_links":{"self":[{"href":"https:\/\/novakmarket.com\/pt\/wp-json\/wp\/v2\/product\/6317","targetHints":{"allow":["GET"]}}],"collection":[{"href":"https:\/\/novakmarket.com\/pt\/wp-json\/wp\/v2\/product"}],"about":[{"href":"https:\/\/novakmarket.com\/pt\/wp-json\/wp\/v2\/types\/product"}],"replies":[{"embeddable":true,"href":"https:\/\/novakmarket.com\/pt\/wp-json\/wp\/v2\/comments?post=6317"}],"wp:featuredmedia":[{"embeddable":true,"href":"https:\/\/novakmarket.com\/pt\/wp-json\/wp\/v2\/media\/6349"}],"wp:attachment":[{"href":"https:\/\/novakmarket.com\/pt\/wp-json\/wp\/v2\/media?parent=6317"}],"wp:term":[{"taxonomy":"product_brand","embeddable":true,"href":"https:\/\/novakmarket.com\/pt\/wp-json\/wp\/v2\/product_brand?post=6317"},{"taxonomy":"product_cat","embeddable":true,"href":"https:\/\/novakmarket.com\/pt\/wp-json\/wp\/v2\/product_cat?post=6317"},{"taxonomy":"product_tag","embeddable":true,"href":"https:\/\/novakmarket.com\/pt\/wp-json\/wp\/v2\/product_tag?post=6317"}],"curies":[{"name":"wp","href":"https:\/\/api.w.org\/{rel}","templated":true}]}}