{"id":6325,"date":"2021-11-29T20:19:39","date_gmt":"2021-11-29T19:19:39","guid":{"rendered":"https:\/\/bestymarketshop.com\/?post_type=product&#038;p=6325"},"modified":"2021-12-02T15:31:56","modified_gmt":"2021-12-02T14:31:56","slug":"lenovo-thinkpad-4go-160go","status":"publish","type":"product","link":"https:\/\/novakmarket.com\/pt\/produto\/lenovo-thinkpad-4go-160go\/","title":{"rendered":"Lenovo ThinkPad  4Go 160Go"},"content":{"rendered":"<p><img loading=\"lazy\" decoding=\"async\" class=\"alignnone size-medium wp-image-9159\" src=\"https:\/\/esther-market.com\/wp-content\/uploads\/2020\/07\/E12-300x300.jpg\" alt=\"\" width=\"300\" height=\"300\" \/><\/p>","protected":false},"excerpt":{"rendered":"<table class=\"fpDescTb fpDescTbPub\">\n<tbody>\n<tr>\n<td>Nom du produit<\/td>\n<td>Lenovo ThinkPad T420-4236 4Go 160Go<\/td>\n<\/tr>\n<tr>\n<td>Cat\u00e9gorie<\/td>\n<td>ORDINATEUR PORTABLE<\/td>\n<\/tr>\n<tr>\n<th colspan=\"2\">Informations produit<\/th>\n<\/tr>\n<tr>\n<td>Couleur principale<\/td>\n<td>Noir<\/td>\n<\/tr>\n<tr>\n<td>Genre<\/td>\n<td>Mixte<\/td>\n<\/tr>\n<tr>\n<td>Type de public<\/td>\n<td>Adulte<\/td>\n<\/tr>\n<tr>\n<td>Syst\u00e8me|Capacit\u00e9 du disque dur<\/td>\n<td>160 Go<\/td>\n<\/tr>\n<tr>\n<td>RAM|Taille install\u00e9e<\/td>\n<td>4 Go<\/td>\n<\/tr>\n<tr>\n<td>Ecran|Taille de la diagonale<\/td>\n<td>14 po<\/td>\n<\/tr>\n<tr>\n<td>Disque dur|Capacit\u00e9<\/td>\n<td>160 Go<\/td>\n<\/tr>\n<tr>\n<td>Ecran|R\u00e9solution native<\/td>\n<td>1600 x 900<\/td>\n<\/tr>\n<tr>\n<td>Processeur|Type<\/td>\n<td>Core i5<\/td>\n<\/tr>\n<tr>\n<td>Sortie vid\u00e9o|Processeur graphique<\/td>\n<td>Intel HD Graphics<\/td>\n<\/tr>\n<tr>\n<td>Processeur|Fabricant<\/td>\n<td>Intel<\/td>\n<\/tr>\n<tr>\n<td>Dimensions et poids|Poids<\/td>\n<td>2 kg.<\/td>\n<\/tr>\n<tr>\n<td>Syst\u00e8me d&#8217;exploitation fourni|Famille<\/td>\n<td>Windows 7<\/td>\n<\/tr>\n<tr>\n<td>Processeur|Fr\u00e9quence d&#8217;horloge<\/td>\n<td>2,5 GHz<\/td>\n<\/tr>\n<tr>\n<td>Poids en g<\/td>\n<td>0 g<\/td>\n<\/tr>\n<tr>\n<td>Usage<\/td>\n<td>Polyvalent &amp; Multim\u00e9dia<\/td>\n<\/tr>\n<\/tbody>\n<\/table>","protected":false},"featured_media":6358,"comment_status":"open","ping_status":"closed","template":"","meta":{"_acf_changed":false},"product_brand":[],"product_cat":[304],"product_tag":[],"class_list":{"0":"post-6325","1":"product","2":"type-product","3":"status-publish","4":"has-post-thumbnail","6":"product_cat-lenovo","8":"first","9":"instock","10":"shipping-taxable","11":"purchasable","12":"product-type-simple"},"acf":[],"yoast_head":"<!-- This site is optimized with the Yoast SEO plugin v27.2 - https:\/\/yoast.com\/product\/yoast-seo-wordpress\/ -->\n<title>Lenovo ThinkPad 4Go 160Go - Novak Market<\/title>\n<meta name=\"robots\" content=\"index, follow, max-snippet:-1, max-image-preview:large, max-video-preview:-1\" \/>\n<link rel=\"canonical\" href=\"https:\/\/novakmarket.com\/pt\/produto\/lenovo-thinkpad-4go-160go\/\" \/>\n<meta property=\"og:locale\" content=\"pt_PT\" \/>\n<meta property=\"og:type\" content=\"article\" \/>\n<meta property=\"og:title\" content=\"Lenovo ThinkPad 4Go 160Go - Novak Market\" \/>\n<meta property=\"og:description\" content=\"Nom du produit Lenovo ThinkPad T420-4236 4Go 160Go  Cat\u00e9gorie ORDINATEUR PORTABLE  Informations produit  Couleur principale Noir  Genre Mixte  Type de public Adulte  Syst\u00e8me|Capacit\u00e9 du disque dur 160 Go  RAM|Taille install\u00e9e 4 Go  Ecran|Taille de la diagonale 14 po  Disque dur|Capacit\u00e9 160 Go  Ecran|R\u00e9solution native 1600 x 900  Processeur|Type Core i5  Sortie vid\u00e9o|Processeur graphique Intel HD Graphics  Processeur|Fabricant Intel  Dimensions et poids|Poids 2 kg.  Syst\u00e8me d&#039;exploitation fourni|Famille Windows 7  Processeur|Fr\u00e9quence d&#039;horloge 2,5 GHz  Poids en g 0 g  Usage Polyvalent &amp; Multim\u00e9dia\" \/>\n<meta property=\"og:url\" content=\"https:\/\/novakmarket.com\/pt\/produto\/lenovo-thinkpad-4go-160go\/\" \/>\n<meta property=\"og:site_name\" content=\"Novak Market\" \/>\n<meta property=\"article:modified_time\" content=\"2021-12-02T14:31:56+00:00\" \/>\n<meta property=\"og:image\" content=\"https:\/\/novakmarket.com\/wp-content\/uploads\/2021\/11\/E12.jpg\" \/>\n\t<meta property=\"og:image:width\" content=\"700\" \/>\n\t<meta property=\"og:image:height\" content=\"700\" \/>\n\t<meta property=\"og:image:type\" content=\"image\/jpeg\" \/>\n<meta name=\"twitter:card\" content=\"summary_large_image\" \/>\n<script type=\"application\/ld+json\" class=\"yoast-schema-graph\">{\"@context\":\"https:\/\/schema.org\",\"@graph\":[{\"@type\":\"WebPage\",\"@id\":\"https:\/\/novakmarket.com\/produit\/lenovo-thinkpad-4go-160go\/\",\"url\":\"https:\/\/novakmarket.com\/produit\/lenovo-thinkpad-4go-160go\/\",\"name\":\"Lenovo ThinkPad 4Go 160Go - Novak Market\",\"isPartOf\":{\"@id\":\"https:\/\/novakmarket.com\/#website\"},\"primaryImageOfPage\":{\"@id\":\"https:\/\/novakmarket.com\/produit\/lenovo-thinkpad-4go-160go\/#primaryimage\"},\"image\":{\"@id\":\"https:\/\/novakmarket.com\/produit\/lenovo-thinkpad-4go-160go\/#primaryimage\"},\"thumbnailUrl\":\"https:\/\/novakmarket.com\/wp-content\/uploads\/2021\/11\/E12.jpg\",\"datePublished\":\"2021-11-29T19:19:39+00:00\",\"dateModified\":\"2021-12-02T14:31:56+00:00\",\"breadcrumb\":{\"@id\":\"https:\/\/novakmarket.com\/produit\/lenovo-thinkpad-4go-160go\/#breadcrumb\"},\"inLanguage\":\"pt-PT\",\"potentialAction\":[{\"@type\":\"ReadAction\",\"target\":[\"https:\/\/novakmarket.com\/produit\/lenovo-thinkpad-4go-160go\/\"]}]},{\"@type\":\"ImageObject\",\"inLanguage\":\"pt-PT\",\"@id\":\"https:\/\/novakmarket.com\/produit\/lenovo-thinkpad-4go-160go\/#primaryimage\",\"url\":\"https:\/\/novakmarket.com\/wp-content\/uploads\/2021\/11\/E12.jpg\",\"contentUrl\":\"https:\/\/novakmarket.com\/wp-content\/uploads\/2021\/11\/E12.jpg\",\"width\":700,\"height\":700},{\"@type\":\"BreadcrumbList\",\"@id\":\"https:\/\/novakmarket.com\/produit\/lenovo-thinkpad-4go-160go\/#breadcrumb\",\"itemListElement\":[{\"@type\":\"ListItem\",\"position\":1,\"name\":\"Accueil\",\"item\":\"https:\/\/novakmarket.com\/\"},{\"@type\":\"ListItem\",\"position\":2,\"name\":\"Boutique\",\"item\":\"https:\/\/novakmarket.com\/shop\/\"},{\"@type\":\"ListItem\",\"position\":3,\"name\":\"Lenovo ThinkPad 4Go 160Go\"}]},{\"@type\":\"WebSite\",\"@id\":\"https:\/\/novakmarket.com\/#website\",\"url\":\"https:\/\/novakmarket.com\/\",\"name\":\"Novak Market\",\"description\":\"Vente de produits \u00e9lectroniques.\",\"publisher\":{\"@id\":\"https:\/\/novakmarket.com\/#organization\"},\"potentialAction\":[{\"@type\":\"SearchAction\",\"target\":{\"@type\":\"EntryPoint\",\"urlTemplate\":\"https:\/\/novakmarket.com\/?s={search_term_string}\"},\"query-input\":{\"@type\":\"PropertyValueSpecification\",\"valueRequired\":true,\"valueName\":\"search_term_string\"}}],\"inLanguage\":\"pt-PT\"},{\"@type\":\"Organization\",\"@id\":\"https:\/\/novakmarket.com\/#organization\",\"name\":\"Novak Market\",\"url\":\"https:\/\/novakmarket.com\/\",\"logo\":{\"@type\":\"ImageObject\",\"inLanguage\":\"pt-PT\",\"@id\":\"https:\/\/novakmarket.com\/#\/schema\/logo\/image\/\",\"url\":\"https:\/\/novakmarket.com\/wp-content\/uploads\/2026\/02\/cropped-footer-pc-removebg-preview.png\",\"contentUrl\":\"https:\/\/novakmarket.com\/wp-content\/uploads\/2026\/02\/cropped-footer-pc-removebg-preview.png\",\"width\":202,\"height\":73,\"caption\":\"Novak Market\"},\"image\":{\"@id\":\"https:\/\/novakmarket.com\/#\/schema\/logo\/image\/\"}}]}<\/script>\n<!-- \/ Yoast SEO plugin. -->","yoast_head_json":{"title":"Lenovo ThinkPad 4Go 160Go - Novak Market","robots":{"index":"index","follow":"follow","max-snippet":"max-snippet:-1","max-image-preview":"max-image-preview:large","max-video-preview":"max-video-preview:-1"},"canonical":"https:\/\/novakmarket.com\/pt\/produto\/lenovo-thinkpad-4go-160go\/","og_locale":"pt_PT","og_type":"article","og_title":"Lenovo ThinkPad 4Go 160Go - Novak Market","og_description":"Nom du produit Lenovo ThinkPad T420-4236 4Go 160Go  Cat\u00e9gorie ORDINATEUR PORTABLE  Informations produit  Couleur principale Noir  Genre Mixte  Type de public Adulte  Syst\u00e8me|Capacit\u00e9 du disque dur 160 Go  RAM|Taille install\u00e9e 4 Go  Ecran|Taille de la diagonale 14 po  Disque dur|Capacit\u00e9 160 Go  Ecran|R\u00e9solution native 1600 x 900  Processeur|Type Core i5  Sortie vid\u00e9o|Processeur graphique Intel HD Graphics  Processeur|Fabricant Intel  Dimensions et poids|Poids 2 kg.  Syst\u00e8me d'exploitation fourni|Famille Windows 7  Processeur|Fr\u00e9quence d'horloge 2,5 GHz  Poids en g 0 g  Usage Polyvalent &amp; Multim\u00e9dia","og_url":"https:\/\/novakmarket.com\/pt\/produto\/lenovo-thinkpad-4go-160go\/","og_site_name":"Novak Market","article_modified_time":"2021-12-02T14:31:56+00:00","og_image":[{"width":700,"height":700,"url":"https:\/\/novakmarket.com\/wp-content\/uploads\/2021\/11\/E12.jpg","type":"image\/jpeg"}],"twitter_card":"summary_large_image","schema":{"@context":"https:\/\/schema.org","@graph":[{"@type":"WebPage","@id":"https:\/\/novakmarket.com\/produit\/lenovo-thinkpad-4go-160go\/","url":"https:\/\/novakmarket.com\/produit\/lenovo-thinkpad-4go-160go\/","name":"Lenovo ThinkPad 4Go 160Go - Novak Market","isPartOf":{"@id":"https:\/\/novakmarket.com\/#website"},"primaryImageOfPage":{"@id":"https:\/\/novakmarket.com\/produit\/lenovo-thinkpad-4go-160go\/#primaryimage"},"image":{"@id":"https:\/\/novakmarket.com\/produit\/lenovo-thinkpad-4go-160go\/#primaryimage"},"thumbnailUrl":"https:\/\/novakmarket.com\/wp-content\/uploads\/2021\/11\/E12.jpg","datePublished":"2021-11-29T19:19:39+00:00","dateModified":"2021-12-02T14:31:56+00:00","breadcrumb":{"@id":"https:\/\/novakmarket.com\/produit\/lenovo-thinkpad-4go-160go\/#breadcrumb"},"inLanguage":"pt-PT","potentialAction":[{"@type":"ReadAction","target":["https:\/\/novakmarket.com\/produit\/lenovo-thinkpad-4go-160go\/"]}]},{"@type":"ImageObject","inLanguage":"pt-PT","@id":"https:\/\/novakmarket.com\/produit\/lenovo-thinkpad-4go-160go\/#primaryimage","url":"https:\/\/novakmarket.com\/wp-content\/uploads\/2021\/11\/E12.jpg","contentUrl":"https:\/\/novakmarket.com\/wp-content\/uploads\/2021\/11\/E12.jpg","width":700,"height":700},{"@type":"BreadcrumbList","@id":"https:\/\/novakmarket.com\/produit\/lenovo-thinkpad-4go-160go\/#breadcrumb","itemListElement":[{"@type":"ListItem","position":1,"name":"Accueil","item":"https:\/\/novakmarket.com\/"},{"@type":"ListItem","position":2,"name":"Boutique","item":"https:\/\/novakmarket.com\/shop\/"},{"@type":"ListItem","position":3,"name":"Lenovo ThinkPad 4Go 160Go"}]},{"@type":"WebSite","@id":"https:\/\/novakmarket.com\/#website","url":"https:\/\/novakmarket.com\/","name":"Novak Market","description":"Vente de produits \u00e9lectroniques.","publisher":{"@id":"https:\/\/novakmarket.com\/#organization"},"potentialAction":[{"@type":"SearchAction","target":{"@type":"EntryPoint","urlTemplate":"https:\/\/novakmarket.com\/?s={search_term_string}"},"query-input":{"@type":"PropertyValueSpecification","valueRequired":true,"valueName":"search_term_string"}}],"inLanguage":"pt-PT"},{"@type":"Organization","@id":"https:\/\/novakmarket.com\/#organization","name":"Novak Market","url":"https:\/\/novakmarket.com\/","logo":{"@type":"ImageObject","inLanguage":"pt-PT","@id":"https:\/\/novakmarket.com\/#\/schema\/logo\/image\/","url":"https:\/\/novakmarket.com\/wp-content\/uploads\/2026\/02\/cropped-footer-pc-removebg-preview.png","contentUrl":"https:\/\/novakmarket.com\/wp-content\/uploads\/2026\/02\/cropped-footer-pc-removebg-preview.png","width":202,"height":73,"caption":"Novak Market"},"image":{"@id":"https:\/\/novakmarket.com\/#\/schema\/logo\/image\/"}}]}},"_links":{"self":[{"href":"https:\/\/novakmarket.com\/pt\/wp-json\/wp\/v2\/product\/6325","targetHints":{"allow":["GET"]}}],"collection":[{"href":"https:\/\/novakmarket.com\/pt\/wp-json\/wp\/v2\/product"}],"about":[{"href":"https:\/\/novakmarket.com\/pt\/wp-json\/wp\/v2\/types\/product"}],"replies":[{"embeddable":true,"href":"https:\/\/novakmarket.com\/pt\/wp-json\/wp\/v2\/comments?post=6325"}],"wp:featuredmedia":[{"embeddable":true,"href":"https:\/\/novakmarket.com\/pt\/wp-json\/wp\/v2\/media\/6358"}],"wp:attachment":[{"href":"https:\/\/novakmarket.com\/pt\/wp-json\/wp\/v2\/media?parent=6325"}],"wp:term":[{"taxonomy":"product_brand","embeddable":true,"href":"https:\/\/novakmarket.com\/pt\/wp-json\/wp\/v2\/product_brand?post=6325"},{"taxonomy":"product_cat","embeddable":true,"href":"https:\/\/novakmarket.com\/pt\/wp-json\/wp\/v2\/product_cat?post=6325"},{"taxonomy":"product_tag","embeddable":true,"href":"https:\/\/novakmarket.com\/pt\/wp-json\/wp\/v2\/product_tag?post=6325"}],"curies":[{"name":"wp","href":"https:\/\/api.w.org\/{rel}","templated":true}]}}