{"id":6440,"date":"2021-11-29T20:20:39","date_gmt":"2021-11-29T19:20:39","guid":{"rendered":"https:\/\/bestymarketshop.com\/?post_type=product&#038;p=6440"},"modified":"2021-12-02T13:36:40","modified_gmt":"2021-12-02T12:36:40","slug":"robot-cuiseur-multifonctions","status":"publish","type":"product","link":"https:\/\/novakmarket.com\/pt\/produto\/robot-cuiseur-multifonctions\/","title":{"rendered":"Robot cuiseur multifonctions"},"content":{"rendered":"<p><img loading=\"lazy\" decoding=\"async\" class=\"alignnone size-medium wp-image-8411\" src=\"https:\/\/e-marketshopping.com\/wp-content\/uploads\/2020\/07\/X14-300x300.jpg\" alt=\"\" width=\"300\" height=\"300\" \/><\/p>\n<ul>\n<li>Puissance \u00e9lectrique : 1300 Watt<\/li>\n<li>R\u00e9glages de la vitesse : 12 pr\u00e9s\u00e9lections<\/li>\n<li>Temp\u00e9rature maximale : 120 \u00b0C<\/li>\n<\/ul>","protected":false},"excerpt":{"rendered":"<table class=\"fpDescTb fpDescTbPub\">\n<tbody>\n<tr>\n<td>Nom du produit<\/td>\n<td>EZICHEF &#8211; Mixeo &#8211; Robot cuiseur multifonctions<\/td>\n<\/tr>\n<tr>\n<td>Cat\u00e9gorie<\/td>\n<td>ROBOT DE CUISINE<\/td>\n<\/tr>\n<tr>\n<th colspan=\"2\">Informations sur le produit<\/th>\n<\/tr>\n<tr>\n<td>Marque<\/td>\n<td>E.ZICHEF<\/td>\n<\/tr>\n<tr>\n<td>Robots de cuisine|Capacit\u00e9 du bol<\/td>\n<td>2 Litres<\/td>\n<\/tr>\n<tr>\n<th colspan=\"2\">G\u00e9n\u00e9ral<\/th>\n<\/tr>\n<tr>\n<td>Type de Produit<\/td>\n<td>Processeur de cuisine\/balance de cuisine<\/td>\n<\/tr>\n<tr>\n<td>Temp\u00e9rature maximum<\/td>\n<td>120 \u00b0C<\/td>\n<\/tr>\n<tr>\n<td>Mat\u00e9riau du boitier<\/td>\n<td>Plastique, acier inoxydable<\/td>\n<\/tr>\n<tr>\n<td>Temp\u00e9rature variable<\/td>\n<td>Oui<\/td>\n<\/tr>\n<tr>\n<td>Plage de temp\u00e9ratures<\/td>\n<td>De 30\u00b0C \u00e0 120\u00b0C<\/td>\n<\/tr>\n<tr>\n<td>Fonction et param\u00e8tres<\/td>\n<td>Fonction maintien au chaud, fonction impulsion<\/td>\n<\/tr>\n<tr>\n<td>Compatible lave-vaisselle<\/td>\n<td>Bol, accessoires<\/td>\n<\/tr>\n<tr>\n<td>Contenance<\/td>\n<td>2 litres<\/td>\n<\/tr>\n<tr>\n<td>Nombre de programmes<\/td>\n<td>6<\/td>\n<\/tr>\n<tr>\n<th colspan=\"2\">R\u00e9glages, commandes et voyants<\/th>\n<\/tr>\n<tr>\n<td>R\u00e9glages de la vitesse<\/td>\n<td>12 pr\u00e9s\u00e9lections<\/td>\n<\/tr>\n<tr>\n<th colspan=\"2\">Consommation<\/th>\n<\/tr>\n<tr>\n<td>Puissance \u00e9lectrique<\/td>\n<td>1300 Watt<\/td>\n<\/tr>\n<\/tbody>\n<\/table>","protected":false},"featured_media":6522,"comment_status":"open","ping_status":"closed","template":"","meta":{"_acf_changed":false},"product_brand":[],"product_cat":[282,297],"product_tag":[],"class_list":{"0":"post-6440","1":"product","2":"type-product","3":"status-publish","4":"has-post-thumbnail","6":"product_cat-appareils-electromenagers","7":"product_cat-cuisson","9":"first","10":"instock","11":"shipping-taxable","12":"purchasable","13":"product-type-simple"},"acf":[],"yoast_head":"<!-- This site is optimized with the Yoast SEO plugin v27.2 - https:\/\/yoast.com\/product\/yoast-seo-wordpress\/ -->\n<title>Robot cuiseur multifonctions - Novak Market<\/title>\n<meta name=\"robots\" content=\"index, follow, max-snippet:-1, max-image-preview:large, max-video-preview:-1\" \/>\n<link rel=\"canonical\" href=\"https:\/\/novakmarket.com\/pt\/produto\/robot-cuiseur-multifonctions\/\" \/>\n<meta property=\"og:locale\" content=\"pt_PT\" \/>\n<meta property=\"og:type\" content=\"article\" \/>\n<meta property=\"og:title\" content=\"Robot cuiseur multifonctions - Novak Market\" \/>\n<meta property=\"og:description\" content=\"Nom du produit EZICHEF - Mixeo - Robot cuiseur multifonctions   Cat\u00e9gorie ROBOT DE CUISINE   Informations sur le produit   Marque E.ZICHEF   Robots de cuisine|Capacit\u00e9 du bol 2 Litres   G\u00e9n\u00e9ral   Type de Produit Processeur de cuisine\/balance de cuisine   Temp\u00e9rature maximum 120 \u00b0C   Mat\u00e9riau du boitier Plastique, acier inoxydable   Temp\u00e9rature variable Oui   Plage de temp\u00e9ratures De 30\u00b0C \u00e0 120\u00b0C   Fonction et param\u00e8tres Fonction maintien au chaud, fonction impulsion   Compatible lave-vaisselle Bol, accessoires   Contenance 2 litres   Nombre de programmes 6   R\u00e9glages, commandes et voyants   R\u00e9glages de la vitesse 12 pr\u00e9s\u00e9lections   Consommation   Puissance \u00e9lectrique 1300 Watt\" \/>\n<meta property=\"og:url\" content=\"https:\/\/novakmarket.com\/pt\/produto\/robot-cuiseur-multifonctions\/\" \/>\n<meta property=\"og:site_name\" content=\"Novak Market\" \/>\n<meta property=\"article:modified_time\" content=\"2021-12-02T12:36:40+00:00\" \/>\n<meta property=\"og:image\" content=\"https:\/\/novakmarket.com\/wp-content\/uploads\/2021\/11\/X14-300x300-1.jpg\" \/>\n\t<meta property=\"og:image:width\" content=\"300\" \/>\n\t<meta property=\"og:image:height\" content=\"300\" \/>\n\t<meta property=\"og:image:type\" content=\"image\/jpeg\" \/>\n<meta name=\"twitter:card\" content=\"summary_large_image\" \/>\n<script type=\"application\/ld+json\" class=\"yoast-schema-graph\">{\"@context\":\"https:\/\/schema.org\",\"@graph\":[{\"@type\":\"WebPage\",\"@id\":\"https:\/\/novakmarket.com\/produit\/robot-cuiseur-multifonctions\/\",\"url\":\"https:\/\/novakmarket.com\/produit\/robot-cuiseur-multifonctions\/\",\"name\":\"Robot cuiseur multifonctions - Novak Market\",\"isPartOf\":{\"@id\":\"https:\/\/novakmarket.com\/#website\"},\"primaryImageOfPage\":{\"@id\":\"https:\/\/novakmarket.com\/produit\/robot-cuiseur-multifonctions\/#primaryimage\"},\"image\":{\"@id\":\"https:\/\/novakmarket.com\/produit\/robot-cuiseur-multifonctions\/#primaryimage\"},\"thumbnailUrl\":\"https:\/\/novakmarket.com\/wp-content\/uploads\/2021\/11\/X14-300x300-1.jpg\",\"datePublished\":\"2021-11-29T19:20:39+00:00\",\"dateModified\":\"2021-12-02T12:36:40+00:00\",\"breadcrumb\":{\"@id\":\"https:\/\/novakmarket.com\/produit\/robot-cuiseur-multifonctions\/#breadcrumb\"},\"inLanguage\":\"pt-PT\",\"potentialAction\":[{\"@type\":\"ReadAction\",\"target\":[\"https:\/\/novakmarket.com\/produit\/robot-cuiseur-multifonctions\/\"]}]},{\"@type\":\"ImageObject\",\"inLanguage\":\"pt-PT\",\"@id\":\"https:\/\/novakmarket.com\/produit\/robot-cuiseur-multifonctions\/#primaryimage\",\"url\":\"https:\/\/novakmarket.com\/wp-content\/uploads\/2021\/11\/X14-300x300-1.jpg\",\"contentUrl\":\"https:\/\/novakmarket.com\/wp-content\/uploads\/2021\/11\/X14-300x300-1.jpg\",\"width\":300,\"height\":300},{\"@type\":\"BreadcrumbList\",\"@id\":\"https:\/\/novakmarket.com\/produit\/robot-cuiseur-multifonctions\/#breadcrumb\",\"itemListElement\":[{\"@type\":\"ListItem\",\"position\":1,\"name\":\"Accueil\",\"item\":\"https:\/\/novakmarket.com\/\"},{\"@type\":\"ListItem\",\"position\":2,\"name\":\"Boutique\",\"item\":\"https:\/\/novakmarket.com\/shop\/\"},{\"@type\":\"ListItem\",\"position\":3,\"name\":\"Robot cuiseur multifonctions\"}]},{\"@type\":\"WebSite\",\"@id\":\"https:\/\/novakmarket.com\/#website\",\"url\":\"https:\/\/novakmarket.com\/\",\"name\":\"Novak Market\",\"description\":\"Vente de produits \u00e9lectroniques.\",\"publisher\":{\"@id\":\"https:\/\/novakmarket.com\/#organization\"},\"potentialAction\":[{\"@type\":\"SearchAction\",\"target\":{\"@type\":\"EntryPoint\",\"urlTemplate\":\"https:\/\/novakmarket.com\/?s={search_term_string}\"},\"query-input\":{\"@type\":\"PropertyValueSpecification\",\"valueRequired\":true,\"valueName\":\"search_term_string\"}}],\"inLanguage\":\"pt-PT\"},{\"@type\":\"Organization\",\"@id\":\"https:\/\/novakmarket.com\/#organization\",\"name\":\"Novak Market\",\"url\":\"https:\/\/novakmarket.com\/\",\"logo\":{\"@type\":\"ImageObject\",\"inLanguage\":\"pt-PT\",\"@id\":\"https:\/\/novakmarket.com\/#\/schema\/logo\/image\/\",\"url\":\"https:\/\/novakmarket.com\/wp-content\/uploads\/2026\/02\/cropped-footer-pc-removebg-preview.png\",\"contentUrl\":\"https:\/\/novakmarket.com\/wp-content\/uploads\/2026\/02\/cropped-footer-pc-removebg-preview.png\",\"width\":202,\"height\":73,\"caption\":\"Novak Market\"},\"image\":{\"@id\":\"https:\/\/novakmarket.com\/#\/schema\/logo\/image\/\"}}]}<\/script>\n<!-- \/ Yoast SEO plugin. -->","yoast_head_json":{"title":"Robot cuiseur multifonctions - Novak Market","robots":{"index":"index","follow":"follow","max-snippet":"max-snippet:-1","max-image-preview":"max-image-preview:large","max-video-preview":"max-video-preview:-1"},"canonical":"https:\/\/novakmarket.com\/pt\/produto\/robot-cuiseur-multifonctions\/","og_locale":"pt_PT","og_type":"article","og_title":"Robot cuiseur multifonctions - Novak Market","og_description":"Nom du produit EZICHEF - Mixeo - Robot cuiseur multifonctions   Cat\u00e9gorie ROBOT DE CUISINE   Informations sur le produit   Marque E.ZICHEF   Robots de cuisine|Capacit\u00e9 du bol 2 Litres   G\u00e9n\u00e9ral   Type de Produit Processeur de cuisine\/balance de cuisine   Temp\u00e9rature maximum 120 \u00b0C   Mat\u00e9riau du boitier Plastique, acier inoxydable   Temp\u00e9rature variable Oui   Plage de temp\u00e9ratures De 30\u00b0C \u00e0 120\u00b0C   Fonction et param\u00e8tres Fonction maintien au chaud, fonction impulsion   Compatible lave-vaisselle Bol, accessoires   Contenance 2 litres   Nombre de programmes 6   R\u00e9glages, commandes et voyants   R\u00e9glages de la vitesse 12 pr\u00e9s\u00e9lections   Consommation   Puissance \u00e9lectrique 1300 Watt","og_url":"https:\/\/novakmarket.com\/pt\/produto\/robot-cuiseur-multifonctions\/","og_site_name":"Novak Market","article_modified_time":"2021-12-02T12:36:40+00:00","og_image":[{"width":300,"height":300,"url":"https:\/\/novakmarket.com\/wp-content\/uploads\/2021\/11\/X14-300x300-1.jpg","type":"image\/jpeg"}],"twitter_card":"summary_large_image","schema":{"@context":"https:\/\/schema.org","@graph":[{"@type":"WebPage","@id":"https:\/\/novakmarket.com\/produit\/robot-cuiseur-multifonctions\/","url":"https:\/\/novakmarket.com\/produit\/robot-cuiseur-multifonctions\/","name":"Robot cuiseur multifonctions - Novak Market","isPartOf":{"@id":"https:\/\/novakmarket.com\/#website"},"primaryImageOfPage":{"@id":"https:\/\/novakmarket.com\/produit\/robot-cuiseur-multifonctions\/#primaryimage"},"image":{"@id":"https:\/\/novakmarket.com\/produit\/robot-cuiseur-multifonctions\/#primaryimage"},"thumbnailUrl":"https:\/\/novakmarket.com\/wp-content\/uploads\/2021\/11\/X14-300x300-1.jpg","datePublished":"2021-11-29T19:20:39+00:00","dateModified":"2021-12-02T12:36:40+00:00","breadcrumb":{"@id":"https:\/\/novakmarket.com\/produit\/robot-cuiseur-multifonctions\/#breadcrumb"},"inLanguage":"pt-PT","potentialAction":[{"@type":"ReadAction","target":["https:\/\/novakmarket.com\/produit\/robot-cuiseur-multifonctions\/"]}]},{"@type":"ImageObject","inLanguage":"pt-PT","@id":"https:\/\/novakmarket.com\/produit\/robot-cuiseur-multifonctions\/#primaryimage","url":"https:\/\/novakmarket.com\/wp-content\/uploads\/2021\/11\/X14-300x300-1.jpg","contentUrl":"https:\/\/novakmarket.com\/wp-content\/uploads\/2021\/11\/X14-300x300-1.jpg","width":300,"height":300},{"@type":"BreadcrumbList","@id":"https:\/\/novakmarket.com\/produit\/robot-cuiseur-multifonctions\/#breadcrumb","itemListElement":[{"@type":"ListItem","position":1,"name":"Accueil","item":"https:\/\/novakmarket.com\/"},{"@type":"ListItem","position":2,"name":"Boutique","item":"https:\/\/novakmarket.com\/shop\/"},{"@type":"ListItem","position":3,"name":"Robot cuiseur multifonctions"}]},{"@type":"WebSite","@id":"https:\/\/novakmarket.com\/#website","url":"https:\/\/novakmarket.com\/","name":"Novak Market","description":"Vente de produits \u00e9lectroniques.","publisher":{"@id":"https:\/\/novakmarket.com\/#organization"},"potentialAction":[{"@type":"SearchAction","target":{"@type":"EntryPoint","urlTemplate":"https:\/\/novakmarket.com\/?s={search_term_string}"},"query-input":{"@type":"PropertyValueSpecification","valueRequired":true,"valueName":"search_term_string"}}],"inLanguage":"pt-PT"},{"@type":"Organization","@id":"https:\/\/novakmarket.com\/#organization","name":"Novak Market","url":"https:\/\/novakmarket.com\/","logo":{"@type":"ImageObject","inLanguage":"pt-PT","@id":"https:\/\/novakmarket.com\/#\/schema\/logo\/image\/","url":"https:\/\/novakmarket.com\/wp-content\/uploads\/2026\/02\/cropped-footer-pc-removebg-preview.png","contentUrl":"https:\/\/novakmarket.com\/wp-content\/uploads\/2026\/02\/cropped-footer-pc-removebg-preview.png","width":202,"height":73,"caption":"Novak Market"},"image":{"@id":"https:\/\/novakmarket.com\/#\/schema\/logo\/image\/"}}]}},"_links":{"self":[{"href":"https:\/\/novakmarket.com\/pt\/wp-json\/wp\/v2\/product\/6440","targetHints":{"allow":["GET"]}}],"collection":[{"href":"https:\/\/novakmarket.com\/pt\/wp-json\/wp\/v2\/product"}],"about":[{"href":"https:\/\/novakmarket.com\/pt\/wp-json\/wp\/v2\/types\/product"}],"replies":[{"embeddable":true,"href":"https:\/\/novakmarket.com\/pt\/wp-json\/wp\/v2\/comments?post=6440"}],"wp:featuredmedia":[{"embeddable":true,"href":"https:\/\/novakmarket.com\/pt\/wp-json\/wp\/v2\/media\/6522"}],"wp:attachment":[{"href":"https:\/\/novakmarket.com\/pt\/wp-json\/wp\/v2\/media?parent=6440"}],"wp:term":[{"taxonomy":"product_brand","embeddable":true,"href":"https:\/\/novakmarket.com\/pt\/wp-json\/wp\/v2\/product_brand?post=6440"},{"taxonomy":"product_cat","embeddable":true,"href":"https:\/\/novakmarket.com\/pt\/wp-json\/wp\/v2\/product_cat?post=6440"},{"taxonomy":"product_tag","embeddable":true,"href":"https:\/\/novakmarket.com\/pt\/wp-json\/wp\/v2\/product_tag?post=6440"}],"curies":[{"name":"wp","href":"https:\/\/api.w.org\/{rel}","templated":true}]}}