{"id":6667,"date":"2021-11-29T20:22:33","date_gmt":"2021-11-29T19:22:33","guid":{"rendered":"https:\/\/bestymarketshop.com\/?post_type=product&#038;p=6667"},"modified":"2021-11-29T20:22:52","modified_gmt":"2021-11-29T19:22:52","slug":"grand-angle-double-camera","status":"publish","type":"product","link":"https:\/\/novakmarket.com\/pt\/produto\/grand-angle-double-camera\/","title":{"rendered":"Grand angle Double Camera"},"content":{"rendered":"<p><img loading=\"lazy\" decoding=\"async\" class=\"alignnone size-medium wp-image-8765\" src=\"https:\/\/e-marketshopping.com\/wp-content\/uploads\/2020\/07\/D1010-300x300.jpg\" alt=\"\" width=\"300\" height=\"300\" \/><\/p>\n<ul>\n<li>Autonomie : 22 min<\/li>\n<li>Port\u00e9e du drone : 150 m<\/li>\n<li>Cam\u00e9ra int\u00e9gr\u00e9e : Oui<\/li>\n<li>Wi-Fi : Oui<\/li>\n<\/ul>","protected":false},"excerpt":{"rendered":"<div id=\"descContent\" class=\"fpBlk testSep\" data-cs-override-id=\"Descriptif\">\n<table class=\"fpDescTb fpDescTbPub\">\n<tbody>\n<tr>\n<td>Nom du produit<\/td>\n<td>2019 L103 5MP 1080P Grand angle WIFI FPV Double Ca<\/td>\n<\/tr>\n<tr>\n<td>Cat\u00e9gorie<\/td>\n<td>DRONE<\/td>\n<\/tr>\n<tr>\n<th colspan=\"2\">Informations g\u00e9n\u00e9rales<\/th>\n<\/tr>\n<tr>\n<td>Marque<\/td>\n<td>AUCUNE<\/td>\n<\/tr>\n<tr>\n<td>Couleur(s)<\/td>\n<td>blanc<\/td>\n<\/tr>\n<tr>\n<td>Genre<\/td>\n<td>Mixte<\/td>\n<\/tr>\n<tr>\n<th colspan=\"2\">Caract\u00e9ristiques techniques<\/th>\n<\/tr>\n<tr>\n<td>Autonomie<\/td>\n<td>22 min<\/td>\n<\/tr>\n<tr>\n<td>Port\u00e9e du drone<\/td>\n<td>150 m<\/td>\n<\/tr>\n<tr>\n<td>Wi-Fi<\/td>\n<td>Oui<\/td>\n<\/tr>\n<tr>\n<th colspan=\"2\">Photo\/Vid\u00e9o<\/th>\n<\/tr>\n<tr>\n<td>Cam\u00e9ra int\u00e9gr\u00e9e<\/td>\n<td>Oui<\/td>\n<\/tr>\n<\/tbody>\n<\/table>\n<div id=\"VehicleSparePartProductAndVehicleAttributeCollection\"><\/div>\n<\/div>","protected":false},"featured_media":6697,"comment_status":"open","ping_status":"closed","template":"","meta":{"_acf_changed":false},"product_brand":[],"product_cat":[300],"product_tag":[],"class_list":{"0":"post-6667","1":"product","2":"type-product","3":"status-publish","4":"has-post-thumbnail","6":"product_cat-drones","8":"first","9":"instock","10":"shipping-taxable","11":"purchasable","12":"product-type-simple"},"acf":[],"yoast_head":"<!-- This site is optimized with the Yoast SEO plugin v27.2 - https:\/\/yoast.com\/product\/yoast-seo-wordpress\/ -->\n<title>Grand angle Double Camera - Novak Market<\/title>\n<meta name=\"robots\" content=\"index, follow, max-snippet:-1, max-image-preview:large, max-video-preview:-1\" \/>\n<link rel=\"canonical\" href=\"https:\/\/novakmarket.com\/pt\/produto\/grand-angle-double-camera\/\" \/>\n<meta property=\"og:locale\" content=\"pt_PT\" \/>\n<meta property=\"og:type\" content=\"article\" \/>\n<meta property=\"og:title\" content=\"Grand angle Double Camera - Novak Market\" \/>\n<meta property=\"og:description\" content=\"Nom du produit 2019 L103 5MP 1080P Grand angle WIFI FPV Double Ca  Cat\u00e9gorie DRONE  Informations g\u00e9n\u00e9rales  Marque AUCUNE  Couleur(s) blanc  Genre Mixte  Caract\u00e9ristiques techniques  Autonomie 22 min  Port\u00e9e du drone 150 m  Wi-Fi Oui  Photo\/Vid\u00e9o  Cam\u00e9ra int\u00e9gr\u00e9e Oui\" \/>\n<meta property=\"og:url\" content=\"https:\/\/novakmarket.com\/pt\/produto\/grand-angle-double-camera\/\" \/>\n<meta property=\"og:site_name\" content=\"Novak Market\" \/>\n<meta property=\"article:modified_time\" content=\"2021-11-29T19:22:52+00:00\" \/>\n<meta property=\"og:image\" content=\"https:\/\/novakmarket.com\/wp-content\/uploads\/2021\/11\/D1010-1.jpg\" \/>\n\t<meta property=\"og:image:width\" content=\"700\" \/>\n\t<meta property=\"og:image:height\" content=\"700\" \/>\n\t<meta property=\"og:image:type\" content=\"image\/jpeg\" \/>\n<meta name=\"twitter:card\" content=\"summary_large_image\" \/>\n<script type=\"application\/ld+json\" class=\"yoast-schema-graph\">{\"@context\":\"https:\/\/schema.org\",\"@graph\":[{\"@type\":\"WebPage\",\"@id\":\"https:\/\/novakmarket.com\/produit\/grand-angle-double-camera\/\",\"url\":\"https:\/\/novakmarket.com\/produit\/grand-angle-double-camera\/\",\"name\":\"Grand angle Double Camera - Novak Market\",\"isPartOf\":{\"@id\":\"https:\/\/novakmarket.com\/#website\"},\"primaryImageOfPage\":{\"@id\":\"https:\/\/novakmarket.com\/produit\/grand-angle-double-camera\/#primaryimage\"},\"image\":{\"@id\":\"https:\/\/novakmarket.com\/produit\/grand-angle-double-camera\/#primaryimage\"},\"thumbnailUrl\":\"https:\/\/novakmarket.com\/wp-content\/uploads\/2021\/11\/D1010-1.jpg\",\"datePublished\":\"2021-11-29T19:22:33+00:00\",\"dateModified\":\"2021-11-29T19:22:52+00:00\",\"breadcrumb\":{\"@id\":\"https:\/\/novakmarket.com\/produit\/grand-angle-double-camera\/#breadcrumb\"},\"inLanguage\":\"pt-PT\",\"potentialAction\":[{\"@type\":\"ReadAction\",\"target\":[\"https:\/\/novakmarket.com\/produit\/grand-angle-double-camera\/\"]}]},{\"@type\":\"ImageObject\",\"inLanguage\":\"pt-PT\",\"@id\":\"https:\/\/novakmarket.com\/produit\/grand-angle-double-camera\/#primaryimage\",\"url\":\"https:\/\/novakmarket.com\/wp-content\/uploads\/2021\/11\/D1010-1.jpg\",\"contentUrl\":\"https:\/\/novakmarket.com\/wp-content\/uploads\/2021\/11\/D1010-1.jpg\",\"width\":700,\"height\":700},{\"@type\":\"BreadcrumbList\",\"@id\":\"https:\/\/novakmarket.com\/produit\/grand-angle-double-camera\/#breadcrumb\",\"itemListElement\":[{\"@type\":\"ListItem\",\"position\":1,\"name\":\"Accueil\",\"item\":\"https:\/\/novakmarket.com\/\"},{\"@type\":\"ListItem\",\"position\":2,\"name\":\"Boutique\",\"item\":\"https:\/\/novakmarket.com\/shop\/\"},{\"@type\":\"ListItem\",\"position\":3,\"name\":\"Grand angle Double Camera\"}]},{\"@type\":\"WebSite\",\"@id\":\"https:\/\/novakmarket.com\/#website\",\"url\":\"https:\/\/novakmarket.com\/\",\"name\":\"Novak Market\",\"description\":\"Vente de produits \u00e9lectroniques.\",\"publisher\":{\"@id\":\"https:\/\/novakmarket.com\/#organization\"},\"potentialAction\":[{\"@type\":\"SearchAction\",\"target\":{\"@type\":\"EntryPoint\",\"urlTemplate\":\"https:\/\/novakmarket.com\/?s={search_term_string}\"},\"query-input\":{\"@type\":\"PropertyValueSpecification\",\"valueRequired\":true,\"valueName\":\"search_term_string\"}}],\"inLanguage\":\"pt-PT\"},{\"@type\":\"Organization\",\"@id\":\"https:\/\/novakmarket.com\/#organization\",\"name\":\"Novak Market\",\"url\":\"https:\/\/novakmarket.com\/\",\"logo\":{\"@type\":\"ImageObject\",\"inLanguage\":\"pt-PT\",\"@id\":\"https:\/\/novakmarket.com\/#\/schema\/logo\/image\/\",\"url\":\"https:\/\/novakmarket.com\/wp-content\/uploads\/2026\/02\/cropped-footer-pc-removebg-preview.png\",\"contentUrl\":\"https:\/\/novakmarket.com\/wp-content\/uploads\/2026\/02\/cropped-footer-pc-removebg-preview.png\",\"width\":202,\"height\":73,\"caption\":\"Novak Market\"},\"image\":{\"@id\":\"https:\/\/novakmarket.com\/#\/schema\/logo\/image\/\"}}]}<\/script>\n<!-- \/ Yoast SEO plugin. -->","yoast_head_json":{"title":"Grand angle Double Camera - Novak Market","robots":{"index":"index","follow":"follow","max-snippet":"max-snippet:-1","max-image-preview":"max-image-preview:large","max-video-preview":"max-video-preview:-1"},"canonical":"https:\/\/novakmarket.com\/pt\/produto\/grand-angle-double-camera\/","og_locale":"pt_PT","og_type":"article","og_title":"Grand angle Double Camera - Novak Market","og_description":"Nom du produit 2019 L103 5MP 1080P Grand angle WIFI FPV Double Ca  Cat\u00e9gorie DRONE  Informations g\u00e9n\u00e9rales  Marque AUCUNE  Couleur(s) blanc  Genre Mixte  Caract\u00e9ristiques techniques  Autonomie 22 min  Port\u00e9e du drone 150 m  Wi-Fi Oui  Photo\/Vid\u00e9o  Cam\u00e9ra int\u00e9gr\u00e9e Oui","og_url":"https:\/\/novakmarket.com\/pt\/produto\/grand-angle-double-camera\/","og_site_name":"Novak Market","article_modified_time":"2021-11-29T19:22:52+00:00","og_image":[{"width":700,"height":700,"url":"https:\/\/novakmarket.com\/wp-content\/uploads\/2021\/11\/D1010-1.jpg","type":"image\/jpeg"}],"twitter_card":"summary_large_image","schema":{"@context":"https:\/\/schema.org","@graph":[{"@type":"WebPage","@id":"https:\/\/novakmarket.com\/produit\/grand-angle-double-camera\/","url":"https:\/\/novakmarket.com\/produit\/grand-angle-double-camera\/","name":"Grand angle Double Camera - Novak Market","isPartOf":{"@id":"https:\/\/novakmarket.com\/#website"},"primaryImageOfPage":{"@id":"https:\/\/novakmarket.com\/produit\/grand-angle-double-camera\/#primaryimage"},"image":{"@id":"https:\/\/novakmarket.com\/produit\/grand-angle-double-camera\/#primaryimage"},"thumbnailUrl":"https:\/\/novakmarket.com\/wp-content\/uploads\/2021\/11\/D1010-1.jpg","datePublished":"2021-11-29T19:22:33+00:00","dateModified":"2021-11-29T19:22:52+00:00","breadcrumb":{"@id":"https:\/\/novakmarket.com\/produit\/grand-angle-double-camera\/#breadcrumb"},"inLanguage":"pt-PT","potentialAction":[{"@type":"ReadAction","target":["https:\/\/novakmarket.com\/produit\/grand-angle-double-camera\/"]}]},{"@type":"ImageObject","inLanguage":"pt-PT","@id":"https:\/\/novakmarket.com\/produit\/grand-angle-double-camera\/#primaryimage","url":"https:\/\/novakmarket.com\/wp-content\/uploads\/2021\/11\/D1010-1.jpg","contentUrl":"https:\/\/novakmarket.com\/wp-content\/uploads\/2021\/11\/D1010-1.jpg","width":700,"height":700},{"@type":"BreadcrumbList","@id":"https:\/\/novakmarket.com\/produit\/grand-angle-double-camera\/#breadcrumb","itemListElement":[{"@type":"ListItem","position":1,"name":"Accueil","item":"https:\/\/novakmarket.com\/"},{"@type":"ListItem","position":2,"name":"Boutique","item":"https:\/\/novakmarket.com\/shop\/"},{"@type":"ListItem","position":3,"name":"Grand angle Double Camera"}]},{"@type":"WebSite","@id":"https:\/\/novakmarket.com\/#website","url":"https:\/\/novakmarket.com\/","name":"Novak Market","description":"Vente de produits \u00e9lectroniques.","publisher":{"@id":"https:\/\/novakmarket.com\/#organization"},"potentialAction":[{"@type":"SearchAction","target":{"@type":"EntryPoint","urlTemplate":"https:\/\/novakmarket.com\/?s={search_term_string}"},"query-input":{"@type":"PropertyValueSpecification","valueRequired":true,"valueName":"search_term_string"}}],"inLanguage":"pt-PT"},{"@type":"Organization","@id":"https:\/\/novakmarket.com\/#organization","name":"Novak Market","url":"https:\/\/novakmarket.com\/","logo":{"@type":"ImageObject","inLanguage":"pt-PT","@id":"https:\/\/novakmarket.com\/#\/schema\/logo\/image\/","url":"https:\/\/novakmarket.com\/wp-content\/uploads\/2026\/02\/cropped-footer-pc-removebg-preview.png","contentUrl":"https:\/\/novakmarket.com\/wp-content\/uploads\/2026\/02\/cropped-footer-pc-removebg-preview.png","width":202,"height":73,"caption":"Novak Market"},"image":{"@id":"https:\/\/novakmarket.com\/#\/schema\/logo\/image\/"}}]}},"_links":{"self":[{"href":"https:\/\/novakmarket.com\/pt\/wp-json\/wp\/v2\/product\/6667","targetHints":{"allow":["GET"]}}],"collection":[{"href":"https:\/\/novakmarket.com\/pt\/wp-json\/wp\/v2\/product"}],"about":[{"href":"https:\/\/novakmarket.com\/pt\/wp-json\/wp\/v2\/types\/product"}],"replies":[{"embeddable":true,"href":"https:\/\/novakmarket.com\/pt\/wp-json\/wp\/v2\/comments?post=6667"}],"wp:featuredmedia":[{"embeddable":true,"href":"https:\/\/novakmarket.com\/pt\/wp-json\/wp\/v2\/media\/6697"}],"wp:attachment":[{"href":"https:\/\/novakmarket.com\/pt\/wp-json\/wp\/v2\/media?parent=6667"}],"wp:term":[{"taxonomy":"product_brand","embeddable":true,"href":"https:\/\/novakmarket.com\/pt\/wp-json\/wp\/v2\/product_brand?post=6667"},{"taxonomy":"product_cat","embeddable":true,"href":"https:\/\/novakmarket.com\/pt\/wp-json\/wp\/v2\/product_cat?post=6667"},{"taxonomy":"product_tag","embeddable":true,"href":"https:\/\/novakmarket.com\/pt\/wp-json\/wp\/v2\/product_tag?post=6667"}],"curies":[{"name":"wp","href":"https:\/\/api.w.org\/{rel}","templated":true}]}}