{"id":6724,"date":"2021-11-29T20:22:56","date_gmt":"2021-11-29T19:22:56","guid":{"rendered":"https:\/\/bestymarketshop.com\/?post_type=product&#038;p=6724"},"modified":"2021-11-29T20:23:16","modified_gmt":"2021-11-29T19:23:16","slug":"lg-classe-49-tv-led-smart-tv-2","status":"publish","type":"product","link":"https:\/\/novakmarket.com\/pt\/produto\/lg-classe-49-tv-led-smart-tv-2\/","title":{"rendered":"LG Classe 49&#8243; TV LED Smart TV"},"content":{"rendered":"<p>&nbsp;<\/p>\n<p>&nbsp;<\/p>\n<p><img loading=\"lazy\" decoding=\"async\" class=\"alignnone size-medium wp-image-8848\" src=\"https:\/\/e-marketshopping.com\/wp-content\/uploads\/2020\/07\/LG13-300x300.jpg\" alt=\"\" width=\"300\" height=\"300\" \/><\/p>\n<p>&nbsp;<\/p>\n<p>&nbsp;<\/p>\n<p>&nbsp;<\/p>\n<p>&nbsp;<\/p>\n<ul>\n<li>R\u00e9tro\u00e9clairage par LED<\/li>\n<li>Format d&#8217;affichage : 4K UHD (2160p)<\/li>\n<li>R\u00e9solution : 3840 x 2160<\/li>\n<li>Technologie HDR : Hybrid Log-Gamma (HLG), HDR actif<\/li>\n<li>Tuner TV num\u00e9rique : DVB-C, DVB-S2, DVB-T2<\/li>\n<\/ul>\n<div class=\"jsFpBulletPointMore\">\n<ul>\n<li>Am\u00e9liorations d&#8217;image : 4K Upscaling<\/li>\n<li>Interface vid\u00e9o : Composant, HDMI<\/li>\n<\/ul>\n<\/div>","protected":false},"excerpt":{"rendered":"<table class=\"fpDescTb fpDescTbPub\">\n<tbody>\n<tr>\n<td>Nom du produit<\/td>\n<td>LG 49UJ6307 Classe 49&#8243; TV LED Smart TV webOS 4K UH<\/td>\n<\/tr>\n<tr>\n<td>Cat\u00e9gorie<\/td>\n<td>T\u00e9l\u00e9viseur LED<\/td>\n<\/tr>\n<tr>\n<th colspan=\"2\">G\u00e9n\u00e9ral<\/th>\n<\/tr>\n<tr>\n<td>Type de Produit<\/td>\n<td>TV LCD avec r\u00e9tro\u00e9clairage par LED &#8211; Smart TV<\/td>\n<\/tr>\n<tr>\n<td>Interface vid\u00e9o<\/td>\n<td>Composant, HDMI<\/td>\n<\/tr>\n<tr>\n<td>Consommation \u00e9lectrique en mode marche<\/td>\n<td>74 Watt<\/td>\n<\/tr>\n<tr>\n<td>Dimensions<\/td>\n<td>Sans support<\/td>\n<\/tr>\n<tr>\n<td>Largeur<\/td>\n<td>111 cm<\/td>\n<\/tr>\n<tr>\n<td>Hauteur<\/td>\n<td>65 cm<\/td>\n<\/tr>\n<tr>\n<td>Profondeur<\/td>\n<td>8.11 cm<\/td>\n<\/tr>\n<tr>\n<td>Poids<\/td>\n<td>11.4 kg<\/td>\n<\/tr>\n<tr>\n<td>Consommation d&#8217;\u00e9nergie annuelle<\/td>\n<td>103 kWh<\/td>\n<\/tr>\n<tr>\n<td>Plate-forme<\/td>\n<td>webOS 3.5<\/td>\n<\/tr>\n<tr>\n<td>Classe de diagonale<\/td>\n<td>123 cm (49&#8243;)<\/td>\n<\/tr>\n<tr>\n<td>Am\u00e9liorations d&#8217;image<\/td>\n<td>4K Upscaling<\/td>\n<\/tr>\n<tr>\n<td>Compatible HDR<\/td>\n<td>Oui<\/td>\n<\/tr>\n<tr>\n<td>Technologie HDR<\/td>\n<td>Hybrid Log-Gamma (HLG), HDR actif<\/td>\n<\/tr>\n<tr>\n<td>Classe \u00e9nerg\u00e9tique<\/td>\n<td>Classe A<\/td>\n<\/tr>\n<tr>\n<td>Pr\u00e9sence de syntonisateur TV<\/td>\n<td>Oui<\/td>\n<\/tr>\n<tr>\n<td>Nombre de ports HDMI<\/td>\n<td>3 ports<\/td>\n<\/tr>\n<tr>\n<td>Type de produit<\/td>\n<td>TV LCD avec r\u00e9tro\u00e9clairage par LED &#8211; Smart TV<\/td>\n<\/tr>\n<tr>\n<th colspan=\"2\">Affichage<\/th>\n<\/tr>\n<tr>\n<td>Technologie de r\u00e9tro\u00e9clairage LCD<\/td>\n<td>R\u00e9tro\u00e9clairage par LED<\/td>\n<\/tr>\n<tr>\n<td>R\u00e9solution<\/td>\n<td>3840 x 2160<\/td>\n<\/tr>\n<tr>\n<td>Format d&#8217;affichage<\/td>\n<td>4K UHD (2160p)<\/td>\n<\/tr>\n<tr>\n<td>Technologie d&#8217;affichage LCD<\/td>\n<td>IPS<\/td>\n<\/tr>\n<tr>\n<td>Fonctions suppl\u00e9mentaires<\/td>\n<td>Magic Zoom, Magic Mobile Connection<\/td>\n<\/tr>\n<tr>\n<td>Format de l&#8217;image<\/td>\n<td>16:9<\/td>\n<\/tr>\n<tr>\n<th colspan=\"2\">Connexions<\/th>\n<\/tr>\n<tr>\n<td>Type de connecteur<\/td>\n<td>Entr\u00e9e vid\u00e9o du composant<br \/>\n3 x HDMI<br \/>\n2 x USB 2.0<br \/>\nR\u00e9seau<br \/>\nSortie audio num\u00e9rique (optique)<\/td>\n<\/tr>\n<tr>\n<th colspan=\"2\">Tuner de t\u00e9l\u00e9vision<\/th>\n<\/tr>\n<tr>\n<td>Acc\u00e8s conditionnel<\/td>\n<td>Logement CI (Common Interface)<\/td>\n<\/tr>\n<tr>\n<th colspan=\"2\">Tuner TV num\u00e9rique<\/th>\n<\/tr>\n<tr>\n<td>Tuner TV num\u00e9rique<\/td>\n<td>DVB-C, DVB-S2, DVB-T2<\/td>\n<\/tr>\n<tr>\n<td>Profils et niveaux MPEG<\/td>\n<td>HEVC\/H.265<\/td>\n<\/tr>\n<tr>\n<td>Tuner TVHD<\/td>\n<td>Oui<\/td>\n<\/tr>\n<tr>\n<th colspan=\"2\">Lecteur multim\u00e9dia<\/th>\n<\/tr>\n<tr>\n<td>Port USB<\/td>\n<td>Oui<\/td>\n<\/tr>\n<tr>\n<td>Formats vid\u00e9o pris en charge<\/td>\n<td>HEVC, H.265, VP9<\/td>\n<\/tr>\n<tr>\n<td>Nombre de ports USB<\/td>\n<td>2<\/td>\n<\/tr>\n<tr>\n<th colspan=\"2\">Syst\u00e8me audio<\/th>\n<\/tr>\n<tr>\n<td>Syst\u00e8me de haut-parleurs<\/td>\n<td>2 haut-parleurs<\/td>\n<\/tr>\n<tr>\n<td>Alimentation en sortie \/ Total<\/td>\n<td>20 Watt<\/td>\n<\/tr>\n<tr>\n<td>Format audio num\u00e9rique<\/td>\n<td>Sortie num\u00e9rique DTS<\/td>\n<\/tr>\n<tr>\n<td>Haut-parleurs<\/td>\n<td>2 x haut-parleur &#8211; int\u00e9gr\u00e9 &#8211; 10 Watt<\/td>\n<\/tr>\n<tr>\n<td>Fonctions suppl\u00e9mentaires<\/td>\n<td>Wireless Sound Sync, Magic Sound Tuning<\/td>\n<\/tr>\n<tr>\n<th colspan=\"2\">Multim\u00e9dia r\u00e9seau et Internet<\/th>\n<\/tr>\n<tr>\n<td>Fonctionnalit\u00e9s<\/td>\n<td>Lecture audio num\u00e9rique, lecteur de photo num\u00e9rique, lecture vid\u00e9o num\u00e9rique, navigation WEB, lecture vid\u00e9o Internet<\/td>\n<\/tr>\n<tr>\n<td>Connectivit\u00e9<\/td>\n<td>Wi-Fi, LAN, Bluetooth<\/td>\n<\/tr>\n<tr>\n<td>DLNA<\/td>\n<td>Oui<\/td>\n<\/tr>\n<tr>\n<td>Connecter &amp; partager<\/td>\n<td>Intel Wireless Display (WiDi), Wi-Fi Miracast<\/td>\n<\/tr>\n<tr>\n<th colspan=\"2\">Alimentation<\/th>\n<\/tr>\n<tr>\n<td>P\u00e9riph\u00e9rique d&#8217;alimentation<\/td>\n<td>Alimentation \u00e9lectrique<\/td>\n<\/tr>\n<tr>\n<td>Consommation \u00e9lectrique en veille<\/td>\n<td>0.5 Watt<\/td>\n<\/tr>\n<\/tbody>\n<\/table>","protected":false},"featured_media":6754,"comment_status":"open","ping_status":"closed","template":"","meta":{"_acf_changed":false},"product_brand":[],"product_cat":[299,292],"product_tag":[],"class_list":{"0":"post-6724","1":"product","2":"type-product","3":"status-publish","4":"has-post-thumbnail","6":"product_cat-lg-tv","7":"product_cat-tvs","9":"first","10":"instock","11":"shipping-taxable","12":"purchasable","13":"product-type-simple"},"acf":[],"yoast_head":"<!-- This site is optimized with the Yoast SEO plugin v27.2 - https:\/\/yoast.com\/product\/yoast-seo-wordpress\/ -->\n<title>LG Classe 49&quot; TV LED Smart TV - Novak Market<\/title>\n<meta name=\"robots\" content=\"index, follow, max-snippet:-1, max-image-preview:large, max-video-preview:-1\" \/>\n<link rel=\"canonical\" href=\"https:\/\/novakmarket.com\/pt\/produto\/lg-classe-49-tv-led-smart-tv-2\/\" \/>\n<meta property=\"og:locale\" content=\"pt_PT\" \/>\n<meta property=\"og:type\" content=\"article\" \/>\n<meta property=\"og:title\" content=\"LG Classe 49&quot; TV LED Smart TV - Novak Market\" \/>\n<meta property=\"og:description\" content=\"Nom du produit LG 49UJ6307 Classe 49&quot; TV LED Smart TV webOS 4K UH  Cat\u00e9gorie T\u00e9l\u00e9viseur LED  G\u00e9n\u00e9ral  Type de Produit TV LCD avec r\u00e9tro\u00e9clairage par LED - Smart TV  Interface vid\u00e9o Composant, HDMI  Consommation \u00e9lectrique en mode marche 74 Watt  Dimensions Sans support  Largeur 111 cm  Hauteur 65 cm  Profondeur 8.11 cm  Poids 11.4 kg  Consommation d&#039;\u00e9nergie annuelle 103 kWh  Plate-forme webOS 3.5  Classe de diagonale 123 cm (49&quot;)  Am\u00e9liorations d&#039;image 4K Upscaling  Compatible HDR Oui  Technologie HDR Hybrid Log-Gamma (HLG), HDR actif  Classe \u00e9nerg\u00e9tique Classe A  Pr\u00e9sence de syntonisateur TV Oui  Nombre de ports HDMI 3 ports  Type de produit TV LCD avec r\u00e9tro\u00e9clairage par LED - Smart TV  Affichage  Technologie de r\u00e9tro\u00e9clairage LCD R\u00e9tro\u00e9clairage par LED  R\u00e9solution 3840 x 2160  Format d&#039;affichage 4K UHD (2160p)  Technologie d&#039;affichage LCD IPS  Fonctions suppl\u00e9mentaires Magic Zoom, Magic Mobile Connection  Format de l&#039;image 16:9  Connexions  Type de connecteur Entr\u00e9e vid\u00e9o du composant 3 x HDMI 2 x USB 2.0 R\u00e9seau Sortie audio num\u00e9rique (optique)  Tuner de t\u00e9l\u00e9vision  Acc\u00e8s conditionnel Logement CI (Common Interface)  Tuner TV num\u00e9rique  Tuner TV num\u00e9rique DVB-C, DVB-S2, DVB-T2  Profils et niveaux MPEG HEVC\/H.265  Tuner TVHD Oui  Lecteur multim\u00e9dia  Port USB Oui  Formats vid\u00e9o pris en charge HEVC, H.265, VP9  Nombre de ports USB 2  Syst\u00e8me audio  Syst\u00e8me de haut-parleurs 2 haut-parleurs  Alimentation en sortie \/ Total 20 Watt  Format audio num\u00e9rique Sortie num\u00e9rique DTS  Haut-parleurs 2 x haut-parleur - int\u00e9gr\u00e9 - 10 Watt  Fonctions suppl\u00e9mentaires Wireless Sound Sync, Magic Sound Tuning  Multim\u00e9dia r\u00e9seau et Internet  Fonctionnalit\u00e9s Lecture audio num\u00e9rique, lecteur de photo num\u00e9rique, lecture vid\u00e9o num\u00e9rique, navigation WEB, lecture vid\u00e9o Internet  Connectivit\u00e9 Wi-Fi, LAN, Bluetooth  DLNA Oui  Connecter &amp; partager Intel Wireless Display (WiDi), Wi-Fi Miracast  Alimentation  P\u00e9riph\u00e9rique d&#039;alimentation Alimentation \u00e9lectrique  Consommation \u00e9lectrique en veille 0.5 Watt\" \/>\n<meta property=\"og:url\" content=\"https:\/\/novakmarket.com\/pt\/produto\/lg-classe-49-tv-led-smart-tv-2\/\" \/>\n<meta property=\"og:site_name\" content=\"Novak Market\" \/>\n<meta property=\"article:modified_time\" content=\"2021-11-29T19:23:16+00:00\" \/>\n<meta property=\"og:image\" content=\"https:\/\/novakmarket.com\/wp-content\/uploads\/2021\/11\/LG1313.jpg\" \/>\n\t<meta property=\"og:image:width\" content=\"700\" \/>\n\t<meta property=\"og:image:height\" content=\"700\" \/>\n\t<meta property=\"og:image:type\" content=\"image\/jpeg\" \/>\n<meta name=\"twitter:card\" content=\"summary_large_image\" \/>\n<script type=\"application\/ld+json\" class=\"yoast-schema-graph\">{\"@context\":\"https:\/\/schema.org\",\"@graph\":[{\"@type\":\"WebPage\",\"@id\":\"https:\/\/novakmarket.com\/produit\/lg-classe-49-tv-led-smart-tv-2\/\",\"url\":\"https:\/\/novakmarket.com\/produit\/lg-classe-49-tv-led-smart-tv-2\/\",\"name\":\"LG Classe 49\\\" TV LED Smart TV - Novak Market\",\"isPartOf\":{\"@id\":\"https:\/\/novakmarket.com\/#website\"},\"primaryImageOfPage\":{\"@id\":\"https:\/\/novakmarket.com\/produit\/lg-classe-49-tv-led-smart-tv-2\/#primaryimage\"},\"image\":{\"@id\":\"https:\/\/novakmarket.com\/produit\/lg-classe-49-tv-led-smart-tv-2\/#primaryimage\"},\"thumbnailUrl\":\"https:\/\/novakmarket.com\/wp-content\/uploads\/2021\/11\/LG1313.jpg\",\"datePublished\":\"2021-11-29T19:22:56+00:00\",\"dateModified\":\"2021-11-29T19:23:16+00:00\",\"breadcrumb\":{\"@id\":\"https:\/\/novakmarket.com\/produit\/lg-classe-49-tv-led-smart-tv-2\/#breadcrumb\"},\"inLanguage\":\"pt-PT\",\"potentialAction\":[{\"@type\":\"ReadAction\",\"target\":[\"https:\/\/novakmarket.com\/produit\/lg-classe-49-tv-led-smart-tv-2\/\"]}]},{\"@type\":\"ImageObject\",\"inLanguage\":\"pt-PT\",\"@id\":\"https:\/\/novakmarket.com\/produit\/lg-classe-49-tv-led-smart-tv-2\/#primaryimage\",\"url\":\"https:\/\/novakmarket.com\/wp-content\/uploads\/2021\/11\/LG1313.jpg\",\"contentUrl\":\"https:\/\/novakmarket.com\/wp-content\/uploads\/2021\/11\/LG1313.jpg\",\"width\":700,\"height\":700},{\"@type\":\"BreadcrumbList\",\"@id\":\"https:\/\/novakmarket.com\/produit\/lg-classe-49-tv-led-smart-tv-2\/#breadcrumb\",\"itemListElement\":[{\"@type\":\"ListItem\",\"position\":1,\"name\":\"Accueil\",\"item\":\"https:\/\/novakmarket.com\/\"},{\"@type\":\"ListItem\",\"position\":2,\"name\":\"Boutique\",\"item\":\"https:\/\/novakmarket.com\/shop\/\"},{\"@type\":\"ListItem\",\"position\":3,\"name\":\"LG Classe 49&#8243; TV LED Smart TV\"}]},{\"@type\":\"WebSite\",\"@id\":\"https:\/\/novakmarket.com\/#website\",\"url\":\"https:\/\/novakmarket.com\/\",\"name\":\"Novak Market\",\"description\":\"Vente de produits \u00e9lectroniques.\",\"publisher\":{\"@id\":\"https:\/\/novakmarket.com\/#organization\"},\"potentialAction\":[{\"@type\":\"SearchAction\",\"target\":{\"@type\":\"EntryPoint\",\"urlTemplate\":\"https:\/\/novakmarket.com\/?s={search_term_string}\"},\"query-input\":{\"@type\":\"PropertyValueSpecification\",\"valueRequired\":true,\"valueName\":\"search_term_string\"}}],\"inLanguage\":\"pt-PT\"},{\"@type\":\"Organization\",\"@id\":\"https:\/\/novakmarket.com\/#organization\",\"name\":\"Novak Market\",\"url\":\"https:\/\/novakmarket.com\/\",\"logo\":{\"@type\":\"ImageObject\",\"inLanguage\":\"pt-PT\",\"@id\":\"https:\/\/novakmarket.com\/#\/schema\/logo\/image\/\",\"url\":\"https:\/\/novakmarket.com\/wp-content\/uploads\/2026\/02\/cropped-footer-pc-removebg-preview.png\",\"contentUrl\":\"https:\/\/novakmarket.com\/wp-content\/uploads\/2026\/02\/cropped-footer-pc-removebg-preview.png\",\"width\":202,\"height\":73,\"caption\":\"Novak Market\"},\"image\":{\"@id\":\"https:\/\/novakmarket.com\/#\/schema\/logo\/image\/\"}}]}<\/script>\n<!-- \/ Yoast SEO plugin. -->","yoast_head_json":{"title":"LG Classe 49\" TV LED Smart TV - Novak Market","robots":{"index":"index","follow":"follow","max-snippet":"max-snippet:-1","max-image-preview":"max-image-preview:large","max-video-preview":"max-video-preview:-1"},"canonical":"https:\/\/novakmarket.com\/pt\/produto\/lg-classe-49-tv-led-smart-tv-2\/","og_locale":"pt_PT","og_type":"article","og_title":"LG Classe 49\" TV LED Smart TV - Novak Market","og_description":"Nom du produit LG 49UJ6307 Classe 49\" TV LED Smart TV webOS 4K UH  Cat\u00e9gorie T\u00e9l\u00e9viseur LED  G\u00e9n\u00e9ral  Type de Produit TV LCD avec r\u00e9tro\u00e9clairage par LED - Smart TV  Interface vid\u00e9o Composant, HDMI  Consommation \u00e9lectrique en mode marche 74 Watt  Dimensions Sans support  Largeur 111 cm  Hauteur 65 cm  Profondeur 8.11 cm  Poids 11.4 kg  Consommation d'\u00e9nergie annuelle 103 kWh  Plate-forme webOS 3.5  Classe de diagonale 123 cm (49\")  Am\u00e9liorations d'image 4K Upscaling  Compatible HDR Oui  Technologie HDR Hybrid Log-Gamma (HLG), HDR actif  Classe \u00e9nerg\u00e9tique Classe A  Pr\u00e9sence de syntonisateur TV Oui  Nombre de ports HDMI 3 ports  Type de produit TV LCD avec r\u00e9tro\u00e9clairage par LED - Smart TV  Affichage  Technologie de r\u00e9tro\u00e9clairage LCD R\u00e9tro\u00e9clairage par LED  R\u00e9solution 3840 x 2160  Format d'affichage 4K UHD (2160p)  Technologie d'affichage LCD IPS  Fonctions suppl\u00e9mentaires Magic Zoom, Magic Mobile Connection  Format de l'image 16:9  Connexions  Type de connecteur Entr\u00e9e vid\u00e9o du composant 3 x HDMI 2 x USB 2.0 R\u00e9seau Sortie audio num\u00e9rique (optique)  Tuner de t\u00e9l\u00e9vision  Acc\u00e8s conditionnel Logement CI (Common Interface)  Tuner TV num\u00e9rique  Tuner TV num\u00e9rique DVB-C, DVB-S2, DVB-T2  Profils et niveaux MPEG HEVC\/H.265  Tuner TVHD Oui  Lecteur multim\u00e9dia  Port USB Oui  Formats vid\u00e9o pris en charge HEVC, H.265, VP9  Nombre de ports USB 2  Syst\u00e8me audio  Syst\u00e8me de haut-parleurs 2 haut-parleurs  Alimentation en sortie \/ Total 20 Watt  Format audio num\u00e9rique Sortie num\u00e9rique DTS  Haut-parleurs 2 x haut-parleur - int\u00e9gr\u00e9 - 10 Watt  Fonctions suppl\u00e9mentaires Wireless Sound Sync, Magic Sound Tuning  Multim\u00e9dia r\u00e9seau et Internet  Fonctionnalit\u00e9s Lecture audio num\u00e9rique, lecteur de photo num\u00e9rique, lecture vid\u00e9o num\u00e9rique, navigation WEB, lecture vid\u00e9o Internet  Connectivit\u00e9 Wi-Fi, LAN, Bluetooth  DLNA Oui  Connecter &amp; partager Intel Wireless Display (WiDi), Wi-Fi Miracast  Alimentation  P\u00e9riph\u00e9rique d'alimentation Alimentation \u00e9lectrique  Consommation \u00e9lectrique en veille 0.5 Watt","og_url":"https:\/\/novakmarket.com\/pt\/produto\/lg-classe-49-tv-led-smart-tv-2\/","og_site_name":"Novak Market","article_modified_time":"2021-11-29T19:23:16+00:00","og_image":[{"width":700,"height":700,"url":"https:\/\/novakmarket.com\/wp-content\/uploads\/2021\/11\/LG1313.jpg","type":"image\/jpeg"}],"twitter_card":"summary_large_image","schema":{"@context":"https:\/\/schema.org","@graph":[{"@type":"WebPage","@id":"https:\/\/novakmarket.com\/produit\/lg-classe-49-tv-led-smart-tv-2\/","url":"https:\/\/novakmarket.com\/produit\/lg-classe-49-tv-led-smart-tv-2\/","name":"LG Classe 49\" TV LED Smart TV - Novak Market","isPartOf":{"@id":"https:\/\/novakmarket.com\/#website"},"primaryImageOfPage":{"@id":"https:\/\/novakmarket.com\/produit\/lg-classe-49-tv-led-smart-tv-2\/#primaryimage"},"image":{"@id":"https:\/\/novakmarket.com\/produit\/lg-classe-49-tv-led-smart-tv-2\/#primaryimage"},"thumbnailUrl":"https:\/\/novakmarket.com\/wp-content\/uploads\/2021\/11\/LG1313.jpg","datePublished":"2021-11-29T19:22:56+00:00","dateModified":"2021-11-29T19:23:16+00:00","breadcrumb":{"@id":"https:\/\/novakmarket.com\/produit\/lg-classe-49-tv-led-smart-tv-2\/#breadcrumb"},"inLanguage":"pt-PT","potentialAction":[{"@type":"ReadAction","target":["https:\/\/novakmarket.com\/produit\/lg-classe-49-tv-led-smart-tv-2\/"]}]},{"@type":"ImageObject","inLanguage":"pt-PT","@id":"https:\/\/novakmarket.com\/produit\/lg-classe-49-tv-led-smart-tv-2\/#primaryimage","url":"https:\/\/novakmarket.com\/wp-content\/uploads\/2021\/11\/LG1313.jpg","contentUrl":"https:\/\/novakmarket.com\/wp-content\/uploads\/2021\/11\/LG1313.jpg","width":700,"height":700},{"@type":"BreadcrumbList","@id":"https:\/\/novakmarket.com\/produit\/lg-classe-49-tv-led-smart-tv-2\/#breadcrumb","itemListElement":[{"@type":"ListItem","position":1,"name":"Accueil","item":"https:\/\/novakmarket.com\/"},{"@type":"ListItem","position":2,"name":"Boutique","item":"https:\/\/novakmarket.com\/shop\/"},{"@type":"ListItem","position":3,"name":"LG Classe 49&#8243; TV LED Smart TV"}]},{"@type":"WebSite","@id":"https:\/\/novakmarket.com\/#website","url":"https:\/\/novakmarket.com\/","name":"Novak Market","description":"Vente de produits \u00e9lectroniques.","publisher":{"@id":"https:\/\/novakmarket.com\/#organization"},"potentialAction":[{"@type":"SearchAction","target":{"@type":"EntryPoint","urlTemplate":"https:\/\/novakmarket.com\/?s={search_term_string}"},"query-input":{"@type":"PropertyValueSpecification","valueRequired":true,"valueName":"search_term_string"}}],"inLanguage":"pt-PT"},{"@type":"Organization","@id":"https:\/\/novakmarket.com\/#organization","name":"Novak Market","url":"https:\/\/novakmarket.com\/","logo":{"@type":"ImageObject","inLanguage":"pt-PT","@id":"https:\/\/novakmarket.com\/#\/schema\/logo\/image\/","url":"https:\/\/novakmarket.com\/wp-content\/uploads\/2026\/02\/cropped-footer-pc-removebg-preview.png","contentUrl":"https:\/\/novakmarket.com\/wp-content\/uploads\/2026\/02\/cropped-footer-pc-removebg-preview.png","width":202,"height":73,"caption":"Novak Market"},"image":{"@id":"https:\/\/novakmarket.com\/#\/schema\/logo\/image\/"}}]}},"_links":{"self":[{"href":"https:\/\/novakmarket.com\/pt\/wp-json\/wp\/v2\/product\/6724","targetHints":{"allow":["GET"]}}],"collection":[{"href":"https:\/\/novakmarket.com\/pt\/wp-json\/wp\/v2\/product"}],"about":[{"href":"https:\/\/novakmarket.com\/pt\/wp-json\/wp\/v2\/types\/product"}],"replies":[{"embeddable":true,"href":"https:\/\/novakmarket.com\/pt\/wp-json\/wp\/v2\/comments?post=6724"}],"wp:featuredmedia":[{"embeddable":true,"href":"https:\/\/novakmarket.com\/pt\/wp-json\/wp\/v2\/media\/6754"}],"wp:attachment":[{"href":"https:\/\/novakmarket.com\/pt\/wp-json\/wp\/v2\/media?parent=6724"}],"wp:term":[{"taxonomy":"product_brand","embeddable":true,"href":"https:\/\/novakmarket.com\/pt\/wp-json\/wp\/v2\/product_brand?post=6724"},{"taxonomy":"product_cat","embeddable":true,"href":"https:\/\/novakmarket.com\/pt\/wp-json\/wp\/v2\/product_cat?post=6724"},{"taxonomy":"product_tag","embeddable":true,"href":"https:\/\/novakmarket.com\/pt\/wp-json\/wp\/v2\/product_tag?post=6724"}],"curies":[{"name":"wp","href":"https:\/\/api.w.org\/{rel}","templated":true}]}}