{"id":7473,"date":"2021-11-29T20:28:17","date_gmt":"2021-11-29T19:28:17","guid":{"rendered":"https:\/\/bestymarketshop.com\/?post_type=product&#038;p=7473"},"modified":"2021-12-01T13:16:09","modified_gmt":"2021-12-01T12:16:09","slug":"velo-de-biking-x-speeder","status":"publish","type":"product","link":"https:\/\/novakmarket.com\/pt\/produto\/velo-de-biking-x-speeder\/","title":{"rendered":"V\u00e9lo de Biking X Speeder"},"content":{"rendered":"<figure class=\"df-card__image\"><img decoding=\"async\" src=\"https:\/\/media.fitnessboutique.fr\/product_images\/MOOXSPEEDER_R1\/MOOXSPEEDER_R1_principale_m.jpg\" alt=\"V\u00e9lo de Biking X Speeder Reconditionn\u00e9 MOOVYOO\" \/><\/figure>\n<div class=\"df-card__content\">\n<div class=\"df-card__title\">V\u00e9lo de Biking X Speeder Reconditionn\u00e9 MOOVYOO<\/div>\n<div class=\"df-card__description\">Auto-aliment\u00e9, roue d&#8217;inertie de 18 kg, freinage magn\u00e9tique motoris\u00e9, compteur 7 fonctions, 19 programmes, selle et guidon r\u00e9glables, guidon triathlon, p\u00e9dales avec sangles et cale-pieds, porte-bidon.<\/div>\n<div class=\"df-card__pricing\"><\/div>\n<\/div>","protected":false},"excerpt":{"rendered":"<p>V\u00e9lo de Biking X Speeder Reconditionn\u00e9 MOOVYOO Auto-aliment\u00e9, roue d&#8217;inertie de 18 kg, freinage magn\u00e9tique motoris\u00e9, compteur 7 fonctions, 19 programmes, selle et guidon r\u00e9glables, guidon triathlon, p\u00e9dales avec sangles<\/p>","protected":false},"featured_media":7502,"comment_status":"open","ping_status":"closed","template":"","meta":{"_acf_changed":false},"product_brand":[],"product_cat":[313],"product_tag":[],"class_list":{"0":"post-7473","1":"product","2":"type-product","3":"status-publish","4":"has-post-thumbnail","6":"product_cat-velo-dappartement","8":"first","9":"instock","10":"sale","11":"shipping-taxable","12":"purchasable","13":"product-type-simple"},"acf":[],"yoast_head":"<!-- This site is optimized with the Yoast SEO plugin v27.2 - https:\/\/yoast.com\/product\/yoast-seo-wordpress\/ -->\n<title>V\u00e9lo de Biking X Speeder - Novak Market<\/title>\n<meta name=\"robots\" content=\"index, follow, max-snippet:-1, max-image-preview:large, max-video-preview:-1\" \/>\n<link rel=\"canonical\" href=\"https:\/\/novakmarket.com\/pt\/produto\/velo-de-biking-x-speeder\/\" \/>\n<meta property=\"og:locale\" content=\"pt_PT\" \/>\n<meta property=\"og:type\" content=\"article\" \/>\n<meta property=\"og:title\" content=\"V\u00e9lo de Biking X Speeder - Novak Market\" \/>\n<meta property=\"og:description\" content=\"V\u00e9lo de Biking X Speeder Reconditionn\u00e9 MOOVYOO Auto-aliment\u00e9, roue d&#8217;inertie de 18 kg, freinage magn\u00e9tique motoris\u00e9, compteur 7 fonctions, 19 programmes, selle et guidon r\u00e9glables, guidon triathlon, p\u00e9dales avec sangles\" \/>\n<meta property=\"og:url\" content=\"https:\/\/novakmarket.com\/pt\/produto\/velo-de-biking-x-speeder\/\" \/>\n<meta property=\"og:site_name\" content=\"Novak Market\" \/>\n<meta property=\"article:modified_time\" content=\"2021-12-01T12:16:09+00:00\" \/>\n<meta property=\"og:image\" content=\"https:\/\/novakmarket.com\/wp-content\/uploads\/2021\/11\/19-2.jpg\" \/>\n\t<meta property=\"og:image:width\" content=\"500\" \/>\n\t<meta property=\"og:image:height\" content=\"500\" \/>\n\t<meta property=\"og:image:type\" content=\"image\/jpeg\" \/>\n<meta name=\"twitter:card\" content=\"summary_large_image\" \/>\n<script type=\"application\/ld+json\" class=\"yoast-schema-graph\">{\"@context\":\"https:\/\/schema.org\",\"@graph\":[{\"@type\":\"WebPage\",\"@id\":\"https:\/\/novakmarket.com\/produit\/velo-de-biking-x-speeder\/\",\"url\":\"https:\/\/novakmarket.com\/produit\/velo-de-biking-x-speeder\/\",\"name\":\"V\u00e9lo de Biking X Speeder - Novak Market\",\"isPartOf\":{\"@id\":\"https:\/\/novakmarket.com\/#website\"},\"primaryImageOfPage\":{\"@id\":\"https:\/\/novakmarket.com\/produit\/velo-de-biking-x-speeder\/#primaryimage\"},\"image\":{\"@id\":\"https:\/\/novakmarket.com\/produit\/velo-de-biking-x-speeder\/#primaryimage\"},\"thumbnailUrl\":\"https:\/\/novakmarket.com\/wp-content\/uploads\/2021\/11\/19-2.jpg\",\"datePublished\":\"2021-11-29T19:28:17+00:00\",\"dateModified\":\"2021-12-01T12:16:09+00:00\",\"breadcrumb\":{\"@id\":\"https:\/\/novakmarket.com\/produit\/velo-de-biking-x-speeder\/#breadcrumb\"},\"inLanguage\":\"pt-PT\",\"potentialAction\":[{\"@type\":\"ReadAction\",\"target\":[\"https:\/\/novakmarket.com\/produit\/velo-de-biking-x-speeder\/\"]}]},{\"@type\":\"ImageObject\",\"inLanguage\":\"pt-PT\",\"@id\":\"https:\/\/novakmarket.com\/produit\/velo-de-biking-x-speeder\/#primaryimage\",\"url\":\"https:\/\/novakmarket.com\/wp-content\/uploads\/2021\/11\/19-2.jpg\",\"contentUrl\":\"https:\/\/novakmarket.com\/wp-content\/uploads\/2021\/11\/19-2.jpg\",\"width\":500,\"height\":500},{\"@type\":\"BreadcrumbList\",\"@id\":\"https:\/\/novakmarket.com\/produit\/velo-de-biking-x-speeder\/#breadcrumb\",\"itemListElement\":[{\"@type\":\"ListItem\",\"position\":1,\"name\":\"Accueil\",\"item\":\"https:\/\/novakmarket.com\/\"},{\"@type\":\"ListItem\",\"position\":2,\"name\":\"Boutique\",\"item\":\"https:\/\/novakmarket.com\/shop\/\"},{\"@type\":\"ListItem\",\"position\":3,\"name\":\"V\u00e9lo de Biking X Speeder\"}]},{\"@type\":\"WebSite\",\"@id\":\"https:\/\/novakmarket.com\/#website\",\"url\":\"https:\/\/novakmarket.com\/\",\"name\":\"Novak Market\",\"description\":\"Vente de produits \u00e9lectroniques.\",\"publisher\":{\"@id\":\"https:\/\/novakmarket.com\/#organization\"},\"potentialAction\":[{\"@type\":\"SearchAction\",\"target\":{\"@type\":\"EntryPoint\",\"urlTemplate\":\"https:\/\/novakmarket.com\/?s={search_term_string}\"},\"query-input\":{\"@type\":\"PropertyValueSpecification\",\"valueRequired\":true,\"valueName\":\"search_term_string\"}}],\"inLanguage\":\"pt-PT\"},{\"@type\":\"Organization\",\"@id\":\"https:\/\/novakmarket.com\/#organization\",\"name\":\"Novak Market\",\"url\":\"https:\/\/novakmarket.com\/\",\"logo\":{\"@type\":\"ImageObject\",\"inLanguage\":\"pt-PT\",\"@id\":\"https:\/\/novakmarket.com\/#\/schema\/logo\/image\/\",\"url\":\"https:\/\/novakmarket.com\/wp-content\/uploads\/2026\/02\/cropped-footer-pc-removebg-preview.png\",\"contentUrl\":\"https:\/\/novakmarket.com\/wp-content\/uploads\/2026\/02\/cropped-footer-pc-removebg-preview.png\",\"width\":202,\"height\":73,\"caption\":\"Novak Market\"},\"image\":{\"@id\":\"https:\/\/novakmarket.com\/#\/schema\/logo\/image\/\"}}]}<\/script>\n<!-- \/ Yoast SEO plugin. -->","yoast_head_json":{"title":"V\u00e9lo de Biking X Speeder - Novak Market","robots":{"index":"index","follow":"follow","max-snippet":"max-snippet:-1","max-image-preview":"max-image-preview:large","max-video-preview":"max-video-preview:-1"},"canonical":"https:\/\/novakmarket.com\/pt\/produto\/velo-de-biking-x-speeder\/","og_locale":"pt_PT","og_type":"article","og_title":"V\u00e9lo de Biking X Speeder - Novak Market","og_description":"V\u00e9lo de Biking X Speeder Reconditionn\u00e9 MOOVYOO Auto-aliment\u00e9, roue d&#8217;inertie de 18 kg, freinage magn\u00e9tique motoris\u00e9, compteur 7 fonctions, 19 programmes, selle et guidon r\u00e9glables, guidon triathlon, p\u00e9dales avec sangles","og_url":"https:\/\/novakmarket.com\/pt\/produto\/velo-de-biking-x-speeder\/","og_site_name":"Novak Market","article_modified_time":"2021-12-01T12:16:09+00:00","og_image":[{"width":500,"height":500,"url":"https:\/\/novakmarket.com\/wp-content\/uploads\/2021\/11\/19-2.jpg","type":"image\/jpeg"}],"twitter_card":"summary_large_image","schema":{"@context":"https:\/\/schema.org","@graph":[{"@type":"WebPage","@id":"https:\/\/novakmarket.com\/produit\/velo-de-biking-x-speeder\/","url":"https:\/\/novakmarket.com\/produit\/velo-de-biking-x-speeder\/","name":"V\u00e9lo de Biking X Speeder - Novak Market","isPartOf":{"@id":"https:\/\/novakmarket.com\/#website"},"primaryImageOfPage":{"@id":"https:\/\/novakmarket.com\/produit\/velo-de-biking-x-speeder\/#primaryimage"},"image":{"@id":"https:\/\/novakmarket.com\/produit\/velo-de-biking-x-speeder\/#primaryimage"},"thumbnailUrl":"https:\/\/novakmarket.com\/wp-content\/uploads\/2021\/11\/19-2.jpg","datePublished":"2021-11-29T19:28:17+00:00","dateModified":"2021-12-01T12:16:09+00:00","breadcrumb":{"@id":"https:\/\/novakmarket.com\/produit\/velo-de-biking-x-speeder\/#breadcrumb"},"inLanguage":"pt-PT","potentialAction":[{"@type":"ReadAction","target":["https:\/\/novakmarket.com\/produit\/velo-de-biking-x-speeder\/"]}]},{"@type":"ImageObject","inLanguage":"pt-PT","@id":"https:\/\/novakmarket.com\/produit\/velo-de-biking-x-speeder\/#primaryimage","url":"https:\/\/novakmarket.com\/wp-content\/uploads\/2021\/11\/19-2.jpg","contentUrl":"https:\/\/novakmarket.com\/wp-content\/uploads\/2021\/11\/19-2.jpg","width":500,"height":500},{"@type":"BreadcrumbList","@id":"https:\/\/novakmarket.com\/produit\/velo-de-biking-x-speeder\/#breadcrumb","itemListElement":[{"@type":"ListItem","position":1,"name":"Accueil","item":"https:\/\/novakmarket.com\/"},{"@type":"ListItem","position":2,"name":"Boutique","item":"https:\/\/novakmarket.com\/shop\/"},{"@type":"ListItem","position":3,"name":"V\u00e9lo de Biking X Speeder"}]},{"@type":"WebSite","@id":"https:\/\/novakmarket.com\/#website","url":"https:\/\/novakmarket.com\/","name":"Novak Market","description":"Vente de produits \u00e9lectroniques.","publisher":{"@id":"https:\/\/novakmarket.com\/#organization"},"potentialAction":[{"@type":"SearchAction","target":{"@type":"EntryPoint","urlTemplate":"https:\/\/novakmarket.com\/?s={search_term_string}"},"query-input":{"@type":"PropertyValueSpecification","valueRequired":true,"valueName":"search_term_string"}}],"inLanguage":"pt-PT"},{"@type":"Organization","@id":"https:\/\/novakmarket.com\/#organization","name":"Novak Market","url":"https:\/\/novakmarket.com\/","logo":{"@type":"ImageObject","inLanguage":"pt-PT","@id":"https:\/\/novakmarket.com\/#\/schema\/logo\/image\/","url":"https:\/\/novakmarket.com\/wp-content\/uploads\/2026\/02\/cropped-footer-pc-removebg-preview.png","contentUrl":"https:\/\/novakmarket.com\/wp-content\/uploads\/2026\/02\/cropped-footer-pc-removebg-preview.png","width":202,"height":73,"caption":"Novak Market"},"image":{"@id":"https:\/\/novakmarket.com\/#\/schema\/logo\/image\/"}}]}},"_links":{"self":[{"href":"https:\/\/novakmarket.com\/pt\/wp-json\/wp\/v2\/product\/7473","targetHints":{"allow":["GET"]}}],"collection":[{"href":"https:\/\/novakmarket.com\/pt\/wp-json\/wp\/v2\/product"}],"about":[{"href":"https:\/\/novakmarket.com\/pt\/wp-json\/wp\/v2\/types\/product"}],"replies":[{"embeddable":true,"href":"https:\/\/novakmarket.com\/pt\/wp-json\/wp\/v2\/comments?post=7473"}],"wp:featuredmedia":[{"embeddable":true,"href":"https:\/\/novakmarket.com\/pt\/wp-json\/wp\/v2\/media\/7502"}],"wp:attachment":[{"href":"https:\/\/novakmarket.com\/pt\/wp-json\/wp\/v2\/media?parent=7473"}],"wp:term":[{"taxonomy":"product_brand","embeddable":true,"href":"https:\/\/novakmarket.com\/pt\/wp-json\/wp\/v2\/product_brand?post=7473"},{"taxonomy":"product_cat","embeddable":true,"href":"https:\/\/novakmarket.com\/pt\/wp-json\/wp\/v2\/product_cat?post=7473"},{"taxonomy":"product_tag","embeddable":true,"href":"https:\/\/novakmarket.com\/pt\/wp-json\/wp\/v2\/product_tag?post=7473"}],"curies":[{"name":"wp","href":"https:\/\/api.w.org\/{rel}","templated":true}]}}