{"id":7475,"date":"2021-11-29T20:28:17","date_gmt":"2021-11-29T19:28:17","guid":{"rendered":"https:\/\/bestymarketshop.com\/?post_type=product&#038;p=7475"},"modified":"2021-12-01T13:15:21","modified_gmt":"2021-12-01T12:15:21","slug":"velo-de-biking-galibier-2","status":"publish","type":"product","link":"https:\/\/novakmarket.com\/pt\/produto\/velo-de-biking-galibier-2\/","title":{"rendered":"V\u00e9lo de Biking Galibier"},"content":{"rendered":"<figure class=\"df-card__image\"><img decoding=\"async\" src=\"https:\/\/media.fitnessboutique.fr\/product_images\/MOO02129\/MOO02129_principale_m.jpg\" alt=\"V\u00e9lo de Biking Galibier reconditionn\u00e9 MOOVYOO\" \/><\/figure>\n<div class=\"df-card__content\">\n<div class=\"df-card__title\">V\u00e9lo de Biking Galibier reconditionn\u00e9 MOOVYOO<\/div>\n<div class=\"df-card__description\">Stable et robuste, 32 niveaux de r\u00e9sistance, syst\u00e8me inertiel arri\u00e8re avec roue libre , roue d&#8217;inertie de 22 kg, 5 programmes, Bluetooth , prise de pulsations cardiaques par capteurs tactiles, port USB pour charger vos appareils \u00e9lectroniques.<\/div>\n<div class=\"df-card__pricing\"><\/div>\n<\/div>","protected":false},"excerpt":{"rendered":"<p>V\u00e9lo de Biking Galibier reconditionn\u00e9 MOOVYOO Stable et robuste, 32 niveaux de r\u00e9sistance, syst\u00e8me inertiel arri\u00e8re avec roue libre , roue d&#8217;inertie de 22 kg, 5 programmes, Bluetooth , prise<\/p>","protected":false},"featured_media":7504,"comment_status":"open","ping_status":"closed","template":"","meta":{"_acf_changed":false},"product_brand":[],"product_cat":[313],"product_tag":[],"class_list":{"0":"post-7475","1":"product","2":"type-product","3":"status-publish","4":"has-post-thumbnail","6":"product_cat-velo-dappartement","8":"first","9":"instock","10":"sale","11":"shipping-taxable","12":"purchasable","13":"product-type-simple"},"acf":[],"yoast_head":"<!-- This site is optimized with the Yoast SEO plugin v27.2 - https:\/\/yoast.com\/product\/yoast-seo-wordpress\/ -->\n<title>V\u00e9lo de Biking Galibier - Novak Market<\/title>\n<meta name=\"robots\" content=\"index, follow, max-snippet:-1, max-image-preview:large, max-video-preview:-1\" \/>\n<link rel=\"canonical\" href=\"https:\/\/novakmarket.com\/pt\/produto\/velo-de-biking-galibier-2\/\" \/>\n<meta property=\"og:locale\" content=\"pt_PT\" \/>\n<meta property=\"og:type\" content=\"article\" \/>\n<meta property=\"og:title\" content=\"V\u00e9lo de Biking Galibier - Novak Market\" \/>\n<meta property=\"og:description\" content=\"V\u00e9lo de Biking Galibier reconditionn\u00e9 MOOVYOO Stable et robuste, 32 niveaux de r\u00e9sistance, syst\u00e8me inertiel arri\u00e8re avec roue libre , roue d&#8217;inertie de 22 kg, 5 programmes, Bluetooth , prise\" \/>\n<meta property=\"og:url\" content=\"https:\/\/novakmarket.com\/pt\/produto\/velo-de-biking-galibier-2\/\" \/>\n<meta property=\"og:site_name\" content=\"Novak Market\" \/>\n<meta property=\"article:modified_time\" content=\"2021-12-01T12:15:21+00:00\" \/>\n<meta property=\"og:image\" content=\"https:\/\/novakmarket.com\/wp-content\/uploads\/2021\/11\/20-2.jpg\" \/>\n\t<meta property=\"og:image:width\" content=\"500\" \/>\n\t<meta property=\"og:image:height\" content=\"500\" \/>\n\t<meta property=\"og:image:type\" content=\"image\/jpeg\" \/>\n<meta name=\"twitter:card\" content=\"summary_large_image\" \/>\n<script type=\"application\/ld+json\" class=\"yoast-schema-graph\">{\"@context\":\"https:\/\/schema.org\",\"@graph\":[{\"@type\":\"WebPage\",\"@id\":\"https:\/\/novakmarket.com\/produit\/velo-de-biking-galibier-2\/\",\"url\":\"https:\/\/novakmarket.com\/produit\/velo-de-biking-galibier-2\/\",\"name\":\"V\u00e9lo de Biking Galibier - Novak Market\",\"isPartOf\":{\"@id\":\"https:\/\/novakmarket.com\/#website\"},\"primaryImageOfPage\":{\"@id\":\"https:\/\/novakmarket.com\/produit\/velo-de-biking-galibier-2\/#primaryimage\"},\"image\":{\"@id\":\"https:\/\/novakmarket.com\/produit\/velo-de-biking-galibier-2\/#primaryimage\"},\"thumbnailUrl\":\"https:\/\/novakmarket.com\/wp-content\/uploads\/2021\/11\/20-2.jpg\",\"datePublished\":\"2021-11-29T19:28:17+00:00\",\"dateModified\":\"2021-12-01T12:15:21+00:00\",\"breadcrumb\":{\"@id\":\"https:\/\/novakmarket.com\/produit\/velo-de-biking-galibier-2\/#breadcrumb\"},\"inLanguage\":\"pt-PT\",\"potentialAction\":[{\"@type\":\"ReadAction\",\"target\":[\"https:\/\/novakmarket.com\/produit\/velo-de-biking-galibier-2\/\"]}]},{\"@type\":\"ImageObject\",\"inLanguage\":\"pt-PT\",\"@id\":\"https:\/\/novakmarket.com\/produit\/velo-de-biking-galibier-2\/#primaryimage\",\"url\":\"https:\/\/novakmarket.com\/wp-content\/uploads\/2021\/11\/20-2.jpg\",\"contentUrl\":\"https:\/\/novakmarket.com\/wp-content\/uploads\/2021\/11\/20-2.jpg\",\"width\":500,\"height\":500},{\"@type\":\"BreadcrumbList\",\"@id\":\"https:\/\/novakmarket.com\/produit\/velo-de-biking-galibier-2\/#breadcrumb\",\"itemListElement\":[{\"@type\":\"ListItem\",\"position\":1,\"name\":\"Accueil\",\"item\":\"https:\/\/novakmarket.com\/\"},{\"@type\":\"ListItem\",\"position\":2,\"name\":\"Boutique\",\"item\":\"https:\/\/novakmarket.com\/shop\/\"},{\"@type\":\"ListItem\",\"position\":3,\"name\":\"V\u00e9lo de Biking Galibier\"}]},{\"@type\":\"WebSite\",\"@id\":\"https:\/\/novakmarket.com\/#website\",\"url\":\"https:\/\/novakmarket.com\/\",\"name\":\"Novak Market\",\"description\":\"Vente de produits \u00e9lectroniques.\",\"publisher\":{\"@id\":\"https:\/\/novakmarket.com\/#organization\"},\"potentialAction\":[{\"@type\":\"SearchAction\",\"target\":{\"@type\":\"EntryPoint\",\"urlTemplate\":\"https:\/\/novakmarket.com\/?s={search_term_string}\"},\"query-input\":{\"@type\":\"PropertyValueSpecification\",\"valueRequired\":true,\"valueName\":\"search_term_string\"}}],\"inLanguage\":\"pt-PT\"},{\"@type\":\"Organization\",\"@id\":\"https:\/\/novakmarket.com\/#organization\",\"name\":\"Novak Market\",\"url\":\"https:\/\/novakmarket.com\/\",\"logo\":{\"@type\":\"ImageObject\",\"inLanguage\":\"pt-PT\",\"@id\":\"https:\/\/novakmarket.com\/#\/schema\/logo\/image\/\",\"url\":\"https:\/\/novakmarket.com\/wp-content\/uploads\/2026\/02\/cropped-footer-pc-removebg-preview.png\",\"contentUrl\":\"https:\/\/novakmarket.com\/wp-content\/uploads\/2026\/02\/cropped-footer-pc-removebg-preview.png\",\"width\":202,\"height\":73,\"caption\":\"Novak Market\"},\"image\":{\"@id\":\"https:\/\/novakmarket.com\/#\/schema\/logo\/image\/\"}}]}<\/script>\n<!-- \/ Yoast SEO plugin. -->","yoast_head_json":{"title":"V\u00e9lo de Biking Galibier - Novak Market","robots":{"index":"index","follow":"follow","max-snippet":"max-snippet:-1","max-image-preview":"max-image-preview:large","max-video-preview":"max-video-preview:-1"},"canonical":"https:\/\/novakmarket.com\/pt\/produto\/velo-de-biking-galibier-2\/","og_locale":"pt_PT","og_type":"article","og_title":"V\u00e9lo de Biking Galibier - Novak Market","og_description":"V\u00e9lo de Biking Galibier reconditionn\u00e9 MOOVYOO Stable et robuste, 32 niveaux de r\u00e9sistance, syst\u00e8me inertiel arri\u00e8re avec roue libre , roue d&#8217;inertie de 22 kg, 5 programmes, Bluetooth , prise","og_url":"https:\/\/novakmarket.com\/pt\/produto\/velo-de-biking-galibier-2\/","og_site_name":"Novak Market","article_modified_time":"2021-12-01T12:15:21+00:00","og_image":[{"width":500,"height":500,"url":"https:\/\/novakmarket.com\/wp-content\/uploads\/2021\/11\/20-2.jpg","type":"image\/jpeg"}],"twitter_card":"summary_large_image","schema":{"@context":"https:\/\/schema.org","@graph":[{"@type":"WebPage","@id":"https:\/\/novakmarket.com\/produit\/velo-de-biking-galibier-2\/","url":"https:\/\/novakmarket.com\/produit\/velo-de-biking-galibier-2\/","name":"V\u00e9lo de Biking Galibier - Novak Market","isPartOf":{"@id":"https:\/\/novakmarket.com\/#website"},"primaryImageOfPage":{"@id":"https:\/\/novakmarket.com\/produit\/velo-de-biking-galibier-2\/#primaryimage"},"image":{"@id":"https:\/\/novakmarket.com\/produit\/velo-de-biking-galibier-2\/#primaryimage"},"thumbnailUrl":"https:\/\/novakmarket.com\/wp-content\/uploads\/2021\/11\/20-2.jpg","datePublished":"2021-11-29T19:28:17+00:00","dateModified":"2021-12-01T12:15:21+00:00","breadcrumb":{"@id":"https:\/\/novakmarket.com\/produit\/velo-de-biking-galibier-2\/#breadcrumb"},"inLanguage":"pt-PT","potentialAction":[{"@type":"ReadAction","target":["https:\/\/novakmarket.com\/produit\/velo-de-biking-galibier-2\/"]}]},{"@type":"ImageObject","inLanguage":"pt-PT","@id":"https:\/\/novakmarket.com\/produit\/velo-de-biking-galibier-2\/#primaryimage","url":"https:\/\/novakmarket.com\/wp-content\/uploads\/2021\/11\/20-2.jpg","contentUrl":"https:\/\/novakmarket.com\/wp-content\/uploads\/2021\/11\/20-2.jpg","width":500,"height":500},{"@type":"BreadcrumbList","@id":"https:\/\/novakmarket.com\/produit\/velo-de-biking-galibier-2\/#breadcrumb","itemListElement":[{"@type":"ListItem","position":1,"name":"Accueil","item":"https:\/\/novakmarket.com\/"},{"@type":"ListItem","position":2,"name":"Boutique","item":"https:\/\/novakmarket.com\/shop\/"},{"@type":"ListItem","position":3,"name":"V\u00e9lo de Biking Galibier"}]},{"@type":"WebSite","@id":"https:\/\/novakmarket.com\/#website","url":"https:\/\/novakmarket.com\/","name":"Novak Market","description":"Vente de produits \u00e9lectroniques.","publisher":{"@id":"https:\/\/novakmarket.com\/#organization"},"potentialAction":[{"@type":"SearchAction","target":{"@type":"EntryPoint","urlTemplate":"https:\/\/novakmarket.com\/?s={search_term_string}"},"query-input":{"@type":"PropertyValueSpecification","valueRequired":true,"valueName":"search_term_string"}}],"inLanguage":"pt-PT"},{"@type":"Organization","@id":"https:\/\/novakmarket.com\/#organization","name":"Novak Market","url":"https:\/\/novakmarket.com\/","logo":{"@type":"ImageObject","inLanguage":"pt-PT","@id":"https:\/\/novakmarket.com\/#\/schema\/logo\/image\/","url":"https:\/\/novakmarket.com\/wp-content\/uploads\/2026\/02\/cropped-footer-pc-removebg-preview.png","contentUrl":"https:\/\/novakmarket.com\/wp-content\/uploads\/2026\/02\/cropped-footer-pc-removebg-preview.png","width":202,"height":73,"caption":"Novak Market"},"image":{"@id":"https:\/\/novakmarket.com\/#\/schema\/logo\/image\/"}}]}},"_links":{"self":[{"href":"https:\/\/novakmarket.com\/pt\/wp-json\/wp\/v2\/product\/7475","targetHints":{"allow":["GET"]}}],"collection":[{"href":"https:\/\/novakmarket.com\/pt\/wp-json\/wp\/v2\/product"}],"about":[{"href":"https:\/\/novakmarket.com\/pt\/wp-json\/wp\/v2\/types\/product"}],"replies":[{"embeddable":true,"href":"https:\/\/novakmarket.com\/pt\/wp-json\/wp\/v2\/comments?post=7475"}],"wp:featuredmedia":[{"embeddable":true,"href":"https:\/\/novakmarket.com\/pt\/wp-json\/wp\/v2\/media\/7504"}],"wp:attachment":[{"href":"https:\/\/novakmarket.com\/pt\/wp-json\/wp\/v2\/media?parent=7475"}],"wp:term":[{"taxonomy":"product_brand","embeddable":true,"href":"https:\/\/novakmarket.com\/pt\/wp-json\/wp\/v2\/product_brand?post=7475"},{"taxonomy":"product_cat","embeddable":true,"href":"https:\/\/novakmarket.com\/pt\/wp-json\/wp\/v2\/product_cat?post=7475"},{"taxonomy":"product_tag","embeddable":true,"href":"https:\/\/novakmarket.com\/pt\/wp-json\/wp\/v2\/product_tag?post=7475"}],"curies":[{"name":"wp","href":"https:\/\/api.w.org\/{rel}","templated":true}]}}