{"id":7578,"date":"2021-11-29T20:28:47","date_gmt":"2021-11-29T19:28:47","guid":{"rendered":"https:\/\/bestymarketshop.com\/?post_type=product&#038;p=7578"},"modified":"2021-11-29T20:28:55","modified_gmt":"2021-11-29T19:28:55","slug":"wilier-cento10sl","status":"publish","type":"product","link":"https:\/\/novakmarket.com\/pt\/produto\/wilier-cento10sl\/","title":{"rendered":"Wilier Cento10SL"},"content":{"rendered":"<p><img loading=\"lazy\" decoding=\"async\" class=\"alignnone size-medium wp-image-15441\" src=\"https:\/\/megamarketshop.com\/wp-content\/uploads\/2021\/05\/5-23-300x167.jpg\" alt=\"\" width=\"300\" height=\"167\" \/><\/p>\n<h2 data-colname=\"de_headline1\">Plus d&#8217;innovation &#8211; int\u00e9gration compl\u00e8te<\/h2>\n<div data-colname=\"de_teaser\">\n<p>Cento10 SL est le v\u00e9lo de course a\u00e9rodynamique parfait pour les athl\u00e8tes comme vous qui veulent une vitesse maximale et un mode de transport \u00e9l\u00e9gant et propre \u00e0 un prix abordable. Le nouveau v\u00e9lo de Wilier vous donne la possibilit\u00e9 de choisir entre des vitesses m\u00e9caniques et \u00e9lectroniques et entre des freins \u00e0 disque et des freins conventionnels.<\/p>\n<\/div>","protected":false},"excerpt":{"rendered":"<p>Plus d&#8217;innovation &#8211; int\u00e9gration compl\u00e8te Cento10 SL est le v\u00e9lo de course a\u00e9rodynamique parfait pour les athl\u00e8tes comme vous qui veulent une vitesse maximale et un mode de transport \u00e9l\u00e9gant<\/p>","protected":false},"featured_media":7603,"comment_status":"open","ping_status":"closed","template":"","meta":{"_acf_changed":false},"product_brand":[],"product_cat":[315],"product_tag":[],"class_list":{"0":"post-7578","1":"product","2":"type-product","3":"status-publish","4":"has-post-thumbnail","6":"product_cat-velo-de-course","8":"first","9":"instock","10":"shipping-taxable","11":"purchasable","12":"product-type-simple"},"acf":[],"yoast_head":"<!-- This site is optimized with the Yoast SEO plugin v27.2 - https:\/\/yoast.com\/product\/yoast-seo-wordpress\/ -->\n<title>Wilier Cento10SL - Novak Market<\/title>\n<meta name=\"robots\" content=\"index, follow, max-snippet:-1, max-image-preview:large, max-video-preview:-1\" \/>\n<link rel=\"canonical\" href=\"https:\/\/novakmarket.com\/pt\/produto\/wilier-cento10sl\/\" \/>\n<meta property=\"og:locale\" content=\"pt_PT\" \/>\n<meta property=\"og:type\" content=\"article\" \/>\n<meta property=\"og:title\" content=\"Wilier Cento10SL - Novak Market\" \/>\n<meta property=\"og:description\" content=\"Plus d&#8217;innovation &#8211; int\u00e9gration compl\u00e8te Cento10 SL est le v\u00e9lo de course a\u00e9rodynamique parfait pour les athl\u00e8tes comme vous qui veulent une vitesse maximale et un mode de transport \u00e9l\u00e9gant\" \/>\n<meta property=\"og:url\" content=\"https:\/\/novakmarket.com\/pt\/produto\/wilier-cento10sl\/\" \/>\n<meta property=\"og:site_name\" content=\"Novak Market\" \/>\n<meta property=\"article:modified_time\" content=\"2021-11-29T19:28:55+00:00\" \/>\n<meta property=\"og:image\" content=\"https:\/\/novakmarket.com\/wp-content\/uploads\/2021\/11\/5-23.jpg\" \/>\n\t<meta property=\"og:image:width\" content=\"1024\" \/>\n\t<meta property=\"og:image:height\" content=\"570\" \/>\n\t<meta property=\"og:image:type\" content=\"image\/jpeg\" \/>\n<meta name=\"twitter:card\" content=\"summary_large_image\" \/>\n<script type=\"application\/ld+json\" class=\"yoast-schema-graph\">{\"@context\":\"https:\/\/schema.org\",\"@graph\":[{\"@type\":\"WebPage\",\"@id\":\"https:\/\/novakmarket.com\/produit\/wilier-cento10sl\/\",\"url\":\"https:\/\/novakmarket.com\/produit\/wilier-cento10sl\/\",\"name\":\"Wilier Cento10SL - Novak Market\",\"isPartOf\":{\"@id\":\"https:\/\/novakmarket.com\/#website\"},\"primaryImageOfPage\":{\"@id\":\"https:\/\/novakmarket.com\/produit\/wilier-cento10sl\/#primaryimage\"},\"image\":{\"@id\":\"https:\/\/novakmarket.com\/produit\/wilier-cento10sl\/#primaryimage\"},\"thumbnailUrl\":\"https:\/\/novakmarket.com\/wp-content\/uploads\/2021\/11\/5-23.jpg\",\"datePublished\":\"2021-11-29T19:28:47+00:00\",\"dateModified\":\"2021-11-29T19:28:55+00:00\",\"breadcrumb\":{\"@id\":\"https:\/\/novakmarket.com\/produit\/wilier-cento10sl\/#breadcrumb\"},\"inLanguage\":\"pt-PT\",\"potentialAction\":[{\"@type\":\"ReadAction\",\"target\":[\"https:\/\/novakmarket.com\/produit\/wilier-cento10sl\/\"]}]},{\"@type\":\"ImageObject\",\"inLanguage\":\"pt-PT\",\"@id\":\"https:\/\/novakmarket.com\/produit\/wilier-cento10sl\/#primaryimage\",\"url\":\"https:\/\/novakmarket.com\/wp-content\/uploads\/2021\/11\/5-23.jpg\",\"contentUrl\":\"https:\/\/novakmarket.com\/wp-content\/uploads\/2021\/11\/5-23.jpg\",\"width\":1024,\"height\":570},{\"@type\":\"BreadcrumbList\",\"@id\":\"https:\/\/novakmarket.com\/produit\/wilier-cento10sl\/#breadcrumb\",\"itemListElement\":[{\"@type\":\"ListItem\",\"position\":1,\"name\":\"Accueil\",\"item\":\"https:\/\/novakmarket.com\/\"},{\"@type\":\"ListItem\",\"position\":2,\"name\":\"Boutique\",\"item\":\"https:\/\/novakmarket.com\/shop\/\"},{\"@type\":\"ListItem\",\"position\":3,\"name\":\"Wilier Cento10SL\"}]},{\"@type\":\"WebSite\",\"@id\":\"https:\/\/novakmarket.com\/#website\",\"url\":\"https:\/\/novakmarket.com\/\",\"name\":\"Novak Market\",\"description\":\"Vente de produits \u00e9lectroniques.\",\"publisher\":{\"@id\":\"https:\/\/novakmarket.com\/#organization\"},\"potentialAction\":[{\"@type\":\"SearchAction\",\"target\":{\"@type\":\"EntryPoint\",\"urlTemplate\":\"https:\/\/novakmarket.com\/?s={search_term_string}\"},\"query-input\":{\"@type\":\"PropertyValueSpecification\",\"valueRequired\":true,\"valueName\":\"search_term_string\"}}],\"inLanguage\":\"pt-PT\"},{\"@type\":\"Organization\",\"@id\":\"https:\/\/novakmarket.com\/#organization\",\"name\":\"Novak Market\",\"url\":\"https:\/\/novakmarket.com\/\",\"logo\":{\"@type\":\"ImageObject\",\"inLanguage\":\"pt-PT\",\"@id\":\"https:\/\/novakmarket.com\/#\/schema\/logo\/image\/\",\"url\":\"https:\/\/novakmarket.com\/wp-content\/uploads\/2026\/02\/cropped-footer-pc-removebg-preview.png\",\"contentUrl\":\"https:\/\/novakmarket.com\/wp-content\/uploads\/2026\/02\/cropped-footer-pc-removebg-preview.png\",\"width\":202,\"height\":73,\"caption\":\"Novak Market\"},\"image\":{\"@id\":\"https:\/\/novakmarket.com\/#\/schema\/logo\/image\/\"}}]}<\/script>\n<!-- \/ Yoast SEO plugin. -->","yoast_head_json":{"title":"Wilier Cento10SL - Novak Market","robots":{"index":"index","follow":"follow","max-snippet":"max-snippet:-1","max-image-preview":"max-image-preview:large","max-video-preview":"max-video-preview:-1"},"canonical":"https:\/\/novakmarket.com\/pt\/produto\/wilier-cento10sl\/","og_locale":"pt_PT","og_type":"article","og_title":"Wilier Cento10SL - Novak Market","og_description":"Plus d&#8217;innovation &#8211; int\u00e9gration compl\u00e8te Cento10 SL est le v\u00e9lo de course a\u00e9rodynamique parfait pour les athl\u00e8tes comme vous qui veulent une vitesse maximale et un mode de transport \u00e9l\u00e9gant","og_url":"https:\/\/novakmarket.com\/pt\/produto\/wilier-cento10sl\/","og_site_name":"Novak Market","article_modified_time":"2021-11-29T19:28:55+00:00","og_image":[{"width":1024,"height":570,"url":"https:\/\/novakmarket.com\/wp-content\/uploads\/2021\/11\/5-23.jpg","type":"image\/jpeg"}],"twitter_card":"summary_large_image","schema":{"@context":"https:\/\/schema.org","@graph":[{"@type":"WebPage","@id":"https:\/\/novakmarket.com\/produit\/wilier-cento10sl\/","url":"https:\/\/novakmarket.com\/produit\/wilier-cento10sl\/","name":"Wilier Cento10SL - Novak Market","isPartOf":{"@id":"https:\/\/novakmarket.com\/#website"},"primaryImageOfPage":{"@id":"https:\/\/novakmarket.com\/produit\/wilier-cento10sl\/#primaryimage"},"image":{"@id":"https:\/\/novakmarket.com\/produit\/wilier-cento10sl\/#primaryimage"},"thumbnailUrl":"https:\/\/novakmarket.com\/wp-content\/uploads\/2021\/11\/5-23.jpg","datePublished":"2021-11-29T19:28:47+00:00","dateModified":"2021-11-29T19:28:55+00:00","breadcrumb":{"@id":"https:\/\/novakmarket.com\/produit\/wilier-cento10sl\/#breadcrumb"},"inLanguage":"pt-PT","potentialAction":[{"@type":"ReadAction","target":["https:\/\/novakmarket.com\/produit\/wilier-cento10sl\/"]}]},{"@type":"ImageObject","inLanguage":"pt-PT","@id":"https:\/\/novakmarket.com\/produit\/wilier-cento10sl\/#primaryimage","url":"https:\/\/novakmarket.com\/wp-content\/uploads\/2021\/11\/5-23.jpg","contentUrl":"https:\/\/novakmarket.com\/wp-content\/uploads\/2021\/11\/5-23.jpg","width":1024,"height":570},{"@type":"BreadcrumbList","@id":"https:\/\/novakmarket.com\/produit\/wilier-cento10sl\/#breadcrumb","itemListElement":[{"@type":"ListItem","position":1,"name":"Accueil","item":"https:\/\/novakmarket.com\/"},{"@type":"ListItem","position":2,"name":"Boutique","item":"https:\/\/novakmarket.com\/shop\/"},{"@type":"ListItem","position":3,"name":"Wilier Cento10SL"}]},{"@type":"WebSite","@id":"https:\/\/novakmarket.com\/#website","url":"https:\/\/novakmarket.com\/","name":"Novak Market","description":"Vente de produits \u00e9lectroniques.","publisher":{"@id":"https:\/\/novakmarket.com\/#organization"},"potentialAction":[{"@type":"SearchAction","target":{"@type":"EntryPoint","urlTemplate":"https:\/\/novakmarket.com\/?s={search_term_string}"},"query-input":{"@type":"PropertyValueSpecification","valueRequired":true,"valueName":"search_term_string"}}],"inLanguage":"pt-PT"},{"@type":"Organization","@id":"https:\/\/novakmarket.com\/#organization","name":"Novak Market","url":"https:\/\/novakmarket.com\/","logo":{"@type":"ImageObject","inLanguage":"pt-PT","@id":"https:\/\/novakmarket.com\/#\/schema\/logo\/image\/","url":"https:\/\/novakmarket.com\/wp-content\/uploads\/2026\/02\/cropped-footer-pc-removebg-preview.png","contentUrl":"https:\/\/novakmarket.com\/wp-content\/uploads\/2026\/02\/cropped-footer-pc-removebg-preview.png","width":202,"height":73,"caption":"Novak Market"},"image":{"@id":"https:\/\/novakmarket.com\/#\/schema\/logo\/image\/"}}]}},"_links":{"self":[{"href":"https:\/\/novakmarket.com\/pt\/wp-json\/wp\/v2\/product\/7578","targetHints":{"allow":["GET"]}}],"collection":[{"href":"https:\/\/novakmarket.com\/pt\/wp-json\/wp\/v2\/product"}],"about":[{"href":"https:\/\/novakmarket.com\/pt\/wp-json\/wp\/v2\/types\/product"}],"replies":[{"embeddable":true,"href":"https:\/\/novakmarket.com\/pt\/wp-json\/wp\/v2\/comments?post=7578"}],"wp:featuredmedia":[{"embeddable":true,"href":"https:\/\/novakmarket.com\/pt\/wp-json\/wp\/v2\/media\/7603"}],"wp:attachment":[{"href":"https:\/\/novakmarket.com\/pt\/wp-json\/wp\/v2\/media?parent=7578"}],"wp:term":[{"taxonomy":"product_brand","embeddable":true,"href":"https:\/\/novakmarket.com\/pt\/wp-json\/wp\/v2\/product_brand?post=7578"},{"taxonomy":"product_cat","embeddable":true,"href":"https:\/\/novakmarket.com\/pt\/wp-json\/wp\/v2\/product_cat?post=7578"},{"taxonomy":"product_tag","embeddable":true,"href":"https:\/\/novakmarket.com\/pt\/wp-json\/wp\/v2\/product_tag?post=7578"}],"curies":[{"name":"wp","href":"https:\/\/api.w.org\/{rel}","templated":true}]}}