{"id":7634,"date":"2021-11-29T20:29:05","date_gmt":"2021-11-29T19:29:05","guid":{"rendered":"https:\/\/bestymarketshop.com\/?post_type=product&#038;p=7634"},"modified":"2021-11-29T20:29:17","modified_gmt":"2021-11-29T19:29:17","slug":"superply-classic-14-12","status":"publish","type":"product","link":"https:\/\/novakmarket.com\/pt\/produto\/superply-classic-14-12\/","title":{"rendered":"Superply Classic 14\/12&#8243;"},"content":{"rendered":"<p><img loading=\"lazy\" decoding=\"async\" class=\"alignnone size-medium wp-image-15507\" src=\"https:\/\/megamarketshop.com\/wp-content\/uploads\/2021\/05\/12-14-300x167.jpg\" alt=\"\" width=\"300\" height=\"167\" \/><\/p>\n<h3>Points forts<\/h3>\n<div data-colname=\"de_highlights\">\n<ul>\n<li>De nombreuses options de couleurs int\u00e9ressantes<\/li>\n<li>Vario prend en charge possible<\/li>\n<li>G\u00e9om\u00e9trie \u00e9quilibr\u00e9e<\/li>\n<li>Lanao Kid AL<\/li>\n<li>Suntour XCT-JR 40 mm<\/li>\n<li>Tourn\u00e9e Shimano<\/li>\n<\/ul>\n<\/div>","protected":false},"excerpt":{"rendered":"<p>Points forts De nombreuses options de couleurs int\u00e9ressantes Vario prend en charge possible G\u00e9om\u00e9trie \u00e9quilibr\u00e9e Lanao Kid AL Suntour XCT-JR 40 mm Tourn\u00e9e Shimano<\/p>","protected":false},"featured_media":7656,"comment_status":"open","ping_status":"closed","template":"","meta":{"_acf_changed":false},"product_brand":[],"product_cat":[316],"product_tag":[],"class_list":{"0":"post-7634","1":"product","2":"type-product","3":"status-publish","4":"has-post-thumbnail","6":"product_cat-velo-electrique-pour-enfant","8":"first","9":"instock","10":"shipping-taxable","11":"purchasable","12":"product-type-simple"},"acf":[],"yoast_head":"<!-- This site is optimized with the Yoast SEO plugin v27.2 - https:\/\/yoast.com\/product\/yoast-seo-wordpress\/ -->\n<title>Superply Classic 14\/12&quot; - Novak Market<\/title>\n<meta name=\"robots\" content=\"index, follow, max-snippet:-1, max-image-preview:large, max-video-preview:-1\" \/>\n<link rel=\"canonical\" href=\"https:\/\/novakmarket.com\/pt\/produto\/superply-classic-14-12\/\" \/>\n<meta property=\"og:locale\" content=\"pt_PT\" \/>\n<meta property=\"og:type\" content=\"article\" \/>\n<meta property=\"og:title\" content=\"Superply Classic 14\/12&quot; - Novak Market\" \/>\n<meta property=\"og:description\" content=\"Points forts De nombreuses options de couleurs int\u00e9ressantes Vario prend en charge possible G\u00e9om\u00e9trie \u00e9quilibr\u00e9e Lanao Kid AL Suntour XCT-JR 40 mm Tourn\u00e9e Shimano\" \/>\n<meta property=\"og:url\" content=\"https:\/\/novakmarket.com\/pt\/produto\/superply-classic-14-12\/\" \/>\n<meta property=\"og:site_name\" content=\"Novak Market\" \/>\n<meta property=\"article:modified_time\" content=\"2021-11-29T19:29:17+00:00\" \/>\n<meta property=\"og:image\" content=\"https:\/\/novakmarket.com\/wp-content\/uploads\/2021\/11\/12-14.jpg\" \/>\n\t<meta property=\"og:image:width\" content=\"1024\" \/>\n\t<meta property=\"og:image:height\" content=\"570\" \/>\n\t<meta property=\"og:image:type\" content=\"image\/jpeg\" \/>\n<meta name=\"twitter:card\" content=\"summary_large_image\" \/>\n<script type=\"application\/ld+json\" class=\"yoast-schema-graph\">{\"@context\":\"https:\/\/schema.org\",\"@graph\":[{\"@type\":\"WebPage\",\"@id\":\"https:\/\/novakmarket.com\/produit\/superply-classic-14-12\/\",\"url\":\"https:\/\/novakmarket.com\/produit\/superply-classic-14-12\/\",\"name\":\"Superply Classic 14\/12\\\" - Novak Market\",\"isPartOf\":{\"@id\":\"https:\/\/novakmarket.com\/#website\"},\"primaryImageOfPage\":{\"@id\":\"https:\/\/novakmarket.com\/produit\/superply-classic-14-12\/#primaryimage\"},\"image\":{\"@id\":\"https:\/\/novakmarket.com\/produit\/superply-classic-14-12\/#primaryimage\"},\"thumbnailUrl\":\"https:\/\/novakmarket.com\/wp-content\/uploads\/2021\/11\/12-14.jpg\",\"datePublished\":\"2021-11-29T19:29:05+00:00\",\"dateModified\":\"2021-11-29T19:29:17+00:00\",\"breadcrumb\":{\"@id\":\"https:\/\/novakmarket.com\/produit\/superply-classic-14-12\/#breadcrumb\"},\"inLanguage\":\"pt-PT\",\"potentialAction\":[{\"@type\":\"ReadAction\",\"target\":[\"https:\/\/novakmarket.com\/produit\/superply-classic-14-12\/\"]}]},{\"@type\":\"ImageObject\",\"inLanguage\":\"pt-PT\",\"@id\":\"https:\/\/novakmarket.com\/produit\/superply-classic-14-12\/#primaryimage\",\"url\":\"https:\/\/novakmarket.com\/wp-content\/uploads\/2021\/11\/12-14.jpg\",\"contentUrl\":\"https:\/\/novakmarket.com\/wp-content\/uploads\/2021\/11\/12-14.jpg\",\"width\":1024,\"height\":570},{\"@type\":\"BreadcrumbList\",\"@id\":\"https:\/\/novakmarket.com\/produit\/superply-classic-14-12\/#breadcrumb\",\"itemListElement\":[{\"@type\":\"ListItem\",\"position\":1,\"name\":\"Accueil\",\"item\":\"https:\/\/novakmarket.com\/\"},{\"@type\":\"ListItem\",\"position\":2,\"name\":\"Boutique\",\"item\":\"https:\/\/novakmarket.com\/shop\/\"},{\"@type\":\"ListItem\",\"position\":3,\"name\":\"Superply Classic 14\/12&#8243;\"}]},{\"@type\":\"WebSite\",\"@id\":\"https:\/\/novakmarket.com\/#website\",\"url\":\"https:\/\/novakmarket.com\/\",\"name\":\"Novak Market\",\"description\":\"Vente de produits \u00e9lectroniques.\",\"publisher\":{\"@id\":\"https:\/\/novakmarket.com\/#organization\"},\"potentialAction\":[{\"@type\":\"SearchAction\",\"target\":{\"@type\":\"EntryPoint\",\"urlTemplate\":\"https:\/\/novakmarket.com\/?s={search_term_string}\"},\"query-input\":{\"@type\":\"PropertyValueSpecification\",\"valueRequired\":true,\"valueName\":\"search_term_string\"}}],\"inLanguage\":\"pt-PT\"},{\"@type\":\"Organization\",\"@id\":\"https:\/\/novakmarket.com\/#organization\",\"name\":\"Novak Market\",\"url\":\"https:\/\/novakmarket.com\/\",\"logo\":{\"@type\":\"ImageObject\",\"inLanguage\":\"pt-PT\",\"@id\":\"https:\/\/novakmarket.com\/#\/schema\/logo\/image\/\",\"url\":\"https:\/\/novakmarket.com\/wp-content\/uploads\/2026\/02\/cropped-footer-pc-removebg-preview.png\",\"contentUrl\":\"https:\/\/novakmarket.com\/wp-content\/uploads\/2026\/02\/cropped-footer-pc-removebg-preview.png\",\"width\":202,\"height\":73,\"caption\":\"Novak Market\"},\"image\":{\"@id\":\"https:\/\/novakmarket.com\/#\/schema\/logo\/image\/\"}}]}<\/script>\n<!-- \/ Yoast SEO plugin. -->","yoast_head_json":{"title":"Superply Classic 14\/12\" - Novak Market","robots":{"index":"index","follow":"follow","max-snippet":"max-snippet:-1","max-image-preview":"max-image-preview:large","max-video-preview":"max-video-preview:-1"},"canonical":"https:\/\/novakmarket.com\/pt\/produto\/superply-classic-14-12\/","og_locale":"pt_PT","og_type":"article","og_title":"Superply Classic 14\/12\" - Novak Market","og_description":"Points forts De nombreuses options de couleurs int\u00e9ressantes Vario prend en charge possible G\u00e9om\u00e9trie \u00e9quilibr\u00e9e Lanao Kid AL Suntour XCT-JR 40 mm Tourn\u00e9e Shimano","og_url":"https:\/\/novakmarket.com\/pt\/produto\/superply-classic-14-12\/","og_site_name":"Novak Market","article_modified_time":"2021-11-29T19:29:17+00:00","og_image":[{"width":1024,"height":570,"url":"https:\/\/novakmarket.com\/wp-content\/uploads\/2021\/11\/12-14.jpg","type":"image\/jpeg"}],"twitter_card":"summary_large_image","schema":{"@context":"https:\/\/schema.org","@graph":[{"@type":"WebPage","@id":"https:\/\/novakmarket.com\/produit\/superply-classic-14-12\/","url":"https:\/\/novakmarket.com\/produit\/superply-classic-14-12\/","name":"Superply Classic 14\/12\" - Novak Market","isPartOf":{"@id":"https:\/\/novakmarket.com\/#website"},"primaryImageOfPage":{"@id":"https:\/\/novakmarket.com\/produit\/superply-classic-14-12\/#primaryimage"},"image":{"@id":"https:\/\/novakmarket.com\/produit\/superply-classic-14-12\/#primaryimage"},"thumbnailUrl":"https:\/\/novakmarket.com\/wp-content\/uploads\/2021\/11\/12-14.jpg","datePublished":"2021-11-29T19:29:05+00:00","dateModified":"2021-11-29T19:29:17+00:00","breadcrumb":{"@id":"https:\/\/novakmarket.com\/produit\/superply-classic-14-12\/#breadcrumb"},"inLanguage":"pt-PT","potentialAction":[{"@type":"ReadAction","target":["https:\/\/novakmarket.com\/produit\/superply-classic-14-12\/"]}]},{"@type":"ImageObject","inLanguage":"pt-PT","@id":"https:\/\/novakmarket.com\/produit\/superply-classic-14-12\/#primaryimage","url":"https:\/\/novakmarket.com\/wp-content\/uploads\/2021\/11\/12-14.jpg","contentUrl":"https:\/\/novakmarket.com\/wp-content\/uploads\/2021\/11\/12-14.jpg","width":1024,"height":570},{"@type":"BreadcrumbList","@id":"https:\/\/novakmarket.com\/produit\/superply-classic-14-12\/#breadcrumb","itemListElement":[{"@type":"ListItem","position":1,"name":"Accueil","item":"https:\/\/novakmarket.com\/"},{"@type":"ListItem","position":2,"name":"Boutique","item":"https:\/\/novakmarket.com\/shop\/"},{"@type":"ListItem","position":3,"name":"Superply Classic 14\/12&#8243;"}]},{"@type":"WebSite","@id":"https:\/\/novakmarket.com\/#website","url":"https:\/\/novakmarket.com\/","name":"Novak Market","description":"Vente de produits \u00e9lectroniques.","publisher":{"@id":"https:\/\/novakmarket.com\/#organization"},"potentialAction":[{"@type":"SearchAction","target":{"@type":"EntryPoint","urlTemplate":"https:\/\/novakmarket.com\/?s={search_term_string}"},"query-input":{"@type":"PropertyValueSpecification","valueRequired":true,"valueName":"search_term_string"}}],"inLanguage":"pt-PT"},{"@type":"Organization","@id":"https:\/\/novakmarket.com\/#organization","name":"Novak Market","url":"https:\/\/novakmarket.com\/","logo":{"@type":"ImageObject","inLanguage":"pt-PT","@id":"https:\/\/novakmarket.com\/#\/schema\/logo\/image\/","url":"https:\/\/novakmarket.com\/wp-content\/uploads\/2026\/02\/cropped-footer-pc-removebg-preview.png","contentUrl":"https:\/\/novakmarket.com\/wp-content\/uploads\/2026\/02\/cropped-footer-pc-removebg-preview.png","width":202,"height":73,"caption":"Novak Market"},"image":{"@id":"https:\/\/novakmarket.com\/#\/schema\/logo\/image\/"}}]}},"_links":{"self":[{"href":"https:\/\/novakmarket.com\/pt\/wp-json\/wp\/v2\/product\/7634","targetHints":{"allow":["GET"]}}],"collection":[{"href":"https:\/\/novakmarket.com\/pt\/wp-json\/wp\/v2\/product"}],"about":[{"href":"https:\/\/novakmarket.com\/pt\/wp-json\/wp\/v2\/types\/product"}],"replies":[{"embeddable":true,"href":"https:\/\/novakmarket.com\/pt\/wp-json\/wp\/v2\/comments?post=7634"}],"wp:featuredmedia":[{"embeddable":true,"href":"https:\/\/novakmarket.com\/pt\/wp-json\/wp\/v2\/media\/7656"}],"wp:attachment":[{"href":"https:\/\/novakmarket.com\/pt\/wp-json\/wp\/v2\/media?parent=7634"}],"wp:term":[{"taxonomy":"product_brand","embeddable":true,"href":"https:\/\/novakmarket.com\/pt\/wp-json\/wp\/v2\/product_brand?post=7634"},{"taxonomy":"product_cat","embeddable":true,"href":"https:\/\/novakmarket.com\/pt\/wp-json\/wp\/v2\/product_cat?post=7634"},{"taxonomy":"product_tag","embeddable":true,"href":"https:\/\/novakmarket.com\/pt\/wp-json\/wp\/v2\/product_tag?post=7634"}],"curies":[{"name":"wp","href":"https:\/\/api.w.org\/{rel}","templated":true}]}}